{"id":141996,"date":"2022-12-23T12:01:17","date_gmt":"2023-05-03T13:41:00","guid":{"rendered":"https:\/\/landioustravel.com\/?post_type=product&#038;p=141996"},"modified":"2023-06-19T00:10:12","modified_gmt":"2023-06-18T22:10:12","slug":"gita-cavallo-mare-safaga","status":"publish","type":"product","link":"https:\/\/landioustravel.com\/it\/shop\/gita-cavallo-mare-safaga\/","title":{"rendered":"Gita a cavallo sul mare Safaga"},"content":{"rendered":"<p>Gita a cavallo sul mare Safaga \u00e8 un&#8217;esperienza fantastica per andare a cavallo in mare aperto a Safaga, in Egitto! Raccomandiamo il viaggio perch\u00e9 permette ai turisti di godersi una passeggiata a cavallo a Hurghada! Questa passeggiata a cavallo sar\u00e0 cos\u00ec professionale, poich\u00e9 inizia con una camminata rilassata, e poi; permette di entrare in mare facendo il bagno con queste simpatiche creature. Inoltre, puoi provare a trottare per eccitarti di pi\u00f9. Il viaggio \u00e8 una grande esperienza! \u00c8 uno dei servizi che presentiamo a Hurghada, Governatorato del Mar Rosso.<\/p>\n<h2>Punti salienti del viaggio a\u00a0cavallo sul mare Safaga<\/h2>\n<ul>\n<li>Esercitazione.<\/li>\n<li>Calma equitazione a una passeggiata.<\/li>\n<li>Bagno con cavalli in mare aperto.<\/li>\n<li>Inoltre, divertiti a trottare.<\/li>\n<\/ul>\n<h2>Programma della gita a cavallo<\/h2>\n<ul>\n<li>Il rappresentante di Landious Travel verr\u00e0 a prenderti dagli hotel di Safaga alle 15:00 circa.<\/li>\n<li>Dopo aver raccolto tutti i visitatori, l&#8217;autobus va alla scuderia. La strada per questa scuderia dura circa 20 minuti.<\/li>\n<li>Troverai i tuoi cavalli nella stalla. Sono quelli amabili! Non appena entri nella stalla, avrai un tutorial per un breve periodo.<\/li>\n<li>Dopo questo tutorial, dovrai prepararti per l&#8217;equitazione. Quindi, passeggi, a cavallo, per familiarizzare con il tutto. Una guida professionale ti accompagner\u00e0 durante il tutorial.<\/li>\n<li>Successivamente, puoi iniziare la tua avventura nuotando in mare sui cavalli posteriori.<\/li>\n<li>Il viaggio continua in modo che anche tu possa divertirti al trotto.<\/li>\n<li>Infine, ti riaccompagneremo al tuo hotel.<\/li>\n<li>Questo Gita a cavallo sul mare Safaga termina alle 19:00 circa.<\/li>\n<\/ul>\n<h2>Cosa include il prezzo dell&#8217;Escursione\u00a0a cavallo sul mare Safaga?<\/h2>\n<ul>\n<li>Esercitazione.<\/li>\n<li>Guida durante l&#8217;equitazione.<\/li>\n<li>Inoltre, trasferimento al porto e ritorno in hotel.<\/li>\n<\/ul>\n<h2>Cosa non include il programma Gita a cavallo sul mare Safaga?<\/h2>\n<ul>\n<li>Dvd video.<\/li>\n<li>Inoltre, il Photo CD.<\/li>\n<\/ul>\n<h2>Cosa portare con te durante il viaggio a cavallo?<\/h2>\n<ul>\n<li>Asciugamano.<\/li>\n<li>Inoltre, crema solare.<\/li>\n<\/ul>\n<h2>Prenotazione giorni di Gita a cavallo sul mare Safaga<\/h2>\n<ul>\n<li>Tutti i giorni dalle 15:00 alle 19:00.<\/li>\n<\/ul>\n","protected":false},"excerpt":{"rendered":"<p>Per chi ama il brivido dell&#8217;avventura, questa escursione a cavallo a Hurghada \u00e8 un&#8217;esperienza da non perdere. Combinando l&#8217;emozione di un incontro con la fauna selvatica con l&#8217;opportunit\u00e0 di esplorare le straordinarie meraviglie naturali di Safaga, questa avventura offre l&#8217;accesso a un terreno che richiederebbe molto tempo per essere esplorato a piedi. Dalla vasta area desertica al mare, puoi cavalcare attraverso tutto questo.<\/p>\n<p>Che tu sia un principiante o un pilota esperto, puoi goderti questa avventura con facilit\u00e0. Vengono forniti caschi e un istruttore \u00e8 a disposizione per istruirti e fornire assistenza se necessario. Puoi godere di una rara opportunit\u00e0 di cavalcare un cavallo egiziano nel mare e nel deserto, rendendolo un modo divertente e veloce per esplorare i luoghi naturali di Hughada.<\/p>\n<p>Non preoccuparti di perderti, poich\u00e9 un addestratore di cavalli si unir\u00e0 a te nell&#8217;avventura, assicurandoti un&#8217;esperienza sicura e divertente. E per gli amanti dei cavalli, questa escursione \u00e8 assolutamente da non perdere! Durante l&#8217;avventura a cavallo in mare a Safaga, puoi divertirti a cavalcare in mare aperto per due ore, fare una tranquilla passeggiata per una passeggiata o persino trottare. Potrai provare molte belle sensazioni e impressioni mentre fai il bagno con queste simpatiche creature.<\/p>\n<p>Il prezzo del viaggio include trasferimenti e tutorial, quindi puoi essere certo che tutto sar\u00e0 curato per te. Allora perch\u00e9 aspettare? Prenota oggi la tua avventura a cavallo a Safaga e vivi la bellezza della natura in un modo unico e indimenticabile!<\/p>\n","protected":false},"featured_media":141573,"comment_status":"open","ping_status":"closed","template":"","meta":{"_coblocks_attr":"","_coblocks_dimensions":"","_coblocks_responsive_height":"","_coblocks_accordion_ie_support":"","_uag_custom_page_level_css":"","jetpack_publicize_message":"","jetpack_publicize_feature_enabled":true,"jetpack_social_post_already_shared":true,"jetpack_social_options":{"image_generator_settings":{"template":"highway","default_image_id":0,"font":"","enabled":false},"version":2},"_wpas_customize_per_network":false},"product_brand":[],"product_cat":[23523,16905,23525],"product_tag":[1936,1644,22564],"class_list":{"0":"post-141996","1":"product","2":"type-product","3":"status-publish","4":"has-post-thumbnail","6":"product_cat-escursioni-basso-costo-safaga","7":"product_cat-escursioni-safaga","8":"product_cat-viaggi-intrattenimento-safaga","9":"product_tag-equitazione","10":"product_tag-escursione","11":"product_tag-mare","12":"pa_age-adulto","13":"pa_age-bambino-5-11-anni","15":"first","16":"instock","17":"sale","18":"taxable","19":"shipping-taxable","20":"purchasable","21":"product-type-variable"},"yoast_head":"<!-- This site is optimized with the Yoast SEO Premium plugin v26.9 (Yoast SEO v27.5) - https:\/\/yoast.com\/product\/yoast-seo-premium-wordpress\/ -->\n<title>Gita a cavallo sul mare Safaga<\/title>\n<meta name=\"description\" content=\"Gita a cavallo sul mare Safaga \u00c8 una fantastica avventura per gli amanti dei cavalli! Durante l&#039;escursione a cavallo in mare a Safaga, puoi divertirti a\" \/>\n<meta name=\"robots\" content=\"index, follow, max-snippet:-1, max-image-preview:large, max-video-preview:-1\" \/>\n<link rel=\"canonical\" href=\"https:\/\/landioustravel.com\/it\/shop\/gita-cavallo-mare-safaga\/\" \/>\n<meta property=\"og:locale\" content=\"it_IT\" \/>\n<meta property=\"og:type\" content=\"article\" \/>\n<meta property=\"og:title\" content=\"Gita a cavallo sul mare Safaga\" \/>\n<meta property=\"og:description\" content=\"Landious Travel\" \/>\n<meta property=\"og:url\" content=\"https:\/\/landioustravel.com\/it\/shop\/gita-cavallo-mare-safaga\/\" \/>\n<meta property=\"og:site_name\" content=\"Landious Travel\" \/>\n<meta property=\"article:publisher\" content=\"https:\/\/web.facebook.com\/landiousEgypt\" \/>\n<meta property=\"article:modified_time\" content=\"2023-06-18T22:10:12+00:00\" \/>\n<meta property=\"og:image\" content=\"https:\/\/i0.wp.com\/landioustravel.com\/wp-content\/uploads\/2022\/12\/Sea-Horse-Riding-Trip-Safaga-e1671789619535.jpg?fit=1200%2C675&ssl=1\" \/>\n\t<meta property=\"og:image:width\" content=\"1200\" \/>\n\t<meta property=\"og:image:height\" content=\"675\" \/>\n\t<meta property=\"og:image:type\" content=\"image\/jpeg\" \/>\n<meta name=\"twitter:card\" content=\"summary_large_image\" \/>\n<meta name=\"twitter:site\" content=\"@LandiousTours\" \/>\n<meta name=\"twitter:label1\" content=\"Tempo di lettura stimato\" \/>\n\t<meta name=\"twitter:data1\" content=\"2 minuti\" \/>\n<script type=\"application\/ld+json\" class=\"yoast-schema-graph\">{\"@context\":\"https:\\\/\\\/schema.org\",\"@graph\":[{\"@type\":\"WebPage\",\"@id\":\"https:\\\/\\\/landioustravel.com\\\/it\\\/shop\\\/gita-cavallo-mare-safaga\\\/\",\"url\":\"https:\\\/\\\/landioustravel.com\\\/it\\\/shop\\\/gita-cavallo-mare-safaga\\\/\",\"name\":\"Gita a cavallo sul mare Safaga\",\"isPartOf\":{\"@id\":\"https:\\\/\\\/landioustravel.com\\\/it\\\/#website\"},\"primaryImageOfPage\":{\"@id\":\"https:\\\/\\\/landioustravel.com\\\/it\\\/shop\\\/gita-cavallo-mare-safaga\\\/#primaryimage\"},\"image\":{\"@id\":\"https:\\\/\\\/landioustravel.com\\\/it\\\/shop\\\/gita-cavallo-mare-safaga\\\/#primaryimage\"},\"thumbnailUrl\":\"https:\\\/\\\/i0.wp.com\\\/landioustravel.com\\\/wp-content\\\/uploads\\\/2022\\\/12\\\/Sea-Horse-Riding-Trip-Safaga-e1671789619535.jpg?fit=1200%2C675&ssl=1\",\"datePublished\":\"2023-05-03T13:41:00+00:00\",\"dateModified\":\"2023-06-18T22:10:12+00:00\",\"description\":\"Gita a cavallo sul mare Safaga \u00c8 una fantastica avventura per gli amanti dei cavalli! Durante l'escursione a cavallo in mare a Safaga, puoi divertirti a\",\"breadcrumb\":{\"@id\":\"https:\\\/\\\/landioustravel.com\\\/it\\\/shop\\\/gita-cavallo-mare-safaga\\\/#breadcrumb\"},\"inLanguage\":\"it-IT\",\"potentialAction\":[{\"@type\":\"ReadAction\",\"target\":[\"https:\\\/\\\/landioustravel.com\\\/it\\\/shop\\\/gita-cavallo-mare-safaga\\\/\"]}]},{\"@type\":\"ImageObject\",\"inLanguage\":\"it-IT\",\"@id\":\"https:\\\/\\\/landioustravel.com\\\/it\\\/shop\\\/gita-cavallo-mare-safaga\\\/#primaryimage\",\"url\":\"https:\\\/\\\/i0.wp.com\\\/landioustravel.com\\\/wp-content\\\/uploads\\\/2022\\\/12\\\/Sea-Horse-Riding-Trip-Safaga-e1671789619535.jpg?fit=1200%2C675&ssl=1\",\"contentUrl\":\"https:\\\/\\\/i0.wp.com\\\/landioustravel.com\\\/wp-content\\\/uploads\\\/2022\\\/12\\\/Sea-Horse-Riding-Trip-Safaga-e1671789619535.jpg?fit=1200%2C675&ssl=1\",\"width\":1200,\"height\":675,\"caption\":\"Sea Horse Riding Trip Safaga\"},{\"@type\":\"BreadcrumbList\",\"@id\":\"https:\\\/\\\/landioustravel.com\\\/it\\\/shop\\\/gita-cavallo-mare-safaga\\\/#breadcrumb\",\"itemListElement\":[{\"@type\":\"ListItem\",\"position\":1,\"name\":\"Home\",\"item\":\"https:\\\/\\\/landioustravel.com\\\/it\\\/\"},{\"@type\":\"ListItem\",\"position\":2,\"name\":\"Tour in Egitto\",\"item\":\"https:\\\/\\\/landioustravel.com\\\/it\\\/\"},{\"@type\":\"ListItem\",\"position\":3,\"name\":\"Gita a cavallo sul mare Safaga\"}]},{\"@type\":\"WebSite\",\"@id\":\"https:\\\/\\\/landioustravel.com\\\/it\\\/#website\",\"url\":\"https:\\\/\\\/landioustravel.com\\\/it\\\/\",\"name\":\"Landious Travel\",\"description\":\"Excursions, trips and cruises in Egypt\",\"publisher\":{\"@id\":\"https:\\\/\\\/landioustravel.com\\\/it\\\/#organization\"},\"potentialAction\":[{\"@type\":\"SearchAction\",\"target\":{\"@type\":\"EntryPoint\",\"urlTemplate\":\"https:\\\/\\\/landioustravel.com\\\/it\\\/?s={search_term_string}\"},\"query-input\":{\"@type\":\"PropertyValueSpecification\",\"valueRequired\":true,\"valueName\":\"search_term_string\"}}],\"inLanguage\":\"it-IT\"},{\"@type\":[\"Organization\",\"Place\"],\"@id\":\"https:\\\/\\\/landioustravel.com\\\/it\\\/#organization\",\"name\":\"Landious Travel\",\"alternateName\":\"Landious Travel\",\"url\":\"https:\\\/\\\/landioustravel.com\\\/it\\\/\",\"logo\":{\"@id\":\"https:\\\/\\\/landioustravel.com\\\/it\\\/shop\\\/gita-cavallo-mare-safaga\\\/#local-main-organization-logo\"},\"image\":{\"@id\":\"https:\\\/\\\/landioustravel.com\\\/it\\\/shop\\\/gita-cavallo-mare-safaga\\\/#local-main-organization-logo\"},\"sameAs\":[\"https:\\\/\\\/web.facebook.com\\\/landiousEgypt\",\"https:\\\/\\\/x.com\\\/LandiousTours\",\"https:\\\/\\\/mastodon.social\\\/@landious\"],\"legalName\":\"Landious Travel\",\"telephone\":[],\"openingHoursSpecification\":[{\"@type\":\"OpeningHoursSpecification\",\"dayOfWeek\":[\"Monday\",\"Tuesday\",\"Wednesday\",\"Thursday\",\"Friday\",\"Saturday\",\"Sunday\"],\"opens\":\"09:00\",\"closes\":\"17:00\"}]},{\"@type\":\"ImageObject\",\"inLanguage\":\"it-IT\",\"@id\":\"https:\\\/\\\/landioustravel.com\\\/it\\\/shop\\\/gita-cavallo-mare-safaga\\\/#local-main-organization-logo\",\"url\":\"https:\\\/\\\/i0.wp.com\\\/landioustravel.com\\\/wp-content\\\/uploads\\\/2021\\\/06\\\/Landious-T.png?fit=500%2C500&ssl=1\",\"contentUrl\":\"https:\\\/\\\/i0.wp.com\\\/landioustravel.com\\\/wp-content\\\/uploads\\\/2021\\\/06\\\/Landious-T.png?fit=500%2C500&ssl=1\",\"width\":500,\"height\":500,\"caption\":\"Landious Travel\"}]}<\/script>\n<!-- \/ Yoast SEO Premium plugin. -->","yoast_head_json":{"title":"Gita a cavallo sul mare Safaga","description":"Gita a cavallo sul mare Safaga \u00c8 una fantastica avventura per gli amanti dei cavalli! Durante l'escursione a cavallo in mare a Safaga, puoi divertirti a","robots":{"index":"index","follow":"follow","max-snippet":"max-snippet:-1","max-image-preview":"max-image-preview:large","max-video-preview":"max-video-preview:-1"},"canonical":"https:\/\/landioustravel.com\/it\/shop\/gita-cavallo-mare-safaga\/","og_locale":"it_IT","og_type":"article","og_title":"Gita a cavallo sul mare Safaga","og_description":"Landious Travel","og_url":"https:\/\/landioustravel.com\/it\/shop\/gita-cavallo-mare-safaga\/","og_site_name":"Landious Travel","article_publisher":"https:\/\/web.facebook.com\/landiousEgypt","article_modified_time":"2023-06-18T22:10:12+00:00","og_image":[{"width":1200,"height":675,"url":"https:\/\/i0.wp.com\/landioustravel.com\/wp-content\/uploads\/2022\/12\/Sea-Horse-Riding-Trip-Safaga-e1671789619535.jpg?fit=1200%2C675&ssl=1","type":"image\/jpeg"}],"twitter_card":"summary_large_image","twitter_site":"@LandiousTours","twitter_misc":{"Tempo di lettura stimato":"2 minuti"},"schema":{"@context":"https:\/\/schema.org","@graph":[{"@type":"WebPage","@id":"https:\/\/landioustravel.com\/it\/shop\/gita-cavallo-mare-safaga\/","url":"https:\/\/landioustravel.com\/it\/shop\/gita-cavallo-mare-safaga\/","name":"Gita a cavallo sul mare Safaga","isPartOf":{"@id":"https:\/\/landioustravel.com\/it\/#website"},"primaryImageOfPage":{"@id":"https:\/\/landioustravel.com\/it\/shop\/gita-cavallo-mare-safaga\/#primaryimage"},"image":{"@id":"https:\/\/landioustravel.com\/it\/shop\/gita-cavallo-mare-safaga\/#primaryimage"},"thumbnailUrl":"https:\/\/i0.wp.com\/landioustravel.com\/wp-content\/uploads\/2022\/12\/Sea-Horse-Riding-Trip-Safaga-e1671789619535.jpg?fit=1200%2C675&ssl=1","datePublished":"2023-05-03T13:41:00+00:00","dateModified":"2023-06-18T22:10:12+00:00","description":"Gita a cavallo sul mare Safaga \u00c8 una fantastica avventura per gli amanti dei cavalli! Durante l'escursione a cavallo in mare a Safaga, puoi divertirti a","breadcrumb":{"@id":"https:\/\/landioustravel.com\/it\/shop\/gita-cavallo-mare-safaga\/#breadcrumb"},"inLanguage":"it-IT","potentialAction":[{"@type":"ReadAction","target":["https:\/\/landioustravel.com\/it\/shop\/gita-cavallo-mare-safaga\/"]}]},{"@type":"ImageObject","inLanguage":"it-IT","@id":"https:\/\/landioustravel.com\/it\/shop\/gita-cavallo-mare-safaga\/#primaryimage","url":"https:\/\/i0.wp.com\/landioustravel.com\/wp-content\/uploads\/2022\/12\/Sea-Horse-Riding-Trip-Safaga-e1671789619535.jpg?fit=1200%2C675&ssl=1","contentUrl":"https:\/\/i0.wp.com\/landioustravel.com\/wp-content\/uploads\/2022\/12\/Sea-Horse-Riding-Trip-Safaga-e1671789619535.jpg?fit=1200%2C675&ssl=1","width":1200,"height":675,"caption":"Sea Horse Riding Trip Safaga"},{"@type":"BreadcrumbList","@id":"https:\/\/landioustravel.com\/it\/shop\/gita-cavallo-mare-safaga\/#breadcrumb","itemListElement":[{"@type":"ListItem","position":1,"name":"Home","item":"https:\/\/landioustravel.com\/it\/"},{"@type":"ListItem","position":2,"name":"Tour in Egitto","item":"https:\/\/landioustravel.com\/it\/"},{"@type":"ListItem","position":3,"name":"Gita a cavallo sul mare Safaga"}]},{"@type":"WebSite","@id":"https:\/\/landioustravel.com\/it\/#website","url":"https:\/\/landioustravel.com\/it\/","name":"Landious Travel","description":"Excursions, trips and cruises in Egypt","publisher":{"@id":"https:\/\/landioustravel.com\/it\/#organization"},"potentialAction":[{"@type":"SearchAction","target":{"@type":"EntryPoint","urlTemplate":"https:\/\/landioustravel.com\/it\/?s={search_term_string}"},"query-input":{"@type":"PropertyValueSpecification","valueRequired":true,"valueName":"search_term_string"}}],"inLanguage":"it-IT"},{"@type":["Organization","Place"],"@id":"https:\/\/landioustravel.com\/it\/#organization","name":"Landious Travel","alternateName":"Landious Travel","url":"https:\/\/landioustravel.com\/it\/","logo":{"@id":"https:\/\/landioustravel.com\/it\/shop\/gita-cavallo-mare-safaga\/#local-main-organization-logo"},"image":{"@id":"https:\/\/landioustravel.com\/it\/shop\/gita-cavallo-mare-safaga\/#local-main-organization-logo"},"sameAs":["https:\/\/web.facebook.com\/landiousEgypt","https:\/\/x.com\/LandiousTours","https:\/\/mastodon.social\/@landious"],"legalName":"Landious Travel","telephone":[],"openingHoursSpecification":[{"@type":"OpeningHoursSpecification","dayOfWeek":["Monday","Tuesday","Wednesday","Thursday","Friday","Saturday","Sunday"],"opens":"09:00","closes":"17:00"}]},{"@type":"ImageObject","inLanguage":"it-IT","@id":"https:\/\/landioustravel.com\/it\/shop\/gita-cavallo-mare-safaga\/#local-main-organization-logo","url":"https:\/\/i0.wp.com\/landioustravel.com\/wp-content\/uploads\/2021\/06\/Landious-T.png?fit=500%2C500&ssl=1","contentUrl":"https:\/\/i0.wp.com\/landioustravel.com\/wp-content\/uploads\/2021\/06\/Landious-T.png?fit=500%2C500&ssl=1","width":500,"height":500,"caption":"Landious Travel"}]}},"jetpack_publicize_connections":[],"uagb_featured_image_src":{"full":["https:\/\/i0.wp.com\/landioustravel.com\/wp-content\/uploads\/2022\/12\/Sea-Horse-Riding-Trip-Safaga-e1671789619535.jpg?fit=1200%2C675&ssl=1",1200,675,false],"thumbnail":["https:\/\/i0.wp.com\/landioustravel.com\/wp-content\/uploads\/2022\/12\/Sea-Horse-Riding-Trip-Safaga-e1671789619535.jpg?resize=150%2C150&ssl=1",150,150,true],"medium":["https:\/\/i0.wp.com\/landioustravel.com\/wp-content\/uploads\/2022\/12\/Sea-Horse-Riding-Trip-Safaga-e1671789619535.jpg?fit=300%2C169&ssl=1",300,169,true],"medium_large":["https:\/\/i0.wp.com\/landioustravel.com\/wp-content\/uploads\/2022\/12\/Sea-Horse-Riding-Trip-Safaga-e1671789619535.jpg?fit=768%2C432&ssl=1",768,432,true],"large":["https:\/\/i0.wp.com\/landioustravel.com\/wp-content\/uploads\/2022\/12\/Sea-Horse-Riding-Trip-Safaga-e1671789619535.jpg?fit=980%2C551&ssl=1",980,551,true],"1536x1536":["https:\/\/i0.wp.com\/landioustravel.com\/wp-content\/uploads\/2022\/12\/Sea-Horse-Riding-Trip-Safaga-e1671789619535.jpg?fit=1200%2C675&ssl=1",1200,675,true],"2048x2048":["https:\/\/i0.wp.com\/landioustravel.com\/wp-content\/uploads\/2022\/12\/Sea-Horse-Riding-Trip-Safaga-e1671789619535.jpg?fit=1200%2C675&ssl=1",1200,675,true],"newspack-article-block-landscape-large":["https:\/\/i0.wp.com\/landioustravel.com\/wp-content\/uploads\/2022\/12\/Sea-Horse-Riding-Trip-Safaga-e1671789619535.jpg?resize=1200%2C675&ssl=1",1200,675,true],"newspack-article-block-portrait-large":["https:\/\/i0.wp.com\/landioustravel.com\/wp-content\/uploads\/2022\/12\/Sea-Horse-Riding-Trip-Safaga-e1671789619535.jpg?resize=900%2C675&ssl=1",900,675,true],"newspack-article-block-square-large":["https:\/\/i0.wp.com\/landioustravel.com\/wp-content\/uploads\/2022\/12\/Sea-Horse-Riding-Trip-Safaga-e1671789619535.jpg?resize=1200%2C675&ssl=1",1200,675,true],"newspack-article-block-landscape-medium":["https:\/\/i0.wp.com\/landioustravel.com\/wp-content\/uploads\/2022\/12\/Sea-Horse-Riding-Trip-Safaga-e1671789619535.jpg?resize=800%2C600&ssl=1",800,600,true],"newspack-article-block-portrait-medium":["https:\/\/i0.wp.com\/landioustravel.com\/wp-content\/uploads\/2022\/12\/Sea-Horse-Riding-Trip-Safaga-e1671789619535.jpg?resize=600%2C675&ssl=1",600,675,true],"newspack-article-block-square-medium":["https:\/\/i0.wp.com\/landioustravel.com\/wp-content\/uploads\/2022\/12\/Sea-Horse-Riding-Trip-Safaga-e1671789619535.jpg?resize=800%2C675&ssl=1",800,675,true],"newspack-article-block-landscape-intermediate":["https:\/\/i0.wp.com\/landioustravel.com\/wp-content\/uploads\/2022\/12\/Sea-Horse-Riding-Trip-Safaga-e1671789619535.jpg?resize=600%2C450&ssl=1",600,450,true],"newspack-article-block-portrait-intermediate":["https:\/\/i0.wp.com\/landioustravel.com\/wp-content\/uploads\/2022\/12\/Sea-Horse-Riding-Trip-Safaga-e1671789619535.jpg?resize=450%2C600&ssl=1",450,600,true],"newspack-article-block-square-intermediate":["https:\/\/i0.wp.com\/landioustravel.com\/wp-content\/uploads\/2022\/12\/Sea-Horse-Riding-Trip-Safaga-e1671789619535.jpg?resize=600%2C600&ssl=1",600,600,true],"newspack-article-block-landscape-small":["https:\/\/i0.wp.com\/landioustravel.com\/wp-content\/uploads\/2022\/12\/Sea-Horse-Riding-Trip-Safaga-e1671789619535.jpg?resize=400%2C300&ssl=1",400,300,true],"newspack-article-block-portrait-small":["https:\/\/i0.wp.com\/landioustravel.com\/wp-content\/uploads\/2022\/12\/Sea-Horse-Riding-Trip-Safaga-e1671789619535.jpg?resize=300%2C400&ssl=1",300,400,true],"newspack-article-block-square-small":["https:\/\/i0.wp.com\/landioustravel.com\/wp-content\/uploads\/2022\/12\/Sea-Horse-Riding-Trip-Safaga-e1671789619535.jpg?resize=400%2C400&ssl=1",400,400,true],"newspack-article-block-landscape-tiny":["https:\/\/i0.wp.com\/landioustravel.com\/wp-content\/uploads\/2022\/12\/Sea-Horse-Riding-Trip-Safaga-e1671789619535.jpg?resize=200%2C150&ssl=1",200,150,true],"newspack-article-block-portrait-tiny":["https:\/\/i0.wp.com\/landioustravel.com\/wp-content\/uploads\/2022\/12\/Sea-Horse-Riding-Trip-Safaga-e1671789619535.jpg?resize=150%2C200&ssl=1",150,200,true],"newspack-article-block-square-tiny":["https:\/\/i0.wp.com\/landioustravel.com\/wp-content\/uploads\/2022\/12\/Sea-Horse-Riding-Trip-Safaga-e1671789619535.jpg?resize=200%2C200&ssl=1",200,200,true],"newspack-article-block-uncropped":["https:\/\/i0.wp.com\/landioustravel.com\/wp-content\/uploads\/2022\/12\/Sea-Horse-Riding-Trip-Safaga-e1671789619535.jpg?fit=1200%2C675&ssl=1",1200,675,true],"woocommerce_thumbnail":["https:\/\/i0.wp.com\/landioustravel.com\/wp-content\/uploads\/2022\/12\/Sea-Horse-Riding-Trip-Safaga-e1671789619535.jpg?resize=324%2C324&ssl=1",324,324,true],"woocommerce_single":["https:\/\/i0.wp.com\/landioustravel.com\/wp-content\/uploads\/2022\/12\/Sea-Horse-Riding-Trip-Safaga-e1671789619535.jpg?fit=416%2C234&ssl=1",416,234,true],"woocommerce_gallery_thumbnail":["https:\/\/i0.wp.com\/landioustravel.com\/wp-content\/uploads\/2022\/12\/Sea-Horse-Riding-Trip-Safaga-e1671789619535.jpg?resize=100%2C100&ssl=1",100,100,true]},"uagb_author_info":{"display_name":"Mofreh Landious","author_link":"https:\/\/landioustravel.com\/it\/author\/"},"uagb_comment_info":0,"uagb_excerpt":"Per chi ama il brivido dell'avventura, questa escursione a cavallo a Hurghada \u00e8 un'esperienza da non perdere. Combinando l'emozione di un incontro con la fauna selvatica con l'opportunit\u00e0 di esplorare le straordinarie meraviglie naturali di Safaga, questa avventura offre l'accesso a un terreno che richiederebbe molto tempo per essere esplorato a piedi. Dalla vasta area&hellip;","jetpack_sharing_enabled":true,"jetpack_likes_enabled":true,"amp_enabled":true,"_links":{"self":[{"href":"https:\/\/landioustravel.com\/it\/wp-json\/wp\/v2\/product\/141996","targetHints":{"allow":["GET"]}}],"collection":[{"href":"https:\/\/landioustravel.com\/it\/wp-json\/wp\/v2\/product"}],"about":[{"href":"https:\/\/landioustravel.com\/it\/wp-json\/wp\/v2\/types\/product"}],"replies":[{"embeddable":true,"href":"https:\/\/landioustravel.com\/it\/wp-json\/wp\/v2\/comments?post=141996"}],"wp:featuredmedia":[{"embeddable":true,"href":"https:\/\/landioustravel.com\/it\/wp-json\/wp\/v2\/media\/141573"}],"wp:attachment":[{"href":"https:\/\/landioustravel.com\/it\/wp-json\/wp\/v2\/media?parent=141996"}],"wp:term":[{"taxonomy":"product_brand","embeddable":true,"href":"https:\/\/landioustravel.com\/it\/wp-json\/wp\/v2\/product_brand?post=141996"},{"taxonomy":"product_cat","embeddable":true,"href":"https:\/\/landioustravel.com\/it\/wp-json\/wp\/v2\/product_cat?post=141996"},{"taxonomy":"product_tag","embeddable":true,"href":"https:\/\/landioustravel.com\/it\/wp-json\/wp\/v2\/product_tag?post=141996"}],"curies":[{"name":"wp","href":"https:\/\/api.w.org\/{rel}","templated":true}]}}