{"id":142014,"date":"2022-12-21T00:42:26","date_gmt":"2023-05-03T14:12:23","guid":{"rendered":"https:\/\/landioustravel.com\/?post_type=product&#038;p=142014"},"modified":"2023-06-19T03:40:29","modified_gmt":"2023-06-19T01:40:29","slug":"viaggio-sottomarino-safaga","status":"publish","type":"product","link":"https:\/\/landioustravel.com\/it\/shop\/viaggio-sottomarino-safaga\/","title":{"rendered":"Viaggio sottomarino da Safaga"},"content":{"rendered":"<p>Viaggio sottomarino da Safaga \u00e8 un emozionante viaggio in mare sul sottomarino Sindbad a Hurghada a cui i turisti possono partecipare da<a href=\"https:\/\/landioustravel.com\/it\/egitto\/citta-egiziane\/governatorato-bahr-ahmar\/citta-safaga\/\"> Safaga<\/a>, in Egitto! Consigliamo il viaggio in quanto \u00e8 l&#8217;unica opzione a bordo di un sottomarino nel Mar Rosso. \u00c8 incredibile provare questa sensazione ed entrare in un simile sottomarino! Infatti, sar\u00e0 un&#8217;occasione unica per vedere bellissime barriere coralline e vari pesci a bordo di un sottomarino! Inoltre, quel viaggio consentir\u00e0 un breve picnic in barca sul Mar Rosso. Questo picnic si svolger\u00e0 vicino alla splendida area vicino all&#8217;isola di Giftun.<\/p>\n<h2>Punti salienti del viaggio sottomarino Safaga<\/h2>\n<ul>\n<li>Picnic in riva al Mar Rosso.<\/li>\n<li>Inoltre, osservando il mondo sottomarino a bordo del sottomarino Sindbad.<\/li>\n<\/ul>\n<h2>Programma dell&#8217;escursione sottomarina Sindbad<\/h2>\n<ul>\n<li>Il rappresentante di Landious Travel verr\u00e0 a prenderti dai tuoi hotel di Safaga alle 09:00 circa.<\/li>\n<li>Dopo aver raccolto tutti i visitatori, l&#8217;autobus si diriger\u00e0 al porto. La strada per questo porto impiegher\u00e0 circa 40 minuti.<\/li>\n<li>All&#8217;inizio del programma, ti godrai un picnic sul mare attraverso il Mar Rosso. Questo picnic in mare sar\u00e0 a bordo di una barca.<\/li>\n<li>La stessa barca salper\u00e0 verso un palcoscenico galleggiante. Di conseguenza, ti porter\u00e0 al sottomarino. Quindi, cambierai posto e poi occuperai un posto a bordo del sottomarino.<\/li>\n<li>Successivamente, il sottomarino inizier\u00e0 ad affondare fino a 25 metri. Di conseguenza, ti permetter\u00e0 di vedere pesci e barriere coralline a questa profondit\u00e0. Guardare il mondo sottomarino a bordo di quel sottomarino ti prende un&#8217;ora intera.<\/li>\n<li>Infine, cambierai nuovamente posto e ti siederai sulla barca diretta al porto.<\/li>\n<li>Infine, dopo una cos\u00ec bella avventura, ti riaccompagneremo ai tuoi hotel.<\/li>\n<li>Questa escursione in mare su un sottomarino a Hurghada termina alle 14:00 circa.<\/li>\n<\/ul>\n<h2>Cosa include il prezzo dell&#8217;escursione sottomarina Safaga?<\/h2>\n<ul>\n<li>Trasferimento al porto e rientro in hotel.<\/li>\n<\/ul>\n<h2>Cosa non include il Programma Escursione Sottomarina Safaga?<\/h2>\n<ul>\n<li>Biglietto d&#8217;ingresso (5 USD a persona)<\/li>\n<li>Dvd video.<\/li>\n<li>Inoltre, il Photo CD.<\/li>\n<\/ul>\n<h2>Cosa portare con te per il tour?<\/h2>\n<ul>\n<li>Occhiali da sole.<\/li>\n<\/ul>\n<h2>Escursione sottomarina Safaga Giorni di prenotazione<\/h2>\n<ul>\n<li>Tutti i giorni dalle 10:00 alle 12:00.<\/li>\n<li>Inoltre, tutti i giorni dalle 14:00 alle 16:00.<\/li>\n<\/ul>\n<h2>Servizi presentati durante l&#8217;escursione sottomarina Safaga<\/h2>\n<ul>\n<li><strong>Trasporti<\/strong>: Landious Travel utilizza limousine\/minibus con aria condizionata. Un autista professionista ti accompagner\u00e0 al porto e al tuo hotel.<\/li>\n<li><strong>Guida<\/strong>: un tour leader inglese professionista ti verr\u00e0 a prendere dai tuoi hotel e ti accompagner\u00e0 al porto.<\/li>\n<li><strong>Team e roba<\/strong>: avrai un equipaggio amichevole e professionale sulla barca. I nostri istruttori e formatori ti guideranno durante il viaggio.<\/li>\n<\/ul>\n","protected":false},"excerpt":{"rendered":"<p>Prova l&#8217;emozione di esplorare il misterioso mondo sottomarino in un viaggio epico con una guida esperta! Assisti alla straordinaria bellezza di pesci e squali nei loro habitat naturali e svela i segreti della vita marina e le loro affascinanti relazioni. Scopri intere citt\u00e0 che rispecchiano le nostre e assisti a famiglie che vivono insieme in un ambiente ben organizzato ma strano. Tutto questo e molto altro ti aspetta nell&#8217;incredibile tour sottomarino Sindbad da Safaga! Naviga attraverso le acque cristalline del Mar Rosso a bordo del magnifico sottomarino Sindbad a Hurghada. Goditi una vista mozzafiato dalla barca a 2 ponti e ammira le incredibili barriere coralline e i pesci colorati e vivaci che nuotano proprio sotto di te a una profondit\u00e0 di 25 metri. Questa straordinaria avventura viene fornita completa di trasferimenti e un biglietto d&#8217;ingresso. Non perdere questo viaggio indimenticabile di una vita!<\/p>\n","protected":false},"featured_media":141627,"comment_status":"open","ping_status":"closed","template":"","meta":{"_coblocks_attr":"","_coblocks_dimensions":"","_coblocks_responsive_height":"","_coblocks_accordion_ie_support":"","_uag_custom_page_level_css":"","jetpack_publicize_message":"","jetpack_publicize_feature_enabled":true,"jetpack_social_post_already_shared":true,"jetpack_social_options":{"image_generator_settings":{"template":"highway","default_image_id":0,"font":"","enabled":false},"version":2},"_wpas_customize_per_network":false},"product_brand":[],"product_cat":[23523,16905,19573],"product_tag":[1644,22564,1683,2210,1682],"class_list":{"0":"post-142014","1":"product","2":"type-product","3":"status-publish","4":"has-post-thumbnail","6":"product_cat-escursioni-basso-costo-safaga","7":"product_cat-escursioni-safaga","8":"product_cat-gite-mare-safaga","9":"product_tag-escursione","10":"product_tag-mare","11":"product_tag-sottomarino","12":"product_tag-sottomarino-sinbad","13":"product_tag-viaggi-marittimi","14":"pa_age-adulto","15":"pa_age-bambino-1-4-anni","16":"pa_age-bambino-5-11-anni","18":"first","19":"instock","20":"sale","21":"taxable","22":"shipping-taxable","23":"purchasable","24":"product-type-variable"},"yoast_head":"<!-- This site is optimized with the Yoast SEO Premium plugin v26.9 (Yoast SEO v27.4) - https:\/\/yoast.com\/product\/yoast-seo-premium-wordpress\/ -->\n<title>Viaggio sottomarino da Safaga<\/title>\n<meta name=\"description\" content=\"Viaggio sottomarino da Safaga una fantastica panoramica dalla barca a 2 ponti per osservare le magnifiche barriere coralline e i pesci colorati a una\" \/>\n<meta name=\"robots\" content=\"index, follow, max-snippet:-1, max-image-preview:large, max-video-preview:-1\" \/>\n<link rel=\"canonical\" href=\"https:\/\/landioustravel.com\/it\/shop\/viaggio-sottomarino-safaga\/\" \/>\n<meta property=\"og:locale\" content=\"it_IT\" \/>\n<meta property=\"og:type\" content=\"article\" \/>\n<meta property=\"og:title\" content=\"Viaggio sottomarino da Safaga\" \/>\n<meta property=\"og:description\" content=\"Landious Travel\" \/>\n<meta property=\"og:url\" content=\"https:\/\/landioustravel.com\/it\/shop\/viaggio-sottomarino-safaga\/\" \/>\n<meta property=\"og:site_name\" content=\"Landious Travel\" \/>\n<meta property=\"article:publisher\" content=\"https:\/\/web.facebook.com\/landiousEgypt\" \/>\n<meta property=\"article:modified_time\" content=\"2023-06-19T01:40:29+00:00\" \/>\n<meta property=\"og:image\" content=\"https:\/\/i0.wp.com\/landioustravel.com\/wp-content\/uploads\/2022\/12\/Submarine-Trip-from-Safaga.jpg?fit=1200%2C600&ssl=1\" \/>\n\t<meta property=\"og:image:width\" content=\"1200\" \/>\n\t<meta property=\"og:image:height\" content=\"600\" \/>\n\t<meta property=\"og:image:type\" content=\"image\/jpeg\" \/>\n<meta name=\"twitter:card\" content=\"summary_large_image\" \/>\n<meta name=\"twitter:site\" content=\"@LandiousTours\" \/>\n<meta name=\"twitter:label1\" content=\"Tempo di lettura stimato\" \/>\n\t<meta name=\"twitter:data1\" content=\"2 minuti\" \/>\n<script type=\"application\/ld+json\" class=\"yoast-schema-graph\">{\"@context\":\"https:\\\/\\\/schema.org\",\"@graph\":[{\"@type\":\"WebPage\",\"@id\":\"https:\\\/\\\/landioustravel.com\\\/it\\\/shop\\\/viaggio-sottomarino-safaga\\\/\",\"url\":\"https:\\\/\\\/landioustravel.com\\\/it\\\/shop\\\/viaggio-sottomarino-safaga\\\/\",\"name\":\"Viaggio sottomarino da Safaga\",\"isPartOf\":{\"@id\":\"https:\\\/\\\/landioustravel.com\\\/it\\\/#website\"},\"primaryImageOfPage\":{\"@id\":\"https:\\\/\\\/landioustravel.com\\\/it\\\/shop\\\/viaggio-sottomarino-safaga\\\/#primaryimage\"},\"image\":{\"@id\":\"https:\\\/\\\/landioustravel.com\\\/it\\\/shop\\\/viaggio-sottomarino-safaga\\\/#primaryimage\"},\"thumbnailUrl\":\"https:\\\/\\\/i0.wp.com\\\/landioustravel.com\\\/wp-content\\\/uploads\\\/2022\\\/12\\\/Submarine-Trip-from-Safaga.jpg?fit=1200%2C600&ssl=1\",\"datePublished\":\"2023-05-03T14:12:23+00:00\",\"dateModified\":\"2023-06-19T01:40:29+00:00\",\"description\":\"Viaggio sottomarino da Safaga una fantastica panoramica dalla barca a 2 ponti per osservare le magnifiche barriere coralline e i pesci colorati a una\",\"breadcrumb\":{\"@id\":\"https:\\\/\\\/landioustravel.com\\\/it\\\/shop\\\/viaggio-sottomarino-safaga\\\/#breadcrumb\"},\"inLanguage\":\"it-IT\",\"potentialAction\":[{\"@type\":\"ReadAction\",\"target\":[\"https:\\\/\\\/landioustravel.com\\\/it\\\/shop\\\/viaggio-sottomarino-safaga\\\/\"]}]},{\"@type\":\"ImageObject\",\"inLanguage\":\"it-IT\",\"@id\":\"https:\\\/\\\/landioustravel.com\\\/it\\\/shop\\\/viaggio-sottomarino-safaga\\\/#primaryimage\",\"url\":\"https:\\\/\\\/i0.wp.com\\\/landioustravel.com\\\/wp-content\\\/uploads\\\/2022\\\/12\\\/Submarine-Trip-from-Safaga.jpg?fit=1200%2C600&ssl=1\",\"contentUrl\":\"https:\\\/\\\/i0.wp.com\\\/landioustravel.com\\\/wp-content\\\/uploads\\\/2022\\\/12\\\/Submarine-Trip-from-Safaga.jpg?fit=1200%2C600&ssl=1\",\"width\":1200,\"height\":600,\"caption\":\"Submarine Trip from Safaga\"},{\"@type\":\"BreadcrumbList\",\"@id\":\"https:\\\/\\\/landioustravel.com\\\/it\\\/shop\\\/viaggio-sottomarino-safaga\\\/#breadcrumb\",\"itemListElement\":[{\"@type\":\"ListItem\",\"position\":1,\"name\":\"Home\",\"item\":\"https:\\\/\\\/landioustravel.com\\\/it\\\/\"},{\"@type\":\"ListItem\",\"position\":2,\"name\":\"Tour in Egitto\",\"item\":\"https:\\\/\\\/landioustravel.com\\\/it\\\/\"},{\"@type\":\"ListItem\",\"position\":3,\"name\":\"Viaggio sottomarino da Safaga\"}]},{\"@type\":\"WebSite\",\"@id\":\"https:\\\/\\\/landioustravel.com\\\/it\\\/#website\",\"url\":\"https:\\\/\\\/landioustravel.com\\\/it\\\/\",\"name\":\"Landious Travel\",\"description\":\"Excursions, trips and cruises in Egypt\",\"publisher\":{\"@id\":\"https:\\\/\\\/landioustravel.com\\\/it\\\/#organization\"},\"potentialAction\":[{\"@type\":\"SearchAction\",\"target\":{\"@type\":\"EntryPoint\",\"urlTemplate\":\"https:\\\/\\\/landioustravel.com\\\/it\\\/?s={search_term_string}\"},\"query-input\":{\"@type\":\"PropertyValueSpecification\",\"valueRequired\":true,\"valueName\":\"search_term_string\"}}],\"inLanguage\":\"it-IT\"},{\"@type\":[\"Organization\",\"Place\"],\"@id\":\"https:\\\/\\\/landioustravel.com\\\/it\\\/#organization\",\"name\":\"Landious Travel\",\"alternateName\":\"Landious Travel\",\"url\":\"https:\\\/\\\/landioustravel.com\\\/it\\\/\",\"logo\":{\"@id\":\"https:\\\/\\\/landioustravel.com\\\/it\\\/shop\\\/viaggio-sottomarino-safaga\\\/#local-main-organization-logo\"},\"image\":{\"@id\":\"https:\\\/\\\/landioustravel.com\\\/it\\\/shop\\\/viaggio-sottomarino-safaga\\\/#local-main-organization-logo\"},\"sameAs\":[\"https:\\\/\\\/web.facebook.com\\\/landiousEgypt\",\"https:\\\/\\\/x.com\\\/LandiousTours\",\"https:\\\/\\\/mastodon.social\\\/@landious\"],\"legalName\":\"Landious Travel\",\"telephone\":[],\"openingHoursSpecification\":[{\"@type\":\"OpeningHoursSpecification\",\"dayOfWeek\":[\"Monday\",\"Tuesday\",\"Wednesday\",\"Thursday\",\"Friday\",\"Saturday\",\"Sunday\"],\"opens\":\"09:00\",\"closes\":\"17:00\"}]},{\"@type\":\"ImageObject\",\"inLanguage\":\"it-IT\",\"@id\":\"https:\\\/\\\/landioustravel.com\\\/it\\\/shop\\\/viaggio-sottomarino-safaga\\\/#local-main-organization-logo\",\"url\":\"https:\\\/\\\/i0.wp.com\\\/landioustravel.com\\\/wp-content\\\/uploads\\\/2021\\\/06\\\/Landious-T.png?fit=500%2C500&ssl=1\",\"contentUrl\":\"https:\\\/\\\/i0.wp.com\\\/landioustravel.com\\\/wp-content\\\/uploads\\\/2021\\\/06\\\/Landious-T.png?fit=500%2C500&ssl=1\",\"width\":500,\"height\":500,\"caption\":\"Landious Travel\"}]}<\/script>\n<!-- \/ Yoast SEO Premium plugin. -->","yoast_head_json":{"title":"Viaggio sottomarino da Safaga","description":"Viaggio sottomarino da Safaga una fantastica panoramica dalla barca a 2 ponti per osservare le magnifiche barriere coralline e i pesci colorati a una","robots":{"index":"index","follow":"follow","max-snippet":"max-snippet:-1","max-image-preview":"max-image-preview:large","max-video-preview":"max-video-preview:-1"},"canonical":"https:\/\/landioustravel.com\/it\/shop\/viaggio-sottomarino-safaga\/","og_locale":"it_IT","og_type":"article","og_title":"Viaggio sottomarino da Safaga","og_description":"Landious Travel","og_url":"https:\/\/landioustravel.com\/it\/shop\/viaggio-sottomarino-safaga\/","og_site_name":"Landious Travel","article_publisher":"https:\/\/web.facebook.com\/landiousEgypt","article_modified_time":"2023-06-19T01:40:29+00:00","og_image":[{"width":1200,"height":600,"url":"https:\/\/i0.wp.com\/landioustravel.com\/wp-content\/uploads\/2022\/12\/Submarine-Trip-from-Safaga.jpg?fit=1200%2C600&ssl=1","type":"image\/jpeg"}],"twitter_card":"summary_large_image","twitter_site":"@LandiousTours","twitter_misc":{"Tempo di lettura stimato":"2 minuti"},"schema":{"@context":"https:\/\/schema.org","@graph":[{"@type":"WebPage","@id":"https:\/\/landioustravel.com\/it\/shop\/viaggio-sottomarino-safaga\/","url":"https:\/\/landioustravel.com\/it\/shop\/viaggio-sottomarino-safaga\/","name":"Viaggio sottomarino da Safaga","isPartOf":{"@id":"https:\/\/landioustravel.com\/it\/#website"},"primaryImageOfPage":{"@id":"https:\/\/landioustravel.com\/it\/shop\/viaggio-sottomarino-safaga\/#primaryimage"},"image":{"@id":"https:\/\/landioustravel.com\/it\/shop\/viaggio-sottomarino-safaga\/#primaryimage"},"thumbnailUrl":"https:\/\/i0.wp.com\/landioustravel.com\/wp-content\/uploads\/2022\/12\/Submarine-Trip-from-Safaga.jpg?fit=1200%2C600&ssl=1","datePublished":"2023-05-03T14:12:23+00:00","dateModified":"2023-06-19T01:40:29+00:00","description":"Viaggio sottomarino da Safaga una fantastica panoramica dalla barca a 2 ponti per osservare le magnifiche barriere coralline e i pesci colorati a una","breadcrumb":{"@id":"https:\/\/landioustravel.com\/it\/shop\/viaggio-sottomarino-safaga\/#breadcrumb"},"inLanguage":"it-IT","potentialAction":[{"@type":"ReadAction","target":["https:\/\/landioustravel.com\/it\/shop\/viaggio-sottomarino-safaga\/"]}]},{"@type":"ImageObject","inLanguage":"it-IT","@id":"https:\/\/landioustravel.com\/it\/shop\/viaggio-sottomarino-safaga\/#primaryimage","url":"https:\/\/i0.wp.com\/landioustravel.com\/wp-content\/uploads\/2022\/12\/Submarine-Trip-from-Safaga.jpg?fit=1200%2C600&ssl=1","contentUrl":"https:\/\/i0.wp.com\/landioustravel.com\/wp-content\/uploads\/2022\/12\/Submarine-Trip-from-Safaga.jpg?fit=1200%2C600&ssl=1","width":1200,"height":600,"caption":"Submarine Trip from Safaga"},{"@type":"BreadcrumbList","@id":"https:\/\/landioustravel.com\/it\/shop\/viaggio-sottomarino-safaga\/#breadcrumb","itemListElement":[{"@type":"ListItem","position":1,"name":"Home","item":"https:\/\/landioustravel.com\/it\/"},{"@type":"ListItem","position":2,"name":"Tour in Egitto","item":"https:\/\/landioustravel.com\/it\/"},{"@type":"ListItem","position":3,"name":"Viaggio sottomarino da Safaga"}]},{"@type":"WebSite","@id":"https:\/\/landioustravel.com\/it\/#website","url":"https:\/\/landioustravel.com\/it\/","name":"Landious Travel","description":"Excursions, trips and cruises in Egypt","publisher":{"@id":"https:\/\/landioustravel.com\/it\/#organization"},"potentialAction":[{"@type":"SearchAction","target":{"@type":"EntryPoint","urlTemplate":"https:\/\/landioustravel.com\/it\/?s={search_term_string}"},"query-input":{"@type":"PropertyValueSpecification","valueRequired":true,"valueName":"search_term_string"}}],"inLanguage":"it-IT"},{"@type":["Organization","Place"],"@id":"https:\/\/landioustravel.com\/it\/#organization","name":"Landious Travel","alternateName":"Landious Travel","url":"https:\/\/landioustravel.com\/it\/","logo":{"@id":"https:\/\/landioustravel.com\/it\/shop\/viaggio-sottomarino-safaga\/#local-main-organization-logo"},"image":{"@id":"https:\/\/landioustravel.com\/it\/shop\/viaggio-sottomarino-safaga\/#local-main-organization-logo"},"sameAs":["https:\/\/web.facebook.com\/landiousEgypt","https:\/\/x.com\/LandiousTours","https:\/\/mastodon.social\/@landious"],"legalName":"Landious Travel","telephone":[],"openingHoursSpecification":[{"@type":"OpeningHoursSpecification","dayOfWeek":["Monday","Tuesday","Wednesday","Thursday","Friday","Saturday","Sunday"],"opens":"09:00","closes":"17:00"}]},{"@type":"ImageObject","inLanguage":"it-IT","@id":"https:\/\/landioustravel.com\/it\/shop\/viaggio-sottomarino-safaga\/#local-main-organization-logo","url":"https:\/\/i0.wp.com\/landioustravel.com\/wp-content\/uploads\/2021\/06\/Landious-T.png?fit=500%2C500&ssl=1","contentUrl":"https:\/\/i0.wp.com\/landioustravel.com\/wp-content\/uploads\/2021\/06\/Landious-T.png?fit=500%2C500&ssl=1","width":500,"height":500,"caption":"Landious Travel"}]}},"jetpack_publicize_connections":[],"uagb_featured_image_src":{"full":["https:\/\/i0.wp.com\/landioustravel.com\/wp-content\/uploads\/2022\/12\/Submarine-Trip-from-Safaga.jpg?fit=1200%2C600&ssl=1",1200,600,false],"thumbnail":["https:\/\/i0.wp.com\/landioustravel.com\/wp-content\/uploads\/2022\/12\/Submarine-Trip-from-Safaga.jpg?resize=150%2C150&ssl=1",150,150,true],"medium":["https:\/\/i0.wp.com\/landioustravel.com\/wp-content\/uploads\/2022\/12\/Submarine-Trip-from-Safaga.jpg?fit=300%2C150&ssl=1",300,150,true],"medium_large":["https:\/\/i0.wp.com\/landioustravel.com\/wp-content\/uploads\/2022\/12\/Submarine-Trip-from-Safaga.jpg?fit=768%2C384&ssl=1",768,384,true],"large":["https:\/\/i0.wp.com\/landioustravel.com\/wp-content\/uploads\/2022\/12\/Submarine-Trip-from-Safaga.jpg?fit=980%2C490&ssl=1",980,490,true],"1536x1536":["https:\/\/i0.wp.com\/landioustravel.com\/wp-content\/uploads\/2022\/12\/Submarine-Trip-from-Safaga.jpg?fit=1200%2C600&ssl=1",1200,600,true],"2048x2048":["https:\/\/i0.wp.com\/landioustravel.com\/wp-content\/uploads\/2022\/12\/Submarine-Trip-from-Safaga.jpg?fit=1200%2C600&ssl=1",1200,600,true],"newspack-article-block-landscape-large":["https:\/\/i0.wp.com\/landioustravel.com\/wp-content\/uploads\/2022\/12\/Submarine-Trip-from-Safaga.jpg?resize=1200%2C600&ssl=1",1200,600,true],"newspack-article-block-portrait-large":["https:\/\/i0.wp.com\/landioustravel.com\/wp-content\/uploads\/2022\/12\/Submarine-Trip-from-Safaga.jpg?resize=900%2C600&ssl=1",900,600,true],"newspack-article-block-square-large":["https:\/\/i0.wp.com\/landioustravel.com\/wp-content\/uploads\/2022\/12\/Submarine-Trip-from-Safaga.jpg?resize=1200%2C600&ssl=1",1200,600,true],"newspack-article-block-landscape-medium":["https:\/\/i0.wp.com\/landioustravel.com\/wp-content\/uploads\/2022\/12\/Submarine-Trip-from-Safaga.jpg?resize=800%2C600&ssl=1",800,600,true],"newspack-article-block-portrait-medium":["https:\/\/i0.wp.com\/landioustravel.com\/wp-content\/uploads\/2022\/12\/Submarine-Trip-from-Safaga.jpg?resize=600%2C600&ssl=1",600,600,true],"newspack-article-block-square-medium":["https:\/\/i0.wp.com\/landioustravel.com\/wp-content\/uploads\/2022\/12\/Submarine-Trip-from-Safaga.jpg?resize=800%2C600&ssl=1",800,600,true],"newspack-article-block-landscape-intermediate":["https:\/\/i0.wp.com\/landioustravel.com\/wp-content\/uploads\/2022\/12\/Submarine-Trip-from-Safaga.jpg?resize=600%2C450&ssl=1",600,450,true],"newspack-article-block-portrait-intermediate":["https:\/\/i0.wp.com\/landioustravel.com\/wp-content\/uploads\/2022\/12\/Submarine-Trip-from-Safaga.jpg?resize=450%2C600&ssl=1",450,600,true],"newspack-article-block-square-intermediate":["https:\/\/i0.wp.com\/landioustravel.com\/wp-content\/uploads\/2022\/12\/Submarine-Trip-from-Safaga.jpg?resize=600%2C600&ssl=1",600,600,true],"newspack-article-block-landscape-small":["https:\/\/i0.wp.com\/landioustravel.com\/wp-content\/uploads\/2022\/12\/Submarine-Trip-from-Safaga.jpg?resize=400%2C300&ssl=1",400,300,true],"newspack-article-block-portrait-small":["https:\/\/i0.wp.com\/landioustravel.com\/wp-content\/uploads\/2022\/12\/Submarine-Trip-from-Safaga.jpg?resize=300%2C400&ssl=1",300,400,true],"newspack-article-block-square-small":["https:\/\/i0.wp.com\/landioustravel.com\/wp-content\/uploads\/2022\/12\/Submarine-Trip-from-Safaga.jpg?resize=400%2C400&ssl=1",400,400,true],"newspack-article-block-landscape-tiny":["https:\/\/i0.wp.com\/landioustravel.com\/wp-content\/uploads\/2022\/12\/Submarine-Trip-from-Safaga.jpg?resize=200%2C150&ssl=1",200,150,true],"newspack-article-block-portrait-tiny":["https:\/\/i0.wp.com\/landioustravel.com\/wp-content\/uploads\/2022\/12\/Submarine-Trip-from-Safaga.jpg?resize=150%2C200&ssl=1",150,200,true],"newspack-article-block-square-tiny":["https:\/\/i0.wp.com\/landioustravel.com\/wp-content\/uploads\/2022\/12\/Submarine-Trip-from-Safaga.jpg?resize=200%2C200&ssl=1",200,200,true],"newspack-article-block-uncropped":["https:\/\/i0.wp.com\/landioustravel.com\/wp-content\/uploads\/2022\/12\/Submarine-Trip-from-Safaga.jpg?fit=1200%2C600&ssl=1",1200,600,true],"woocommerce_thumbnail":["https:\/\/i0.wp.com\/landioustravel.com\/wp-content\/uploads\/2022\/12\/Submarine-Trip-from-Safaga.jpg?resize=324%2C324&ssl=1",324,324,true],"woocommerce_single":["https:\/\/i0.wp.com\/landioustravel.com\/wp-content\/uploads\/2022\/12\/Submarine-Trip-from-Safaga.jpg?fit=416%2C208&ssl=1",416,208,true],"woocommerce_gallery_thumbnail":["https:\/\/i0.wp.com\/landioustravel.com\/wp-content\/uploads\/2022\/12\/Submarine-Trip-from-Safaga.jpg?resize=100%2C100&ssl=1",100,100,true]},"uagb_author_info":{"display_name":"Mofreh Landious","author_link":"https:\/\/landioustravel.com\/it\/author\/"},"uagb_comment_info":0,"uagb_excerpt":"Prova l'emozione di esplorare il misterioso mondo sottomarino in un viaggio epico con una guida esperta! Assisti alla straordinaria bellezza di pesci e squali nei loro habitat naturali e svela i segreti della vita marina e le loro affascinanti relazioni. Scopri intere citt\u00e0 che rispecchiano le nostre e assisti a famiglie che vivono insieme in&hellip;","jetpack_sharing_enabled":true,"jetpack_likes_enabled":true,"amp_enabled":true,"_links":{"self":[{"href":"https:\/\/landioustravel.com\/it\/wp-json\/wp\/v2\/product\/142014","targetHints":{"allow":["GET"]}}],"collection":[{"href":"https:\/\/landioustravel.com\/it\/wp-json\/wp\/v2\/product"}],"about":[{"href":"https:\/\/landioustravel.com\/it\/wp-json\/wp\/v2\/types\/product"}],"replies":[{"embeddable":true,"href":"https:\/\/landioustravel.com\/it\/wp-json\/wp\/v2\/comments?post=142014"}],"wp:featuredmedia":[{"embeddable":true,"href":"https:\/\/landioustravel.com\/it\/wp-json\/wp\/v2\/media\/141627"}],"wp:attachment":[{"href":"https:\/\/landioustravel.com\/it\/wp-json\/wp\/v2\/media?parent=142014"}],"wp:term":[{"taxonomy":"product_brand","embeddable":true,"href":"https:\/\/landioustravel.com\/it\/wp-json\/wp\/v2\/product_brand?post=142014"},{"taxonomy":"product_cat","embeddable":true,"href":"https:\/\/landioustravel.com\/it\/wp-json\/wp\/v2\/product_cat?post=142014"},{"taxonomy":"product_tag","embeddable":true,"href":"https:\/\/landioustravel.com\/it\/wp-json\/wp\/v2\/product_tag?post=142014"}],"curies":[{"name":"wp","href":"https:\/\/api.w.org\/{rel}","templated":true}]}}