{"id":142018,"date":"2022-12-20T21:33:49","date_gmt":"2023-05-03T14:16:59","guid":{"rendered":"https:\/\/landioustravel.com\/?post_type=product&#038;p=142018"},"modified":"2023-06-19T03:45:06","modified_gmt":"2023-06-19T01:45:06","slug":"super-gouna-viaggio-safaga","status":"publish","type":"product","link":"https:\/\/landioustravel.com\/it\/shop\/super-gouna-viaggio-safaga\/","title":{"rendered":"Super Gouna Viaggio Safaga"},"content":{"rendered":"<p>Super Gouna Viaggio Safaga \u00e8 un fantastico viaggio in mare alla Venezia egiziana (El-Gouna) da Safaga, in Egitto! Consigliamo il viaggio perch\u00e9, in generale, permette ai turisti di divertirsi in mare. In particolare, il viaggio ti consentir\u00e0 di localizzarti nella Venezia egiziana &#8211; El Gouna e nuotare con i delfini! Inoltre, offre la possibilit\u00e0 di vedere bellissime barriere coralline e una variet\u00e0 di pesci. Inoltre, ti godrai un picnic in barca sul Mar Rosso.<\/p>\n<p>Questo programma ha un&#8217;ampia variet\u00e0 di punti di intrattenimento: ecco perch\u00e9 lo chiamiamo: viaggio Super Gouna da Safaga!<\/p>\n<h2>Punti salienti del viaggio Super Gouna da Safaga<\/h2>\n<ul>\n<li>Nuota con i delfini in mare aperto.<\/li>\n<li>Snorkel con maschere e pinne.<\/li>\n<li>Pranzo a bordo della barca.<\/li>\n<\/ul>\n<h2>Guarda la vita marina sul semi-sottomarino<\/h2>\n<ul>\n<li>Goditi un giro turistico della laguna di El Gouna.<\/li>\n<li>Inoltre, fai un tour pedonale a El-Gouna.<\/li>\n<\/ul>\n<h2>Programma dell&#8217;escursione Super El Gouna<\/h2>\n<ul>\n<li>Il rappresentante di Landious Travel verr\u00e0 a prenderti dagli hotel di Safaga alle 08:00 circa.<\/li>\n<li>Dopo aver raccolto tutti i visitatori, l&#8217;autobus va al porto. La strada per il molo dura circa 40 minuti.<\/li>\n<li>Troverai la tua barca nel porto, che si compone di due piani. \u00c8 una crociera cos\u00ec massiccia e chic! Appena saliti sulla nave, sar\u00e0 preferibile togliersi le scarpe. E poi, puoi salire al secondo piano per abbronzarti sul ponte sole superiore.<\/li>\n<\/ul>\n<h3>Mare aperto e nuoto con i delfini<\/h3>\n<ul>\n<li>La barca attraverser\u00e0 il Mar Rosso non appena il gruppo si sar\u00e0 riunito.<\/li>\n<li>A quel tempo, questo delizioso viaggio Super Gouna da Safaga inizier\u00e0 per la prima volta dopo un picnic in mare. Questo primo inizio sar\u00e0 in un bellissimo mare di corallo. L\u00ec, farai la tua prima sosta in mare aperto. Naturalmente si pu\u00f2 nuotare con i delfini e fare snorkeling con maschere e pinne.<\/li>\n<\/ul>\n<h2>Gita in laguna e visita di El Gouna<\/h2>\n<ul>\n<li>Dopo questa sosta straordinaria, la barca si sposter\u00e0 verso l&#8217;affascinante citt\u00e0 di El-Gouna.<\/li>\n<li>Come previsto, ti godrai un viaggio in laguna e guarderai da vicino El Gouna. Una volta che sei cos\u00ec vicino alla Venezia egiziana, sali su un motoscafo. A quel punto il motoscafo attraversa i canali della Venezia egiziana per permettervi di ammirare da vicino il luogo. Durante questo viaggio, la tua guida fornisce informazioni sulle attrazioni e sulla storia di questo resort. In effetti, \u00e8 un fantastico viaggio in laguna.<\/li>\n<li>Dopo questo viaggio in laguna, sbarcherai al porto di El-Gouna. Quindi, inizierai un tour a piedi del luogo. E, ancora una volta, la tua guida ti accompagner\u00e0 e ti mostrer\u00e0 i luoghi d&#8217;interesse di El Gouna.<\/li>\n<\/ul>\n<h3>Scoperta subacquea<\/h3>\n<ul>\n<li>A El-Gouna, il programma di viaggio continuer\u00e0 con un orologio di bordo semisommergibile. Certo, osserverai il mondo sottomarino su un semi-sottomarino! Questo semi-sottomarino attracca al porto della Venezia egiziana.<\/li>\n<\/ul>\n<h3>Pranzo a bordo<\/h3>\n<ul>\n<li>Dopo aver finito con il semi-sottomarino, ti riporteremo alla barca. Successivamente, il gruppo si riunir\u00e0 per il pranzo al primo piano. Durante l&#8217;ora di pranzo sar\u00e0 aperto il buffet.<\/li>\n<\/ul>\n<h3>Torna a casa<\/h3>\n<ul>\n<li>Alla fine di questa esperienza, la nostra barca partir\u00e0 per il porto.<\/li>\n<li>Il Super Gouna Trip da Safaga termina alle 17:30 circa. L&#8217;orario di arrivo in hotel \u00e8 approssimativo. Alla fine, ti riaccompagneremo ai tuoi hotel dopo un fantastico viaggio a El-Gouna.<\/li>\n<\/ul>\n<h2>Cosa include il prezzo di Super Gouna Viaggio Safaga?<\/h2>\n<ul>\n<li>Maschere e pinne.<\/li>\n<li>Cibo e bevande.<\/li>\n<li>Inoltre, trasferimento al porto e ritorno in hotel.<\/li>\n<\/ul>\n<h2>Cosa non include il programma di Super Gouna Viaggio Safaga?<\/h2>\n<ul>\n<li>Biglietto d&#8217;ingresso (5 dollari USD a persona)<\/li>\n<li>Dvd video.<\/li>\n<li>Inoltre, il Photo CD.<\/li>\n<\/ul>\n<h2>Cosa portare con te per il tour?<\/h2>\n<ul>\n<li>Asciugamano.<\/li>\n<li>Inoltre, crema solare.<\/li>\n<\/ul>\n<h2>Super Gouna Viaggio Safaga Giorni di prenotazione<\/h2>\n<ul>\n<li>Tutti i giorni dalle 08:00 alle 17:00.<\/li>\n<\/ul>\n<h2>Servizi presentati durante il Super Gouna Viaggio da Safaga<\/h2>\n<ul>\n<li><strong>Trasporto<\/strong>: Landious Travel utilizza una limousine\/minibus con aria condizionata per fornirti assistenza. Un autista esperto ti accompagner\u00e0 al porto e al tuo hotel.<\/li>\n<li><strong>Guida<\/strong>: un tour leader inglese professionista ti verr\u00e0 a prendere dai tuoi hotel e ti accompagner\u00e0 al porto.<\/li>\n<li><strong>Strutture della barca<\/strong>: Le nostre barche sono moderne a tre piani. Queste barche ospitano un salone da pranzo, un refrigeratore d&#8217;acqua, una cucina e due bagni. Inoltre, forniamo giubbotti di salvataggio, attrezzatura per lo snorkeling e due mulinelli da traina al primo piano. Allo stesso tempo, il pavimento del ponte sole ha comodi lettini e una tenda.<\/li>\n<li><strong>Squadra e personale<\/strong>: otterrai un equipaggio amichevole ed esperto sulla barca. I nostri istruttori e formatori vi accompagneranno durante il viaggio.<\/li>\n<li><strong>Cibo<\/strong>: offriamo un delizioso pranzo a bordo con vari piatti.<\/li>\n<\/ul>\n","protected":false},"excerpt":{"rendered":"<p>Il viaggio nella Venezia egiziana da Safaga \u00e8 assolutamente delizioso e assolutamente da vedere per tutti i turisti. L&#8217;itinerario \u00e8 ricco di attivit\u00e0 entusiasmanti che ti faranno sicuramente sorridere. Durante la navigazione verso l&#8217;affascinante localit\u00e0 turistica di El Gouna, puoi crogiolarti nella bellezza della costa del Mar Rosso mentre ti godi un delizioso picnic in mare. Se sei fortunato, potresti anche avere la possibilit\u00e0 di nuotare con i simpatici delfini, un&#8217;esperienza che ti far\u00e0 sentire felicissimo! E per chi ama esplorare il mondo sottomarino, anche lo snorkeling con maschera e pinne \u00e8 un&#8217;opzione. Una volta arrivato a El Gouna, ti verr\u00e0 offerto un tour panoramico in motoscafo dei pittoreschi canali d&#8217;acqua e delle lagune del resort. E per un&#8217;esperienza davvero unica, puoi vedere lo straordinario mondo sottomarino dalla comodit\u00e0 di un semi-sottomarino. Il viaggio includer\u00e0 anche un delizioso pranzo e bevande rinfrescanti, rendendolo un&#8217;esperienza straordinaria a tutto tondo.<\/p>\n","protected":false},"featured_media":142022,"comment_status":"open","ping_status":"closed","template":"","meta":{"_coblocks_attr":"","_coblocks_dimensions":"","_coblocks_responsive_height":"","_coblocks_accordion_ie_support":"","_uag_custom_page_level_css":"","jetpack_post_was_ever_published":false,"jetpack_publicize_message":"","jetpack_publicize_feature_enabled":true,"jetpack_social_post_already_shared":true,"jetpack_social_options":{"image_generator_settings":{"template":"highway","default_image_id":0,"font":"","enabled":false},"version":2},"_wpas_customize_per_network":false},"product_brand":[],"product_cat":[23523,16905,19573],"product_tag":[1684,1644,22564,1665,1663,1682],"class_list":{"0":"post-142018","1":"product","2":"type-product","3":"status-publish","4":"has-post-thumbnail","6":"product_cat-escursioni-basso-costo-safaga","7":"product_cat-escursioni-safaga","8":"product_cat-gite-mare-safaga","9":"product_tag-el-gouna-it","10":"product_tag-escursione","11":"product_tag-mare","12":"product_tag-semi-sottomarino","13":"product_tag-snorkeling-it","14":"product_tag-viaggi-marittimi","15":"pa_age-adulto","16":"pa_age-bambino-1-4-anni","17":"pa_age-bambino-5-11-anni","19":"first","20":"instock","21":"sale","22":"taxable","23":"shipping-taxable","24":"purchasable","25":"product-type-variable"},"yoast_head":"<!-- This site is optimized with the Yoast SEO Premium plugin v26.9 (Yoast SEO v27.3) - https:\/\/yoast.com\/product\/yoast-seo-premium-wordpress\/ -->\n<title>Super Gouna Viaggio Safaga<\/title>\n<meta name=\"description\" content=\"Super Gouna Viaggio Safaga si godono un picnic in mare sulla costa del Mar Rosso mentre navigano verso la localit\u00e0 turistica di El Gouna. \u00c8 possibile\" \/>\n<meta name=\"robots\" content=\"index, follow, max-snippet:-1, max-image-preview:large, max-video-preview:-1\" \/>\n<link rel=\"canonical\" href=\"https:\/\/landioustravel.com\/it\/shop\/super-gouna-viaggio-safaga\/\" \/>\n<meta property=\"og:locale\" content=\"it_IT\" \/>\n<meta property=\"og:type\" content=\"article\" \/>\n<meta property=\"og:title\" content=\"Super Gouna Viaggio Safaga\" \/>\n<meta property=\"og:description\" content=\"Landious Travel\" \/>\n<meta property=\"og:url\" content=\"https:\/\/landioustravel.com\/it\/shop\/super-gouna-viaggio-safaga\/\" \/>\n<meta property=\"og:site_name\" content=\"Landious Travel\" \/>\n<meta property=\"article:publisher\" content=\"https:\/\/web.facebook.com\/landiousEgypt\" \/>\n<meta property=\"article:modified_time\" content=\"2023-06-19T01:45:06+00:00\" \/>\n<meta property=\"og:image\" content=\"https:\/\/i0.wp.com\/landioustravel.com\/wp-content\/uploads\/2022\/12\/Super-Gouna-Trip-Safaga-e1671564714540.jpg?fit=1200%2C675&ssl=1\" \/>\n\t<meta property=\"og:image:width\" content=\"1200\" \/>\n\t<meta property=\"og:image:height\" content=\"675\" \/>\n\t<meta property=\"og:image:type\" content=\"image\/jpeg\" \/>\n<meta name=\"twitter:card\" content=\"summary_large_image\" \/>\n<meta name=\"twitter:site\" content=\"@LandiousTours\" \/>\n<meta name=\"twitter:label1\" content=\"Tempo di lettura stimato\" \/>\n\t<meta name=\"twitter:data1\" content=\"4 minuti\" \/>\n<script type=\"application\/ld+json\" class=\"yoast-schema-graph\">{\"@context\":\"https:\\\/\\\/schema.org\",\"@graph\":[{\"@type\":\"WebPage\",\"@id\":\"https:\\\/\\\/landioustravel.com\\\/it\\\/shop\\\/super-gouna-viaggio-safaga\\\/\",\"url\":\"https:\\\/\\\/landioustravel.com\\\/it\\\/shop\\\/super-gouna-viaggio-safaga\\\/\",\"name\":\"Super Gouna Viaggio Safaga\",\"isPartOf\":{\"@id\":\"https:\\\/\\\/landioustravel.com\\\/it\\\/#website\"},\"primaryImageOfPage\":{\"@id\":\"https:\\\/\\\/landioustravel.com\\\/it\\\/shop\\\/super-gouna-viaggio-safaga\\\/#primaryimage\"},\"image\":{\"@id\":\"https:\\\/\\\/landioustravel.com\\\/it\\\/shop\\\/super-gouna-viaggio-safaga\\\/#primaryimage\"},\"thumbnailUrl\":\"https:\\\/\\\/i0.wp.com\\\/landioustravel.com\\\/wp-content\\\/uploads\\\/2022\\\/12\\\/Super-Gouna-Trip-Safaga-e1671564714540.jpg?fit=1200%2C675&ssl=1\",\"datePublished\":\"2023-05-03T14:16:59+00:00\",\"dateModified\":\"2023-06-19T01:45:06+00:00\",\"description\":\"Super Gouna Viaggio Safaga si godono un picnic in mare sulla costa del Mar Rosso mentre navigano verso la localit\u00e0 turistica di El Gouna. \u00c8 possibile\",\"breadcrumb\":{\"@id\":\"https:\\\/\\\/landioustravel.com\\\/it\\\/shop\\\/super-gouna-viaggio-safaga\\\/#breadcrumb\"},\"inLanguage\":\"it-IT\",\"potentialAction\":[{\"@type\":\"ReadAction\",\"target\":[\"https:\\\/\\\/landioustravel.com\\\/it\\\/shop\\\/super-gouna-viaggio-safaga\\\/\"]}]},{\"@type\":\"ImageObject\",\"inLanguage\":\"it-IT\",\"@id\":\"https:\\\/\\\/landioustravel.com\\\/it\\\/shop\\\/super-gouna-viaggio-safaga\\\/#primaryimage\",\"url\":\"https:\\\/\\\/i0.wp.com\\\/landioustravel.com\\\/wp-content\\\/uploads\\\/2022\\\/12\\\/Super-Gouna-Trip-Safaga-e1671564714540.jpg?fit=1200%2C675&ssl=1\",\"contentUrl\":\"https:\\\/\\\/i0.wp.com\\\/landioustravel.com\\\/wp-content\\\/uploads\\\/2022\\\/12\\\/Super-Gouna-Trip-Safaga-e1671564714540.jpg?fit=1200%2C675&ssl=1\",\"width\":1200,\"height\":675,\"caption\":\"Super Gouna Trip Safaga\"},{\"@type\":\"BreadcrumbList\",\"@id\":\"https:\\\/\\\/landioustravel.com\\\/it\\\/shop\\\/super-gouna-viaggio-safaga\\\/#breadcrumb\",\"itemListElement\":[{\"@type\":\"ListItem\",\"position\":1,\"name\":\"Home\",\"item\":\"https:\\\/\\\/landioustravel.com\\\/it\\\/\"},{\"@type\":\"ListItem\",\"position\":2,\"name\":\"Tour in Egitto\",\"item\":\"https:\\\/\\\/landioustravel.com\\\/it\\\/\"},{\"@type\":\"ListItem\",\"position\":3,\"name\":\"Super Gouna Viaggio Safaga\"}]},{\"@type\":\"WebSite\",\"@id\":\"https:\\\/\\\/landioustravel.com\\\/it\\\/#website\",\"url\":\"https:\\\/\\\/landioustravel.com\\\/it\\\/\",\"name\":\"Landious Travel\",\"description\":\"Excursions, trips and cruises in Egypt\",\"publisher\":{\"@id\":\"https:\\\/\\\/landioustravel.com\\\/it\\\/#organization\"},\"potentialAction\":[{\"@type\":\"SearchAction\",\"target\":{\"@type\":\"EntryPoint\",\"urlTemplate\":\"https:\\\/\\\/landioustravel.com\\\/it\\\/?s={search_term_string}\"},\"query-input\":{\"@type\":\"PropertyValueSpecification\",\"valueRequired\":true,\"valueName\":\"search_term_string\"}}],\"inLanguage\":\"it-IT\"},{\"@type\":[\"Organization\",\"Place\"],\"@id\":\"https:\\\/\\\/landioustravel.com\\\/it\\\/#organization\",\"name\":\"Landious Travel\",\"alternateName\":\"Landious Travel\",\"url\":\"https:\\\/\\\/landioustravel.com\\\/it\\\/\",\"logo\":{\"@id\":\"https:\\\/\\\/landioustravel.com\\\/it\\\/shop\\\/super-gouna-viaggio-safaga\\\/#local-main-organization-logo\"},\"image\":{\"@id\":\"https:\\\/\\\/landioustravel.com\\\/it\\\/shop\\\/super-gouna-viaggio-safaga\\\/#local-main-organization-logo\"},\"sameAs\":[\"https:\\\/\\\/web.facebook.com\\\/landiousEgypt\",\"https:\\\/\\\/x.com\\\/LandiousTours\",\"https:\\\/\\\/mastodon.social\\\/@landious\"],\"legalName\":\"Landious Travel\",\"telephone\":[],\"openingHoursSpecification\":[{\"@type\":\"OpeningHoursSpecification\",\"dayOfWeek\":[\"Monday\",\"Tuesday\",\"Wednesday\",\"Thursday\",\"Friday\",\"Saturday\",\"Sunday\"],\"opens\":\"09:00\",\"closes\":\"17:00\"}]},{\"@type\":\"ImageObject\",\"inLanguage\":\"it-IT\",\"@id\":\"https:\\\/\\\/landioustravel.com\\\/it\\\/shop\\\/super-gouna-viaggio-safaga\\\/#local-main-organization-logo\",\"url\":\"https:\\\/\\\/i0.wp.com\\\/landioustravel.com\\\/wp-content\\\/uploads\\\/2021\\\/06\\\/Landious-T.png?fit=500%2C500&ssl=1\",\"contentUrl\":\"https:\\\/\\\/i0.wp.com\\\/landioustravel.com\\\/wp-content\\\/uploads\\\/2021\\\/06\\\/Landious-T.png?fit=500%2C500&ssl=1\",\"width\":500,\"height\":500,\"caption\":\"Landious Travel\"}]}<\/script>\n<!-- \/ Yoast SEO Premium plugin. -->","yoast_head_json":{"title":"Super Gouna Viaggio Safaga","description":"Super Gouna Viaggio Safaga si godono un picnic in mare sulla costa del Mar Rosso mentre navigano verso la localit\u00e0 turistica di El Gouna. \u00c8 possibile","robots":{"index":"index","follow":"follow","max-snippet":"max-snippet:-1","max-image-preview":"max-image-preview:large","max-video-preview":"max-video-preview:-1"},"canonical":"https:\/\/landioustravel.com\/it\/shop\/super-gouna-viaggio-safaga\/","og_locale":"it_IT","og_type":"article","og_title":"Super Gouna Viaggio Safaga","og_description":"Landious Travel","og_url":"https:\/\/landioustravel.com\/it\/shop\/super-gouna-viaggio-safaga\/","og_site_name":"Landious Travel","article_publisher":"https:\/\/web.facebook.com\/landiousEgypt","article_modified_time":"2023-06-19T01:45:06+00:00","og_image":[{"width":1200,"height":675,"url":"https:\/\/i0.wp.com\/landioustravel.com\/wp-content\/uploads\/2022\/12\/Super-Gouna-Trip-Safaga-e1671564714540.jpg?fit=1200%2C675&ssl=1","type":"image\/jpeg"}],"twitter_card":"summary_large_image","twitter_site":"@LandiousTours","twitter_misc":{"Tempo di lettura stimato":"4 minuti"},"schema":{"@context":"https:\/\/schema.org","@graph":[{"@type":"WebPage","@id":"https:\/\/landioustravel.com\/it\/shop\/super-gouna-viaggio-safaga\/","url":"https:\/\/landioustravel.com\/it\/shop\/super-gouna-viaggio-safaga\/","name":"Super Gouna Viaggio Safaga","isPartOf":{"@id":"https:\/\/landioustravel.com\/it\/#website"},"primaryImageOfPage":{"@id":"https:\/\/landioustravel.com\/it\/shop\/super-gouna-viaggio-safaga\/#primaryimage"},"image":{"@id":"https:\/\/landioustravel.com\/it\/shop\/super-gouna-viaggio-safaga\/#primaryimage"},"thumbnailUrl":"https:\/\/i0.wp.com\/landioustravel.com\/wp-content\/uploads\/2022\/12\/Super-Gouna-Trip-Safaga-e1671564714540.jpg?fit=1200%2C675&ssl=1","datePublished":"2023-05-03T14:16:59+00:00","dateModified":"2023-06-19T01:45:06+00:00","description":"Super Gouna Viaggio Safaga si godono un picnic in mare sulla costa del Mar Rosso mentre navigano verso la localit\u00e0 turistica di El Gouna. \u00c8 possibile","breadcrumb":{"@id":"https:\/\/landioustravel.com\/it\/shop\/super-gouna-viaggio-safaga\/#breadcrumb"},"inLanguage":"it-IT","potentialAction":[{"@type":"ReadAction","target":["https:\/\/landioustravel.com\/it\/shop\/super-gouna-viaggio-safaga\/"]}]},{"@type":"ImageObject","inLanguage":"it-IT","@id":"https:\/\/landioustravel.com\/it\/shop\/super-gouna-viaggio-safaga\/#primaryimage","url":"https:\/\/i0.wp.com\/landioustravel.com\/wp-content\/uploads\/2022\/12\/Super-Gouna-Trip-Safaga-e1671564714540.jpg?fit=1200%2C675&ssl=1","contentUrl":"https:\/\/i0.wp.com\/landioustravel.com\/wp-content\/uploads\/2022\/12\/Super-Gouna-Trip-Safaga-e1671564714540.jpg?fit=1200%2C675&ssl=1","width":1200,"height":675,"caption":"Super Gouna Trip Safaga"},{"@type":"BreadcrumbList","@id":"https:\/\/landioustravel.com\/it\/shop\/super-gouna-viaggio-safaga\/#breadcrumb","itemListElement":[{"@type":"ListItem","position":1,"name":"Home","item":"https:\/\/landioustravel.com\/it\/"},{"@type":"ListItem","position":2,"name":"Tour in Egitto","item":"https:\/\/landioustravel.com\/it\/"},{"@type":"ListItem","position":3,"name":"Super Gouna Viaggio Safaga"}]},{"@type":"WebSite","@id":"https:\/\/landioustravel.com\/it\/#website","url":"https:\/\/landioustravel.com\/it\/","name":"Landious Travel","description":"Excursions, trips and cruises in Egypt","publisher":{"@id":"https:\/\/landioustravel.com\/it\/#organization"},"potentialAction":[{"@type":"SearchAction","target":{"@type":"EntryPoint","urlTemplate":"https:\/\/landioustravel.com\/it\/?s={search_term_string}"},"query-input":{"@type":"PropertyValueSpecification","valueRequired":true,"valueName":"search_term_string"}}],"inLanguage":"it-IT"},{"@type":["Organization","Place"],"@id":"https:\/\/landioustravel.com\/it\/#organization","name":"Landious Travel","alternateName":"Landious Travel","url":"https:\/\/landioustravel.com\/it\/","logo":{"@id":"https:\/\/landioustravel.com\/it\/shop\/super-gouna-viaggio-safaga\/#local-main-organization-logo"},"image":{"@id":"https:\/\/landioustravel.com\/it\/shop\/super-gouna-viaggio-safaga\/#local-main-organization-logo"},"sameAs":["https:\/\/web.facebook.com\/landiousEgypt","https:\/\/x.com\/LandiousTours","https:\/\/mastodon.social\/@landious"],"legalName":"Landious Travel","telephone":[],"openingHoursSpecification":[{"@type":"OpeningHoursSpecification","dayOfWeek":["Monday","Tuesday","Wednesday","Thursday","Friday","Saturday","Sunday"],"opens":"09:00","closes":"17:00"}]},{"@type":"ImageObject","inLanguage":"it-IT","@id":"https:\/\/landioustravel.com\/it\/shop\/super-gouna-viaggio-safaga\/#local-main-organization-logo","url":"https:\/\/i0.wp.com\/landioustravel.com\/wp-content\/uploads\/2021\/06\/Landious-T.png?fit=500%2C500&ssl=1","contentUrl":"https:\/\/i0.wp.com\/landioustravel.com\/wp-content\/uploads\/2021\/06\/Landious-T.png?fit=500%2C500&ssl=1","width":500,"height":500,"caption":"Landious Travel"}]}},"jetpack_publicize_connections":[],"uagb_featured_image_src":{"full":["https:\/\/i0.wp.com\/landioustravel.com\/wp-content\/uploads\/2022\/12\/Super-Gouna-Trip-Safaga-e1671564714540.jpg?fit=1200%2C675&ssl=1",1200,675,false],"thumbnail":["https:\/\/i0.wp.com\/landioustravel.com\/wp-content\/uploads\/2022\/12\/Super-Gouna-Trip-Safaga-e1671564714540.jpg?resize=150%2C150&ssl=1",150,150,true],"medium":["https:\/\/i0.wp.com\/landioustravel.com\/wp-content\/uploads\/2022\/12\/Super-Gouna-Trip-Safaga-e1671564714540.jpg?fit=300%2C169&ssl=1",300,169,true],"medium_large":["https:\/\/i0.wp.com\/landioustravel.com\/wp-content\/uploads\/2022\/12\/Super-Gouna-Trip-Safaga-e1671564714540.jpg?fit=768%2C432&ssl=1",768,432,true],"large":["https:\/\/i0.wp.com\/landioustravel.com\/wp-content\/uploads\/2022\/12\/Super-Gouna-Trip-Safaga-e1671564714540.jpg?fit=980%2C551&ssl=1",980,551,true],"1536x1536":["https:\/\/i0.wp.com\/landioustravel.com\/wp-content\/uploads\/2022\/12\/Super-Gouna-Trip-Safaga-e1671564714540.jpg?fit=1536%2C1024&ssl=1",1536,1024,true],"2048x2048":["https:\/\/i0.wp.com\/landioustravel.com\/wp-content\/uploads\/2022\/12\/Super-Gouna-Trip-Safaga-e1671564714540.jpg?fit=1200%2C675&ssl=1",1200,675,true],"newspack-article-block-landscape-large":["https:\/\/i0.wp.com\/landioustravel.com\/wp-content\/uploads\/2022\/12\/Super-Gouna-Trip-Safaga-e1671564714540.jpg?resize=1200%2C675&ssl=1",1200,675,true],"newspack-article-block-portrait-large":["https:\/\/i0.wp.com\/landioustravel.com\/wp-content\/uploads\/2022\/12\/Super-Gouna-Trip-Safaga-e1671564714540.jpg?resize=900%2C675&ssl=1",900,675,true],"newspack-article-block-square-large":["https:\/\/i0.wp.com\/landioustravel.com\/wp-content\/uploads\/2022\/12\/Super-Gouna-Trip-Safaga-e1671564714540.jpg?resize=1200%2C675&ssl=1",1200,675,true],"newspack-article-block-landscape-medium":["https:\/\/i0.wp.com\/landioustravel.com\/wp-content\/uploads\/2022\/12\/Super-Gouna-Trip-Safaga-e1671564714540.jpg?resize=800%2C600&ssl=1",800,600,true],"newspack-article-block-portrait-medium":["https:\/\/i0.wp.com\/landioustravel.com\/wp-content\/uploads\/2022\/12\/Super-Gouna-Trip-Safaga-e1671564714540.jpg?resize=600%2C675&ssl=1",600,675,true],"newspack-article-block-square-medium":["https:\/\/i0.wp.com\/landioustravel.com\/wp-content\/uploads\/2022\/12\/Super-Gouna-Trip-Safaga-e1671564714540.jpg?resize=800%2C675&ssl=1",800,675,true],"newspack-article-block-landscape-intermediate":["https:\/\/i0.wp.com\/landioustravel.com\/wp-content\/uploads\/2022\/12\/Super-Gouna-Trip-Safaga-e1671564714540.jpg?resize=600%2C450&ssl=1",600,450,true],"newspack-article-block-portrait-intermediate":["https:\/\/i0.wp.com\/landioustravel.com\/wp-content\/uploads\/2022\/12\/Super-Gouna-Trip-Safaga-e1671564714540.jpg?resize=450%2C600&ssl=1",450,600,true],"newspack-article-block-square-intermediate":["https:\/\/i0.wp.com\/landioustravel.com\/wp-content\/uploads\/2022\/12\/Super-Gouna-Trip-Safaga-e1671564714540.jpg?resize=600%2C600&ssl=1",600,600,true],"newspack-article-block-landscape-small":["https:\/\/i0.wp.com\/landioustravel.com\/wp-content\/uploads\/2022\/12\/Super-Gouna-Trip-Safaga-e1671564714540.jpg?resize=400%2C300&ssl=1",400,300,true],"newspack-article-block-portrait-small":["https:\/\/i0.wp.com\/landioustravel.com\/wp-content\/uploads\/2022\/12\/Super-Gouna-Trip-Safaga-e1671564714540.jpg?resize=300%2C400&ssl=1",300,400,true],"newspack-article-block-square-small":["https:\/\/i0.wp.com\/landioustravel.com\/wp-content\/uploads\/2022\/12\/Super-Gouna-Trip-Safaga-e1671564714540.jpg?resize=400%2C400&ssl=1",400,400,true],"newspack-article-block-landscape-tiny":["https:\/\/i0.wp.com\/landioustravel.com\/wp-content\/uploads\/2022\/12\/Super-Gouna-Trip-Safaga-e1671564714540.jpg?resize=200%2C150&ssl=1",200,150,true],"newspack-article-block-portrait-tiny":["https:\/\/i0.wp.com\/landioustravel.com\/wp-content\/uploads\/2022\/12\/Super-Gouna-Trip-Safaga-e1671564714540.jpg?resize=150%2C200&ssl=1",150,200,true],"newspack-article-block-square-tiny":["https:\/\/i0.wp.com\/landioustravel.com\/wp-content\/uploads\/2022\/12\/Super-Gouna-Trip-Safaga-e1671564714540.jpg?resize=200%2C200&ssl=1",200,200,true],"newspack-article-block-uncropped":["https:\/\/i0.wp.com\/landioustravel.com\/wp-content\/uploads\/2022\/12\/Super-Gouna-Trip-Safaga-e1671564714540.jpg?fit=1200%2C675&ssl=1",1200,675,true],"woocommerce_thumbnail":["https:\/\/i0.wp.com\/landioustravel.com\/wp-content\/uploads\/2022\/12\/Super-Gouna-Trip-Safaga-e1671564714540.jpg?resize=324%2C324&ssl=1",324,324,true],"woocommerce_single":["https:\/\/i0.wp.com\/landioustravel.com\/wp-content\/uploads\/2022\/12\/Super-Gouna-Trip-Safaga-e1671564714540.jpg?fit=416%2C234&ssl=1",416,234,true],"woocommerce_gallery_thumbnail":["https:\/\/i0.wp.com\/landioustravel.com\/wp-content\/uploads\/2022\/12\/Super-Gouna-Trip-Safaga-e1671564714540.jpg?resize=100%2C100&ssl=1",100,100,true]},"uagb_author_info":{"display_name":"Mofreh Landious","author_link":"https:\/\/landioustravel.com\/it\/author\/"},"uagb_comment_info":0,"uagb_excerpt":"Il viaggio nella Venezia egiziana da Safaga \u00e8 assolutamente delizioso e assolutamente da vedere per tutti i turisti. L'itinerario \u00e8 ricco di attivit\u00e0 entusiasmanti che ti faranno sicuramente sorridere. Durante la navigazione verso l'affascinante localit\u00e0 turistica di El Gouna, puoi crogiolarti nella bellezza della costa del Mar Rosso mentre ti godi un delizioso picnic in&hellip;","jetpack_sharing_enabled":true,"jetpack_likes_enabled":true,"amp_enabled":true,"_links":{"self":[{"href":"https:\/\/landioustravel.com\/it\/wp-json\/wp\/v2\/product\/142018","targetHints":{"allow":["GET"]}}],"collection":[{"href":"https:\/\/landioustravel.com\/it\/wp-json\/wp\/v2\/product"}],"about":[{"href":"https:\/\/landioustravel.com\/it\/wp-json\/wp\/v2\/types\/product"}],"replies":[{"embeddable":true,"href":"https:\/\/landioustravel.com\/it\/wp-json\/wp\/v2\/comments?post=142018"}],"wp:featuredmedia":[{"embeddable":true,"href":"https:\/\/landioustravel.com\/it\/wp-json\/wp\/v2\/media\/142022"}],"wp:attachment":[{"href":"https:\/\/landioustravel.com\/it\/wp-json\/wp\/v2\/media?parent=142018"}],"wp:term":[{"taxonomy":"product_brand","embeddable":true,"href":"https:\/\/landioustravel.com\/it\/wp-json\/wp\/v2\/product_brand?post=142018"},{"taxonomy":"product_cat","embeddable":true,"href":"https:\/\/landioustravel.com\/it\/wp-json\/wp\/v2\/product_cat?post=142018"},{"taxonomy":"product_tag","embeddable":true,"href":"https:\/\/landioustravel.com\/it\/wp-json\/wp\/v2\/product_tag?post=142018"}],"curies":[{"name":"wp","href":"https:\/\/api.w.org\/{rel}","templated":true}]}}