{"id":142060,"date":"2022-12-19T21:11:02","date_gmt":"2023-05-03T15:02:08","guid":{"rendered":"https:\/\/landioustravel.com\/?post_type=product&#038;p=142060"},"modified":"2023-06-19T04:55:03","modified_gmt":"2023-06-19T02:55:03","slug":"gita-casa-delfini-safaga","status":"publish","type":"product","link":"https:\/\/landioustravel.com\/it\/shop\/gita-casa-delfini-safaga\/","title":{"rendered":"Gita alla casa dei delfini Safaga"},"content":{"rendered":"<p>Gita alla casa dei delfini Safaga \u00e8 una gita in mare preferita per avvistare i delfini nel loro habitat a Dolphin House a Hurghada, in Egitto! Raccomandiamo il viaggio perch\u00e9 permette ai turisti di divertirsi al mare nuotando con i delfini. Inoltre, consentir\u00e0 di vedere le bellissime barriere coralline e vari pesci. Avrai l&#8217;opportunit\u00e0 unica di fare snorkeling e nuotare con le adorabili creature dei mammiferi: i delfini durante questa gita in barca. Inoltre, ti godrai un picnic sul mare attraverso il Mar Rosso.<\/p>\n<h2>Punti salienti dell&#8217;escursione alla casa dei delfini da Safaga<\/h2>\n<ul>\n<li>Nuotare con i delfini in mare aperto.<\/li>\n<li>Snorkeling in mare aperto.<\/li>\n<li>Pranzo a bordo della barca.<\/li>\n<li>Inoltre, Banana e Sofa ride.<\/li>\n<\/ul>\n<h2>Programma della Gita alla casa dei delfini Safaga<\/h2>\n<ul>\n<li>Per prima cosa, il rappresentante di Landious Travel verr\u00e0 a prenderti al tuo hotel di Safaga alle 08:00 circa.<\/li>\n<li>In secondo luogo, l&#8217;autobus va direttamente al porto dopo aver raccolto tutti i visitatori. La strada per questo porto impiegher\u00e0 circa 40 minuti.<\/li>\n<li>In quel porto troverai la tua barca. \u00c8 grande e chic! Questa barca ha due piani. Non appena si entra nella nave, \u00e8 necessario togliersi le calzature. Quindi, puoi salire al secondo piano per abbronzarti nel solarium superiore.<\/li>\n<\/ul>\n<h3>Picnic in mare e bagni di sole<\/h3>\n<ul>\n<li>La barca attraverser\u00e0 il Mar Rosso non appena il gruppo si sar\u00e0 riunito. Si diriger\u00e0 verso Dolphin Bay, verso El Gouna. Ti godrai un picnic in mare unico guardando i paesaggi naturali della regione del Mar Rosso e ammirando le acque blu e i cieli limpidi. Certo, avrai l&#8217;opportunit\u00e0 di goderti un bagno di sole sotto i caldi raggi del sole.<\/li>\n<\/ul>\n<h3>Snorkeling e nuoto con fermata dei delfini<\/h3>\n<ul>\n<li>Questo delizioso viaggio a Dolphin Bay inizia con un&#8217;esperienza unica! La tua prima tappa sar\u00e0 in mare aperto. L\u00ec puoi anche fare snorkeling e nuotare con i delfini.<\/li>\n<li>Quindi, ti fermerai in un altro posto per fare snorkeling con maschere e pinne.<\/li>\n<li>Dopo questa sosta, il gruppo si ritrover\u00e0 al primo piano per il pranzo. Durante il pranzo sar\u00e0 aperto il buffet.<\/li>\n<li>Infine, fai dei divertimenti cavalcando banane e giochi d&#8217;acqua sul divano.<\/li>\n<\/ul>\n<h3>Torna a casa<\/h3>\n<ul>\n<li>Infine, dopo un fantastico viaggio di snorkeling e nuotate con i delfini, la tua barca torner\u00e0 al porto. Ancora una volta, ti accompagneremo al tuo hotel.<\/li>\n<li>Questa escursione alla casa dei delfini da Safaga termina alle 16:30 circa.<\/li>\n<\/ul>\n<h2>Cosa include il prezzo dell&#8217;escursione alla casa dei delfini a Safaga?<\/h2>\n<ul>\n<li>Attrezzatura per lo snorkeling.<\/li>\n<li>Cibo e bevande.<\/li>\n<li>Inoltre, trasferimento al porto e ritorno in hotel.<\/li>\n<\/ul>\n<h2>Cosa non include il programma della casa dei delfini Safaga?<\/h2>\n<ul>\n<li>Biglietto d&#8217;ingresso (5 dollari USD a persona)<\/li>\n<li>Dvd video.<\/li>\n<li>Inoltre, il Photo CD.<\/li>\n<\/ul>\n<h2>Cosa portare con te per il viaggio?<\/h2>\n<ul>\n<li>Asciugamano.<\/li>\n<li>Inoltre, crema solare.<\/li>\n<\/ul>\n<h2>Giorni di prenotazione dell&#8217;escursione alla casa dei delfini Safaga<\/h2>\n<ul>\n<li>Tutti i giorni dalle 08:00 alle 17:00.<\/li>\n<\/ul>\n<h2>Informazioni sulla casa dei delfini<\/h2>\n<h3>Casa dei delfini a Hurghada<\/h3>\n<p>Dolphin House \u00e8 un&#8217;area di mare situata lungo la costa del Mar Rosso tra Hurghada ed El Gouna. In questa zona di mare vive un gran numero di delfini. \u00c8 il posto pi\u00f9 bello di Hurghada, dove puoi goderti la vita marina. In particolare, i turisti possono nuotare con i delfini nel loro ambiente naturale: Dolphin Bay. Questa esperienza \u00e8 una delle migliori esperienze marine che puoi fare a Hurghada!<\/p>\n<h3>Servizi presentati durante l&#8217;escursione alla Dolphin House Safaga<\/h3>\n<ul>\n<li><strong>Trasporto<\/strong>: Landious Travel utilizza una limousine\/minibus con aria condizionata per fornirti assistenza. Un autista professionista ti accompagner\u00e0 al porto e al tuo hotel.<\/li>\n<li><strong>Guida<\/strong>: un tour leader inglese professionista ti verr\u00e0 a prendere dai tuoi hotel e ti accompagner\u00e0 al porto.<\/li>\n<li><strong>Strutture nautiche:<\/strong> le nostre barche sono nuove a tre piani. Dotiamo queste barche di un salone da pranzo, acqua fredda, cucina e due bagni. Inoltre, forniamo giubbotti di salvataggio, attrezzatura per lo snorkeling e due mulinelli da traina al primo piano. Nel frattempo, il pavimento del ponte sole ha comodi lettini e una tenda.<\/li>\n<li><strong>Team e staff:<\/strong> avrai un equipaggio amichevole e professionale sulla barca. I nostri istruttori e formatori ti guideranno durante il viaggio.<\/li>\n<li><strong>Cibo<\/strong>: serviamo un delizioso pranzo a bordo con diversi piatti.<\/li>\n<\/ul>\n","protected":false},"excerpt":{"rendered":"<p>Vivi una giornata indimenticabile sull&#8217;acqua con una visita alla Dolphin House, un luogo rinomato nel Mar Rosso dove puoi ammirare i delfini selvatici nel loro habitat naturale. Avrai l&#8217;opportunit\u00e0 di nuotare con queste magnifiche creature mentre ti godi la vista mozzafiato delle barriere coralline e dei pesci. L&#8217;avventura non finisce qui! Potrai anche cavalcare su una banana boat e giocare con i giochi d&#8217;acqua tablet. A bordo verranno serviti un delizioso pranzo a buffet e bevande rinfrescanti e il cordiale equipaggio della barca ti assicurer\u00e0 un viaggio sicuro e piacevole. Non preoccuparti del trasporto, poich\u00e9 il prezzo del viaggio include i trasferimenti da e per il tuo hotel. Unisciti a noi per una fantastica giornata sull&#8217;acqua!<\/p>\n","protected":false},"featured_media":133260,"comment_status":"open","ping_status":"closed","template":"","meta":{"_coblocks_attr":"","_coblocks_dimensions":"","_coblocks_responsive_height":"","_coblocks_accordion_ie_support":"","_uag_custom_page_level_css":"","jetpack_publicize_message":"","jetpack_publicize_feature_enabled":true,"jetpack_social_post_already_shared":true,"jetpack_social_options":{"image_generator_settings":{"template":"highway","default_image_id":0,"font":"","enabled":false},"version":2},"_wpas_customize_per_network":false},"product_brand":[],"product_cat":[23523,16905,19573],"product_tag":[1931,1644,22564,1663,1682],"class_list":{"0":"post-142060","1":"product","2":"type-product","3":"status-publish","4":"has-post-thumbnail","6":"product_cat-escursioni-basso-costo-safaga","7":"product_cat-escursioni-safaga","8":"product_cat-gite-mare-safaga","9":"product_tag-casa-dei-delfini","10":"product_tag-escursione","11":"product_tag-mare","12":"product_tag-snorkeling-it","13":"product_tag-viaggi-marittimi","14":"pa_age-adulto","15":"pa_age-bambino-1-4-anni","16":"pa_age-bambino-5-11-anni","18":"first","19":"instock","20":"sale","21":"taxable","22":"shipping-taxable","23":"purchasable","24":"product-type-variable"},"yoast_head":"<!-- This site is optimized with the Yoast SEO Premium plugin v26.9 (Yoast SEO v27.4) - https:\/\/yoast.com\/product\/yoast-seo-premium-wordpress\/ -->\n<title>Gita alla casa dei delfini Safaga<\/title>\n<meta name=\"description\" content=\"Gita alla casa dei delfini Safaga ti consente di nuotare con i delfini in mare aperto e vedere le bellissime barriere coralline e i pesci. Inoltre\" \/>\n<meta name=\"robots\" content=\"index, follow, max-snippet:-1, max-image-preview:large, max-video-preview:-1\" \/>\n<link rel=\"canonical\" href=\"https:\/\/landioustravel.com\/it\/shop\/gita-casa-delfini-safaga\/\" \/>\n<meta property=\"og:locale\" content=\"it_IT\" \/>\n<meta property=\"og:type\" content=\"article\" \/>\n<meta property=\"og:title\" content=\"Gita alla casa dei delfini Safaga\" \/>\n<meta property=\"og:description\" content=\"Landious Travel\" \/>\n<meta property=\"og:url\" content=\"https:\/\/landioustravel.com\/it\/shop\/gita-casa-delfini-safaga\/\" \/>\n<meta property=\"og:site_name\" content=\"Landious Travel\" \/>\n<meta property=\"article:publisher\" content=\"https:\/\/web.facebook.com\/landiousEgypt\" \/>\n<meta property=\"article:modified_time\" content=\"2023-06-19T02:55:03+00:00\" \/>\n<meta property=\"og:image\" content=\"https:\/\/i0.wp.com\/landioustravel.com\/wp-content\/uploads\/2022\/12\/Dolphin-House-Trip-Safaga-e1671476782596.jpg?fit=1200%2C675&ssl=1\" \/>\n\t<meta property=\"og:image:width\" content=\"1200\" \/>\n\t<meta property=\"og:image:height\" content=\"675\" \/>\n\t<meta property=\"og:image:type\" content=\"image\/jpeg\" \/>\n<meta name=\"twitter:card\" content=\"summary_large_image\" \/>\n<meta name=\"twitter:site\" content=\"@LandiousTours\" \/>\n<meta name=\"twitter:label1\" content=\"Tempo di lettura stimato\" \/>\n\t<meta name=\"twitter:data1\" content=\"3 minuti\" \/>\n<script type=\"application\/ld+json\" class=\"yoast-schema-graph\">{\"@context\":\"https:\\\/\\\/schema.org\",\"@graph\":[{\"@type\":\"WebPage\",\"@id\":\"https:\\\/\\\/landioustravel.com\\\/it\\\/shop\\\/gita-casa-delfini-safaga\\\/\",\"url\":\"https:\\\/\\\/landioustravel.com\\\/it\\\/shop\\\/gita-casa-delfini-safaga\\\/\",\"name\":\"Gita alla casa dei delfini Safaga\",\"isPartOf\":{\"@id\":\"https:\\\/\\\/landioustravel.com\\\/it\\\/#website\"},\"primaryImageOfPage\":{\"@id\":\"https:\\\/\\\/landioustravel.com\\\/it\\\/shop\\\/gita-casa-delfini-safaga\\\/#primaryimage\"},\"image\":{\"@id\":\"https:\\\/\\\/landioustravel.com\\\/it\\\/shop\\\/gita-casa-delfini-safaga\\\/#primaryimage\"},\"thumbnailUrl\":\"https:\\\/\\\/i0.wp.com\\\/landioustravel.com\\\/wp-content\\\/uploads\\\/2022\\\/12\\\/Dolphin-House-Trip-Safaga-e1671476782596.jpg?fit=1200%2C675&ssl=1\",\"datePublished\":\"2023-05-03T15:02:08+00:00\",\"dateModified\":\"2023-06-19T02:55:03+00:00\",\"description\":\"Gita alla casa dei delfini Safaga ti consente di nuotare con i delfini in mare aperto e vedere le bellissime barriere coralline e i pesci. Inoltre\",\"breadcrumb\":{\"@id\":\"https:\\\/\\\/landioustravel.com\\\/it\\\/shop\\\/gita-casa-delfini-safaga\\\/#breadcrumb\"},\"inLanguage\":\"it-IT\",\"potentialAction\":[{\"@type\":\"ReadAction\",\"target\":[\"https:\\\/\\\/landioustravel.com\\\/it\\\/shop\\\/gita-casa-delfini-safaga\\\/\"]}]},{\"@type\":\"ImageObject\",\"inLanguage\":\"it-IT\",\"@id\":\"https:\\\/\\\/landioustravel.com\\\/it\\\/shop\\\/gita-casa-delfini-safaga\\\/#primaryimage\",\"url\":\"https:\\\/\\\/i0.wp.com\\\/landioustravel.com\\\/wp-content\\\/uploads\\\/2022\\\/12\\\/Dolphin-House-Trip-Safaga-e1671476782596.jpg?fit=1200%2C675&ssl=1\",\"contentUrl\":\"https:\\\/\\\/i0.wp.com\\\/landioustravel.com\\\/wp-content\\\/uploads\\\/2022\\\/12\\\/Dolphin-House-Trip-Safaga-e1671476782596.jpg?fit=1200%2C675&ssl=1\",\"width\":1200,\"height\":675,\"caption\":\"Dolphin House Trip Safaga\"},{\"@type\":\"BreadcrumbList\",\"@id\":\"https:\\\/\\\/landioustravel.com\\\/it\\\/shop\\\/gita-casa-delfini-safaga\\\/#breadcrumb\",\"itemListElement\":[{\"@type\":\"ListItem\",\"position\":1,\"name\":\"Home\",\"item\":\"https:\\\/\\\/landioustravel.com\\\/it\\\/\"},{\"@type\":\"ListItem\",\"position\":2,\"name\":\"Tour in Egitto\",\"item\":\"https:\\\/\\\/landioustravel.com\\\/it\\\/\"},{\"@type\":\"ListItem\",\"position\":3,\"name\":\"Gita alla casa dei delfini Safaga\"}]},{\"@type\":\"WebSite\",\"@id\":\"https:\\\/\\\/landioustravel.com\\\/it\\\/#website\",\"url\":\"https:\\\/\\\/landioustravel.com\\\/it\\\/\",\"name\":\"Landious Travel\",\"description\":\"Excursions, trips and cruises in Egypt\",\"publisher\":{\"@id\":\"https:\\\/\\\/landioustravel.com\\\/it\\\/#organization\"},\"potentialAction\":[{\"@type\":\"SearchAction\",\"target\":{\"@type\":\"EntryPoint\",\"urlTemplate\":\"https:\\\/\\\/landioustravel.com\\\/it\\\/?s={search_term_string}\"},\"query-input\":{\"@type\":\"PropertyValueSpecification\",\"valueRequired\":true,\"valueName\":\"search_term_string\"}}],\"inLanguage\":\"it-IT\"},{\"@type\":[\"Organization\",\"Place\"],\"@id\":\"https:\\\/\\\/landioustravel.com\\\/it\\\/#organization\",\"name\":\"Landious Travel\",\"alternateName\":\"Landious Travel\",\"url\":\"https:\\\/\\\/landioustravel.com\\\/it\\\/\",\"logo\":{\"@id\":\"https:\\\/\\\/landioustravel.com\\\/it\\\/shop\\\/gita-casa-delfini-safaga\\\/#local-main-organization-logo\"},\"image\":{\"@id\":\"https:\\\/\\\/landioustravel.com\\\/it\\\/shop\\\/gita-casa-delfini-safaga\\\/#local-main-organization-logo\"},\"sameAs\":[\"https:\\\/\\\/web.facebook.com\\\/landiousEgypt\",\"https:\\\/\\\/x.com\\\/LandiousTours\",\"https:\\\/\\\/mastodon.social\\\/@landious\"],\"legalName\":\"Landious Travel\",\"telephone\":[],\"openingHoursSpecification\":[{\"@type\":\"OpeningHoursSpecification\",\"dayOfWeek\":[\"Monday\",\"Tuesday\",\"Wednesday\",\"Thursday\",\"Friday\",\"Saturday\",\"Sunday\"],\"opens\":\"09:00\",\"closes\":\"17:00\"}]},{\"@type\":\"ImageObject\",\"inLanguage\":\"it-IT\",\"@id\":\"https:\\\/\\\/landioustravel.com\\\/it\\\/shop\\\/gita-casa-delfini-safaga\\\/#local-main-organization-logo\",\"url\":\"https:\\\/\\\/i0.wp.com\\\/landioustravel.com\\\/wp-content\\\/uploads\\\/2021\\\/06\\\/Landious-T.png?fit=500%2C500&ssl=1\",\"contentUrl\":\"https:\\\/\\\/i0.wp.com\\\/landioustravel.com\\\/wp-content\\\/uploads\\\/2021\\\/06\\\/Landious-T.png?fit=500%2C500&ssl=1\",\"width\":500,\"height\":500,\"caption\":\"Landious Travel\"}]}<\/script>\n<!-- \/ Yoast SEO Premium plugin. -->","yoast_head_json":{"title":"Gita alla casa dei delfini Safaga","description":"Gita alla casa dei delfini Safaga ti consente di nuotare con i delfini in mare aperto e vedere le bellissime barriere coralline e i pesci. Inoltre","robots":{"index":"index","follow":"follow","max-snippet":"max-snippet:-1","max-image-preview":"max-image-preview:large","max-video-preview":"max-video-preview:-1"},"canonical":"https:\/\/landioustravel.com\/it\/shop\/gita-casa-delfini-safaga\/","og_locale":"it_IT","og_type":"article","og_title":"Gita alla casa dei delfini Safaga","og_description":"Landious Travel","og_url":"https:\/\/landioustravel.com\/it\/shop\/gita-casa-delfini-safaga\/","og_site_name":"Landious Travel","article_publisher":"https:\/\/web.facebook.com\/landiousEgypt","article_modified_time":"2023-06-19T02:55:03+00:00","og_image":[{"width":1200,"height":675,"url":"https:\/\/i0.wp.com\/landioustravel.com\/wp-content\/uploads\/2022\/12\/Dolphin-House-Trip-Safaga-e1671476782596.jpg?fit=1200%2C675&ssl=1","type":"image\/jpeg"}],"twitter_card":"summary_large_image","twitter_site":"@LandiousTours","twitter_misc":{"Tempo di lettura stimato":"3 minuti"},"schema":{"@context":"https:\/\/schema.org","@graph":[{"@type":"WebPage","@id":"https:\/\/landioustravel.com\/it\/shop\/gita-casa-delfini-safaga\/","url":"https:\/\/landioustravel.com\/it\/shop\/gita-casa-delfini-safaga\/","name":"Gita alla casa dei delfini Safaga","isPartOf":{"@id":"https:\/\/landioustravel.com\/it\/#website"},"primaryImageOfPage":{"@id":"https:\/\/landioustravel.com\/it\/shop\/gita-casa-delfini-safaga\/#primaryimage"},"image":{"@id":"https:\/\/landioustravel.com\/it\/shop\/gita-casa-delfini-safaga\/#primaryimage"},"thumbnailUrl":"https:\/\/i0.wp.com\/landioustravel.com\/wp-content\/uploads\/2022\/12\/Dolphin-House-Trip-Safaga-e1671476782596.jpg?fit=1200%2C675&ssl=1","datePublished":"2023-05-03T15:02:08+00:00","dateModified":"2023-06-19T02:55:03+00:00","description":"Gita alla casa dei delfini Safaga ti consente di nuotare con i delfini in mare aperto e vedere le bellissime barriere coralline e i pesci. Inoltre","breadcrumb":{"@id":"https:\/\/landioustravel.com\/it\/shop\/gita-casa-delfini-safaga\/#breadcrumb"},"inLanguage":"it-IT","potentialAction":[{"@type":"ReadAction","target":["https:\/\/landioustravel.com\/it\/shop\/gita-casa-delfini-safaga\/"]}]},{"@type":"ImageObject","inLanguage":"it-IT","@id":"https:\/\/landioustravel.com\/it\/shop\/gita-casa-delfini-safaga\/#primaryimage","url":"https:\/\/i0.wp.com\/landioustravel.com\/wp-content\/uploads\/2022\/12\/Dolphin-House-Trip-Safaga-e1671476782596.jpg?fit=1200%2C675&ssl=1","contentUrl":"https:\/\/i0.wp.com\/landioustravel.com\/wp-content\/uploads\/2022\/12\/Dolphin-House-Trip-Safaga-e1671476782596.jpg?fit=1200%2C675&ssl=1","width":1200,"height":675,"caption":"Dolphin House Trip Safaga"},{"@type":"BreadcrumbList","@id":"https:\/\/landioustravel.com\/it\/shop\/gita-casa-delfini-safaga\/#breadcrumb","itemListElement":[{"@type":"ListItem","position":1,"name":"Home","item":"https:\/\/landioustravel.com\/it\/"},{"@type":"ListItem","position":2,"name":"Tour in Egitto","item":"https:\/\/landioustravel.com\/it\/"},{"@type":"ListItem","position":3,"name":"Gita alla casa dei delfini Safaga"}]},{"@type":"WebSite","@id":"https:\/\/landioustravel.com\/it\/#website","url":"https:\/\/landioustravel.com\/it\/","name":"Landious Travel","description":"Excursions, trips and cruises in Egypt","publisher":{"@id":"https:\/\/landioustravel.com\/it\/#organization"},"potentialAction":[{"@type":"SearchAction","target":{"@type":"EntryPoint","urlTemplate":"https:\/\/landioustravel.com\/it\/?s={search_term_string}"},"query-input":{"@type":"PropertyValueSpecification","valueRequired":true,"valueName":"search_term_string"}}],"inLanguage":"it-IT"},{"@type":["Organization","Place"],"@id":"https:\/\/landioustravel.com\/it\/#organization","name":"Landious Travel","alternateName":"Landious Travel","url":"https:\/\/landioustravel.com\/it\/","logo":{"@id":"https:\/\/landioustravel.com\/it\/shop\/gita-casa-delfini-safaga\/#local-main-organization-logo"},"image":{"@id":"https:\/\/landioustravel.com\/it\/shop\/gita-casa-delfini-safaga\/#local-main-organization-logo"},"sameAs":["https:\/\/web.facebook.com\/landiousEgypt","https:\/\/x.com\/LandiousTours","https:\/\/mastodon.social\/@landious"],"legalName":"Landious Travel","telephone":[],"openingHoursSpecification":[{"@type":"OpeningHoursSpecification","dayOfWeek":["Monday","Tuesday","Wednesday","Thursday","Friday","Saturday","Sunday"],"opens":"09:00","closes":"17:00"}]},{"@type":"ImageObject","inLanguage":"it-IT","@id":"https:\/\/landioustravel.com\/it\/shop\/gita-casa-delfini-safaga\/#local-main-organization-logo","url":"https:\/\/i0.wp.com\/landioustravel.com\/wp-content\/uploads\/2021\/06\/Landious-T.png?fit=500%2C500&ssl=1","contentUrl":"https:\/\/i0.wp.com\/landioustravel.com\/wp-content\/uploads\/2021\/06\/Landious-T.png?fit=500%2C500&ssl=1","width":500,"height":500,"caption":"Landious Travel"}]}},"jetpack_publicize_connections":[],"uagb_featured_image_src":{"full":["https:\/\/i0.wp.com\/landioustravel.com\/wp-content\/uploads\/2022\/12\/Dolphin-House-Trip-Safaga-e1671476782596.jpg?fit=1200%2C675&ssl=1",1200,675,false],"thumbnail":["https:\/\/i0.wp.com\/landioustravel.com\/wp-content\/uploads\/2022\/12\/Dolphin-House-Trip-Safaga-e1671476782596.jpg?resize=150%2C150&ssl=1",150,150,true],"medium":["https:\/\/i0.wp.com\/landioustravel.com\/wp-content\/uploads\/2022\/12\/Dolphin-House-Trip-Safaga-e1671476782596.jpg?fit=300%2C169&ssl=1",300,169,true],"medium_large":["https:\/\/i0.wp.com\/landioustravel.com\/wp-content\/uploads\/2022\/12\/Dolphin-House-Trip-Safaga-e1671476782596.jpg?fit=768%2C432&ssl=1",768,432,true],"large":["https:\/\/i0.wp.com\/landioustravel.com\/wp-content\/uploads\/2022\/12\/Dolphin-House-Trip-Safaga-e1671476782596.jpg?fit=980%2C551&ssl=1",980,551,true],"1536x1536":["https:\/\/i0.wp.com\/landioustravel.com\/wp-content\/uploads\/2022\/12\/Dolphin-House-Trip-Safaga-e1671476782596.jpg?fit=1536%2C864&ssl=1",1536,864,true],"2048x2048":["https:\/\/i0.wp.com\/landioustravel.com\/wp-content\/uploads\/2022\/12\/Dolphin-House-Trip-Safaga-e1671476782596.jpg?fit=2048%2C1151&ssl=1",2048,1151,true],"newspack-article-block-landscape-large":["https:\/\/i0.wp.com\/landioustravel.com\/wp-content\/uploads\/2022\/12\/Dolphin-House-Trip-Safaga-e1671476782596.jpg?resize=1200%2C675&ssl=1",1200,675,true],"newspack-article-block-portrait-large":["https:\/\/i0.wp.com\/landioustravel.com\/wp-content\/uploads\/2022\/12\/Dolphin-House-Trip-Safaga-e1671476782596.jpg?resize=900%2C675&ssl=1",900,675,true],"newspack-article-block-square-large":["https:\/\/i0.wp.com\/landioustravel.com\/wp-content\/uploads\/2022\/12\/Dolphin-House-Trip-Safaga-e1671476782596.jpg?resize=1200%2C675&ssl=1",1200,675,true],"newspack-article-block-landscape-medium":["https:\/\/i0.wp.com\/landioustravel.com\/wp-content\/uploads\/2022\/12\/Dolphin-House-Trip-Safaga-e1671476782596.jpg?resize=800%2C600&ssl=1",800,600,true],"newspack-article-block-portrait-medium":["https:\/\/i0.wp.com\/landioustravel.com\/wp-content\/uploads\/2022\/12\/Dolphin-House-Trip-Safaga-e1671476782596.jpg?resize=600%2C675&ssl=1",600,675,true],"newspack-article-block-square-medium":["https:\/\/i0.wp.com\/landioustravel.com\/wp-content\/uploads\/2022\/12\/Dolphin-House-Trip-Safaga-e1671476782596.jpg?resize=800%2C675&ssl=1",800,675,true],"newspack-article-block-landscape-intermediate":["https:\/\/i0.wp.com\/landioustravel.com\/wp-content\/uploads\/2022\/12\/Dolphin-House-Trip-Safaga-e1671476782596.jpg?resize=600%2C450&ssl=1",600,450,true],"newspack-article-block-portrait-intermediate":["https:\/\/i0.wp.com\/landioustravel.com\/wp-content\/uploads\/2022\/12\/Dolphin-House-Trip-Safaga-e1671476782596.jpg?resize=450%2C600&ssl=1",450,600,true],"newspack-article-block-square-intermediate":["https:\/\/i0.wp.com\/landioustravel.com\/wp-content\/uploads\/2022\/12\/Dolphin-House-Trip-Safaga-e1671476782596.jpg?resize=600%2C600&ssl=1",600,600,true],"newspack-article-block-landscape-small":["https:\/\/i0.wp.com\/landioustravel.com\/wp-content\/uploads\/2022\/12\/Dolphin-House-Trip-Safaga-e1671476782596.jpg?resize=400%2C300&ssl=1",400,300,true],"newspack-article-block-portrait-small":["https:\/\/i0.wp.com\/landioustravel.com\/wp-content\/uploads\/2022\/12\/Dolphin-House-Trip-Safaga-e1671476782596.jpg?resize=300%2C400&ssl=1",300,400,true],"newspack-article-block-square-small":["https:\/\/i0.wp.com\/landioustravel.com\/wp-content\/uploads\/2022\/12\/Dolphin-House-Trip-Safaga-e1671476782596.jpg?resize=400%2C400&ssl=1",400,400,true],"newspack-article-block-landscape-tiny":["https:\/\/i0.wp.com\/landioustravel.com\/wp-content\/uploads\/2022\/12\/Dolphin-House-Trip-Safaga-e1671476782596.jpg?resize=200%2C150&ssl=1",200,150,true],"newspack-article-block-portrait-tiny":["https:\/\/i0.wp.com\/landioustravel.com\/wp-content\/uploads\/2022\/12\/Dolphin-House-Trip-Safaga-e1671476782596.jpg?resize=150%2C200&ssl=1",150,200,true],"newspack-article-block-square-tiny":["https:\/\/i0.wp.com\/landioustravel.com\/wp-content\/uploads\/2022\/12\/Dolphin-House-Trip-Safaga-e1671476782596.jpg?resize=200%2C200&ssl=1",200,200,true],"newspack-article-block-uncropped":["https:\/\/i0.wp.com\/landioustravel.com\/wp-content\/uploads\/2022\/12\/Dolphin-House-Trip-Safaga-e1671476782596.jpg?fit=1200%2C675&ssl=1",1200,675,true],"woocommerce_thumbnail":["https:\/\/i0.wp.com\/landioustravel.com\/wp-content\/uploads\/2022\/12\/Dolphin-House-Trip-Safaga-e1671476782596.jpg?resize=324%2C324&ssl=1",324,324,true],"woocommerce_single":["https:\/\/i0.wp.com\/landioustravel.com\/wp-content\/uploads\/2022\/12\/Dolphin-House-Trip-Safaga-e1671476782596.jpg?fit=416%2C234&ssl=1",416,234,true],"woocommerce_gallery_thumbnail":["https:\/\/i0.wp.com\/landioustravel.com\/wp-content\/uploads\/2022\/12\/Dolphin-House-Trip-Safaga-e1671476782596.jpg?resize=100%2C100&ssl=1",100,100,true]},"uagb_author_info":{"display_name":"Mofreh Landious","author_link":"https:\/\/landioustravel.com\/it\/author\/"},"uagb_comment_info":0,"uagb_excerpt":"Vivi una giornata indimenticabile sull'acqua con una visita alla Dolphin House, un luogo rinomato nel Mar Rosso dove puoi ammirare i delfini selvatici nel loro habitat naturale. Avrai l'opportunit\u00e0 di nuotare con queste magnifiche creature mentre ti godi la vista mozzafiato delle barriere coralline e dei pesci. L'avventura non finisce qui! Potrai anche cavalcare su&hellip;","jetpack_sharing_enabled":true,"jetpack_likes_enabled":true,"amp_enabled":true,"_links":{"self":[{"href":"https:\/\/landioustravel.com\/it\/wp-json\/wp\/v2\/product\/142060","targetHints":{"allow":["GET"]}}],"collection":[{"href":"https:\/\/landioustravel.com\/it\/wp-json\/wp\/v2\/product"}],"about":[{"href":"https:\/\/landioustravel.com\/it\/wp-json\/wp\/v2\/types\/product"}],"replies":[{"embeddable":true,"href":"https:\/\/landioustravel.com\/it\/wp-json\/wp\/v2\/comments?post=142060"}],"wp:featuredmedia":[{"embeddable":true,"href":"https:\/\/landioustravel.com\/it\/wp-json\/wp\/v2\/media\/133260"}],"wp:attachment":[{"href":"https:\/\/landioustravel.com\/it\/wp-json\/wp\/v2\/media?parent=142060"}],"wp:term":[{"taxonomy":"product_brand","embeddable":true,"href":"https:\/\/landioustravel.com\/it\/wp-json\/wp\/v2\/product_brand?post=142060"},{"taxonomy":"product_cat","embeddable":true,"href":"https:\/\/landioustravel.com\/it\/wp-json\/wp\/v2\/product_cat?post=142060"},{"taxonomy":"product_tag","embeddable":true,"href":"https:\/\/landioustravel.com\/it\/wp-json\/wp\/v2\/product_tag?post=142060"}],"curies":[{"name":"wp","href":"https:\/\/api.w.org\/{rel}","templated":true}]}}