{"id":142078,"date":"2022-12-19T03:11:29","date_gmt":"2023-05-03T17:32:44","guid":{"rendered":"https:\/\/landioustravel.com\/?post_type=product&#038;p=142078"},"modified":"2023-06-19T05:06:26","modified_gmt":"2023-06-19T03:06:26","slug":"luxor-dendera-viaggio-safaga","status":"publish","type":"product","link":"https:\/\/landioustravel.com\/it\/shop\/luxor-dendera-viaggio-safaga\/","title":{"rendered":"Luxor Dendera Viaggio Safaga"},"content":{"rendered":"<p>Luxor Dendera Trip Safaga \u00e8 un&#8217;entusiasmante escursione a Dendera e Luxor dalla localit\u00e0 di Safaga, in Egitto! Raccomandiamo il viaggio perch\u00e9 permette ai turisti di vedere le attrazioni in due citt\u00e0. Questi monumenti risalgono a due epoche della storia egiziana: l&#8217;Antico Egitto e l&#8217;Impero Romano. Consente una porzione significativa di gioia e di imparare di pi\u00f9 sulla storia del paese.<\/p>\n<h2>Punti salienti dell&#8217;escursione Dendera e Luxor da Safaga<\/h2>\n<ul>\n<li>Ammira il tempio di Karnak nella parte orientale di Luxor.<\/li>\n<li>Pranzo in un ristorante sul fiume Nilo.<\/li>\n<li>I Colossi di Memnone nel Tempio di Amenhotep III.<\/li>\n<li>Tempio della regina Hatshepsut nel Luxor occidentale.<\/li>\n<li>Inoltre, scopri il tempio della dea Hathor a Dendera.<\/li>\n<\/ul>\n<h2>Programma del tour Dendera e Luxor<\/h2>\n<ul>\n<li>Per prima cosa, il rappresentante di Landious Travel verr\u00e0 a prenderti all&#8217;hotel di Safaga intorno alle 05:00.<\/li>\n<li>In secondo luogo, dopo aver preso tutti i visitatori, l&#8217;autobus sar\u00e0 diretto a Qena, che si trova a 174 km di distanza nella Valle del Nilo. Di conseguenza, dal centro di Safaga a Qena, il percorso durer\u00e0 circa 2 ore.<\/li>\n<\/ul>\n<h3>Programma in Qena<\/h3>\n<ul>\n<li>Una volta arrivato alla citt\u00e0 di Qena, inizierai la visita al tempio della dea Hathor. Questo tempio si trova in modo impressionante a Dendera, un villaggio vicino a Qena. \u00c8 un complesso di templi ed edifici. La tua guida inizier\u00e0 con una spiegazione del luogo. Quindi ti mostrer\u00e0 i siti pi\u00f9 visitati di questo grande complesso. Il complesso stesso contiene diversi templi ed edifici. La tua guida avr\u00e0 il compito di mostrarti tutti questi templi e darti del tempo libero per scattare foto.<\/li>\n<\/ul>\n<h3>Programma a Luxor orientale<\/h3>\n<ul>\n<li>Quindi, ti dirigerai verso la citt\u00e0 di Luxor. La strada da Dendera a Luxor impiegher\u00e0 mezz&#8217;ora. Ti mostreremo il tempio di Karnak quando arriverai a Luxor. Il tempio \u00e8 il pi\u00f9 grande in Egitto e nel mondo intero. Il tempio esiste nella citt\u00e0 della vita &#8211; Luxor orientale. Successivamente, la tua guida inizia la spiegazione del tempio. Quindi, ti mostrer\u00e0 i luoghi pi\u00f9 visitati di questo grande complesso. \u00c8 interessante notare che questo complesso stesso contiene diversi templi ed edifici. La tua guida avr\u00e0 il compito di mostrarti tutti questi templi e darti del tempo libero per scattare foto.<\/li>\n<li>Dopo la visita al tempio di Karnak nella parte orientale di Luxor, farai la spesa per un po&#8217; di tempo.<\/li>\n<li>Quindi, inizi un picnic in barca attraverso il Nilo con una visita a Banana Island. \u00c8 un programma aggiuntivo; puoi ordinarlo tramite noi in anticipo! Al termine del picnic sul Nilo, ti ritroverai nella parte occidentale di Luxor, la citt\u00e0 dei morti.<\/li>\n<\/ul>\n<h3>Programma a Luxor occidentale<\/h3>\n<ul>\n<li>Nella parte occidentale di Luxor, il viaggio continua con una visita ai Colossi di Memnone. Questi Colossi sono le due squisite statue che si trovano all&#8217;ingresso del tempio di Amenhotep III. Naturalmente, la tua guida ti mostra queste statue. Quindi, ti d\u00e0 il tempo libero per scattare una foto.<\/li>\n<li>Inoltre, ti dirigerai verso il bellissimo tempio della regina Hatshepsut. \u00c8 il grande tempio che si trova a Deir el-Bahary. I costruttori dell&#8217;antico Egitto lo tagliarono sorprendentemente nella roccia, composto da tre piani. Intorno a questo tempio vedrai tutti i tipi di tombe e altri templi. Accanto al tempio di Hatshepsut si trovano i templi di Thutmose III e Amenhotep Neb Hept Ra. Ancora una volta, la tua guida fornisce informazioni e tempo libero per ispezionare il luogo.<\/li>\n<li>In seguito, il prossimo punto di questo programma ti permetter\u00e0 di osservare come gli artigiani preparano le statue nell&#8217;antichit\u00e0. In effetti, puoi farti un&#8217;idea di questo lavoro artigianale nella fabbrica di alabastro.<\/li>\n<\/ul>\n<h3>Partenza<\/h3>\n<ul>\n<li>Infine, il nostro autobus torna a Safaga dopo un fantastico giro turistico nella bellissima citt\u00e0 di Luxor.<\/li>\n<li>Questa escursione a Dendera e Luxor da Safaga termina alle 22:00 circa.<\/li>\n<\/ul>\n<h2>Cosa include il prezzo dell&#8217;escursione Dendera e Luxor Safaga?<\/h2>\n<ul>\n<li>Biglietti per visitare i templi.<\/li>\n<li>Pranzo.<\/li>\n<li>Guida.<\/li>\n<li>Inoltre, trasferimento a Luxor e ritorno in hotel.<\/li>\n<\/ul>\n<h2>Cosa non include il programma di Luxor &amp; Dendera Viaggio Safaga?<\/h2>\n<ul>\n<li>Ulteriori programmi di escursioni.<\/li>\n<li>Inoltre, Bevande.<\/li>\n<\/ul>\n<h2>Cosa portare con te per il viaggio?<\/h2>\n<ul>\n<li>Scatola per la colazione.<\/li>\n<li>Inoltre, indossa abiti adatti alla stagione.<\/li>\n<\/ul>\n<h2>Giorni di prenotazione del viaggio a Luxor e Dendera da Safaga<\/h2>\n<ul>\n<li>Domenica dalle 04:00 alle 20:00.<\/li>\n<li>Marted\u00ec dalle 04:00 alle 20:00.<\/li>\n<li>Inoltre, gioved\u00ec dalle 04:00 alle 20:00.<\/li>\n<\/ul>\n<h2>Cosa ci si aspetta di vedere durante l&#8217;escursione a Dendera e Luxor da Safaga?<\/h2>\n<h3>Monumenti a Dendera<\/h3>\n<h4>Templi di Dendera<\/h4>\n<p>Il complesso del tempio di Dendera mostra una scena della lunga storia dell&#8217;Egitto. Questo fantastico complesso rivela molto di questa storia. Seguendo questa complessa storia, scopriremo che gli antichi egizi lo costruirono. In altre parole, i primi edifici risalgono al periodo dell&#8217;Antico Egitto. Inoltre, possiamo notare che i governanti greci e romani contribuirono ampiamente alla costruzione dei significativi templi rimasti.<\/p>\n<h3>Monumenti sulla sponda orientale del fiume Nilo<\/h3>\n<h4>Tempio di Karnak<\/h4>\n<p>Il vecchio nome del tempio di Karnak \u00e8 Ipet-isut che significa &#8220;il pi\u00f9 sacro dei luoghi&#8221;. \u00c8 il pi\u00f9 grande complesso di templi del mondo antico. Sorprendentemente, rappresenta il risultato di molte generazioni di antichi costruttori e faraoni. La costruzione continua di questo complesso tempio \u00e8 durata pi\u00f9 di duemila anni. Comprende tre templi principali, templi chiusi pi\u00f9 piccoli e diversi templi esterni su 247 acri. All&#8217;interno della grande sala ipostila c&#8217;\u00e8 un&#8217;incredibile foresta di colonne giganti.<\/p>\n<h4>Tempio di Hatshepsut<\/h4>\n<p>A El Deir El Bahary, il tempio di Hatshepsut \u00e8 un imponente tempio dedicato alla regina Hatshepsut, l&#8217;unica donna faraone. \u00c8 uno dei templi pi\u00f9 belli e meglio conservati di tutti i templi dell&#8217;antico Egitto! In modo impressionante, i templi di Hatshepsut si ergono nel deserto con una serie di terrazze. Inoltre, sembra fondersi con le ripide scogliere calcaree che lo circondano.<\/p>\n<h4>Tempio di Thutmose III<\/h4>\n<p>Deir el-Bahari \u00e8 la sede del tempio di Thutmose III. Il tempio si trova su una piattaforma rocciosa al centro della valle di Deir el-Bahari. Quindi, domina sulle altre strutture circostanti. Il Tempio di Hatshepsut e il Tempio di Mentuhotep Nebhepetre circondano il progetto stesso.<\/p>\n<h4>Inoltre, Colossi di Memnon<\/h4>\n<p>I resti significativi di un vasto tempio funerario sono due enormi statue mono-pietra del re Amenhotep III.<\/p>\n","protected":false},"excerpt":{"rendered":"<p>Scopri le meraviglie dell&#8217;antico Egitto con un tour giornaliero personalizzato da Safaga a Dendera e Luxor. Immergiti nella ricca storia di queste due magnifiche citt\u00e0 mentre esplori i loro siti archeologici di fama mondiale. Viaggia nel tempo mentre visiti lo splendido tempio di Karnak e il maestoso Colossi Memnon. Lasciati incantare dal maestoso tempio della regina Hatshepsut e scopri i segreti della dea Hathor al tempio di Dendera. Prenota ora e intraprendi il viaggio di una vita!<\/p>\n","protected":false},"featured_media":132743,"comment_status":"open","ping_status":"closed","template":"","meta":{"_coblocks_attr":"","_coblocks_dimensions":"","_coblocks_responsive_height":"","_coblocks_accordion_ie_support":"","_uag_custom_page_level_css":"","jetpack_publicize_message":"","jetpack_publicize_feature_enabled":true,"jetpack_social_post_already_shared":true,"jetpack_social_options":{"image_generator_settings":{"template":"highway","default_image_id":0,"font":"","enabled":false},"version":2},"_wpas_customize_per_network":false},"product_brand":[],"product_cat":[23523,16905,23527],"product_tag":[1685,1644,1668,9910],"class_list":{"0":"post-142078","1":"product","2":"type-product","3":"status-publish","4":"has-post-thumbnail","6":"product_cat-escursioni-basso-costo-safaga","7":"product_cat-escursioni-safaga","8":"product_cat-escursioni-turistiche-safaga","9":"product_tag-dendera-it","10":"product_tag-escursione","11":"product_tag-luxor-it","12":"product_tag-visita-turistica","13":"pa_age-adulto","14":"pa_age-bambino-1-4-anni","15":"pa_age-bambino-5-11-anni","17":"first","18":"instock","19":"sale","20":"taxable","21":"shipping-taxable","22":"purchasable","23":"product-type-variable"},"yoast_head":"<!-- This site is optimized with the Yoast SEO Premium plugin v26.9 (Yoast SEO v27.4) - https:\/\/yoast.com\/product\/yoast-seo-premium-wordpress\/ -->\n<title>Luxor Dendera Viaggio Safaga<\/title>\n<meta name=\"description\" content=\"Luxor Dendera Viaggio Safaga Poi pranzeremo. Nella parte occidentale di Luxor, vedrai i Colossi Memnon, situati nel Tempio di Amenhotep III, e il tempio\" \/>\n<meta name=\"robots\" content=\"index, follow, max-snippet:-1, max-image-preview:large, max-video-preview:-1\" \/>\n<link rel=\"canonical\" href=\"https:\/\/landioustravel.com\/it\/shop\/luxor-dendera-viaggio-safaga\/\" \/>\n<meta property=\"og:locale\" content=\"it_IT\" \/>\n<meta property=\"og:type\" content=\"article\" \/>\n<meta property=\"og:title\" content=\"Luxor Dendera Viaggio Safaga\" \/>\n<meta property=\"og:description\" content=\"Landious Travel\" \/>\n<meta property=\"og:url\" content=\"https:\/\/landioustravel.com\/it\/shop\/luxor-dendera-viaggio-safaga\/\" \/>\n<meta property=\"og:site_name\" content=\"Landious Travel\" \/>\n<meta property=\"article:publisher\" content=\"https:\/\/web.facebook.com\/landiousEgypt\" \/>\n<meta property=\"article:modified_time\" content=\"2023-06-19T03:06:26+00:00\" \/>\n<meta property=\"og:image\" content=\"https:\/\/i0.wp.com\/landioustravel.com\/wp-content\/uploads\/2022\/12\/Luxor-Dendera-Trip-Safaga-e1671411212841.jpg?fit=1200%2C675&ssl=1\" \/>\n\t<meta property=\"og:image:width\" content=\"1200\" \/>\n\t<meta property=\"og:image:height\" content=\"675\" \/>\n\t<meta property=\"og:image:type\" content=\"image\/jpeg\" \/>\n<meta name=\"twitter:card\" content=\"summary_large_image\" \/>\n<meta name=\"twitter:site\" content=\"@LandiousTours\" \/>\n<meta name=\"twitter:label1\" content=\"Tempo di lettura stimato\" \/>\n\t<meta name=\"twitter:data1\" content=\"5 minuti\" \/>\n<script type=\"application\/ld+json\" class=\"yoast-schema-graph\">{\"@context\":\"https:\\\/\\\/schema.org\",\"@graph\":[{\"@type\":\"WebPage\",\"@id\":\"https:\\\/\\\/landioustravel.com\\\/it\\\/shop\\\/luxor-dendera-viaggio-safaga\\\/\",\"url\":\"https:\\\/\\\/landioustravel.com\\\/it\\\/shop\\\/luxor-dendera-viaggio-safaga\\\/\",\"name\":\"Luxor Dendera Viaggio Safaga\",\"isPartOf\":{\"@id\":\"https:\\\/\\\/landioustravel.com\\\/it\\\/#website\"},\"primaryImageOfPage\":{\"@id\":\"https:\\\/\\\/landioustravel.com\\\/it\\\/shop\\\/luxor-dendera-viaggio-safaga\\\/#primaryimage\"},\"image\":{\"@id\":\"https:\\\/\\\/landioustravel.com\\\/it\\\/shop\\\/luxor-dendera-viaggio-safaga\\\/#primaryimage\"},\"thumbnailUrl\":\"https:\\\/\\\/i0.wp.com\\\/landioustravel.com\\\/wp-content\\\/uploads\\\/2022\\\/12\\\/Luxor-Dendera-Trip-Safaga-e1671411212841.jpg?fit=1200%2C675&ssl=1\",\"datePublished\":\"2023-05-03T17:32:44+00:00\",\"dateModified\":\"2023-06-19T03:06:26+00:00\",\"description\":\"Luxor Dendera Viaggio Safaga Poi pranzeremo. Nella parte occidentale di Luxor, vedrai i Colossi Memnon, situati nel Tempio di Amenhotep III, e il tempio\",\"breadcrumb\":{\"@id\":\"https:\\\/\\\/landioustravel.com\\\/it\\\/shop\\\/luxor-dendera-viaggio-safaga\\\/#breadcrumb\"},\"inLanguage\":\"it-IT\",\"potentialAction\":[{\"@type\":\"ReadAction\",\"target\":[\"https:\\\/\\\/landioustravel.com\\\/it\\\/shop\\\/luxor-dendera-viaggio-safaga\\\/\"]}]},{\"@type\":\"ImageObject\",\"inLanguage\":\"it-IT\",\"@id\":\"https:\\\/\\\/landioustravel.com\\\/it\\\/shop\\\/luxor-dendera-viaggio-safaga\\\/#primaryimage\",\"url\":\"https:\\\/\\\/i0.wp.com\\\/landioustravel.com\\\/wp-content\\\/uploads\\\/2022\\\/12\\\/Luxor-Dendera-Trip-Safaga-e1671411212841.jpg?fit=1200%2C675&ssl=1\",\"contentUrl\":\"https:\\\/\\\/i0.wp.com\\\/landioustravel.com\\\/wp-content\\\/uploads\\\/2022\\\/12\\\/Luxor-Dendera-Trip-Safaga-e1671411212841.jpg?fit=1200%2C675&ssl=1\",\"width\":1200,\"height\":675,\"caption\":\"Luxor Dendera Trip Safaga\"},{\"@type\":\"BreadcrumbList\",\"@id\":\"https:\\\/\\\/landioustravel.com\\\/it\\\/shop\\\/luxor-dendera-viaggio-safaga\\\/#breadcrumb\",\"itemListElement\":[{\"@type\":\"ListItem\",\"position\":1,\"name\":\"Home\",\"item\":\"https:\\\/\\\/landioustravel.com\\\/it\\\/\"},{\"@type\":\"ListItem\",\"position\":2,\"name\":\"Tour in Egitto\",\"item\":\"https:\\\/\\\/landioustravel.com\\\/it\\\/\"},{\"@type\":\"ListItem\",\"position\":3,\"name\":\"Luxor Dendera Viaggio Safaga\"}]},{\"@type\":\"WebSite\",\"@id\":\"https:\\\/\\\/landioustravel.com\\\/it\\\/#website\",\"url\":\"https:\\\/\\\/landioustravel.com\\\/it\\\/\",\"name\":\"Landious Travel\",\"description\":\"Excursions, trips and cruises in Egypt\",\"publisher\":{\"@id\":\"https:\\\/\\\/landioustravel.com\\\/it\\\/#organization\"},\"potentialAction\":[{\"@type\":\"SearchAction\",\"target\":{\"@type\":\"EntryPoint\",\"urlTemplate\":\"https:\\\/\\\/landioustravel.com\\\/it\\\/?s={search_term_string}\"},\"query-input\":{\"@type\":\"PropertyValueSpecification\",\"valueRequired\":true,\"valueName\":\"search_term_string\"}}],\"inLanguage\":\"it-IT\"},{\"@type\":[\"Organization\",\"Place\"],\"@id\":\"https:\\\/\\\/landioustravel.com\\\/it\\\/#organization\",\"name\":\"Landious Travel\",\"alternateName\":\"Landious Travel\",\"url\":\"https:\\\/\\\/landioustravel.com\\\/it\\\/\",\"logo\":{\"@id\":\"https:\\\/\\\/landioustravel.com\\\/it\\\/shop\\\/luxor-dendera-viaggio-safaga\\\/#local-main-organization-logo\"},\"image\":{\"@id\":\"https:\\\/\\\/landioustravel.com\\\/it\\\/shop\\\/luxor-dendera-viaggio-safaga\\\/#local-main-organization-logo\"},\"sameAs\":[\"https:\\\/\\\/web.facebook.com\\\/landiousEgypt\",\"https:\\\/\\\/x.com\\\/LandiousTours\",\"https:\\\/\\\/mastodon.social\\\/@landious\"],\"legalName\":\"Landious Travel\",\"telephone\":[],\"openingHoursSpecification\":[{\"@type\":\"OpeningHoursSpecification\",\"dayOfWeek\":[\"Monday\",\"Tuesday\",\"Wednesday\",\"Thursday\",\"Friday\",\"Saturday\",\"Sunday\"],\"opens\":\"09:00\",\"closes\":\"17:00\"}]},{\"@type\":\"ImageObject\",\"inLanguage\":\"it-IT\",\"@id\":\"https:\\\/\\\/landioustravel.com\\\/it\\\/shop\\\/luxor-dendera-viaggio-safaga\\\/#local-main-organization-logo\",\"url\":\"https:\\\/\\\/i0.wp.com\\\/landioustravel.com\\\/wp-content\\\/uploads\\\/2021\\\/06\\\/Landious-T.png?fit=500%2C500&ssl=1\",\"contentUrl\":\"https:\\\/\\\/i0.wp.com\\\/landioustravel.com\\\/wp-content\\\/uploads\\\/2021\\\/06\\\/Landious-T.png?fit=500%2C500&ssl=1\",\"width\":500,\"height\":500,\"caption\":\"Landious Travel\"}]}<\/script>\n<!-- \/ Yoast SEO Premium plugin. -->","yoast_head_json":{"title":"Luxor Dendera Viaggio Safaga","description":"Luxor Dendera Viaggio Safaga Poi pranzeremo. Nella parte occidentale di Luxor, vedrai i Colossi Memnon, situati nel Tempio di Amenhotep III, e il tempio","robots":{"index":"index","follow":"follow","max-snippet":"max-snippet:-1","max-image-preview":"max-image-preview:large","max-video-preview":"max-video-preview:-1"},"canonical":"https:\/\/landioustravel.com\/it\/shop\/luxor-dendera-viaggio-safaga\/","og_locale":"it_IT","og_type":"article","og_title":"Luxor Dendera Viaggio Safaga","og_description":"Landious Travel","og_url":"https:\/\/landioustravel.com\/it\/shop\/luxor-dendera-viaggio-safaga\/","og_site_name":"Landious Travel","article_publisher":"https:\/\/web.facebook.com\/landiousEgypt","article_modified_time":"2023-06-19T03:06:26+00:00","og_image":[{"width":1200,"height":675,"url":"https:\/\/i0.wp.com\/landioustravel.com\/wp-content\/uploads\/2022\/12\/Luxor-Dendera-Trip-Safaga-e1671411212841.jpg?fit=1200%2C675&ssl=1","type":"image\/jpeg"}],"twitter_card":"summary_large_image","twitter_site":"@LandiousTours","twitter_misc":{"Tempo di lettura stimato":"5 minuti"},"schema":{"@context":"https:\/\/schema.org","@graph":[{"@type":"WebPage","@id":"https:\/\/landioustravel.com\/it\/shop\/luxor-dendera-viaggio-safaga\/","url":"https:\/\/landioustravel.com\/it\/shop\/luxor-dendera-viaggio-safaga\/","name":"Luxor Dendera Viaggio Safaga","isPartOf":{"@id":"https:\/\/landioustravel.com\/it\/#website"},"primaryImageOfPage":{"@id":"https:\/\/landioustravel.com\/it\/shop\/luxor-dendera-viaggio-safaga\/#primaryimage"},"image":{"@id":"https:\/\/landioustravel.com\/it\/shop\/luxor-dendera-viaggio-safaga\/#primaryimage"},"thumbnailUrl":"https:\/\/i0.wp.com\/landioustravel.com\/wp-content\/uploads\/2022\/12\/Luxor-Dendera-Trip-Safaga-e1671411212841.jpg?fit=1200%2C675&ssl=1","datePublished":"2023-05-03T17:32:44+00:00","dateModified":"2023-06-19T03:06:26+00:00","description":"Luxor Dendera Viaggio Safaga Poi pranzeremo. Nella parte occidentale di Luxor, vedrai i Colossi Memnon, situati nel Tempio di Amenhotep III, e il tempio","breadcrumb":{"@id":"https:\/\/landioustravel.com\/it\/shop\/luxor-dendera-viaggio-safaga\/#breadcrumb"},"inLanguage":"it-IT","potentialAction":[{"@type":"ReadAction","target":["https:\/\/landioustravel.com\/it\/shop\/luxor-dendera-viaggio-safaga\/"]}]},{"@type":"ImageObject","inLanguage":"it-IT","@id":"https:\/\/landioustravel.com\/it\/shop\/luxor-dendera-viaggio-safaga\/#primaryimage","url":"https:\/\/i0.wp.com\/landioustravel.com\/wp-content\/uploads\/2022\/12\/Luxor-Dendera-Trip-Safaga-e1671411212841.jpg?fit=1200%2C675&ssl=1","contentUrl":"https:\/\/i0.wp.com\/landioustravel.com\/wp-content\/uploads\/2022\/12\/Luxor-Dendera-Trip-Safaga-e1671411212841.jpg?fit=1200%2C675&ssl=1","width":1200,"height":675,"caption":"Luxor Dendera Trip Safaga"},{"@type":"BreadcrumbList","@id":"https:\/\/landioustravel.com\/it\/shop\/luxor-dendera-viaggio-safaga\/#breadcrumb","itemListElement":[{"@type":"ListItem","position":1,"name":"Home","item":"https:\/\/landioustravel.com\/it\/"},{"@type":"ListItem","position":2,"name":"Tour in Egitto","item":"https:\/\/landioustravel.com\/it\/"},{"@type":"ListItem","position":3,"name":"Luxor Dendera Viaggio Safaga"}]},{"@type":"WebSite","@id":"https:\/\/landioustravel.com\/it\/#website","url":"https:\/\/landioustravel.com\/it\/","name":"Landious Travel","description":"Excursions, trips and cruises in Egypt","publisher":{"@id":"https:\/\/landioustravel.com\/it\/#organization"},"potentialAction":[{"@type":"SearchAction","target":{"@type":"EntryPoint","urlTemplate":"https:\/\/landioustravel.com\/it\/?s={search_term_string}"},"query-input":{"@type":"PropertyValueSpecification","valueRequired":true,"valueName":"search_term_string"}}],"inLanguage":"it-IT"},{"@type":["Organization","Place"],"@id":"https:\/\/landioustravel.com\/it\/#organization","name":"Landious Travel","alternateName":"Landious Travel","url":"https:\/\/landioustravel.com\/it\/","logo":{"@id":"https:\/\/landioustravel.com\/it\/shop\/luxor-dendera-viaggio-safaga\/#local-main-organization-logo"},"image":{"@id":"https:\/\/landioustravel.com\/it\/shop\/luxor-dendera-viaggio-safaga\/#local-main-organization-logo"},"sameAs":["https:\/\/web.facebook.com\/landiousEgypt","https:\/\/x.com\/LandiousTours","https:\/\/mastodon.social\/@landious"],"legalName":"Landious Travel","telephone":[],"openingHoursSpecification":[{"@type":"OpeningHoursSpecification","dayOfWeek":["Monday","Tuesday","Wednesday","Thursday","Friday","Saturday","Sunday"],"opens":"09:00","closes":"17:00"}]},{"@type":"ImageObject","inLanguage":"it-IT","@id":"https:\/\/landioustravel.com\/it\/shop\/luxor-dendera-viaggio-safaga\/#local-main-organization-logo","url":"https:\/\/i0.wp.com\/landioustravel.com\/wp-content\/uploads\/2021\/06\/Landious-T.png?fit=500%2C500&ssl=1","contentUrl":"https:\/\/i0.wp.com\/landioustravel.com\/wp-content\/uploads\/2021\/06\/Landious-T.png?fit=500%2C500&ssl=1","width":500,"height":500,"caption":"Landious Travel"}]}},"jetpack_publicize_connections":[],"uagb_featured_image_src":{"full":["https:\/\/i0.wp.com\/landioustravel.com\/wp-content\/uploads\/2022\/12\/Luxor-Dendera-Trip-Safaga-e1671411212841.jpg?fit=1200%2C675&ssl=1",1200,675,false],"thumbnail":["https:\/\/i0.wp.com\/landioustravel.com\/wp-content\/uploads\/2022\/12\/Luxor-Dendera-Trip-Safaga-e1671411212841.jpg?resize=150%2C150&ssl=1",150,150,true],"medium":["https:\/\/i0.wp.com\/landioustravel.com\/wp-content\/uploads\/2022\/12\/Luxor-Dendera-Trip-Safaga-e1671411212841.jpg?fit=300%2C169&ssl=1",300,169,true],"medium_large":["https:\/\/i0.wp.com\/landioustravel.com\/wp-content\/uploads\/2022\/12\/Luxor-Dendera-Trip-Safaga-e1671411212841.jpg?fit=768%2C432&ssl=1",768,432,true],"large":["https:\/\/i0.wp.com\/landioustravel.com\/wp-content\/uploads\/2022\/12\/Luxor-Dendera-Trip-Safaga-e1671411212841.jpg?fit=980%2C551&ssl=1",980,551,true],"1536x1536":["https:\/\/i0.wp.com\/landioustravel.com\/wp-content\/uploads\/2022\/12\/Luxor-Dendera-Trip-Safaga-e1671411212841.jpg?fit=1536%2C1024&ssl=1",1536,1024,true],"2048x2048":["https:\/\/i0.wp.com\/landioustravel.com\/wp-content\/uploads\/2022\/12\/Luxor-Dendera-Trip-Safaga-e1671411212841.jpg?fit=2048%2C1365&ssl=1",2048,1365,true],"newspack-article-block-landscape-large":["https:\/\/i0.wp.com\/landioustravel.com\/wp-content\/uploads\/2022\/12\/Luxor-Dendera-Trip-Safaga-e1671411212841.jpg?resize=1200%2C675&ssl=1",1200,675,true],"newspack-article-block-portrait-large":["https:\/\/i0.wp.com\/landioustravel.com\/wp-content\/uploads\/2022\/12\/Luxor-Dendera-Trip-Safaga-e1671411212841.jpg?resize=900%2C675&ssl=1",900,675,true],"newspack-article-block-square-large":["https:\/\/i0.wp.com\/landioustravel.com\/wp-content\/uploads\/2022\/12\/Luxor-Dendera-Trip-Safaga-e1671411212841.jpg?resize=1200%2C675&ssl=1",1200,675,true],"newspack-article-block-landscape-medium":["https:\/\/i0.wp.com\/landioustravel.com\/wp-content\/uploads\/2022\/12\/Luxor-Dendera-Trip-Safaga-e1671411212841.jpg?resize=800%2C600&ssl=1",800,600,true],"newspack-article-block-portrait-medium":["https:\/\/i0.wp.com\/landioustravel.com\/wp-content\/uploads\/2022\/12\/Luxor-Dendera-Trip-Safaga-e1671411212841.jpg?resize=600%2C675&ssl=1",600,675,true],"newspack-article-block-square-medium":["https:\/\/i0.wp.com\/landioustravel.com\/wp-content\/uploads\/2022\/12\/Luxor-Dendera-Trip-Safaga-e1671411212841.jpg?resize=800%2C675&ssl=1",800,675,true],"newspack-article-block-landscape-intermediate":["https:\/\/i0.wp.com\/landioustravel.com\/wp-content\/uploads\/2022\/12\/Luxor-Dendera-Trip-Safaga-e1671411212841.jpg?resize=600%2C450&ssl=1",600,450,true],"newspack-article-block-portrait-intermediate":["https:\/\/i0.wp.com\/landioustravel.com\/wp-content\/uploads\/2022\/12\/Luxor-Dendera-Trip-Safaga-e1671411212841.jpg?resize=450%2C600&ssl=1",450,600,true],"newspack-article-block-square-intermediate":["https:\/\/i0.wp.com\/landioustravel.com\/wp-content\/uploads\/2022\/12\/Luxor-Dendera-Trip-Safaga-e1671411212841.jpg?resize=600%2C600&ssl=1",600,600,true],"newspack-article-block-landscape-small":["https:\/\/i0.wp.com\/landioustravel.com\/wp-content\/uploads\/2022\/12\/Luxor-Dendera-Trip-Safaga-e1671411212841.jpg?resize=400%2C300&ssl=1",400,300,true],"newspack-article-block-portrait-small":["https:\/\/i0.wp.com\/landioustravel.com\/wp-content\/uploads\/2022\/12\/Luxor-Dendera-Trip-Safaga-e1671411212841.jpg?resize=300%2C400&ssl=1",300,400,true],"newspack-article-block-square-small":["https:\/\/i0.wp.com\/landioustravel.com\/wp-content\/uploads\/2022\/12\/Luxor-Dendera-Trip-Safaga-e1671411212841.jpg?resize=400%2C400&ssl=1",400,400,true],"newspack-article-block-landscape-tiny":["https:\/\/i0.wp.com\/landioustravel.com\/wp-content\/uploads\/2022\/12\/Luxor-Dendera-Trip-Safaga-e1671411212841.jpg?resize=200%2C150&ssl=1",200,150,true],"newspack-article-block-portrait-tiny":["https:\/\/i0.wp.com\/landioustravel.com\/wp-content\/uploads\/2022\/12\/Luxor-Dendera-Trip-Safaga-e1671411212841.jpg?resize=150%2C200&ssl=1",150,200,true],"newspack-article-block-square-tiny":["https:\/\/i0.wp.com\/landioustravel.com\/wp-content\/uploads\/2022\/12\/Luxor-Dendera-Trip-Safaga-e1671411212841.jpg?resize=200%2C200&ssl=1",200,200,true],"newspack-article-block-uncropped":["https:\/\/i0.wp.com\/landioustravel.com\/wp-content\/uploads\/2022\/12\/Luxor-Dendera-Trip-Safaga-e1671411212841.jpg?fit=1200%2C675&ssl=1",1200,675,true],"woocommerce_thumbnail":["https:\/\/i0.wp.com\/landioustravel.com\/wp-content\/uploads\/2022\/12\/Luxor-Dendera-Trip-Safaga-e1671411212841.jpg?resize=324%2C324&ssl=1",324,324,true],"woocommerce_single":["https:\/\/i0.wp.com\/landioustravel.com\/wp-content\/uploads\/2022\/12\/Luxor-Dendera-Trip-Safaga-e1671411212841.jpg?fit=416%2C234&ssl=1",416,234,true],"woocommerce_gallery_thumbnail":["https:\/\/i0.wp.com\/landioustravel.com\/wp-content\/uploads\/2022\/12\/Luxor-Dendera-Trip-Safaga-e1671411212841.jpg?resize=100%2C100&ssl=1",100,100,true]},"uagb_author_info":{"display_name":"Mofreh Landious","author_link":"https:\/\/landioustravel.com\/it\/author\/"},"uagb_comment_info":0,"uagb_excerpt":"Scopri le meraviglie dell'antico Egitto con un tour giornaliero personalizzato da Safaga a Dendera e Luxor. Immergiti nella ricca storia di queste due magnifiche citt\u00e0 mentre esplori i loro siti archeologici di fama mondiale. Viaggia nel tempo mentre visiti lo splendido tempio di Karnak e il maestoso Colossi Memnon. Lasciati incantare dal maestoso tempio della&hellip;","jetpack_sharing_enabled":true,"jetpack_likes_enabled":true,"amp_enabled":true,"_links":{"self":[{"href":"https:\/\/landioustravel.com\/it\/wp-json\/wp\/v2\/product\/142078","targetHints":{"allow":["GET"]}}],"collection":[{"href":"https:\/\/landioustravel.com\/it\/wp-json\/wp\/v2\/product"}],"about":[{"href":"https:\/\/landioustravel.com\/it\/wp-json\/wp\/v2\/types\/product"}],"replies":[{"embeddable":true,"href":"https:\/\/landioustravel.com\/it\/wp-json\/wp\/v2\/comments?post=142078"}],"wp:featuredmedia":[{"embeddable":true,"href":"https:\/\/landioustravel.com\/it\/wp-json\/wp\/v2\/media\/132743"}],"wp:attachment":[{"href":"https:\/\/landioustravel.com\/it\/wp-json\/wp\/v2\/media?parent=142078"}],"wp:term":[{"taxonomy":"product_brand","embeddable":true,"href":"https:\/\/landioustravel.com\/it\/wp-json\/wp\/v2\/product_brand?post=142078"},{"taxonomy":"product_cat","embeddable":true,"href":"https:\/\/landioustravel.com\/it\/wp-json\/wp\/v2\/product_cat?post=142078"},{"taxonomy":"product_tag","embeddable":true,"href":"https:\/\/landioustravel.com\/it\/wp-json\/wp\/v2\/product_tag?post=142078"}],"curies":[{"name":"wp","href":"https:\/\/api.w.org\/{rel}","templated":true}]}}