{"id":142231,"date":"2022-09-24T21:47:52","date_gmt":"2022-09-24T19:47:52","guid":{"rendered":"https:\/\/landioustravel.com\/?post_type=product&#038;p=142231"},"modified":"2023-06-21T06:06:02","modified_gmt":"2023-06-21T04:06:02","slug":"gita-barca-ain-sokhna-cairo","status":"publish","type":"product","link":"https:\/\/landioustravel.com\/it\/shop\/gita-barca-ain-sokhna-cairo\/","title":{"rendered":"Gita in barca ad Ain Sokhna dal Cairo"},"content":{"rendered":"<p>Gita in barca ad Ain Sokhna dal Cairo \u00e8 una gita in mare preferita alla Dolphin House ad Ain Sokhna, in Egitto! Raccomandiamo il viaggio perch\u00e9 permette ai turisti di divertirsi al mare nuotando con i delfini. Inoltre, consentir\u00e0 di vedere le bellissime barriere coralline e vari pesci. Avrai l&#8217;opportunit\u00e0 unica di fare snorkeling e nuotare con gli adorabili mammiferi: i delfini durante questa gita in barca. Inoltre, ti godrai un picnic sul mare attraverso il Mar Rosso.<\/p>\n<h2>Punti salienti della gita in barca ad Ain Sokhna dal Cairo<\/h2>\n<ul>\n<li>Nuotare con i delfini in mare aperto.<\/li>\n<li>Snorkeling in mare aperto.<\/li>\n<li>Pranzo a bordo della barca.<\/li>\n<\/ul>\n<h2>Programma del viaggio nella baia dei delfini<\/h2>\n<ul>\n<li>Innanzitutto, il rappresentante di Landious Travel verr\u00e0 a prenderti dal tuo hotel del Cairo alle 08:00 circa.<\/li>\n<li>In secondo luogo, l&#8217;autobus va direttamente al porto dopo aver raccolto tutti i visitatori. La strada per questo porto impiegher\u00e0 circa un&#8217;ora.<\/li>\n<li>In quel porto troverai la tua barca. \u00c8 grande e chic! Questa barca ha due piani. Per salire sulla nave \u00e8 necessario togliersi le scarpe. Quindi, puoi salire al secondo piano per prendere il sole sul ponte superiore.<\/li>\n<\/ul>\n<h2>Picnic in mare e bagni di sole<\/h2>\n<ul>\n<li>La barca attraverser\u00e0 il Mar Rosso non appena il gruppo si sar\u00e0 riunito. Si diriger\u00e0 verso la baia dei delfini, verso la baia dei delfini. Ti godrai un picnic in mare unico guardando i paesaggi naturali della regione del Mar Rosso e ammirando le acque blu e i cieli limpidi. Certo, puoi goderti un bagno di sole sotto i caldi raggi del sole.<\/li>\n<\/ul>\n<h2>Snorkeling e nuoto con fermata dei delfini<\/h2>\n<ul>\n<li>Questo delizioso viaggio a Dolphin Bay inizia con un&#8217;esperienza unica! La tua prima tappa sar\u00e0 in mare aperto. L\u00ec puoi anche fare snorkeling e nuotare con i delfini.<\/li>\n<li>Quindi, ti fermerai in un altro posto per fare snorkeling con maschere e pinne.<\/li>\n<li>Dopo questa sosta, il gruppo si ritrover\u00e0 al primo piano per il pranzo.<\/li>\n<li>Durante il pranzo sar\u00e0 aperto il buffet.<\/li>\n<\/ul>\n<h2>Torna a casa<\/h2>\n<ul>\n<li>Infine, dopo un fantastico viaggio di snorkeling e nuotate con i delfini, la tua barca torner\u00e0 al porto. Ancora una volta, ti accompagneremo al tuo hotel.<\/li>\n<li>Questa gita in barca ad Ain Sokhna dal Cairo termina alle 16:30 circa.<\/li>\n<\/ul>\n<h2>Cosa include il prezzo dell&#8217;escursione alla casa dei delfini Ain Sokhna dal Cairo?<\/h2>\n<ul>\n<li>Attrezzatura per lo snorkeling.<\/li>\n<li>Cibo e bevande.<\/li>\n<li>Inoltre, trasferimento al porto e ritorno in hotel.<\/li>\n<\/ul>\n<h2>Cosa non include il programma dell&#8217;escursione in barca Ain Sokhna dal Cairo?<\/h2>\n<ul>\n<li>Dvd video.<\/li>\n<li>Inoltre, il Photo CD.<\/li>\n<\/ul>\n<h2>Cosa portare con te per il viaggio?<\/h2>\n<ul>\n<li>Asciugamano.<\/li>\n<li>Inoltre, crema solare.<\/li>\n<\/ul>\n<h2>Prenotazione di giorni di gita in barca ad Ain Sokhna dal Cairo<\/h2>\n<ul>\n<li>Tutti i giorni dalle 08:00 alle 17:00.<\/li>\n<\/ul>\n","protected":false},"excerpt":{"rendered":"<p>Scopri il fascino irresistibile delle acque cristalline di Ain Sokhna e l&#8217;affascinante variet\u00e0 della vita marina in un&#8217;emozionante gita in barca! Con noi, puoi facilmente organizzare in anticipo la tua crociera personale. I nostri esperti marinai ti porteranno in mare per tutto il tempo che desideri, fornendo attrezzature da pesca di prim&#8217;ordine e un delizioso pranzo cucinato a bordo. Tieni d&#8217;occhio i giocosi branchi di delfini, noti per saltare e divertirsi nelle acque incredibilmente limpide. L&#8217;emozionante gita in mare a Dolphin Bay ad Ain Sokhna \u00e8 un&#8217;opportunit\u00e0 per nuotare con queste magnifiche creature nel loro habitat naturale e lasciarsi incantare dalle spettacolari barriere coralline e dai pesci colorati. La parte migliore? Il prezzo del viaggio include comodi trasferimenti e un delizioso pranzo a bordo!<\/p>\n<p>Inoltre, il prezzo del viaggio includer\u00e0 il pranzo e le bevande a bordo della barca. Trasferimento privato dal tuo hotel e ritorno. Equipaggio amichevole della barca.<\/p>\n","protected":false},"featured_media":126097,"comment_status":"open","ping_status":"closed","template":"","meta":{"_coblocks_attr":"","_coblocks_dimensions":"","_coblocks_responsive_height":"","_coblocks_accordion_ie_support":"","_uag_custom_page_level_css":"","jetpack_publicize_message":"","jetpack_publicize_feature_enabled":true,"jetpack_social_post_already_shared":true,"jetpack_social_options":{"image_generator_settings":{"template":"highway","default_image_id":0,"font":"","enabled":false},"version":2},"_wpas_customize_per_network":false},"product_brand":[],"product_cat":[9852],"product_tag":[1931,1644,1643,22564,1682],"class_list":{"0":"post-142231","1":"product","2":"type-product","3":"status-publish","4":"has-post-thumbnail","6":"product_cat-escursioni-cairo","7":"product_tag-casa-dei-delfini","8":"product_tag-escursione","9":"product_tag-il-cairo","10":"product_tag-mare","11":"product_tag-viaggi-marittimi","13":"first","14":"outofstock","15":"sale","16":"taxable","17":"shipping-taxable","18":"purchasable","19":"product-type-variable"},"yoast_head":"<!-- This site is optimized with the Yoast SEO Premium plugin v26.9 (Yoast SEO v27.4) - https:\/\/yoast.com\/product\/yoast-seo-premium-wordpress\/ -->\n<title>Gita in barca ad Ain Sokhna dal Cairo<\/title>\n<meta name=\"description\" content=\"Gita in barca ad Ain Sokhna dal Cairo Puoi organizzare la tua crociera in anticipo con noi. I nostri marinai esperti possono portarti in mare per tutto il\" \/>\n<meta name=\"robots\" content=\"index, follow, max-snippet:-1, max-image-preview:large, max-video-preview:-1\" \/>\n<link rel=\"canonical\" href=\"https:\/\/landioustravel.com\/it\/shop\/gita-barca-ain-sokhna-cairo\/\" \/>\n<meta property=\"og:locale\" content=\"it_IT\" \/>\n<meta property=\"og:type\" content=\"article\" \/>\n<meta property=\"og:title\" content=\"Gita in barca ad Ain Sokhna dal Cairo\" \/>\n<meta property=\"og:description\" content=\"Landious Travel\" \/>\n<meta property=\"og:url\" content=\"https:\/\/landioustravel.com\/it\/shop\/gita-barca-ain-sokhna-cairo\/\" \/>\n<meta property=\"og:site_name\" content=\"Landious Travel\" \/>\n<meta property=\"article:publisher\" content=\"https:\/\/web.facebook.com\/landiousEgypt\" \/>\n<meta property=\"article:modified_time\" content=\"2023-06-21T04:06:02+00:00\" \/>\n<meta property=\"og:image\" content=\"https:\/\/i0.wp.com\/landioustravel.com\/wp-content\/uploads\/2022\/09\/Private-Boat-in-Ain-Sokhna-from-Cairo.jpg?fit=800%2C541&ssl=1\" \/>\n\t<meta property=\"og:image:width\" content=\"800\" \/>\n\t<meta property=\"og:image:height\" content=\"541\" \/>\n\t<meta property=\"og:image:type\" content=\"image\/jpeg\" \/>\n<meta name=\"twitter:card\" content=\"summary_large_image\" \/>\n<meta name=\"twitter:site\" content=\"@LandiousTours\" \/>\n<meta name=\"twitter:label1\" content=\"Tempo di lettura stimato\" \/>\n\t<meta name=\"twitter:data1\" content=\"2 minuti\" \/>\n<script type=\"application\/ld+json\" class=\"yoast-schema-graph\">{\"@context\":\"https:\\\/\\\/schema.org\",\"@graph\":[{\"@type\":\"WebPage\",\"@id\":\"https:\\\/\\\/landioustravel.com\\\/it\\\/shop\\\/gita-barca-ain-sokhna-cairo\\\/\",\"url\":\"https:\\\/\\\/landioustravel.com\\\/it\\\/shop\\\/gita-barca-ain-sokhna-cairo\\\/\",\"name\":\"Gita in barca ad Ain Sokhna dal Cairo\",\"isPartOf\":{\"@id\":\"https:\\\/\\\/landioustravel.com\\\/it\\\/#website\"},\"primaryImageOfPage\":{\"@id\":\"https:\\\/\\\/landioustravel.com\\\/it\\\/shop\\\/gita-barca-ain-sokhna-cairo\\\/#primaryimage\"},\"image\":{\"@id\":\"https:\\\/\\\/landioustravel.com\\\/it\\\/shop\\\/gita-barca-ain-sokhna-cairo\\\/#primaryimage\"},\"thumbnailUrl\":\"https:\\\/\\\/i0.wp.com\\\/landioustravel.com\\\/wp-content\\\/uploads\\\/2022\\\/09\\\/Private-Boat-in-Ain-Sokhna-from-Cairo.jpg?fit=800%2C541&ssl=1\",\"datePublished\":\"2022-09-24T19:47:52+00:00\",\"dateModified\":\"2023-06-21T04:06:02+00:00\",\"description\":\"Gita in barca ad Ain Sokhna dal Cairo Puoi organizzare la tua crociera in anticipo con noi. I nostri marinai esperti possono portarti in mare per tutto il\",\"breadcrumb\":{\"@id\":\"https:\\\/\\\/landioustravel.com\\\/it\\\/shop\\\/gita-barca-ain-sokhna-cairo\\\/#breadcrumb\"},\"inLanguage\":\"it-IT\",\"potentialAction\":[{\"@type\":\"ReadAction\",\"target\":[\"https:\\\/\\\/landioustravel.com\\\/it\\\/shop\\\/gita-barca-ain-sokhna-cairo\\\/\"]}]},{\"@type\":\"ImageObject\",\"inLanguage\":\"it-IT\",\"@id\":\"https:\\\/\\\/landioustravel.com\\\/it\\\/shop\\\/gita-barca-ain-sokhna-cairo\\\/#primaryimage\",\"url\":\"https:\\\/\\\/i0.wp.com\\\/landioustravel.com\\\/wp-content\\\/uploads\\\/2022\\\/09\\\/Private-Boat-in-Ain-Sokhna-from-Cairo.jpg?fit=800%2C541&ssl=1\",\"contentUrl\":\"https:\\\/\\\/i0.wp.com\\\/landioustravel.com\\\/wp-content\\\/uploads\\\/2022\\\/09\\\/Private-Boat-in-Ain-Sokhna-from-Cairo.jpg?fit=800%2C541&ssl=1\",\"width\":800,\"height\":541,\"caption\":\"Boat Trip in Ain Sokhna from Cairo\"},{\"@type\":\"BreadcrumbList\",\"@id\":\"https:\\\/\\\/landioustravel.com\\\/it\\\/shop\\\/gita-barca-ain-sokhna-cairo\\\/#breadcrumb\",\"itemListElement\":[{\"@type\":\"ListItem\",\"position\":1,\"name\":\"Home\",\"item\":\"https:\\\/\\\/landioustravel.com\\\/it\\\/\"},{\"@type\":\"ListItem\",\"position\":2,\"name\":\"Tour in Egitto\",\"item\":\"https:\\\/\\\/landioustravel.com\\\/it\\\/\"},{\"@type\":\"ListItem\",\"position\":3,\"name\":\"Gita in barca ad Ain Sokhna dal Cairo\"}]},{\"@type\":\"WebSite\",\"@id\":\"https:\\\/\\\/landioustravel.com\\\/it\\\/#website\",\"url\":\"https:\\\/\\\/landioustravel.com\\\/it\\\/\",\"name\":\"Landious Travel\",\"description\":\"Excursions, trips and cruises in Egypt\",\"publisher\":{\"@id\":\"https:\\\/\\\/landioustravel.com\\\/it\\\/#organization\"},\"potentialAction\":[{\"@type\":\"SearchAction\",\"target\":{\"@type\":\"EntryPoint\",\"urlTemplate\":\"https:\\\/\\\/landioustravel.com\\\/it\\\/?s={search_term_string}\"},\"query-input\":{\"@type\":\"PropertyValueSpecification\",\"valueRequired\":true,\"valueName\":\"search_term_string\"}}],\"inLanguage\":\"it-IT\"},{\"@type\":[\"Organization\",\"Place\"],\"@id\":\"https:\\\/\\\/landioustravel.com\\\/it\\\/#organization\",\"name\":\"Landious Travel\",\"alternateName\":\"Landious Travel\",\"url\":\"https:\\\/\\\/landioustravel.com\\\/it\\\/\",\"logo\":{\"@id\":\"https:\\\/\\\/landioustravel.com\\\/it\\\/shop\\\/gita-barca-ain-sokhna-cairo\\\/#local-main-organization-logo\"},\"image\":{\"@id\":\"https:\\\/\\\/landioustravel.com\\\/it\\\/shop\\\/gita-barca-ain-sokhna-cairo\\\/#local-main-organization-logo\"},\"sameAs\":[\"https:\\\/\\\/web.facebook.com\\\/landiousEgypt\",\"https:\\\/\\\/x.com\\\/LandiousTours\",\"https:\\\/\\\/mastodon.social\\\/@landious\"],\"legalName\":\"Landious Travel\",\"telephone\":[],\"openingHoursSpecification\":[{\"@type\":\"OpeningHoursSpecification\",\"dayOfWeek\":[\"Monday\",\"Tuesday\",\"Wednesday\",\"Thursday\",\"Friday\",\"Saturday\",\"Sunday\"],\"opens\":\"09:00\",\"closes\":\"17:00\"}]},{\"@type\":\"ImageObject\",\"inLanguage\":\"it-IT\",\"@id\":\"https:\\\/\\\/landioustravel.com\\\/it\\\/shop\\\/gita-barca-ain-sokhna-cairo\\\/#local-main-organization-logo\",\"url\":\"https:\\\/\\\/i0.wp.com\\\/landioustravel.com\\\/wp-content\\\/uploads\\\/2021\\\/06\\\/Landious-T.png?fit=500%2C500&ssl=1\",\"contentUrl\":\"https:\\\/\\\/i0.wp.com\\\/landioustravel.com\\\/wp-content\\\/uploads\\\/2021\\\/06\\\/Landious-T.png?fit=500%2C500&ssl=1\",\"width\":500,\"height\":500,\"caption\":\"Landious Travel\"}]}<\/script>\n<!-- \/ Yoast SEO Premium plugin. -->","yoast_head_json":{"title":"Gita in barca ad Ain Sokhna dal Cairo","description":"Gita in barca ad Ain Sokhna dal Cairo Puoi organizzare la tua crociera in anticipo con noi. I nostri marinai esperti possono portarti in mare per tutto il","robots":{"index":"index","follow":"follow","max-snippet":"max-snippet:-1","max-image-preview":"max-image-preview:large","max-video-preview":"max-video-preview:-1"},"canonical":"https:\/\/landioustravel.com\/it\/shop\/gita-barca-ain-sokhna-cairo\/","og_locale":"it_IT","og_type":"article","og_title":"Gita in barca ad Ain Sokhna dal Cairo","og_description":"Landious Travel","og_url":"https:\/\/landioustravel.com\/it\/shop\/gita-barca-ain-sokhna-cairo\/","og_site_name":"Landious Travel","article_publisher":"https:\/\/web.facebook.com\/landiousEgypt","article_modified_time":"2023-06-21T04:06:02+00:00","og_image":[{"width":800,"height":541,"url":"https:\/\/i0.wp.com\/landioustravel.com\/wp-content\/uploads\/2022\/09\/Private-Boat-in-Ain-Sokhna-from-Cairo.jpg?fit=800%2C541&ssl=1","type":"image\/jpeg"}],"twitter_card":"summary_large_image","twitter_site":"@LandiousTours","twitter_misc":{"Tempo di lettura stimato":"2 minuti"},"schema":{"@context":"https:\/\/schema.org","@graph":[{"@type":"WebPage","@id":"https:\/\/landioustravel.com\/it\/shop\/gita-barca-ain-sokhna-cairo\/","url":"https:\/\/landioustravel.com\/it\/shop\/gita-barca-ain-sokhna-cairo\/","name":"Gita in barca ad Ain Sokhna dal Cairo","isPartOf":{"@id":"https:\/\/landioustravel.com\/it\/#website"},"primaryImageOfPage":{"@id":"https:\/\/landioustravel.com\/it\/shop\/gita-barca-ain-sokhna-cairo\/#primaryimage"},"image":{"@id":"https:\/\/landioustravel.com\/it\/shop\/gita-barca-ain-sokhna-cairo\/#primaryimage"},"thumbnailUrl":"https:\/\/i0.wp.com\/landioustravel.com\/wp-content\/uploads\/2022\/09\/Private-Boat-in-Ain-Sokhna-from-Cairo.jpg?fit=800%2C541&ssl=1","datePublished":"2022-09-24T19:47:52+00:00","dateModified":"2023-06-21T04:06:02+00:00","description":"Gita in barca ad Ain Sokhna dal Cairo Puoi organizzare la tua crociera in anticipo con noi. I nostri marinai esperti possono portarti in mare per tutto il","breadcrumb":{"@id":"https:\/\/landioustravel.com\/it\/shop\/gita-barca-ain-sokhna-cairo\/#breadcrumb"},"inLanguage":"it-IT","potentialAction":[{"@type":"ReadAction","target":["https:\/\/landioustravel.com\/it\/shop\/gita-barca-ain-sokhna-cairo\/"]}]},{"@type":"ImageObject","inLanguage":"it-IT","@id":"https:\/\/landioustravel.com\/it\/shop\/gita-barca-ain-sokhna-cairo\/#primaryimage","url":"https:\/\/i0.wp.com\/landioustravel.com\/wp-content\/uploads\/2022\/09\/Private-Boat-in-Ain-Sokhna-from-Cairo.jpg?fit=800%2C541&ssl=1","contentUrl":"https:\/\/i0.wp.com\/landioustravel.com\/wp-content\/uploads\/2022\/09\/Private-Boat-in-Ain-Sokhna-from-Cairo.jpg?fit=800%2C541&ssl=1","width":800,"height":541,"caption":"Boat Trip in Ain Sokhna from Cairo"},{"@type":"BreadcrumbList","@id":"https:\/\/landioustravel.com\/it\/shop\/gita-barca-ain-sokhna-cairo\/#breadcrumb","itemListElement":[{"@type":"ListItem","position":1,"name":"Home","item":"https:\/\/landioustravel.com\/it\/"},{"@type":"ListItem","position":2,"name":"Tour in Egitto","item":"https:\/\/landioustravel.com\/it\/"},{"@type":"ListItem","position":3,"name":"Gita in barca ad Ain Sokhna dal Cairo"}]},{"@type":"WebSite","@id":"https:\/\/landioustravel.com\/it\/#website","url":"https:\/\/landioustravel.com\/it\/","name":"Landious Travel","description":"Excursions, trips and cruises in Egypt","publisher":{"@id":"https:\/\/landioustravel.com\/it\/#organization"},"potentialAction":[{"@type":"SearchAction","target":{"@type":"EntryPoint","urlTemplate":"https:\/\/landioustravel.com\/it\/?s={search_term_string}"},"query-input":{"@type":"PropertyValueSpecification","valueRequired":true,"valueName":"search_term_string"}}],"inLanguage":"it-IT"},{"@type":["Organization","Place"],"@id":"https:\/\/landioustravel.com\/it\/#organization","name":"Landious Travel","alternateName":"Landious Travel","url":"https:\/\/landioustravel.com\/it\/","logo":{"@id":"https:\/\/landioustravel.com\/it\/shop\/gita-barca-ain-sokhna-cairo\/#local-main-organization-logo"},"image":{"@id":"https:\/\/landioustravel.com\/it\/shop\/gita-barca-ain-sokhna-cairo\/#local-main-organization-logo"},"sameAs":["https:\/\/web.facebook.com\/landiousEgypt","https:\/\/x.com\/LandiousTours","https:\/\/mastodon.social\/@landious"],"legalName":"Landious Travel","telephone":[],"openingHoursSpecification":[{"@type":"OpeningHoursSpecification","dayOfWeek":["Monday","Tuesday","Wednesday","Thursday","Friday","Saturday","Sunday"],"opens":"09:00","closes":"17:00"}]},{"@type":"ImageObject","inLanguage":"it-IT","@id":"https:\/\/landioustravel.com\/it\/shop\/gita-barca-ain-sokhna-cairo\/#local-main-organization-logo","url":"https:\/\/i0.wp.com\/landioustravel.com\/wp-content\/uploads\/2021\/06\/Landious-T.png?fit=500%2C500&ssl=1","contentUrl":"https:\/\/i0.wp.com\/landioustravel.com\/wp-content\/uploads\/2021\/06\/Landious-T.png?fit=500%2C500&ssl=1","width":500,"height":500,"caption":"Landious Travel"}]}},"jetpack_publicize_connections":[],"uagb_featured_image_src":{"full":["https:\/\/i0.wp.com\/landioustravel.com\/wp-content\/uploads\/2022\/09\/Private-Boat-in-Ain-Sokhna-from-Cairo.jpg?fit=800%2C541&ssl=1",800,541,false],"thumbnail":["https:\/\/i0.wp.com\/landioustravel.com\/wp-content\/uploads\/2022\/09\/Private-Boat-in-Ain-Sokhna-from-Cairo.jpg?resize=150%2C150&ssl=1",150,150,true],"medium":["https:\/\/i0.wp.com\/landioustravel.com\/wp-content\/uploads\/2022\/09\/Private-Boat-in-Ain-Sokhna-from-Cairo.jpg?fit=300%2C203&ssl=1",300,203,true],"medium_large":["https:\/\/i0.wp.com\/landioustravel.com\/wp-content\/uploads\/2022\/09\/Private-Boat-in-Ain-Sokhna-from-Cairo.jpg?fit=768%2C519&ssl=1",768,519,true],"large":["https:\/\/i0.wp.com\/landioustravel.com\/wp-content\/uploads\/2022\/09\/Private-Boat-in-Ain-Sokhna-from-Cairo.jpg?fit=800%2C541&ssl=1",800,541,true],"1536x1536":["https:\/\/i0.wp.com\/landioustravel.com\/wp-content\/uploads\/2022\/09\/Private-Boat-in-Ain-Sokhna-from-Cairo.jpg?fit=800%2C541&ssl=1",800,541,true],"2048x2048":["https:\/\/i0.wp.com\/landioustravel.com\/wp-content\/uploads\/2022\/09\/Private-Boat-in-Ain-Sokhna-from-Cairo.jpg?fit=800%2C541&ssl=1",800,541,true],"newspack-article-block-landscape-large":["https:\/\/i0.wp.com\/landioustravel.com\/wp-content\/uploads\/2022\/09\/Private-Boat-in-Ain-Sokhna-from-Cairo.jpg?resize=800%2C541&ssl=1",800,541,true],"newspack-article-block-portrait-large":["https:\/\/i0.wp.com\/landioustravel.com\/wp-content\/uploads\/2022\/09\/Private-Boat-in-Ain-Sokhna-from-Cairo.jpg?resize=800%2C541&ssl=1",800,541,true],"newspack-article-block-square-large":["https:\/\/i0.wp.com\/landioustravel.com\/wp-content\/uploads\/2022\/09\/Private-Boat-in-Ain-Sokhna-from-Cairo.jpg?resize=800%2C541&ssl=1",800,541,true],"newspack-article-block-landscape-medium":["https:\/\/i0.wp.com\/landioustravel.com\/wp-content\/uploads\/2022\/09\/Private-Boat-in-Ain-Sokhna-from-Cairo.jpg?resize=800%2C541&ssl=1",800,541,true],"newspack-article-block-portrait-medium":["https:\/\/i0.wp.com\/landioustravel.com\/wp-content\/uploads\/2022\/09\/Private-Boat-in-Ain-Sokhna-from-Cairo.jpg?resize=600%2C541&ssl=1",600,541,true],"newspack-article-block-square-medium":["https:\/\/i0.wp.com\/landioustravel.com\/wp-content\/uploads\/2022\/09\/Private-Boat-in-Ain-Sokhna-from-Cairo.jpg?resize=800%2C541&ssl=1",800,541,true],"newspack-article-block-landscape-intermediate":["https:\/\/i0.wp.com\/landioustravel.com\/wp-content\/uploads\/2022\/09\/Private-Boat-in-Ain-Sokhna-from-Cairo.jpg?resize=600%2C450&ssl=1",600,450,true],"newspack-article-block-portrait-intermediate":["https:\/\/i0.wp.com\/landioustravel.com\/wp-content\/uploads\/2022\/09\/Private-Boat-in-Ain-Sokhna-from-Cairo.jpg?resize=450%2C541&ssl=1",450,541,true],"newspack-article-block-square-intermediate":["https:\/\/i0.wp.com\/landioustravel.com\/wp-content\/uploads\/2022\/09\/Private-Boat-in-Ain-Sokhna-from-Cairo.jpg?resize=600%2C541&ssl=1",600,541,true],"newspack-article-block-landscape-small":["https:\/\/i0.wp.com\/landioustravel.com\/wp-content\/uploads\/2022\/09\/Private-Boat-in-Ain-Sokhna-from-Cairo.jpg?resize=400%2C300&ssl=1",400,300,true],"newspack-article-block-portrait-small":["https:\/\/i0.wp.com\/landioustravel.com\/wp-content\/uploads\/2022\/09\/Private-Boat-in-Ain-Sokhna-from-Cairo.jpg?resize=300%2C400&ssl=1",300,400,true],"newspack-article-block-square-small":["https:\/\/i0.wp.com\/landioustravel.com\/wp-content\/uploads\/2022\/09\/Private-Boat-in-Ain-Sokhna-from-Cairo.jpg?resize=400%2C400&ssl=1",400,400,true],"newspack-article-block-landscape-tiny":["https:\/\/i0.wp.com\/landioustravel.com\/wp-content\/uploads\/2022\/09\/Private-Boat-in-Ain-Sokhna-from-Cairo.jpg?resize=200%2C150&ssl=1",200,150,true],"newspack-article-block-portrait-tiny":["https:\/\/i0.wp.com\/landioustravel.com\/wp-content\/uploads\/2022\/09\/Private-Boat-in-Ain-Sokhna-from-Cairo.jpg?resize=150%2C200&ssl=1",150,200,true],"newspack-article-block-square-tiny":["https:\/\/i0.wp.com\/landioustravel.com\/wp-content\/uploads\/2022\/09\/Private-Boat-in-Ain-Sokhna-from-Cairo.jpg?resize=200%2C200&ssl=1",200,200,true],"newspack-article-block-uncropped":["https:\/\/i0.wp.com\/landioustravel.com\/wp-content\/uploads\/2022\/09\/Private-Boat-in-Ain-Sokhna-from-Cairo.jpg?fit=800%2C541&ssl=1",800,541,true],"woocommerce_thumbnail":["https:\/\/i0.wp.com\/landioustravel.com\/wp-content\/uploads\/2022\/09\/Private-Boat-in-Ain-Sokhna-from-Cairo.jpg?resize=324%2C324&ssl=1",324,324,true],"woocommerce_single":["https:\/\/i0.wp.com\/landioustravel.com\/wp-content\/uploads\/2022\/09\/Private-Boat-in-Ain-Sokhna-from-Cairo.jpg?fit=416%2C281&ssl=1",416,281,true],"woocommerce_gallery_thumbnail":["https:\/\/i0.wp.com\/landioustravel.com\/wp-content\/uploads\/2022\/09\/Private-Boat-in-Ain-Sokhna-from-Cairo.jpg?resize=100%2C100&ssl=1",100,100,true]},"uagb_author_info":{"display_name":"Mofreh Landious","author_link":"https:\/\/landioustravel.com\/it\/author\/"},"uagb_comment_info":0,"uagb_excerpt":"Scopri il fascino irresistibile delle acque cristalline di Ain Sokhna e l'affascinante variet\u00e0 della vita marina in un'emozionante gita in barca! Con noi, puoi facilmente organizzare in anticipo la tua crociera personale. I nostri esperti marinai ti porteranno in mare per tutto il tempo che desideri, fornendo attrezzature da pesca di prim'ordine e un delizioso&hellip;","jetpack_sharing_enabled":true,"jetpack_likes_enabled":true,"amp_enabled":true,"_links":{"self":[{"href":"https:\/\/landioustravel.com\/it\/wp-json\/wp\/v2\/product\/142231","targetHints":{"allow":["GET"]}}],"collection":[{"href":"https:\/\/landioustravel.com\/it\/wp-json\/wp\/v2\/product"}],"about":[{"href":"https:\/\/landioustravel.com\/it\/wp-json\/wp\/v2\/types\/product"}],"replies":[{"embeddable":true,"href":"https:\/\/landioustravel.com\/it\/wp-json\/wp\/v2\/comments?post=142231"}],"wp:featuredmedia":[{"embeddable":true,"href":"https:\/\/landioustravel.com\/it\/wp-json\/wp\/v2\/media\/126097"}],"wp:attachment":[{"href":"https:\/\/landioustravel.com\/it\/wp-json\/wp\/v2\/media?parent=142231"}],"wp:term":[{"taxonomy":"product_brand","embeddable":true,"href":"https:\/\/landioustravel.com\/it\/wp-json\/wp\/v2\/product_brand?post=142231"},{"taxonomy":"product_cat","embeddable":true,"href":"https:\/\/landioustravel.com\/it\/wp-json\/wp\/v2\/product_cat?post=142231"},{"taxonomy":"product_tag","embeddable":true,"href":"https:\/\/landioustravel.com\/it\/wp-json\/wp\/v2\/product_tag?post=142231"}],"curies":[{"name":"wp","href":"https:\/\/api.w.org\/{rel}","templated":true}]}}