{"id":142240,"date":"2022-01-14T17:13:25","date_gmt":"2023-05-04T13:44:33","guid":{"rendered":"https:\/\/landioustravel.com\/?post_type=product&#038;p=142240"},"modified":"2023-06-21T07:58:01","modified_gmt":"2023-06-21T05:58:01","slug":"tour-citta-museo-hurghada","status":"publish","type":"product","link":"https:\/\/landioustravel.com\/it\/shop\/tour-citta-museo-hurghada\/","title":{"rendered":"Tour della citt\u00e0 museo di Hurghada"},"content":{"rendered":"<p>Tour della citt\u00e0 museo di Hurghada \u00e8 un giro turistico privato di Hurghada con una visita al suo antico museo egizio. Esplora oltre 1500 antichi manufatti egizi nel Museo di Hurghada, inaugurato nel febbraio 2020. Scopri entrambi i lati di Hurghada, la tradizionale citt\u00e0 vecchia e la nuova citt\u00e0 moderna, in compagnia di una guida perspicace e amichevole. Siediti e vivi la vita di strada sorseggiando un drink in un caff\u00e8 orientale.<\/p>\n<h2>Punti salienti del tour della citt\u00e0 del museo di Hurghada<\/h2>\n<ul>\n<li>Esplora oltre 1.500 manufatti dell&#8217;antico Egitto al Museo di Hurghada<\/li>\n<li>Scopri i punti salienti di Hurghada in un veicolo con aria condizionata<\/li>\n<li>Ammira la pi\u00f9 grande moschea e la chiesa pi\u00f9 antica di Hurghada<\/li>\n<li>Incontra i pescatori locali al porto<\/li>\n<li>Goditi una bibita in un caff\u00e8 orientale<\/li>\n<\/ul>\n<p>COSA \u00c8 INCLUSO?<\/p>\n<ul>\n<li>Prelievo e rientro dagli hotel di Hurghada<\/li>\n<li>Trasferimenti in veicolo con aria condizionata<\/li>\n<li>Goditi un caff\u00e8 o una bibita in un caff\u00e8 orientale<\/li>\n<li>Moschea El Min\u00e0<\/li>\n<li>Chiesa copta ortodossa di San Shenouda<\/li>\n<li>Viale del porto turistico di Hurghada<\/li>\n<li>Vecchio villaggio di pescatori e porto<\/li>\n<li>Souq di El Daher (Citt\u00e0 Vecchia).<\/li>\n<li>Museo di Hurghada<\/li>\n<li>Tempo per lo shopping<\/li>\n<li>Guida in lingua inglese<\/li>\n<li>Spese condominiali e tasse<\/li>\n<\/ul>\n<h2>COSA NON E&#8217; INCLUSO ?<\/h2>\n<ul>\n<li>Souvenir e acquisti personali<\/li>\n<li>Eventuali extra non menzionati nel programma<\/li>\n<li>Mance per autista e guida (previste ma non obbligatorie)<\/li>\n<\/ul>\n<h2>Cosa portare con te?<\/h2>\n<ul>\n<li>Scarpe comode<\/li>\n<li>Cappello e occhiali da sole<\/li>\n<li>Protezione solare<\/li>\n<li>Bottiglia d&#8217;acqua<\/li>\n<\/ul>\n<h2>Prenotazione Giornate del Giro della Citt\u00e0 con Visita al Museo di Hurghada<\/h2>\n<ul>\n<li>Lunedi<\/li>\n<li>Mercoled\u00ec<\/li>\n<\/ul>\n","protected":false},"excerpt":{"rendered":"<p>Sei interessato a conoscere l&#8217;antica cultura egizia ma non vuoi viaggiare fino al Cairo o a Luxor? Bene, non temere perch\u00e9 c&#8217;\u00e8 un museo a Hurghada perfetto per te! Aperto di recente dal Ministero delle Antichit\u00e0, questo museo contiene oltre 1000 reperti trovati in tombe e diversi siti storici in tutto l&#8217;Egitto. Potrai esplorare i misteri di questa antica civilt\u00e0 con una guida professionale che ti mostrer\u00e0 le corde.<\/p>\n<p>Fai un viaggio nel tempo e scopri la civilt\u00e0 pi\u00f9 antica del mondo con questa esperienza museale unica. La tua guida ti racconter\u00e0 tutto su ogni manufatto e sullo sfondo storico dietro di loro in modo che tu possa veramente capire quanto fossero straordinari gli egiziani. Avrai la possibilit\u00e0 di vedere antichi sport, strumenti musicali e persino guerre che hanno avuto luogo secoli fa. C&#8217;\u00e8 anche un&#8217;esposizione di arti antiche e asiatiche, cos\u00ec come la storia dei re egizi.<\/p>\n<p>Una volta terminato il tour, avrai del tempo libero per visitare il museo da solo prima di essere ricondotto al tuo hotel a Hurghada. Forza, esploriamo insieme i misteri dell&#8217;antico Egitto!<\/p>\n","protected":false},"featured_media":61094,"comment_status":"open","ping_status":"closed","template":"","meta":{"_coblocks_attr":"","_coblocks_dimensions":"","_coblocks_responsive_height":"","_coblocks_accordion_ie_support":"","_uag_custom_page_level_css":"","jetpack_publicize_message":"","jetpack_publicize_feature_enabled":true,"jetpack_social_post_already_shared":true,"jetpack_social_options":{"image_generator_settings":{"template":"highway","default_image_id":0,"font":"","enabled":false},"version":2},"_wpas_customize_per_network":false},"product_brand":[],"product_cat":[8565,22521,1633,23519],"product_tag":[1644,2145,1669,1661,9910],"class_list":{"0":"post-142240","1":"product","2":"type-product","3":"status-publish","4":"has-post-thumbnail","6":"product_cat-escursioni-individuali-hurghada","7":"product_cat-escursioni-famiglie-hurghada","8":"product_cat-tour-citta-hurghada","9":"product_cat-tour-privati-della-citta-hurghada","10":"product_tag-escursione","11":"product_tag-escursioni-da-hurghada","12":"product_tag-giro-della-citta","13":"product_tag-hurghada-it","14":"product_tag-visita-turistica","15":"pa_age-adulto","16":"pa_age-bambino-1-4-anni","17":"pa_age-bambino-5-11-anni","19":"first","20":"instock","21":"sale","22":"taxable","23":"shipping-taxable","24":"purchasable","25":"product-type-variable"},"yoast_head":"<!-- This site is optimized with the Yoast SEO Premium plugin v26.9 (Yoast SEO v27.4) - https:\/\/yoast.com\/product\/yoast-seo-premium-wordpress\/ -->\n<title>Tour della citt\u00e0 museo di Hurghada<\/title>\n<meta name=\"description\" content=\"Tour della citt\u00e0 museo di Hurghada Ti piacerebbe vedere i veri manufatti dell&#039;antica cultura dell&#039;Egitto ma non viaggiare lontano al Cairo o Luxor? Allora\" \/>\n<meta name=\"robots\" content=\"index, follow, max-snippet:-1, max-image-preview:large, max-video-preview:-1\" \/>\n<link rel=\"canonical\" href=\"https:\/\/landioustravel.com\/it\/shop\/tour-citta-museo-hurghada\/\" \/>\n<meta property=\"og:locale\" content=\"it_IT\" \/>\n<meta property=\"og:type\" content=\"article\" \/>\n<meta property=\"og:title\" content=\"Tour della citt\u00e0 museo di Hurghada\" \/>\n<meta property=\"og:description\" content=\"Landious Travel\" \/>\n<meta property=\"og:url\" content=\"https:\/\/landioustravel.com\/it\/shop\/tour-citta-museo-hurghada\/\" \/>\n<meta property=\"og:site_name\" content=\"Landious Travel\" \/>\n<meta property=\"article:publisher\" content=\"https:\/\/web.facebook.com\/landiousEgypt\" \/>\n<meta property=\"article:modified_time\" content=\"2023-06-21T05:58:01+00:00\" \/>\n<meta property=\"og:image\" content=\"https:\/\/i0.wp.com\/landioustravel.com\/wp-content\/uploads\/2022\/01\/Hurghada-Museum-e1641727191256.jpg?fit=1170%2C658&ssl=1\" \/>\n\t<meta property=\"og:image:width\" content=\"1170\" \/>\n\t<meta property=\"og:image:height\" content=\"658\" \/>\n\t<meta property=\"og:image:type\" content=\"image\/jpeg\" \/>\n<meta name=\"twitter:card\" content=\"summary_large_image\" \/>\n<meta name=\"twitter:site\" content=\"@LandiousTours\" \/>\n<meta name=\"twitter:label1\" content=\"Tempo di lettura stimato\" \/>\n\t<meta name=\"twitter:data1\" content=\"2 minuti\" \/>\n<script type=\"application\/ld+json\" class=\"yoast-schema-graph\">{\"@context\":\"https:\\\/\\\/schema.org\",\"@graph\":[{\"@type\":\"WebPage\",\"@id\":\"https:\\\/\\\/landioustravel.com\\\/it\\\/shop\\\/tour-citta-museo-hurghada\\\/\",\"url\":\"https:\\\/\\\/landioustravel.com\\\/it\\\/shop\\\/tour-citta-museo-hurghada\\\/\",\"name\":\"Tour della citt\u00e0 museo di Hurghada\",\"isPartOf\":{\"@id\":\"https:\\\/\\\/landioustravel.com\\\/it\\\/#website\"},\"primaryImageOfPage\":{\"@id\":\"https:\\\/\\\/landioustravel.com\\\/it\\\/shop\\\/tour-citta-museo-hurghada\\\/#primaryimage\"},\"image\":{\"@id\":\"https:\\\/\\\/landioustravel.com\\\/it\\\/shop\\\/tour-citta-museo-hurghada\\\/#primaryimage\"},\"thumbnailUrl\":\"https:\\\/\\\/i0.wp.com\\\/landioustravel.com\\\/wp-content\\\/uploads\\\/2022\\\/01\\\/Hurghada-Museum-e1641727191256.jpg?fit=1170%2C658&ssl=1\",\"datePublished\":\"2023-05-04T13:44:33+00:00\",\"dateModified\":\"2023-06-21T05:58:01+00:00\",\"description\":\"Tour della citt\u00e0 museo di Hurghada Ti piacerebbe vedere i veri manufatti dell'antica cultura dell'Egitto ma non viaggiare lontano al Cairo o Luxor? Allora\",\"breadcrumb\":{\"@id\":\"https:\\\/\\\/landioustravel.com\\\/it\\\/shop\\\/tour-citta-museo-hurghada\\\/#breadcrumb\"},\"inLanguage\":\"it-IT\",\"potentialAction\":[{\"@type\":\"ReadAction\",\"target\":[\"https:\\\/\\\/landioustravel.com\\\/it\\\/shop\\\/tour-citta-museo-hurghada\\\/\"]}]},{\"@type\":\"ImageObject\",\"inLanguage\":\"it-IT\",\"@id\":\"https:\\\/\\\/landioustravel.com\\\/it\\\/shop\\\/tour-citta-museo-hurghada\\\/#primaryimage\",\"url\":\"https:\\\/\\\/i0.wp.com\\\/landioustravel.com\\\/wp-content\\\/uploads\\\/2022\\\/01\\\/Hurghada-Museum-e1641727191256.jpg?fit=1170%2C658&ssl=1\",\"contentUrl\":\"https:\\\/\\\/i0.wp.com\\\/landioustravel.com\\\/wp-content\\\/uploads\\\/2022\\\/01\\\/Hurghada-Museum-e1641727191256.jpg?fit=1170%2C658&ssl=1\",\"width\":1170,\"height\":658,\"caption\":\"Hurghada Museum\"},{\"@type\":\"BreadcrumbList\",\"@id\":\"https:\\\/\\\/landioustravel.com\\\/it\\\/shop\\\/tour-citta-museo-hurghada\\\/#breadcrumb\",\"itemListElement\":[{\"@type\":\"ListItem\",\"position\":1,\"name\":\"Home\",\"item\":\"https:\\\/\\\/landioustravel.com\\\/it\\\/\"},{\"@type\":\"ListItem\",\"position\":2,\"name\":\"Tour in Egitto\",\"item\":\"https:\\\/\\\/landioustravel.com\\\/it\\\/\"},{\"@type\":\"ListItem\",\"position\":3,\"name\":\"Tour della citt\u00e0 museo di Hurghada\"}]},{\"@type\":\"WebSite\",\"@id\":\"https:\\\/\\\/landioustravel.com\\\/it\\\/#website\",\"url\":\"https:\\\/\\\/landioustravel.com\\\/it\\\/\",\"name\":\"Landious Travel\",\"description\":\"Excursions, trips and cruises in Egypt\",\"publisher\":{\"@id\":\"https:\\\/\\\/landioustravel.com\\\/it\\\/#organization\"},\"potentialAction\":[{\"@type\":\"SearchAction\",\"target\":{\"@type\":\"EntryPoint\",\"urlTemplate\":\"https:\\\/\\\/landioustravel.com\\\/it\\\/?s={search_term_string}\"},\"query-input\":{\"@type\":\"PropertyValueSpecification\",\"valueRequired\":true,\"valueName\":\"search_term_string\"}}],\"inLanguage\":\"it-IT\"},{\"@type\":[\"Organization\",\"Place\"],\"@id\":\"https:\\\/\\\/landioustravel.com\\\/it\\\/#organization\",\"name\":\"Landious Travel\",\"alternateName\":\"Landious Travel\",\"url\":\"https:\\\/\\\/landioustravel.com\\\/it\\\/\",\"logo\":{\"@id\":\"https:\\\/\\\/landioustravel.com\\\/it\\\/shop\\\/tour-citta-museo-hurghada\\\/#local-main-organization-logo\"},\"image\":{\"@id\":\"https:\\\/\\\/landioustravel.com\\\/it\\\/shop\\\/tour-citta-museo-hurghada\\\/#local-main-organization-logo\"},\"sameAs\":[\"https:\\\/\\\/web.facebook.com\\\/landiousEgypt\",\"https:\\\/\\\/x.com\\\/LandiousTours\",\"https:\\\/\\\/mastodon.social\\\/@landious\"],\"legalName\":\"Landious Travel\",\"telephone\":[],\"openingHoursSpecification\":[{\"@type\":\"OpeningHoursSpecification\",\"dayOfWeek\":[\"Monday\",\"Tuesday\",\"Wednesday\",\"Thursday\",\"Friday\",\"Saturday\",\"Sunday\"],\"opens\":\"09:00\",\"closes\":\"17:00\"}]},{\"@type\":\"ImageObject\",\"inLanguage\":\"it-IT\",\"@id\":\"https:\\\/\\\/landioustravel.com\\\/it\\\/shop\\\/tour-citta-museo-hurghada\\\/#local-main-organization-logo\",\"url\":\"https:\\\/\\\/i0.wp.com\\\/landioustravel.com\\\/wp-content\\\/uploads\\\/2021\\\/06\\\/Landious-T.png?fit=500%2C500&ssl=1\",\"contentUrl\":\"https:\\\/\\\/i0.wp.com\\\/landioustravel.com\\\/wp-content\\\/uploads\\\/2021\\\/06\\\/Landious-T.png?fit=500%2C500&ssl=1\",\"width\":500,\"height\":500,\"caption\":\"Landious Travel\"}]}<\/script>\n<!-- \/ Yoast SEO Premium plugin. -->","yoast_head_json":{"title":"Tour della citt\u00e0 museo di Hurghada","description":"Tour della citt\u00e0 museo di Hurghada Ti piacerebbe vedere i veri manufatti dell'antica cultura dell'Egitto ma non viaggiare lontano al Cairo o Luxor? Allora","robots":{"index":"index","follow":"follow","max-snippet":"max-snippet:-1","max-image-preview":"max-image-preview:large","max-video-preview":"max-video-preview:-1"},"canonical":"https:\/\/landioustravel.com\/it\/shop\/tour-citta-museo-hurghada\/","og_locale":"it_IT","og_type":"article","og_title":"Tour della citt\u00e0 museo di Hurghada","og_description":"Landious Travel","og_url":"https:\/\/landioustravel.com\/it\/shop\/tour-citta-museo-hurghada\/","og_site_name":"Landious Travel","article_publisher":"https:\/\/web.facebook.com\/landiousEgypt","article_modified_time":"2023-06-21T05:58:01+00:00","og_image":[{"width":1170,"height":658,"url":"https:\/\/i0.wp.com\/landioustravel.com\/wp-content\/uploads\/2022\/01\/Hurghada-Museum-e1641727191256.jpg?fit=1170%2C658&ssl=1","type":"image\/jpeg"}],"twitter_card":"summary_large_image","twitter_site":"@LandiousTours","twitter_misc":{"Tempo di lettura stimato":"2 minuti"},"schema":{"@context":"https:\/\/schema.org","@graph":[{"@type":"WebPage","@id":"https:\/\/landioustravel.com\/it\/shop\/tour-citta-museo-hurghada\/","url":"https:\/\/landioustravel.com\/it\/shop\/tour-citta-museo-hurghada\/","name":"Tour della citt\u00e0 museo di Hurghada","isPartOf":{"@id":"https:\/\/landioustravel.com\/it\/#website"},"primaryImageOfPage":{"@id":"https:\/\/landioustravel.com\/it\/shop\/tour-citta-museo-hurghada\/#primaryimage"},"image":{"@id":"https:\/\/landioustravel.com\/it\/shop\/tour-citta-museo-hurghada\/#primaryimage"},"thumbnailUrl":"https:\/\/i0.wp.com\/landioustravel.com\/wp-content\/uploads\/2022\/01\/Hurghada-Museum-e1641727191256.jpg?fit=1170%2C658&ssl=1","datePublished":"2023-05-04T13:44:33+00:00","dateModified":"2023-06-21T05:58:01+00:00","description":"Tour della citt\u00e0 museo di Hurghada Ti piacerebbe vedere i veri manufatti dell'antica cultura dell'Egitto ma non viaggiare lontano al Cairo o Luxor? Allora","breadcrumb":{"@id":"https:\/\/landioustravel.com\/it\/shop\/tour-citta-museo-hurghada\/#breadcrumb"},"inLanguage":"it-IT","potentialAction":[{"@type":"ReadAction","target":["https:\/\/landioustravel.com\/it\/shop\/tour-citta-museo-hurghada\/"]}]},{"@type":"ImageObject","inLanguage":"it-IT","@id":"https:\/\/landioustravel.com\/it\/shop\/tour-citta-museo-hurghada\/#primaryimage","url":"https:\/\/i0.wp.com\/landioustravel.com\/wp-content\/uploads\/2022\/01\/Hurghada-Museum-e1641727191256.jpg?fit=1170%2C658&ssl=1","contentUrl":"https:\/\/i0.wp.com\/landioustravel.com\/wp-content\/uploads\/2022\/01\/Hurghada-Museum-e1641727191256.jpg?fit=1170%2C658&ssl=1","width":1170,"height":658,"caption":"Hurghada Museum"},{"@type":"BreadcrumbList","@id":"https:\/\/landioustravel.com\/it\/shop\/tour-citta-museo-hurghada\/#breadcrumb","itemListElement":[{"@type":"ListItem","position":1,"name":"Home","item":"https:\/\/landioustravel.com\/it\/"},{"@type":"ListItem","position":2,"name":"Tour in Egitto","item":"https:\/\/landioustravel.com\/it\/"},{"@type":"ListItem","position":3,"name":"Tour della citt\u00e0 museo di Hurghada"}]},{"@type":"WebSite","@id":"https:\/\/landioustravel.com\/it\/#website","url":"https:\/\/landioustravel.com\/it\/","name":"Landious Travel","description":"Excursions, trips and cruises in Egypt","publisher":{"@id":"https:\/\/landioustravel.com\/it\/#organization"},"potentialAction":[{"@type":"SearchAction","target":{"@type":"EntryPoint","urlTemplate":"https:\/\/landioustravel.com\/it\/?s={search_term_string}"},"query-input":{"@type":"PropertyValueSpecification","valueRequired":true,"valueName":"search_term_string"}}],"inLanguage":"it-IT"},{"@type":["Organization","Place"],"@id":"https:\/\/landioustravel.com\/it\/#organization","name":"Landious Travel","alternateName":"Landious Travel","url":"https:\/\/landioustravel.com\/it\/","logo":{"@id":"https:\/\/landioustravel.com\/it\/shop\/tour-citta-museo-hurghada\/#local-main-organization-logo"},"image":{"@id":"https:\/\/landioustravel.com\/it\/shop\/tour-citta-museo-hurghada\/#local-main-organization-logo"},"sameAs":["https:\/\/web.facebook.com\/landiousEgypt","https:\/\/x.com\/LandiousTours","https:\/\/mastodon.social\/@landious"],"legalName":"Landious Travel","telephone":[],"openingHoursSpecification":[{"@type":"OpeningHoursSpecification","dayOfWeek":["Monday","Tuesday","Wednesday","Thursday","Friday","Saturday","Sunday"],"opens":"09:00","closes":"17:00"}]},{"@type":"ImageObject","inLanguage":"it-IT","@id":"https:\/\/landioustravel.com\/it\/shop\/tour-citta-museo-hurghada\/#local-main-organization-logo","url":"https:\/\/i0.wp.com\/landioustravel.com\/wp-content\/uploads\/2021\/06\/Landious-T.png?fit=500%2C500&ssl=1","contentUrl":"https:\/\/i0.wp.com\/landioustravel.com\/wp-content\/uploads\/2021\/06\/Landious-T.png?fit=500%2C500&ssl=1","width":500,"height":500,"caption":"Landious Travel"}]}},"jetpack_publicize_connections":[],"uagb_featured_image_src":{"full":["https:\/\/i0.wp.com\/landioustravel.com\/wp-content\/uploads\/2022\/01\/Hurghada-Museum-e1641727191256.jpg?fit=1170%2C658&ssl=1",1170,658,false],"thumbnail":["https:\/\/i0.wp.com\/landioustravel.com\/wp-content\/uploads\/2022\/01\/Hurghada-Museum-e1641727191256.jpg?resize=150%2C150&ssl=1",150,150,true],"medium":["https:\/\/i0.wp.com\/landioustravel.com\/wp-content\/uploads\/2022\/01\/Hurghada-Museum-e1641727191256.jpg?fit=300%2C169&ssl=1",300,169,true],"medium_large":["https:\/\/i0.wp.com\/landioustravel.com\/wp-content\/uploads\/2022\/01\/Hurghada-Museum-e1641727191256.jpg?fit=768%2C432&ssl=1",768,432,true],"large":["https:\/\/i0.wp.com\/landioustravel.com\/wp-content\/uploads\/2022\/01\/Hurghada-Museum-e1641727191256.jpg?fit=980%2C551&ssl=1",980,551,true],"1536x1536":["https:\/\/i0.wp.com\/landioustravel.com\/wp-content\/uploads\/2022\/01\/Hurghada-Museum-e1641727191256.jpg?fit=1170%2C658&ssl=1",1170,658,true],"2048x2048":["https:\/\/i0.wp.com\/landioustravel.com\/wp-content\/uploads\/2022\/01\/Hurghada-Museum-e1641727191256.jpg?fit=1170%2C658&ssl=1",1170,658,true],"newspack-article-block-landscape-large":["https:\/\/i0.wp.com\/landioustravel.com\/wp-content\/uploads\/2022\/01\/Hurghada-Museum-e1641727191256.jpg?resize=1170%2C658&ssl=1",1170,658,true],"newspack-article-block-portrait-large":["https:\/\/i0.wp.com\/landioustravel.com\/wp-content\/uploads\/2022\/01\/Hurghada-Museum-e1641727191256.jpg?resize=900%2C658&ssl=1",900,658,true],"newspack-article-block-square-large":["https:\/\/i0.wp.com\/landioustravel.com\/wp-content\/uploads\/2022\/01\/Hurghada-Museum-e1641727191256.jpg?resize=1170%2C658&ssl=1",1170,658,true],"newspack-article-block-landscape-medium":["https:\/\/i0.wp.com\/landioustravel.com\/wp-content\/uploads\/2022\/01\/Hurghada-Museum-e1641727191256.jpg?resize=800%2C600&ssl=1",800,600,true],"newspack-article-block-portrait-medium":["https:\/\/i0.wp.com\/landioustravel.com\/wp-content\/uploads\/2022\/01\/Hurghada-Museum-e1641727191256.jpg?resize=600%2C658&ssl=1",600,658,true],"newspack-article-block-square-medium":["https:\/\/i0.wp.com\/landioustravel.com\/wp-content\/uploads\/2022\/01\/Hurghada-Museum-e1641727191256.jpg?resize=800%2C658&ssl=1",800,658,true],"newspack-article-block-landscape-intermediate":["https:\/\/i0.wp.com\/landioustravel.com\/wp-content\/uploads\/2022\/01\/Hurghada-Museum-e1641727191256.jpg?resize=600%2C450&ssl=1",600,450,true],"newspack-article-block-portrait-intermediate":["https:\/\/i0.wp.com\/landioustravel.com\/wp-content\/uploads\/2022\/01\/Hurghada-Museum-e1641727191256.jpg?resize=450%2C600&ssl=1",450,600,true],"newspack-article-block-square-intermediate":["https:\/\/i0.wp.com\/landioustravel.com\/wp-content\/uploads\/2022\/01\/Hurghada-Museum-e1641727191256.jpg?resize=600%2C600&ssl=1",600,600,true],"newspack-article-block-landscape-small":["https:\/\/i0.wp.com\/landioustravel.com\/wp-content\/uploads\/2022\/01\/Hurghada-Museum-e1641727191256.jpg?resize=400%2C300&ssl=1",400,300,true],"newspack-article-block-portrait-small":["https:\/\/i0.wp.com\/landioustravel.com\/wp-content\/uploads\/2022\/01\/Hurghada-Museum-e1641727191256.jpg?resize=300%2C400&ssl=1",300,400,true],"newspack-article-block-square-small":["https:\/\/i0.wp.com\/landioustravel.com\/wp-content\/uploads\/2022\/01\/Hurghada-Museum-e1641727191256.jpg?resize=400%2C400&ssl=1",400,400,true],"newspack-article-block-landscape-tiny":["https:\/\/i0.wp.com\/landioustravel.com\/wp-content\/uploads\/2022\/01\/Hurghada-Museum-e1641727191256.jpg?resize=200%2C150&ssl=1",200,150,true],"newspack-article-block-portrait-tiny":["https:\/\/i0.wp.com\/landioustravel.com\/wp-content\/uploads\/2022\/01\/Hurghada-Museum-e1641727191256.jpg?resize=150%2C200&ssl=1",150,200,true],"newspack-article-block-square-tiny":["https:\/\/i0.wp.com\/landioustravel.com\/wp-content\/uploads\/2022\/01\/Hurghada-Museum-e1641727191256.jpg?resize=200%2C200&ssl=1",200,200,true],"newspack-article-block-uncropped":["https:\/\/i0.wp.com\/landioustravel.com\/wp-content\/uploads\/2022\/01\/Hurghada-Museum-e1641727191256.jpg?fit=1170%2C658&ssl=1",1170,658,true],"woocommerce_thumbnail":["https:\/\/i0.wp.com\/landioustravel.com\/wp-content\/uploads\/2022\/01\/Hurghada-Museum-e1641727191256.jpg?resize=324%2C324&ssl=1",324,324,true],"woocommerce_single":["https:\/\/i0.wp.com\/landioustravel.com\/wp-content\/uploads\/2022\/01\/Hurghada-Museum-e1641727191256.jpg?fit=416%2C234&ssl=1",416,234,true],"woocommerce_gallery_thumbnail":["https:\/\/i0.wp.com\/landioustravel.com\/wp-content\/uploads\/2022\/01\/Hurghada-Museum-e1641727191256.jpg?resize=100%2C100&ssl=1",100,100,true]},"uagb_author_info":{"display_name":"Mofreh Landious","author_link":"https:\/\/landioustravel.com\/it\/author\/"},"uagb_comment_info":0,"uagb_excerpt":"Sei interessato a conoscere l'antica cultura egizia ma non vuoi viaggiare fino al Cairo o a Luxor? Bene, non temere perch\u00e9 c'\u00e8 un museo a Hurghada perfetto per te! Aperto di recente dal Ministero delle Antichit\u00e0, questo museo contiene oltre 1000 reperti trovati in tombe e diversi siti storici in tutto l'Egitto. Potrai esplorare i&hellip;","jetpack_sharing_enabled":true,"jetpack_likes_enabled":true,"amp_enabled":true,"_links":{"self":[{"href":"https:\/\/landioustravel.com\/it\/wp-json\/wp\/v2\/product\/142240","targetHints":{"allow":["GET"]}}],"collection":[{"href":"https:\/\/landioustravel.com\/it\/wp-json\/wp\/v2\/product"}],"about":[{"href":"https:\/\/landioustravel.com\/it\/wp-json\/wp\/v2\/types\/product"}],"replies":[{"embeddable":true,"href":"https:\/\/landioustravel.com\/it\/wp-json\/wp\/v2\/comments?post=142240"}],"wp:featuredmedia":[{"embeddable":true,"href":"https:\/\/landioustravel.com\/it\/wp-json\/wp\/v2\/media\/61094"}],"wp:attachment":[{"href":"https:\/\/landioustravel.com\/it\/wp-json\/wp\/v2\/media?parent=142240"}],"wp:term":[{"taxonomy":"product_brand","embeddable":true,"href":"https:\/\/landioustravel.com\/it\/wp-json\/wp\/v2\/product_brand?post=142240"},{"taxonomy":"product_cat","embeddable":true,"href":"https:\/\/landioustravel.com\/it\/wp-json\/wp\/v2\/product_cat?post=142240"},{"taxonomy":"product_tag","embeddable":true,"href":"https:\/\/landioustravel.com\/it\/wp-json\/wp\/v2\/product_tag?post=142240"}],"curies":[{"name":"wp","href":"https:\/\/api.w.org\/{rel}","templated":true}]}}