{"id":1428,"date":"2018-12-16T20:52:00","date_gmt":"2018-12-16T18:52:00","guid":{"rendered":"https:\/\/landioustravel.com\/product\/escursione-cairo-alessandria-sharm\/"},"modified":"2024-09-24T01:49:04","modified_gmt":"2024-09-23T22:49:04","slug":"escursione-cairo-alessandria-sharm","status":"publish","type":"product","link":"https:\/\/landioustravel.com\/it\/shop\/escursione-cairo-alessandria-sharm\/","title":{"rendered":"Escursione al Cairo-Alessandria da Sharm El-Sheikh"},"content":{"rendered":"<p>Un programma intensivo di escursioni al Cairo e ad Alessandria dal resort di Sharm El Sheikh! Raccomandiamo il tour in quanto consente ai turisti di vedere i luoghi pi\u00f9 suggestivi. Queste attrazioni si trovano nelle tre diverse citt\u00e0: Cairo, Giza e Alessandria. Nelle citt\u00e0 del Cairo e di Giza, \u00e8 possibile visitare gli antichi monumenti egizi. Mentre sei ad Alessandria, vedi le viste dell&#8217;Impero Romano e del periodo moderno. Tutto ci\u00f2 ti consente di conoscere meglio la storia dell&#8217;Egitto e di ricevere molte impressioni.<\/p>\n<h2>I punti principali del programma di escursioni al Cairo-Alessandria<\/h2>\n<h3>Il programma al Cairo:<\/h3>\n<ul>\n<li>Visitare il Museo Egizio al Cairo<\/li>\n<li>Le tre piramidi di Giza<\/li>\n<li>E, la Grande Sfinge nel complesso piramidale<\/li>\n<li>Pernottamento in hotel<\/li>\n<\/ul>\n<h3>Il programma del secondo giorno ad Alessandria:<\/h3>\n<ul>\n<li>Visita al Montazah Park e al Faro di Alessandria<\/li>\n<li>Visita alla Biblioteca di Alessandria<\/li>\n<li>Pranzo in un ristorante di pesce<\/li>\n<li>Cittadella di Qeitbay e Abu Abbas Mosque<\/li>\n<li>E, visitando l&#8217;anfiteatro romano<\/li>\n<\/ul>\n<h3>Il programma di escursioni al Cairo-Alessandria da Sharm El-Sheikh<\/h3>\n<ul>\n<li>Vi verremo a prendere dal vostro hotel alle 00:00 circa mezzanotte<\/li>\n<li>Dopo aver raccolto tutti gli arrivi, l&#8217;autobus parte in direzione del Cairo, passando le citt\u00e0 di El Tor, Abu Zinema, Ras Sidr e Suez. Tutte queste citt\u00e0 si trovano a nord di Sharm El Sheikh, sulla costa del Mar Rosso. La strada, dal centro di Sharm El Sheikh al Cairo, dura circa 6 ore.<\/li>\n<\/ul>\n<h4>Programma First Day al Cairo<\/h4>\n<ul>\n<li>Una volta arrivati \u200b\u200bal Cairo, vi mostriamo il Museo Egizio. La tua guida avr\u00e0 un compito simile a mostrare tutti gli oggetti esposti in questo enorme museo e dar\u00e0 tempo libero per fare foto.<\/li>\n<li>Dopo aver visitato il Museo Egizio al Cairo, si avvia un picnic in barca sul fiume Nilo, come opzione a pagamento. Questo \u00e8 un programma aggiuntivo, e deve essere prenotato, in anticipo, attraverso di noi! Non appena termina il picnic in barca sul Nilo, ti dirigerai verso un&#8217;altra citt\u00e0, Giza<\/li>\n<li>Il viaggio continua a Giza. La prima tappa, l\u00ec, sar\u00e0 nel ristorante per il pranzo. Il ristorante offre un buffet aperto<\/li>\n<li>Dopo pranzo, fai shopping per un po &#8216;<\/li>\n<li>Quindi, il gruppo si dirige verso il complesso della piramide, dove ci sono grandi piramidi e la Sfinge. La tua guida li mostra e d\u00e0 il tempo libero per fotografarli<\/li>\n<li>Prima della fine del programma a Giza, i turisti hanno tempo per fare shopping nella sala dei profumi<\/li>\n<li>Dopo, vai in albergo per controllare il tuo hotel e passare la notte.<\/li>\n<li>Al mattino, dovrai recarti ad Alessandria. Sarai prelevato dal tuo hotel alle 03:00 circa<\/li>\n<\/ul>\n<h4>Il programma del secondo giorno ad Alessandria<\/h4>\n<ul>\n<li>Non appena arrivi ad Alessandria, ti mostriamo il palazzo di Montazah, dove si trova il palazzo del re d&#8217;Egitto, e il faro di Pharos<\/li>\n<li>Inoltre, vedrai la Biblioteca di Alessandria e la Moschea di Abu Abbas.<\/li>\n<li>Poi, visiterai la cittadella di Qeitbay<\/li>\n<li>Dopo aver visitato la fortezza, pranzerai in un ristorante di pesce<\/li>\n<li>Quindi, torni al Cairo e prosegui per Sharm El Sheikh.<\/li>\n<\/ul>\n<h5>Cosa \u00e8 incluso nel prezzo del tour<\/h5>\n<ul>\n<li>I biglietti per visitare i templi<\/li>\n<li>Cibo (tranne le bevande)<\/li>\n<li>Guida<\/li>\n<li>Trasferimento al Cairo-Alessandria e ritorno al vostro hotel<\/li>\n<\/ul>\n<h6>Cosa non \u00e8 incluso nel prezzo del tour<\/h6>\n<ul>\n<li>Ulteriori programmi di escursione<\/li>\n<li>Bevande<\/li>\n<\/ul>\n<h6>Cosa portare con te per il tour<\/h6>\n<ul>\n<li>Scatola della colazione<\/li>\n<li>Passaporto<\/li>\n<li>Vestiti per la stagione<\/li>\n<\/ul>\n<h6>GIORNI DI ORGANIZZAZIONE DI ESCURSIONE<\/h6>\n<ul>\n<li>Tutti i giorni dalle 00:00 di mezzanotte alle 23:00 del secondo giorno<\/li>\n<\/ul>\n","protected":false},"excerpt":{"rendered":"<p>Sei interessato ad esplorare le magnifiche citt\u00e0 del Cairo e di Alessandria durante la tua visita in Egitto? La nostra escursione di due giorni da Sharm El-Sheikh ti offre l&#8217;opportunit\u00e0 di assistere alle piramidi mozzafiato di Giza e visitare il Museo Egizio del Cairo. Puoi anche goderti un rilassante picnic in barca sul fiume Nilo e acquistare souvenir presso la fabbrica di profumi.<\/p>\n<p>Il secondo giorno, la nostra amichevole e competente guida di lingua inglese ti accompagner\u00e0 ad Alessandria, dove vedrai lo storico palazzo del re d&#8217;Egitto a Montaza, la fortezza di Qaitbay e la bellissima Biblioteca di Alessandria. Visiterai anche il Patriarcato copto e la moschea di Abu Abbas, che ha un grande significato nella storia egiziana.<\/p>\n<p>Comprendiamo che viaggiare pu\u00f2 essere stancante, quindi verremo a prenderti dal tuo hotel a Sharm El-Sheikh in un grande pullman con aria condizionata e ti assicureremo una sistemazione confortevole durante il tuo viaggio. Ti forniremo anche molto tempo libero per esplorare le citt\u00e0 a tuo piacimento. Al termine dell&#8217;escursione, vi riaccompagneremo al vostro hotel a Sharm el-Sheikh. Scopri la ricca storia e cultura dell&#8217;Egitto con noi!<\/p>\n","protected":false},"featured_media":51274,"comment_status":"open","ping_status":"closed","template":"","meta":{"_coblocks_attr":"","_coblocks_dimensions":"","_coblocks_responsive_height":"","_coblocks_accordion_ie_support":"","_uag_custom_page_level_css":"","jetpack_publicize_message":"","jetpack_publicize_feature_enabled":true,"jetpack_social_post_already_shared":false,"jetpack_social_options":{"image_generator_settings":{"template":"highway","default_image_id":0,"font":"","enabled":false},"version":2},"_wpas_customize_per_network":false},"product_brand":[],"product_cat":[1639,1640],"product_tag":[12337,1644,1643,1645,1646,1648,9910],"class_list":{"0":"post-1428","1":"product","2":"type-product","3":"status-publish","4":"has-post-thumbnail","6":"product_cat-escursioni-sharm-el-sheikh","7":"product_cat-escursioni-storiche-sharm-sheikh","8":"product_tag-alessandria","9":"product_tag-escursione","10":"product_tag-il-cairo","11":"product_tag-piramidi","12":"product_tag-sfinge","13":"product_tag-sharm-el-sheikh-it","14":"product_tag-visita-turistica","15":"pa_age-adulto","16":"pa_age-bambino","18":"first","19":"instock","20":"sale","21":"purchasable","22":"product-type-variable"},"yoast_head":"<!-- This site is optimized with the Yoast SEO Premium plugin v27.5 (Yoast SEO v27.5) - https:\/\/yoast.com\/product\/yoast-seo-premium-wordpress\/ -->\n<title>Escursione al Cairo-Alessandria da Sharm El-Sheikh<\/title>\n<meta name=\"description\" content=\"Escursione al Cairo-Alessandria da Sharm El-Sheikh visita le piramidi e la Sfinge a Giza, il Museo Egizio del Cairo, la fortezza di Qaitbay e Montazah\" \/>\n<meta name=\"robots\" content=\"index, follow, max-snippet:-1, max-image-preview:large, max-video-preview:-1\" \/>\n<link rel=\"canonical\" href=\"https:\/\/landioustravel.com\/it\/shop\/escursione-cairo-alessandria-sharm\/\" \/>\n<meta property=\"og:locale\" content=\"it_IT\" \/>\n<meta property=\"og:type\" content=\"article\" \/>\n<meta property=\"og:title\" content=\"Escursione al Cairo-Alessandria da Sharm El-Sheikh\" \/>\n<meta property=\"og:description\" content=\"Landious Travel\" \/>\n<meta property=\"og:url\" content=\"https:\/\/landioustravel.com\/it\/shop\/escursione-cairo-alessandria-sharm\/\" \/>\n<meta property=\"og:site_name\" content=\"Landious Travel\" \/>\n<meta property=\"article:publisher\" content=\"https:\/\/web.facebook.com\/landiousEgypt\" \/>\n<meta property=\"article:modified_time\" content=\"2024-09-23T22:49:04+00:00\" \/>\n<meta property=\"og:image\" content=\"https:\/\/landioustravel.com\/wp-content\/uploads\/2021\/05\/landious-montaza-palace-e1621971093894.jpg\" \/>\n\t<meta property=\"og:image:width\" content=\"1200\" \/>\n\t<meta property=\"og:image:height\" content=\"675\" \/>\n\t<meta property=\"og:image:type\" content=\"image\/jpeg\" \/>\n<meta name=\"twitter:card\" content=\"summary_large_image\" \/>\n<meta name=\"twitter:site\" content=\"@LandiousTours\" \/>\n<meta name=\"twitter:label1\" content=\"Tempo di lettura stimato\" \/>\n\t<meta name=\"twitter:data1\" content=\"3 minuti\" \/>\n<script type=\"application\/ld+json\" class=\"yoast-schema-graph\">{\"@context\":\"https:\\\/\\\/schema.org\",\"@graph\":[{\"@type\":\"WebPage\",\"@id\":\"https:\\\/\\\/landioustravel.com\\\/it\\\/shop\\\/escursione-cairo-alessandria-sharm\\\/\",\"url\":\"https:\\\/\\\/landioustravel.com\\\/it\\\/shop\\\/escursione-cairo-alessandria-sharm\\\/\",\"name\":\"Escursione al Cairo-Alessandria da Sharm El-Sheikh\",\"isPartOf\":{\"@id\":\"https:\\\/\\\/landioustravel.com\\\/it\\\/#website\"},\"primaryImageOfPage\":{\"@id\":\"https:\\\/\\\/landioustravel.com\\\/it\\\/shop\\\/escursione-cairo-alessandria-sharm\\\/#primaryimage\"},\"image\":{\"@id\":\"https:\\\/\\\/landioustravel.com\\\/it\\\/shop\\\/escursione-cairo-alessandria-sharm\\\/#primaryimage\"},\"thumbnailUrl\":\"https:\\\/\\\/i0.wp.com\\\/landioustravel.com\\\/wp-content\\\/uploads\\\/2021\\\/05\\\/landious-montaza-palace-e1621971093894.jpg?fit=1200%2C675&ssl=1\",\"datePublished\":\"2018-12-16T18:52:00+00:00\",\"dateModified\":\"2024-09-23T22:49:04+00:00\",\"description\":\"Escursione al Cairo-Alessandria da Sharm El-Sheikh visita le piramidi e la Sfinge a Giza, il Museo Egizio del Cairo, la fortezza di Qaitbay e Montazah\",\"breadcrumb\":{\"@id\":\"https:\\\/\\\/landioustravel.com\\\/it\\\/shop\\\/escursione-cairo-alessandria-sharm\\\/#breadcrumb\"},\"inLanguage\":\"it-IT\",\"potentialAction\":[{\"@type\":\"ReadAction\",\"target\":[\"https:\\\/\\\/landioustravel.com\\\/it\\\/shop\\\/escursione-cairo-alessandria-sharm\\\/\"]}]},{\"@type\":\"ImageObject\",\"inLanguage\":\"it-IT\",\"@id\":\"https:\\\/\\\/landioustravel.com\\\/it\\\/shop\\\/escursione-cairo-alessandria-sharm\\\/#primaryimage\",\"url\":\"https:\\\/\\\/i0.wp.com\\\/landioustravel.com\\\/wp-content\\\/uploads\\\/2021\\\/05\\\/landious-montaza-palace-e1621971093894.jpg?fit=1200%2C675&ssl=1\",\"contentUrl\":\"https:\\\/\\\/i0.wp.com\\\/landioustravel.com\\\/wp-content\\\/uploads\\\/2021\\\/05\\\/landious-montaza-palace-e1621971093894.jpg?fit=1200%2C675&ssl=1\",\"width\":1200,\"height\":675,\"caption\":\"Montaza Palace\"},{\"@type\":\"BreadcrumbList\",\"@id\":\"https:\\\/\\\/landioustravel.com\\\/it\\\/shop\\\/escursione-cairo-alessandria-sharm\\\/#breadcrumb\",\"itemListElement\":[{\"@type\":\"ListItem\",\"position\":1,\"name\":\"Home\",\"item\":\"https:\\\/\\\/landioustravel.com\\\/it\\\/\"},{\"@type\":\"ListItem\",\"position\":2,\"name\":\"Tour in Egitto\",\"item\":\"https:\\\/\\\/landioustravel.com\\\/it\\\/\"},{\"@type\":\"ListItem\",\"position\":3,\"name\":\"Escursione al Cairo-Alessandria da Sharm El-Sheikh\"}]},{\"@type\":\"WebSite\",\"@id\":\"https:\\\/\\\/landioustravel.com\\\/it\\\/#website\",\"url\":\"https:\\\/\\\/landioustravel.com\\\/it\\\/\",\"name\":\"Landious Travel\",\"description\":\"Excursions, trips and cruises in Egypt\",\"publisher\":{\"@id\":\"https:\\\/\\\/landioustravel.com\\\/it\\\/#organization\"},\"potentialAction\":[{\"@type\":\"SearchAction\",\"target\":{\"@type\":\"EntryPoint\",\"urlTemplate\":\"https:\\\/\\\/landioustravel.com\\\/it\\\/?s={search_term_string}\"},\"query-input\":{\"@type\":\"PropertyValueSpecification\",\"valueRequired\":true,\"valueName\":\"search_term_string\"}}],\"inLanguage\":\"it-IT\"},{\"@type\":[\"Organization\",\"Place\"],\"@id\":\"https:\\\/\\\/landioustravel.com\\\/it\\\/#organization\",\"name\":\"Landious Travel\",\"alternateName\":\"Landious Travel\",\"url\":\"https:\\\/\\\/landioustravel.com\\\/it\\\/\",\"logo\":{\"@id\":\"https:\\\/\\\/landioustravel.com\\\/it\\\/shop\\\/escursione-cairo-alessandria-sharm\\\/#local-main-organization-logo\"},\"image\":{\"@id\":\"https:\\\/\\\/landioustravel.com\\\/it\\\/shop\\\/escursione-cairo-alessandria-sharm\\\/#local-main-organization-logo\"},\"sameAs\":[\"https:\\\/\\\/web.facebook.com\\\/landiousEgypt\",\"https:\\\/\\\/x.com\\\/LandiousTours\",\"https:\\\/\\\/mastodon.social\\\/@landious\"],\"legalName\":\"Landious Travel\",\"telephone\":[],\"openingHoursSpecification\":[{\"@type\":\"OpeningHoursSpecification\",\"dayOfWeek\":[\"Monday\",\"Tuesday\",\"Wednesday\",\"Thursday\",\"Friday\",\"Saturday\",\"Sunday\"],\"opens\":\"09:00\",\"closes\":\"17:00\"}]},{\"@type\":\"ImageObject\",\"inLanguage\":\"it-IT\",\"@id\":\"https:\\\/\\\/landioustravel.com\\\/it\\\/shop\\\/escursione-cairo-alessandria-sharm\\\/#local-main-organization-logo\",\"url\":\"https:\\\/\\\/i0.wp.com\\\/landioustravel.com\\\/wp-content\\\/uploads\\\/2021\\\/06\\\/Landious-T.png?fit=500%2C500&ssl=1\",\"contentUrl\":\"https:\\\/\\\/i0.wp.com\\\/landioustravel.com\\\/wp-content\\\/uploads\\\/2021\\\/06\\\/Landious-T.png?fit=500%2C500&ssl=1\",\"width\":500,\"height\":500,\"caption\":\"Landious Travel\"}]}<\/script>\n<!-- \/ Yoast SEO Premium plugin. -->","yoast_head_json":{"title":"Escursione al Cairo-Alessandria da Sharm El-Sheikh","description":"Escursione al Cairo-Alessandria da Sharm El-Sheikh visita le piramidi e la Sfinge a Giza, il Museo Egizio del Cairo, la fortezza di Qaitbay e Montazah","robots":{"index":"index","follow":"follow","max-snippet":"max-snippet:-1","max-image-preview":"max-image-preview:large","max-video-preview":"max-video-preview:-1"},"canonical":"https:\/\/landioustravel.com\/it\/shop\/escursione-cairo-alessandria-sharm\/","og_locale":"it_IT","og_type":"article","og_title":"Escursione al Cairo-Alessandria da Sharm El-Sheikh","og_description":"Landious Travel","og_url":"https:\/\/landioustravel.com\/it\/shop\/escursione-cairo-alessandria-sharm\/","og_site_name":"Landious Travel","article_publisher":"https:\/\/web.facebook.com\/landiousEgypt","article_modified_time":"2024-09-23T22:49:04+00:00","og_image":[{"width":1200,"height":675,"url":"https:\/\/landioustravel.com\/wp-content\/uploads\/2021\/05\/landious-montaza-palace-e1621971093894.jpg","type":"image\/jpeg"}],"twitter_card":"summary_large_image","twitter_site":"@LandiousTours","twitter_misc":{"Tempo di lettura stimato":"3 minuti"},"schema":{"@context":"https:\/\/schema.org","@graph":[{"@type":"WebPage","@id":"https:\/\/landioustravel.com\/it\/shop\/escursione-cairo-alessandria-sharm\/","url":"https:\/\/landioustravel.com\/it\/shop\/escursione-cairo-alessandria-sharm\/","name":"Escursione al Cairo-Alessandria da Sharm El-Sheikh","isPartOf":{"@id":"https:\/\/landioustravel.com\/it\/#website"},"primaryImageOfPage":{"@id":"https:\/\/landioustravel.com\/it\/shop\/escursione-cairo-alessandria-sharm\/#primaryimage"},"image":{"@id":"https:\/\/landioustravel.com\/it\/shop\/escursione-cairo-alessandria-sharm\/#primaryimage"},"thumbnailUrl":"https:\/\/i0.wp.com\/landioustravel.com\/wp-content\/uploads\/2021\/05\/landious-montaza-palace-e1621971093894.jpg?fit=1200%2C675&ssl=1","datePublished":"2018-12-16T18:52:00+00:00","dateModified":"2024-09-23T22:49:04+00:00","description":"Escursione al Cairo-Alessandria da Sharm El-Sheikh visita le piramidi e la Sfinge a Giza, il Museo Egizio del Cairo, la fortezza di Qaitbay e Montazah","breadcrumb":{"@id":"https:\/\/landioustravel.com\/it\/shop\/escursione-cairo-alessandria-sharm\/#breadcrumb"},"inLanguage":"it-IT","potentialAction":[{"@type":"ReadAction","target":["https:\/\/landioustravel.com\/it\/shop\/escursione-cairo-alessandria-sharm\/"]}]},{"@type":"ImageObject","inLanguage":"it-IT","@id":"https:\/\/landioustravel.com\/it\/shop\/escursione-cairo-alessandria-sharm\/#primaryimage","url":"https:\/\/i0.wp.com\/landioustravel.com\/wp-content\/uploads\/2021\/05\/landious-montaza-palace-e1621971093894.jpg?fit=1200%2C675&ssl=1","contentUrl":"https:\/\/i0.wp.com\/landioustravel.com\/wp-content\/uploads\/2021\/05\/landious-montaza-palace-e1621971093894.jpg?fit=1200%2C675&ssl=1","width":1200,"height":675,"caption":"Montaza Palace"},{"@type":"BreadcrumbList","@id":"https:\/\/landioustravel.com\/it\/shop\/escursione-cairo-alessandria-sharm\/#breadcrumb","itemListElement":[{"@type":"ListItem","position":1,"name":"Home","item":"https:\/\/landioustravel.com\/it\/"},{"@type":"ListItem","position":2,"name":"Tour in Egitto","item":"https:\/\/landioustravel.com\/it\/"},{"@type":"ListItem","position":3,"name":"Escursione al Cairo-Alessandria da Sharm El-Sheikh"}]},{"@type":"WebSite","@id":"https:\/\/landioustravel.com\/it\/#website","url":"https:\/\/landioustravel.com\/it\/","name":"Landious Travel","description":"Excursions, trips and cruises in Egypt","publisher":{"@id":"https:\/\/landioustravel.com\/it\/#organization"},"potentialAction":[{"@type":"SearchAction","target":{"@type":"EntryPoint","urlTemplate":"https:\/\/landioustravel.com\/it\/?s={search_term_string}"},"query-input":{"@type":"PropertyValueSpecification","valueRequired":true,"valueName":"search_term_string"}}],"inLanguage":"it-IT"},{"@type":["Organization","Place"],"@id":"https:\/\/landioustravel.com\/it\/#organization","name":"Landious Travel","alternateName":"Landious Travel","url":"https:\/\/landioustravel.com\/it\/","logo":{"@id":"https:\/\/landioustravel.com\/it\/shop\/escursione-cairo-alessandria-sharm\/#local-main-organization-logo"},"image":{"@id":"https:\/\/landioustravel.com\/it\/shop\/escursione-cairo-alessandria-sharm\/#local-main-organization-logo"},"sameAs":["https:\/\/web.facebook.com\/landiousEgypt","https:\/\/x.com\/LandiousTours","https:\/\/mastodon.social\/@landious"],"legalName":"Landious Travel","telephone":[],"openingHoursSpecification":[{"@type":"OpeningHoursSpecification","dayOfWeek":["Monday","Tuesday","Wednesday","Thursday","Friday","Saturday","Sunday"],"opens":"09:00","closes":"17:00"}]},{"@type":"ImageObject","inLanguage":"it-IT","@id":"https:\/\/landioustravel.com\/it\/shop\/escursione-cairo-alessandria-sharm\/#local-main-organization-logo","url":"https:\/\/i0.wp.com\/landioustravel.com\/wp-content\/uploads\/2021\/06\/Landious-T.png?fit=500%2C500&ssl=1","contentUrl":"https:\/\/i0.wp.com\/landioustravel.com\/wp-content\/uploads\/2021\/06\/Landious-T.png?fit=500%2C500&ssl=1","width":500,"height":500,"caption":"Landious Travel"}]}},"jetpack_publicize_connections":[],"uagb_featured_image_src":{"full":["https:\/\/i0.wp.com\/landioustravel.com\/wp-content\/uploads\/2021\/05\/landious-montaza-palace-e1621971093894.jpg?fit=1200%2C675&ssl=1",1200,675,false],"thumbnail":["https:\/\/i0.wp.com\/landioustravel.com\/wp-content\/uploads\/2021\/05\/landious-montaza-palace-e1621971093894.jpg?resize=150%2C150&ssl=1",150,150,true],"medium":["https:\/\/i0.wp.com\/landioustravel.com\/wp-content\/uploads\/2021\/05\/landious-montaza-palace-e1621971093894.jpg?fit=300%2C169&ssl=1",300,169,true],"medium_large":["https:\/\/i0.wp.com\/landioustravel.com\/wp-content\/uploads\/2021\/05\/landious-montaza-palace-e1621971093894.jpg?fit=768%2C432&ssl=1",768,432,true],"large":["https:\/\/i0.wp.com\/landioustravel.com\/wp-content\/uploads\/2021\/05\/landious-montaza-palace-e1621971093894.jpg?fit=980%2C551&ssl=1",980,551,true],"1536x1536":["https:\/\/i0.wp.com\/landioustravel.com\/wp-content\/uploads\/2021\/05\/landious-montaza-palace-e1621971093894.jpg?fit=1536%2C864&ssl=1",1536,864,true],"2048x2048":["https:\/\/i0.wp.com\/landioustravel.com\/wp-content\/uploads\/2021\/05\/landious-montaza-palace-e1621971093894.jpg?fit=2048%2C1152&ssl=1",2048,1152,true],"newspack-article-block-landscape-large":["https:\/\/i0.wp.com\/landioustravel.com\/wp-content\/uploads\/2021\/05\/landious-montaza-palace-e1621971093894.jpg?resize=1200%2C675&ssl=1",1200,900,true],"newspack-article-block-portrait-large":["https:\/\/i0.wp.com\/landioustravel.com\/wp-content\/uploads\/2021\/05\/landious-montaza-palace-e1621971093894.jpg?resize=900%2C675&ssl=1",900,1200,true],"newspack-article-block-square-large":["https:\/\/i0.wp.com\/landioustravel.com\/wp-content\/uploads\/2021\/05\/landious-montaza-palace-e1621971093894.jpg?resize=1200%2C675&ssl=1",1200,1200,true],"newspack-article-block-landscape-medium":["https:\/\/i0.wp.com\/landioustravel.com\/wp-content\/uploads\/2021\/05\/landious-montaza-palace-e1621971093894.jpg?resize=800%2C600&ssl=1",800,600,true],"newspack-article-block-portrait-medium":["https:\/\/i0.wp.com\/landioustravel.com\/wp-content\/uploads\/2021\/05\/landious-montaza-palace-e1621971093894.jpg?resize=600%2C675&ssl=1",600,800,true],"newspack-article-block-square-medium":["https:\/\/i0.wp.com\/landioustravel.com\/wp-content\/uploads\/2021\/05\/landious-montaza-palace-e1621971093894.jpg?resize=800%2C675&ssl=1",800,800,true],"newspack-article-block-landscape-intermediate":["https:\/\/i0.wp.com\/landioustravel.com\/wp-content\/uploads\/2021\/05\/landious-montaza-palace-e1621971093894.jpg?resize=600%2C450&ssl=1",600,450,true],"newspack-article-block-portrait-intermediate":["https:\/\/i0.wp.com\/landioustravel.com\/wp-content\/uploads\/2021\/05\/landious-montaza-palace-e1621971093894.jpg?resize=450%2C600&ssl=1",450,600,true],"newspack-article-block-square-intermediate":["https:\/\/i0.wp.com\/landioustravel.com\/wp-content\/uploads\/2021\/05\/landious-montaza-palace-e1621971093894.jpg?resize=600%2C600&ssl=1",600,600,true],"newspack-article-block-landscape-small":["https:\/\/i0.wp.com\/landioustravel.com\/wp-content\/uploads\/2021\/05\/landious-montaza-palace-e1621971093894.jpg?resize=400%2C300&ssl=1",400,300,true],"newspack-article-block-portrait-small":["https:\/\/i0.wp.com\/landioustravel.com\/wp-content\/uploads\/2021\/05\/landious-montaza-palace-e1621971093894.jpg?resize=300%2C400&ssl=1",300,400,true],"newspack-article-block-square-small":["https:\/\/i0.wp.com\/landioustravel.com\/wp-content\/uploads\/2021\/05\/landious-montaza-palace-e1621971093894.jpg?resize=400%2C400&ssl=1",400,400,true],"newspack-article-block-landscape-tiny":["https:\/\/i0.wp.com\/landioustravel.com\/wp-content\/uploads\/2021\/05\/landious-montaza-palace-e1621971093894.jpg?resize=200%2C150&ssl=1",200,150,true],"newspack-article-block-portrait-tiny":["https:\/\/i0.wp.com\/landioustravel.com\/wp-content\/uploads\/2021\/05\/landious-montaza-palace-e1621971093894.jpg?resize=150%2C200&ssl=1",150,200,true],"newspack-article-block-square-tiny":["https:\/\/i0.wp.com\/landioustravel.com\/wp-content\/uploads\/2021\/05\/landious-montaza-palace-e1621971093894.jpg?resize=200%2C200&ssl=1",200,200,true],"newspack-article-block-uncropped":["https:\/\/i0.wp.com\/landioustravel.com\/wp-content\/uploads\/2021\/05\/landious-montaza-palace-e1621971093894.jpg?fit=1200%2C675&ssl=1",1200,675,true],"woocommerce_thumbnail":["https:\/\/i0.wp.com\/landioustravel.com\/wp-content\/uploads\/2021\/05\/landious-montaza-palace-e1621971093894.jpg?resize=324%2C324&ssl=1",324,324,true],"woocommerce_single":["https:\/\/i0.wp.com\/landioustravel.com\/wp-content\/uploads\/2021\/05\/landious-montaza-palace-e1621971093894.jpg?fit=416%2C234&ssl=1",416,234,true],"woocommerce_gallery_thumbnail":["https:\/\/i0.wp.com\/landioustravel.com\/wp-content\/uploads\/2021\/05\/landious-montaza-palace-e1621971093894.jpg?resize=100%2C100&ssl=1",100,100,true]},"uagb_author_info":{"display_name":"Mofreh Landious","author_link":"https:\/\/landioustravel.com\/it\/author\/"},"uagb_comment_info":6,"uagb_excerpt":"Sei interessato ad esplorare le magnifiche citt\u00e0 del Cairo e di Alessandria durante la tua visita in Egitto? La nostra escursione di due giorni da Sharm El-Sheikh ti offre l'opportunit\u00e0 di assistere alle piramidi mozzafiato di Giza e visitare il Museo Egizio del Cairo. Puoi anche goderti un rilassante picnic in barca sul fiume Nilo&hellip;","jetpack_sharing_enabled":true,"jetpack_likes_enabled":true,"amp_enabled":true,"_links":{"self":[{"href":"https:\/\/landioustravel.com\/it\/wp-json\/wp\/v2\/product\/1428","targetHints":{"allow":["GET"]}}],"collection":[{"href":"https:\/\/landioustravel.com\/it\/wp-json\/wp\/v2\/product"}],"about":[{"href":"https:\/\/landioustravel.com\/it\/wp-json\/wp\/v2\/types\/product"}],"replies":[{"embeddable":true,"href":"https:\/\/landioustravel.com\/it\/wp-json\/wp\/v2\/comments?post=1428"}],"wp:featuredmedia":[{"embeddable":true,"href":"https:\/\/landioustravel.com\/it\/wp-json\/wp\/v2\/media\/51274"}],"wp:attachment":[{"href":"https:\/\/landioustravel.com\/it\/wp-json\/wp\/v2\/media?parent=1428"}],"wp:term":[{"taxonomy":"product_brand","embeddable":true,"href":"https:\/\/landioustravel.com\/it\/wp-json\/wp\/v2\/product_brand?post=1428"},{"taxonomy":"product_cat","embeddable":true,"href":"https:\/\/landioustravel.com\/it\/wp-json\/wp\/v2\/product_cat?post=1428"},{"taxonomy":"product_tag","embeddable":true,"href":"https:\/\/landioustravel.com\/it\/wp-json\/wp\/v2\/product_tag?post=1428"}],"curies":[{"name":"wp","href":"https:\/\/api.w.org\/{rel}","templated":true}]}}