{"id":1432,"date":"2018-12-14T11:16:38","date_gmt":"2018-12-14T09:16:38","guid":{"rendered":"https:\/\/landioustravel.com\/product\/escursione-gerusalemme-sharm-sheikh\/"},"modified":"2024-09-18T20:13:31","modified_gmt":"2024-09-18T17:13:31","slug":"escursione-gerusalemme-sharm-sheikh","status":"publish","type":"product","link":"https:\/\/landioustravel.com\/it\/shop\/escursione-gerusalemme-sharm-sheikh\/","title":{"rendered":"Escursione a Gerusalemme da Sharm El Sheikh"},"content":{"rendered":"<p>Un&#8217;escursione spirituale di un giorno a Gerusalemme dalla localit\u00e0 di Sharm El Sheikh! Ti consigliamo il viaggio perch\u00e9 ti permette di vedere i luoghi pi\u00f9 religiosi e spirituali del mondo! Ovviamente, il viaggio ricorda la vita del Salvatore Ges\u00f9 Cristo in Israele! Inoltre, la visita a Gerusalemme ti d\u00e0 pi\u00f9 informazioni sulla storia del cristianesimo e importanti eventi e fatti biblici.<\/p>\n<h2>I punti principali del programma di escursioni a Gerusalemme<\/h2>\n<ul>\n<li>Monte degli Ulivi a Gerusalemme<\/li>\n<li>Il Muro del Pianto<\/li>\n<li>E, la strada della tribolazione<\/li>\n<li>La chiesa del Santo Sepolcro<\/li>\n<li>Pranzo<\/li>\n<li>La Chiesa della Nativit\u00e0<\/li>\n<li>Nuotando nel Mar Morto<\/li>\n<\/ul>\n<h3>Il programma di escursioni a Gerusalemme da Sharm El Sheikh<\/h3>\n<ul>\n<li>Siete prelevati dall&#8217;hotel alle 20:00 circa<\/li>\n<li>Dopo aver raccolto tutti gli arrivi, l&#8217;autobus parte verso i confini con Israele, passando lungo le citt\u00e0 costiere di Dahab, Nuweiba e Taba. Tutte queste citt\u00e0 si trovano a nord di Sharm El Sheikh, sulla costa del Mar Rosso. La strada, dal centro di Sharm El Sheikh ai confini, dura circa 3 ore.<\/li>\n<\/ul>\n<h4>Il programma in Israele<\/h4>\n<ul>\n<li>Sosta sul Monte degli Ulivi a Gerusalemme, con una vista panoramica sul Monte del Tempio e sulla citt\u00e0 vecchia<\/li>\n<li>Quindi, vai al Tempio di Gerusalemme e fermati al Muro del Pianto<\/li>\n<li>Dopo aver visitato il Muro del Pianto, dovrai percorrere la Via della Tribolazione, la Via Crucis, che il Salvatore port\u00f2 con s\u00e9 la croce, e and\u00f2 al luogo della crocifissione nel Calvario. Qui, vedrete un buco nella roccia, dove \u00e8 stata installata la croce, cos\u00ec come una crepa che \u00e8 comparsa nella roccia dopo un fulmine.<\/li>\n<li>Dopo ci\u00f2, visiti la Chiesa del Santo Sepolcro, che fu costruita vicino alla grotta in cui fu sepolto Cristo<\/li>\n<li>Pranzo<\/li>\n<li>Ispezione della Chiesa della Nativit\u00e0 nella citt\u00e0 di Betlemme<\/li>\n<li>E poi, nuotando nel Mar Morto per quasi un&#8217;ora<\/li>\n<li>Infine, torni a Sharm El-Sheikh, dopo aver terminato questo fantastico programma a Gerusalemme<\/li>\n<\/ul>\n<h4>Cosa \u00e8 incluso nel prezzo del tour<\/h4>\n<ul>\n<li>Pranzo<\/li>\n<li>Guida<\/li>\n<li>Trasferimento a Gerusalemme e ritorno in hotel<\/li>\n<\/ul>\n<h5>Cosa non \u00e8 incluso nel prezzo del viaggio<\/h5>\n<ul>\n<li>Ulteriori programmi di escursione<\/li>\n<\/ul>\n<h6>Cosa portare con te per il viaggio<\/h6>\n<ul>\n<li>Passaporto<\/li>\n<li>Scatola della colazione<\/li>\n<li>Vestiti per la stagione<\/li>\n<\/ul>\n<h6>GIORNI DI ORGANIZZAZIONE DI ESCURSIONE<\/h6>\n<ul>\n<li>Il luned\u00ec dalle 20:00 alle 23:00 del secondo giorno<\/li>\n<li>Gioved\u00ec dalle 20:00 alle 23:00 secondo giorno<\/li>\n<\/ul>\n","protected":false},"excerpt":{"rendered":"<p>Se hai scelto di trascorrere le tue vacanze a Sharm El-Sheikh, abbiamo l&#8217;opportunit\u00e0 di farti vivere la Terra Santa in Israele. Il Jerusalem Over Day Tour ti dar\u00e0 la possibilit\u00e0 di approfondire il significato spirituale e storico di questo spazio sacro. Durante il tuo viaggio, visiterai il Monte degli Ulivi e il Muro del Pianto e farai una passeggiata lungo Tribulation Road. Vedrai anche la Chiesa del Santo Sepolcro e la Chiesa della Nativit\u00e0 e, infine, farai una sosta al Mar Morto. Il costo del viaggio include trasferimenti, biglietti d&#8217;ingresso e pranzo.<\/p>\n<p>Il nostro itinerario di escursione inizia con un&#8217;e-mail di conferma che includer\u00e0 i dettagli del viaggio, incluso l&#8217;orario di prelievo dal tuo hotel (di solito intorno alle 8:00, a seconda della posizione dell&#8217;hotel). Dopo che sarai stato prelevato, attraverseremo a piedi il confine dall&#8217;altra parte di Israele, dove incontrerai la tua guida turistica di lingua inglese. Tieni presente che il tempo trascorso al confine \u00e8 fuori dal nostro controllo a causa dell&#8217;elevato numero di viaggiatori e di questioni politiche.<\/p>\n<p>Quindi guideremo per un&#8217;ora e mezza lungo la Valle dell&#8217;Avara verso il Mar Morto, il punto pi\u00f9 profondo della Terra. Avrai un&#8217;ora per esplorare la sua bellezza naturale e fare un tuffo nelle sue acque ricche di minerali, se lo desideri. Visiteremo anche il sito in cui sono stati trovati i rotoli del Mar Morto e assisteremo alle trib\u00f9 beduine che vivono nel deserto.<\/p>\n<p>Arrivando al Monte degli Ulivi, avrai una vista panoramica della citt\u00e0 e un&#8217;introduzione alla sua storia e cultura. Visiteremo poi il Muro del Pianto, gli ultimi resti del tempio ebraico, e seguiremo la via della sofferenza che conduce alla Chiesa del Santo Sepolcro, dove Ges\u00f9 fu crocifisso e sepolto.<\/p>\n<p>Faremo una pausa pranzo in uno dei ristoranti locali prima di visitare la citt\u00e0 di Betlemme, dove si trova la Chiesa della Nativit\u00e0. Qui \u00e8 nato Ges\u00f9 Cristo ed \u00e8 la meta di pellegrinaggio centrale per i cristiani di tutto il mondo. Prima di tornare al confine, avremo l&#8217;opportunit\u00e0 di fare acquisti a Betlemme per alcuni souvenir di questo luogo sacro.<\/p>\n<p>L&#8217;escursione include il trasporto con aria condizionata ovunque a Gerusalemme e Sharm El Sheikh, tutti i biglietti d&#8217;ingresso ai luoghi turistici menzionati nell&#8217;itinerario, le tasse di frontiera e il visto, il pranzo in un ristorante locale e una guida in lingua inglese. Ci auguriamo che vi unirete a noi in questo viaggio alla scoperta della Terra Santa.<\/p>\n","protected":false},"featured_media":100048,"comment_status":"open","ping_status":"closed","template":"","meta":{"_coblocks_attr":"","_coblocks_dimensions":"","_coblocks_responsive_height":"","_coblocks_accordion_ie_support":"","_uag_custom_page_level_css":"","jetpack_publicize_message":"","jetpack_publicize_feature_enabled":true,"jetpack_social_post_already_shared":false,"jetpack_social_options":{"image_generator_settings":{"template":"highway","default_image_id":0,"font":"","enabled":false},"version":2},"_wpas_customize_per_network":false},"product_brand":[],"product_cat":[1639,1640,23528],"product_tag":[1644,1648,9910],"class_list":{"0":"post-1432","1":"product","2":"type-product","3":"status-publish","4":"has-post-thumbnail","6":"product_cat-escursioni-sharm-el-sheikh","7":"product_cat-escursioni-storiche-sharm-sheikh","8":"product_cat-gite-un-giorno-sharm-sheikh","9":"product_tag-escursione","10":"product_tag-sharm-el-sheikh-it","11":"product_tag-visita-turistica","12":"pa_age-adulto","13":"pa_age-bambino","15":"first","16":"instock","17":"sale","18":"purchasable","19":"product-type-variable"},"yoast_head":"<!-- This site is optimized with the Yoast SEO Premium plugin v26.9 (Yoast SEO v27.5) - https:\/\/yoast.com\/product\/yoast-seo-premium-wordpress\/ -->\n<title>Escursione a Gerusalemme da Sharm El Sheikh<\/title>\n<meta name=\"description\" content=\"Escursione a Gerusalemme da Sharm El Sheikh verso il Monte degli Ulivi, il Muro del Pianto, la Via del Dolore, la Chiesa del Santo Sepolcro, la Chiesa\" \/>\n<meta name=\"robots\" content=\"index, follow, max-snippet:-1, max-image-preview:large, max-video-preview:-1\" \/>\n<link rel=\"canonical\" href=\"https:\/\/landioustravel.com\/it\/shop\/escursione-gerusalemme-sharm-sheikh\/\" \/>\n<meta property=\"og:locale\" content=\"it_IT\" \/>\n<meta property=\"og:type\" content=\"article\" \/>\n<meta property=\"og:title\" content=\"Escursione a Gerusalemme da Sharm El Sheikh\" \/>\n<meta property=\"og:description\" content=\"Landious Travel\" \/>\n<meta property=\"og:url\" content=\"https:\/\/landioustravel.com\/it\/shop\/escursione-gerusalemme-sharm-sheikh\/\" \/>\n<meta property=\"og:site_name\" content=\"Landious Travel\" \/>\n<meta property=\"article:publisher\" content=\"https:\/\/web.facebook.com\/landiousEgypt\" \/>\n<meta property=\"article:modified_time\" content=\"2024-09-18T17:13:31+00:00\" \/>\n<meta property=\"og:image\" content=\"https:\/\/i0.wp.com\/landioustravel.com\/wp-content\/uploads\/2018\/12\/Mount-of-Olives-in-Jerusalem-e1669427546714.jpg?fit=1200%2C675&ssl=1\" \/>\n\t<meta property=\"og:image:width\" content=\"1200\" \/>\n\t<meta property=\"og:image:height\" content=\"675\" \/>\n\t<meta property=\"og:image:type\" content=\"image\/jpeg\" \/>\n<meta name=\"twitter:card\" content=\"summary_large_image\" \/>\n<meta name=\"twitter:site\" content=\"@LandiousTours\" \/>\n<meta name=\"twitter:label1\" content=\"Tempo di lettura stimato\" \/>\n\t<meta name=\"twitter:data1\" content=\"2 minuti\" \/>\n<script type=\"application\/ld+json\" class=\"yoast-schema-graph\">{\"@context\":\"https:\\\/\\\/schema.org\",\"@graph\":[{\"@type\":\"WebPage\",\"@id\":\"https:\\\/\\\/landioustravel.com\\\/it\\\/shop\\\/escursione-gerusalemme-sharm-sheikh\\\/\",\"url\":\"https:\\\/\\\/landioustravel.com\\\/it\\\/shop\\\/escursione-gerusalemme-sharm-sheikh\\\/\",\"name\":\"Escursione a Gerusalemme da Sharm El Sheikh\",\"isPartOf\":{\"@id\":\"https:\\\/\\\/landioustravel.com\\\/it\\\/#website\"},\"primaryImageOfPage\":{\"@id\":\"https:\\\/\\\/landioustravel.com\\\/it\\\/shop\\\/escursione-gerusalemme-sharm-sheikh\\\/#primaryimage\"},\"image\":{\"@id\":\"https:\\\/\\\/landioustravel.com\\\/it\\\/shop\\\/escursione-gerusalemme-sharm-sheikh\\\/#primaryimage\"},\"thumbnailUrl\":\"https:\\\/\\\/i0.wp.com\\\/landioustravel.com\\\/wp-content\\\/uploads\\\/2018\\\/12\\\/Mount-of-Olives-in-Jerusalem-e1669427546714.jpg?fit=1200%2C675&ssl=1\",\"datePublished\":\"2018-12-14T09:16:38+00:00\",\"dateModified\":\"2024-09-18T17:13:31+00:00\",\"description\":\"Escursione a Gerusalemme da Sharm El Sheikh verso il Monte degli Ulivi, il Muro del Pianto, la Via del Dolore, la Chiesa del Santo Sepolcro, la Chiesa\",\"breadcrumb\":{\"@id\":\"https:\\\/\\\/landioustravel.com\\\/it\\\/shop\\\/escursione-gerusalemme-sharm-sheikh\\\/#breadcrumb\"},\"inLanguage\":\"it-IT\",\"potentialAction\":[{\"@type\":\"ReadAction\",\"target\":[\"https:\\\/\\\/landioustravel.com\\\/it\\\/shop\\\/escursione-gerusalemme-sharm-sheikh\\\/\"]}]},{\"@type\":\"ImageObject\",\"inLanguage\":\"it-IT\",\"@id\":\"https:\\\/\\\/landioustravel.com\\\/it\\\/shop\\\/escursione-gerusalemme-sharm-sheikh\\\/#primaryimage\",\"url\":\"https:\\\/\\\/i0.wp.com\\\/landioustravel.com\\\/wp-content\\\/uploads\\\/2018\\\/12\\\/Mount-of-Olives-in-Jerusalem-e1669427546714.jpg?fit=1200%2C675&ssl=1\",\"contentUrl\":\"https:\\\/\\\/i0.wp.com\\\/landioustravel.com\\\/wp-content\\\/uploads\\\/2018\\\/12\\\/Mount-of-Olives-in-Jerusalem-e1669427546714.jpg?fit=1200%2C675&ssl=1\",\"width\":1200,\"height\":675,\"caption\":\"Mount of Olives in Jerusalem\"},{\"@type\":\"BreadcrumbList\",\"@id\":\"https:\\\/\\\/landioustravel.com\\\/it\\\/shop\\\/escursione-gerusalemme-sharm-sheikh\\\/#breadcrumb\",\"itemListElement\":[{\"@type\":\"ListItem\",\"position\":1,\"name\":\"Home\",\"item\":\"https:\\\/\\\/landioustravel.com\\\/it\\\/\"},{\"@type\":\"ListItem\",\"position\":2,\"name\":\"Tour in Egitto\",\"item\":\"https:\\\/\\\/landioustravel.com\\\/it\\\/\"},{\"@type\":\"ListItem\",\"position\":3,\"name\":\"Escursione a Gerusalemme da Sharm El Sheikh\"}]},{\"@type\":\"WebSite\",\"@id\":\"https:\\\/\\\/landioustravel.com\\\/it\\\/#website\",\"url\":\"https:\\\/\\\/landioustravel.com\\\/it\\\/\",\"name\":\"Landious Travel\",\"description\":\"Excursions, trips and cruises in Egypt\",\"publisher\":{\"@id\":\"https:\\\/\\\/landioustravel.com\\\/it\\\/#organization\"},\"potentialAction\":[{\"@type\":\"SearchAction\",\"target\":{\"@type\":\"EntryPoint\",\"urlTemplate\":\"https:\\\/\\\/landioustravel.com\\\/it\\\/?s={search_term_string}\"},\"query-input\":{\"@type\":\"PropertyValueSpecification\",\"valueRequired\":true,\"valueName\":\"search_term_string\"}}],\"inLanguage\":\"it-IT\"},{\"@type\":[\"Organization\",\"Place\"],\"@id\":\"https:\\\/\\\/landioustravel.com\\\/it\\\/#organization\",\"name\":\"Landious Travel\",\"alternateName\":\"Landious Travel\",\"url\":\"https:\\\/\\\/landioustravel.com\\\/it\\\/\",\"logo\":{\"@id\":\"https:\\\/\\\/landioustravel.com\\\/it\\\/shop\\\/escursione-gerusalemme-sharm-sheikh\\\/#local-main-organization-logo\"},\"image\":{\"@id\":\"https:\\\/\\\/landioustravel.com\\\/it\\\/shop\\\/escursione-gerusalemme-sharm-sheikh\\\/#local-main-organization-logo\"},\"sameAs\":[\"https:\\\/\\\/web.facebook.com\\\/landiousEgypt\",\"https:\\\/\\\/x.com\\\/LandiousTours\",\"https:\\\/\\\/mastodon.social\\\/@landious\"],\"legalName\":\"Landious Travel\",\"telephone\":[],\"openingHoursSpecification\":[{\"@type\":\"OpeningHoursSpecification\",\"dayOfWeek\":[\"Monday\",\"Tuesday\",\"Wednesday\",\"Thursday\",\"Friday\",\"Saturday\",\"Sunday\"],\"opens\":\"09:00\",\"closes\":\"17:00\"}]},{\"@type\":\"ImageObject\",\"inLanguage\":\"it-IT\",\"@id\":\"https:\\\/\\\/landioustravel.com\\\/it\\\/shop\\\/escursione-gerusalemme-sharm-sheikh\\\/#local-main-organization-logo\",\"url\":\"https:\\\/\\\/i0.wp.com\\\/landioustravel.com\\\/wp-content\\\/uploads\\\/2021\\\/06\\\/Landious-T.png?fit=500%2C500&ssl=1\",\"contentUrl\":\"https:\\\/\\\/i0.wp.com\\\/landioustravel.com\\\/wp-content\\\/uploads\\\/2021\\\/06\\\/Landious-T.png?fit=500%2C500&ssl=1\",\"width\":500,\"height\":500,\"caption\":\"Landious Travel\"}]}<\/script>\n<!-- \/ Yoast SEO Premium plugin. -->","yoast_head_json":{"title":"Escursione a Gerusalemme da Sharm El Sheikh","description":"Escursione a Gerusalemme da Sharm El Sheikh verso il Monte degli Ulivi, il Muro del Pianto, la Via del Dolore, la Chiesa del Santo Sepolcro, la Chiesa","robots":{"index":"index","follow":"follow","max-snippet":"max-snippet:-1","max-image-preview":"max-image-preview:large","max-video-preview":"max-video-preview:-1"},"canonical":"https:\/\/landioustravel.com\/it\/shop\/escursione-gerusalemme-sharm-sheikh\/","og_locale":"it_IT","og_type":"article","og_title":"Escursione a Gerusalemme da Sharm El Sheikh","og_description":"Landious Travel","og_url":"https:\/\/landioustravel.com\/it\/shop\/escursione-gerusalemme-sharm-sheikh\/","og_site_name":"Landious Travel","article_publisher":"https:\/\/web.facebook.com\/landiousEgypt","article_modified_time":"2024-09-18T17:13:31+00:00","og_image":[{"width":1200,"height":675,"url":"https:\/\/i0.wp.com\/landioustravel.com\/wp-content\/uploads\/2018\/12\/Mount-of-Olives-in-Jerusalem-e1669427546714.jpg?fit=1200%2C675&ssl=1","type":"image\/jpeg"}],"twitter_card":"summary_large_image","twitter_site":"@LandiousTours","twitter_misc":{"Tempo di lettura stimato":"2 minuti"},"schema":{"@context":"https:\/\/schema.org","@graph":[{"@type":"WebPage","@id":"https:\/\/landioustravel.com\/it\/shop\/escursione-gerusalemme-sharm-sheikh\/","url":"https:\/\/landioustravel.com\/it\/shop\/escursione-gerusalemme-sharm-sheikh\/","name":"Escursione a Gerusalemme da Sharm El Sheikh","isPartOf":{"@id":"https:\/\/landioustravel.com\/it\/#website"},"primaryImageOfPage":{"@id":"https:\/\/landioustravel.com\/it\/shop\/escursione-gerusalemme-sharm-sheikh\/#primaryimage"},"image":{"@id":"https:\/\/landioustravel.com\/it\/shop\/escursione-gerusalemme-sharm-sheikh\/#primaryimage"},"thumbnailUrl":"https:\/\/i0.wp.com\/landioustravel.com\/wp-content\/uploads\/2018\/12\/Mount-of-Olives-in-Jerusalem-e1669427546714.jpg?fit=1200%2C675&ssl=1","datePublished":"2018-12-14T09:16:38+00:00","dateModified":"2024-09-18T17:13:31+00:00","description":"Escursione a Gerusalemme da Sharm El Sheikh verso il Monte degli Ulivi, il Muro del Pianto, la Via del Dolore, la Chiesa del Santo Sepolcro, la Chiesa","breadcrumb":{"@id":"https:\/\/landioustravel.com\/it\/shop\/escursione-gerusalemme-sharm-sheikh\/#breadcrumb"},"inLanguage":"it-IT","potentialAction":[{"@type":"ReadAction","target":["https:\/\/landioustravel.com\/it\/shop\/escursione-gerusalemme-sharm-sheikh\/"]}]},{"@type":"ImageObject","inLanguage":"it-IT","@id":"https:\/\/landioustravel.com\/it\/shop\/escursione-gerusalemme-sharm-sheikh\/#primaryimage","url":"https:\/\/i0.wp.com\/landioustravel.com\/wp-content\/uploads\/2018\/12\/Mount-of-Olives-in-Jerusalem-e1669427546714.jpg?fit=1200%2C675&ssl=1","contentUrl":"https:\/\/i0.wp.com\/landioustravel.com\/wp-content\/uploads\/2018\/12\/Mount-of-Olives-in-Jerusalem-e1669427546714.jpg?fit=1200%2C675&ssl=1","width":1200,"height":675,"caption":"Mount of Olives in Jerusalem"},{"@type":"BreadcrumbList","@id":"https:\/\/landioustravel.com\/it\/shop\/escursione-gerusalemme-sharm-sheikh\/#breadcrumb","itemListElement":[{"@type":"ListItem","position":1,"name":"Home","item":"https:\/\/landioustravel.com\/it\/"},{"@type":"ListItem","position":2,"name":"Tour in Egitto","item":"https:\/\/landioustravel.com\/it\/"},{"@type":"ListItem","position":3,"name":"Escursione a Gerusalemme da Sharm El Sheikh"}]},{"@type":"WebSite","@id":"https:\/\/landioustravel.com\/it\/#website","url":"https:\/\/landioustravel.com\/it\/","name":"Landious Travel","description":"Excursions, trips and cruises in Egypt","publisher":{"@id":"https:\/\/landioustravel.com\/it\/#organization"},"potentialAction":[{"@type":"SearchAction","target":{"@type":"EntryPoint","urlTemplate":"https:\/\/landioustravel.com\/it\/?s={search_term_string}"},"query-input":{"@type":"PropertyValueSpecification","valueRequired":true,"valueName":"search_term_string"}}],"inLanguage":"it-IT"},{"@type":["Organization","Place"],"@id":"https:\/\/landioustravel.com\/it\/#organization","name":"Landious Travel","alternateName":"Landious Travel","url":"https:\/\/landioustravel.com\/it\/","logo":{"@id":"https:\/\/landioustravel.com\/it\/shop\/escursione-gerusalemme-sharm-sheikh\/#local-main-organization-logo"},"image":{"@id":"https:\/\/landioustravel.com\/it\/shop\/escursione-gerusalemme-sharm-sheikh\/#local-main-organization-logo"},"sameAs":["https:\/\/web.facebook.com\/landiousEgypt","https:\/\/x.com\/LandiousTours","https:\/\/mastodon.social\/@landious"],"legalName":"Landious Travel","telephone":[],"openingHoursSpecification":[{"@type":"OpeningHoursSpecification","dayOfWeek":["Monday","Tuesday","Wednesday","Thursday","Friday","Saturday","Sunday"],"opens":"09:00","closes":"17:00"}]},{"@type":"ImageObject","inLanguage":"it-IT","@id":"https:\/\/landioustravel.com\/it\/shop\/escursione-gerusalemme-sharm-sheikh\/#local-main-organization-logo","url":"https:\/\/i0.wp.com\/landioustravel.com\/wp-content\/uploads\/2021\/06\/Landious-T.png?fit=500%2C500&ssl=1","contentUrl":"https:\/\/i0.wp.com\/landioustravel.com\/wp-content\/uploads\/2021\/06\/Landious-T.png?fit=500%2C500&ssl=1","width":500,"height":500,"caption":"Landious Travel"}]}},"jetpack_publicize_connections":[],"uagb_featured_image_src":{"full":["https:\/\/i0.wp.com\/landioustravel.com\/wp-content\/uploads\/2018\/12\/Mount-of-Olives-in-Jerusalem-e1669427546714.jpg?fit=1200%2C675&ssl=1",1200,675,false],"thumbnail":["https:\/\/i0.wp.com\/landioustravel.com\/wp-content\/uploads\/2018\/12\/Mount-of-Olives-in-Jerusalem-e1669427546714.jpg?resize=150%2C150&ssl=1",150,150,true],"medium":["https:\/\/i0.wp.com\/landioustravel.com\/wp-content\/uploads\/2018\/12\/Mount-of-Olives-in-Jerusalem-e1669427546714.jpg?fit=300%2C169&ssl=1",300,169,true],"medium_large":["https:\/\/i0.wp.com\/landioustravel.com\/wp-content\/uploads\/2018\/12\/Mount-of-Olives-in-Jerusalem-e1669427546714.jpg?fit=768%2C432&ssl=1",768,432,true],"large":["https:\/\/i0.wp.com\/landioustravel.com\/wp-content\/uploads\/2018\/12\/Mount-of-Olives-in-Jerusalem-e1669427546714.jpg?fit=980%2C551&ssl=1",980,551,true],"1536x1536":["https:\/\/i0.wp.com\/landioustravel.com\/wp-content\/uploads\/2018\/12\/Mount-of-Olives-in-Jerusalem-e1669427546714.jpg?fit=1536%2C864&ssl=1",1536,864,true],"2048x2048":["https:\/\/i0.wp.com\/landioustravel.com\/wp-content\/uploads\/2018\/12\/Mount-of-Olives-in-Jerusalem-e1669427546714.jpg?fit=1200%2C675&ssl=1",1200,675,true],"newspack-article-block-landscape-large":["https:\/\/i0.wp.com\/landioustravel.com\/wp-content\/uploads\/2018\/12\/Mount-of-Olives-in-Jerusalem-e1669427546714.jpg?resize=1200%2C675&ssl=1",1200,675,true],"newspack-article-block-portrait-large":["https:\/\/i0.wp.com\/landioustravel.com\/wp-content\/uploads\/2018\/12\/Mount-of-Olives-in-Jerusalem-e1669427546714.jpg?resize=900%2C675&ssl=1",900,675,true],"newspack-article-block-square-large":["https:\/\/i0.wp.com\/landioustravel.com\/wp-content\/uploads\/2018\/12\/Mount-of-Olives-in-Jerusalem-e1669427546714.jpg?resize=1200%2C675&ssl=1",1200,675,true],"newspack-article-block-landscape-medium":["https:\/\/i0.wp.com\/landioustravel.com\/wp-content\/uploads\/2018\/12\/Mount-of-Olives-in-Jerusalem-e1669427546714.jpg?resize=800%2C600&ssl=1",800,600,true],"newspack-article-block-portrait-medium":["https:\/\/i0.wp.com\/landioustravel.com\/wp-content\/uploads\/2018\/12\/Mount-of-Olives-in-Jerusalem-e1669427546714.jpg?resize=600%2C675&ssl=1",600,675,true],"newspack-article-block-square-medium":["https:\/\/i0.wp.com\/landioustravel.com\/wp-content\/uploads\/2018\/12\/Mount-of-Olives-in-Jerusalem-e1669427546714.jpg?resize=800%2C675&ssl=1",800,675,true],"newspack-article-block-landscape-intermediate":["https:\/\/i0.wp.com\/landioustravel.com\/wp-content\/uploads\/2018\/12\/Mount-of-Olives-in-Jerusalem-e1669427546714.jpg?resize=600%2C450&ssl=1",600,450,true],"newspack-article-block-portrait-intermediate":["https:\/\/i0.wp.com\/landioustravel.com\/wp-content\/uploads\/2018\/12\/Mount-of-Olives-in-Jerusalem-e1669427546714.jpg?resize=450%2C600&ssl=1",450,600,true],"newspack-article-block-square-intermediate":["https:\/\/i0.wp.com\/landioustravel.com\/wp-content\/uploads\/2018\/12\/Mount-of-Olives-in-Jerusalem-e1669427546714.jpg?resize=600%2C600&ssl=1",600,600,true],"newspack-article-block-landscape-small":["https:\/\/i0.wp.com\/landioustravel.com\/wp-content\/uploads\/2018\/12\/Mount-of-Olives-in-Jerusalem-e1669427546714.jpg?resize=400%2C300&ssl=1",400,300,true],"newspack-article-block-portrait-small":["https:\/\/i0.wp.com\/landioustravel.com\/wp-content\/uploads\/2018\/12\/Mount-of-Olives-in-Jerusalem-e1669427546714.jpg?resize=300%2C400&ssl=1",300,400,true],"newspack-article-block-square-small":["https:\/\/i0.wp.com\/landioustravel.com\/wp-content\/uploads\/2018\/12\/Mount-of-Olives-in-Jerusalem-e1669427546714.jpg?resize=400%2C400&ssl=1",400,400,true],"newspack-article-block-landscape-tiny":["https:\/\/i0.wp.com\/landioustravel.com\/wp-content\/uploads\/2018\/12\/Mount-of-Olives-in-Jerusalem-e1669427546714.jpg?resize=200%2C150&ssl=1",200,150,true],"newspack-article-block-portrait-tiny":["https:\/\/i0.wp.com\/landioustravel.com\/wp-content\/uploads\/2018\/12\/Mount-of-Olives-in-Jerusalem-e1669427546714.jpg?resize=150%2C200&ssl=1",150,200,true],"newspack-article-block-square-tiny":["https:\/\/i0.wp.com\/landioustravel.com\/wp-content\/uploads\/2018\/12\/Mount-of-Olives-in-Jerusalem-e1669427546714.jpg?resize=200%2C200&ssl=1",200,200,true],"newspack-article-block-uncropped":["https:\/\/i0.wp.com\/landioustravel.com\/wp-content\/uploads\/2018\/12\/Mount-of-Olives-in-Jerusalem-e1669427546714.jpg?fit=1200%2C675&ssl=1",1200,675,true],"woocommerce_thumbnail":["https:\/\/i0.wp.com\/landioustravel.com\/wp-content\/uploads\/2018\/12\/Mount-of-Olives-in-Jerusalem-e1669427546714.jpg?resize=324%2C324&ssl=1",324,324,true],"woocommerce_single":["https:\/\/i0.wp.com\/landioustravel.com\/wp-content\/uploads\/2018\/12\/Mount-of-Olives-in-Jerusalem-e1669427546714.jpg?fit=416%2C234&ssl=1",416,234,true],"woocommerce_gallery_thumbnail":["https:\/\/i0.wp.com\/landioustravel.com\/wp-content\/uploads\/2018\/12\/Mount-of-Olives-in-Jerusalem-e1669427546714.jpg?resize=100%2C100&ssl=1",100,100,true]},"uagb_author_info":{"display_name":"Mofreh Landious","author_link":"https:\/\/landioustravel.com\/it\/author\/"},"uagb_comment_info":7,"uagb_excerpt":"Se hai scelto di trascorrere le tue vacanze a Sharm El-Sheikh, abbiamo l'opportunit\u00e0 di farti vivere la Terra Santa in Israele. Il Jerusalem Over Day Tour ti dar\u00e0 la possibilit\u00e0 di approfondire il significato spirituale e storico di questo spazio sacro. Durante il tuo viaggio, visiterai il Monte degli Ulivi e il Muro del Pianto&hellip;","jetpack_sharing_enabled":true,"jetpack_likes_enabled":true,"amp_enabled":true,"_links":{"self":[{"href":"https:\/\/landioustravel.com\/it\/wp-json\/wp\/v2\/product\/1432","targetHints":{"allow":["GET"]}}],"collection":[{"href":"https:\/\/landioustravel.com\/it\/wp-json\/wp\/v2\/product"}],"about":[{"href":"https:\/\/landioustravel.com\/it\/wp-json\/wp\/v2\/types\/product"}],"replies":[{"embeddable":true,"href":"https:\/\/landioustravel.com\/it\/wp-json\/wp\/v2\/comments?post=1432"}],"wp:featuredmedia":[{"embeddable":true,"href":"https:\/\/landioustravel.com\/it\/wp-json\/wp\/v2\/media\/100048"}],"wp:attachment":[{"href":"https:\/\/landioustravel.com\/it\/wp-json\/wp\/v2\/media?parent=1432"}],"wp:term":[{"taxonomy":"product_brand","embeddable":true,"href":"https:\/\/landioustravel.com\/it\/wp-json\/wp\/v2\/product_brand?post=1432"},{"taxonomy":"product_cat","embeddable":true,"href":"https:\/\/landioustravel.com\/it\/wp-json\/wp\/v2\/product_cat?post=1432"},{"taxonomy":"product_tag","embeddable":true,"href":"https:\/\/landioustravel.com\/it\/wp-json\/wp\/v2\/product_tag?post=1432"}],"curies":[{"name":"wp","href":"https:\/\/api.w.org\/{rel}","templated":true}]}}