{"id":1494,"date":"2023-04-03T07:37:30","date_gmt":"2023-04-03T05:37:30","guid":{"rendered":"https:\/\/landioustravel.com\/product\/viaggio-pesca-hurghada\/"},"modified":"2025-10-21T20:13:30","modified_gmt":"2025-10-21T17:13:30","slug":"viaggio-pesca-hurghada","status":"publish","type":"product","link":"https:\/\/landioustravel.com\/it\/shop\/viaggio-pesca-hurghada\/","title":{"rendered":"Viaggio di pesca a Hurghada"},"content":{"rendered":"<p>Un&#8217;interessante gita in barca da pesca nel Mar Rosso a Hurghada! Raccomandiamo il viaggio perch\u00e9 permette ai turisti di pescare nel mare. Inoltre, vedere i bellissimi coralli e una variet\u00e0 di pesci e godersi un picnic in mare attraverso il Mar Rosso.<\/p>\n<h2>I punti principali del programma di escursioni per la pesca<\/h2>\n<ul>\n<li>Pesca in mare aperto<\/li>\n<li>Snorkeling<\/li>\n<li>Pranzo<\/li>\n<\/ul>\n<h3>Il programma del viaggio di pesca a Hurghada<\/h3>\n<ul>\n<li>Siete prelevati dall&#8217;hotel alle 08:00 circa<\/li>\n<li>Dopo aver preso tutti gli arrivi, l&#8217;autobus va al porto. La strada per il porto dura circa 20 minuti<\/li>\n<li>Troverai il tuo yacht nel porto. \u00c8 grande e chic! Lo yacht \u00e8 composto da due piani. Non appena entrerai nello yacht, dovrai toglierti le scarpe e prepararti per la pesca alla traina. Cattura un pesce a traina, si svolge mentre le vele dello yacht sul mare. Per questo motivo, forniamo due canne da traina sul retro dello yacht.<\/li>\n<li>Lo yacht si muove attraverso il Mar Rosso, non appena il gruppo si riunisce. Da qualche parte, in mare aperto, si ferma per farti pescare direttamente dalla sua tavola. A quel punto, tutti possono andare a pescare<\/li>\n<li>Quindi, fai una sosta in un altro luogo nuotando con maschere e pinne.<\/li>\n<li>Dopo questa fermata, il gruppo si riunisce al primo piano per il pranzo. Durante l&#8217;ora di pranzo, il buffet sar\u00e0 aperto<\/li>\n<li>Dopo pranzo, riproverai a pescare da qualche altra parte.<\/li>\n<li>Questo programma di escursioni di pesca termina alle 16:30 circa<\/li>\n<\/ul>\n<h4>Cosa \u00e8 incluso nel prezzo del viaggio<\/h4>\n<ul>\n<li>Attrezzatura da pesca<\/li>\n<li>Attrezzatura per lo snorkeling<\/li>\n<li>Cibo<\/li>\n<li>Trasferimento al porto e ritorno in hotel<\/li>\n<\/ul>\n<h5>Cosa non \u00e8 incluso nel prezzo del viaggio<\/h5>\n<ul>\n<li>DVD video<\/li>\n<li>CD fotografico<\/li>\n<\/ul>\n<h6>Cosa portare con te per il viaggio<\/h6>\n<ul>\n<li>Asciugamano<\/li>\n<li>Protezione solare<\/li>\n<\/ul>\n<h6>GIORNI DI ORGANIZZAZIONE DI ESCURSIONE<\/h6>\n<ul>\n<li>Il marted\u00ec dalle 08:00 alle 17:00<\/li>\n<\/ul>\n","protected":false},"excerpt":{"rendered":"<p>Unisciti a noi per un&#8217;esperienza indimenticabile di pesca nel Mar Rosso e cucina il pescato sul posto. L&#8217;emozione del pescato \u00e8 pari solo al delizioso sapore del tuo pasto appena cucinato. La nostra barca si ancorer\u00e0 in mare aperto, dove potrete pescare vari pesci. Avrai quindi la possibilit\u00e0 di preparare e gustare il pescato per il pranzo nella cucina della barca. Per concludere l&#8217;escursione \u00e8 possibile fare un bagno rinfrescante in mare aperto con maschera e pinne. Il prezzo del viaggio copre tutto ci\u00f2 di cui hai bisogno, inclusi trasferimenti, attrezzatura da pesca e pranzo.<\/p>\n","protected":false},"featured_media":100256,"comment_status":"open","ping_status":"closed","template":"","meta":{"_coblocks_attr":"","_coblocks_dimensions":"","_coblocks_responsive_height":"","_coblocks_accordion_ie_support":"","_uag_custom_page_level_css":"","jetpack_post_was_ever_published":false,"jetpack_publicize_message":"","jetpack_publicize_feature_enabled":true,"jetpack_social_post_already_shared":false,"jetpack_social_options":{"image_generator_settings":{"template":"highway","default_image_id":0,"font":"","enabled":false},"version":2},"_wpas_customize_per_network":false},"product_brand":[],"product_cat":[22522,1632,22508,1638,22521],"product_tag":[1644,2099,1661,22564,1664,1663],"class_list":{"0":"post-1494","1":"product","2":"type-product","3":"status-publish","4":"has-post-thumbnail","6":"product_cat-battute-pesca-hurghada","7":"product_cat-escursioni-hurghada","8":"product_cat-escursioni-economiche-hurghada","9":"product_cat-escursioni-mare-hurghada","10":"product_cat-escursioni-famiglie-hurghada","11":"product_tag-escursione","12":"product_tag-escursioni-in-mare-a-hurghada","13":"product_tag-hurghada-it","14":"product_tag-mare","15":"product_tag-pesca","16":"product_tag-snorkeling-it","17":"pa_age-adulto","18":"pa_age-bambino","20":"first","21":"instock","22":"sale","23":"purchasable","24":"product-type-variable"},"yoast_head":"<!-- This site is optimized with the Yoast SEO Premium plugin v26.9 (Yoast SEO v27.3) - https:\/\/yoast.com\/product\/yoast-seo-premium-wordpress\/ -->\n<title>Viaggio di pesca a Hurghada<\/title>\n<meta name=\"description\" content=\"Viaggio di pesca a Hurghada consente di pescare da uno yacht nel Mar Rosso. Inoltre, il programma include una nuotata con maschere e pinne e pranzo\" \/>\n<meta name=\"robots\" content=\"index, follow, max-snippet:-1, max-image-preview:large, max-video-preview:-1\" \/>\n<link rel=\"canonical\" href=\"https:\/\/landioustravel.com\/it\/shop\/viaggio-pesca-hurghada\/\" \/>\n<meta property=\"og:locale\" content=\"it_IT\" \/>\n<meta property=\"og:type\" content=\"article\" \/>\n<meta property=\"og:title\" content=\"Viaggio di pesca a Hurghada\" \/>\n<meta property=\"og:description\" content=\"Landious Travel\" \/>\n<meta property=\"og:url\" content=\"https:\/\/landioustravel.com\/it\/shop\/viaggio-pesca-hurghada\/\" \/>\n<meta property=\"og:site_name\" content=\"Landious Travel\" \/>\n<meta property=\"article:publisher\" content=\"https:\/\/web.facebook.com\/landiousEgypt\" \/>\n<meta property=\"article:modified_time\" content=\"2025-10-21T17:13:30+00:00\" \/>\n<meta property=\"og:image\" content=\"https:\/\/i0.wp.com\/landioustravel.com\/wp-content\/uploads\/2018\/12\/Fishing-Trip-Hurghada-e1669479757911.jpg?fit=1200%2C675&ssl=1\" \/>\n\t<meta property=\"og:image:width\" content=\"1200\" \/>\n\t<meta property=\"og:image:height\" content=\"675\" \/>\n\t<meta property=\"og:image:type\" content=\"image\/jpeg\" \/>\n<meta name=\"twitter:card\" content=\"summary_large_image\" \/>\n<meta name=\"twitter:site\" content=\"@LandiousTours\" \/>\n<meta name=\"twitter:label1\" content=\"Tempo di lettura stimato\" \/>\n\t<meta name=\"twitter:data1\" content=\"2 minuti\" \/>\n<script type=\"application\/ld+json\" class=\"yoast-schema-graph\">{\"@context\":\"https:\\\/\\\/schema.org\",\"@graph\":[{\"@type\":\"WebPage\",\"@id\":\"https:\\\/\\\/landioustravel.com\\\/it\\\/shop\\\/viaggio-pesca-hurghada\\\/\",\"url\":\"https:\\\/\\\/landioustravel.com\\\/it\\\/shop\\\/viaggio-pesca-hurghada\\\/\",\"name\":\"Viaggio di pesca a Hurghada\",\"isPartOf\":{\"@id\":\"https:\\\/\\\/landioustravel.com\\\/it\\\/#website\"},\"primaryImageOfPage\":{\"@id\":\"https:\\\/\\\/landioustravel.com\\\/it\\\/shop\\\/viaggio-pesca-hurghada\\\/#primaryimage\"},\"image\":{\"@id\":\"https:\\\/\\\/landioustravel.com\\\/it\\\/shop\\\/viaggio-pesca-hurghada\\\/#primaryimage\"},\"thumbnailUrl\":\"https:\\\/\\\/i0.wp.com\\\/landioustravel.com\\\/wp-content\\\/uploads\\\/2018\\\/12\\\/Fishing-Trip-Hurghada-e1669479757911.jpg?fit=1200%2C675&ssl=1\",\"datePublished\":\"2023-04-03T05:37:30+00:00\",\"dateModified\":\"2025-10-21T17:13:30+00:00\",\"description\":\"Viaggio di pesca a Hurghada consente di pescare da uno yacht nel Mar Rosso. Inoltre, il programma include una nuotata con maschere e pinne e pranzo\",\"breadcrumb\":{\"@id\":\"https:\\\/\\\/landioustravel.com\\\/it\\\/shop\\\/viaggio-pesca-hurghada\\\/#breadcrumb\"},\"inLanguage\":\"it-IT\",\"potentialAction\":[{\"@type\":\"ReadAction\",\"target\":[\"https:\\\/\\\/landioustravel.com\\\/it\\\/shop\\\/viaggio-pesca-hurghada\\\/\"]}]},{\"@type\":\"ImageObject\",\"inLanguage\":\"it-IT\",\"@id\":\"https:\\\/\\\/landioustravel.com\\\/it\\\/shop\\\/viaggio-pesca-hurghada\\\/#primaryimage\",\"url\":\"https:\\\/\\\/i0.wp.com\\\/landioustravel.com\\\/wp-content\\\/uploads\\\/2018\\\/12\\\/Fishing-Trip-Hurghada-e1669479757911.jpg?fit=1200%2C675&ssl=1\",\"contentUrl\":\"https:\\\/\\\/i0.wp.com\\\/landioustravel.com\\\/wp-content\\\/uploads\\\/2018\\\/12\\\/Fishing-Trip-Hurghada-e1669479757911.jpg?fit=1200%2C675&ssl=1\",\"width\":1200,\"height\":675,\"caption\":\"Fishing Trip Hurghada\"},{\"@type\":\"BreadcrumbList\",\"@id\":\"https:\\\/\\\/landioustravel.com\\\/it\\\/shop\\\/viaggio-pesca-hurghada\\\/#breadcrumb\",\"itemListElement\":[{\"@type\":\"ListItem\",\"position\":1,\"name\":\"Home\",\"item\":\"https:\\\/\\\/landioustravel.com\\\/it\\\/\"},{\"@type\":\"ListItem\",\"position\":2,\"name\":\"Tour in Egitto\",\"item\":\"https:\\\/\\\/landioustravel.com\\\/it\\\/\"},{\"@type\":\"ListItem\",\"position\":3,\"name\":\"Viaggio di pesca a Hurghada\"}]},{\"@type\":\"WebSite\",\"@id\":\"https:\\\/\\\/landioustravel.com\\\/it\\\/#website\",\"url\":\"https:\\\/\\\/landioustravel.com\\\/it\\\/\",\"name\":\"Landious Travel\",\"description\":\"Excursions, trips and cruises in Egypt\",\"publisher\":{\"@id\":\"https:\\\/\\\/landioustravel.com\\\/it\\\/#organization\"},\"potentialAction\":[{\"@type\":\"SearchAction\",\"target\":{\"@type\":\"EntryPoint\",\"urlTemplate\":\"https:\\\/\\\/landioustravel.com\\\/it\\\/?s={search_term_string}\"},\"query-input\":{\"@type\":\"PropertyValueSpecification\",\"valueRequired\":true,\"valueName\":\"search_term_string\"}}],\"inLanguage\":\"it-IT\"},{\"@type\":[\"Organization\",\"Place\"],\"@id\":\"https:\\\/\\\/landioustravel.com\\\/it\\\/#organization\",\"name\":\"Landious Travel\",\"alternateName\":\"Landious Travel\",\"url\":\"https:\\\/\\\/landioustravel.com\\\/it\\\/\",\"logo\":{\"@id\":\"https:\\\/\\\/landioustravel.com\\\/it\\\/shop\\\/viaggio-pesca-hurghada\\\/#local-main-organization-logo\"},\"image\":{\"@id\":\"https:\\\/\\\/landioustravel.com\\\/it\\\/shop\\\/viaggio-pesca-hurghada\\\/#local-main-organization-logo\"},\"sameAs\":[\"https:\\\/\\\/web.facebook.com\\\/landiousEgypt\",\"https:\\\/\\\/x.com\\\/LandiousTours\",\"https:\\\/\\\/mastodon.social\\\/@landious\"],\"legalName\":\"Landious Travel\",\"telephone\":[],\"openingHoursSpecification\":[{\"@type\":\"OpeningHoursSpecification\",\"dayOfWeek\":[\"Monday\",\"Tuesday\",\"Wednesday\",\"Thursday\",\"Friday\",\"Saturday\",\"Sunday\"],\"opens\":\"09:00\",\"closes\":\"17:00\"}]},{\"@type\":\"ImageObject\",\"inLanguage\":\"it-IT\",\"@id\":\"https:\\\/\\\/landioustravel.com\\\/it\\\/shop\\\/viaggio-pesca-hurghada\\\/#local-main-organization-logo\",\"url\":\"https:\\\/\\\/i0.wp.com\\\/landioustravel.com\\\/wp-content\\\/uploads\\\/2021\\\/06\\\/Landious-T.png?fit=500%2C500&ssl=1\",\"contentUrl\":\"https:\\\/\\\/i0.wp.com\\\/landioustravel.com\\\/wp-content\\\/uploads\\\/2021\\\/06\\\/Landious-T.png?fit=500%2C500&ssl=1\",\"width\":500,\"height\":500,\"caption\":\"Landious Travel\"}]}<\/script>\n<!-- \/ Yoast SEO Premium plugin. -->","yoast_head_json":{"title":"Viaggio di pesca a Hurghada","description":"Viaggio di pesca a Hurghada consente di pescare da uno yacht nel Mar Rosso. Inoltre, il programma include una nuotata con maschere e pinne e pranzo","robots":{"index":"index","follow":"follow","max-snippet":"max-snippet:-1","max-image-preview":"max-image-preview:large","max-video-preview":"max-video-preview:-1"},"canonical":"https:\/\/landioustravel.com\/it\/shop\/viaggio-pesca-hurghada\/","og_locale":"it_IT","og_type":"article","og_title":"Viaggio di pesca a Hurghada","og_description":"Landious Travel","og_url":"https:\/\/landioustravel.com\/it\/shop\/viaggio-pesca-hurghada\/","og_site_name":"Landious Travel","article_publisher":"https:\/\/web.facebook.com\/landiousEgypt","article_modified_time":"2025-10-21T17:13:30+00:00","og_image":[{"width":1200,"height":675,"url":"https:\/\/i0.wp.com\/landioustravel.com\/wp-content\/uploads\/2018\/12\/Fishing-Trip-Hurghada-e1669479757911.jpg?fit=1200%2C675&ssl=1","type":"image\/jpeg"}],"twitter_card":"summary_large_image","twitter_site":"@LandiousTours","twitter_misc":{"Tempo di lettura stimato":"2 minuti"},"schema":{"@context":"https:\/\/schema.org","@graph":[{"@type":"WebPage","@id":"https:\/\/landioustravel.com\/it\/shop\/viaggio-pesca-hurghada\/","url":"https:\/\/landioustravel.com\/it\/shop\/viaggio-pesca-hurghada\/","name":"Viaggio di pesca a Hurghada","isPartOf":{"@id":"https:\/\/landioustravel.com\/it\/#website"},"primaryImageOfPage":{"@id":"https:\/\/landioustravel.com\/it\/shop\/viaggio-pesca-hurghada\/#primaryimage"},"image":{"@id":"https:\/\/landioustravel.com\/it\/shop\/viaggio-pesca-hurghada\/#primaryimage"},"thumbnailUrl":"https:\/\/i0.wp.com\/landioustravel.com\/wp-content\/uploads\/2018\/12\/Fishing-Trip-Hurghada-e1669479757911.jpg?fit=1200%2C675&ssl=1","datePublished":"2023-04-03T05:37:30+00:00","dateModified":"2025-10-21T17:13:30+00:00","description":"Viaggio di pesca a Hurghada consente di pescare da uno yacht nel Mar Rosso. Inoltre, il programma include una nuotata con maschere e pinne e pranzo","breadcrumb":{"@id":"https:\/\/landioustravel.com\/it\/shop\/viaggio-pesca-hurghada\/#breadcrumb"},"inLanguage":"it-IT","potentialAction":[{"@type":"ReadAction","target":["https:\/\/landioustravel.com\/it\/shop\/viaggio-pesca-hurghada\/"]}]},{"@type":"ImageObject","inLanguage":"it-IT","@id":"https:\/\/landioustravel.com\/it\/shop\/viaggio-pesca-hurghada\/#primaryimage","url":"https:\/\/i0.wp.com\/landioustravel.com\/wp-content\/uploads\/2018\/12\/Fishing-Trip-Hurghada-e1669479757911.jpg?fit=1200%2C675&ssl=1","contentUrl":"https:\/\/i0.wp.com\/landioustravel.com\/wp-content\/uploads\/2018\/12\/Fishing-Trip-Hurghada-e1669479757911.jpg?fit=1200%2C675&ssl=1","width":1200,"height":675,"caption":"Fishing Trip Hurghada"},{"@type":"BreadcrumbList","@id":"https:\/\/landioustravel.com\/it\/shop\/viaggio-pesca-hurghada\/#breadcrumb","itemListElement":[{"@type":"ListItem","position":1,"name":"Home","item":"https:\/\/landioustravel.com\/it\/"},{"@type":"ListItem","position":2,"name":"Tour in Egitto","item":"https:\/\/landioustravel.com\/it\/"},{"@type":"ListItem","position":3,"name":"Viaggio di pesca a Hurghada"}]},{"@type":"WebSite","@id":"https:\/\/landioustravel.com\/it\/#website","url":"https:\/\/landioustravel.com\/it\/","name":"Landious Travel","description":"Excursions, trips and cruises in Egypt","publisher":{"@id":"https:\/\/landioustravel.com\/it\/#organization"},"potentialAction":[{"@type":"SearchAction","target":{"@type":"EntryPoint","urlTemplate":"https:\/\/landioustravel.com\/it\/?s={search_term_string}"},"query-input":{"@type":"PropertyValueSpecification","valueRequired":true,"valueName":"search_term_string"}}],"inLanguage":"it-IT"},{"@type":["Organization","Place"],"@id":"https:\/\/landioustravel.com\/it\/#organization","name":"Landious Travel","alternateName":"Landious Travel","url":"https:\/\/landioustravel.com\/it\/","logo":{"@id":"https:\/\/landioustravel.com\/it\/shop\/viaggio-pesca-hurghada\/#local-main-organization-logo"},"image":{"@id":"https:\/\/landioustravel.com\/it\/shop\/viaggio-pesca-hurghada\/#local-main-organization-logo"},"sameAs":["https:\/\/web.facebook.com\/landiousEgypt","https:\/\/x.com\/LandiousTours","https:\/\/mastodon.social\/@landious"],"legalName":"Landious Travel","telephone":[],"openingHoursSpecification":[{"@type":"OpeningHoursSpecification","dayOfWeek":["Monday","Tuesday","Wednesday","Thursday","Friday","Saturday","Sunday"],"opens":"09:00","closes":"17:00"}]},{"@type":"ImageObject","inLanguage":"it-IT","@id":"https:\/\/landioustravel.com\/it\/shop\/viaggio-pesca-hurghada\/#local-main-organization-logo","url":"https:\/\/i0.wp.com\/landioustravel.com\/wp-content\/uploads\/2021\/06\/Landious-T.png?fit=500%2C500&ssl=1","contentUrl":"https:\/\/i0.wp.com\/landioustravel.com\/wp-content\/uploads\/2021\/06\/Landious-T.png?fit=500%2C500&ssl=1","width":500,"height":500,"caption":"Landious Travel"}]}},"jetpack_publicize_connections":[],"uagb_featured_image_src":{"full":["https:\/\/i0.wp.com\/landioustravel.com\/wp-content\/uploads\/2018\/12\/Fishing-Trip-Hurghada-e1669479757911.jpg?fit=1200%2C675&ssl=1",1200,675,false],"thumbnail":["https:\/\/i0.wp.com\/landioustravel.com\/wp-content\/uploads\/2018\/12\/Fishing-Trip-Hurghada-e1669479757911.jpg?resize=150%2C150&ssl=1",150,150,true],"medium":["https:\/\/i0.wp.com\/landioustravel.com\/wp-content\/uploads\/2018\/12\/Fishing-Trip-Hurghada-e1669479757911.jpg?fit=300%2C169&ssl=1",300,169,true],"medium_large":["https:\/\/i0.wp.com\/landioustravel.com\/wp-content\/uploads\/2018\/12\/Fishing-Trip-Hurghada-e1669479757911.jpg?fit=768%2C432&ssl=1",768,432,true],"large":["https:\/\/i0.wp.com\/landioustravel.com\/wp-content\/uploads\/2018\/12\/Fishing-Trip-Hurghada-e1669479757911.jpg?fit=980%2C551&ssl=1",980,551,true],"1536x1536":["https:\/\/i0.wp.com\/landioustravel.com\/wp-content\/uploads\/2018\/12\/Fishing-Trip-Hurghada-e1669479757911.jpg?fit=1200%2C675&ssl=1",1200,675,true],"2048x2048":["https:\/\/i0.wp.com\/landioustravel.com\/wp-content\/uploads\/2018\/12\/Fishing-Trip-Hurghada-e1669479757911.jpg?fit=1200%2C675&ssl=1",1200,675,true],"newspack-article-block-landscape-large":["https:\/\/i0.wp.com\/landioustravel.com\/wp-content\/uploads\/2018\/12\/Fishing-Trip-Hurghada-e1669479757911.jpg?resize=1200%2C675&ssl=1",1200,675,true],"newspack-article-block-portrait-large":["https:\/\/i0.wp.com\/landioustravel.com\/wp-content\/uploads\/2018\/12\/Fishing-Trip-Hurghada-e1669479757911.jpg?resize=900%2C675&ssl=1",900,675,true],"newspack-article-block-square-large":["https:\/\/i0.wp.com\/landioustravel.com\/wp-content\/uploads\/2018\/12\/Fishing-Trip-Hurghada-e1669479757911.jpg?resize=1200%2C675&ssl=1",1200,675,true],"newspack-article-block-landscape-medium":["https:\/\/i0.wp.com\/landioustravel.com\/wp-content\/uploads\/2018\/12\/Fishing-Trip-Hurghada-e1669479757911.jpg?resize=800%2C600&ssl=1",800,600,true],"newspack-article-block-portrait-medium":["https:\/\/i0.wp.com\/landioustravel.com\/wp-content\/uploads\/2018\/12\/Fishing-Trip-Hurghada-e1669479757911.jpg?resize=600%2C675&ssl=1",600,675,true],"newspack-article-block-square-medium":["https:\/\/i0.wp.com\/landioustravel.com\/wp-content\/uploads\/2018\/12\/Fishing-Trip-Hurghada-e1669479757911.jpg?resize=800%2C675&ssl=1",800,675,true],"newspack-article-block-landscape-intermediate":["https:\/\/i0.wp.com\/landioustravel.com\/wp-content\/uploads\/2018\/12\/Fishing-Trip-Hurghada-e1669479757911.jpg?resize=600%2C450&ssl=1",600,450,true],"newspack-article-block-portrait-intermediate":["https:\/\/i0.wp.com\/landioustravel.com\/wp-content\/uploads\/2018\/12\/Fishing-Trip-Hurghada-e1669479757911.jpg?resize=450%2C600&ssl=1",450,600,true],"newspack-article-block-square-intermediate":["https:\/\/i0.wp.com\/landioustravel.com\/wp-content\/uploads\/2018\/12\/Fishing-Trip-Hurghada-e1669479757911.jpg?resize=600%2C600&ssl=1",600,600,true],"newspack-article-block-landscape-small":["https:\/\/i0.wp.com\/landioustravel.com\/wp-content\/uploads\/2018\/12\/Fishing-Trip-Hurghada-e1669479757911.jpg?resize=400%2C300&ssl=1",400,300,true],"newspack-article-block-portrait-small":["https:\/\/i0.wp.com\/landioustravel.com\/wp-content\/uploads\/2018\/12\/Fishing-Trip-Hurghada-e1669479757911.jpg?resize=300%2C400&ssl=1",300,400,true],"newspack-article-block-square-small":["https:\/\/i0.wp.com\/landioustravel.com\/wp-content\/uploads\/2018\/12\/Fishing-Trip-Hurghada-e1669479757911.jpg?resize=400%2C400&ssl=1",400,400,true],"newspack-article-block-landscape-tiny":["https:\/\/i0.wp.com\/landioustravel.com\/wp-content\/uploads\/2018\/12\/Fishing-Trip-Hurghada-e1669479757911.jpg?resize=200%2C150&ssl=1",200,150,true],"newspack-article-block-portrait-tiny":["https:\/\/i0.wp.com\/landioustravel.com\/wp-content\/uploads\/2018\/12\/Fishing-Trip-Hurghada-e1669479757911.jpg?resize=150%2C200&ssl=1",150,200,true],"newspack-article-block-square-tiny":["https:\/\/i0.wp.com\/landioustravel.com\/wp-content\/uploads\/2018\/12\/Fishing-Trip-Hurghada-e1669479757911.jpg?resize=200%2C200&ssl=1",200,200,true],"newspack-article-block-uncropped":["https:\/\/i0.wp.com\/landioustravel.com\/wp-content\/uploads\/2018\/12\/Fishing-Trip-Hurghada-e1669479757911.jpg?fit=1200%2C675&ssl=1",1200,675,true],"woocommerce_thumbnail":["https:\/\/i0.wp.com\/landioustravel.com\/wp-content\/uploads\/2018\/12\/Fishing-Trip-Hurghada-e1669479757911.jpg?resize=324%2C324&ssl=1",324,324,true],"woocommerce_single":["https:\/\/i0.wp.com\/landioustravel.com\/wp-content\/uploads\/2018\/12\/Fishing-Trip-Hurghada-e1669479757911.jpg?fit=416%2C234&ssl=1",416,234,true],"woocommerce_gallery_thumbnail":["https:\/\/i0.wp.com\/landioustravel.com\/wp-content\/uploads\/2018\/12\/Fishing-Trip-Hurghada-e1669479757911.jpg?resize=100%2C100&ssl=1",100,100,true]},"uagb_author_info":{"display_name":"Mofreh Landious","author_link":"https:\/\/landioustravel.com\/it\/author\/"},"uagb_comment_info":3,"uagb_excerpt":"Unisciti a noi per un'esperienza indimenticabile di pesca nel Mar Rosso e cucina il pescato sul posto. L'emozione del pescato \u00e8 pari solo al delizioso sapore del tuo pasto appena cucinato. La nostra barca si ancorer\u00e0 in mare aperto, dove potrete pescare vari pesci. Avrai quindi la possibilit\u00e0 di preparare e gustare il pescato per&hellip;","jetpack_sharing_enabled":true,"jetpack_likes_enabled":true,"amp_enabled":true,"_links":{"self":[{"href":"https:\/\/landioustravel.com\/it\/wp-json\/wp\/v2\/product\/1494","targetHints":{"allow":["GET"]}}],"collection":[{"href":"https:\/\/landioustravel.com\/it\/wp-json\/wp\/v2\/product"}],"about":[{"href":"https:\/\/landioustravel.com\/it\/wp-json\/wp\/v2\/types\/product"}],"replies":[{"embeddable":true,"href":"https:\/\/landioustravel.com\/it\/wp-json\/wp\/v2\/comments?post=1494"}],"wp:featuredmedia":[{"embeddable":true,"href":"https:\/\/landioustravel.com\/it\/wp-json\/wp\/v2\/media\/100256"}],"wp:attachment":[{"href":"https:\/\/landioustravel.com\/it\/wp-json\/wp\/v2\/media?parent=1494"}],"wp:term":[{"taxonomy":"product_brand","embeddable":true,"href":"https:\/\/landioustravel.com\/it\/wp-json\/wp\/v2\/product_brand?post=1494"},{"taxonomy":"product_cat","embeddable":true,"href":"https:\/\/landioustravel.com\/it\/wp-json\/wp\/v2\/product_cat?post=1494"},{"taxonomy":"product_tag","embeddable":true,"href":"https:\/\/landioustravel.com\/it\/wp-json\/wp\/v2\/product_tag?post=1494"}],"curies":[{"name":"wp","href":"https:\/\/api.w.org\/{rel}","templated":true}]}}