{"id":1496,"date":"2018-12-09T08:05:36","date_gmt":"2018-12-09T06:05:36","guid":{"rendered":"https:\/\/landioustravel.com\/product\/escursione-semi-sottomarino-sharm\/"},"modified":"2026-04-11T19:14:01","modified_gmt":"2026-04-11T17:14:01","slug":"escursione-semi-sottomarino-sharm","status":"publish","type":"product","link":"https:\/\/landioustravel.com\/it\/shop\/escursione-semi-sottomarino-sharm\/","title":{"rendered":"Escursione sul semi-sottomarino a Sharm El-Sheikh"},"content":{"rendered":"<p>Una gita in mare preferita sul semi-sottomarino a Sharm El Sheikh! Raccomandiamo il viaggio perch\u00e9 permette ai turisti di qualsiasi et\u00e0 di divertirsi al mare guardando bellissimi coralli e una variet\u00e0 di pesci. E anche, godendo un picnic in mare attraverso il Mar Rosso.<\/p>\n<h2>I punti principali del programma di escursioni sul semi-sottomarino<\/h2>\n<ul>\n<li>Picnic in riva al mare colto<\/li>\n<li>Osservazione del mondo sottomarino dall&#8217;interno del semi-sottomarino<\/li>\n<\/ul>\n<h3>Il programma di escursione sul semi-sottomarino a Sharm El-Sheikh<\/h3>\n<ul>\n<li>Prendendoti a circa 10:00 dal tuo hotel<\/li>\n<li>Dopo aver preso tutti gli arrivi, l&#8217;autobus va al porto. La strada per il porto dura circa 20 minuti<\/li>\n<li>All&#8217;inizio del programma dell&#8217;escursione, farai un picnic sul mare vicino al Mar Rosso<\/li>\n<li>Quindi, scendi al piano terra per vedere pesci e coralli per circa 45 minuti<\/li>\n<li>Sulla via del ritorno al porto, avrai comunque la possibilit\u00e0 di vedere coralli e pesci.<\/li>\n<\/ul>\n<h4>Cosa \u00e8 incluso nel prezzo del tour<\/h4>\n<ul>\n<li>Trasferimento al porto e ritorno in hotel<\/li>\n<\/ul>\n<h5>Cosa non \u00e8 incluso nel prezzo del viaggio<\/h5>\n<ul>\n<li>DVD video<\/li>\n<li>CD fotografico<\/li>\n<\/ul>\n<h6>Cosa portare con te per il viaggio<\/h6>\n<ul>\n<li>Asciugamano<\/li>\n<li>Protezione solare<\/li>\n<\/ul>\n<h6>GIORNI DI ORGANIZZAZIONE DI ESCURSIONE<\/h6>\n<ul>\n<li>Tutti i giorni dalle 01:00 alle 14:00<\/li>\n<\/ul>\n","protected":false},"excerpt":{"rendered":"<p>Preparati per un&#8217;avventura indimenticabile a Sharm El Sheikh a bordo di una barca semisommergibile a 2 ponti! Con le sue enormi finestre panoramiche, avrai una vista mozzafiato sul mondo sottomarino del Mar Rosso. Ammira le maestose barriere coralline e i vibranti banchi di pesci del Mar Rosso dalla comodit\u00e0 del semi-sottomarino. La barca scivola sulle tranquille acque del mare mentre ti siedi e ti rilassi nel semi-sottomarino, completamente immerso nel mondo sottomarino.<\/p>\n<p>L&#8217;escursione semi sottomarina nel Mar Rosso da Sharm El Sheikh \u00e8 un must per famiglie e individui in cerca di avventura ed emozioni. \u00c8 come avere il tuo sottomarino personale! Il fondo della barca scende di 4 metri sotto la superficie, offrendo uno scorcio ravvicinato e personale del mondo sottomarino. Avrai tutto il tempo per catturare questi momenti indimenticabili con la fotocamera e portare a casa ricordi che dureranno tutta la vita.<\/p>\n<p>Questo tour \u00e8 perfetto per le famiglie che viaggiano con bambini, in quanto offre loro la possibilit\u00e0 di vivere per la prima volta le meraviglie del mondo sottomarino. Anche gli adulti possono beneficiare di questo tour, in quanto offre un&#8217;anteprima del mondo sottomarino e li incoraggia a superare le loro paure e ad immergersi. I bambini adoreranno l&#8217;atmosfera emozionante del sottomarino e l&#8217;escursione sar\u00e0 sicuramente un&#8217;avventura indimenticabile.<\/p>\n<p>Preparati per un emozionante viaggio che ti lascer\u00e0 a bocca aperta davanti al magnifico mondo sottomarino del Mar Rosso! Unisciti a noi in un emozionante tour subacqueo con 18 finestre panoramiche di 100 x 125 cm. Seduto comodamente su una poltrona circolare mobile, potrai assistere alla bellezza della barriera corallina, dei pesci colorati e dell&#8217;abisso da ogni angolazione. Il Seas-cop pu\u00f2 ospitare fino a 34 passeggeri, garantendo un&#8217;esperienza sicura e confortevole per tutti. Verremo a prendervi al vostro hotel all&#8217;ora stabilita e, dopo 20 minuti di viaggio, saliremo a bordo del Semi Submarine e partiremo per la nostra avventura.<\/p>\n","protected":false},"featured_media":100297,"comment_status":"open","ping_status":"closed","template":"","meta":{"_coblocks_attr":"","_coblocks_dimensions":"","_coblocks_responsive_height":"","_coblocks_accordion_ie_support":"","_uag_custom_page_level_css":"","jetpack_post_was_ever_published":false,"jetpack_publicize_message":"","jetpack_publicize_feature_enabled":true,"jetpack_social_post_already_shared":false,"jetpack_social_options":{"image_generator_settings":{"template":"highway","default_image_id":0,"font":"","enabled":false},"version":2},"_wpas_customize_per_network":false},"product_brand":[],"product_cat":[1470,1472,22631],"product_tag":[22565,1496,1514,1526],"class_list":{"0":"post-1496","1":"product","2":"type-product","3":"status-publish","4":"has-post-thumbnail","6":"product_cat-excursions-sharm-el-sheikh","7":"product_cat-sea-trips-sharm-el-sheikh","8":"product_cat-day-trips-sharm-sheikh","9":"product_tag-excursion","10":"product_tag-sea","11":"product_tag-semi-submarine","12":"product_tag-sharm-el-sheikh","13":"pa_age-adult","14":"pa_age-child-1-4-years","15":"pa_age-child-5-11-years","17":"first","18":"instock","19":"sale","20":"purchasable","21":"product-type-variable"},"yoast_head":"<!-- This site is optimized with the Yoast SEO Premium plugin v26.9 (Yoast SEO v27.3) - https:\/\/yoast.com\/product\/yoast-seo-premium-wordpress\/ -->\n<title>Escursione sul semi-sottomarino a Sharm El-Sheikh<\/title>\n<meta name=\"description\" content=\"Escursione sul semi-sottomarino a Sharm El-Sheikh ti permette di vedere i coralli e il pesce del Mar Rosso senza alcuna difficolt\u00e0 a bordo del semi\" \/>\n<meta name=\"robots\" content=\"index, follow, max-snippet:-1, max-image-preview:large, max-video-preview:-1\" \/>\n<link rel=\"canonical\" href=\"https:\/\/landioustravel.com\/it\/shop\/escursione-semi-sottomarino-sharm\/\" \/>\n<meta property=\"og:locale\" content=\"it_IT\" \/>\n<meta property=\"og:type\" content=\"article\" \/>\n<meta property=\"og:title\" content=\"Escursione sul semi-sottomarino a Sharm El-Sheikh\" \/>\n<meta property=\"og:description\" content=\"Landious Travel\" \/>\n<meta property=\"og:url\" content=\"https:\/\/landioustravel.com\/it\/shop\/escursione-semi-sottomarino-sharm\/\" \/>\n<meta property=\"og:site_name\" content=\"Landious Travel\" \/>\n<meta property=\"article:publisher\" content=\"https:\/\/web.facebook.com\/landiousEgypt\" \/>\n<meta property=\"article:modified_time\" content=\"2026-04-11T17:14:01+00:00\" \/>\n<meta property=\"og:image\" content=\"https:\/\/landioustravel.com\/wp-content\/uploads\/2018\/12\/Semi-Submarine-Excursion-Sharm-El-Sheikh-e1669492996378.jpg\" \/>\n\t<meta property=\"og:image:width\" content=\"1201\" \/>\n\t<meta property=\"og:image:height\" content=\"675\" \/>\n\t<meta property=\"og:image:type\" content=\"image\/jpeg\" \/>\n<meta name=\"twitter:card\" content=\"summary_large_image\" \/>\n<meta name=\"twitter:site\" content=\"@LandiousTours\" \/>\n<meta name=\"twitter:label1\" content=\"Tempo di lettura stimato\" \/>\n\t<meta name=\"twitter:data1\" content=\"2 minuti\" \/>\n<script type=\"application\/ld+json\" class=\"yoast-schema-graph\">{\"@context\":\"https:\\\/\\\/schema.org\",\"@graph\":[{\"@type\":\"WebPage\",\"@id\":\"https:\\\/\\\/landioustravel.com\\\/it\\\/shop\\\/escursione-semi-sottomarino-sharm\\\/\",\"url\":\"https:\\\/\\\/landioustravel.com\\\/it\\\/shop\\\/escursione-semi-sottomarino-sharm\\\/\",\"name\":\"Escursione sul semi-sottomarino a Sharm El-Sheikh\",\"isPartOf\":{\"@id\":\"https:\\\/\\\/landioustravel.com\\\/it\\\/#website\"},\"primaryImageOfPage\":{\"@id\":\"https:\\\/\\\/landioustravel.com\\\/it\\\/shop\\\/escursione-semi-sottomarino-sharm\\\/#primaryimage\"},\"image\":{\"@id\":\"https:\\\/\\\/landioustravel.com\\\/it\\\/shop\\\/escursione-semi-sottomarino-sharm\\\/#primaryimage\"},\"thumbnailUrl\":\"https:\\\/\\\/i0.wp.com\\\/landioustravel.com\\\/wp-content\\\/uploads\\\/2018\\\/12\\\/Semi-Submarine-Excursion-Sharm-El-Sheikh-e1669492996378.jpg?fit=1201%2C675&ssl=1\",\"datePublished\":\"2018-12-09T06:05:36+00:00\",\"dateModified\":\"2026-04-11T17:14:01+00:00\",\"description\":\"Escursione sul semi-sottomarino a Sharm El-Sheikh ti permette di vedere i coralli e il pesce del Mar Rosso senza alcuna difficolt\u00e0 a bordo del semi\",\"breadcrumb\":{\"@id\":\"https:\\\/\\\/landioustravel.com\\\/it\\\/shop\\\/escursione-semi-sottomarino-sharm\\\/#breadcrumb\"},\"inLanguage\":\"it-IT\",\"potentialAction\":[{\"@type\":\"ReadAction\",\"target\":[\"https:\\\/\\\/landioustravel.com\\\/it\\\/shop\\\/escursione-semi-sottomarino-sharm\\\/\"]}]},{\"@type\":\"ImageObject\",\"inLanguage\":\"it-IT\",\"@id\":\"https:\\\/\\\/landioustravel.com\\\/it\\\/shop\\\/escursione-semi-sottomarino-sharm\\\/#primaryimage\",\"url\":\"https:\\\/\\\/i0.wp.com\\\/landioustravel.com\\\/wp-content\\\/uploads\\\/2018\\\/12\\\/Semi-Submarine-Excursion-Sharm-El-Sheikh-e1669492996378.jpg?fit=1201%2C675&ssl=1\",\"contentUrl\":\"https:\\\/\\\/i0.wp.com\\\/landioustravel.com\\\/wp-content\\\/uploads\\\/2018\\\/12\\\/Semi-Submarine-Excursion-Sharm-El-Sheikh-e1669492996378.jpg?fit=1201%2C675&ssl=1\",\"width\":1201,\"height\":675,\"caption\":\"Semi Submarine Excursion Sharm El Sheikh\"},{\"@type\":\"BreadcrumbList\",\"@id\":\"https:\\\/\\\/landioustravel.com\\\/it\\\/shop\\\/escursione-semi-sottomarino-sharm\\\/#breadcrumb\",\"itemListElement\":[{\"@type\":\"ListItem\",\"position\":1,\"name\":\"Home\",\"item\":\"https:\\\/\\\/landioustravel.com\\\/it\\\/\"},{\"@type\":\"ListItem\",\"position\":2,\"name\":\"Tour in Egitto\",\"item\":\"https:\\\/\\\/landioustravel.com\\\/it\\\/\"},{\"@type\":\"ListItem\",\"position\":3,\"name\":\"Escursione sul semi-sottomarino a Sharm El-Sheikh\"}]},{\"@type\":\"WebSite\",\"@id\":\"https:\\\/\\\/landioustravel.com\\\/it\\\/#website\",\"url\":\"https:\\\/\\\/landioustravel.com\\\/it\\\/\",\"name\":\"Landious Travel\",\"description\":\"Excursions, trips and cruises in Egypt\",\"publisher\":{\"@id\":\"https:\\\/\\\/landioustravel.com\\\/it\\\/#organization\"},\"potentialAction\":[{\"@type\":\"SearchAction\",\"target\":{\"@type\":\"EntryPoint\",\"urlTemplate\":\"https:\\\/\\\/landioustravel.com\\\/it\\\/?s={search_term_string}\"},\"query-input\":{\"@type\":\"PropertyValueSpecification\",\"valueRequired\":true,\"valueName\":\"search_term_string\"}}],\"inLanguage\":\"it-IT\"},{\"@type\":[\"Organization\",\"Place\"],\"@id\":\"https:\\\/\\\/landioustravel.com\\\/it\\\/#organization\",\"name\":\"Landious Travel\",\"alternateName\":\"Landious Travel\",\"url\":\"https:\\\/\\\/landioustravel.com\\\/it\\\/\",\"logo\":{\"@id\":\"https:\\\/\\\/landioustravel.com\\\/it\\\/shop\\\/escursione-semi-sottomarino-sharm\\\/#local-main-organization-logo\"},\"image\":{\"@id\":\"https:\\\/\\\/landioustravel.com\\\/it\\\/shop\\\/escursione-semi-sottomarino-sharm\\\/#local-main-organization-logo\"},\"sameAs\":[\"https:\\\/\\\/web.facebook.com\\\/landiousEgypt\",\"https:\\\/\\\/x.com\\\/LandiousTours\",\"https:\\\/\\\/mastodon.social\\\/@landious\"],\"legalName\":\"Landious Travel\",\"telephone\":[],\"openingHoursSpecification\":[{\"@type\":\"OpeningHoursSpecification\",\"dayOfWeek\":[\"Monday\",\"Tuesday\",\"Wednesday\",\"Thursday\",\"Friday\",\"Saturday\",\"Sunday\"],\"opens\":\"09:00\",\"closes\":\"17:00\"}]},{\"@type\":\"ImageObject\",\"inLanguage\":\"it-IT\",\"@id\":\"https:\\\/\\\/landioustravel.com\\\/it\\\/shop\\\/escursione-semi-sottomarino-sharm\\\/#local-main-organization-logo\",\"url\":\"https:\\\/\\\/i0.wp.com\\\/landioustravel.com\\\/wp-content\\\/uploads\\\/2021\\\/06\\\/Landious-T.png?fit=500%2C500&ssl=1\",\"contentUrl\":\"https:\\\/\\\/i0.wp.com\\\/landioustravel.com\\\/wp-content\\\/uploads\\\/2021\\\/06\\\/Landious-T.png?fit=500%2C500&ssl=1\",\"width\":500,\"height\":500,\"caption\":\"Landious Travel\"}]}<\/script>\n<!-- \/ Yoast SEO Premium plugin. -->","yoast_head_json":{"title":"Escursione sul semi-sottomarino a Sharm El-Sheikh","description":"Escursione sul semi-sottomarino a Sharm El-Sheikh ti permette di vedere i coralli e il pesce del Mar Rosso senza alcuna difficolt\u00e0 a bordo del semi","robots":{"index":"index","follow":"follow","max-snippet":"max-snippet:-1","max-image-preview":"max-image-preview:large","max-video-preview":"max-video-preview:-1"},"canonical":"https:\/\/landioustravel.com\/it\/shop\/escursione-semi-sottomarino-sharm\/","og_locale":"it_IT","og_type":"article","og_title":"Escursione sul semi-sottomarino a Sharm El-Sheikh","og_description":"Landious Travel","og_url":"https:\/\/landioustravel.com\/it\/shop\/escursione-semi-sottomarino-sharm\/","og_site_name":"Landious Travel","article_publisher":"https:\/\/web.facebook.com\/landiousEgypt","article_modified_time":"2026-04-11T17:14:01+00:00","og_image":[{"width":1201,"height":675,"url":"https:\/\/landioustravel.com\/wp-content\/uploads\/2018\/12\/Semi-Submarine-Excursion-Sharm-El-Sheikh-e1669492996378.jpg","type":"image\/jpeg"}],"twitter_card":"summary_large_image","twitter_site":"@LandiousTours","twitter_misc":{"Tempo di lettura stimato":"2 minuti"},"schema":{"@context":"https:\/\/schema.org","@graph":[{"@type":"WebPage","@id":"https:\/\/landioustravel.com\/it\/shop\/escursione-semi-sottomarino-sharm\/","url":"https:\/\/landioustravel.com\/it\/shop\/escursione-semi-sottomarino-sharm\/","name":"Escursione sul semi-sottomarino a Sharm El-Sheikh","isPartOf":{"@id":"https:\/\/landioustravel.com\/it\/#website"},"primaryImageOfPage":{"@id":"https:\/\/landioustravel.com\/it\/shop\/escursione-semi-sottomarino-sharm\/#primaryimage"},"image":{"@id":"https:\/\/landioustravel.com\/it\/shop\/escursione-semi-sottomarino-sharm\/#primaryimage"},"thumbnailUrl":"https:\/\/i0.wp.com\/landioustravel.com\/wp-content\/uploads\/2018\/12\/Semi-Submarine-Excursion-Sharm-El-Sheikh-e1669492996378.jpg?fit=1201%2C675&ssl=1","datePublished":"2018-12-09T06:05:36+00:00","dateModified":"2026-04-11T17:14:01+00:00","description":"Escursione sul semi-sottomarino a Sharm El-Sheikh ti permette di vedere i coralli e il pesce del Mar Rosso senza alcuna difficolt\u00e0 a bordo del semi","breadcrumb":{"@id":"https:\/\/landioustravel.com\/it\/shop\/escursione-semi-sottomarino-sharm\/#breadcrumb"},"inLanguage":"it-IT","potentialAction":[{"@type":"ReadAction","target":["https:\/\/landioustravel.com\/it\/shop\/escursione-semi-sottomarino-sharm\/"]}]},{"@type":"ImageObject","inLanguage":"it-IT","@id":"https:\/\/landioustravel.com\/it\/shop\/escursione-semi-sottomarino-sharm\/#primaryimage","url":"https:\/\/i0.wp.com\/landioustravel.com\/wp-content\/uploads\/2018\/12\/Semi-Submarine-Excursion-Sharm-El-Sheikh-e1669492996378.jpg?fit=1201%2C675&ssl=1","contentUrl":"https:\/\/i0.wp.com\/landioustravel.com\/wp-content\/uploads\/2018\/12\/Semi-Submarine-Excursion-Sharm-El-Sheikh-e1669492996378.jpg?fit=1201%2C675&ssl=1","width":1201,"height":675,"caption":"Semi Submarine Excursion Sharm El Sheikh"},{"@type":"BreadcrumbList","@id":"https:\/\/landioustravel.com\/it\/shop\/escursione-semi-sottomarino-sharm\/#breadcrumb","itemListElement":[{"@type":"ListItem","position":1,"name":"Home","item":"https:\/\/landioustravel.com\/it\/"},{"@type":"ListItem","position":2,"name":"Tour in Egitto","item":"https:\/\/landioustravel.com\/it\/"},{"@type":"ListItem","position":3,"name":"Escursione sul semi-sottomarino a Sharm El-Sheikh"}]},{"@type":"WebSite","@id":"https:\/\/landioustravel.com\/it\/#website","url":"https:\/\/landioustravel.com\/it\/","name":"Landious Travel","description":"Excursions, trips and cruises in Egypt","publisher":{"@id":"https:\/\/landioustravel.com\/it\/#organization"},"potentialAction":[{"@type":"SearchAction","target":{"@type":"EntryPoint","urlTemplate":"https:\/\/landioustravel.com\/it\/?s={search_term_string}"},"query-input":{"@type":"PropertyValueSpecification","valueRequired":true,"valueName":"search_term_string"}}],"inLanguage":"it-IT"},{"@type":["Organization","Place"],"@id":"https:\/\/landioustravel.com\/it\/#organization","name":"Landious Travel","alternateName":"Landious Travel","url":"https:\/\/landioustravel.com\/it\/","logo":{"@id":"https:\/\/landioustravel.com\/it\/shop\/escursione-semi-sottomarino-sharm\/#local-main-organization-logo"},"image":{"@id":"https:\/\/landioustravel.com\/it\/shop\/escursione-semi-sottomarino-sharm\/#local-main-organization-logo"},"sameAs":["https:\/\/web.facebook.com\/landiousEgypt","https:\/\/x.com\/LandiousTours","https:\/\/mastodon.social\/@landious"],"legalName":"Landious Travel","telephone":[],"openingHoursSpecification":[{"@type":"OpeningHoursSpecification","dayOfWeek":["Monday","Tuesday","Wednesday","Thursday","Friday","Saturday","Sunday"],"opens":"09:00","closes":"17:00"}]},{"@type":"ImageObject","inLanguage":"it-IT","@id":"https:\/\/landioustravel.com\/it\/shop\/escursione-semi-sottomarino-sharm\/#local-main-organization-logo","url":"https:\/\/i0.wp.com\/landioustravel.com\/wp-content\/uploads\/2021\/06\/Landious-T.png?fit=500%2C500&ssl=1","contentUrl":"https:\/\/i0.wp.com\/landioustravel.com\/wp-content\/uploads\/2021\/06\/Landious-T.png?fit=500%2C500&ssl=1","width":500,"height":500,"caption":"Landious Travel"}]}},"jetpack_publicize_connections":[],"uagb_featured_image_src":{"full":["https:\/\/i0.wp.com\/landioustravel.com\/wp-content\/uploads\/2018\/12\/Semi-Submarine-Excursion-Sharm-El-Sheikh-e1669492996378.jpg?fit=1201%2C675&ssl=1",1201,675,false],"thumbnail":["https:\/\/i0.wp.com\/landioustravel.com\/wp-content\/uploads\/2018\/12\/Semi-Submarine-Excursion-Sharm-El-Sheikh-e1669492996378.jpg?resize=150%2C150&ssl=1",150,150,true],"medium":["https:\/\/i0.wp.com\/landioustravel.com\/wp-content\/uploads\/2018\/12\/Semi-Submarine-Excursion-Sharm-El-Sheikh-e1669492996378.jpg?fit=300%2C169&ssl=1",300,169,true],"medium_large":["https:\/\/i0.wp.com\/landioustravel.com\/wp-content\/uploads\/2018\/12\/Semi-Submarine-Excursion-Sharm-El-Sheikh-e1669492996378.jpg?fit=768%2C432&ssl=1",768,432,true],"large":["https:\/\/i0.wp.com\/landioustravel.com\/wp-content\/uploads\/2018\/12\/Semi-Submarine-Excursion-Sharm-El-Sheikh-e1669492996378.jpg?fit=980%2C551&ssl=1",980,551,true],"1536x1536":["https:\/\/i0.wp.com\/landioustravel.com\/wp-content\/uploads\/2018\/12\/Semi-Submarine-Excursion-Sharm-El-Sheikh-e1669492996378.jpg?fit=1201%2C675&ssl=1",1201,675,true],"2048x2048":["https:\/\/i0.wp.com\/landioustravel.com\/wp-content\/uploads\/2018\/12\/Semi-Submarine-Excursion-Sharm-El-Sheikh-e1669492996378.jpg?fit=1201%2C675&ssl=1",1201,675,true],"newspack-article-block-landscape-large":["https:\/\/i0.wp.com\/landioustravel.com\/wp-content\/uploads\/2018\/12\/Semi-Submarine-Excursion-Sharm-El-Sheikh-e1669492996378.jpg?resize=1200%2C674&ssl=1",1200,674,true],"newspack-article-block-portrait-large":["https:\/\/i0.wp.com\/landioustravel.com\/wp-content\/uploads\/2018\/12\/Semi-Submarine-Excursion-Sharm-El-Sheikh-e1669492996378.jpg?resize=900%2C675&ssl=1",900,675,true],"newspack-article-block-square-large":["https:\/\/i0.wp.com\/landioustravel.com\/wp-content\/uploads\/2018\/12\/Semi-Submarine-Excursion-Sharm-El-Sheikh-e1669492996378.jpg?resize=1200%2C674&ssl=1",1200,674,true],"newspack-article-block-landscape-medium":["https:\/\/i0.wp.com\/landioustravel.com\/wp-content\/uploads\/2018\/12\/Semi-Submarine-Excursion-Sharm-El-Sheikh-e1669492996378.jpg?resize=800%2C600&ssl=1",800,600,true],"newspack-article-block-portrait-medium":["https:\/\/i0.wp.com\/landioustravel.com\/wp-content\/uploads\/2018\/12\/Semi-Submarine-Excursion-Sharm-El-Sheikh-e1669492996378.jpg?resize=600%2C675&ssl=1",600,675,true],"newspack-article-block-square-medium":["https:\/\/i0.wp.com\/landioustravel.com\/wp-content\/uploads\/2018\/12\/Semi-Submarine-Excursion-Sharm-El-Sheikh-e1669492996378.jpg?resize=800%2C675&ssl=1",800,675,true],"newspack-article-block-landscape-intermediate":["https:\/\/i0.wp.com\/landioustravel.com\/wp-content\/uploads\/2018\/12\/Semi-Submarine-Excursion-Sharm-El-Sheikh-e1669492996378.jpg?resize=600%2C450&ssl=1",600,450,true],"newspack-article-block-portrait-intermediate":["https:\/\/i0.wp.com\/landioustravel.com\/wp-content\/uploads\/2018\/12\/Semi-Submarine-Excursion-Sharm-El-Sheikh-e1669492996378.jpg?resize=450%2C600&ssl=1",450,600,true],"newspack-article-block-square-intermediate":["https:\/\/i0.wp.com\/landioustravel.com\/wp-content\/uploads\/2018\/12\/Semi-Submarine-Excursion-Sharm-El-Sheikh-e1669492996378.jpg?resize=600%2C600&ssl=1",600,600,true],"newspack-article-block-landscape-small":["https:\/\/i0.wp.com\/landioustravel.com\/wp-content\/uploads\/2018\/12\/Semi-Submarine-Excursion-Sharm-El-Sheikh-e1669492996378.jpg?resize=400%2C300&ssl=1",400,300,true],"newspack-article-block-portrait-small":["https:\/\/i0.wp.com\/landioustravel.com\/wp-content\/uploads\/2018\/12\/Semi-Submarine-Excursion-Sharm-El-Sheikh-e1669492996378.jpg?resize=300%2C400&ssl=1",300,400,true],"newspack-article-block-square-small":["https:\/\/i0.wp.com\/landioustravel.com\/wp-content\/uploads\/2018\/12\/Semi-Submarine-Excursion-Sharm-El-Sheikh-e1669492996378.jpg?resize=400%2C400&ssl=1",400,400,true],"newspack-article-block-landscape-tiny":["https:\/\/i0.wp.com\/landioustravel.com\/wp-content\/uploads\/2018\/12\/Semi-Submarine-Excursion-Sharm-El-Sheikh-e1669492996378.jpg?resize=200%2C150&ssl=1",200,150,true],"newspack-article-block-portrait-tiny":["https:\/\/i0.wp.com\/landioustravel.com\/wp-content\/uploads\/2018\/12\/Semi-Submarine-Excursion-Sharm-El-Sheikh-e1669492996378.jpg?resize=150%2C200&ssl=1",150,200,true],"newspack-article-block-square-tiny":["https:\/\/i0.wp.com\/landioustravel.com\/wp-content\/uploads\/2018\/12\/Semi-Submarine-Excursion-Sharm-El-Sheikh-e1669492996378.jpg?resize=200%2C200&ssl=1",200,200,true],"newspack-article-block-uncropped":["https:\/\/i0.wp.com\/landioustravel.com\/wp-content\/uploads\/2018\/12\/Semi-Submarine-Excursion-Sharm-El-Sheikh-e1669492996378.jpg?fit=1200%2C674&ssl=1",1200,674,true],"woocommerce_thumbnail":["https:\/\/i0.wp.com\/landioustravel.com\/wp-content\/uploads\/2018\/12\/Semi-Submarine-Excursion-Sharm-El-Sheikh-e1669492996378.jpg?resize=324%2C324&ssl=1",324,324,true],"woocommerce_single":["https:\/\/i0.wp.com\/landioustravel.com\/wp-content\/uploads\/2018\/12\/Semi-Submarine-Excursion-Sharm-El-Sheikh-e1669492996378.jpg?fit=416%2C234&ssl=1",416,234,true],"woocommerce_gallery_thumbnail":["https:\/\/i0.wp.com\/landioustravel.com\/wp-content\/uploads\/2018\/12\/Semi-Submarine-Excursion-Sharm-El-Sheikh-e1669492996378.jpg?resize=100%2C100&ssl=1",100,100,true]},"uagb_author_info":{"display_name":"Mofreh Landious","author_link":"https:\/\/landioustravel.com\/it\/author\/"},"uagb_comment_info":7,"uagb_excerpt":"Preparati per un'avventura indimenticabile a Sharm El Sheikh a bordo di una barca semisommergibile a 2 ponti! Con le sue enormi finestre panoramiche, avrai una vista mozzafiato sul mondo sottomarino del Mar Rosso. Ammira le maestose barriere coralline e i vibranti banchi di pesci del Mar Rosso dalla comodit\u00e0 del semi-sottomarino. La barca scivola sulle&hellip;","jetpack_sharing_enabled":true,"jetpack_likes_enabled":true,"amp_enabled":true,"_links":{"self":[{"href":"https:\/\/landioustravel.com\/it\/wp-json\/wp\/v2\/product\/1496","targetHints":{"allow":["GET"]}}],"collection":[{"href":"https:\/\/landioustravel.com\/it\/wp-json\/wp\/v2\/product"}],"about":[{"href":"https:\/\/landioustravel.com\/it\/wp-json\/wp\/v2\/types\/product"}],"replies":[{"embeddable":true,"href":"https:\/\/landioustravel.com\/it\/wp-json\/wp\/v2\/comments?post=1496"}],"wp:featuredmedia":[{"embeddable":true,"href":"https:\/\/landioustravel.com\/it\/wp-json\/wp\/v2\/media\/100297"}],"wp:attachment":[{"href":"https:\/\/landioustravel.com\/it\/wp-json\/wp\/v2\/media?parent=1496"}],"wp:term":[{"taxonomy":"product_brand","embeddable":true,"href":"https:\/\/landioustravel.com\/it\/wp-json\/wp\/v2\/product_brand?post=1496"},{"taxonomy":"product_cat","embeddable":true,"href":"https:\/\/landioustravel.com\/it\/wp-json\/wp\/v2\/product_cat?post=1496"},{"taxonomy":"product_tag","embeddable":true,"href":"https:\/\/landioustravel.com\/it\/wp-json\/wp\/v2\/product_tag?post=1496"}],"curies":[{"name":"wp","href":"https:\/\/api.w.org\/{rel}","templated":true}]}}