{"id":1500,"date":"2018-12-07T20:25:21","date_gmt":"2018-12-07T18:25:21","guid":{"rendered":"https:\/\/landioustravel.com\/product\/escursione-snorkeling-ras-mohammed-sharm\/"},"modified":"2024-08-14T04:29:09","modified_gmt":"2024-08-14T01:29:09","slug":"escursione-snorkeling-ras-mohammed-sharm","status":"publish","type":"product","link":"https:\/\/landioustravel.com\/it\/shop\/escursione-snorkeling-ras-mohammed-sharm\/","title":{"rendered":"Escursione a fare snorkeling a Ras Mohammed da Sharm El-Sheikh"},"content":{"rendered":"<p>Una meravigliosa gita in barca per l&#8217;area protetta di Ras Mohammed a Sharm El-Sheikh! Raccomandiamo il viaggio perch\u00e9 permette ai turisti di divertirsi al mare! Il viaggio ti offre l&#8217;opportunit\u00e0 di vedere bellissimi coralli e una variet\u00e0 di pesci con l&#8217;aiuto di maschere e pinne. Puoi, comunque, goderti un picnic in mare attraverso il Mar Rosso in uno dei luoghi pi\u00f9 famosi del mondo.<\/p>\n<h2>I punti principali del programma di escursioni a Ras Mohammed<\/h2>\n<ul>\n<li>Nuota in mare aperto dallo yacht<\/li>\n<li>Snorkeling con maschere e pinne<\/li>\n<li>Pranzo in barca<\/li>\n<\/ul>\n<h3>Il programma di escursioni nella riserva di Ras Mohammed a Sharm El Sheikh<\/h3>\n<ul>\n<li>Siete prelevati dall&#8217;hotel alle 08:00 circa<\/li>\n<li>Dopo aver preso tutti gli arrivi, l&#8217;autobus va al porto. La strada per il porto dura circa 20 minuti<\/li>\n<li>Troverai il tuo yacht nel porto. \u00c8 grande e chic! Lo yacht \u00e8 composto da due piani. Non appena si entra nello yacht, \u00e8 necessario togliersi le scarpe e salire al secondo piano per abbronzarsi sul ponte superiore<\/li>\n<li>Lo yacht si muove attraverso il Mar Rosso, non appena il gruppo si riunisce. E poi, sulla splendida macchia marina dei coralli, fai una sosta. L\u00ec, puoi nuotare e fare snorkeling con maschere e pinne<\/li>\n<li>Dopo una tale sosta, inizia il tuo pranzo. Durante l&#8217;ora di pranzo, il gruppo si riunisce al primo piano vicino al buffet.<\/li>\n<li>Inoltre, lo yacht si sposta e, in un altro luogo, si ferma a ripetere il nuoto con maschere e pinne.<\/li>\n<li>Questo programma di escursioni termina alle 18:30 circa<\/li>\n<\/ul>\n<h4>Cosa \u00e8 incluso nel prezzo del viaggio<\/h4>\n<ul>\n<li>Cibo<\/li>\n<li>Trasferimento al porto e ritorno in hotel<\/li>\n<\/ul>\n<h5>Cosa non \u00e8 incluso nel prezzo del tour<\/h5>\n<ul>\n<li>Attrezzatura per lo snorkeling<\/li>\n<li>DVD video<\/li>\n<li>CD fotografico<\/li>\n<\/ul>\n<h6>Cosa portare con te per il viaggio<\/h6>\n<ul>\n<li>Asciugamano<\/li>\n<li>Attrezzatura per lo snorkeling<\/li>\n<li>Protezione solare<\/li>\n<\/ul>\n<h6>GIORNI DI ORGANIZZAZIONE DI ESCURSIONE<\/h6>\n<ul>\n<li>Tutti i giorni dalle 08:00 alle 17:00<\/li>\n<\/ul>\n","protected":false},"excerpt":{"rendered":"<p>Scopri la bellezza delle maestose barriere coralline del Mar Rosso in un comodo e sicuro viaggio di snorkeling al Parco Nazionale di Ras Mohammed. Sia che tu preferisca fare snorkeling nelle acque cristalline o semplicemente crogiolarti al calore del sole sul ponte, abbiamo qualcosa per tutti i gusti. La nostra guida amichevole sar\u00e0 con te in ogni fase del percorso, assicurandoti un momento divertente e memorabile. Durante il viaggio, faremo da due a tre soste a seconda del tempo, una delle quali \u00e8 lo splendido banco di sabbia di White Island. Si prega di notare che il costo dell&#8217;attrezzatura per lo snorkeling e i biglietti d&#8217;ingresso al parco non sono inclusi nel prezzo del viaggio.<\/p>\n<p>Unisciti a noi per una meravigliosa gita in barca nell&#8217;area protetta di Ras Mohammed! Questo parco nazionale ospita alcune delle pi\u00f9 belle barriere coralline e pesci di Sharm El-Sheikh, rendendolo una destinazione imperdibile per gli amanti della natura. La nostra barca ti porter\u00e0 nei migliori siti di snorkeling della zona, dove potrai scoprire le meraviglie del mondo sottomarino. Puoi anche scegliere di nuotare o prendere il sole se preferisci. Durante il viaggio, la nostra guida esperta ti introdurr\u00e0 alle varie specie ittiche della zona, garantendo la tua sicurezza in ogni momento.<\/p>\n<p>Comprendiamo che il tuo comfort e il tuo divertimento sono importanti, quindi abbiamo incluso un delizioso pranzo a bordo della nave per il tuo divertimento. Non preoccuparti di nulla, poich\u00e9 ci occuperemo di tutti i tuoi trasferimenti con A\/C Van, offrendoti un&#8217;esperienza senza stress.<\/p>\n<p>Alla fine della giornata, la nostra barca ti riaccompagner\u00e0 al porto di Sharm e da l\u00ec verrai riaccompagnato al tuo hotel. Speriamo che il tuo viaggio con noi sia indimenticabile e pieno di ricordi duraturi!<\/p>\n","protected":false},"featured_media":100373,"comment_status":"open","ping_status":"closed","template":"","meta":{"_coblocks_attr":"","_coblocks_dimensions":"","_coblocks_responsive_height":"","_coblocks_accordion_ie_support":"","_uag_custom_page_level_css":"","jetpack_post_was_ever_published":false,"jetpack_publicize_message":"","jetpack_publicize_feature_enabled":true,"jetpack_social_post_already_shared":false,"jetpack_social_options":{"image_generator_settings":{"template":"highway","default_image_id":0,"font":"","enabled":false},"version":2},"_wpas_customize_per_network":false},"product_brand":[],"product_cat":[1639,1641,23528],"product_tag":[1644,22564,1648,1663,1682],"class_list":{"0":"post-1500","1":"product","2":"type-product","3":"status-publish","4":"has-post-thumbnail","6":"product_cat-escursioni-sharm-el-sheikh","7":"product_cat-escursioni-mare-sharm-sheikh","8":"product_cat-gite-un-giorno-sharm-sheikh","9":"product_tag-escursione","10":"product_tag-mare","11":"product_tag-sharm-el-sheikh-it","12":"product_tag-snorkeling-it","13":"product_tag-viaggi-marittimi","14":"pa_age-adulto","15":"pa_age-bambino-1-4-anni","16":"pa_age-bambino-5-11-anni","18":"first","19":"instock","20":"sale","21":"purchasable","22":"product-type-variable"},"yoast_head":"<!-- This site is optimized with the Yoast SEO Premium plugin v26.9 (Yoast SEO v27.3) - https:\/\/yoast.com\/product\/yoast-seo-premium-wordpress\/ -->\n<title>Escursione a fare snorkeling a Ras Mohammed da Sharm El-Sheikh<\/title>\n<meta name=\"description\" content=\"Escursione a fare snorkeling a Ras Mohammed da Sharm El-Sheikh ti d\u00e0 l&#039;opportunit\u00e0 di nuotare nel parco nazionale e di fare un picnic in mare attraverso\" \/>\n<meta name=\"robots\" content=\"index, follow, max-snippet:-1, max-image-preview:large, max-video-preview:-1\" \/>\n<link rel=\"canonical\" href=\"https:\/\/landioustravel.com\/it\/shop\/escursione-snorkeling-ras-mohammed-sharm\/\" \/>\n<meta property=\"og:locale\" content=\"it_IT\" \/>\n<meta property=\"og:type\" content=\"article\" \/>\n<meta property=\"og:title\" content=\"Escursione a fare snorkeling a Ras Mohammed da Sharm El-Sheikh\" \/>\n<meta property=\"og:description\" content=\"Landious Travel\" \/>\n<meta property=\"og:url\" content=\"https:\/\/landioustravel.com\/it\/shop\/escursione-snorkeling-ras-mohammed-sharm\/\" \/>\n<meta property=\"og:site_name\" content=\"Landious Travel\" \/>\n<meta property=\"article:publisher\" content=\"https:\/\/web.facebook.com\/landiousEgypt\" \/>\n<meta property=\"article:modified_time\" content=\"2024-08-14T01:29:09+00:00\" \/>\n<meta property=\"og:image\" content=\"https:\/\/landioustravel.com\/wp-content\/uploads\/2018\/12\/Ras-Mohammed-Snorkelling-Trip-Sharm-El-Sheikh-e1669505579298.jpg\" \/>\n\t<meta property=\"og:image:width\" content=\"1200\" \/>\n\t<meta property=\"og:image:height\" content=\"675\" \/>\n\t<meta property=\"og:image:type\" content=\"image\/jpeg\" \/>\n<meta name=\"twitter:card\" content=\"summary_large_image\" \/>\n<meta name=\"twitter:site\" content=\"@LandiousTours\" \/>\n<meta name=\"twitter:label1\" content=\"Tempo di lettura stimato\" \/>\n\t<meta name=\"twitter:data1\" content=\"2 minuti\" \/>\n<script type=\"application\/ld+json\" class=\"yoast-schema-graph\">{\"@context\":\"https:\\\/\\\/schema.org\",\"@graph\":[{\"@type\":\"WebPage\",\"@id\":\"https:\\\/\\\/landioustravel.com\\\/it\\\/shop\\\/escursione-snorkeling-ras-mohammed-sharm\\\/\",\"url\":\"https:\\\/\\\/landioustravel.com\\\/it\\\/shop\\\/escursione-snorkeling-ras-mohammed-sharm\\\/\",\"name\":\"Escursione a fare snorkeling a Ras Mohammed da Sharm El-Sheikh\",\"isPartOf\":{\"@id\":\"https:\\\/\\\/landioustravel.com\\\/it\\\/#website\"},\"primaryImageOfPage\":{\"@id\":\"https:\\\/\\\/landioustravel.com\\\/it\\\/shop\\\/escursione-snorkeling-ras-mohammed-sharm\\\/#primaryimage\"},\"image\":{\"@id\":\"https:\\\/\\\/landioustravel.com\\\/it\\\/shop\\\/escursione-snorkeling-ras-mohammed-sharm\\\/#primaryimage\"},\"thumbnailUrl\":\"https:\\\/\\\/i0.wp.com\\\/landioustravel.com\\\/wp-content\\\/uploads\\\/2018\\\/12\\\/Ras-Mohammed-Snorkelling-Trip-Sharm-El-Sheikh-e1669505579298.jpg?fit=1200%2C675&ssl=1\",\"datePublished\":\"2018-12-07T18:25:21+00:00\",\"dateModified\":\"2024-08-14T01:29:09+00:00\",\"description\":\"Escursione a fare snorkeling a Ras Mohammed da Sharm El-Sheikh ti d\u00e0 l'opportunit\u00e0 di nuotare nel parco nazionale e di fare un picnic in mare attraverso\",\"breadcrumb\":{\"@id\":\"https:\\\/\\\/landioustravel.com\\\/it\\\/shop\\\/escursione-snorkeling-ras-mohammed-sharm\\\/#breadcrumb\"},\"inLanguage\":\"it-IT\",\"potentialAction\":[{\"@type\":\"ReadAction\",\"target\":[\"https:\\\/\\\/landioustravel.com\\\/it\\\/shop\\\/escursione-snorkeling-ras-mohammed-sharm\\\/\"]}]},{\"@type\":\"ImageObject\",\"inLanguage\":\"it-IT\",\"@id\":\"https:\\\/\\\/landioustravel.com\\\/it\\\/shop\\\/escursione-snorkeling-ras-mohammed-sharm\\\/#primaryimage\",\"url\":\"https:\\\/\\\/i0.wp.com\\\/landioustravel.com\\\/wp-content\\\/uploads\\\/2018\\\/12\\\/Ras-Mohammed-Snorkelling-Trip-Sharm-El-Sheikh-e1669505579298.jpg?fit=1200%2C675&ssl=1\",\"contentUrl\":\"https:\\\/\\\/i0.wp.com\\\/landioustravel.com\\\/wp-content\\\/uploads\\\/2018\\\/12\\\/Ras-Mohammed-Snorkelling-Trip-Sharm-El-Sheikh-e1669505579298.jpg?fit=1200%2C675&ssl=1\",\"width\":1200,\"height\":675,\"caption\":\"Ras Mohammed Snorkelling Trip Sharm El Sheikh\"},{\"@type\":\"BreadcrumbList\",\"@id\":\"https:\\\/\\\/landioustravel.com\\\/it\\\/shop\\\/escursione-snorkeling-ras-mohammed-sharm\\\/#breadcrumb\",\"itemListElement\":[{\"@type\":\"ListItem\",\"position\":1,\"name\":\"Home\",\"item\":\"https:\\\/\\\/landioustravel.com\\\/it\\\/\"},{\"@type\":\"ListItem\",\"position\":2,\"name\":\"Tour in Egitto\",\"item\":\"https:\\\/\\\/landioustravel.com\\\/it\\\/\"},{\"@type\":\"ListItem\",\"position\":3,\"name\":\"Escursione a fare snorkeling a Ras Mohammed da Sharm El-Sheikh\"}]},{\"@type\":\"WebSite\",\"@id\":\"https:\\\/\\\/landioustravel.com\\\/it\\\/#website\",\"url\":\"https:\\\/\\\/landioustravel.com\\\/it\\\/\",\"name\":\"Landious Travel\",\"description\":\"Excursions, trips and cruises in Egypt\",\"publisher\":{\"@id\":\"https:\\\/\\\/landioustravel.com\\\/it\\\/#organization\"},\"potentialAction\":[{\"@type\":\"SearchAction\",\"target\":{\"@type\":\"EntryPoint\",\"urlTemplate\":\"https:\\\/\\\/landioustravel.com\\\/it\\\/?s={search_term_string}\"},\"query-input\":{\"@type\":\"PropertyValueSpecification\",\"valueRequired\":true,\"valueName\":\"search_term_string\"}}],\"inLanguage\":\"it-IT\"},{\"@type\":[\"Organization\",\"Place\"],\"@id\":\"https:\\\/\\\/landioustravel.com\\\/it\\\/#organization\",\"name\":\"Landious Travel\",\"alternateName\":\"Landious Travel\",\"url\":\"https:\\\/\\\/landioustravel.com\\\/it\\\/\",\"logo\":{\"@id\":\"https:\\\/\\\/landioustravel.com\\\/it\\\/shop\\\/escursione-snorkeling-ras-mohammed-sharm\\\/#local-main-organization-logo\"},\"image\":{\"@id\":\"https:\\\/\\\/landioustravel.com\\\/it\\\/shop\\\/escursione-snorkeling-ras-mohammed-sharm\\\/#local-main-organization-logo\"},\"sameAs\":[\"https:\\\/\\\/web.facebook.com\\\/landiousEgypt\",\"https:\\\/\\\/x.com\\\/LandiousTours\",\"https:\\\/\\\/mastodon.social\\\/@landious\"],\"legalName\":\"Landious Travel\",\"telephone\":[],\"openingHoursSpecification\":[{\"@type\":\"OpeningHoursSpecification\",\"dayOfWeek\":[\"Monday\",\"Tuesday\",\"Wednesday\",\"Thursday\",\"Friday\",\"Saturday\",\"Sunday\"],\"opens\":\"09:00\",\"closes\":\"17:00\"}]},{\"@type\":\"ImageObject\",\"inLanguage\":\"it-IT\",\"@id\":\"https:\\\/\\\/landioustravel.com\\\/it\\\/shop\\\/escursione-snorkeling-ras-mohammed-sharm\\\/#local-main-organization-logo\",\"url\":\"https:\\\/\\\/i0.wp.com\\\/landioustravel.com\\\/wp-content\\\/uploads\\\/2021\\\/06\\\/Landious-T.png?fit=500%2C500&ssl=1\",\"contentUrl\":\"https:\\\/\\\/i0.wp.com\\\/landioustravel.com\\\/wp-content\\\/uploads\\\/2021\\\/06\\\/Landious-T.png?fit=500%2C500&ssl=1\",\"width\":500,\"height\":500,\"caption\":\"Landious Travel\"}]}<\/script>\n<!-- \/ Yoast SEO Premium plugin. -->","yoast_head_json":{"title":"Escursione a fare snorkeling a Ras Mohammed da Sharm El-Sheikh","description":"Escursione a fare snorkeling a Ras Mohammed da Sharm El-Sheikh ti d\u00e0 l'opportunit\u00e0 di nuotare nel parco nazionale e di fare un picnic in mare attraverso","robots":{"index":"index","follow":"follow","max-snippet":"max-snippet:-1","max-image-preview":"max-image-preview:large","max-video-preview":"max-video-preview:-1"},"canonical":"https:\/\/landioustravel.com\/it\/shop\/escursione-snorkeling-ras-mohammed-sharm\/","og_locale":"it_IT","og_type":"article","og_title":"Escursione a fare snorkeling a Ras Mohammed da Sharm El-Sheikh","og_description":"Landious Travel","og_url":"https:\/\/landioustravel.com\/it\/shop\/escursione-snorkeling-ras-mohammed-sharm\/","og_site_name":"Landious Travel","article_publisher":"https:\/\/web.facebook.com\/landiousEgypt","article_modified_time":"2024-08-14T01:29:09+00:00","og_image":[{"width":1200,"height":675,"url":"https:\/\/landioustravel.com\/wp-content\/uploads\/2018\/12\/Ras-Mohammed-Snorkelling-Trip-Sharm-El-Sheikh-e1669505579298.jpg","type":"image\/jpeg"}],"twitter_card":"summary_large_image","twitter_site":"@LandiousTours","twitter_misc":{"Tempo di lettura stimato":"2 minuti"},"schema":{"@context":"https:\/\/schema.org","@graph":[{"@type":"WebPage","@id":"https:\/\/landioustravel.com\/it\/shop\/escursione-snorkeling-ras-mohammed-sharm\/","url":"https:\/\/landioustravel.com\/it\/shop\/escursione-snorkeling-ras-mohammed-sharm\/","name":"Escursione a fare snorkeling a Ras Mohammed da Sharm El-Sheikh","isPartOf":{"@id":"https:\/\/landioustravel.com\/it\/#website"},"primaryImageOfPage":{"@id":"https:\/\/landioustravel.com\/it\/shop\/escursione-snorkeling-ras-mohammed-sharm\/#primaryimage"},"image":{"@id":"https:\/\/landioustravel.com\/it\/shop\/escursione-snorkeling-ras-mohammed-sharm\/#primaryimage"},"thumbnailUrl":"https:\/\/i0.wp.com\/landioustravel.com\/wp-content\/uploads\/2018\/12\/Ras-Mohammed-Snorkelling-Trip-Sharm-El-Sheikh-e1669505579298.jpg?fit=1200%2C675&ssl=1","datePublished":"2018-12-07T18:25:21+00:00","dateModified":"2024-08-14T01:29:09+00:00","description":"Escursione a fare snorkeling a Ras Mohammed da Sharm El-Sheikh ti d\u00e0 l'opportunit\u00e0 di nuotare nel parco nazionale e di fare un picnic in mare attraverso","breadcrumb":{"@id":"https:\/\/landioustravel.com\/it\/shop\/escursione-snorkeling-ras-mohammed-sharm\/#breadcrumb"},"inLanguage":"it-IT","potentialAction":[{"@type":"ReadAction","target":["https:\/\/landioustravel.com\/it\/shop\/escursione-snorkeling-ras-mohammed-sharm\/"]}]},{"@type":"ImageObject","inLanguage":"it-IT","@id":"https:\/\/landioustravel.com\/it\/shop\/escursione-snorkeling-ras-mohammed-sharm\/#primaryimage","url":"https:\/\/i0.wp.com\/landioustravel.com\/wp-content\/uploads\/2018\/12\/Ras-Mohammed-Snorkelling-Trip-Sharm-El-Sheikh-e1669505579298.jpg?fit=1200%2C675&ssl=1","contentUrl":"https:\/\/i0.wp.com\/landioustravel.com\/wp-content\/uploads\/2018\/12\/Ras-Mohammed-Snorkelling-Trip-Sharm-El-Sheikh-e1669505579298.jpg?fit=1200%2C675&ssl=1","width":1200,"height":675,"caption":"Ras Mohammed Snorkelling Trip Sharm El Sheikh"},{"@type":"BreadcrumbList","@id":"https:\/\/landioustravel.com\/it\/shop\/escursione-snorkeling-ras-mohammed-sharm\/#breadcrumb","itemListElement":[{"@type":"ListItem","position":1,"name":"Home","item":"https:\/\/landioustravel.com\/it\/"},{"@type":"ListItem","position":2,"name":"Tour in Egitto","item":"https:\/\/landioustravel.com\/it\/"},{"@type":"ListItem","position":3,"name":"Escursione a fare snorkeling a Ras Mohammed da Sharm El-Sheikh"}]},{"@type":"WebSite","@id":"https:\/\/landioustravel.com\/it\/#website","url":"https:\/\/landioustravel.com\/it\/","name":"Landious Travel","description":"Excursions, trips and cruises in Egypt","publisher":{"@id":"https:\/\/landioustravel.com\/it\/#organization"},"potentialAction":[{"@type":"SearchAction","target":{"@type":"EntryPoint","urlTemplate":"https:\/\/landioustravel.com\/it\/?s={search_term_string}"},"query-input":{"@type":"PropertyValueSpecification","valueRequired":true,"valueName":"search_term_string"}}],"inLanguage":"it-IT"},{"@type":["Organization","Place"],"@id":"https:\/\/landioustravel.com\/it\/#organization","name":"Landious Travel","alternateName":"Landious Travel","url":"https:\/\/landioustravel.com\/it\/","logo":{"@id":"https:\/\/landioustravel.com\/it\/shop\/escursione-snorkeling-ras-mohammed-sharm\/#local-main-organization-logo"},"image":{"@id":"https:\/\/landioustravel.com\/it\/shop\/escursione-snorkeling-ras-mohammed-sharm\/#local-main-organization-logo"},"sameAs":["https:\/\/web.facebook.com\/landiousEgypt","https:\/\/x.com\/LandiousTours","https:\/\/mastodon.social\/@landious"],"legalName":"Landious Travel","telephone":[],"openingHoursSpecification":[{"@type":"OpeningHoursSpecification","dayOfWeek":["Monday","Tuesday","Wednesday","Thursday","Friday","Saturday","Sunday"],"opens":"09:00","closes":"17:00"}]},{"@type":"ImageObject","inLanguage":"it-IT","@id":"https:\/\/landioustravel.com\/it\/shop\/escursione-snorkeling-ras-mohammed-sharm\/#local-main-organization-logo","url":"https:\/\/i0.wp.com\/landioustravel.com\/wp-content\/uploads\/2021\/06\/Landious-T.png?fit=500%2C500&ssl=1","contentUrl":"https:\/\/i0.wp.com\/landioustravel.com\/wp-content\/uploads\/2021\/06\/Landious-T.png?fit=500%2C500&ssl=1","width":500,"height":500,"caption":"Landious Travel"}]}},"jetpack_publicize_connections":[],"uagb_featured_image_src":{"full":["https:\/\/i0.wp.com\/landioustravel.com\/wp-content\/uploads\/2018\/12\/Ras-Mohammed-Snorkelling-Trip-Sharm-El-Sheikh-e1669505579298.jpg?fit=1200%2C675&ssl=1",1200,675,false],"thumbnail":["https:\/\/i0.wp.com\/landioustravel.com\/wp-content\/uploads\/2018\/12\/Ras-Mohammed-Snorkelling-Trip-Sharm-El-Sheikh-e1669505579298.jpg?resize=150%2C150&ssl=1",150,150,true],"medium":["https:\/\/i0.wp.com\/landioustravel.com\/wp-content\/uploads\/2018\/12\/Ras-Mohammed-Snorkelling-Trip-Sharm-El-Sheikh-e1669505579298.jpg?fit=300%2C169&ssl=1",300,169,true],"medium_large":["https:\/\/i0.wp.com\/landioustravel.com\/wp-content\/uploads\/2018\/12\/Ras-Mohammed-Snorkelling-Trip-Sharm-El-Sheikh-e1669505579298.jpg?fit=768%2C432&ssl=1",768,432,true],"large":["https:\/\/i0.wp.com\/landioustravel.com\/wp-content\/uploads\/2018\/12\/Ras-Mohammed-Snorkelling-Trip-Sharm-El-Sheikh-e1669505579298.jpg?fit=980%2C551&ssl=1",980,551,true],"1536x1536":["https:\/\/i0.wp.com\/landioustravel.com\/wp-content\/uploads\/2018\/12\/Ras-Mohammed-Snorkelling-Trip-Sharm-El-Sheikh-e1669505579298.jpg?fit=1536%2C931&ssl=1",1536,931,true],"2048x2048":["https:\/\/i0.wp.com\/landioustravel.com\/wp-content\/uploads\/2018\/12\/Ras-Mohammed-Snorkelling-Trip-Sharm-El-Sheikh-e1669505579298.jpg?fit=1200%2C675&ssl=1",1200,675,true],"newspack-article-block-landscape-large":["https:\/\/i0.wp.com\/landioustravel.com\/wp-content\/uploads\/2018\/12\/Ras-Mohammed-Snorkelling-Trip-Sharm-El-Sheikh-e1669505579298.jpg?resize=1200%2C675&ssl=1",1200,675,true],"newspack-article-block-portrait-large":["https:\/\/i0.wp.com\/landioustravel.com\/wp-content\/uploads\/2018\/12\/Ras-Mohammed-Snorkelling-Trip-Sharm-El-Sheikh-e1669505579298.jpg?resize=900%2C675&ssl=1",900,675,true],"newspack-article-block-square-large":["https:\/\/i0.wp.com\/landioustravel.com\/wp-content\/uploads\/2018\/12\/Ras-Mohammed-Snorkelling-Trip-Sharm-El-Sheikh-e1669505579298.jpg?resize=1200%2C675&ssl=1",1200,675,true],"newspack-article-block-landscape-medium":["https:\/\/i0.wp.com\/landioustravel.com\/wp-content\/uploads\/2018\/12\/Ras-Mohammed-Snorkelling-Trip-Sharm-El-Sheikh-e1669505579298.jpg?resize=800%2C600&ssl=1",800,600,true],"newspack-article-block-portrait-medium":["https:\/\/i0.wp.com\/landioustravel.com\/wp-content\/uploads\/2018\/12\/Ras-Mohammed-Snorkelling-Trip-Sharm-El-Sheikh-e1669505579298.jpg?resize=600%2C675&ssl=1",600,675,true],"newspack-article-block-square-medium":["https:\/\/i0.wp.com\/landioustravel.com\/wp-content\/uploads\/2018\/12\/Ras-Mohammed-Snorkelling-Trip-Sharm-El-Sheikh-e1669505579298.jpg?resize=800%2C675&ssl=1",800,675,true],"newspack-article-block-landscape-intermediate":["https:\/\/i0.wp.com\/landioustravel.com\/wp-content\/uploads\/2018\/12\/Ras-Mohammed-Snorkelling-Trip-Sharm-El-Sheikh-e1669505579298.jpg?resize=600%2C450&ssl=1",600,450,true],"newspack-article-block-portrait-intermediate":["https:\/\/i0.wp.com\/landioustravel.com\/wp-content\/uploads\/2018\/12\/Ras-Mohammed-Snorkelling-Trip-Sharm-El-Sheikh-e1669505579298.jpg?resize=450%2C600&ssl=1",450,600,true],"newspack-article-block-square-intermediate":["https:\/\/i0.wp.com\/landioustravel.com\/wp-content\/uploads\/2018\/12\/Ras-Mohammed-Snorkelling-Trip-Sharm-El-Sheikh-e1669505579298.jpg?resize=600%2C600&ssl=1",600,600,true],"newspack-article-block-landscape-small":["https:\/\/i0.wp.com\/landioustravel.com\/wp-content\/uploads\/2018\/12\/Ras-Mohammed-Snorkelling-Trip-Sharm-El-Sheikh-e1669505579298.jpg?resize=400%2C300&ssl=1",400,300,true],"newspack-article-block-portrait-small":["https:\/\/i0.wp.com\/landioustravel.com\/wp-content\/uploads\/2018\/12\/Ras-Mohammed-Snorkelling-Trip-Sharm-El-Sheikh-e1669505579298.jpg?resize=300%2C400&ssl=1",300,400,true],"newspack-article-block-square-small":["https:\/\/i0.wp.com\/landioustravel.com\/wp-content\/uploads\/2018\/12\/Ras-Mohammed-Snorkelling-Trip-Sharm-El-Sheikh-e1669505579298.jpg?resize=400%2C400&ssl=1",400,400,true],"newspack-article-block-landscape-tiny":["https:\/\/i0.wp.com\/landioustravel.com\/wp-content\/uploads\/2018\/12\/Ras-Mohammed-Snorkelling-Trip-Sharm-El-Sheikh-e1669505579298.jpg?resize=200%2C150&ssl=1",200,150,true],"newspack-article-block-portrait-tiny":["https:\/\/i0.wp.com\/landioustravel.com\/wp-content\/uploads\/2018\/12\/Ras-Mohammed-Snorkelling-Trip-Sharm-El-Sheikh-e1669505579298.jpg?resize=150%2C200&ssl=1",150,200,true],"newspack-article-block-square-tiny":["https:\/\/i0.wp.com\/landioustravel.com\/wp-content\/uploads\/2018\/12\/Ras-Mohammed-Snorkelling-Trip-Sharm-El-Sheikh-e1669505579298.jpg?resize=200%2C200&ssl=1",200,200,true],"newspack-article-block-uncropped":["https:\/\/i0.wp.com\/landioustravel.com\/wp-content\/uploads\/2018\/12\/Ras-Mohammed-Snorkelling-Trip-Sharm-El-Sheikh-e1669505579298.jpg?fit=1200%2C675&ssl=1",1200,675,true],"woocommerce_thumbnail":["https:\/\/i0.wp.com\/landioustravel.com\/wp-content\/uploads\/2018\/12\/Ras-Mohammed-Snorkelling-Trip-Sharm-El-Sheikh-e1669505579298.jpg?resize=324%2C324&ssl=1",324,324,true],"woocommerce_single":["https:\/\/i0.wp.com\/landioustravel.com\/wp-content\/uploads\/2018\/12\/Ras-Mohammed-Snorkelling-Trip-Sharm-El-Sheikh-e1669505579298.jpg?fit=416%2C234&ssl=1",416,234,true],"woocommerce_gallery_thumbnail":["https:\/\/i0.wp.com\/landioustravel.com\/wp-content\/uploads\/2018\/12\/Ras-Mohammed-Snorkelling-Trip-Sharm-El-Sheikh-e1669505579298.jpg?resize=100%2C100&ssl=1",100,100,true]},"uagb_author_info":{"display_name":"Mofreh Landious","author_link":"https:\/\/landioustravel.com\/it\/author\/"},"uagb_comment_info":4,"uagb_excerpt":"Scopri la bellezza delle maestose barriere coralline del Mar Rosso in un comodo e sicuro viaggio di snorkeling al Parco Nazionale di Ras Mohammed. Sia che tu preferisca fare snorkeling nelle acque cristalline o semplicemente crogiolarti al calore del sole sul ponte, abbiamo qualcosa per tutti i gusti. La nostra guida amichevole sar\u00e0 con te&hellip;","jetpack_sharing_enabled":true,"jetpack_likes_enabled":true,"amp_enabled":true,"_links":{"self":[{"href":"https:\/\/landioustravel.com\/it\/wp-json\/wp\/v2\/product\/1500","targetHints":{"allow":["GET"]}}],"collection":[{"href":"https:\/\/landioustravel.com\/it\/wp-json\/wp\/v2\/product"}],"about":[{"href":"https:\/\/landioustravel.com\/it\/wp-json\/wp\/v2\/types\/product"}],"replies":[{"embeddable":true,"href":"https:\/\/landioustravel.com\/it\/wp-json\/wp\/v2\/comments?post=1500"}],"wp:featuredmedia":[{"embeddable":true,"href":"https:\/\/landioustravel.com\/it\/wp-json\/wp\/v2\/media\/100373"}],"wp:attachment":[{"href":"https:\/\/landioustravel.com\/it\/wp-json\/wp\/v2\/media?parent=1500"}],"wp:term":[{"taxonomy":"product_brand","embeddable":true,"href":"https:\/\/landioustravel.com\/it\/wp-json\/wp\/v2\/product_brand?post=1500"},{"taxonomy":"product_cat","embeddable":true,"href":"https:\/\/landioustravel.com\/it\/wp-json\/wp\/v2\/product_cat?post=1500"},{"taxonomy":"product_tag","embeddable":true,"href":"https:\/\/landioustravel.com\/it\/wp-json\/wp\/v2\/product_tag?post=1500"}],"curies":[{"name":"wp","href":"https:\/\/api.w.org\/{rel}","templated":true}]}}