{"id":150182,"date":"2024-05-02T12:19:30","date_gmt":"2024-05-02T09:19:30","guid":{"rendered":"https:\/\/landioustravel.com\/?post_type=product&#038;p=150182"},"modified":"2024-05-08T18:47:53","modified_gmt":"2024-05-08T15:47:53","slug":"gita-giorno-abu-simbel-assuan-volo","status":"publish","type":"product","link":"https:\/\/landioustravel.com\/it\/shop\/gita-giorno-abu-simbel-assuan-volo\/","title":{"rendered":"Gita di un giorno ad Abu Simbel da Assuan in volo"},"content":{"rendered":"<p>Sei pronto per una fantastica avventura che ti riporter\u00e0 nell&#8217;antico mondo dell&#8217;<a href=\"https:\/\/landioustravel.com\/it\/egitto\/\">Egitto<\/a>? Preparati a vivere la bellezza e la grandiosit\u00e0 mozzafiato dei due Templi di Abu Simbel, considerati i capolavori dell&#8217;antico Egitto. Partecipa alla gita di un giorno ad Abu Simbel da Assuan in volo!<\/p>\n<p>Presto, un rappresentante di Landious Travel verr\u00e0 a prenderti dal tuo hotel\/crociera sul Nilo ad Assuan con un veicolo privato con aria condizionata per trasferirti all&#8217;aeroporto di Assuan. Da l\u00ec, potrai goderti un volo per Abu Simbel, dove la nostra guida egittologa qualificata ti aspetter\u00e0 per incontrarti e accompagnarti nel tuo tour.<\/p>\n<p>Ti sentirai trasportato indietro nel tempo mentre esplori le camere nascoste, le statue e i geroglifici che adornano ogni parete. Conoscerai il Tempio di Ramses II, dedicato ai quattro dei universali Ptah, Re-Her-Akhtey, Amun-Re e Ramesses II stesso. Inoltre, visiterai il grande tempio di Abu Simbel, chiamato anche il Tempio del Sole di Ramesse II, e il Tempio della Regina Nefertari, noto anche come Tempio di Hathor, che era la moglie del Dio Sole.<\/p>\n<p>Mentre osservi le immagini e i suoni di questi magnifici templi, rimarrai stupito dal loro stile unico e dal riflesso della gloria e della grandezza del nuovo Regno. Scoprirai anche come il governo egiziano e l&#8217;UNESCO hanno collaborato per salvare questi templi dalle inondazioni che altrimenti avrebbero distrutto oltre 28 monumenti.<\/p>\n<p>Dopo questo fantastico tour, tornerai all&#8217;aeroporto di Abu Simbel per il volo di ritorno ad Assuan, dove il nostro rappresentante ti aspetter\u00e0 per incontrarti e riportarti al punto di partenza. Preparati a intraprendere un viaggio indimenticabile che ti lascer\u00e0 ricordi che dureranno tutta la vita!<\/p>\n<h2>Punti salienti del tour di Abu Simbel da Assuan in volo<\/h2>\n<ul>\n<li>Il grande Tempio di Ramses II e il Tempio pi\u00f9 piccolo di Hathor ad Abu Simbel<\/li>\n<\/ul>\n<h2>Itinerario della gita di un giorno ad Abu Simbel da Assuan in volo<\/h2>\n<ul>\n<li>Il rappresentante di Landious Travel\u00a0\u00a0verr\u00e0 a prendervi dal vostro hotel ad Assuan in un veicolo privato intorno alle 05:00.<\/li>\n<li>Dopo aver raccolto tutti i visitatori, l&#8217;autobus andr\u00e0 all&#8217;aeroporto internazionale di Assuan. Ci vogliono circa 30 minuti per raggiungere l&#8217;aeroporto.<\/li>\n<\/ul>\n<h3>Programma ad Abu Simbel<\/h3>\n<ul>\n<li>Siamo lieti di offrirvi un&#8217;eccellente opportunit\u00e0 per esplorare le meraviglie di Abu Simbel. Il nostro tour inizier\u00e0 con un servizio di prelievo dal tuo hotel o con una crociera sul Nilo ad Assuan. Da l\u00ec ti imbarcherai su un volo per Abu Simbel, dove incontrerai il magnifico tempio del sole di Ramses II e il tempio della regina Nefertari. Questi due templi, rinomati per il loro stile unico, sono considerati i capolavori dell&#8217;antico Egitto.<\/li>\n<li>Gli antichi egizi dedicarono il Tempio di Ramses II ai quattro dei universali: Ptah, Re-Her-Akhtey, Amun-Re e Ramesse II. \u00c8 anche conosciuto come il Tempio del Sole di Ramesse II. Il Tempio della Regina Nefertari, chiamato anche Tempio di Hathor, rende invece omaggio alla moglie del Dio Sole. Simbolicamente, i due templi riuniscono Ramesse II, Nefertari, Hathor e il Dio Sole come uno solo.<\/li>\n<li>Dopo aver visitato queste maestose attrazioni, tornerai ad Assuan in volo e verrai riaccompagnato al tuo hotel. Ci auguriamo che questo tour ti offra un&#8217;esperienza memorabile e arricchente delle antiche meraviglie dell&#8217;Egitto.<\/li>\n<\/ul>\n<h3>Partenza per Assuan<\/h3>\n<ul>\n<li>Infine, dopo un programma cos\u00ec eccellente ad Abu Simbel, andrai all&#8217;aeroporto del Cairo.<\/li>\n<li>Questo\u00a0\u00a0<strong>viaggio privato ad Abu Simbel da Assuan in aereo<\/strong>\u00a0\u00a0termina alle 23:00 circa.<\/li>\n<\/ul>\n<h2>Qual \u00e8 il prezzo del\u00a0\u00a0<em>viaggio privato ad Abu Simbel da Assuan in aereo<\/em>?<\/h2>\n<ul>\n<li>Volo da Assuan ad Abu Simbel e ritorno<\/li>\n<li>Prelievo dall&#8217;hotel\/crociera e rientro.<\/li>\n<li>Guida egittologa qualificata di lingua inglese<\/li>\n<li>Trasporto moderno con aria condizionata<\/li>\n<li>Acqua in bottiglia<\/li>\n<li>Tasse d&#8217;ingresso\/ingresso per le visite turistiche<\/li>\n<li>Su richiesta sono disponibili guide in altre lingue ed egittologiche<\/li>\n<\/ul>\n<h2>Cosa non include il viaggio individuale ad Abu Simbel in aereo per Assuan?<\/h2>\n<ul>\n<li>Programmi di escursioni aggiuntive se non incluse nel programma sopra indicato.<\/li>\n<li>Inoltre, bevande.<\/li>\n<\/ul>\n<h2>Oggetti da portare con te in viaggio<\/h2>\n<ul>\n<li>Scatola per la colazione.<\/li>\n<li>Inoltre, passaporto.<\/li>\n<\/ul>\n<h2>Volo e tour di Abu Simbel da Assuan Giorni di prenotazione<\/h2>\n<ul>\n<li>Gioved\u00ec dalle 05:00 alle 11:00.<\/li>\n<li>Inoltre, il venerd\u00ec \u00e8 dalle 05:00 alle 11:00.<\/li>\n<li>Si prega di verificare con noi l&#8217;orario del volo.<\/li>\n<\/ul>\n","protected":false},"excerpt":{"rendered":"<p>Intraprendere un viaggio ad Abu Simbel pu\u00f2 essere un po&#8217; scoraggiante, ma noi lo abbiamo reso facile per te. Puoi salire su un aereo ad Assuan al mattino e volare ad Abu Simbel, dove trascorrerai la mattinata ammirando le incredibili tombe scavate nella roccia sulla riva del lago Nasser. Successivamente, puoi tornare ad Assuan per goderti il \u200b\u200bpomeriggio.<\/p>\n<p>Una delle cose migliori di questo viaggio \u00e8 che sarai accompagnato da una guida egittologa esperta, che ti fornir\u00e0 un&#8217;attenzione privilegiata e personalizzata durante tutto il tour. Avrai l&#8217;opportunit\u00e0 di esplorare i due Templi, quello di Ramses II e Nefertari, e di vedere i magnifici colossi che custodiscono il Grande Tempio e i babbuini scolpiti in alto sulla parete rocciosa.<\/p>\n<p>Inoltre, trattandosi di un tour privato, puoi personalizzare il viaggio in base al tuo comfort e alla tua privacy. Verrai prelevato e lasciato dalla tua posizione ad Assuan e il tuo trasporto sar\u00e0 preso cura di noi. Avrai anche una guida turistica egittologa informativa per aiutarti a comprendere la ricca storia di Abu Simbel.<\/p>\n<p>Quindi, questa \u00e8 l&#8217;opzione perfetta se desideri un tour comodo, informativo e sicuro di Abu Simbel.<\/p>\n","protected":false},"featured_media":150184,"comment_status":"open","ping_status":"closed","template":"","meta":{"_coblocks_attr":"","_coblocks_dimensions":"","_coblocks_responsive_height":"","_coblocks_accordion_ie_support":"","_uag_custom_page_level_css":"","jetpack_publicize_message":"","jetpack_publicize_feature_enabled":true,"jetpack_social_post_already_shared":true,"jetpack_social_options":{"image_generator_settings":{"template":"highway","default_image_id":0,"font":"","enabled":false},"version":2},"_wpas_customize_per_network":false},"product_brand":[],"product_cat":[23455],"product_tag":[1644,9910],"class_list":{"0":"post-150182","1":"product","2":"type-product","3":"status-publish","4":"has-post-thumbnail","6":"product_cat-escursioni-assuan","7":"product_tag-escursione","8":"product_tag-visita-turistica","10":"first","11":"instock","12":"sale","13":"virtual","14":"taxable","15":"purchasable","16":"product-type-simple"},"yoast_head":"<!-- This site is optimized with the Yoast SEO Premium plugin v26.9 (Yoast SEO v27.4) - https:\/\/yoast.com\/product\/yoast-seo-premium-wordpress\/ -->\n<title>Gita di un giorno ad Abu Simbel da Assuan in volo<\/title>\n<meta name=\"description\" content=\"Gita di un giorno ad Abu Simbel da Assuan in volo Sei pronto per una fantastica avventura che ti riporter\u00e0 nell&#039;antico mondo dell&#039;Egitto? Preparati a vivere\" \/>\n<meta name=\"robots\" content=\"index, follow, max-snippet:-1, max-image-preview:large, max-video-preview:-1\" \/>\n<link rel=\"canonical\" href=\"https:\/\/landioustravel.com\/it\/shop\/gita-giorno-abu-simbel-assuan-volo\/\" \/>\n<meta property=\"og:locale\" content=\"it_IT\" \/>\n<meta property=\"og:type\" content=\"article\" \/>\n<meta property=\"og:title\" content=\"Gita di un giorno ad Abu Simbel da Assuan in volo\" \/>\n<meta property=\"og:description\" content=\"Landious Travel\" \/>\n<meta property=\"og:url\" content=\"https:\/\/landioustravel.com\/it\/shop\/gita-giorno-abu-simbel-assuan-volo\/\" \/>\n<meta property=\"og:site_name\" content=\"Landious Travel\" \/>\n<meta property=\"article:publisher\" content=\"https:\/\/web.facebook.com\/landiousEgypt\" \/>\n<meta property=\"article:modified_time\" content=\"2024-05-08T15:47:53+00:00\" \/>\n<meta property=\"og:image\" content=\"https:\/\/landioustravel.com\/wp-content\/uploads\/2024\/05\/Day-Trip-to-Abu-Simbel-from-Aswan-by-Flight-e1714641482553.jpg\" \/>\n\t<meta property=\"og:image:width\" content=\"1200\" \/>\n\t<meta property=\"og:image:height\" content=\"676\" \/>\n\t<meta property=\"og:image:type\" content=\"image\/jpeg\" \/>\n<meta name=\"twitter:card\" content=\"summary_large_image\" \/>\n<meta name=\"twitter:site\" content=\"@LandiousTours\" \/>\n<meta name=\"twitter:label1\" content=\"Tempo di lettura stimato\" \/>\n\t<meta name=\"twitter:data1\" content=\"4 minuti\" \/>\n<script type=\"application\/ld+json\" class=\"yoast-schema-graph\">{\"@context\":\"https:\\\/\\\/schema.org\",\"@graph\":[{\"@type\":\"WebPage\",\"@id\":\"https:\\\/\\\/landioustravel.com\\\/it\\\/shop\\\/gita-giorno-abu-simbel-assuan-volo\\\/\",\"url\":\"https:\\\/\\\/landioustravel.com\\\/it\\\/shop\\\/gita-giorno-abu-simbel-assuan-volo\\\/\",\"name\":\"Gita di un giorno ad Abu Simbel da Assuan in volo\",\"isPartOf\":{\"@id\":\"https:\\\/\\\/landioustravel.com\\\/it\\\/#website\"},\"primaryImageOfPage\":{\"@id\":\"https:\\\/\\\/landioustravel.com\\\/it\\\/shop\\\/gita-giorno-abu-simbel-assuan-volo\\\/#primaryimage\"},\"image\":{\"@id\":\"https:\\\/\\\/landioustravel.com\\\/it\\\/shop\\\/gita-giorno-abu-simbel-assuan-volo\\\/#primaryimage\"},\"thumbnailUrl\":\"https:\\\/\\\/i0.wp.com\\\/landioustravel.com\\\/wp-content\\\/uploads\\\/2024\\\/05\\\/Day-Trip-to-Abu-Simbel-from-Aswan-by-Flight-e1714641482553.jpg?fit=1200%2C676&ssl=1\",\"datePublished\":\"2024-05-02T09:19:30+00:00\",\"dateModified\":\"2024-05-08T15:47:53+00:00\",\"description\":\"Gita di un giorno ad Abu Simbel da Assuan in volo Sei pronto per una fantastica avventura che ti riporter\u00e0 nell'antico mondo dell'Egitto? Preparati a vivere\",\"breadcrumb\":{\"@id\":\"https:\\\/\\\/landioustravel.com\\\/it\\\/shop\\\/gita-giorno-abu-simbel-assuan-volo\\\/#breadcrumb\"},\"inLanguage\":\"it-IT\",\"potentialAction\":[{\"@type\":\"ReadAction\",\"target\":[\"https:\\\/\\\/landioustravel.com\\\/it\\\/shop\\\/gita-giorno-abu-simbel-assuan-volo\\\/\"]}]},{\"@type\":\"ImageObject\",\"inLanguage\":\"it-IT\",\"@id\":\"https:\\\/\\\/landioustravel.com\\\/it\\\/shop\\\/gita-giorno-abu-simbel-assuan-volo\\\/#primaryimage\",\"url\":\"https:\\\/\\\/i0.wp.com\\\/landioustravel.com\\\/wp-content\\\/uploads\\\/2024\\\/05\\\/Day-Trip-to-Abu-Simbel-from-Aswan-by-Flight-e1714641482553.jpg?fit=1200%2C676&ssl=1\",\"contentUrl\":\"https:\\\/\\\/i0.wp.com\\\/landioustravel.com\\\/wp-content\\\/uploads\\\/2024\\\/05\\\/Day-Trip-to-Abu-Simbel-from-Aswan-by-Flight-e1714641482553.jpg?fit=1200%2C676&ssl=1\",\"width\":1200,\"height\":676,\"caption\":\"Day Trip to Abu Simbel from Aswan by Flight\"},{\"@type\":\"BreadcrumbList\",\"@id\":\"https:\\\/\\\/landioustravel.com\\\/it\\\/shop\\\/gita-giorno-abu-simbel-assuan-volo\\\/#breadcrumb\",\"itemListElement\":[{\"@type\":\"ListItem\",\"position\":1,\"name\":\"Home\",\"item\":\"https:\\\/\\\/landioustravel.com\\\/it\\\/\"},{\"@type\":\"ListItem\",\"position\":2,\"name\":\"Tour in Egitto\",\"item\":\"https:\\\/\\\/landioustravel.com\\\/it\\\/\"},{\"@type\":\"ListItem\",\"position\":3,\"name\":\"Gita di un giorno ad Abu Simbel da Assuan in volo\"}]},{\"@type\":\"WebSite\",\"@id\":\"https:\\\/\\\/landioustravel.com\\\/it\\\/#website\",\"url\":\"https:\\\/\\\/landioustravel.com\\\/it\\\/\",\"name\":\"Landious Travel\",\"description\":\"Excursions, trips and cruises in Egypt\",\"publisher\":{\"@id\":\"https:\\\/\\\/landioustravel.com\\\/it\\\/#organization\"},\"potentialAction\":[{\"@type\":\"SearchAction\",\"target\":{\"@type\":\"EntryPoint\",\"urlTemplate\":\"https:\\\/\\\/landioustravel.com\\\/it\\\/?s={search_term_string}\"},\"query-input\":{\"@type\":\"PropertyValueSpecification\",\"valueRequired\":true,\"valueName\":\"search_term_string\"}}],\"inLanguage\":\"it-IT\"},{\"@type\":[\"Organization\",\"Place\"],\"@id\":\"https:\\\/\\\/landioustravel.com\\\/it\\\/#organization\",\"name\":\"Landious Travel\",\"alternateName\":\"Landious Travel\",\"url\":\"https:\\\/\\\/landioustravel.com\\\/it\\\/\",\"logo\":{\"@id\":\"https:\\\/\\\/landioustravel.com\\\/it\\\/shop\\\/gita-giorno-abu-simbel-assuan-volo\\\/#local-main-organization-logo\"},\"image\":{\"@id\":\"https:\\\/\\\/landioustravel.com\\\/it\\\/shop\\\/gita-giorno-abu-simbel-assuan-volo\\\/#local-main-organization-logo\"},\"sameAs\":[\"https:\\\/\\\/web.facebook.com\\\/landiousEgypt\",\"https:\\\/\\\/x.com\\\/LandiousTours\",\"https:\\\/\\\/mastodon.social\\\/@landious\"],\"legalName\":\"Landious Travel\",\"telephone\":[],\"openingHoursSpecification\":[{\"@type\":\"OpeningHoursSpecification\",\"dayOfWeek\":[\"Monday\",\"Tuesday\",\"Wednesday\",\"Thursday\",\"Friday\",\"Saturday\",\"Sunday\"],\"opens\":\"09:00\",\"closes\":\"17:00\"}]},{\"@type\":\"ImageObject\",\"inLanguage\":\"it-IT\",\"@id\":\"https:\\\/\\\/landioustravel.com\\\/it\\\/shop\\\/gita-giorno-abu-simbel-assuan-volo\\\/#local-main-organization-logo\",\"url\":\"https:\\\/\\\/i0.wp.com\\\/landioustravel.com\\\/wp-content\\\/uploads\\\/2021\\\/06\\\/Landious-T.png?fit=500%2C500&ssl=1\",\"contentUrl\":\"https:\\\/\\\/i0.wp.com\\\/landioustravel.com\\\/wp-content\\\/uploads\\\/2021\\\/06\\\/Landious-T.png?fit=500%2C500&ssl=1\",\"width\":500,\"height\":500,\"caption\":\"Landious Travel\"}]}<\/script>\n<!-- \/ Yoast SEO Premium plugin. -->","yoast_head_json":{"title":"Gita di un giorno ad Abu Simbel da Assuan in volo","description":"Gita di un giorno ad Abu Simbel da Assuan in volo Sei pronto per una fantastica avventura che ti riporter\u00e0 nell'antico mondo dell'Egitto? Preparati a vivere","robots":{"index":"index","follow":"follow","max-snippet":"max-snippet:-1","max-image-preview":"max-image-preview:large","max-video-preview":"max-video-preview:-1"},"canonical":"https:\/\/landioustravel.com\/it\/shop\/gita-giorno-abu-simbel-assuan-volo\/","og_locale":"it_IT","og_type":"article","og_title":"Gita di un giorno ad Abu Simbel da Assuan in volo","og_description":"Landious Travel","og_url":"https:\/\/landioustravel.com\/it\/shop\/gita-giorno-abu-simbel-assuan-volo\/","og_site_name":"Landious Travel","article_publisher":"https:\/\/web.facebook.com\/landiousEgypt","article_modified_time":"2024-05-08T15:47:53+00:00","og_image":[{"width":1200,"height":676,"url":"https:\/\/landioustravel.com\/wp-content\/uploads\/2024\/05\/Day-Trip-to-Abu-Simbel-from-Aswan-by-Flight-e1714641482553.jpg","type":"image\/jpeg"}],"twitter_card":"summary_large_image","twitter_site":"@LandiousTours","twitter_misc":{"Tempo di lettura stimato":"4 minuti"},"schema":{"@context":"https:\/\/schema.org","@graph":[{"@type":"WebPage","@id":"https:\/\/landioustravel.com\/it\/shop\/gita-giorno-abu-simbel-assuan-volo\/","url":"https:\/\/landioustravel.com\/it\/shop\/gita-giorno-abu-simbel-assuan-volo\/","name":"Gita di un giorno ad Abu Simbel da Assuan in volo","isPartOf":{"@id":"https:\/\/landioustravel.com\/it\/#website"},"primaryImageOfPage":{"@id":"https:\/\/landioustravel.com\/it\/shop\/gita-giorno-abu-simbel-assuan-volo\/#primaryimage"},"image":{"@id":"https:\/\/landioustravel.com\/it\/shop\/gita-giorno-abu-simbel-assuan-volo\/#primaryimage"},"thumbnailUrl":"https:\/\/i0.wp.com\/landioustravel.com\/wp-content\/uploads\/2024\/05\/Day-Trip-to-Abu-Simbel-from-Aswan-by-Flight-e1714641482553.jpg?fit=1200%2C676&ssl=1","datePublished":"2024-05-02T09:19:30+00:00","dateModified":"2024-05-08T15:47:53+00:00","description":"Gita di un giorno ad Abu Simbel da Assuan in volo Sei pronto per una fantastica avventura che ti riporter\u00e0 nell'antico mondo dell'Egitto? Preparati a vivere","breadcrumb":{"@id":"https:\/\/landioustravel.com\/it\/shop\/gita-giorno-abu-simbel-assuan-volo\/#breadcrumb"},"inLanguage":"it-IT","potentialAction":[{"@type":"ReadAction","target":["https:\/\/landioustravel.com\/it\/shop\/gita-giorno-abu-simbel-assuan-volo\/"]}]},{"@type":"ImageObject","inLanguage":"it-IT","@id":"https:\/\/landioustravel.com\/it\/shop\/gita-giorno-abu-simbel-assuan-volo\/#primaryimage","url":"https:\/\/i0.wp.com\/landioustravel.com\/wp-content\/uploads\/2024\/05\/Day-Trip-to-Abu-Simbel-from-Aswan-by-Flight-e1714641482553.jpg?fit=1200%2C676&ssl=1","contentUrl":"https:\/\/i0.wp.com\/landioustravel.com\/wp-content\/uploads\/2024\/05\/Day-Trip-to-Abu-Simbel-from-Aswan-by-Flight-e1714641482553.jpg?fit=1200%2C676&ssl=1","width":1200,"height":676,"caption":"Day Trip to Abu Simbel from Aswan by Flight"},{"@type":"BreadcrumbList","@id":"https:\/\/landioustravel.com\/it\/shop\/gita-giorno-abu-simbel-assuan-volo\/#breadcrumb","itemListElement":[{"@type":"ListItem","position":1,"name":"Home","item":"https:\/\/landioustravel.com\/it\/"},{"@type":"ListItem","position":2,"name":"Tour in Egitto","item":"https:\/\/landioustravel.com\/it\/"},{"@type":"ListItem","position":3,"name":"Gita di un giorno ad Abu Simbel da Assuan in volo"}]},{"@type":"WebSite","@id":"https:\/\/landioustravel.com\/it\/#website","url":"https:\/\/landioustravel.com\/it\/","name":"Landious Travel","description":"Excursions, trips and cruises in Egypt","publisher":{"@id":"https:\/\/landioustravel.com\/it\/#organization"},"potentialAction":[{"@type":"SearchAction","target":{"@type":"EntryPoint","urlTemplate":"https:\/\/landioustravel.com\/it\/?s={search_term_string}"},"query-input":{"@type":"PropertyValueSpecification","valueRequired":true,"valueName":"search_term_string"}}],"inLanguage":"it-IT"},{"@type":["Organization","Place"],"@id":"https:\/\/landioustravel.com\/it\/#organization","name":"Landious Travel","alternateName":"Landious Travel","url":"https:\/\/landioustravel.com\/it\/","logo":{"@id":"https:\/\/landioustravel.com\/it\/shop\/gita-giorno-abu-simbel-assuan-volo\/#local-main-organization-logo"},"image":{"@id":"https:\/\/landioustravel.com\/it\/shop\/gita-giorno-abu-simbel-assuan-volo\/#local-main-organization-logo"},"sameAs":["https:\/\/web.facebook.com\/landiousEgypt","https:\/\/x.com\/LandiousTours","https:\/\/mastodon.social\/@landious"],"legalName":"Landious Travel","telephone":[],"openingHoursSpecification":[{"@type":"OpeningHoursSpecification","dayOfWeek":["Monday","Tuesday","Wednesday","Thursday","Friday","Saturday","Sunday"],"opens":"09:00","closes":"17:00"}]},{"@type":"ImageObject","inLanguage":"it-IT","@id":"https:\/\/landioustravel.com\/it\/shop\/gita-giorno-abu-simbel-assuan-volo\/#local-main-organization-logo","url":"https:\/\/i0.wp.com\/landioustravel.com\/wp-content\/uploads\/2021\/06\/Landious-T.png?fit=500%2C500&ssl=1","contentUrl":"https:\/\/i0.wp.com\/landioustravel.com\/wp-content\/uploads\/2021\/06\/Landious-T.png?fit=500%2C500&ssl=1","width":500,"height":500,"caption":"Landious Travel"}]}},"jetpack_publicize_connections":[],"uagb_featured_image_src":{"full":["https:\/\/i0.wp.com\/landioustravel.com\/wp-content\/uploads\/2024\/05\/Day-Trip-to-Abu-Simbel-from-Aswan-by-Flight-e1714641482553.jpg?fit=1200%2C676&ssl=1",1200,676,false],"thumbnail":["https:\/\/i0.wp.com\/landioustravel.com\/wp-content\/uploads\/2024\/05\/Day-Trip-to-Abu-Simbel-from-Aswan-by-Flight-e1714641482553.jpg?resize=150%2C150&ssl=1",150,150,true],"medium":["https:\/\/i0.wp.com\/landioustravel.com\/wp-content\/uploads\/2024\/05\/Day-Trip-to-Abu-Simbel-from-Aswan-by-Flight-e1714641482553.jpg?fit=300%2C169&ssl=1",300,169,true],"medium_large":["https:\/\/i0.wp.com\/landioustravel.com\/wp-content\/uploads\/2024\/05\/Day-Trip-to-Abu-Simbel-from-Aswan-by-Flight-e1714641482553.jpg?fit=768%2C432&ssl=1",768,432,true],"large":["https:\/\/i0.wp.com\/landioustravel.com\/wp-content\/uploads\/2024\/05\/Day-Trip-to-Abu-Simbel-from-Aswan-by-Flight-e1714641482553.jpg?fit=980%2C552&ssl=1",980,552,true],"1536x1536":["https:\/\/i0.wp.com\/landioustravel.com\/wp-content\/uploads\/2024\/05\/Day-Trip-to-Abu-Simbel-from-Aswan-by-Flight-e1714641482553.jpg?fit=1200%2C676&ssl=1",1200,676,true],"2048x2048":["https:\/\/i0.wp.com\/landioustravel.com\/wp-content\/uploads\/2024\/05\/Day-Trip-to-Abu-Simbel-from-Aswan-by-Flight-e1714641482553.jpg?fit=1200%2C676&ssl=1",1200,676,true],"newspack-article-block-landscape-large":["https:\/\/i0.wp.com\/landioustravel.com\/wp-content\/uploads\/2024\/05\/Day-Trip-to-Abu-Simbel-from-Aswan-by-Flight-e1714641482553.jpg?resize=1200%2C676&ssl=1",1200,732,true],"newspack-article-block-portrait-large":["https:\/\/i0.wp.com\/landioustravel.com\/wp-content\/uploads\/2024\/05\/Day-Trip-to-Abu-Simbel-from-Aswan-by-Flight-e1714641482553.jpg?resize=900%2C676&ssl=1",900,732,true],"newspack-article-block-square-large":["https:\/\/i0.wp.com\/landioustravel.com\/wp-content\/uploads\/2024\/05\/Day-Trip-to-Abu-Simbel-from-Aswan-by-Flight-e1714641482553.jpg?resize=1200%2C676&ssl=1",1200,732,true],"newspack-article-block-landscape-medium":["https:\/\/i0.wp.com\/landioustravel.com\/wp-content\/uploads\/2024\/05\/Day-Trip-to-Abu-Simbel-from-Aswan-by-Flight-e1714641482553.jpg?resize=800%2C600&ssl=1",800,600,true],"newspack-article-block-portrait-medium":["https:\/\/i0.wp.com\/landioustravel.com\/wp-content\/uploads\/2024\/05\/Day-Trip-to-Abu-Simbel-from-Aswan-by-Flight-e1714641482553.jpg?resize=600%2C676&ssl=1",600,732,true],"newspack-article-block-square-medium":["https:\/\/i0.wp.com\/landioustravel.com\/wp-content\/uploads\/2024\/05\/Day-Trip-to-Abu-Simbel-from-Aswan-by-Flight-e1714641482553.jpg?resize=800%2C676&ssl=1",800,732,true],"newspack-article-block-landscape-intermediate":["https:\/\/i0.wp.com\/landioustravel.com\/wp-content\/uploads\/2024\/05\/Day-Trip-to-Abu-Simbel-from-Aswan-by-Flight-e1714641482553.jpg?resize=600%2C450&ssl=1",600,450,true],"newspack-article-block-portrait-intermediate":["https:\/\/i0.wp.com\/landioustravel.com\/wp-content\/uploads\/2024\/05\/Day-Trip-to-Abu-Simbel-from-Aswan-by-Flight-e1714641482553.jpg?resize=450%2C600&ssl=1",450,600,true],"newspack-article-block-square-intermediate":["https:\/\/i0.wp.com\/landioustravel.com\/wp-content\/uploads\/2024\/05\/Day-Trip-to-Abu-Simbel-from-Aswan-by-Flight-e1714641482553.jpg?resize=600%2C600&ssl=1",600,600,true],"newspack-article-block-landscape-small":["https:\/\/i0.wp.com\/landioustravel.com\/wp-content\/uploads\/2024\/05\/Day-Trip-to-Abu-Simbel-from-Aswan-by-Flight-e1714641482553.jpg?resize=400%2C300&ssl=1",400,300,true],"newspack-article-block-portrait-small":["https:\/\/i0.wp.com\/landioustravel.com\/wp-content\/uploads\/2024\/05\/Day-Trip-to-Abu-Simbel-from-Aswan-by-Flight-e1714641482553.jpg?resize=300%2C400&ssl=1",300,400,true],"newspack-article-block-square-small":["https:\/\/i0.wp.com\/landioustravel.com\/wp-content\/uploads\/2024\/05\/Day-Trip-to-Abu-Simbel-from-Aswan-by-Flight-e1714641482553.jpg?resize=400%2C400&ssl=1",400,400,true],"newspack-article-block-landscape-tiny":["https:\/\/i0.wp.com\/landioustravel.com\/wp-content\/uploads\/2024\/05\/Day-Trip-to-Abu-Simbel-from-Aswan-by-Flight-e1714641482553.jpg?resize=200%2C150&ssl=1",200,150,true],"newspack-article-block-portrait-tiny":["https:\/\/i0.wp.com\/landioustravel.com\/wp-content\/uploads\/2024\/05\/Day-Trip-to-Abu-Simbel-from-Aswan-by-Flight-e1714641482553.jpg?resize=150%2C200&ssl=1",150,200,true],"newspack-article-block-square-tiny":["https:\/\/i0.wp.com\/landioustravel.com\/wp-content\/uploads\/2024\/05\/Day-Trip-to-Abu-Simbel-from-Aswan-by-Flight-e1714641482553.jpg?resize=200%2C200&ssl=1",200,200,true],"newspack-article-block-uncropped":["https:\/\/i0.wp.com\/landioustravel.com\/wp-content\/uploads\/2024\/05\/Day-Trip-to-Abu-Simbel-from-Aswan-by-Flight-e1714641482553.jpg?fit=1200%2C676&ssl=1",1200,676,true],"woocommerce_thumbnail":["https:\/\/i0.wp.com\/landioustravel.com\/wp-content\/uploads\/2024\/05\/Day-Trip-to-Abu-Simbel-from-Aswan-by-Flight-e1714641482553.jpg?resize=324%2C324&ssl=1",324,324,true],"woocommerce_single":["https:\/\/i0.wp.com\/landioustravel.com\/wp-content\/uploads\/2024\/05\/Day-Trip-to-Abu-Simbel-from-Aswan-by-Flight-e1714641482553.jpg?fit=416%2C234&ssl=1",416,234,true],"woocommerce_gallery_thumbnail":["https:\/\/i0.wp.com\/landioustravel.com\/wp-content\/uploads\/2024\/05\/Day-Trip-to-Abu-Simbel-from-Aswan-by-Flight-e1714641482553.jpg?resize=100%2C100&ssl=1",100,100,true]},"uagb_author_info":{"display_name":"Mofreh Landious","author_link":"https:\/\/landioustravel.com\/it\/author\/"},"uagb_comment_info":0,"uagb_excerpt":"Intraprendere un viaggio ad Abu Simbel pu\u00f2 essere un po' scoraggiante, ma noi lo abbiamo reso facile per te. Puoi salire su un aereo ad Assuan al mattino e volare ad Abu Simbel, dove trascorrerai la mattinata ammirando le incredibili tombe scavate nella roccia sulla riva del lago Nasser. Successivamente, puoi tornare ad Assuan per&hellip;","jetpack_sharing_enabled":true,"jetpack_likes_enabled":true,"amp_enabled":true,"_links":{"self":[{"href":"https:\/\/landioustravel.com\/it\/wp-json\/wp\/v2\/product\/150182","targetHints":{"allow":["GET"]}}],"collection":[{"href":"https:\/\/landioustravel.com\/it\/wp-json\/wp\/v2\/product"}],"about":[{"href":"https:\/\/landioustravel.com\/it\/wp-json\/wp\/v2\/types\/product"}],"replies":[{"embeddable":true,"href":"https:\/\/landioustravel.com\/it\/wp-json\/wp\/v2\/comments?post=150182"}],"wp:featuredmedia":[{"embeddable":true,"href":"https:\/\/landioustravel.com\/it\/wp-json\/wp\/v2\/media\/150184"}],"wp:attachment":[{"href":"https:\/\/landioustravel.com\/it\/wp-json\/wp\/v2\/media?parent=150182"}],"wp:term":[{"taxonomy":"product_brand","embeddable":true,"href":"https:\/\/landioustravel.com\/it\/wp-json\/wp\/v2\/product_brand?post=150182"},{"taxonomy":"product_cat","embeddable":true,"href":"https:\/\/landioustravel.com\/it\/wp-json\/wp\/v2\/product_cat?post=150182"},{"taxonomy":"product_tag","embeddable":true,"href":"https:\/\/landioustravel.com\/it\/wp-json\/wp\/v2\/product_tag?post=150182"}],"curies":[{"name":"wp","href":"https:\/\/api.w.org\/{rel}","templated":true}]}}