{"id":150424,"date":"2023-08-25T07:14:01","date_gmt":"2023-08-25T05:14:01","guid":{"rendered":"https:\/\/landioustravel.com\/?post_type=product&#038;p=150424"},"modified":"2024-05-17T04:16:45","modified_gmt":"2024-05-17T01:16:45","slug":"tour-immersioni-subacquee-sahl-hasheesh","status":"publish","type":"product","link":"https:\/\/landioustravel.com\/it\/shop\/tour-immersioni-subacquee-sahl-hasheesh\/","title":{"rendered":"Tour di immersioni subacquee da Sahl Hasheesh"},"content":{"rendered":"<p>Tour di immersioni subacquee da Sahl Hasheesh \u00e8 un viaggio subacqueo a Sahl Hasheesh per immersioni subacquee nel Mar Rosso, in Egitto! Consigliamo il viaggio perch\u00e9 permette ai turisti di divertirsi facendo immersioni in mare e facendo snorkeling sulle colorate barriere coralline. Infatti, questa esperienza permette di immergersi per osservare pi\u00f9 da vicino le bellissime barriere coralline e i vari pesci. Inoltre, garantisce il godimento dei picnic in barca attraverso il Mar Rosso.<\/p>\n<p>Molto probabilmente faremo le immersioni vicino a\u00a0Giftun \u2013 una delle isole del Mar Rosso! Tutto questo avviene sott&#8217;acqua in uno degli spot pi\u00f9 famosi al mondo. Per goderti questo viaggio, non hai bisogno di certificazione o formazione precedente. Gli amanti delle immersioni non dovrebbero perdersi questa adorabile avventura, una delle migliori gite in mare a Sahl Hasheesh!<\/p>\n<h2>Punti salienti dell&#8217;escursione subacquea da Sahl Hasheesh<\/h2>\n<ul>\n<li><strong>Picnic in mare sul Mar Rosso.<\/strong><\/li>\n<li><strong>Immergiti due volte sott&#8217;acqua.<\/strong><\/li>\n<li><strong>Fai snorkeling in mare aperto dalla barca.<\/strong><\/li>\n<li>Inoltre, <strong>il pranzo \u00e8 a bordo.<\/strong><\/li>\n<\/ul>\n<h2>Itinerario del tour di immersioni subacquee da Sahl Hasheesh<\/h2>\n<ul>\n<li>Per prima cosa, il rappresentante\u00a0\u00a0di Landious Travel\u00a0verr\u00e0 a prendervi all&#8217;hotel a Sahl Hasheesh intorno alle 08:00<\/li>\n<li>In secondo luogo, l&#8217;autobus si diriger\u00e0 al porto dopo aver caricato tutti i passeggeri. Il viaggio verso questo porto dura circa 30 minuti.<\/li>\n<li>Troverai la tua barca in quel porto. \u00c8 grande ed elegante su due piani. Appena saliti sulla nave sar\u00e0 necessario togliersi le calzature. Quindi, puoi salire liberamente al secondo piano per abbronzarti sulla terrazza solarium superiore.<\/li>\n<\/ul>\n<h3>Picnic sul mare<\/h3>\n<ul>\n<li>La barca prosegue attraverso il Mar Rosso non appena il gruppo si riunisce. Sarai sulla buona strada per vivere due incredibili immersioni nel Mar Rosso.<\/li>\n<\/ul>\n<h3>Istruzioni e prima immersione<\/h3>\n<ul>\n<li>Nella bellissima zona marina della barriera corallina, ti fermerai in mare aperto. L\u00ec potrai fare immersioni subacquee. Prima di iniziare questa attivit\u00e0, i nostri istruttori e subacquei ti informeranno e ti accompagneranno individualmente sott&#8217;acqua. Durante il viaggio farai due soste per le immersioni, dove vedrai fantastiche barriere coralline abitate da pesci colorati. Ti godrai cos\u00ec tanto la tua prima immersione! Questa immersione durer\u00e0 circa 15 minuti sott&#8217;acqua. Ti divertirai guardando le barriere coralline e gli innumerevoli pesci colorati che si scatenano proprio davanti ai tuoi occhi.<\/li>\n<\/ul>\n<h3>Pranzo a bordo<\/h3>\n<ul>\n<li>Dopo questa immersione, il gruppo si riunir\u00e0 al primo piano della barca per il pranzo. Il buffet sar\u00e0 aperto durante l&#8217;ora di pranzo.<\/li>\n<\/ul>\n<h3>Seconda immersione<\/h3>\n<ul>\n<li>Naturalmente avrai tempo per immergerti in un altro punto del mare: la barca salpa verso un altro sito di immersione.<\/li>\n<li>Una volta terminata l&#8217;interazione, viene avviato un briefing con immagini e DVD. Prima dell&#8217;inizio del viaggio subacqueo, il fotografo ti offrir\u00e0 di scattare alcune foto e un video di te stesso. Naturalmente, sar\u00e0 un&#8217;ottima occasione per memorizzare questi bei momenti. Tuttavia, ti offrir\u00e0 queste foto entro la fine del viaggio a un costo aggiuntivo. Il suo prezzo varia a seconda delle sue dimensioni. Sar\u00e0 qualcosa di facoltativo da avere. Il briefing in DVD durer\u00e0 10 minuti.<\/li>\n<\/ul>\n<h3>Ritorno a casa<\/h3>\n<ul>\n<li>Infine, quando la barca arriver\u00e0 al porto, ti accompagneremo al tuo hotel.<\/li>\n<li>Le\u00a0\u00a0<strong>escursioni subacquee a Sahl Hasheesh terminano<\/strong>\u00a0\u00a0alle 16:30 circa.<\/li>\n<\/ul>\n<h2>Cosa include il prezzo dell&#8217;escursione subacquea Sahl Hasheesh?<\/h2>\n<ul>\n<li>Attrezzatura subacquea.<\/li>\n<li>Attrezzatura per lo snorkeling.<\/li>\n<li>Cibo e bevande.<\/li>\n<li>Inoltre, trasferimento al porto e ritorno in hotel.<\/li>\n<\/ul>\n<h2>Cosa non include il programma delle escursioni subacquee a Hurghada?<\/h2>\n<ul>\n<li><strong>Biglietto d&#8217;ingresso (5 USD a persona)<\/strong><\/li>\n<li>DVD video.<\/li>\n<li>Inoltre, il CD fotografico.<\/li>\n<\/ul>\n<h2>Oggetti da portare con te per la gita di un giorno per le immersioni<\/h2>\n<ul>\n<li>Asciugamano.<\/li>\n<li>Inoltre, protezione solare.<\/li>\n<\/ul>\n<h2>Giorni di prenotazione dell&#8217;escursione subacquea Sahl Hasheesh<\/h2>\n<ul>\n<li>Tutti i giorni dalle 08:00 alle 17:00.<\/li>\n<\/ul>\n<h2>Servizi presentati durante l&#8217;escursione subacquea Sahl Hasheesh<\/h2>\n<ul>\n<li><strong>Trasporti<\/strong>\u00a0: Landious Travel utilizza una limousine\/minibus con aria condizionata per fornirti assistenza. Un autista professionista ti accompagner\u00e0 al porto e al tuo hotel.<\/li>\n<li><strong>Guida<\/strong>\u00a0: un tour leader inglese professionista verr\u00e0 a prendervi dai vostri hotel e vi accompagner\u00e0 al porto.<\/li>\n<li><strong>Servizi in barca<\/strong>: Le nostre barche sono nuove a tre piani. Hanno una sala da pranzo, un distributore d&#8217;acqua, una cucina e due bagni. Al primo piano forniamo giubbotti di salvataggio, attrezzatura per lo snorkeling e le immersioni. Nel frattempo, il pavimento del ponte sole \u00e8 dotato di comodi lettini e di una tenda.<\/li>\n<li><strong>Squadra e personale: l&#8217;equipaggio della barca \u00e8 cordiale e professionale<\/strong>\u00a0. I nostri istruttori e formatori ti guideranno durante il viaggio.<\/li>\n<li><strong>Sicurezza<\/strong>: miriamo a fornire le migliori immersioni subacquee a Hurghada fornendo un eccellente servizio clienti e rispettando gli standard di sicurezza internazionali. La sicurezza viene prima di tutto perch\u00e9 siamo molto orgogliosi di ci\u00f2 che facciamo e amiamo prenderci cura dei nostri clienti. Il divertimento segue da vicino la sicurezza, che per noi \u00e8 fondamentale.<\/li>\n<li><strong>Cibo<\/strong>: Offriamo un delizioso pranzo a bordo con un buffet libero.<\/li>\n<\/ul>\n","protected":false},"excerpt":{"rendered":"<p>Stai cercando di esplorare l&#8217;incredibile mondo sottomarino del Mar Rosso? Le immersioni subacquee e lo snorkeling a Sahl Hasheesh sono esperienze indimenticabili che ti permettono di avvicinarti e conoscere la vita marina. Se non hai mai provato ad immergerti prima, non preoccuparti: offriamo un corso introduttivo alle immersioni subacquee che ti permetter\u00e0 di scoprire per la prima volta la bellezza unica del Mar Rosso.<\/p>\n<p>Durante il corso, un istruttore subacqueo certificato ti fornir\u00e0 istruzioni dettagliate e sar\u00e0 al tuo fianco in ogni fase del percorso. La tua sicurezza e il tuo comfort sono le nostre massime priorit\u00e0 e ci assicureremo che tu ti senta pienamente preparato prima della tua prima immersione.<\/p>\n<p>Oltre a due immersioni subacquee, avrai anche la possibilit\u00e0 di fare snorkeling e apprezzare la bellezza del Mar Rosso. Forniremo anche il pranzo a bordo della nave!<\/p>\n<p>Dopo un&#8217;emozionante giornata trascorsa esplorando il mondo sottomarino, ti riporteremo al tuo hotel a Sahl Hasheesh. Comprendiamo che questa potrebbe essere la prima volta che ti immergi e ci impegniamo a garantire che tu ti senta a tuo agio e sicuro durante tutta l&#8217;esperienza. Lascia che ti aiutiamo a scoprire la magia del Mar Rosso attraverso le immersioni subacquee e lo snorkeling.<\/p>\n","protected":false},"featured_media":150425,"comment_status":"open","ping_status":"closed","template":"","meta":{"_coblocks_attr":"","_coblocks_dimensions":"","_coblocks_responsive_height":"","_coblocks_accordion_ie_support":"","_uag_custom_page_level_css":"","jetpack_post_was_ever_published":false,"jetpack_publicize_message":"","jetpack_publicize_feature_enabled":true,"jetpack_social_post_already_shared":true,"jetpack_social_options":{"image_generator_settings":{"template":"highway","default_image_id":0,"font":"","enabled":false},"version":2},"_wpas_customize_per_network":false},"product_brand":[],"product_cat":[16905,23524],"product_tag":[1644,1661,1667,22564,1682],"class_list":{"0":"post-150424","1":"product","2":"type-product","3":"status-publish","4":"has-post-thumbnail","6":"product_cat-escursioni-safaga","7":"product_cat-escursioni-sahl-hasheesh","8":"product_tag-escursione","9":"product_tag-hurghada-it","10":"product_tag-subacquea","11":"product_tag-mare","12":"product_tag-viaggi-marittimi","14":"first","15":"instock","16":"sale","17":"virtual","18":"taxable","19":"purchasable","20":"product-type-simple"},"yoast_head":"<!-- This site is optimized with the Yoast SEO Premium plugin v26.9 (Yoast SEO v27.3) - https:\/\/yoast.com\/product\/yoast-seo-premium-wordpress\/ -->\n<title>Tour di immersioni subacquee da Sahl Hasheesh<\/title>\n<meta name=\"description\" content=\"Tour di immersioni subacquee da Sahl Hasheesh Stai cercando di esplorare l&#039;incredibile mondo sottomarino del Mar Rosso? Le immersioni subacquee e lo\" \/>\n<meta name=\"robots\" content=\"index, follow, max-snippet:-1, max-image-preview:large, max-video-preview:-1\" \/>\n<link rel=\"canonical\" href=\"https:\/\/landioustravel.com\/it\/shop\/tour-immersioni-subacquee-sahl-hasheesh\/\" \/>\n<meta property=\"og:locale\" content=\"it_IT\" \/>\n<meta property=\"og:type\" content=\"article\" \/>\n<meta property=\"og:title\" content=\"Tour di immersioni subacquee da Sahl Hasheesh\" \/>\n<meta property=\"og:description\" content=\"Landious Travel\" \/>\n<meta property=\"og:url\" content=\"https:\/\/landioustravel.com\/it\/shop\/tour-immersioni-subacquee-sahl-hasheesh\/\" \/>\n<meta property=\"og:site_name\" content=\"Landious Travel\" \/>\n<meta property=\"article:publisher\" content=\"https:\/\/web.facebook.com\/landiousEgypt\" \/>\n<meta property=\"article:modified_time\" content=\"2024-05-17T01:16:45+00:00\" \/>\n<meta property=\"og:image\" content=\"https:\/\/landioustravel.com\/wp-content\/uploads\/2023\/08\/Scuba-Diving-Tour-from-Sahl-Hasheesh.jpg\" \/>\n\t<meta property=\"og:image:width\" content=\"1200\" \/>\n\t<meta property=\"og:image:height\" content=\"640\" \/>\n\t<meta property=\"og:image:type\" content=\"image\/jpeg\" \/>\n<meta name=\"twitter:card\" content=\"summary_large_image\" \/>\n<meta name=\"twitter:site\" content=\"@LandiousTours\" \/>\n<meta name=\"twitter:label1\" content=\"Tempo di lettura stimato\" \/>\n\t<meta name=\"twitter:data1\" content=\"4 minuti\" \/>\n<script type=\"application\/ld+json\" class=\"yoast-schema-graph\">{\"@context\":\"https:\\\/\\\/schema.org\",\"@graph\":[{\"@type\":\"WebPage\",\"@id\":\"https:\\\/\\\/landioustravel.com\\\/it\\\/shop\\\/tour-immersioni-subacquee-sahl-hasheesh\\\/\",\"url\":\"https:\\\/\\\/landioustravel.com\\\/it\\\/shop\\\/tour-immersioni-subacquee-sahl-hasheesh\\\/\",\"name\":\"Tour di immersioni subacquee da Sahl Hasheesh\",\"isPartOf\":{\"@id\":\"https:\\\/\\\/landioustravel.com\\\/it\\\/#website\"},\"primaryImageOfPage\":{\"@id\":\"https:\\\/\\\/landioustravel.com\\\/it\\\/shop\\\/tour-immersioni-subacquee-sahl-hasheesh\\\/#primaryimage\"},\"image\":{\"@id\":\"https:\\\/\\\/landioustravel.com\\\/it\\\/shop\\\/tour-immersioni-subacquee-sahl-hasheesh\\\/#primaryimage\"},\"thumbnailUrl\":\"https:\\\/\\\/i0.wp.com\\\/landioustravel.com\\\/wp-content\\\/uploads\\\/2023\\\/08\\\/Scuba-Diving-Tour-from-Sahl-Hasheesh.jpg?fit=1200%2C640&ssl=1\",\"datePublished\":\"2023-08-25T05:14:01+00:00\",\"dateModified\":\"2024-05-17T01:16:45+00:00\",\"description\":\"Tour di immersioni subacquee da Sahl Hasheesh Stai cercando di esplorare l'incredibile mondo sottomarino del Mar Rosso? Le immersioni subacquee e lo\",\"breadcrumb\":{\"@id\":\"https:\\\/\\\/landioustravel.com\\\/it\\\/shop\\\/tour-immersioni-subacquee-sahl-hasheesh\\\/#breadcrumb\"},\"inLanguage\":\"it-IT\",\"potentialAction\":[{\"@type\":\"ReadAction\",\"target\":[\"https:\\\/\\\/landioustravel.com\\\/it\\\/shop\\\/tour-immersioni-subacquee-sahl-hasheesh\\\/\"]}]},{\"@type\":\"ImageObject\",\"inLanguage\":\"it-IT\",\"@id\":\"https:\\\/\\\/landioustravel.com\\\/it\\\/shop\\\/tour-immersioni-subacquee-sahl-hasheesh\\\/#primaryimage\",\"url\":\"https:\\\/\\\/i0.wp.com\\\/landioustravel.com\\\/wp-content\\\/uploads\\\/2023\\\/08\\\/Scuba-Diving-Tour-from-Sahl-Hasheesh.jpg?fit=1200%2C640&ssl=1\",\"contentUrl\":\"https:\\\/\\\/i0.wp.com\\\/landioustravel.com\\\/wp-content\\\/uploads\\\/2023\\\/08\\\/Scuba-Diving-Tour-from-Sahl-Hasheesh.jpg?fit=1200%2C640&ssl=1\",\"width\":1200,\"height\":640,\"caption\":\"Scuba Diving Tour from Sahl Hasheesh\"},{\"@type\":\"BreadcrumbList\",\"@id\":\"https:\\\/\\\/landioustravel.com\\\/it\\\/shop\\\/tour-immersioni-subacquee-sahl-hasheesh\\\/#breadcrumb\",\"itemListElement\":[{\"@type\":\"ListItem\",\"position\":1,\"name\":\"Home\",\"item\":\"https:\\\/\\\/landioustravel.com\\\/it\\\/\"},{\"@type\":\"ListItem\",\"position\":2,\"name\":\"Tour in Egitto\",\"item\":\"https:\\\/\\\/landioustravel.com\\\/it\\\/\"},{\"@type\":\"ListItem\",\"position\":3,\"name\":\"Tour di immersioni subacquee da Sahl Hasheesh\"}]},{\"@type\":\"WebSite\",\"@id\":\"https:\\\/\\\/landioustravel.com\\\/it\\\/#website\",\"url\":\"https:\\\/\\\/landioustravel.com\\\/it\\\/\",\"name\":\"Landious Travel\",\"description\":\"Excursions, trips and cruises in Egypt\",\"publisher\":{\"@id\":\"https:\\\/\\\/landioustravel.com\\\/it\\\/#organization\"},\"potentialAction\":[{\"@type\":\"SearchAction\",\"target\":{\"@type\":\"EntryPoint\",\"urlTemplate\":\"https:\\\/\\\/landioustravel.com\\\/it\\\/?s={search_term_string}\"},\"query-input\":{\"@type\":\"PropertyValueSpecification\",\"valueRequired\":true,\"valueName\":\"search_term_string\"}}],\"inLanguage\":\"it-IT\"},{\"@type\":[\"Organization\",\"Place\"],\"@id\":\"https:\\\/\\\/landioustravel.com\\\/it\\\/#organization\",\"name\":\"Landious Travel\",\"alternateName\":\"Landious Travel\",\"url\":\"https:\\\/\\\/landioustravel.com\\\/it\\\/\",\"logo\":{\"@id\":\"https:\\\/\\\/landioustravel.com\\\/it\\\/shop\\\/tour-immersioni-subacquee-sahl-hasheesh\\\/#local-main-organization-logo\"},\"image\":{\"@id\":\"https:\\\/\\\/landioustravel.com\\\/it\\\/shop\\\/tour-immersioni-subacquee-sahl-hasheesh\\\/#local-main-organization-logo\"},\"sameAs\":[\"https:\\\/\\\/web.facebook.com\\\/landiousEgypt\",\"https:\\\/\\\/x.com\\\/LandiousTours\",\"https:\\\/\\\/mastodon.social\\\/@landious\"],\"legalName\":\"Landious Travel\",\"telephone\":[],\"openingHoursSpecification\":[{\"@type\":\"OpeningHoursSpecification\",\"dayOfWeek\":[\"Monday\",\"Tuesday\",\"Wednesday\",\"Thursday\",\"Friday\",\"Saturday\",\"Sunday\"],\"opens\":\"09:00\",\"closes\":\"17:00\"}]},{\"@type\":\"ImageObject\",\"inLanguage\":\"it-IT\",\"@id\":\"https:\\\/\\\/landioustravel.com\\\/it\\\/shop\\\/tour-immersioni-subacquee-sahl-hasheesh\\\/#local-main-organization-logo\",\"url\":\"https:\\\/\\\/i0.wp.com\\\/landioustravel.com\\\/wp-content\\\/uploads\\\/2021\\\/06\\\/Landious-T.png?fit=500%2C500&ssl=1\",\"contentUrl\":\"https:\\\/\\\/i0.wp.com\\\/landioustravel.com\\\/wp-content\\\/uploads\\\/2021\\\/06\\\/Landious-T.png?fit=500%2C500&ssl=1\",\"width\":500,\"height\":500,\"caption\":\"Landious Travel\"}]}<\/script>\n<!-- \/ Yoast SEO Premium plugin. -->","yoast_head_json":{"title":"Tour di immersioni subacquee da Sahl Hasheesh","description":"Tour di immersioni subacquee da Sahl Hasheesh Stai cercando di esplorare l'incredibile mondo sottomarino del Mar Rosso? Le immersioni subacquee e lo","robots":{"index":"index","follow":"follow","max-snippet":"max-snippet:-1","max-image-preview":"max-image-preview:large","max-video-preview":"max-video-preview:-1"},"canonical":"https:\/\/landioustravel.com\/it\/shop\/tour-immersioni-subacquee-sahl-hasheesh\/","og_locale":"it_IT","og_type":"article","og_title":"Tour di immersioni subacquee da Sahl Hasheesh","og_description":"Landious Travel","og_url":"https:\/\/landioustravel.com\/it\/shop\/tour-immersioni-subacquee-sahl-hasheesh\/","og_site_name":"Landious Travel","article_publisher":"https:\/\/web.facebook.com\/landiousEgypt","article_modified_time":"2024-05-17T01:16:45+00:00","og_image":[{"width":1200,"height":640,"url":"https:\/\/landioustravel.com\/wp-content\/uploads\/2023\/08\/Scuba-Diving-Tour-from-Sahl-Hasheesh.jpg","type":"image\/jpeg"}],"twitter_card":"summary_large_image","twitter_site":"@LandiousTours","twitter_misc":{"Tempo di lettura stimato":"4 minuti"},"schema":{"@context":"https:\/\/schema.org","@graph":[{"@type":"WebPage","@id":"https:\/\/landioustravel.com\/it\/shop\/tour-immersioni-subacquee-sahl-hasheesh\/","url":"https:\/\/landioustravel.com\/it\/shop\/tour-immersioni-subacquee-sahl-hasheesh\/","name":"Tour di immersioni subacquee da Sahl Hasheesh","isPartOf":{"@id":"https:\/\/landioustravel.com\/it\/#website"},"primaryImageOfPage":{"@id":"https:\/\/landioustravel.com\/it\/shop\/tour-immersioni-subacquee-sahl-hasheesh\/#primaryimage"},"image":{"@id":"https:\/\/landioustravel.com\/it\/shop\/tour-immersioni-subacquee-sahl-hasheesh\/#primaryimage"},"thumbnailUrl":"https:\/\/i0.wp.com\/landioustravel.com\/wp-content\/uploads\/2023\/08\/Scuba-Diving-Tour-from-Sahl-Hasheesh.jpg?fit=1200%2C640&ssl=1","datePublished":"2023-08-25T05:14:01+00:00","dateModified":"2024-05-17T01:16:45+00:00","description":"Tour di immersioni subacquee da Sahl Hasheesh Stai cercando di esplorare l'incredibile mondo sottomarino del Mar Rosso? Le immersioni subacquee e lo","breadcrumb":{"@id":"https:\/\/landioustravel.com\/it\/shop\/tour-immersioni-subacquee-sahl-hasheesh\/#breadcrumb"},"inLanguage":"it-IT","potentialAction":[{"@type":"ReadAction","target":["https:\/\/landioustravel.com\/it\/shop\/tour-immersioni-subacquee-sahl-hasheesh\/"]}]},{"@type":"ImageObject","inLanguage":"it-IT","@id":"https:\/\/landioustravel.com\/it\/shop\/tour-immersioni-subacquee-sahl-hasheesh\/#primaryimage","url":"https:\/\/i0.wp.com\/landioustravel.com\/wp-content\/uploads\/2023\/08\/Scuba-Diving-Tour-from-Sahl-Hasheesh.jpg?fit=1200%2C640&ssl=1","contentUrl":"https:\/\/i0.wp.com\/landioustravel.com\/wp-content\/uploads\/2023\/08\/Scuba-Diving-Tour-from-Sahl-Hasheesh.jpg?fit=1200%2C640&ssl=1","width":1200,"height":640,"caption":"Scuba Diving Tour from Sahl Hasheesh"},{"@type":"BreadcrumbList","@id":"https:\/\/landioustravel.com\/it\/shop\/tour-immersioni-subacquee-sahl-hasheesh\/#breadcrumb","itemListElement":[{"@type":"ListItem","position":1,"name":"Home","item":"https:\/\/landioustravel.com\/it\/"},{"@type":"ListItem","position":2,"name":"Tour in Egitto","item":"https:\/\/landioustravel.com\/it\/"},{"@type":"ListItem","position":3,"name":"Tour di immersioni subacquee da Sahl Hasheesh"}]},{"@type":"WebSite","@id":"https:\/\/landioustravel.com\/it\/#website","url":"https:\/\/landioustravel.com\/it\/","name":"Landious Travel","description":"Excursions, trips and cruises in Egypt","publisher":{"@id":"https:\/\/landioustravel.com\/it\/#organization"},"potentialAction":[{"@type":"SearchAction","target":{"@type":"EntryPoint","urlTemplate":"https:\/\/landioustravel.com\/it\/?s={search_term_string}"},"query-input":{"@type":"PropertyValueSpecification","valueRequired":true,"valueName":"search_term_string"}}],"inLanguage":"it-IT"},{"@type":["Organization","Place"],"@id":"https:\/\/landioustravel.com\/it\/#organization","name":"Landious Travel","alternateName":"Landious Travel","url":"https:\/\/landioustravel.com\/it\/","logo":{"@id":"https:\/\/landioustravel.com\/it\/shop\/tour-immersioni-subacquee-sahl-hasheesh\/#local-main-organization-logo"},"image":{"@id":"https:\/\/landioustravel.com\/it\/shop\/tour-immersioni-subacquee-sahl-hasheesh\/#local-main-organization-logo"},"sameAs":["https:\/\/web.facebook.com\/landiousEgypt","https:\/\/x.com\/LandiousTours","https:\/\/mastodon.social\/@landious"],"legalName":"Landious Travel","telephone":[],"openingHoursSpecification":[{"@type":"OpeningHoursSpecification","dayOfWeek":["Monday","Tuesday","Wednesday","Thursday","Friday","Saturday","Sunday"],"opens":"09:00","closes":"17:00"}]},{"@type":"ImageObject","inLanguage":"it-IT","@id":"https:\/\/landioustravel.com\/it\/shop\/tour-immersioni-subacquee-sahl-hasheesh\/#local-main-organization-logo","url":"https:\/\/i0.wp.com\/landioustravel.com\/wp-content\/uploads\/2021\/06\/Landious-T.png?fit=500%2C500&ssl=1","contentUrl":"https:\/\/i0.wp.com\/landioustravel.com\/wp-content\/uploads\/2021\/06\/Landious-T.png?fit=500%2C500&ssl=1","width":500,"height":500,"caption":"Landious Travel"}]}},"jetpack_publicize_connections":[],"uagb_featured_image_src":{"full":["https:\/\/i0.wp.com\/landioustravel.com\/wp-content\/uploads\/2023\/08\/Scuba-Diving-Tour-from-Sahl-Hasheesh.jpg?fit=1200%2C640&ssl=1",1200,640,false],"thumbnail":["https:\/\/i0.wp.com\/landioustravel.com\/wp-content\/uploads\/2023\/08\/Scuba-Diving-Tour-from-Sahl-Hasheesh.jpg?resize=150%2C150&ssl=1",150,150,true],"medium":["https:\/\/i0.wp.com\/landioustravel.com\/wp-content\/uploads\/2023\/08\/Scuba-Diving-Tour-from-Sahl-Hasheesh.jpg?fit=300%2C160&ssl=1",300,160,true],"medium_large":["https:\/\/i0.wp.com\/landioustravel.com\/wp-content\/uploads\/2023\/08\/Scuba-Diving-Tour-from-Sahl-Hasheesh.jpg?fit=768%2C410&ssl=1",768,410,true],"large":["https:\/\/i0.wp.com\/landioustravel.com\/wp-content\/uploads\/2023\/08\/Scuba-Diving-Tour-from-Sahl-Hasheesh.jpg?fit=980%2C523&ssl=1",980,523,true],"1536x1536":["https:\/\/i0.wp.com\/landioustravel.com\/wp-content\/uploads\/2023\/08\/Scuba-Diving-Tour-from-Sahl-Hasheesh.jpg?fit=1200%2C640&ssl=1",1200,640,true],"2048x2048":["https:\/\/i0.wp.com\/landioustravel.com\/wp-content\/uploads\/2023\/08\/Scuba-Diving-Tour-from-Sahl-Hasheesh.jpg?fit=1200%2C640&ssl=1",1200,640,true],"newspack-article-block-landscape-large":["https:\/\/i0.wp.com\/landioustravel.com\/wp-content\/uploads\/2023\/08\/Scuba-Diving-Tour-from-Sahl-Hasheesh.jpg?resize=1200%2C640&ssl=1",1200,640,true],"newspack-article-block-portrait-large":["https:\/\/i0.wp.com\/landioustravel.com\/wp-content\/uploads\/2023\/08\/Scuba-Diving-Tour-from-Sahl-Hasheesh.jpg?resize=900%2C640&ssl=1",900,640,true],"newspack-article-block-square-large":["https:\/\/i0.wp.com\/landioustravel.com\/wp-content\/uploads\/2023\/08\/Scuba-Diving-Tour-from-Sahl-Hasheesh.jpg?resize=1200%2C640&ssl=1",1200,640,true],"newspack-article-block-landscape-medium":["https:\/\/i0.wp.com\/landioustravel.com\/wp-content\/uploads\/2023\/08\/Scuba-Diving-Tour-from-Sahl-Hasheesh.jpg?resize=800%2C600&ssl=1",800,600,true],"newspack-article-block-portrait-medium":["https:\/\/i0.wp.com\/landioustravel.com\/wp-content\/uploads\/2023\/08\/Scuba-Diving-Tour-from-Sahl-Hasheesh.jpg?resize=600%2C640&ssl=1",600,640,true],"newspack-article-block-square-medium":["https:\/\/i0.wp.com\/landioustravel.com\/wp-content\/uploads\/2023\/08\/Scuba-Diving-Tour-from-Sahl-Hasheesh.jpg?resize=800%2C640&ssl=1",800,640,true],"newspack-article-block-landscape-intermediate":["https:\/\/i0.wp.com\/landioustravel.com\/wp-content\/uploads\/2023\/08\/Scuba-Diving-Tour-from-Sahl-Hasheesh.jpg?resize=600%2C450&ssl=1",600,450,true],"newspack-article-block-portrait-intermediate":["https:\/\/i0.wp.com\/landioustravel.com\/wp-content\/uploads\/2023\/08\/Scuba-Diving-Tour-from-Sahl-Hasheesh.jpg?resize=450%2C600&ssl=1",450,600,true],"newspack-article-block-square-intermediate":["https:\/\/i0.wp.com\/landioustravel.com\/wp-content\/uploads\/2023\/08\/Scuba-Diving-Tour-from-Sahl-Hasheesh.jpg?resize=600%2C600&ssl=1",600,600,true],"newspack-article-block-landscape-small":["https:\/\/i0.wp.com\/landioustravel.com\/wp-content\/uploads\/2023\/08\/Scuba-Diving-Tour-from-Sahl-Hasheesh.jpg?resize=400%2C300&ssl=1",400,300,true],"newspack-article-block-portrait-small":["https:\/\/i0.wp.com\/landioustravel.com\/wp-content\/uploads\/2023\/08\/Scuba-Diving-Tour-from-Sahl-Hasheesh.jpg?resize=300%2C400&ssl=1",300,400,true],"newspack-article-block-square-small":["https:\/\/i0.wp.com\/landioustravel.com\/wp-content\/uploads\/2023\/08\/Scuba-Diving-Tour-from-Sahl-Hasheesh.jpg?resize=400%2C400&ssl=1",400,400,true],"newspack-article-block-landscape-tiny":["https:\/\/i0.wp.com\/landioustravel.com\/wp-content\/uploads\/2023\/08\/Scuba-Diving-Tour-from-Sahl-Hasheesh.jpg?resize=200%2C150&ssl=1",200,150,true],"newspack-article-block-portrait-tiny":["https:\/\/i0.wp.com\/landioustravel.com\/wp-content\/uploads\/2023\/08\/Scuba-Diving-Tour-from-Sahl-Hasheesh.jpg?resize=150%2C200&ssl=1",150,200,true],"newspack-article-block-square-tiny":["https:\/\/i0.wp.com\/landioustravel.com\/wp-content\/uploads\/2023\/08\/Scuba-Diving-Tour-from-Sahl-Hasheesh.jpg?resize=200%2C200&ssl=1",200,200,true],"newspack-article-block-uncropped":["https:\/\/i0.wp.com\/landioustravel.com\/wp-content\/uploads\/2023\/08\/Scuba-Diving-Tour-from-Sahl-Hasheesh.jpg?fit=1200%2C640&ssl=1",1200,640,true],"woocommerce_thumbnail":["https:\/\/i0.wp.com\/landioustravel.com\/wp-content\/uploads\/2023\/08\/Scuba-Diving-Tour-from-Sahl-Hasheesh.jpg?resize=324%2C324&ssl=1",324,324,true],"woocommerce_single":["https:\/\/i0.wp.com\/landioustravel.com\/wp-content\/uploads\/2023\/08\/Scuba-Diving-Tour-from-Sahl-Hasheesh.jpg?fit=416%2C222&ssl=1",416,222,true],"woocommerce_gallery_thumbnail":["https:\/\/i0.wp.com\/landioustravel.com\/wp-content\/uploads\/2023\/08\/Scuba-Diving-Tour-from-Sahl-Hasheesh.jpg?resize=100%2C100&ssl=1",100,100,true]},"uagb_author_info":{"display_name":"Mofreh Landious","author_link":"https:\/\/landioustravel.com\/it\/author\/"},"uagb_comment_info":0,"uagb_excerpt":"Stai cercando di esplorare l'incredibile mondo sottomarino del Mar Rosso? Le immersioni subacquee e lo snorkeling a Sahl Hasheesh sono esperienze indimenticabili che ti permettono di avvicinarti e conoscere la vita marina. Se non hai mai provato ad immergerti prima, non preoccuparti: offriamo un corso introduttivo alle immersioni subacquee che ti permetter\u00e0 di scoprire per&hellip;","jetpack_sharing_enabled":true,"jetpack_likes_enabled":true,"amp_enabled":true,"_links":{"self":[{"href":"https:\/\/landioustravel.com\/it\/wp-json\/wp\/v2\/product\/150424","targetHints":{"allow":["GET"]}}],"collection":[{"href":"https:\/\/landioustravel.com\/it\/wp-json\/wp\/v2\/product"}],"about":[{"href":"https:\/\/landioustravel.com\/it\/wp-json\/wp\/v2\/types\/product"}],"replies":[{"embeddable":true,"href":"https:\/\/landioustravel.com\/it\/wp-json\/wp\/v2\/comments?post=150424"}],"wp:featuredmedia":[{"embeddable":true,"href":"https:\/\/landioustravel.com\/it\/wp-json\/wp\/v2\/media\/150425"}],"wp:attachment":[{"href":"https:\/\/landioustravel.com\/it\/wp-json\/wp\/v2\/media?parent=150424"}],"wp:term":[{"taxonomy":"product_brand","embeddable":true,"href":"https:\/\/landioustravel.com\/it\/wp-json\/wp\/v2\/product_brand?post=150424"},{"taxonomy":"product_cat","embeddable":true,"href":"https:\/\/landioustravel.com\/it\/wp-json\/wp\/v2\/product_cat?post=150424"},{"taxonomy":"product_tag","embeddable":true,"href":"https:\/\/landioustravel.com\/it\/wp-json\/wp\/v2\/product_tag?post=150424"}],"curies":[{"name":"wp","href":"https:\/\/api.w.org\/{rel}","templated":true}]}}