{"id":150502,"date":"2023-08-21T01:03:18","date_gmt":"2023-08-20T23:03:18","guid":{"rendered":"https:\/\/landioustravel.com\/?post_type=product&#038;p=150502"},"modified":"2024-05-19T06:06:23","modified_gmt":"2024-05-19T03:06:23","slug":"gita-pesca-baia-makadi","status":"publish","type":"product","link":"https:\/\/landioustravel.com\/it\/shop\/gita-pesca-baia-makadi\/","title":{"rendered":"Gita di pesca dalla baia di Makadi"},"content":{"rendered":"<p><span>La battuta di pesca dalla baia di Makadi \u00e8 una gita in barca da pesca di un&#8217;intera giornata nel\u00a0<\/span><span>Mar Rosso<\/span><span> nella baia di Makadi, <\/span><span>in Egitto<\/span><span>! Consigliamo vivamente questo viaggio in quanto offre un&#8217;opportunit\u00e0 unica di pescare in mare ammirando le splendide barriere coralline del Mar Rosso e la diversificata vita marina. \u00c8 davvero una delle escursioni pi\u00f9 emozionanti nella baia di Makadi!<\/span><\/p>\n<p><span>Con questa gita di un giorno da Hurghada, ti imbarcherai in un&#8217;emozionante avventura di pesca a Makadi. Il viaggio inizia la mattina presto dal tuo hotel, dove la guida e il capitano del porto turistico verranno a prenderti.<\/span><\/p>\n<p><span>Da l\u00ec, navigherai sul Mar Rosso verso due diversi punti di pesca, dove potrai lanciare la lenza e provare a catturare il pesce della tua vita mentre ti godi il paesaggio egiziano mozzafiato.<\/span><\/p>\n<h2><span>Punti salienti della battuta di pesca a Hurghada dalla baia di Makadi<\/span><\/h2>\n<ul>\n<li><strong><span>Pesca<\/span><span> in mare aperto.<\/span><\/strong><\/li>\n<li><strong><span>Fai snorkeling con maschera e pinne.<\/span><\/strong><\/li>\n<li><strong><span>Inoltre, pranzo a bordo della barca.<\/span><\/strong><\/li>\n<\/ul>\n<h2><span>Programma di avventure di pesca del pesce<\/span><\/h2>\n<ul>\n<li><span>Landious Travel<\/span><span>\u00a0verr\u00e0 a prenderti dal tuo hotel nella baia di Makadi intorno alle 08:00<\/span><\/li>\n<li><span>Dopo aver accolto tutti i visitatori, l&#8217;autobus si diriger\u00e0 al porto. La strada per il molo dura circa 40 minuti.<\/span><\/li>\n<li><span>Troverai la tua barca nel porto. \u00c8 una barca grande ed elegante e si compone di due piani. Quando si entra nella nave sar\u00e0 preferibile togliersi le scarpe e prepararsi per la pesca a traina. La cattura di un pesce a traina avviene mentre la barca naviga sul mare. Per questo motivo dotiamo la nostra barca di due canne da traina nella parte posteriore.<\/span><\/li>\n<li><span>La barca salpa sul <\/span><span>Mar Rosso<\/span><span> non appena il gruppo si riunisce. Poi, da qualche parte in mare aperto, dar\u00e0 l&#8217;ancora per permetterti di pescare direttamente dalla sua tavola. A quel punto tutti potranno andare a pescare.<\/span><\/li>\n<li><span>Successivamente, ti fermerai in un altro posto nuotando con maschere e pinne.<\/span><\/li>\n<li><span>Dopo questa sosta il gruppo si riunir\u00e0 al primo piano per il pranzo. Il buffet sar\u00e0 aperto durante l&#8217;ora di pranzo.<\/span><\/li>\n<li><span>Successivamente, riproverai a catturare pesci da qualche altra parte.<\/span><\/li>\n<li><span>Infine, ti accompagneremo ai tuoi hotel dopo un&#8217;emozionante esperienza di pesca nel Mar Rosso.<\/span><\/li>\n<li><span>Questa <\/span><strong><span>battuta di pesca nella baia di Makadi<\/span><\/strong><span> termina alle 16:30 circa.<\/span><\/li>\n<\/ul>\n<h2><span>Cosa include il prezzo della battuta di pesca nella baia di Makadi?<\/span><\/h2>\n<ul>\n<li><span>Attrezzatura da pesca.<\/span><\/li>\n<li><span>Attrezzatura per lo snorkeling.<\/span><\/li>\n<li><span>Cibo.<\/span><\/li>\n<li><span>Inoltre, trasferimento al porto e ritorno in hotel.<\/span><\/li>\n<\/ul>\n<h2><span>Cosa non include il programma di battuta di pesca dalla baia di Makadi?<\/span><\/h2>\n<ul>\n<li><strong><span>Biglietto d&#8217;ingresso (5 dollari USD a persona)<\/span><\/strong><\/li>\n<li><span>DVD video.<\/span><\/li>\n<li><span>Inoltre, il CD fotografico.<\/span><\/li>\n<\/ul>\n<h2><span>Oggetti da portare con te per il viaggio<\/span><\/h2>\n<ul>\n<li><span>Asciugamano.<\/span><\/li>\n<li><span>Inoltre, protezione solare.<\/span><\/li>\n<\/ul>\n<h2><span>Giorni di prenotazione della battuta di pesca nella baia di Makadi<\/span><\/h2>\n<ul>\n<li><span>Marted\u00ec dalle 08:00 alle 16:00.<\/span><\/li>\n<li><span>Inoltre, il venerd\u00ec \u00e8 dalle 08:00 alle 16:00.<\/span><\/li>\n<\/ul>\n<h2><span>Servizi presentati durante la battuta di pesca nella baia di Makadi<\/span><\/h2>\n<ul>\n<li><strong><span>Trasporti<\/span><\/strong><span>: Landious Travel utilizza limousine\/minibus con aria condizionata come mezzo di trasporto. Inoltre, un autista professionista ti accompagner\u00e0 al porto e ti riporter\u00e0 al tuo hotel.<\/span><\/li>\n<li><strong><span>Guida<\/span><\/strong><span>: un tour leader inglese professionista verr\u00e0 a prendervi dai vostri hotel e vi accompagner\u00e0 al porto.<\/span><\/li>\n<li><strong><span>Servizi in barca<\/span><\/strong><span>: Le nostre barche sono nuove a tre piani. Hanno una sala da pranzo, un distributore d&#8217;acqua, una cucina e due bagni. Al primo piano li equipaggiamo con giubbotti di salvataggio, attrezzatura per lo snorkeling e due mulinelli da traina. Nel frattempo, il pavimento del ponte sole \u00e8 dotato di comodi lettini e di una tenda.<\/span><\/li>\n<li><strong><span>Squadra e staff:\u00a0<\/span><\/strong><span>\u00a0sulla barca avrai un equipaggio amichevole e professionale. I nostri istruttori e formatori ti guideranno durante il viaggio.<\/span><\/li>\n<li><strong><span>Cibo<\/span><\/strong><span>: Offriamo un delizioso pranzo a bordo della barca con piatti diversi.<\/span><\/li>\n<\/ul>\n","protected":false},"excerpt":{"rendered":"<p>Parti per un&#8217;emozionante avventura di pesca a Makadi con questa gita di un giorno da Hurghada. Partendo la mattina presto dal tuo hotel, ti dirigerai al porto turistico, dove incontrerai la guida e il capitano. Da l\u00ec salperai sul Mar Rosso, con due diversi punti di pesca da esplorare. Lancia la lenza e vedi se riesci a catturare il pesce della tua vita mentre ti godi lo straordinario paesaggio egiziano.<\/p>\n<p>Se non hai voglia di pescare, immergiti nelle acque rinfrescanti per un&#8217;escursione di snorkeling per conoscere da vicino la colorata variet\u00e0 di pesci di queste acque. E se catturi un pesce prima di arrivare al secondo punto di ancoraggio, potr\u00e0 essere cucinato e incluso nel pranzo a buffet a bordo della barca.<\/p>\n<p>Dopo la tua avventura, tornerai al porto turistico e verrai trasferito al tuo hotel a Hurghada. Il tuo viaggio include trasferimenti in veicoli di alta classe con aria condizionata, attrezzatura per la pesca e lo snorkeling, pranzo, acqua minerale e bevande analcoliche. Preparatevi per una giornata indimenticabile sul Mar Rosso!<\/p>\n","protected":false},"featured_media":150503,"comment_status":"open","ping_status":"closed","template":"","meta":{"_coblocks_attr":"","_coblocks_dimensions":"","_coblocks_responsive_height":"","_coblocks_accordion_ie_support":"","_uag_custom_page_level_css":"","jetpack_publicize_message":"","jetpack_publicize_feature_enabled":true,"jetpack_social_post_already_shared":true,"jetpack_social_options":{"image_generator_settings":{"template":"highway","default_image_id":0,"font":"","enabled":false},"version":2},"_wpas_customize_per_network":false},"product_brand":[],"product_cat":[16905,23520],"product_tag":[1644,22564,1664,1663,1682],"class_list":{"0":"post-150502","1":"product","2":"type-product","3":"status-publish","4":"has-post-thumbnail","6":"product_cat-escursioni-safaga","7":"product_cat-escursioni-a-makadi-bay","8":"product_tag-escursione","9":"product_tag-mare","10":"product_tag-pesca","11":"product_tag-snorkeling-it","12":"product_tag-viaggi-marittimi","14":"first","15":"instock","16":"sale","17":"virtual","18":"taxable","19":"purchasable","20":"product-type-simple"},"yoast_head":"<!-- This site is optimized with the Yoast SEO Premium plugin v26.9 (Yoast SEO v27.5) - https:\/\/yoast.com\/product\/yoast-seo-premium-wordpress\/ -->\n<title>Gita di pesca dalla baia di Makadi<\/title>\n<meta name=\"description\" content=\"Gita di pesca dalla baia di Makadi Parti per un&#039;emozionante avventura di pesca a Makadi con questa gita di un giorno da Hurghada. Partendo la mattina presto\" \/>\n<meta name=\"robots\" content=\"index, follow, max-snippet:-1, max-image-preview:large, max-video-preview:-1\" \/>\n<link rel=\"canonical\" href=\"https:\/\/landioustravel.com\/it\/shop\/gita-pesca-baia-makadi\/\" \/>\n<meta property=\"og:locale\" content=\"it_IT\" \/>\n<meta property=\"og:type\" content=\"article\" \/>\n<meta property=\"og:title\" content=\"Gita di pesca dalla baia di Makadi\" \/>\n<meta property=\"og:description\" content=\"Landious Travel\" \/>\n<meta property=\"og:url\" content=\"https:\/\/landioustravel.com\/it\/shop\/gita-pesca-baia-makadi\/\" \/>\n<meta property=\"og:site_name\" content=\"Landious Travel\" \/>\n<meta property=\"article:publisher\" content=\"https:\/\/web.facebook.com\/landiousEgypt\" \/>\n<meta property=\"article:modified_time\" content=\"2024-05-19T03:06:23+00:00\" \/>\n<meta property=\"og:image\" content=\"https:\/\/landioustravel.com\/wp-content\/uploads\/2023\/08\/Fishing-Trip-from-Makadi-Bay.jpg\" \/>\n\t<meta property=\"og:image:width\" content=\"1200\" \/>\n\t<meta property=\"og:image:height\" content=\"630\" \/>\n\t<meta property=\"og:image:type\" content=\"image\/jpeg\" \/>\n<meta name=\"twitter:card\" content=\"summary_large_image\" \/>\n<meta name=\"twitter:site\" content=\"@LandiousTours\" \/>\n<meta name=\"twitter:label1\" content=\"Tempo di lettura stimato\" \/>\n\t<meta name=\"twitter:data1\" content=\"4 minuti\" \/>\n<script type=\"application\/ld+json\" class=\"yoast-schema-graph\">{\"@context\":\"https:\\\/\\\/schema.org\",\"@graph\":[{\"@type\":\"WebPage\",\"@id\":\"https:\\\/\\\/landioustravel.com\\\/it\\\/shop\\\/gita-pesca-baia-makadi\\\/\",\"url\":\"https:\\\/\\\/landioustravel.com\\\/it\\\/shop\\\/gita-pesca-baia-makadi\\\/\",\"name\":\"Gita di pesca dalla baia di Makadi\",\"isPartOf\":{\"@id\":\"https:\\\/\\\/landioustravel.com\\\/it\\\/#website\"},\"primaryImageOfPage\":{\"@id\":\"https:\\\/\\\/landioustravel.com\\\/it\\\/shop\\\/gita-pesca-baia-makadi\\\/#primaryimage\"},\"image\":{\"@id\":\"https:\\\/\\\/landioustravel.com\\\/it\\\/shop\\\/gita-pesca-baia-makadi\\\/#primaryimage\"},\"thumbnailUrl\":\"https:\\\/\\\/i0.wp.com\\\/landioustravel.com\\\/wp-content\\\/uploads\\\/2023\\\/08\\\/Fishing-Trip-from-Makadi-Bay.jpg?fit=1200%2C630&ssl=1\",\"datePublished\":\"2023-08-20T23:03:18+00:00\",\"dateModified\":\"2024-05-19T03:06:23+00:00\",\"description\":\"Gita di pesca dalla baia di Makadi Parti per un'emozionante avventura di pesca a Makadi con questa gita di un giorno da Hurghada. Partendo la mattina presto\",\"breadcrumb\":{\"@id\":\"https:\\\/\\\/landioustravel.com\\\/it\\\/shop\\\/gita-pesca-baia-makadi\\\/#breadcrumb\"},\"inLanguage\":\"it-IT\",\"potentialAction\":[{\"@type\":\"ReadAction\",\"target\":[\"https:\\\/\\\/landioustravel.com\\\/it\\\/shop\\\/gita-pesca-baia-makadi\\\/\"]}]},{\"@type\":\"ImageObject\",\"inLanguage\":\"it-IT\",\"@id\":\"https:\\\/\\\/landioustravel.com\\\/it\\\/shop\\\/gita-pesca-baia-makadi\\\/#primaryimage\",\"url\":\"https:\\\/\\\/i0.wp.com\\\/landioustravel.com\\\/wp-content\\\/uploads\\\/2023\\\/08\\\/Fishing-Trip-from-Makadi-Bay.jpg?fit=1200%2C630&ssl=1\",\"contentUrl\":\"https:\\\/\\\/i0.wp.com\\\/landioustravel.com\\\/wp-content\\\/uploads\\\/2023\\\/08\\\/Fishing-Trip-from-Makadi-Bay.jpg?fit=1200%2C630&ssl=1\",\"width\":1200,\"height\":630,\"caption\":\"Fishing Trip from Makadi Bay\"},{\"@type\":\"BreadcrumbList\",\"@id\":\"https:\\\/\\\/landioustravel.com\\\/it\\\/shop\\\/gita-pesca-baia-makadi\\\/#breadcrumb\",\"itemListElement\":[{\"@type\":\"ListItem\",\"position\":1,\"name\":\"Home\",\"item\":\"https:\\\/\\\/landioustravel.com\\\/it\\\/\"},{\"@type\":\"ListItem\",\"position\":2,\"name\":\"Tour in Egitto\",\"item\":\"https:\\\/\\\/landioustravel.com\\\/it\\\/\"},{\"@type\":\"ListItem\",\"position\":3,\"name\":\"Gita di pesca dalla baia di Makadi\"}]},{\"@type\":\"WebSite\",\"@id\":\"https:\\\/\\\/landioustravel.com\\\/it\\\/#website\",\"url\":\"https:\\\/\\\/landioustravel.com\\\/it\\\/\",\"name\":\"Landious Travel\",\"description\":\"Excursions, trips and cruises in Egypt\",\"publisher\":{\"@id\":\"https:\\\/\\\/landioustravel.com\\\/it\\\/#organization\"},\"potentialAction\":[{\"@type\":\"SearchAction\",\"target\":{\"@type\":\"EntryPoint\",\"urlTemplate\":\"https:\\\/\\\/landioustravel.com\\\/it\\\/?s={search_term_string}\"},\"query-input\":{\"@type\":\"PropertyValueSpecification\",\"valueRequired\":true,\"valueName\":\"search_term_string\"}}],\"inLanguage\":\"it-IT\"},{\"@type\":[\"Organization\",\"Place\"],\"@id\":\"https:\\\/\\\/landioustravel.com\\\/it\\\/#organization\",\"name\":\"Landious Travel\",\"alternateName\":\"Landious Travel\",\"url\":\"https:\\\/\\\/landioustravel.com\\\/it\\\/\",\"logo\":{\"@id\":\"https:\\\/\\\/landioustravel.com\\\/it\\\/shop\\\/gita-pesca-baia-makadi\\\/#local-main-organization-logo\"},\"image\":{\"@id\":\"https:\\\/\\\/landioustravel.com\\\/it\\\/shop\\\/gita-pesca-baia-makadi\\\/#local-main-organization-logo\"},\"sameAs\":[\"https:\\\/\\\/web.facebook.com\\\/landiousEgypt\",\"https:\\\/\\\/x.com\\\/LandiousTours\",\"https:\\\/\\\/mastodon.social\\\/@landious\"],\"legalName\":\"Landious Travel\",\"telephone\":[],\"openingHoursSpecification\":[{\"@type\":\"OpeningHoursSpecification\",\"dayOfWeek\":[\"Monday\",\"Tuesday\",\"Wednesday\",\"Thursday\",\"Friday\",\"Saturday\",\"Sunday\"],\"opens\":\"09:00\",\"closes\":\"17:00\"}]},{\"@type\":\"ImageObject\",\"inLanguage\":\"it-IT\",\"@id\":\"https:\\\/\\\/landioustravel.com\\\/it\\\/shop\\\/gita-pesca-baia-makadi\\\/#local-main-organization-logo\",\"url\":\"https:\\\/\\\/i0.wp.com\\\/landioustravel.com\\\/wp-content\\\/uploads\\\/2021\\\/06\\\/Landious-T.png?fit=500%2C500&ssl=1\",\"contentUrl\":\"https:\\\/\\\/i0.wp.com\\\/landioustravel.com\\\/wp-content\\\/uploads\\\/2021\\\/06\\\/Landious-T.png?fit=500%2C500&ssl=1\",\"width\":500,\"height\":500,\"caption\":\"Landious Travel\"}]}<\/script>\n<!-- \/ Yoast SEO Premium plugin. -->","yoast_head_json":{"title":"Gita di pesca dalla baia di Makadi","description":"Gita di pesca dalla baia di Makadi Parti per un'emozionante avventura di pesca a Makadi con questa gita di un giorno da Hurghada. Partendo la mattina presto","robots":{"index":"index","follow":"follow","max-snippet":"max-snippet:-1","max-image-preview":"max-image-preview:large","max-video-preview":"max-video-preview:-1"},"canonical":"https:\/\/landioustravel.com\/it\/shop\/gita-pesca-baia-makadi\/","og_locale":"it_IT","og_type":"article","og_title":"Gita di pesca dalla baia di Makadi","og_description":"Landious Travel","og_url":"https:\/\/landioustravel.com\/it\/shop\/gita-pesca-baia-makadi\/","og_site_name":"Landious Travel","article_publisher":"https:\/\/web.facebook.com\/landiousEgypt","article_modified_time":"2024-05-19T03:06:23+00:00","og_image":[{"width":1200,"height":630,"url":"https:\/\/landioustravel.com\/wp-content\/uploads\/2023\/08\/Fishing-Trip-from-Makadi-Bay.jpg","type":"image\/jpeg"}],"twitter_card":"summary_large_image","twitter_site":"@LandiousTours","twitter_misc":{"Tempo di lettura stimato":"4 minuti"},"schema":{"@context":"https:\/\/schema.org","@graph":[{"@type":"WebPage","@id":"https:\/\/landioustravel.com\/it\/shop\/gita-pesca-baia-makadi\/","url":"https:\/\/landioustravel.com\/it\/shop\/gita-pesca-baia-makadi\/","name":"Gita di pesca dalla baia di Makadi","isPartOf":{"@id":"https:\/\/landioustravel.com\/it\/#website"},"primaryImageOfPage":{"@id":"https:\/\/landioustravel.com\/it\/shop\/gita-pesca-baia-makadi\/#primaryimage"},"image":{"@id":"https:\/\/landioustravel.com\/it\/shop\/gita-pesca-baia-makadi\/#primaryimage"},"thumbnailUrl":"https:\/\/i0.wp.com\/landioustravel.com\/wp-content\/uploads\/2023\/08\/Fishing-Trip-from-Makadi-Bay.jpg?fit=1200%2C630&ssl=1","datePublished":"2023-08-20T23:03:18+00:00","dateModified":"2024-05-19T03:06:23+00:00","description":"Gita di pesca dalla baia di Makadi Parti per un'emozionante avventura di pesca a Makadi con questa gita di un giorno da Hurghada. Partendo la mattina presto","breadcrumb":{"@id":"https:\/\/landioustravel.com\/it\/shop\/gita-pesca-baia-makadi\/#breadcrumb"},"inLanguage":"it-IT","potentialAction":[{"@type":"ReadAction","target":["https:\/\/landioustravel.com\/it\/shop\/gita-pesca-baia-makadi\/"]}]},{"@type":"ImageObject","inLanguage":"it-IT","@id":"https:\/\/landioustravel.com\/it\/shop\/gita-pesca-baia-makadi\/#primaryimage","url":"https:\/\/i0.wp.com\/landioustravel.com\/wp-content\/uploads\/2023\/08\/Fishing-Trip-from-Makadi-Bay.jpg?fit=1200%2C630&ssl=1","contentUrl":"https:\/\/i0.wp.com\/landioustravel.com\/wp-content\/uploads\/2023\/08\/Fishing-Trip-from-Makadi-Bay.jpg?fit=1200%2C630&ssl=1","width":1200,"height":630,"caption":"Fishing Trip from Makadi Bay"},{"@type":"BreadcrumbList","@id":"https:\/\/landioustravel.com\/it\/shop\/gita-pesca-baia-makadi\/#breadcrumb","itemListElement":[{"@type":"ListItem","position":1,"name":"Home","item":"https:\/\/landioustravel.com\/it\/"},{"@type":"ListItem","position":2,"name":"Tour in Egitto","item":"https:\/\/landioustravel.com\/it\/"},{"@type":"ListItem","position":3,"name":"Gita di pesca dalla baia di Makadi"}]},{"@type":"WebSite","@id":"https:\/\/landioustravel.com\/it\/#website","url":"https:\/\/landioustravel.com\/it\/","name":"Landious Travel","description":"Excursions, trips and cruises in Egypt","publisher":{"@id":"https:\/\/landioustravel.com\/it\/#organization"},"potentialAction":[{"@type":"SearchAction","target":{"@type":"EntryPoint","urlTemplate":"https:\/\/landioustravel.com\/it\/?s={search_term_string}"},"query-input":{"@type":"PropertyValueSpecification","valueRequired":true,"valueName":"search_term_string"}}],"inLanguage":"it-IT"},{"@type":["Organization","Place"],"@id":"https:\/\/landioustravel.com\/it\/#organization","name":"Landious Travel","alternateName":"Landious Travel","url":"https:\/\/landioustravel.com\/it\/","logo":{"@id":"https:\/\/landioustravel.com\/it\/shop\/gita-pesca-baia-makadi\/#local-main-organization-logo"},"image":{"@id":"https:\/\/landioustravel.com\/it\/shop\/gita-pesca-baia-makadi\/#local-main-organization-logo"},"sameAs":["https:\/\/web.facebook.com\/landiousEgypt","https:\/\/x.com\/LandiousTours","https:\/\/mastodon.social\/@landious"],"legalName":"Landious Travel","telephone":[],"openingHoursSpecification":[{"@type":"OpeningHoursSpecification","dayOfWeek":["Monday","Tuesday","Wednesday","Thursday","Friday","Saturday","Sunday"],"opens":"09:00","closes":"17:00"}]},{"@type":"ImageObject","inLanguage":"it-IT","@id":"https:\/\/landioustravel.com\/it\/shop\/gita-pesca-baia-makadi\/#local-main-organization-logo","url":"https:\/\/i0.wp.com\/landioustravel.com\/wp-content\/uploads\/2021\/06\/Landious-T.png?fit=500%2C500&ssl=1","contentUrl":"https:\/\/i0.wp.com\/landioustravel.com\/wp-content\/uploads\/2021\/06\/Landious-T.png?fit=500%2C500&ssl=1","width":500,"height":500,"caption":"Landious Travel"}]}},"jetpack_publicize_connections":[],"uagb_featured_image_src":{"full":["https:\/\/i0.wp.com\/landioustravel.com\/wp-content\/uploads\/2023\/08\/Fishing-Trip-from-Makadi-Bay.jpg?fit=1200%2C630&ssl=1",1200,630,false],"thumbnail":["https:\/\/i0.wp.com\/landioustravel.com\/wp-content\/uploads\/2023\/08\/Fishing-Trip-from-Makadi-Bay.jpg?resize=150%2C150&ssl=1",150,150,true],"medium":["https:\/\/i0.wp.com\/landioustravel.com\/wp-content\/uploads\/2023\/08\/Fishing-Trip-from-Makadi-Bay.jpg?fit=300%2C158&ssl=1",300,158,true],"medium_large":["https:\/\/i0.wp.com\/landioustravel.com\/wp-content\/uploads\/2023\/08\/Fishing-Trip-from-Makadi-Bay.jpg?fit=768%2C403&ssl=1",768,403,true],"large":["https:\/\/i0.wp.com\/landioustravel.com\/wp-content\/uploads\/2023\/08\/Fishing-Trip-from-Makadi-Bay.jpg?fit=980%2C515&ssl=1",980,515,true],"1536x1536":["https:\/\/i0.wp.com\/landioustravel.com\/wp-content\/uploads\/2023\/08\/Fishing-Trip-from-Makadi-Bay.jpg?fit=1200%2C630&ssl=1",1200,630,true],"2048x2048":["https:\/\/i0.wp.com\/landioustravel.com\/wp-content\/uploads\/2023\/08\/Fishing-Trip-from-Makadi-Bay.jpg?fit=1200%2C630&ssl=1",1200,630,true],"newspack-article-block-landscape-large":["https:\/\/i0.wp.com\/landioustravel.com\/wp-content\/uploads\/2023\/08\/Fishing-Trip-from-Makadi-Bay.jpg?resize=1200%2C630&ssl=1",1200,630,true],"newspack-article-block-portrait-large":["https:\/\/i0.wp.com\/landioustravel.com\/wp-content\/uploads\/2023\/08\/Fishing-Trip-from-Makadi-Bay.jpg?resize=900%2C630&ssl=1",900,630,true],"newspack-article-block-square-large":["https:\/\/i0.wp.com\/landioustravel.com\/wp-content\/uploads\/2023\/08\/Fishing-Trip-from-Makadi-Bay.jpg?resize=1200%2C630&ssl=1",1200,630,true],"newspack-article-block-landscape-medium":["https:\/\/i0.wp.com\/landioustravel.com\/wp-content\/uploads\/2023\/08\/Fishing-Trip-from-Makadi-Bay.jpg?resize=800%2C600&ssl=1",800,600,true],"newspack-article-block-portrait-medium":["https:\/\/i0.wp.com\/landioustravel.com\/wp-content\/uploads\/2023\/08\/Fishing-Trip-from-Makadi-Bay.jpg?resize=600%2C630&ssl=1",600,630,true],"newspack-article-block-square-medium":["https:\/\/i0.wp.com\/landioustravel.com\/wp-content\/uploads\/2023\/08\/Fishing-Trip-from-Makadi-Bay.jpg?resize=800%2C630&ssl=1",800,630,true],"newspack-article-block-landscape-intermediate":["https:\/\/i0.wp.com\/landioustravel.com\/wp-content\/uploads\/2023\/08\/Fishing-Trip-from-Makadi-Bay.jpg?resize=600%2C450&ssl=1",600,450,true],"newspack-article-block-portrait-intermediate":["https:\/\/i0.wp.com\/landioustravel.com\/wp-content\/uploads\/2023\/08\/Fishing-Trip-from-Makadi-Bay.jpg?resize=450%2C600&ssl=1",450,600,true],"newspack-article-block-square-intermediate":["https:\/\/i0.wp.com\/landioustravel.com\/wp-content\/uploads\/2023\/08\/Fishing-Trip-from-Makadi-Bay.jpg?resize=600%2C600&ssl=1",600,600,true],"newspack-article-block-landscape-small":["https:\/\/i0.wp.com\/landioustravel.com\/wp-content\/uploads\/2023\/08\/Fishing-Trip-from-Makadi-Bay.jpg?resize=400%2C300&ssl=1",400,300,true],"newspack-article-block-portrait-small":["https:\/\/i0.wp.com\/landioustravel.com\/wp-content\/uploads\/2023\/08\/Fishing-Trip-from-Makadi-Bay.jpg?resize=300%2C400&ssl=1",300,400,true],"newspack-article-block-square-small":["https:\/\/i0.wp.com\/landioustravel.com\/wp-content\/uploads\/2023\/08\/Fishing-Trip-from-Makadi-Bay.jpg?resize=400%2C400&ssl=1",400,400,true],"newspack-article-block-landscape-tiny":["https:\/\/i0.wp.com\/landioustravel.com\/wp-content\/uploads\/2023\/08\/Fishing-Trip-from-Makadi-Bay.jpg?resize=200%2C150&ssl=1",200,150,true],"newspack-article-block-portrait-tiny":["https:\/\/i0.wp.com\/landioustravel.com\/wp-content\/uploads\/2023\/08\/Fishing-Trip-from-Makadi-Bay.jpg?resize=150%2C200&ssl=1",150,200,true],"newspack-article-block-square-tiny":["https:\/\/i0.wp.com\/landioustravel.com\/wp-content\/uploads\/2023\/08\/Fishing-Trip-from-Makadi-Bay.jpg?resize=200%2C200&ssl=1",200,200,true],"newspack-article-block-uncropped":["https:\/\/i0.wp.com\/landioustravel.com\/wp-content\/uploads\/2023\/08\/Fishing-Trip-from-Makadi-Bay.jpg?fit=1200%2C630&ssl=1",1200,630,true],"woocommerce_thumbnail":["https:\/\/i0.wp.com\/landioustravel.com\/wp-content\/uploads\/2023\/08\/Fishing-Trip-from-Makadi-Bay.jpg?resize=324%2C324&ssl=1",324,324,true],"woocommerce_single":["https:\/\/i0.wp.com\/landioustravel.com\/wp-content\/uploads\/2023\/08\/Fishing-Trip-from-Makadi-Bay.jpg?fit=416%2C218&ssl=1",416,218,true],"woocommerce_gallery_thumbnail":["https:\/\/i0.wp.com\/landioustravel.com\/wp-content\/uploads\/2023\/08\/Fishing-Trip-from-Makadi-Bay.jpg?resize=100%2C100&ssl=1",100,100,true]},"uagb_author_info":{"display_name":"Mofreh Landious","author_link":"https:\/\/landioustravel.com\/it\/author\/"},"uagb_comment_info":0,"uagb_excerpt":"Parti per un'emozionante avventura di pesca a Makadi con questa gita di un giorno da Hurghada. Partendo la mattina presto dal tuo hotel, ti dirigerai al porto turistico, dove incontrerai la guida e il capitano. Da l\u00ec salperai sul Mar Rosso, con due diversi punti di pesca da esplorare. Lancia la lenza e vedi se&hellip;","jetpack_sharing_enabled":true,"jetpack_likes_enabled":true,"amp_enabled":true,"_links":{"self":[{"href":"https:\/\/landioustravel.com\/it\/wp-json\/wp\/v2\/product\/150502","targetHints":{"allow":["GET"]}}],"collection":[{"href":"https:\/\/landioustravel.com\/it\/wp-json\/wp\/v2\/product"}],"about":[{"href":"https:\/\/landioustravel.com\/it\/wp-json\/wp\/v2\/types\/product"}],"replies":[{"embeddable":true,"href":"https:\/\/landioustravel.com\/it\/wp-json\/wp\/v2\/comments?post=150502"}],"wp:featuredmedia":[{"embeddable":true,"href":"https:\/\/landioustravel.com\/it\/wp-json\/wp\/v2\/media\/150503"}],"wp:attachment":[{"href":"https:\/\/landioustravel.com\/it\/wp-json\/wp\/v2\/media?parent=150502"}],"wp:term":[{"taxonomy":"product_brand","embeddable":true,"href":"https:\/\/landioustravel.com\/it\/wp-json\/wp\/v2\/product_brand?post=150502"},{"taxonomy":"product_cat","embeddable":true,"href":"https:\/\/landioustravel.com\/it\/wp-json\/wp\/v2\/product_cat?post=150502"},{"taxonomy":"product_tag","embeddable":true,"href":"https:\/\/landioustravel.com\/it\/wp-json\/wp\/v2\/product_tag?post=150502"}],"curies":[{"name":"wp","href":"https:\/\/api.w.org\/{rel}","templated":true}]}}