{"id":150550,"date":"2023-08-17T16:44:17","date_gmt":"2024-05-21T05:43:57","guid":{"rendered":"https:\/\/landioustravel.com\/?post_type=product&#038;p=150550"},"modified":"2024-05-21T08:43:57","modified_gmt":"2024-05-21T05:43:57","slug":"escursione-spettacolo-delfini-baia-makadi","status":"publish","type":"product","link":"https:\/\/landioustravel.com\/it\/shop\/escursione-spettacolo-delfini-baia-makadi\/","title":{"rendered":"Escursione con spettacolo dei delfini dalla baia di Makadi"},"content":{"rendered":"<p><span>Consigliamo vivamente l&#8217;escursione\u00a0con spettacolo dei delfini se stai cercando un&#8217;attivit\u00e0 divertente ed emozionante nella baia di Makadi, in Egitto. Questa escursione ti porta al Delfinario, dove potrai vedere una vasta collezione di animali marini e persino scattare una foto con loro. \u00c8 un&#8217;esperienza eccellente per persone di tutte le et\u00e0 e uno dei programmi di intrattenimento pi\u00f9 divertenti della baia di Makadi.<\/span><\/p>\n<p><span>Durante l&#8217;escursione avrai l&#8217;opportunit\u00e0 di osservare da vicino i delfini e di essere testimone della loro incredibile intelligenza e fascino. Lo spettacolo dei delfini di un&#8217;ora \u00e8 un must per tutta la famiglia e ti stupir\u00e0.<\/span><\/p>\n<p><span>Per sfruttare al massimo la tua esperienza, ricordati di portare la macchina fotografica e gli occhiali da sole. La nostra guida verr\u00e0 a prendervi dal porto di Safaga e vi porter\u00e0 su un autobus con aria condizionata alla baia di Makadi. Dolphin World Makady Bay \u00e8 uno dei pochi posti nel paese dove puoi nuotare con i delfini a un costo aggiuntivo.<\/span><\/p>\n<p><span>Con 1288 posti a sedere nel teatro romano, l&#8217;atmosfera \u00e8 piena di energia positiva ed eccitazione. I nostri istruttori mostrano vari salti, capriole, torsioni, canzoni e discorsi con gli animali che ti lasceranno a bocca aperta.<\/span><\/p>\n<p><span>Unisciti a noi in questa indimenticabile escursione e scopri le meraviglie di questi animali unici.<\/span><\/p>\n<h2><span>Punti salienti dell&#8217;escursione al delfinario dalla baia di Makadi<\/span><\/h2>\n<ul>\n<li><span>Spettacolo di animali marini.<\/span><\/li>\n<li><span>Inoltre, scattare una foto con questi animali come ricordo \u00e8 un&#8217;opzione a pagamento.<\/span><\/li>\n<\/ul>\n<h2><span>Programma del viaggio nel mondo dei delfini<\/span><\/h2>\n<ul>\n<li><span>Il rappresentante di Landious Travel<\/span><span>\u00a0verr\u00e0 a prenderti dal tuo hotel nella baia di Makadi intorno alle 13:00.<\/span><\/li>\n<li><span>Dopo aver prelevato tutti i passeggeri, l&#8217;autobus si dirige al Dolphinarium Dolphin World, che impiega circa 30 minuti per raggiungerlo.<\/span><\/li>\n<li><span>All&#8217;inizio del programma dell&#8217;escursione, la guida ti mostrer\u00e0 dove sederti nell&#8217;auditorium.<\/span><\/li>\n<li><span>Non appena tutti si riuniscono, lo spettacolo inizia per circa un&#8217;ora. Durante lo spettacolo di questi magnifici animali, sei artisti interpretano i loro ruoli:<\/span><\/li>\n<\/ul>\n<ol>\n<li><strong><span>Smelaya <\/span><\/strong><span>e\u00a0<\/span><strong><span>Agat<\/span><\/strong><span>\u00a0\u00a0\u2013 Foche di pelliccia.<\/span><\/li>\n<li><strong><span>Sabrina <\/span><\/strong><span>e\u00a0<\/span><strong><span>Gerasim<\/span><\/strong><span>\u00a0\u00a0\u2013 delfini tursiopi marini.<\/span><\/li>\n<li><strong><span>Leela<\/span><\/strong><span>\u00a0\u00a0\u2013 tricheco.<\/span><\/li>\n<li><span>Inoltre, <\/span><strong><span>Dimas<\/span><\/strong><span>\u00a0\u00a0\u00e8 un leone marino.<\/span><\/li>\n<\/ol>\n<ul>\n<li><span>Poi, al termine di questo fantastico spettacolo, potrete avvicinarvi a queste creature marine per una foto. \u00c8 facoltativo a un costo aggiuntivo.<\/span><\/li>\n<li><span>Alla fine, il nostro autobus \u00e8 tornato a Safaga dopo una fantastica gita al Delfinario.<\/span><\/li>\n<li><span>Questo <\/span><strong><span>spettacolo dei delfini da Safaga<\/span><\/strong><span>\u00a0termina alle 15:00 circa.<\/span><\/li>\n<\/ul>\n<h2><span>Cosa include il prezzo di un&#8217;esperienza di spettacolo dei delfini dalla baia di Makadi?<\/span><\/h2>\n<ul>\n<li><span>Trasferimento al Dolphin World e ritorno in hotel.<\/span><\/li>\n<li><span>Inoltre, biglietti d&#8217;ingresso.<\/span><\/li>\n<\/ul>\n<h2><span>Cosa non include il programma del Delfinario Makadi Bay?<\/span><\/h2>\n<ul>\n<li><span>DVD video.<\/span><\/li>\n<li><span>Inoltre, il CD fotografico.<\/span><\/li>\n<\/ul>\n<h2><span>Ecco un elenco di cose che potresti voler portare con te durante il tuo viaggio<\/span><\/h2>\n<ul>\n<li><span>Occhiali da sole.<\/span><\/li>\n<\/ul>\n<h2><span>Prenotazione giorni di viaggio con spettacolo dei delfini nella baia di Makadi<\/span><\/h2>\n<ul>\n<li><span>Tutti i giorni dalle 13:00 alle 15:00.<\/span><\/li>\n<\/ul>\n<h2><span>Servizi presentati durante il viaggio con spettacolo dei delfini dalla baia di Makadi<\/span><\/h2>\n<ul>\n<li><strong><span>Trasporti<\/span><\/strong><span>\u00a0: Landious Travel utilizza limousine\/minibus con aria condizionata. Un autista professionista ti accompagner\u00e0 al Delfinario e al tuo hotel.<\/span><\/li>\n<li><strong><span>Guida<\/span><\/strong><span>\u00a0: un tour leader inglese professionista verr\u00e0 a prendervi al vostro hotel e vi accompagner\u00e0 al Delfinario.<\/span><\/li>\n<li><strong><span>Squadra e staff:\u00a0<\/span><\/strong><span>\u00a0avrai a disposizione un equipaggio amichevole e professionale nel Delfinario. I nostri istruttori e formatori ti guideranno durante il viaggio.<\/span><\/li>\n<\/ul>\n","protected":false},"excerpt":{"rendered":"<p>Sei entusiasta di assistere ad un&#8217;esperienza davvero fantastica? Ti invitiamo a partecipare all&#8217;escursione spettacolo dei delfini dalla baia di Makadi e lasciarti stupire dalla straordinaria collezione di creature marine in mostra.<\/p>\n<p>Avrai l&#8217;opportunit\u00e0 di ammirare gli incredibili talenti dei delfini del Mar Nero, delle foche orse settentrionali, dei leoni marini sudamericani e dei trichechi del Pacifico. Garantiremo che la tua esperienza sia comoda e sicura con biglietti d&#8217;ingresso, trasferimenti in veicoli con aria condizionata e una bottiglia d&#8217;acqua. Questo \u00e8 uno spettacolo da non perdere!<\/p>\n","protected":false},"featured_media":150551,"comment_status":"open","ping_status":"closed","template":"","meta":{"_coblocks_attr":"","_coblocks_dimensions":"","_coblocks_responsive_height":"","_coblocks_accordion_ie_support":"","_uag_custom_page_level_css":"","jetpack_publicize_message":"","jetpack_publicize_feature_enabled":true,"jetpack_social_post_already_shared":true,"jetpack_social_options":{"image_generator_settings":{"template":"highway","default_image_id":0,"font":"","enabled":false},"version":2},"_wpas_customize_per_network":false},"product_brand":[],"product_cat":[16905,23520],"product_tag":[1678,1644],"class_list":{"0":"post-150550","1":"product","2":"type-product","3":"status-publish","4":"has-post-thumbnail","6":"product_cat-escursioni-safaga","7":"product_cat-escursioni-a-makadi-bay","8":"product_tag-delfinario","9":"product_tag-escursione","11":"first","12":"instock","13":"sale","14":"virtual","15":"taxable","16":"purchasable","17":"product-type-simple"},"yoast_head":"<!-- This site is optimized with the Yoast SEO Premium plugin v26.9 (Yoast SEO v27.4) - https:\/\/yoast.com\/product\/yoast-seo-premium-wordpress\/ -->\n<title>Escursione con spettacolo dei delfini dalla baia di Makadi<\/title>\n<meta name=\"description\" content=\"Escursione con spettacolo dei delfini dalla baia di Makadi Sei entusiasta di assistere ad un&#039;esperienza davvero fantastica? Ti invitiamo a partecipare\" \/>\n<meta name=\"robots\" content=\"index, follow, max-snippet:-1, max-image-preview:large, max-video-preview:-1\" \/>\n<link rel=\"canonical\" href=\"https:\/\/landioustravel.com\/it\/shop\/escursione-spettacolo-delfini-baia-makadi\/\" \/>\n<meta property=\"og:locale\" content=\"it_IT\" \/>\n<meta property=\"og:type\" content=\"article\" \/>\n<meta property=\"og:title\" content=\"Escursione con spettacolo dei delfini dalla baia di Makadi\" \/>\n<meta property=\"og:description\" content=\"Landious Travel\" \/>\n<meta property=\"og:url\" content=\"https:\/\/landioustravel.com\/it\/shop\/escursione-spettacolo-delfini-baia-makadi\/\" \/>\n<meta property=\"og:site_name\" content=\"Landious Travel\" \/>\n<meta property=\"article:publisher\" content=\"https:\/\/web.facebook.com\/landiousEgypt\" \/>\n<meta property=\"og:image\" content=\"https:\/\/landioustravel.com\/wp-content\/uploads\/2023\/08\/Dolphin-Show-Trip-from-Makadi-Bay-e1692282434274.jpg\" \/>\n\t<meta property=\"og:image:width\" content=\"1200\" \/>\n\t<meta property=\"og:image:height\" content=\"675\" \/>\n\t<meta property=\"og:image:type\" content=\"image\/jpeg\" \/>\n<meta name=\"twitter:card\" content=\"summary_large_image\" \/>\n<meta name=\"twitter:site\" content=\"@LandiousTours\" \/>\n<meta name=\"twitter:label1\" content=\"Tempo di lettura stimato\" \/>\n\t<meta name=\"twitter:data1\" content=\"3 minuti\" \/>\n<script type=\"application\/ld+json\" class=\"yoast-schema-graph\">{\"@context\":\"https:\\\/\\\/schema.org\",\"@graph\":[{\"@type\":\"WebPage\",\"@id\":\"https:\\\/\\\/landioustravel.com\\\/it\\\/shop\\\/escursione-spettacolo-delfini-baia-makadi\\\/\",\"url\":\"https:\\\/\\\/landioustravel.com\\\/it\\\/shop\\\/escursione-spettacolo-delfini-baia-makadi\\\/\",\"name\":\"Escursione con spettacolo dei delfini dalla baia di Makadi\",\"isPartOf\":{\"@id\":\"https:\\\/\\\/landioustravel.com\\\/it\\\/#website\"},\"primaryImageOfPage\":{\"@id\":\"https:\\\/\\\/landioustravel.com\\\/it\\\/shop\\\/escursione-spettacolo-delfini-baia-makadi\\\/#primaryimage\"},\"image\":{\"@id\":\"https:\\\/\\\/landioustravel.com\\\/it\\\/shop\\\/escursione-spettacolo-delfini-baia-makadi\\\/#primaryimage\"},\"thumbnailUrl\":\"https:\\\/\\\/i0.wp.com\\\/landioustravel.com\\\/wp-content\\\/uploads\\\/2023\\\/08\\\/Dolphin-Show-Trip-from-Makadi-Bay-e1692282434274.jpg?fit=1200%2C675&ssl=1\",\"datePublished\":\"2024-05-21T05:43:57+00:00\",\"description\":\"Escursione con spettacolo dei delfini dalla baia di Makadi Sei entusiasta di assistere ad un'esperienza davvero fantastica? Ti invitiamo a partecipare\",\"breadcrumb\":{\"@id\":\"https:\\\/\\\/landioustravel.com\\\/it\\\/shop\\\/escursione-spettacolo-delfini-baia-makadi\\\/#breadcrumb\"},\"inLanguage\":\"it-IT\",\"potentialAction\":[{\"@type\":\"ReadAction\",\"target\":[\"https:\\\/\\\/landioustravel.com\\\/it\\\/shop\\\/escursione-spettacolo-delfini-baia-makadi\\\/\"]}]},{\"@type\":\"ImageObject\",\"inLanguage\":\"it-IT\",\"@id\":\"https:\\\/\\\/landioustravel.com\\\/it\\\/shop\\\/escursione-spettacolo-delfini-baia-makadi\\\/#primaryimage\",\"url\":\"https:\\\/\\\/i0.wp.com\\\/landioustravel.com\\\/wp-content\\\/uploads\\\/2023\\\/08\\\/Dolphin-Show-Trip-from-Makadi-Bay-e1692282434274.jpg?fit=1200%2C675&ssl=1\",\"contentUrl\":\"https:\\\/\\\/i0.wp.com\\\/landioustravel.com\\\/wp-content\\\/uploads\\\/2023\\\/08\\\/Dolphin-Show-Trip-from-Makadi-Bay-e1692282434274.jpg?fit=1200%2C675&ssl=1\",\"width\":1200,\"height\":675,\"caption\":\"Dolphin Show Trip from Makadi Bay\"},{\"@type\":\"BreadcrumbList\",\"@id\":\"https:\\\/\\\/landioustravel.com\\\/it\\\/shop\\\/escursione-spettacolo-delfini-baia-makadi\\\/#breadcrumb\",\"itemListElement\":[{\"@type\":\"ListItem\",\"position\":1,\"name\":\"Home\",\"item\":\"https:\\\/\\\/landioustravel.com\\\/it\\\/\"},{\"@type\":\"ListItem\",\"position\":2,\"name\":\"Tour in Egitto\",\"item\":\"https:\\\/\\\/landioustravel.com\\\/it\\\/\"},{\"@type\":\"ListItem\",\"position\":3,\"name\":\"Escursione con spettacolo dei delfini dalla baia di Makadi\"}]},{\"@type\":\"WebSite\",\"@id\":\"https:\\\/\\\/landioustravel.com\\\/it\\\/#website\",\"url\":\"https:\\\/\\\/landioustravel.com\\\/it\\\/\",\"name\":\"Landious Travel\",\"description\":\"Excursions, trips and cruises in Egypt\",\"publisher\":{\"@id\":\"https:\\\/\\\/landioustravel.com\\\/it\\\/#organization\"},\"potentialAction\":[{\"@type\":\"SearchAction\",\"target\":{\"@type\":\"EntryPoint\",\"urlTemplate\":\"https:\\\/\\\/landioustravel.com\\\/it\\\/?s={search_term_string}\"},\"query-input\":{\"@type\":\"PropertyValueSpecification\",\"valueRequired\":true,\"valueName\":\"search_term_string\"}}],\"inLanguage\":\"it-IT\"},{\"@type\":[\"Organization\",\"Place\"],\"@id\":\"https:\\\/\\\/landioustravel.com\\\/it\\\/#organization\",\"name\":\"Landious Travel\",\"alternateName\":\"Landious Travel\",\"url\":\"https:\\\/\\\/landioustravel.com\\\/it\\\/\",\"logo\":{\"@id\":\"https:\\\/\\\/landioustravel.com\\\/it\\\/shop\\\/escursione-spettacolo-delfini-baia-makadi\\\/#local-main-organization-logo\"},\"image\":{\"@id\":\"https:\\\/\\\/landioustravel.com\\\/it\\\/shop\\\/escursione-spettacolo-delfini-baia-makadi\\\/#local-main-organization-logo\"},\"sameAs\":[\"https:\\\/\\\/web.facebook.com\\\/landiousEgypt\",\"https:\\\/\\\/x.com\\\/LandiousTours\",\"https:\\\/\\\/mastodon.social\\\/@landious\"],\"legalName\":\"Landious Travel\",\"telephone\":[],\"openingHoursSpecification\":[{\"@type\":\"OpeningHoursSpecification\",\"dayOfWeek\":[\"Monday\",\"Tuesday\",\"Wednesday\",\"Thursday\",\"Friday\",\"Saturday\",\"Sunday\"],\"opens\":\"09:00\",\"closes\":\"17:00\"}]},{\"@type\":\"ImageObject\",\"inLanguage\":\"it-IT\",\"@id\":\"https:\\\/\\\/landioustravel.com\\\/it\\\/shop\\\/escursione-spettacolo-delfini-baia-makadi\\\/#local-main-organization-logo\",\"url\":\"https:\\\/\\\/i0.wp.com\\\/landioustravel.com\\\/wp-content\\\/uploads\\\/2021\\\/06\\\/Landious-T.png?fit=500%2C500&ssl=1\",\"contentUrl\":\"https:\\\/\\\/i0.wp.com\\\/landioustravel.com\\\/wp-content\\\/uploads\\\/2021\\\/06\\\/Landious-T.png?fit=500%2C500&ssl=1\",\"width\":500,\"height\":500,\"caption\":\"Landious Travel\"}]}<\/script>\n<!-- \/ Yoast SEO Premium plugin. -->","yoast_head_json":{"title":"Escursione con spettacolo dei delfini dalla baia di Makadi","description":"Escursione con spettacolo dei delfini dalla baia di Makadi Sei entusiasta di assistere ad un'esperienza davvero fantastica? Ti invitiamo a partecipare","robots":{"index":"index","follow":"follow","max-snippet":"max-snippet:-1","max-image-preview":"max-image-preview:large","max-video-preview":"max-video-preview:-1"},"canonical":"https:\/\/landioustravel.com\/it\/shop\/escursione-spettacolo-delfini-baia-makadi\/","og_locale":"it_IT","og_type":"article","og_title":"Escursione con spettacolo dei delfini dalla baia di Makadi","og_description":"Landious Travel","og_url":"https:\/\/landioustravel.com\/it\/shop\/escursione-spettacolo-delfini-baia-makadi\/","og_site_name":"Landious Travel","article_publisher":"https:\/\/web.facebook.com\/landiousEgypt","og_image":[{"width":1200,"height":675,"url":"https:\/\/landioustravel.com\/wp-content\/uploads\/2023\/08\/Dolphin-Show-Trip-from-Makadi-Bay-e1692282434274.jpg","type":"image\/jpeg"}],"twitter_card":"summary_large_image","twitter_site":"@LandiousTours","twitter_misc":{"Tempo di lettura stimato":"3 minuti"},"schema":{"@context":"https:\/\/schema.org","@graph":[{"@type":"WebPage","@id":"https:\/\/landioustravel.com\/it\/shop\/escursione-spettacolo-delfini-baia-makadi\/","url":"https:\/\/landioustravel.com\/it\/shop\/escursione-spettacolo-delfini-baia-makadi\/","name":"Escursione con spettacolo dei delfini dalla baia di Makadi","isPartOf":{"@id":"https:\/\/landioustravel.com\/it\/#website"},"primaryImageOfPage":{"@id":"https:\/\/landioustravel.com\/it\/shop\/escursione-spettacolo-delfini-baia-makadi\/#primaryimage"},"image":{"@id":"https:\/\/landioustravel.com\/it\/shop\/escursione-spettacolo-delfini-baia-makadi\/#primaryimage"},"thumbnailUrl":"https:\/\/i0.wp.com\/landioustravel.com\/wp-content\/uploads\/2023\/08\/Dolphin-Show-Trip-from-Makadi-Bay-e1692282434274.jpg?fit=1200%2C675&ssl=1","datePublished":"2024-05-21T05:43:57+00:00","description":"Escursione con spettacolo dei delfini dalla baia di Makadi Sei entusiasta di assistere ad un'esperienza davvero fantastica? Ti invitiamo a partecipare","breadcrumb":{"@id":"https:\/\/landioustravel.com\/it\/shop\/escursione-spettacolo-delfini-baia-makadi\/#breadcrumb"},"inLanguage":"it-IT","potentialAction":[{"@type":"ReadAction","target":["https:\/\/landioustravel.com\/it\/shop\/escursione-spettacolo-delfini-baia-makadi\/"]}]},{"@type":"ImageObject","inLanguage":"it-IT","@id":"https:\/\/landioustravel.com\/it\/shop\/escursione-spettacolo-delfini-baia-makadi\/#primaryimage","url":"https:\/\/i0.wp.com\/landioustravel.com\/wp-content\/uploads\/2023\/08\/Dolphin-Show-Trip-from-Makadi-Bay-e1692282434274.jpg?fit=1200%2C675&ssl=1","contentUrl":"https:\/\/i0.wp.com\/landioustravel.com\/wp-content\/uploads\/2023\/08\/Dolphin-Show-Trip-from-Makadi-Bay-e1692282434274.jpg?fit=1200%2C675&ssl=1","width":1200,"height":675,"caption":"Dolphin Show Trip from Makadi Bay"},{"@type":"BreadcrumbList","@id":"https:\/\/landioustravel.com\/it\/shop\/escursione-spettacolo-delfini-baia-makadi\/#breadcrumb","itemListElement":[{"@type":"ListItem","position":1,"name":"Home","item":"https:\/\/landioustravel.com\/it\/"},{"@type":"ListItem","position":2,"name":"Tour in Egitto","item":"https:\/\/landioustravel.com\/it\/"},{"@type":"ListItem","position":3,"name":"Escursione con spettacolo dei delfini dalla baia di Makadi"}]},{"@type":"WebSite","@id":"https:\/\/landioustravel.com\/it\/#website","url":"https:\/\/landioustravel.com\/it\/","name":"Landious Travel","description":"Excursions, trips and cruises in Egypt","publisher":{"@id":"https:\/\/landioustravel.com\/it\/#organization"},"potentialAction":[{"@type":"SearchAction","target":{"@type":"EntryPoint","urlTemplate":"https:\/\/landioustravel.com\/it\/?s={search_term_string}"},"query-input":{"@type":"PropertyValueSpecification","valueRequired":true,"valueName":"search_term_string"}}],"inLanguage":"it-IT"},{"@type":["Organization","Place"],"@id":"https:\/\/landioustravel.com\/it\/#organization","name":"Landious Travel","alternateName":"Landious Travel","url":"https:\/\/landioustravel.com\/it\/","logo":{"@id":"https:\/\/landioustravel.com\/it\/shop\/escursione-spettacolo-delfini-baia-makadi\/#local-main-organization-logo"},"image":{"@id":"https:\/\/landioustravel.com\/it\/shop\/escursione-spettacolo-delfini-baia-makadi\/#local-main-organization-logo"},"sameAs":["https:\/\/web.facebook.com\/landiousEgypt","https:\/\/x.com\/LandiousTours","https:\/\/mastodon.social\/@landious"],"legalName":"Landious Travel","telephone":[],"openingHoursSpecification":[{"@type":"OpeningHoursSpecification","dayOfWeek":["Monday","Tuesday","Wednesday","Thursday","Friday","Saturday","Sunday"],"opens":"09:00","closes":"17:00"}]},{"@type":"ImageObject","inLanguage":"it-IT","@id":"https:\/\/landioustravel.com\/it\/shop\/escursione-spettacolo-delfini-baia-makadi\/#local-main-organization-logo","url":"https:\/\/i0.wp.com\/landioustravel.com\/wp-content\/uploads\/2021\/06\/Landious-T.png?fit=500%2C500&ssl=1","contentUrl":"https:\/\/i0.wp.com\/landioustravel.com\/wp-content\/uploads\/2021\/06\/Landious-T.png?fit=500%2C500&ssl=1","width":500,"height":500,"caption":"Landious Travel"}]}},"jetpack_publicize_connections":[],"uagb_featured_image_src":{"full":["https:\/\/i0.wp.com\/landioustravel.com\/wp-content\/uploads\/2023\/08\/Dolphin-Show-Trip-from-Makadi-Bay-e1692282434274.jpg?fit=1200%2C675&ssl=1",1200,675,false],"thumbnail":["https:\/\/i0.wp.com\/landioustravel.com\/wp-content\/uploads\/2023\/08\/Dolphin-Show-Trip-from-Makadi-Bay-e1692282434274.jpg?resize=150%2C150&ssl=1",150,150,true],"medium":["https:\/\/i0.wp.com\/landioustravel.com\/wp-content\/uploads\/2023\/08\/Dolphin-Show-Trip-from-Makadi-Bay-e1692282434274.jpg?fit=300%2C169&ssl=1",300,169,true],"medium_large":["https:\/\/i0.wp.com\/landioustravel.com\/wp-content\/uploads\/2023\/08\/Dolphin-Show-Trip-from-Makadi-Bay-e1692282434274.jpg?fit=768%2C432&ssl=1",768,432,true],"large":["https:\/\/i0.wp.com\/landioustravel.com\/wp-content\/uploads\/2023\/08\/Dolphin-Show-Trip-from-Makadi-Bay-e1692282434274.jpg?fit=980%2C551&ssl=1",980,551,true],"1536x1536":["https:\/\/i0.wp.com\/landioustravel.com\/wp-content\/uploads\/2023\/08\/Dolphin-Show-Trip-from-Makadi-Bay-e1692282434274.jpg?fit=1200%2C675&ssl=1",1200,675,true],"2048x2048":["https:\/\/i0.wp.com\/landioustravel.com\/wp-content\/uploads\/2023\/08\/Dolphin-Show-Trip-from-Makadi-Bay-e1692282434274.jpg?fit=1200%2C675&ssl=1",1200,675,true],"newspack-article-block-landscape-large":["https:\/\/i0.wp.com\/landioustravel.com\/wp-content\/uploads\/2023\/08\/Dolphin-Show-Trip-from-Makadi-Bay-e1692282434274.jpg?resize=1200%2C675&ssl=1",1200,675,true],"newspack-article-block-portrait-large":["https:\/\/i0.wp.com\/landioustravel.com\/wp-content\/uploads\/2023\/08\/Dolphin-Show-Trip-from-Makadi-Bay-e1692282434274.jpg?resize=900%2C675&ssl=1",900,675,true],"newspack-article-block-square-large":["https:\/\/i0.wp.com\/landioustravel.com\/wp-content\/uploads\/2023\/08\/Dolphin-Show-Trip-from-Makadi-Bay-e1692282434274.jpg?resize=1200%2C675&ssl=1",1200,675,true],"newspack-article-block-landscape-medium":["https:\/\/i0.wp.com\/landioustravel.com\/wp-content\/uploads\/2023\/08\/Dolphin-Show-Trip-from-Makadi-Bay-e1692282434274.jpg?resize=800%2C600&ssl=1",800,600,true],"newspack-article-block-portrait-medium":["https:\/\/i0.wp.com\/landioustravel.com\/wp-content\/uploads\/2023\/08\/Dolphin-Show-Trip-from-Makadi-Bay-e1692282434274.jpg?resize=600%2C675&ssl=1",600,675,true],"newspack-article-block-square-medium":["https:\/\/i0.wp.com\/landioustravel.com\/wp-content\/uploads\/2023\/08\/Dolphin-Show-Trip-from-Makadi-Bay-e1692282434274.jpg?resize=800%2C675&ssl=1",800,675,true],"newspack-article-block-landscape-intermediate":["https:\/\/i0.wp.com\/landioustravel.com\/wp-content\/uploads\/2023\/08\/Dolphin-Show-Trip-from-Makadi-Bay-e1692282434274.jpg?resize=600%2C450&ssl=1",600,450,true],"newspack-article-block-portrait-intermediate":["https:\/\/i0.wp.com\/landioustravel.com\/wp-content\/uploads\/2023\/08\/Dolphin-Show-Trip-from-Makadi-Bay-e1692282434274.jpg?resize=450%2C600&ssl=1",450,600,true],"newspack-article-block-square-intermediate":["https:\/\/i0.wp.com\/landioustravel.com\/wp-content\/uploads\/2023\/08\/Dolphin-Show-Trip-from-Makadi-Bay-e1692282434274.jpg?resize=600%2C600&ssl=1",600,600,true],"newspack-article-block-landscape-small":["https:\/\/i0.wp.com\/landioustravel.com\/wp-content\/uploads\/2023\/08\/Dolphin-Show-Trip-from-Makadi-Bay-e1692282434274.jpg?resize=400%2C300&ssl=1",400,300,true],"newspack-article-block-portrait-small":["https:\/\/i0.wp.com\/landioustravel.com\/wp-content\/uploads\/2023\/08\/Dolphin-Show-Trip-from-Makadi-Bay-e1692282434274.jpg?resize=300%2C400&ssl=1",300,400,true],"newspack-article-block-square-small":["https:\/\/i0.wp.com\/landioustravel.com\/wp-content\/uploads\/2023\/08\/Dolphin-Show-Trip-from-Makadi-Bay-e1692282434274.jpg?resize=400%2C400&ssl=1",400,400,true],"newspack-article-block-landscape-tiny":["https:\/\/i0.wp.com\/landioustravel.com\/wp-content\/uploads\/2023\/08\/Dolphin-Show-Trip-from-Makadi-Bay-e1692282434274.jpg?resize=200%2C150&ssl=1",200,150,true],"newspack-article-block-portrait-tiny":["https:\/\/i0.wp.com\/landioustravel.com\/wp-content\/uploads\/2023\/08\/Dolphin-Show-Trip-from-Makadi-Bay-e1692282434274.jpg?resize=150%2C200&ssl=1",150,200,true],"newspack-article-block-square-tiny":["https:\/\/i0.wp.com\/landioustravel.com\/wp-content\/uploads\/2023\/08\/Dolphin-Show-Trip-from-Makadi-Bay-e1692282434274.jpg?resize=200%2C200&ssl=1",200,200,true],"newspack-article-block-uncropped":["https:\/\/i0.wp.com\/landioustravel.com\/wp-content\/uploads\/2023\/08\/Dolphin-Show-Trip-from-Makadi-Bay-e1692282434274.jpg?fit=1200%2C675&ssl=1",1200,675,true],"woocommerce_thumbnail":["https:\/\/i0.wp.com\/landioustravel.com\/wp-content\/uploads\/2023\/08\/Dolphin-Show-Trip-from-Makadi-Bay-e1692282434274.jpg?resize=324%2C324&ssl=1",324,324,true],"woocommerce_single":["https:\/\/i0.wp.com\/landioustravel.com\/wp-content\/uploads\/2023\/08\/Dolphin-Show-Trip-from-Makadi-Bay-e1692282434274.jpg?fit=416%2C234&ssl=1",416,234,true],"woocommerce_gallery_thumbnail":["https:\/\/i0.wp.com\/landioustravel.com\/wp-content\/uploads\/2023\/08\/Dolphin-Show-Trip-from-Makadi-Bay-e1692282434274.jpg?resize=100%2C100&ssl=1",100,100,true]},"uagb_author_info":{"display_name":"Mofreh Landious","author_link":"https:\/\/landioustravel.com\/it\/author\/"},"uagb_comment_info":0,"uagb_excerpt":"Sei entusiasta di assistere ad un'esperienza davvero fantastica? Ti invitiamo a partecipare all'escursione spettacolo dei delfini dalla baia di Makadi e lasciarti stupire dalla straordinaria collezione di creature marine in mostra. Avrai l'opportunit\u00e0 di ammirare gli incredibili talenti dei delfini del Mar Nero, delle foche orse settentrionali, dei leoni marini sudamericani e dei trichechi del&hellip;","jetpack_sharing_enabled":true,"jetpack_likes_enabled":true,"amp_enabled":true,"_links":{"self":[{"href":"https:\/\/landioustravel.com\/it\/wp-json\/wp\/v2\/product\/150550","targetHints":{"allow":["GET"]}}],"collection":[{"href":"https:\/\/landioustravel.com\/it\/wp-json\/wp\/v2\/product"}],"about":[{"href":"https:\/\/landioustravel.com\/it\/wp-json\/wp\/v2\/types\/product"}],"replies":[{"embeddable":true,"href":"https:\/\/landioustravel.com\/it\/wp-json\/wp\/v2\/comments?post=150550"}],"wp:featuredmedia":[{"embeddable":true,"href":"https:\/\/landioustravel.com\/it\/wp-json\/wp\/v2\/media\/150551"}],"wp:attachment":[{"href":"https:\/\/landioustravel.com\/it\/wp-json\/wp\/v2\/media?parent=150550"}],"wp:term":[{"taxonomy":"product_brand","embeddable":true,"href":"https:\/\/landioustravel.com\/it\/wp-json\/wp\/v2\/product_brand?post=150550"},{"taxonomy":"product_cat","embeddable":true,"href":"https:\/\/landioustravel.com\/it\/wp-json\/wp\/v2\/product_cat?post=150550"},{"taxonomy":"product_tag","embeddable":true,"href":"https:\/\/landioustravel.com\/it\/wp-json\/wp\/v2\/product_tag?post=150550"}],"curies":[{"name":"wp","href":"https:\/\/api.w.org\/{rel}","templated":true}]}}