{"id":1506,"date":"2018-12-03T21:41:36","date_gmt":"2018-12-03T19:41:36","guid":{"rendered":"https:\/\/landioustravel.com\/product\/escursione-cairo-giza-sharm\/"},"modified":"2025-10-01T20:22:13","modified_gmt":"2025-10-01T17:22:13","slug":"escursione-cairo-giza-sharm","status":"publish","type":"product","link":"https:\/\/landioustravel.com\/it\/shop\/escursione-cairo-giza-sharm\/","title":{"rendered":"Escursione al Cairo-Giza da Sharm El-Sheikh"},"content":{"rendered":"<p>Una meravigliosa escursione al Cairo e Giza dal resort di Sharm El-Sheikh! Raccomandiamo l&#8217;escursione perch\u00e9 consente ai turisti di vedere i luoghi pi\u00f9 suggestivi, costruiti durante l&#8217;antico Egitto, e di conoscere meglio la storia del paese.<\/p>\n<h2>Principali programmi di escursione al Cairo<\/h2>\n<ul>\n<li>Visita al Museo Egizio al Cairo<\/li>\n<li>Pranzo<\/li>\n<li>Visita alle tre piramidi di Giza<\/li>\n<li>E, la Grande Sfinge nel complesso piramidale<\/li>\n<\/ul>\n<h3>Il programma delle escursioni al Cairo &#8211; Giza da Sharm El Sheikh<\/h3>\n<ul>\n<li>Vi verremo a prendere dal vostro hotel alle 00:00 circa<\/li>\n<li>Dopo aver raccolto tutti gli arrivi, l&#8217;autobus parte in direzione del Cairo, passando le citt\u00e0 di El Tor, Abu Zinema, Ras Sidr e Suez. Tutte queste citt\u00e0 si trovano a nord di Sharm El Sheikh, sulla costa del Mar Rosso. La strada, dal centro di Sharm El Sheikh al Cairo, impiega circa 6 ore.<\/li>\n<\/ul>\n<h4>Programma al Cairo<\/h4>\n<ul>\n<li>Non appena arrivi al Cairo, ti mostriamo il Museo Egizio. La tua guida avr\u00e0 il compito di mostrare tutti questi templi e dar\u00e0 tempo libero per fare foto<\/li>\n<li>Dopo aver visitato il Museo Egizio al Cairo, inizi il picnic in barca sul fiume Nilo. Questo \u00e8 un programma aggiuntivo, e deve essere ordinato in anticipo tramite noi! Non appena termina il picnic in barca sul Nilo, ti dirigerai verso un&#8217;altra citt\u00e0, Giza<\/li>\n<\/ul>\n<h4>Programma a Giza<\/h4>\n<ul>\n<li>Il viaggio continua a Giza. La prima tappa, l\u00ec, sar\u00e0 nel ristorante. Offre un buffet aperto<\/li>\n<li>Dopo pranzo, fai shopping per un po &#8216;di tempo<\/li>\n<li>Quindi, il gruppo si dirige verso il complesso della piramide, dove ci sono grandi piramidi e Sfinge. La tua guida li mostra e d\u00e0 il tempo libero per fotografarli<\/li>\n<li>Prima della fine del programma a Giza, i turisti hanno tempo per lo shopping nella sala dei profumi<\/li>\n<li>Il nostro autobus parte, dopo un programma simile nelle meravigliose citt\u00e0 del Cairo e di Giza.<\/li>\n<\/ul>\n<h4>Cosa \u00e8 incluso nel prezzo del viaggio<\/h4>\n<ul>\n<li>I biglietti per visitare i siti turistici<\/li>\n<li>Pranzo<\/li>\n<li>Guida<\/li>\n<li>Trasferimento al Cairo e ritorno in hotel<\/li>\n<\/ul>\n<h5>Cosa non \u00e8 incluso nel prezzo del viaggio<\/h5>\n<ul>\n<li>Ulteriori programmi di escursione<\/li>\n<li>Bevande<\/li>\n<\/ul>\n<h5>Cosa portare con te per il viaggio<\/h5>\n<ul>\n<li>Scatola della colazione<\/li>\n<li>Passaporto<\/li>\n<li>Vestiti per la stagione<\/li>\n<\/ul>\n<h6>GIORNI DI ORGANIZZAZIONE DI ESCURSIONE<\/h6>\n<ul>\n<li>Tutti i giorni dalle 24:00 alle 23:30<\/li>\n<\/ul>\n","protected":false},"excerpt":{"rendered":"<p>Se stai cercando di esplorare Il Cairo e Giza in un solo giorno da Sharm El Sheikh, ti abbiamo coperto. Avrai la possibilit\u00e0 di vedere le tre meravigliose piramidi di Giza e la Grande Sfinge, seguite da un delizioso pranzo. Dopo pranzo, visiterai il Museo Egizio, che vanta un&#8217;incredibile collezione di oltre 150.000 pezzi unici distribuiti in 100 sale espositive. Per completare la tua escursione, puoi anche optare per un picnic in barca attraverso il fiume Nilo.<\/p>\n<p>Comprendiamo che le spese di viaggio possono sommarsi rapidamente, motivo per cui offriamo un modo pi\u00f9 economico per visitare il Cairo in un giorno senza la necessit\u00e0 di un costoso volo o treno da Sharm El Sheikh. La nostra gita di un giorno in pullman pu\u00f2 iniziare presto, ma ti assicura di non perderti i famosi siti egiziani al Cairo e dintorni. Farai parte di un gruppo ed esplorerai il Museo Egizio, la Grande Sfinge e le Piramidi di Giza in un tour a piedi, a cavallo o in cammello. Il nostro pullman climatizzato ti porter\u00e0 da Sharm El Sheikh al Cairo e abbiamo persino prenotato l&#8217;ingresso a siti come il Museo Egizio per farti risparmiare tempo. Avrai la possibilit\u00e0 di vivere le Piramidi di Giza in modo tradizionale, sul dorso di un cammello, e potrai anche fare un giro in barca sul Nilo (a un costo aggiuntivo).<\/p>\n<p>Durante la tua visita al Museo Egizio, avrai l&#8217;opportunit\u00e0 di ammirare innumerevoli mostre storiche per due ore, con un biglietto d&#8217;ingresso incluso. Se stai cercando un&#8217;esperienza pi\u00f9 piacevole, puoi scegliere di fare una gita in barca sul Nilo a pagamento o passeggiare lungo le rive del Nilo gratuitamente per 30 minuti. Le Piramidi di Giza sono assolutamente da vedere e un&#8217;esperienza favolosa. Qui troverai un totale di tre piramidi: le piramidi di Chefren, Cheope e Micerino. Puoi esplorare la zona a piedi, a cavallo o in cammello, con una durata di 2-3 ore e un biglietto d&#8217;ingresso incluso. Infine, dopo aver visitato le piramidi di Giza, ti dirigerai verso la Grande Sfinge, la Sfinge di gran lunga pi\u00f9 grande e meglio conservata. La Sfinge presentava una testa umana sul corpo di un leone ed \u00e8 stata scolpita dal resto di un tumulo calcareo che serviva da cava per la Grande Piramide di Cheope. La visita dura circa 20-30 minuti.<\/p>\n<p>Ci auguriamo che queste informazioni ti aiutino a pianificare il tuo viaggio al Cairo e Giza e siamo qui per aiutarti con qualsiasi domanda o dubbio tu possa avere.<\/p>\n","protected":false},"featured_media":99445,"comment_status":"open","ping_status":"closed","template":"","meta":{"_coblocks_attr":"","_coblocks_dimensions":"","_coblocks_responsive_height":"","_coblocks_accordion_ie_support":"","_uag_custom_page_level_css":"","jetpack_publicize_message":"","jetpack_publicize_feature_enabled":true,"jetpack_social_post_already_shared":false,"jetpack_social_options":{"image_generator_settings":{"template":"highway","default_image_id":0,"font":"","enabled":false},"version":2},"_wpas_customize_per_network":false},"product_brand":[],"product_cat":[1639,1640,23528],"product_tag":[1644,1643,1645,1646,1648,9910],"class_list":{"0":"post-1506","1":"product","2":"type-product","3":"status-publish","4":"has-post-thumbnail","6":"product_cat-escursioni-sharm-el-sheikh","7":"product_cat-escursioni-storiche-sharm-sheikh","8":"product_cat-gite-un-giorno-sharm-sheikh","9":"product_tag-escursione","10":"product_tag-il-cairo","11":"product_tag-piramidi","12":"product_tag-sfinge","13":"product_tag-sharm-el-sheikh-it","14":"product_tag-visita-turistica","15":"pa_age-adulto","16":"pa_age-bambino-1-4-anni","17":"pa_age-bambino-5-11-anni","19":"first","20":"instock","21":"sale","22":"purchasable","23":"product-type-variable"},"yoast_head":"<!-- This site is optimized with the Yoast SEO Premium plugin v26.9 (Yoast SEO v27.5) - https:\/\/yoast.com\/product\/yoast-seo-premium-wordpress\/ -->\n<title>Escursione al Cairo-Giza da Sharm El-Sheikh<\/title>\n<meta name=\"description\" content=\"Escursione al Cairo-Giza da Sharm El-Sheikh si dirige al Museo Egizio del Cairo, tre piramidi _ Khafre, Menkaure e Cheope, e anche, la grande Sfinge\" \/>\n<meta name=\"robots\" content=\"index, follow, max-snippet:-1, max-image-preview:large, max-video-preview:-1\" \/>\n<link rel=\"canonical\" href=\"https:\/\/landioustravel.com\/it\/shop\/escursione-cairo-giza-sharm\/\" \/>\n<meta property=\"og:locale\" content=\"it_IT\" \/>\n<meta property=\"og:type\" content=\"article\" \/>\n<meta property=\"og:title\" content=\"Escursione al Cairo-Giza da Sharm El-Sheikh\" \/>\n<meta property=\"og:description\" content=\"Landious Travel\" \/>\n<meta property=\"og:url\" content=\"https:\/\/landioustravel.com\/it\/shop\/escursione-cairo-giza-sharm\/\" \/>\n<meta property=\"og:site_name\" content=\"Landious Travel\" \/>\n<meta property=\"article:publisher\" content=\"https:\/\/web.facebook.com\/landiousEgypt\" \/>\n<meta property=\"article:modified_time\" content=\"2025-10-01T17:22:13+00:00\" \/>\n<meta property=\"og:image\" content=\"https:\/\/i0.wp.com\/landioustravel.com\/wp-content\/uploads\/2022\/05\/Egyptian-Pyramids-e1652448963518.jpg?fit=1200%2C675&ssl=1\" \/>\n\t<meta property=\"og:image:width\" content=\"1200\" \/>\n\t<meta property=\"og:image:height\" content=\"675\" \/>\n\t<meta property=\"og:image:type\" content=\"image\/jpeg\" \/>\n<meta name=\"twitter:card\" content=\"summary_large_image\" \/>\n<meta name=\"twitter:site\" content=\"@LandiousTours\" \/>\n<meta name=\"twitter:label1\" content=\"Tempo di lettura stimato\" \/>\n\t<meta name=\"twitter:data1\" content=\"2 minuti\" \/>\n<script type=\"application\/ld+json\" class=\"yoast-schema-graph\">{\"@context\":\"https:\\\/\\\/schema.org\",\"@graph\":[{\"@type\":\"WebPage\",\"@id\":\"https:\\\/\\\/landioustravel.com\\\/it\\\/shop\\\/escursione-cairo-giza-sharm\\\/\",\"url\":\"https:\\\/\\\/landioustravel.com\\\/it\\\/shop\\\/escursione-cairo-giza-sharm\\\/\",\"name\":\"Escursione al Cairo-Giza da Sharm El-Sheikh\",\"isPartOf\":{\"@id\":\"https:\\\/\\\/landioustravel.com\\\/it\\\/#website\"},\"primaryImageOfPage\":{\"@id\":\"https:\\\/\\\/landioustravel.com\\\/it\\\/shop\\\/escursione-cairo-giza-sharm\\\/#primaryimage\"},\"image\":{\"@id\":\"https:\\\/\\\/landioustravel.com\\\/it\\\/shop\\\/escursione-cairo-giza-sharm\\\/#primaryimage\"},\"thumbnailUrl\":\"https:\\\/\\\/i0.wp.com\\\/landioustravel.com\\\/wp-content\\\/uploads\\\/2022\\\/05\\\/Egyptian-Pyramids-e1652448963518.jpg?fit=1200%2C675&ssl=1\",\"datePublished\":\"2018-12-03T19:41:36+00:00\",\"dateModified\":\"2025-10-01T17:22:13+00:00\",\"description\":\"Escursione al Cairo-Giza da Sharm El-Sheikh si dirige al Museo Egizio del Cairo, tre piramidi _ Khafre, Menkaure e Cheope, e anche, la grande Sfinge\",\"breadcrumb\":{\"@id\":\"https:\\\/\\\/landioustravel.com\\\/it\\\/shop\\\/escursione-cairo-giza-sharm\\\/#breadcrumb\"},\"inLanguage\":\"it-IT\",\"potentialAction\":[{\"@type\":\"ReadAction\",\"target\":[\"https:\\\/\\\/landioustravel.com\\\/it\\\/shop\\\/escursione-cairo-giza-sharm\\\/\"]}]},{\"@type\":\"ImageObject\",\"inLanguage\":\"it-IT\",\"@id\":\"https:\\\/\\\/landioustravel.com\\\/it\\\/shop\\\/escursione-cairo-giza-sharm\\\/#primaryimage\",\"url\":\"https:\\\/\\\/i0.wp.com\\\/landioustravel.com\\\/wp-content\\\/uploads\\\/2022\\\/05\\\/Egyptian-Pyramids-e1652448963518.jpg?fit=1200%2C675&ssl=1\",\"contentUrl\":\"https:\\\/\\\/i0.wp.com\\\/landioustravel.com\\\/wp-content\\\/uploads\\\/2022\\\/05\\\/Egyptian-Pyramids-e1652448963518.jpg?fit=1200%2C675&ssl=1\",\"width\":1200,\"height\":675,\"caption\":\"Egyptian pyramids\"},{\"@type\":\"BreadcrumbList\",\"@id\":\"https:\\\/\\\/landioustravel.com\\\/it\\\/shop\\\/escursione-cairo-giza-sharm\\\/#breadcrumb\",\"itemListElement\":[{\"@type\":\"ListItem\",\"position\":1,\"name\":\"Home\",\"item\":\"https:\\\/\\\/landioustravel.com\\\/it\\\/\"},{\"@type\":\"ListItem\",\"position\":2,\"name\":\"Tour in Egitto\",\"item\":\"https:\\\/\\\/landioustravel.com\\\/it\\\/\"},{\"@type\":\"ListItem\",\"position\":3,\"name\":\"Escursione al Cairo-Giza da Sharm El-Sheikh\"}]},{\"@type\":\"WebSite\",\"@id\":\"https:\\\/\\\/landioustravel.com\\\/it\\\/#website\",\"url\":\"https:\\\/\\\/landioustravel.com\\\/it\\\/\",\"name\":\"Landious Travel\",\"description\":\"Excursions, trips and cruises in Egypt\",\"publisher\":{\"@id\":\"https:\\\/\\\/landioustravel.com\\\/it\\\/#organization\"},\"potentialAction\":[{\"@type\":\"SearchAction\",\"target\":{\"@type\":\"EntryPoint\",\"urlTemplate\":\"https:\\\/\\\/landioustravel.com\\\/it\\\/?s={search_term_string}\"},\"query-input\":{\"@type\":\"PropertyValueSpecification\",\"valueRequired\":true,\"valueName\":\"search_term_string\"}}],\"inLanguage\":\"it-IT\"},{\"@type\":[\"Organization\",\"Place\"],\"@id\":\"https:\\\/\\\/landioustravel.com\\\/it\\\/#organization\",\"name\":\"Landious Travel\",\"alternateName\":\"Landious Travel\",\"url\":\"https:\\\/\\\/landioustravel.com\\\/it\\\/\",\"logo\":{\"@id\":\"https:\\\/\\\/landioustravel.com\\\/it\\\/shop\\\/escursione-cairo-giza-sharm\\\/#local-main-organization-logo\"},\"image\":{\"@id\":\"https:\\\/\\\/landioustravel.com\\\/it\\\/shop\\\/escursione-cairo-giza-sharm\\\/#local-main-organization-logo\"},\"sameAs\":[\"https:\\\/\\\/web.facebook.com\\\/landiousEgypt\",\"https:\\\/\\\/x.com\\\/LandiousTours\",\"https:\\\/\\\/mastodon.social\\\/@landious\"],\"legalName\":\"Landious Travel\",\"telephone\":[],\"openingHoursSpecification\":[{\"@type\":\"OpeningHoursSpecification\",\"dayOfWeek\":[\"Monday\",\"Tuesday\",\"Wednesday\",\"Thursday\",\"Friday\",\"Saturday\",\"Sunday\"],\"opens\":\"09:00\",\"closes\":\"17:00\"}]},{\"@type\":\"ImageObject\",\"inLanguage\":\"it-IT\",\"@id\":\"https:\\\/\\\/landioustravel.com\\\/it\\\/shop\\\/escursione-cairo-giza-sharm\\\/#local-main-organization-logo\",\"url\":\"https:\\\/\\\/i0.wp.com\\\/landioustravel.com\\\/wp-content\\\/uploads\\\/2021\\\/06\\\/Landious-T.png?fit=500%2C500&ssl=1\",\"contentUrl\":\"https:\\\/\\\/i0.wp.com\\\/landioustravel.com\\\/wp-content\\\/uploads\\\/2021\\\/06\\\/Landious-T.png?fit=500%2C500&ssl=1\",\"width\":500,\"height\":500,\"caption\":\"Landious Travel\"}]}<\/script>\n<!-- \/ Yoast SEO Premium plugin. -->","yoast_head_json":{"title":"Escursione al Cairo-Giza da Sharm El-Sheikh","description":"Escursione al Cairo-Giza da Sharm El-Sheikh si dirige al Museo Egizio del Cairo, tre piramidi _ Khafre, Menkaure e Cheope, e anche, la grande Sfinge","robots":{"index":"index","follow":"follow","max-snippet":"max-snippet:-1","max-image-preview":"max-image-preview:large","max-video-preview":"max-video-preview:-1"},"canonical":"https:\/\/landioustravel.com\/it\/shop\/escursione-cairo-giza-sharm\/","og_locale":"it_IT","og_type":"article","og_title":"Escursione al Cairo-Giza da Sharm El-Sheikh","og_description":"Landious Travel","og_url":"https:\/\/landioustravel.com\/it\/shop\/escursione-cairo-giza-sharm\/","og_site_name":"Landious Travel","article_publisher":"https:\/\/web.facebook.com\/landiousEgypt","article_modified_time":"2025-10-01T17:22:13+00:00","og_image":[{"width":1200,"height":675,"url":"https:\/\/i0.wp.com\/landioustravel.com\/wp-content\/uploads\/2022\/05\/Egyptian-Pyramids-e1652448963518.jpg?fit=1200%2C675&ssl=1","type":"image\/jpeg"}],"twitter_card":"summary_large_image","twitter_site":"@LandiousTours","twitter_misc":{"Tempo di lettura stimato":"2 minuti"},"schema":{"@context":"https:\/\/schema.org","@graph":[{"@type":"WebPage","@id":"https:\/\/landioustravel.com\/it\/shop\/escursione-cairo-giza-sharm\/","url":"https:\/\/landioustravel.com\/it\/shop\/escursione-cairo-giza-sharm\/","name":"Escursione al Cairo-Giza da Sharm El-Sheikh","isPartOf":{"@id":"https:\/\/landioustravel.com\/it\/#website"},"primaryImageOfPage":{"@id":"https:\/\/landioustravel.com\/it\/shop\/escursione-cairo-giza-sharm\/#primaryimage"},"image":{"@id":"https:\/\/landioustravel.com\/it\/shop\/escursione-cairo-giza-sharm\/#primaryimage"},"thumbnailUrl":"https:\/\/i0.wp.com\/landioustravel.com\/wp-content\/uploads\/2022\/05\/Egyptian-Pyramids-e1652448963518.jpg?fit=1200%2C675&ssl=1","datePublished":"2018-12-03T19:41:36+00:00","dateModified":"2025-10-01T17:22:13+00:00","description":"Escursione al Cairo-Giza da Sharm El-Sheikh si dirige al Museo Egizio del Cairo, tre piramidi _ Khafre, Menkaure e Cheope, e anche, la grande Sfinge","breadcrumb":{"@id":"https:\/\/landioustravel.com\/it\/shop\/escursione-cairo-giza-sharm\/#breadcrumb"},"inLanguage":"it-IT","potentialAction":[{"@type":"ReadAction","target":["https:\/\/landioustravel.com\/it\/shop\/escursione-cairo-giza-sharm\/"]}]},{"@type":"ImageObject","inLanguage":"it-IT","@id":"https:\/\/landioustravel.com\/it\/shop\/escursione-cairo-giza-sharm\/#primaryimage","url":"https:\/\/i0.wp.com\/landioustravel.com\/wp-content\/uploads\/2022\/05\/Egyptian-Pyramids-e1652448963518.jpg?fit=1200%2C675&ssl=1","contentUrl":"https:\/\/i0.wp.com\/landioustravel.com\/wp-content\/uploads\/2022\/05\/Egyptian-Pyramids-e1652448963518.jpg?fit=1200%2C675&ssl=1","width":1200,"height":675,"caption":"Egyptian pyramids"},{"@type":"BreadcrumbList","@id":"https:\/\/landioustravel.com\/it\/shop\/escursione-cairo-giza-sharm\/#breadcrumb","itemListElement":[{"@type":"ListItem","position":1,"name":"Home","item":"https:\/\/landioustravel.com\/it\/"},{"@type":"ListItem","position":2,"name":"Tour in Egitto","item":"https:\/\/landioustravel.com\/it\/"},{"@type":"ListItem","position":3,"name":"Escursione al Cairo-Giza da Sharm El-Sheikh"}]},{"@type":"WebSite","@id":"https:\/\/landioustravel.com\/it\/#website","url":"https:\/\/landioustravel.com\/it\/","name":"Landious Travel","description":"Excursions, trips and cruises in Egypt","publisher":{"@id":"https:\/\/landioustravel.com\/it\/#organization"},"potentialAction":[{"@type":"SearchAction","target":{"@type":"EntryPoint","urlTemplate":"https:\/\/landioustravel.com\/it\/?s={search_term_string}"},"query-input":{"@type":"PropertyValueSpecification","valueRequired":true,"valueName":"search_term_string"}}],"inLanguage":"it-IT"},{"@type":["Organization","Place"],"@id":"https:\/\/landioustravel.com\/it\/#organization","name":"Landious Travel","alternateName":"Landious Travel","url":"https:\/\/landioustravel.com\/it\/","logo":{"@id":"https:\/\/landioustravel.com\/it\/shop\/escursione-cairo-giza-sharm\/#local-main-organization-logo"},"image":{"@id":"https:\/\/landioustravel.com\/it\/shop\/escursione-cairo-giza-sharm\/#local-main-organization-logo"},"sameAs":["https:\/\/web.facebook.com\/landiousEgypt","https:\/\/x.com\/LandiousTours","https:\/\/mastodon.social\/@landious"],"legalName":"Landious Travel","telephone":[],"openingHoursSpecification":[{"@type":"OpeningHoursSpecification","dayOfWeek":["Monday","Tuesday","Wednesday","Thursday","Friday","Saturday","Sunday"],"opens":"09:00","closes":"17:00"}]},{"@type":"ImageObject","inLanguage":"it-IT","@id":"https:\/\/landioustravel.com\/it\/shop\/escursione-cairo-giza-sharm\/#local-main-organization-logo","url":"https:\/\/i0.wp.com\/landioustravel.com\/wp-content\/uploads\/2021\/06\/Landious-T.png?fit=500%2C500&ssl=1","contentUrl":"https:\/\/i0.wp.com\/landioustravel.com\/wp-content\/uploads\/2021\/06\/Landious-T.png?fit=500%2C500&ssl=1","width":500,"height":500,"caption":"Landious Travel"}]}},"jetpack_publicize_connections":[],"uagb_featured_image_src":{"full":["https:\/\/i0.wp.com\/landioustravel.com\/wp-content\/uploads\/2022\/05\/Egyptian-Pyramids-e1652448963518.jpg?fit=1200%2C675&ssl=1",1200,675,false],"thumbnail":["https:\/\/i0.wp.com\/landioustravel.com\/wp-content\/uploads\/2022\/05\/Egyptian-Pyramids-e1652448963518.jpg?resize=150%2C150&ssl=1",150,150,true],"medium":["https:\/\/i0.wp.com\/landioustravel.com\/wp-content\/uploads\/2022\/05\/Egyptian-Pyramids-e1652448963518.jpg?fit=300%2C169&ssl=1",300,169,true],"medium_large":["https:\/\/i0.wp.com\/landioustravel.com\/wp-content\/uploads\/2022\/05\/Egyptian-Pyramids-e1652448963518.jpg?fit=768%2C432&ssl=1",768,432,true],"large":["https:\/\/i0.wp.com\/landioustravel.com\/wp-content\/uploads\/2022\/05\/Egyptian-Pyramids-e1652448963518.jpg?fit=980%2C551&ssl=1",980,551,true],"1536x1536":["https:\/\/i0.wp.com\/landioustravel.com\/wp-content\/uploads\/2022\/05\/Egyptian-Pyramids-e1652448963518.jpg?fit=1536%2C864&ssl=1",1536,864,true],"2048x2048":["https:\/\/i0.wp.com\/landioustravel.com\/wp-content\/uploads\/2022\/05\/Egyptian-Pyramids-e1652448963518.jpg?fit=1200%2C675&ssl=1",1200,675,true],"newspack-article-block-landscape-large":["https:\/\/i0.wp.com\/landioustravel.com\/wp-content\/uploads\/2022\/05\/Egyptian-Pyramids-e1652448963518.jpg?resize=1200%2C675&ssl=1",1200,675,true],"newspack-article-block-portrait-large":["https:\/\/i0.wp.com\/landioustravel.com\/wp-content\/uploads\/2022\/05\/Egyptian-Pyramids-e1652448963518.jpg?resize=900%2C675&ssl=1",900,675,true],"newspack-article-block-square-large":["https:\/\/i0.wp.com\/landioustravel.com\/wp-content\/uploads\/2022\/05\/Egyptian-Pyramids-e1652448963518.jpg?resize=1200%2C675&ssl=1",1200,675,true],"newspack-article-block-landscape-medium":["https:\/\/i0.wp.com\/landioustravel.com\/wp-content\/uploads\/2022\/05\/Egyptian-Pyramids-e1652448963518.jpg?resize=800%2C600&ssl=1",800,600,true],"newspack-article-block-portrait-medium":["https:\/\/i0.wp.com\/landioustravel.com\/wp-content\/uploads\/2022\/05\/Egyptian-Pyramids-e1652448963518.jpg?resize=600%2C675&ssl=1",600,675,true],"newspack-article-block-square-medium":["https:\/\/i0.wp.com\/landioustravel.com\/wp-content\/uploads\/2022\/05\/Egyptian-Pyramids-e1652448963518.jpg?resize=800%2C675&ssl=1",800,675,true],"newspack-article-block-landscape-intermediate":["https:\/\/i0.wp.com\/landioustravel.com\/wp-content\/uploads\/2022\/05\/Egyptian-Pyramids-e1652448963518.jpg?resize=600%2C450&ssl=1",600,450,true],"newspack-article-block-portrait-intermediate":["https:\/\/i0.wp.com\/landioustravel.com\/wp-content\/uploads\/2022\/05\/Egyptian-Pyramids-e1652448963518.jpg?resize=450%2C600&ssl=1",450,600,true],"newspack-article-block-square-intermediate":["https:\/\/i0.wp.com\/landioustravel.com\/wp-content\/uploads\/2022\/05\/Egyptian-Pyramids-e1652448963518.jpg?resize=600%2C600&ssl=1",600,600,true],"newspack-article-block-landscape-small":["https:\/\/i0.wp.com\/landioustravel.com\/wp-content\/uploads\/2022\/05\/Egyptian-Pyramids-e1652448963518.jpg?resize=400%2C300&ssl=1",400,300,true],"newspack-article-block-portrait-small":["https:\/\/i0.wp.com\/landioustravel.com\/wp-content\/uploads\/2022\/05\/Egyptian-Pyramids-e1652448963518.jpg?resize=300%2C400&ssl=1",300,400,true],"newspack-article-block-square-small":["https:\/\/i0.wp.com\/landioustravel.com\/wp-content\/uploads\/2022\/05\/Egyptian-Pyramids-e1652448963518.jpg?resize=400%2C400&ssl=1",400,400,true],"newspack-article-block-landscape-tiny":["https:\/\/i0.wp.com\/landioustravel.com\/wp-content\/uploads\/2022\/05\/Egyptian-Pyramids-e1652448963518.jpg?resize=200%2C150&ssl=1",200,150,true],"newspack-article-block-portrait-tiny":["https:\/\/i0.wp.com\/landioustravel.com\/wp-content\/uploads\/2022\/05\/Egyptian-Pyramids-e1652448963518.jpg?resize=150%2C200&ssl=1",150,200,true],"newspack-article-block-square-tiny":["https:\/\/i0.wp.com\/landioustravel.com\/wp-content\/uploads\/2022\/05\/Egyptian-Pyramids-e1652448963518.jpg?resize=200%2C200&ssl=1",200,200,true],"newspack-article-block-uncropped":["https:\/\/i0.wp.com\/landioustravel.com\/wp-content\/uploads\/2022\/05\/Egyptian-Pyramids-e1652448963518.jpg?fit=1200%2C675&ssl=1",1200,675,true],"woocommerce_thumbnail":["https:\/\/i0.wp.com\/landioustravel.com\/wp-content\/uploads\/2022\/05\/Egyptian-Pyramids-e1652448963518.jpg?resize=324%2C324&ssl=1",324,324,true],"woocommerce_single":["https:\/\/i0.wp.com\/landioustravel.com\/wp-content\/uploads\/2022\/05\/Egyptian-Pyramids-e1652448963518.jpg?fit=416%2C234&ssl=1",416,234,true],"woocommerce_gallery_thumbnail":["https:\/\/i0.wp.com\/landioustravel.com\/wp-content\/uploads\/2022\/05\/Egyptian-Pyramids-e1652448963518.jpg?resize=100%2C100&ssl=1",100,100,true]},"uagb_author_info":{"display_name":"Mofreh Landious","author_link":"https:\/\/landioustravel.com\/it\/author\/"},"uagb_comment_info":6,"uagb_excerpt":"Se stai cercando di esplorare Il Cairo e Giza in un solo giorno da Sharm El Sheikh, ti abbiamo coperto. Avrai la possibilit\u00e0 di vedere le tre meravigliose piramidi di Giza e la Grande Sfinge, seguite da un delizioso pranzo. Dopo pranzo, visiterai il Museo Egizio, che vanta un'incredibile collezione di oltre 150.000 pezzi unici&hellip;","jetpack_sharing_enabled":true,"jetpack_likes_enabled":true,"amp_enabled":true,"_links":{"self":[{"href":"https:\/\/landioustravel.com\/it\/wp-json\/wp\/v2\/product\/1506","targetHints":{"allow":["GET"]}}],"collection":[{"href":"https:\/\/landioustravel.com\/it\/wp-json\/wp\/v2\/product"}],"about":[{"href":"https:\/\/landioustravel.com\/it\/wp-json\/wp\/v2\/types\/product"}],"replies":[{"embeddable":true,"href":"https:\/\/landioustravel.com\/it\/wp-json\/wp\/v2\/comments?post=1506"}],"wp:featuredmedia":[{"embeddable":true,"href":"https:\/\/landioustravel.com\/it\/wp-json\/wp\/v2\/media\/99445"}],"wp:attachment":[{"href":"https:\/\/landioustravel.com\/it\/wp-json\/wp\/v2\/media?parent=1506"}],"wp:term":[{"taxonomy":"product_brand","embeddable":true,"href":"https:\/\/landioustravel.com\/it\/wp-json\/wp\/v2\/product_brand?post=1506"},{"taxonomy":"product_cat","embeddable":true,"href":"https:\/\/landioustravel.com\/it\/wp-json\/wp\/v2\/product_cat?post=1506"},{"taxonomy":"product_tag","embeddable":true,"href":"https:\/\/landioustravel.com\/it\/wp-json\/wp\/v2\/product_tag?post=1506"}],"curies":[{"name":"wp","href":"https:\/\/api.w.org\/{rel}","templated":true}]}}