{"id":1508,"date":"2023-03-26T16:58:01","date_gmt":"2018-11-26T14:58:01","guid":{"rendered":"https:\/\/landioustravel.com\/product\/giro-citta-hurghada\/"},"modified":"2024-01-13T19:14:13","modified_gmt":"2024-01-13T17:14:13","slug":"giro-citta-hurghada","status":"publish","type":"product","link":"https:\/\/landioustravel.com\/it\/shop\/giro-citta-hurghada\/","title":{"rendered":"Giro della citt\u00e0 di Hurghada"},"content":{"rendered":"<p>Un&#8217;escursione molto istruttiva per esplorare la citt\u00e0 di Hurghada! Raccomandiamo il viaggio perch\u00e9 permette ai turisti di scoprire la citt\u00e0 con tutte le sue diverse aree e attrazioni.<\/p>\n<h2>I punti principali del programma del tour della citt\u00e0 di Hurghada<\/h2>\n<ul>\n<li>Visitando gli argini a Hurghada (Marina Boulevard)<\/li>\n<li>Inoltre, il porto, e avere un&#8217;idea di come preparare gli yacht in questo porto.<\/li>\n<li>Quindi, l&#8217;ispezione della pi\u00f9 grande moschea di Hurghada<\/li>\n<li>Dopo, visita il mercato della frutta e ne pesca uno<\/li>\n<li>Il viaggio include una visita alla Chiesa ortodossa<\/li>\n<li>Infine, acquisti nella fabbrica dell&#8217;olio e nella sala dei souvenir<\/li>\n<\/ul>\n<h3>Il programma del tour della citt\u00e0 di Hurghada<\/h3>\n<ul>\n<li>Vi verremo a prendere dal vostro hotel alle 15:00 circa<\/li>\n<li>Dopo aver raccolto tutti gli arrivi, l&#8217;autobus arriva in citt\u00e0. Ci vogliono circa 10 minuti per raggiungere la citt\u00e0<\/li>\n<li>All&#8217;inizio del tour, realizzerai una panoramica panoramica della citt\u00e0. L\u00ec, la tua guida fornisce informazioni su quali aree abbiamo a Hurghada<\/li>\n<li>Dopo questa vista panoramica di Hurghada, guidi lungo la strada dello Sheraton e vedi la vecchia citt\u00e0 di Sakkala<\/li>\n<li>A Sakkala visiterai gli argini _ Marina Boulevard<\/li>\n<li>E, accanto, il mercato del pesce, la moschea El Mina e il porto<\/li>\n<li>Dopo aver visitato la citt\u00e0 vecchia, guidi verso l&#8217;area moderna di Dahar. L\u00ec, vedi la Chiesa copta ortodossa<\/li>\n<li>Infine, visiti la fabbrica dell&#8217;olio e la sala dei souvenir<\/li>\n<\/ul>\n<h4>Cosa \u00e8 incluso nel prezzo del tour<\/h4>\n<ul>\n<li>Trasferimento in citt\u00e0 e ritorno in hotel<\/li>\n<\/ul>\n<h5>Cosa non \u00e8 incluso nel prezzo del tour<\/h5>\n<ul>\n<li>Programmi aggiuntivi<\/li>\n<\/ul>\n<h6>Cosa fare durante un tour<\/h6>\n<ul>\n<li>Occhiali da sole<\/li>\n<\/ul>\n<h6>GIORNI DI ORGANIZZAZIONE DI ESCURSIONE<\/h6>\n<ul>\n<li>Tutti i giorni dalle 15:00 alle 18:00<\/li>\n<\/ul>\n","protected":false},"excerpt":{"rendered":"<p>Parti per un delizioso giro turistico a Hurghada ed esplora i monumenti pi\u00f9 accattivanti della citt\u00e0 e le gemme nascoste. Dalla citt\u00e0 vecchia e dal mercato della frutta al mercato del pesce, piattaforme, la grande moschea, la chiesa copta e il porto, questo tour ha tutto. Mentre cammini per la citt\u00e0, la nostra guida esperta condivider\u00e0 consigli utili e approfondimenti affascinanti su ogni luogo. Questo tour \u00e8 un&#8217;eccellente opportunit\u00e0 per scoprire la vera essenza di Hurghada oltre le sue splendide spiagge. Lascia che la nostra esperta guida locale ti accompagni in un viaggio nel tempo e nella cultura in poche ore. Imparerai a conoscere la comunit\u00e0 di pescatori nel cantiere navale, ammirerai la pi\u00f9 grande moschea della citt\u00e0 e visiterai la pi\u00f9 antica chiesa copta della zona. Con il trasporto porta a porta, puoi risparmiare energia per visitare la citt\u00e0 e goderti un tour senza problemi in cui tutte le quote di iscrizione sono coperte in anticipo. Inoltre, non perdere l&#8217;occasione di visitare il vivace mercato ortofrutticolo, una vera delizia per tutti i sensi. Unisciti a noi in questa straordinaria avventura e innamorati di Hurghada, un punto di riferimento alla volta.<\/p>\n","protected":false},"featured_media":1509,"comment_status":"open","ping_status":"closed","template":"","meta":{"_coblocks_attr":"","_coblocks_dimensions":"","_coblocks_responsive_height":"","_coblocks_accordion_ie_support":"","_uag_custom_page_level_css":"","jetpack_publicize_message":"","jetpack_publicize_feature_enabled":true,"jetpack_social_post_already_shared":false,"jetpack_social_options":{"image_generator_settings":{"template":"highway","default_image_id":0,"font":"","enabled":false},"version":2},"_wpas_customize_per_network":false},"product_brand":[],"product_cat":[1632,22508,1633],"product_tag":[1644,1669,1661,9910],"class_list":{"0":"post-1508","1":"product","2":"type-product","3":"status-publish","4":"has-post-thumbnail","6":"product_cat-escursioni-hurghada","7":"product_cat-escursioni-economiche-hurghada","8":"product_cat-tour-citta-hurghada","9":"product_tag-escursione","10":"product_tag-giro-della-citta","11":"product_tag-hurghada-it","12":"product_tag-visita-turistica","13":"pa_age-adulto","14":"pa_age-bambino","16":"first","17":"instock","18":"sale","19":"purchasable","20":"product-type-variable"},"yoast_head":"<!-- This site is optimized with the Yoast SEO Premium plugin v26.9 (Yoast SEO v27.5) - https:\/\/yoast.com\/product\/yoast-seo-premium-wordpress\/ -->\n<title>Giro della citt\u00e0 di Hurghada -<\/title>\n<meta name=\"description\" content=\"Giro della citt\u00e0 di Hurghada visita al Marina Boulevard, al porto, alla moschea El-Mina, al mercato della frutta, al mercato del pesce e alla Chiesa copta e facendo shopping\" \/>\n<meta name=\"robots\" content=\"index, follow, max-snippet:-1, max-image-preview:large, max-video-preview:-1\" \/>\n<link rel=\"canonical\" href=\"https:\/\/landioustravel.com\/it\/shop\/giro-citta-hurghada\/\" \/>\n<meta property=\"og:locale\" content=\"it_IT\" \/>\n<meta property=\"og:type\" content=\"article\" \/>\n<meta property=\"og:title\" content=\"Giro della citt\u00e0 di Hurghada\" \/>\n<meta property=\"og:description\" content=\"Landious Travel\" \/>\n<meta property=\"og:url\" content=\"https:\/\/landioustravel.com\/it\/shop\/giro-citta-hurghada\/\" \/>\n<meta property=\"og:site_name\" content=\"Landious Travel\" \/>\n<meta property=\"article:publisher\" content=\"https:\/\/web.facebook.com\/landiousEgypt\" \/>\n<meta property=\"article:modified_time\" content=\"2024-01-13T17:14:13+00:00\" \/>\n<meta property=\"og:image\" content=\"https:\/\/i0.wp.com\/landioustravel.com\/wp-content\/uploads\/2019\/01\/Giro_della_citt\u00e0_di_Hurghada-e1553128479443.jpg?fit=1200%2C676&ssl=1\" \/>\n\t<meta property=\"og:image:width\" content=\"1200\" \/>\n\t<meta property=\"og:image:height\" content=\"676\" \/>\n\t<meta property=\"og:image:type\" content=\"image\/jpeg\" \/>\n<meta name=\"twitter:card\" content=\"summary_large_image\" \/>\n<meta name=\"twitter:site\" content=\"@LandiousTours\" \/>\n<meta name=\"twitter:label1\" content=\"Tempo di lettura stimato\" \/>\n\t<meta name=\"twitter:data1\" content=\"2 minuti\" \/>\n<script type=\"application\/ld+json\" class=\"yoast-schema-graph\">{\"@context\":\"https:\\\/\\\/schema.org\",\"@graph\":[{\"@type\":\"WebPage\",\"@id\":\"https:\\\/\\\/landioustravel.com\\\/it\\\/shop\\\/giro-citta-hurghada\\\/\",\"url\":\"https:\\\/\\\/landioustravel.com\\\/it\\\/shop\\\/giro-citta-hurghada\\\/\",\"name\":\"Giro della citt\u00e0 di Hurghada -\",\"isPartOf\":{\"@id\":\"https:\\\/\\\/landioustravel.com\\\/it\\\/#website\"},\"primaryImageOfPage\":{\"@id\":\"https:\\\/\\\/landioustravel.com\\\/it\\\/shop\\\/giro-citta-hurghada\\\/#primaryimage\"},\"image\":{\"@id\":\"https:\\\/\\\/landioustravel.com\\\/it\\\/shop\\\/giro-citta-hurghada\\\/#primaryimage\"},\"thumbnailUrl\":\"https:\\\/\\\/i0.wp.com\\\/landioustravel.com\\\/wp-content\\\/uploads\\\/2019\\\/01\\\/Giro_della_citt%C3%A0_di_Hurghada-e1553128479443.jpg?fit=1200%2C676&ssl=1\",\"datePublished\":\"2018-11-26T14:58:01+00:00\",\"dateModified\":\"2024-01-13T17:14:13+00:00\",\"description\":\"Giro della citt\u00e0 di Hurghada visita al Marina Boulevard, al porto, alla moschea El-Mina, al mercato della frutta, al mercato del pesce e alla Chiesa copta e facendo shopping\",\"breadcrumb\":{\"@id\":\"https:\\\/\\\/landioustravel.com\\\/it\\\/shop\\\/giro-citta-hurghada\\\/#breadcrumb\"},\"inLanguage\":\"it-IT\",\"potentialAction\":[{\"@type\":\"ReadAction\",\"target\":[\"https:\\\/\\\/landioustravel.com\\\/it\\\/shop\\\/giro-citta-hurghada\\\/\"]}]},{\"@type\":\"ImageObject\",\"inLanguage\":\"it-IT\",\"@id\":\"https:\\\/\\\/landioustravel.com\\\/it\\\/shop\\\/giro-citta-hurghada\\\/#primaryimage\",\"url\":\"https:\\\/\\\/i0.wp.com\\\/landioustravel.com\\\/wp-content\\\/uploads\\\/2019\\\/01\\\/Giro_della_citt%C3%A0_di_Hurghada-e1553128479443.jpg?fit=1200%2C676&ssl=1\",\"contentUrl\":\"https:\\\/\\\/i0.wp.com\\\/landioustravel.com\\\/wp-content\\\/uploads\\\/2019\\\/01\\\/Giro_della_citt%C3%A0_di_Hurghada-e1553128479443.jpg?fit=1200%2C676&ssl=1\",\"width\":1200,\"height\":676,\"caption\":\"Giro della citt\u00e0 di Hurghada\"},{\"@type\":\"BreadcrumbList\",\"@id\":\"https:\\\/\\\/landioustravel.com\\\/it\\\/shop\\\/giro-citta-hurghada\\\/#breadcrumb\",\"itemListElement\":[{\"@type\":\"ListItem\",\"position\":1,\"name\":\"Home\",\"item\":\"https:\\\/\\\/landioustravel.com\\\/it\\\/\"},{\"@type\":\"ListItem\",\"position\":2,\"name\":\"Tour in Egitto\",\"item\":\"https:\\\/\\\/landioustravel.com\\\/it\\\/\"},{\"@type\":\"ListItem\",\"position\":3,\"name\":\"Giro della citt\u00e0 di Hurghada\"}]},{\"@type\":\"WebSite\",\"@id\":\"https:\\\/\\\/landioustravel.com\\\/it\\\/#website\",\"url\":\"https:\\\/\\\/landioustravel.com\\\/it\\\/\",\"name\":\"Landious Travel\",\"description\":\"Excursions, trips and cruises in Egypt\",\"publisher\":{\"@id\":\"https:\\\/\\\/landioustravel.com\\\/it\\\/#organization\"},\"potentialAction\":[{\"@type\":\"SearchAction\",\"target\":{\"@type\":\"EntryPoint\",\"urlTemplate\":\"https:\\\/\\\/landioustravel.com\\\/it\\\/?s={search_term_string}\"},\"query-input\":{\"@type\":\"PropertyValueSpecification\",\"valueRequired\":true,\"valueName\":\"search_term_string\"}}],\"inLanguage\":\"it-IT\"},{\"@type\":[\"Organization\",\"Place\"],\"@id\":\"https:\\\/\\\/landioustravel.com\\\/it\\\/#organization\",\"name\":\"Landious Travel\",\"alternateName\":\"Landious Travel\",\"url\":\"https:\\\/\\\/landioustravel.com\\\/it\\\/\",\"logo\":{\"@id\":\"https:\\\/\\\/landioustravel.com\\\/it\\\/shop\\\/giro-citta-hurghada\\\/#local-main-organization-logo\"},\"image\":{\"@id\":\"https:\\\/\\\/landioustravel.com\\\/it\\\/shop\\\/giro-citta-hurghada\\\/#local-main-organization-logo\"},\"sameAs\":[\"https:\\\/\\\/web.facebook.com\\\/landiousEgypt\",\"https:\\\/\\\/x.com\\\/LandiousTours\",\"https:\\\/\\\/mastodon.social\\\/@landious\"],\"legalName\":\"Landious Travel\",\"telephone\":[],\"openingHoursSpecification\":[{\"@type\":\"OpeningHoursSpecification\",\"dayOfWeek\":[\"Monday\",\"Tuesday\",\"Wednesday\",\"Thursday\",\"Friday\",\"Saturday\",\"Sunday\"],\"opens\":\"09:00\",\"closes\":\"17:00\"}]},{\"@type\":\"ImageObject\",\"inLanguage\":\"it-IT\",\"@id\":\"https:\\\/\\\/landioustravel.com\\\/it\\\/shop\\\/giro-citta-hurghada\\\/#local-main-organization-logo\",\"url\":\"https:\\\/\\\/i0.wp.com\\\/landioustravel.com\\\/wp-content\\\/uploads\\\/2021\\\/06\\\/Landious-T.png?fit=500%2C500&ssl=1\",\"contentUrl\":\"https:\\\/\\\/i0.wp.com\\\/landioustravel.com\\\/wp-content\\\/uploads\\\/2021\\\/06\\\/Landious-T.png?fit=500%2C500&ssl=1\",\"width\":500,\"height\":500,\"caption\":\"Landious Travel\"}]}<\/script>\n<!-- \/ Yoast SEO Premium plugin. -->","yoast_head_json":{"title":"Giro della citt\u00e0 di Hurghada -","description":"Giro della citt\u00e0 di Hurghada visita al Marina Boulevard, al porto, alla moschea El-Mina, al mercato della frutta, al mercato del pesce e alla Chiesa copta e facendo shopping","robots":{"index":"index","follow":"follow","max-snippet":"max-snippet:-1","max-image-preview":"max-image-preview:large","max-video-preview":"max-video-preview:-1"},"canonical":"https:\/\/landioustravel.com\/it\/shop\/giro-citta-hurghada\/","og_locale":"it_IT","og_type":"article","og_title":"Giro della citt\u00e0 di Hurghada","og_description":"Landious Travel","og_url":"https:\/\/landioustravel.com\/it\/shop\/giro-citta-hurghada\/","og_site_name":"Landious Travel","article_publisher":"https:\/\/web.facebook.com\/landiousEgypt","article_modified_time":"2024-01-13T17:14:13+00:00","og_image":[{"width":1200,"height":676,"url":"https:\/\/i0.wp.com\/landioustravel.com\/wp-content\/uploads\/2019\/01\/Giro_della_citt\u00e0_di_Hurghada-e1553128479443.jpg?fit=1200%2C676&ssl=1","type":"image\/jpeg"}],"twitter_card":"summary_large_image","twitter_site":"@LandiousTours","twitter_misc":{"Tempo di lettura stimato":"2 minuti"},"schema":{"@context":"https:\/\/schema.org","@graph":[{"@type":"WebPage","@id":"https:\/\/landioustravel.com\/it\/shop\/giro-citta-hurghada\/","url":"https:\/\/landioustravel.com\/it\/shop\/giro-citta-hurghada\/","name":"Giro della citt\u00e0 di Hurghada -","isPartOf":{"@id":"https:\/\/landioustravel.com\/it\/#website"},"primaryImageOfPage":{"@id":"https:\/\/landioustravel.com\/it\/shop\/giro-citta-hurghada\/#primaryimage"},"image":{"@id":"https:\/\/landioustravel.com\/it\/shop\/giro-citta-hurghada\/#primaryimage"},"thumbnailUrl":"https:\/\/i0.wp.com\/landioustravel.com\/wp-content\/uploads\/2019\/01\/Giro_della_citt%C3%A0_di_Hurghada-e1553128479443.jpg?fit=1200%2C676&ssl=1","datePublished":"2018-11-26T14:58:01+00:00","dateModified":"2024-01-13T17:14:13+00:00","description":"Giro della citt\u00e0 di Hurghada visita al Marina Boulevard, al porto, alla moschea El-Mina, al mercato della frutta, al mercato del pesce e alla Chiesa copta e facendo shopping","breadcrumb":{"@id":"https:\/\/landioustravel.com\/it\/shop\/giro-citta-hurghada\/#breadcrumb"},"inLanguage":"it-IT","potentialAction":[{"@type":"ReadAction","target":["https:\/\/landioustravel.com\/it\/shop\/giro-citta-hurghada\/"]}]},{"@type":"ImageObject","inLanguage":"it-IT","@id":"https:\/\/landioustravel.com\/it\/shop\/giro-citta-hurghada\/#primaryimage","url":"https:\/\/i0.wp.com\/landioustravel.com\/wp-content\/uploads\/2019\/01\/Giro_della_citt%C3%A0_di_Hurghada-e1553128479443.jpg?fit=1200%2C676&ssl=1","contentUrl":"https:\/\/i0.wp.com\/landioustravel.com\/wp-content\/uploads\/2019\/01\/Giro_della_citt%C3%A0_di_Hurghada-e1553128479443.jpg?fit=1200%2C676&ssl=1","width":1200,"height":676,"caption":"Giro della citt\u00e0 di Hurghada"},{"@type":"BreadcrumbList","@id":"https:\/\/landioustravel.com\/it\/shop\/giro-citta-hurghada\/#breadcrumb","itemListElement":[{"@type":"ListItem","position":1,"name":"Home","item":"https:\/\/landioustravel.com\/it\/"},{"@type":"ListItem","position":2,"name":"Tour in Egitto","item":"https:\/\/landioustravel.com\/it\/"},{"@type":"ListItem","position":3,"name":"Giro della citt\u00e0 di Hurghada"}]},{"@type":"WebSite","@id":"https:\/\/landioustravel.com\/it\/#website","url":"https:\/\/landioustravel.com\/it\/","name":"Landious Travel","description":"Excursions, trips and cruises in Egypt","publisher":{"@id":"https:\/\/landioustravel.com\/it\/#organization"},"potentialAction":[{"@type":"SearchAction","target":{"@type":"EntryPoint","urlTemplate":"https:\/\/landioustravel.com\/it\/?s={search_term_string}"},"query-input":{"@type":"PropertyValueSpecification","valueRequired":true,"valueName":"search_term_string"}}],"inLanguage":"it-IT"},{"@type":["Organization","Place"],"@id":"https:\/\/landioustravel.com\/it\/#organization","name":"Landious Travel","alternateName":"Landious Travel","url":"https:\/\/landioustravel.com\/it\/","logo":{"@id":"https:\/\/landioustravel.com\/it\/shop\/giro-citta-hurghada\/#local-main-organization-logo"},"image":{"@id":"https:\/\/landioustravel.com\/it\/shop\/giro-citta-hurghada\/#local-main-organization-logo"},"sameAs":["https:\/\/web.facebook.com\/landiousEgypt","https:\/\/x.com\/LandiousTours","https:\/\/mastodon.social\/@landious"],"legalName":"Landious Travel","telephone":[],"openingHoursSpecification":[{"@type":"OpeningHoursSpecification","dayOfWeek":["Monday","Tuesday","Wednesday","Thursday","Friday","Saturday","Sunday"],"opens":"09:00","closes":"17:00"}]},{"@type":"ImageObject","inLanguage":"it-IT","@id":"https:\/\/landioustravel.com\/it\/shop\/giro-citta-hurghada\/#local-main-organization-logo","url":"https:\/\/i0.wp.com\/landioustravel.com\/wp-content\/uploads\/2021\/06\/Landious-T.png?fit=500%2C500&ssl=1","contentUrl":"https:\/\/i0.wp.com\/landioustravel.com\/wp-content\/uploads\/2021\/06\/Landious-T.png?fit=500%2C500&ssl=1","width":500,"height":500,"caption":"Landious Travel"}]}},"jetpack_publicize_connections":[],"uagb_featured_image_src":{"full":["https:\/\/i0.wp.com\/landioustravel.com\/wp-content\/uploads\/2019\/01\/Giro_della_citt%C3%A0_di_Hurghada-e1553128479443.jpg?fit=1200%2C676&ssl=1",1200,676,false],"thumbnail":["https:\/\/i0.wp.com\/landioustravel.com\/wp-content\/uploads\/2019\/01\/Giro_della_citt%C3%A0_di_Hurghada-e1553128479443.jpg?resize=150%2C150&ssl=1",150,150,true],"medium":["https:\/\/i0.wp.com\/landioustravel.com\/wp-content\/uploads\/2019\/01\/Giro_della_citt%C3%A0_di_Hurghada-e1553128479443.jpg?fit=300%2C169&ssl=1",300,169,true],"medium_large":["https:\/\/i0.wp.com\/landioustravel.com\/wp-content\/uploads\/2019\/01\/Giro_della_citt%C3%A0_di_Hurghada-e1553128479443.jpg?fit=768%2C433&ssl=1",768,433,true],"large":["https:\/\/i0.wp.com\/landioustravel.com\/wp-content\/uploads\/2019\/01\/Giro_della_citt%C3%A0_di_Hurghada-e1553128479443.jpg?fit=980%2C552&ssl=1",980,552,true],"1536x1536":["https:\/\/i0.wp.com\/landioustravel.com\/wp-content\/uploads\/2019\/01\/Giro_della_citt%C3%A0_di_Hurghada-e1553128479443.jpg?fit=1200%2C676&ssl=1",1200,676,true],"2048x2048":["https:\/\/i0.wp.com\/landioustravel.com\/wp-content\/uploads\/2019\/01\/Giro_della_citt%C3%A0_di_Hurghada-e1553128479443.jpg?fit=1200%2C676&ssl=1",1200,676,true],"newspack-article-block-landscape-large":["https:\/\/i0.wp.com\/landioustravel.com\/wp-content\/uploads\/2019\/01\/Giro_della_citt%C3%A0_di_Hurghada-e1553128479443.jpg?resize=1200%2C676&ssl=1",1200,676,true],"newspack-article-block-portrait-large":["https:\/\/i0.wp.com\/landioustravel.com\/wp-content\/uploads\/2019\/01\/Giro_della_citt%C3%A0_di_Hurghada-e1553128479443.jpg?resize=900%2C676&ssl=1",900,676,true],"newspack-article-block-square-large":["https:\/\/i0.wp.com\/landioustravel.com\/wp-content\/uploads\/2019\/01\/Giro_della_citt%C3%A0_di_Hurghada-e1553128479443.jpg?resize=1200%2C676&ssl=1",1200,676,true],"newspack-article-block-landscape-medium":["https:\/\/i0.wp.com\/landioustravel.com\/wp-content\/uploads\/2019\/01\/Giro_della_citt%C3%A0_di_Hurghada-e1553128479443.jpg?resize=800%2C600&ssl=1",800,600,true],"newspack-article-block-portrait-medium":["https:\/\/i0.wp.com\/landioustravel.com\/wp-content\/uploads\/2019\/01\/Giro_della_citt%C3%A0_di_Hurghada-e1553128479443.jpg?resize=600%2C676&ssl=1",600,676,true],"newspack-article-block-square-medium":["https:\/\/i0.wp.com\/landioustravel.com\/wp-content\/uploads\/2019\/01\/Giro_della_citt%C3%A0_di_Hurghada-e1553128479443.jpg?resize=800%2C676&ssl=1",800,676,true],"newspack-article-block-landscape-intermediate":["https:\/\/i0.wp.com\/landioustravel.com\/wp-content\/uploads\/2019\/01\/Giro_della_citt%C3%A0_di_Hurghada-e1553128479443.jpg?resize=600%2C450&ssl=1",600,450,true],"newspack-article-block-portrait-intermediate":["https:\/\/i0.wp.com\/landioustravel.com\/wp-content\/uploads\/2019\/01\/Giro_della_citt%C3%A0_di_Hurghada-e1553128479443.jpg?resize=450%2C600&ssl=1",450,600,true],"newspack-article-block-square-intermediate":["https:\/\/i0.wp.com\/landioustravel.com\/wp-content\/uploads\/2019\/01\/Giro_della_citt%C3%A0_di_Hurghada-e1553128479443.jpg?resize=600%2C600&ssl=1",600,600,true],"newspack-article-block-landscape-small":["https:\/\/i0.wp.com\/landioustravel.com\/wp-content\/uploads\/2019\/01\/Giro_della_citt%C3%A0_di_Hurghada-e1553128479443.jpg?resize=400%2C300&ssl=1",400,300,true],"newspack-article-block-portrait-small":["https:\/\/i0.wp.com\/landioustravel.com\/wp-content\/uploads\/2019\/01\/Giro_della_citt%C3%A0_di_Hurghada-e1553128479443.jpg?resize=300%2C400&ssl=1",300,400,true],"newspack-article-block-square-small":["https:\/\/i0.wp.com\/landioustravel.com\/wp-content\/uploads\/2019\/01\/Giro_della_citt%C3%A0_di_Hurghada-e1553128479443.jpg?resize=400%2C400&ssl=1",400,400,true],"newspack-article-block-landscape-tiny":["https:\/\/i0.wp.com\/landioustravel.com\/wp-content\/uploads\/2019\/01\/Giro_della_citt%C3%A0_di_Hurghada-e1553128479443.jpg?resize=200%2C150&ssl=1",200,150,true],"newspack-article-block-portrait-tiny":["https:\/\/i0.wp.com\/landioustravel.com\/wp-content\/uploads\/2019\/01\/Giro_della_citt%C3%A0_di_Hurghada-e1553128479443.jpg?resize=150%2C200&ssl=1",150,200,true],"newspack-article-block-square-tiny":["https:\/\/i0.wp.com\/landioustravel.com\/wp-content\/uploads\/2019\/01\/Giro_della_citt%C3%A0_di_Hurghada-e1553128479443.jpg?resize=200%2C200&ssl=1",200,200,true],"newspack-article-block-uncropped":["https:\/\/i0.wp.com\/landioustravel.com\/wp-content\/uploads\/2019\/01\/Giro_della_citt%C3%A0_di_Hurghada-e1553128479443.jpg?fit=1200%2C676&ssl=1",1200,676,true],"woocommerce_thumbnail":["https:\/\/i0.wp.com\/landioustravel.com\/wp-content\/uploads\/2019\/01\/Giro_della_citt%C3%A0_di_Hurghada-e1553128479443.jpg?resize=324%2C324&ssl=1",324,324,true],"woocommerce_single":["https:\/\/i0.wp.com\/landioustravel.com\/wp-content\/uploads\/2019\/01\/Giro_della_citt%C3%A0_di_Hurghada-e1553128479443.jpg?fit=416%2C234&ssl=1",416,234,true],"woocommerce_gallery_thumbnail":["https:\/\/i0.wp.com\/landioustravel.com\/wp-content\/uploads\/2019\/01\/Giro_della_citt%C3%A0_di_Hurghada-e1553128479443.jpg?resize=100%2C100&ssl=1",100,100,true]},"uagb_author_info":{"display_name":"Mofreh Landious","author_link":"https:\/\/landioustravel.com\/it\/author\/"},"uagb_comment_info":6,"uagb_excerpt":"Parti per un delizioso giro turistico a Hurghada ed esplora i monumenti pi\u00f9 accattivanti della citt\u00e0 e le gemme nascoste. Dalla citt\u00e0 vecchia e dal mercato della frutta al mercato del pesce, piattaforme, la grande moschea, la chiesa copta e il porto, questo tour ha tutto. Mentre cammini per la citt\u00e0, la nostra guida esperta&hellip;","jetpack_sharing_enabled":true,"jetpack_likes_enabled":true,"amp_enabled":true,"_links":{"self":[{"href":"https:\/\/landioustravel.com\/it\/wp-json\/wp\/v2\/product\/1508","targetHints":{"allow":["GET"]}}],"collection":[{"href":"https:\/\/landioustravel.com\/it\/wp-json\/wp\/v2\/product"}],"about":[{"href":"https:\/\/landioustravel.com\/it\/wp-json\/wp\/v2\/types\/product"}],"replies":[{"embeddable":true,"href":"https:\/\/landioustravel.com\/it\/wp-json\/wp\/v2\/comments?post=1508"}],"wp:featuredmedia":[{"embeddable":true,"href":"https:\/\/landioustravel.com\/it\/wp-json\/wp\/v2\/media\/1509"}],"wp:attachment":[{"href":"https:\/\/landioustravel.com\/it\/wp-json\/wp\/v2\/media?parent=1508"}],"wp:term":[{"taxonomy":"product_brand","embeddable":true,"href":"https:\/\/landioustravel.com\/it\/wp-json\/wp\/v2\/product_brand?post=1508"},{"taxonomy":"product_cat","embeddable":true,"href":"https:\/\/landioustravel.com\/it\/wp-json\/wp\/v2\/product_cat?post=1508"},{"taxonomy":"product_tag","embeddable":true,"href":"https:\/\/landioustravel.com\/it\/wp-json\/wp\/v2\/product_tag?post=1508"}],"curies":[{"name":"wp","href":"https:\/\/api.w.org\/{rel}","templated":true}]}}