{"id":1510,"date":"2023-03-28T02:48:03","date_gmt":"2018-11-25T18:48:03","guid":{"rendered":"https:\/\/landioustravel.com\/product\/escursione-paradise-beach-hurghada\/"},"modified":"2025-10-19T20:14:54","modified_gmt":"2025-10-19T17:14:54","slug":"escursione-paradise-beach-hurghada","status":"publish","type":"product","link":"https:\/\/landioustravel.com\/it\/shop\/escursione-paradise-beach-hurghada\/","title":{"rendered":"Escursione a Paradise Beach a Hurghada"},"content":{"rendered":"<p>Una meravigliosa gita in barca alla spiaggia Paradise sull&#8217;Isola Giftun, a Hurghada! Raccomandiamo il viaggio perch\u00e9 permette ai turisti di divertirsi al mare! Il viaggio ti d\u00e0 l&#8217;opportunit\u00e0 di vedere bellissimi coralli e una variet\u00e0 di pesci. Inoltre, vi godrete un picnic in barca attraverso il Mar Rosso e vi troverete a Giftun Island con pi\u00f9 servizi sulla spiaggia stessa. L&#8217;isola \u00e8 vicino alla costa di Hurghada!<\/p>\n<h2>I punti principali del programma di escursioni a Paradise Beach<\/h2>\n<ul>\n<li>Nuotare in mare aperto dallo yacht<\/li>\n<li>Snorkeling con maschere e pinne in mare aperto<\/li>\n<li>Cibo<\/li>\n<li>Atterraggio sull&#8217;isola Giftun (Paradise Beach)<\/li>\n<\/ul>\n<h3>Il programma dell&#8217;escursione alla Paradise Beach da Hurghada<\/h3>\n<ul>\n<li>Vi verremo a prendere dall&#8217;hotel alle 08:00 circa<\/li>\n<li>Dopo aver preso tutti gli arrivi, l&#8217;autobus va al porto. La strada per il porto dura circa 20 minuti<\/li>\n<li>Troverai il tuo yacht nel porto. \u00c8 grande e chic! Lo yacht \u00e8 composto da due piani. Non appena si entra nello yacht, \u00e8 necessario togliersi le scarpe e salire al secondo piano concia nel solarium superiore<\/li>\n<li>Lo yacht si muove attraverso il Mar Rosso, non appena il gruppo si riunisce. Inoltre, sui bellissimi coralli, fai una fermata. L\u00ec, puoi nuotare e fare snorkeling con maschere e pinne<\/li>\n<li>Dopo una tale sosta, cavalcherai giocattoli per banana e divani<\/li>\n<li>La tua prossima tappa sar\u00e0 sull&#8217;isola Giftun. Vi portiamo in motoscafo. La tua guida ti d\u00e0 un&#8217;idea delle possibilit\u00e0 sulla spiaggia _ servizi igienici, un ristorante e scivoli per bambini.<\/li>\n<li>Sull&#8217;isola, trascorrerai tre ore. Durante questo periodo avrai abbastanza tempo per nuotare e abbronzarti<\/li>\n<li>Il ristorante si trova sull&#8217;isola stessa. Quando \u00e8 ora di pranzo, il buffet si apre con un ricco menu<\/li>\n<li>Dopo pranzo, guardi lo spettacolo spettacolo _ danza del ventre e fachiro<\/li>\n<li>Questo programma di escursioni termina alle 17:30 circa.<\/li>\n<\/ul>\n<h4>Cosa \u00e8 incluso nel prezzo del tour<\/h4>\n<ul>\n<li>Maschere e pinne<\/li>\n<li>Cibo<\/li>\n<li>Trasferimento al porto e ritorno in hotel<\/li>\n<\/ul>\n<h5>Cosa non \u00e8 incluso nel prezzo del tour<\/h5>\n<ul>\n<li>DVD video<\/li>\n<li>CD fotografico<\/li>\n<\/ul>\n<h5>Cosa portare con te per il viaggio<\/h5>\n<ul>\n<li>Asciugamano<\/li>\n<li>Protezione solare<\/li>\n<\/ul>\n<h6>GIORNI DI ORGANIZZAZIONE DI ESCURSIONE<\/h6>\n<ul>\n<li>Tutti i giorni dalle 08:00 alle 17:00<\/li>\n<\/ul>\n","protected":false},"excerpt":{"rendered":"<p>Sei pronto per un&#8217;indimenticabile gita in mare a Hurghada? Ti abbiamo coperto! Unisciti a noi in un viaggio verso Paradise Beach, dove potrai concederti un delizioso picnic mentre ti godi la bellezza del Mar Rosso. Fai un tuffo in mare aperto ed esplora il magnifico mondo sottomarino con attrezzatura da snorkeling. E se ci\u00f2 non bastasse, salta su una banana o un gioco acquatico da divano e cavalca le onde come un professionista!<\/p>\n<p>Ma aspetta, c&#8217;\u00e8 di pi\u00f9! Ti porteremo anche nella splendida isola di Giftun, dove potrai crogiolarti nella sabbia dorata, nuotare in acque cristalline e scattare foto mozzafiato. E non preoccuparti per il pranzo; abbiamo anche quello coperto. Goditi una festa a buffet aperto mentre ammiri le viste mozzafiato.<\/p>\n<p>I bambini si divertiranno un mondo con la nostra animazione in spiaggia e gli adulti potranno unirsi al divertimento con giochi d&#8217;acqua e pallavolo. E se stai cercando un&#8217;esperienza culturale, ti abbiamo coperto anche l\u00ec. La nostra gita di un giorno include spettacoli di danza del ventre e spettacoli folcloristici. \u00c8 il modo perfetto per trascorrere un&#8217;intera giornata al largo della costa di Hurghada.<\/p>\n<p>Tutto \u00e8 organizzato per te, quindi tutto ci\u00f2 che devi fare \u00e8 sederti, rilassarti e goderti l&#8217;avventura. Non perdere questa opportunit\u00e0 irripetibile di esplorare Paradise Island, parte del Giftun Island National Park. Prenota il tuo viaggio oggi!<\/p>\n","protected":false},"featured_media":100487,"comment_status":"open","ping_status":"closed","template":"","meta":{"_coblocks_attr":"","_coblocks_dimensions":"","_coblocks_responsive_height":"","_coblocks_accordion_ie_support":"","_uag_custom_page_level_css":"","jetpack_publicize_message":"","jetpack_publicize_feature_enabled":true,"jetpack_social_post_already_shared":false,"jetpack_social_options":{"image_generator_settings":{"template":"highway","default_image_id":0,"font":"","enabled":false},"version":2},"_wpas_customize_per_network":false},"product_brand":[],"product_cat":[1632,22528,22508,1638,22521,22523,22519],"product_tag":[1644,2099,1661,1670,1671,22564,1663,1682],"class_list":{"0":"post-1510","1":"product","2":"type-product","3":"status-publish","4":"has-post-thumbnail","6":"product_cat-escursioni-hurghada","7":"product_cat-escursioni-snorkeling-hurghada","8":"product_cat-escursioni-economiche-hurghada","9":"product_cat-escursioni-mare-hurghada","10":"product_cat-escursioni-famiglie-hurghada","11":"product_cat-gite-isola-hurghada","12":"product_cat-hurghada-escursioni-isole-giftun","13":"product_tag-escursione","14":"product_tag-escursioni-in-mare-a-hurghada","15":"product_tag-hurghada-it","16":"product_tag-isola","17":"product_tag-paradise-beach","18":"product_tag-mare","19":"product_tag-snorkeling-it","20":"product_tag-viaggi-marittimi","21":"pa_age-adulto","22":"pa_age-bambino-1-4-anni","23":"pa_age-bambino-5-11-anni","25":"first","26":"instock","27":"sale","28":"purchasable","29":"product-type-variable"},"yoast_head":"<!-- This site is optimized with the Yoast SEO Premium plugin v27.5 (Yoast SEO v27.5) - https:\/\/yoast.com\/product\/yoast-seo-premium-wordpress\/ -->\n<title>Escursione a Paradise Beach a Hurghada<\/title>\n<meta name=\"description\" content=\"Escursione a Paradise Beach a Hurghada esattamente, a Paradise Beach, dove sono fornite tutte le strutture. Il pranzo sar\u00e0 sull&#039;isola\" \/>\n<meta name=\"robots\" content=\"index, follow, max-snippet:-1, max-image-preview:large, max-video-preview:-1\" \/>\n<link rel=\"canonical\" href=\"https:\/\/landioustravel.com\/it\/shop\/escursione-paradise-beach-hurghada\/\" \/>\n<meta property=\"og:locale\" content=\"it_IT\" \/>\n<meta property=\"og:type\" content=\"article\" \/>\n<meta property=\"og:title\" content=\"Escursione a Paradise Beach a Hurghada\" \/>\n<meta property=\"og:description\" content=\"Landious Travel\" \/>\n<meta property=\"og:url\" content=\"https:\/\/landioustravel.com\/it\/shop\/escursione-paradise-beach-hurghada\/\" \/>\n<meta property=\"og:site_name\" content=\"Landious Travel\" \/>\n<meta property=\"article:publisher\" content=\"https:\/\/web.facebook.com\/landiousEgypt\" \/>\n<meta property=\"article:modified_time\" content=\"2025-10-19T17:14:54+00:00\" \/>\n<meta property=\"og:image\" content=\"https:\/\/i0.wp.com\/landioustravel.com\/wp-content\/uploads\/2018\/11\/Paradise-Island-Excursion-from-Hurghada-e1669581867502.jpg?fit=1200%2C675&ssl=1\" \/>\n\t<meta property=\"og:image:width\" content=\"1200\" \/>\n\t<meta property=\"og:image:height\" content=\"675\" \/>\n\t<meta property=\"og:image:type\" content=\"image\/jpeg\" \/>\n<meta name=\"twitter:card\" content=\"summary_large_image\" \/>\n<meta name=\"twitter:site\" content=\"@LandiousTours\" \/>\n<meta name=\"twitter:label1\" content=\"Tempo di lettura stimato\" \/>\n\t<meta name=\"twitter:data1\" content=\"2 minuti\" \/>\n<script type=\"application\/ld+json\" class=\"yoast-schema-graph\">{\"@context\":\"https:\\\/\\\/schema.org\",\"@graph\":[{\"@type\":\"WebPage\",\"@id\":\"https:\\\/\\\/landioustravel.com\\\/it\\\/shop\\\/escursione-paradise-beach-hurghada\\\/\",\"url\":\"https:\\\/\\\/landioustravel.com\\\/it\\\/shop\\\/escursione-paradise-beach-hurghada\\\/\",\"name\":\"Escursione a Paradise Beach a Hurghada\",\"isPartOf\":{\"@id\":\"https:\\\/\\\/landioustravel.com\\\/it\\\/#website\"},\"primaryImageOfPage\":{\"@id\":\"https:\\\/\\\/landioustravel.com\\\/it\\\/shop\\\/escursione-paradise-beach-hurghada\\\/#primaryimage\"},\"image\":{\"@id\":\"https:\\\/\\\/landioustravel.com\\\/it\\\/shop\\\/escursione-paradise-beach-hurghada\\\/#primaryimage\"},\"thumbnailUrl\":\"https:\\\/\\\/i0.wp.com\\\/landioustravel.com\\\/wp-content\\\/uploads\\\/2018\\\/11\\\/Paradise-Island-Excursion-from-Hurghada-e1669581867502.jpg?fit=1200%2C675&ssl=1\",\"datePublished\":\"2018-11-25T18:48:03+00:00\",\"dateModified\":\"2025-10-19T17:14:54+00:00\",\"description\":\"Escursione a Paradise Beach a Hurghada esattamente, a Paradise Beach, dove sono fornite tutte le strutture. Il pranzo sar\u00e0 sull'isola\",\"breadcrumb\":{\"@id\":\"https:\\\/\\\/landioustravel.com\\\/it\\\/shop\\\/escursione-paradise-beach-hurghada\\\/#breadcrumb\"},\"inLanguage\":\"it-IT\",\"potentialAction\":[{\"@type\":\"ReadAction\",\"target\":[\"https:\\\/\\\/landioustravel.com\\\/it\\\/shop\\\/escursione-paradise-beach-hurghada\\\/\"]}]},{\"@type\":\"ImageObject\",\"inLanguage\":\"it-IT\",\"@id\":\"https:\\\/\\\/landioustravel.com\\\/it\\\/shop\\\/escursione-paradise-beach-hurghada\\\/#primaryimage\",\"url\":\"https:\\\/\\\/i0.wp.com\\\/landioustravel.com\\\/wp-content\\\/uploads\\\/2018\\\/11\\\/Paradise-Island-Excursion-from-Hurghada-e1669581867502.jpg?fit=1200%2C675&ssl=1\",\"contentUrl\":\"https:\\\/\\\/i0.wp.com\\\/landioustravel.com\\\/wp-content\\\/uploads\\\/2018\\\/11\\\/Paradise-Island-Excursion-from-Hurghada-e1669581867502.jpg?fit=1200%2C675&ssl=1\",\"width\":1200,\"height\":675,\"caption\":\"Paradise Island Excursion from Hurghada\"},{\"@type\":\"BreadcrumbList\",\"@id\":\"https:\\\/\\\/landioustravel.com\\\/it\\\/shop\\\/escursione-paradise-beach-hurghada\\\/#breadcrumb\",\"itemListElement\":[{\"@type\":\"ListItem\",\"position\":1,\"name\":\"Home\",\"item\":\"https:\\\/\\\/landioustravel.com\\\/it\\\/\"},{\"@type\":\"ListItem\",\"position\":2,\"name\":\"Tour in Egitto\",\"item\":\"https:\\\/\\\/landioustravel.com\\\/it\\\/\"},{\"@type\":\"ListItem\",\"position\":3,\"name\":\"Escursione a Paradise Beach a Hurghada\"}]},{\"@type\":\"WebSite\",\"@id\":\"https:\\\/\\\/landioustravel.com\\\/it\\\/#website\",\"url\":\"https:\\\/\\\/landioustravel.com\\\/it\\\/\",\"name\":\"Landious Travel\",\"description\":\"Excursions, trips and cruises in Egypt\",\"publisher\":{\"@id\":\"https:\\\/\\\/landioustravel.com\\\/it\\\/#organization\"},\"potentialAction\":[{\"@type\":\"SearchAction\",\"target\":{\"@type\":\"EntryPoint\",\"urlTemplate\":\"https:\\\/\\\/landioustravel.com\\\/it\\\/?s={search_term_string}\"},\"query-input\":{\"@type\":\"PropertyValueSpecification\",\"valueRequired\":true,\"valueName\":\"search_term_string\"}}],\"inLanguage\":\"it-IT\"},{\"@type\":[\"Organization\",\"Place\"],\"@id\":\"https:\\\/\\\/landioustravel.com\\\/it\\\/#organization\",\"name\":\"Landious Travel\",\"alternateName\":\"Landious Travel\",\"url\":\"https:\\\/\\\/landioustravel.com\\\/it\\\/\",\"logo\":{\"@id\":\"https:\\\/\\\/landioustravel.com\\\/it\\\/shop\\\/escursione-paradise-beach-hurghada\\\/#local-main-organization-logo\"},\"image\":{\"@id\":\"https:\\\/\\\/landioustravel.com\\\/it\\\/shop\\\/escursione-paradise-beach-hurghada\\\/#local-main-organization-logo\"},\"sameAs\":[\"https:\\\/\\\/web.facebook.com\\\/landiousEgypt\",\"https:\\\/\\\/x.com\\\/LandiousTours\",\"https:\\\/\\\/mastodon.social\\\/@landious\"],\"legalName\":\"Landious Travel\",\"telephone\":[],\"openingHoursSpecification\":[{\"@type\":\"OpeningHoursSpecification\",\"dayOfWeek\":[\"Monday\",\"Tuesday\",\"Wednesday\",\"Thursday\",\"Friday\",\"Saturday\",\"Sunday\"],\"opens\":\"09:00\",\"closes\":\"17:00\"}]},{\"@type\":\"ImageObject\",\"inLanguage\":\"it-IT\",\"@id\":\"https:\\\/\\\/landioustravel.com\\\/it\\\/shop\\\/escursione-paradise-beach-hurghada\\\/#local-main-organization-logo\",\"url\":\"https:\\\/\\\/i0.wp.com\\\/landioustravel.com\\\/wp-content\\\/uploads\\\/2021\\\/06\\\/Landious-T.png?fit=500%2C500&ssl=1\",\"contentUrl\":\"https:\\\/\\\/i0.wp.com\\\/landioustravel.com\\\/wp-content\\\/uploads\\\/2021\\\/06\\\/Landious-T.png?fit=500%2C500&ssl=1\",\"width\":500,\"height\":500,\"caption\":\"Landious Travel\"}]}<\/script>\n<!-- \/ Yoast SEO Premium plugin. -->","yoast_head_json":{"title":"Escursione a Paradise Beach a Hurghada","description":"Escursione a Paradise Beach a Hurghada esattamente, a Paradise Beach, dove sono fornite tutte le strutture. Il pranzo sar\u00e0 sull'isola","robots":{"index":"index","follow":"follow","max-snippet":"max-snippet:-1","max-image-preview":"max-image-preview:large","max-video-preview":"max-video-preview:-1"},"canonical":"https:\/\/landioustravel.com\/it\/shop\/escursione-paradise-beach-hurghada\/","og_locale":"it_IT","og_type":"article","og_title":"Escursione a Paradise Beach a Hurghada","og_description":"Landious Travel","og_url":"https:\/\/landioustravel.com\/it\/shop\/escursione-paradise-beach-hurghada\/","og_site_name":"Landious Travel","article_publisher":"https:\/\/web.facebook.com\/landiousEgypt","article_modified_time":"2025-10-19T17:14:54+00:00","og_image":[{"width":1200,"height":675,"url":"https:\/\/i0.wp.com\/landioustravel.com\/wp-content\/uploads\/2018\/11\/Paradise-Island-Excursion-from-Hurghada-e1669581867502.jpg?fit=1200%2C675&ssl=1","type":"image\/jpeg"}],"twitter_card":"summary_large_image","twitter_site":"@LandiousTours","twitter_misc":{"Tempo di lettura stimato":"2 minuti"},"schema":{"@context":"https:\/\/schema.org","@graph":[{"@type":"WebPage","@id":"https:\/\/landioustravel.com\/it\/shop\/escursione-paradise-beach-hurghada\/","url":"https:\/\/landioustravel.com\/it\/shop\/escursione-paradise-beach-hurghada\/","name":"Escursione a Paradise Beach a Hurghada","isPartOf":{"@id":"https:\/\/landioustravel.com\/it\/#website"},"primaryImageOfPage":{"@id":"https:\/\/landioustravel.com\/it\/shop\/escursione-paradise-beach-hurghada\/#primaryimage"},"image":{"@id":"https:\/\/landioustravel.com\/it\/shop\/escursione-paradise-beach-hurghada\/#primaryimage"},"thumbnailUrl":"https:\/\/i0.wp.com\/landioustravel.com\/wp-content\/uploads\/2018\/11\/Paradise-Island-Excursion-from-Hurghada-e1669581867502.jpg?fit=1200%2C675&ssl=1","datePublished":"2018-11-25T18:48:03+00:00","dateModified":"2025-10-19T17:14:54+00:00","description":"Escursione a Paradise Beach a Hurghada esattamente, a Paradise Beach, dove sono fornite tutte le strutture. Il pranzo sar\u00e0 sull'isola","breadcrumb":{"@id":"https:\/\/landioustravel.com\/it\/shop\/escursione-paradise-beach-hurghada\/#breadcrumb"},"inLanguage":"it-IT","potentialAction":[{"@type":"ReadAction","target":["https:\/\/landioustravel.com\/it\/shop\/escursione-paradise-beach-hurghada\/"]}]},{"@type":"ImageObject","inLanguage":"it-IT","@id":"https:\/\/landioustravel.com\/it\/shop\/escursione-paradise-beach-hurghada\/#primaryimage","url":"https:\/\/i0.wp.com\/landioustravel.com\/wp-content\/uploads\/2018\/11\/Paradise-Island-Excursion-from-Hurghada-e1669581867502.jpg?fit=1200%2C675&ssl=1","contentUrl":"https:\/\/i0.wp.com\/landioustravel.com\/wp-content\/uploads\/2018\/11\/Paradise-Island-Excursion-from-Hurghada-e1669581867502.jpg?fit=1200%2C675&ssl=1","width":1200,"height":675,"caption":"Paradise Island Excursion from Hurghada"},{"@type":"BreadcrumbList","@id":"https:\/\/landioustravel.com\/it\/shop\/escursione-paradise-beach-hurghada\/#breadcrumb","itemListElement":[{"@type":"ListItem","position":1,"name":"Home","item":"https:\/\/landioustravel.com\/it\/"},{"@type":"ListItem","position":2,"name":"Tour in Egitto","item":"https:\/\/landioustravel.com\/it\/"},{"@type":"ListItem","position":3,"name":"Escursione a Paradise Beach a Hurghada"}]},{"@type":"WebSite","@id":"https:\/\/landioustravel.com\/it\/#website","url":"https:\/\/landioustravel.com\/it\/","name":"Landious Travel","description":"Excursions, trips and cruises in Egypt","publisher":{"@id":"https:\/\/landioustravel.com\/it\/#organization"},"potentialAction":[{"@type":"SearchAction","target":{"@type":"EntryPoint","urlTemplate":"https:\/\/landioustravel.com\/it\/?s={search_term_string}"},"query-input":{"@type":"PropertyValueSpecification","valueRequired":true,"valueName":"search_term_string"}}],"inLanguage":"it-IT"},{"@type":["Organization","Place"],"@id":"https:\/\/landioustravel.com\/it\/#organization","name":"Landious Travel","alternateName":"Landious Travel","url":"https:\/\/landioustravel.com\/it\/","logo":{"@id":"https:\/\/landioustravel.com\/it\/shop\/escursione-paradise-beach-hurghada\/#local-main-organization-logo"},"image":{"@id":"https:\/\/landioustravel.com\/it\/shop\/escursione-paradise-beach-hurghada\/#local-main-organization-logo"},"sameAs":["https:\/\/web.facebook.com\/landiousEgypt","https:\/\/x.com\/LandiousTours","https:\/\/mastodon.social\/@landious"],"legalName":"Landious Travel","telephone":[],"openingHoursSpecification":[{"@type":"OpeningHoursSpecification","dayOfWeek":["Monday","Tuesday","Wednesday","Thursday","Friday","Saturday","Sunday"],"opens":"09:00","closes":"17:00"}]},{"@type":"ImageObject","inLanguage":"it-IT","@id":"https:\/\/landioustravel.com\/it\/shop\/escursione-paradise-beach-hurghada\/#local-main-organization-logo","url":"https:\/\/i0.wp.com\/landioustravel.com\/wp-content\/uploads\/2021\/06\/Landious-T.png?fit=500%2C500&ssl=1","contentUrl":"https:\/\/i0.wp.com\/landioustravel.com\/wp-content\/uploads\/2021\/06\/Landious-T.png?fit=500%2C500&ssl=1","width":500,"height":500,"caption":"Landious Travel"}]}},"jetpack_publicize_connections":[],"uagb_featured_image_src":{"full":["https:\/\/i0.wp.com\/landioustravel.com\/wp-content\/uploads\/2018\/11\/Paradise-Island-Excursion-from-Hurghada-e1669581867502.jpg?fit=1200%2C675&ssl=1",1200,675,false],"thumbnail":["https:\/\/i0.wp.com\/landioustravel.com\/wp-content\/uploads\/2018\/11\/Paradise-Island-Excursion-from-Hurghada-e1669581867502.jpg?resize=150%2C150&ssl=1",150,150,true],"medium":["https:\/\/i0.wp.com\/landioustravel.com\/wp-content\/uploads\/2018\/11\/Paradise-Island-Excursion-from-Hurghada-e1669581867502.jpg?fit=300%2C169&ssl=1",300,169,true],"medium_large":["https:\/\/i0.wp.com\/landioustravel.com\/wp-content\/uploads\/2018\/11\/Paradise-Island-Excursion-from-Hurghada-e1669581867502.jpg?fit=768%2C432&ssl=1",768,432,true],"large":["https:\/\/i0.wp.com\/landioustravel.com\/wp-content\/uploads\/2018\/11\/Paradise-Island-Excursion-from-Hurghada-e1669581867502.jpg?fit=980%2C551&ssl=1",980,551,true],"1536x1536":["https:\/\/i0.wp.com\/landioustravel.com\/wp-content\/uploads\/2018\/11\/Paradise-Island-Excursion-from-Hurghada-e1669581867502.jpg?fit=1200%2C675&ssl=1",1200,675,true],"2048x2048":["https:\/\/i0.wp.com\/landioustravel.com\/wp-content\/uploads\/2018\/11\/Paradise-Island-Excursion-from-Hurghada-e1669581867502.jpg?fit=1200%2C675&ssl=1",1200,675,true],"newspack-article-block-landscape-large":["https:\/\/i0.wp.com\/landioustravel.com\/wp-content\/uploads\/2018\/11\/Paradise-Island-Excursion-from-Hurghada-e1669581867502.jpg?resize=1200%2C675&ssl=1",1200,675,true],"newspack-article-block-portrait-large":["https:\/\/i0.wp.com\/landioustravel.com\/wp-content\/uploads\/2018\/11\/Paradise-Island-Excursion-from-Hurghada-e1669581867502.jpg?resize=900%2C675&ssl=1",900,675,true],"newspack-article-block-square-large":["https:\/\/i0.wp.com\/landioustravel.com\/wp-content\/uploads\/2018\/11\/Paradise-Island-Excursion-from-Hurghada-e1669581867502.jpg?resize=1200%2C675&ssl=1",1200,675,true],"newspack-article-block-landscape-medium":["https:\/\/i0.wp.com\/landioustravel.com\/wp-content\/uploads\/2018\/11\/Paradise-Island-Excursion-from-Hurghada-e1669581867502.jpg?resize=800%2C600&ssl=1",800,600,true],"newspack-article-block-portrait-medium":["https:\/\/i0.wp.com\/landioustravel.com\/wp-content\/uploads\/2018\/11\/Paradise-Island-Excursion-from-Hurghada-e1669581867502.jpg?resize=600%2C675&ssl=1",600,675,true],"newspack-article-block-square-medium":["https:\/\/i0.wp.com\/landioustravel.com\/wp-content\/uploads\/2018\/11\/Paradise-Island-Excursion-from-Hurghada-e1669581867502.jpg?resize=800%2C675&ssl=1",800,675,true],"newspack-article-block-landscape-intermediate":["https:\/\/i0.wp.com\/landioustravel.com\/wp-content\/uploads\/2018\/11\/Paradise-Island-Excursion-from-Hurghada-e1669581867502.jpg?resize=600%2C450&ssl=1",600,450,true],"newspack-article-block-portrait-intermediate":["https:\/\/i0.wp.com\/landioustravel.com\/wp-content\/uploads\/2018\/11\/Paradise-Island-Excursion-from-Hurghada-e1669581867502.jpg?resize=450%2C600&ssl=1",450,600,true],"newspack-article-block-square-intermediate":["https:\/\/i0.wp.com\/landioustravel.com\/wp-content\/uploads\/2018\/11\/Paradise-Island-Excursion-from-Hurghada-e1669581867502.jpg?resize=600%2C600&ssl=1",600,600,true],"newspack-article-block-landscape-small":["https:\/\/i0.wp.com\/landioustravel.com\/wp-content\/uploads\/2018\/11\/Paradise-Island-Excursion-from-Hurghada-e1669581867502.jpg?resize=400%2C300&ssl=1",400,300,true],"newspack-article-block-portrait-small":["https:\/\/i0.wp.com\/landioustravel.com\/wp-content\/uploads\/2018\/11\/Paradise-Island-Excursion-from-Hurghada-e1669581867502.jpg?resize=300%2C400&ssl=1",300,400,true],"newspack-article-block-square-small":["https:\/\/i0.wp.com\/landioustravel.com\/wp-content\/uploads\/2018\/11\/Paradise-Island-Excursion-from-Hurghada-e1669581867502.jpg?resize=400%2C400&ssl=1",400,400,true],"newspack-article-block-landscape-tiny":["https:\/\/i0.wp.com\/landioustravel.com\/wp-content\/uploads\/2018\/11\/Paradise-Island-Excursion-from-Hurghada-e1669581867502.jpg?resize=200%2C150&ssl=1",200,150,true],"newspack-article-block-portrait-tiny":["https:\/\/i0.wp.com\/landioustravel.com\/wp-content\/uploads\/2018\/11\/Paradise-Island-Excursion-from-Hurghada-e1669581867502.jpg?resize=150%2C200&ssl=1",150,200,true],"newspack-article-block-square-tiny":["https:\/\/i0.wp.com\/landioustravel.com\/wp-content\/uploads\/2018\/11\/Paradise-Island-Excursion-from-Hurghada-e1669581867502.jpg?resize=200%2C200&ssl=1",200,200,true],"newspack-article-block-uncropped":["https:\/\/i0.wp.com\/landioustravel.com\/wp-content\/uploads\/2018\/11\/Paradise-Island-Excursion-from-Hurghada-e1669581867502.jpg?fit=1200%2C675&ssl=1",1200,675,true],"woocommerce_thumbnail":["https:\/\/i0.wp.com\/landioustravel.com\/wp-content\/uploads\/2018\/11\/Paradise-Island-Excursion-from-Hurghada-e1669581867502.jpg?resize=324%2C324&ssl=1",324,324,true],"woocommerce_single":["https:\/\/i0.wp.com\/landioustravel.com\/wp-content\/uploads\/2018\/11\/Paradise-Island-Excursion-from-Hurghada-e1669581867502.jpg?fit=416%2C234&ssl=1",416,234,true],"woocommerce_gallery_thumbnail":["https:\/\/i0.wp.com\/landioustravel.com\/wp-content\/uploads\/2018\/11\/Paradise-Island-Excursion-from-Hurghada-e1669581867502.jpg?resize=100%2C100&ssl=1",100,100,true]},"uagb_author_info":{"display_name":"Mofreh Landious","author_link":"https:\/\/landioustravel.com\/it\/author\/"},"uagb_comment_info":7,"uagb_excerpt":"Sei pronto per un'indimenticabile gita in mare a Hurghada? Ti abbiamo coperto! Unisciti a noi in un viaggio verso Paradise Beach, dove potrai concederti un delizioso picnic mentre ti godi la bellezza del Mar Rosso. Fai un tuffo in mare aperto ed esplora il magnifico mondo sottomarino con attrezzatura da snorkeling. E se ci\u00f2 non&hellip;","jetpack_sharing_enabled":true,"jetpack_likes_enabled":true,"amp_enabled":true,"_links":{"self":[{"href":"https:\/\/landioustravel.com\/it\/wp-json\/wp\/v2\/product\/1510","targetHints":{"allow":["GET"]}}],"collection":[{"href":"https:\/\/landioustravel.com\/it\/wp-json\/wp\/v2\/product"}],"about":[{"href":"https:\/\/landioustravel.com\/it\/wp-json\/wp\/v2\/types\/product"}],"replies":[{"embeddable":true,"href":"https:\/\/landioustravel.com\/it\/wp-json\/wp\/v2\/comments?post=1510"}],"wp:featuredmedia":[{"embeddable":true,"href":"https:\/\/landioustravel.com\/it\/wp-json\/wp\/v2\/media\/100487"}],"wp:attachment":[{"href":"https:\/\/landioustravel.com\/it\/wp-json\/wp\/v2\/media?parent=1510"}],"wp:term":[{"taxonomy":"product_brand","embeddable":true,"href":"https:\/\/landioustravel.com\/it\/wp-json\/wp\/v2\/product_brand?post=1510"},{"taxonomy":"product_cat","embeddable":true,"href":"https:\/\/landioustravel.com\/it\/wp-json\/wp\/v2\/product_cat?post=1510"},{"taxonomy":"product_tag","embeddable":true,"href":"https:\/\/landioustravel.com\/it\/wp-json\/wp\/v2\/product_tag?post=1510"}],"curies":[{"name":"wp","href":"https:\/\/api.w.org\/{rel}","templated":true}]}}