{"id":151152,"date":"2023-08-08T07:58:09","date_gmt":"2023-08-08T04:58:09","guid":{"rendered":"https:\/\/landioustravel.com\/?post_type=product&#038;p=151152"},"modified":"2024-05-30T19:41:34","modified_gmt":"2024-05-30T16:41:34","slug":"viaggio-osservare-le-stelle-dahab","status":"publish","type":"product","link":"https:\/\/landioustravel.com\/it\/shop\/viaggio-osservare-le-stelle-dahab\/","title":{"rendered":"Viaggio per osservare le stelle da Dahab"},"content":{"rendered":"<p><span>Il viaggio per osservare le stelle da Dahab \u00e8 una delle attivit\u00e0 pi\u00f9 emozionanti nella\u00a0\u00a0<\/span><span>penisola del Sinai<\/span><span>, <\/span><span>in Egitto<\/span><span>! Consigliamo il Viaggio per osservare le stelle da Dahab <\/span><span>perch\u00e9 permette ai turisti di vedere le stelle in una tranquilla atmosfera desertica, il deserto del Sinai.<\/span><\/p>\n<p><span>Inoltre, il programma Stargazing ti permette di vedere il deserto e incontrare la cultura beduina. In effetti, include la visita al villaggio beduino, dove avrai pi\u00f9 intrattenimento, come cavalcare cammelli e assistere allo spettacolo folcloristico. \u00c8 un&#8217;esperienza divertente con un&#8217;impressione eterna!<\/span><\/p>\n<h2><span>Punti salienti del viaggio per osservare le stelle a Dahab<\/span><\/h2>\n<ul>\n<li><strong><span>Cavalca cammelli nel deserto.<\/span><\/strong><\/li>\n<li><strong><span>Successivamente, cena beduina con bevande analcoliche.<\/span><\/strong><\/li>\n<li><strong><span>Si tratta, quindi, di osservare le stelle tramite i telescopi.<\/span><\/strong><\/li>\n<li><span>Finalmente ci <\/span><strong><span>godiamo il tradizionale spettacolo.<\/span><\/strong><\/li>\n<\/ul>\n<h2><span>Programma del viaggio per osservare le stelle<\/span><\/h2>\n<ul>\n<li><span>Il rappresentante di Landious Travel<\/span><span>\u00a0verr\u00e0 a prendervi dall&#8217;hotel a Dahab intorno alle 15:00.<\/span><\/li>\n<li><span>Dopo aver raccolto tutti i visitatori, il nostro minibus\/autobus si dirige verso il deserto, una comunit\u00e0 beduina. Il percorso verso la base dura circa 60 minuti.<\/span><\/li>\n<\/ul>\n<h3><span>Giro in cammello e tenda beduina<\/span><\/h3>\n<ul>\n<li><span>Il viaggio per osservare le stelle inizia con una tappa emozionante: il giro in cammello. Per prima cosa, sar\u00e0 preferibile prepararsi indossando occhiali da sole, arrotolandosi una sciarpa in testa e indossandola. In secondo luogo, riceverai istruzioni e addestramento su come cavalcare i cammelli per un po&#8217;. Successivamente, farai un giro sui cammelli per mezz&#8217;ora in mezzo al deserto.<\/span><\/li>\n<li><span>Dopo questo bel giro, potrai ammirare il favoloso tramonto in cima a una collina vicina e avere una vista panoramica del deserto.<\/span><\/li>\n<li><span>La nostra prossima tappa sar\u00e0 una tenda beduina. Quando arrivi al villaggio beduino, puoi scattare foto con i beduini e divertirti a bere il t\u00e8 beduino. Poi iniziano gli spettacoli africani e nubiani.<\/span><\/li>\n<li><span>Il nostro team ti servir\u00e0 una deliziosa cena nella tenda beduina alla luce delle candele. \u00c8 una sensazione cos\u00ec romantica!<\/span><\/li>\n<li><span>Naturalmente, dopo il pasto di questa sera, ti piacerebbe guardare la danza Tanura e i fuochi d&#8217;artificio. Inoltre, scoprirai come i beduini cuociono il pane nel deserto. Sar\u00e0 cos\u00ec interessante osservarvi.<\/span><\/li>\n<\/ul>\n<h3><span>Osservare le stelle tramite i telescopi<\/span><\/h3>\n<ul>\n<li><span>Inoltre, apprezzerai il punto principale del programma: osservare le stelle attraverso telescopi giganti. Questi telescopi sono dotati di specchi da 14 pollici. Sono i pi\u00f9 professionali in\u00a0<\/span><span>Egitto<\/span><span>\u00a0in termini di guida informatica. La tua guida ti accompagner\u00e0 nell&#8217;area di questi telescopi. Allora adorerai la spiegazione dell&#8217;astronomo e avrai l&#8217;opportunit\u00e0 di osservare le stelle con questi telescopi esperti. Sar\u00e0 cos\u00ec bello concludere la serata con questa fantastica attivit\u00e0.<\/span><\/li>\n<\/ul>\n<h3><span>Ritorno a casa<\/span><\/h3>\n<ul>\n<li><span>Infine, ti prepari per tornare al tuo hotel.<\/span><\/li>\n<li><span>Questo <\/span><strong><span>\u201cviaggio per osservare le stelle a Dahab<\/span><\/strong><span>\u00a0termina alle 20:00 circa.<\/span><\/li>\n<\/ul>\n<h2><span>Cosa include il prezzo di un viaggio per osservare le stelle a Dahab?<\/span><\/h2>\n<ul>\n<li><span>Pranzo.<\/span><\/li>\n<li><span>Guida professionale.<\/span><\/li>\n<li><span>Inoltre, trasferimento nel deserto e ritorno in hotel.<\/span><\/li>\n<\/ul>\n<h2><span>Cosa non include il programma di osservazione delle stelle a Dahab?<\/span><\/h2>\n<ul>\n<li><span>DVD video.<\/span><\/li>\n<li><span>Inoltre, il CD fotografico.<\/span><\/li>\n<\/ul>\n<h2><span>Oggetti da portare con te per il viaggio<\/span><\/h2>\n<ul>\n<li><span>Sciarpa.<\/span><\/li>\n<li><span>Inoltre, gli occhiali da sole.<\/span><\/li>\n<\/ul>\n<h2><span>Giorni di prenotazione del viaggio per osservare le stelle a Dahab<\/span><\/h2>\n<ul>\n<li><span>Tutti i giorni dalle 15:00 alle 20:00.<\/span><\/li>\n<\/ul>\n<h2><span>Pane beduino<\/span><\/h2>\n<p><span>Il cibo \u00e8 una parte essenziale della cultura egiziana e non \u00e8 un segreto che lo adoriamo. Sebbene siamo famosi per i nostri piatti tradizionali come hawawshi, koshari e fatta, c&#8217;\u00e8 molto altro da esplorare oltre a questi classici. Ogni citt\u00e0 e regione del paese ha le sue specialit\u00e0 e una delle gemme nascoste \u00e8 la cucina beduina. Se non l&#8217;hai ancora provato, ti perdi molto!<\/span><\/p>\n<p><span>Uno dei punti forti della cucina beduina \u00e8 il loro pane unico, come lo shraak e l&#8217;arbood. I visitatori possono imparare di pi\u00f9 su questi tipi di pane da una donna beduina.<\/span><\/p>\n<p><span>Per apprezzare veramente la cucina beduina, devi provare il loro fantastico pane. Due tipi di pane sono particolarmente eccezionali: Farasheeh e Tabbana. Sebbene la ricetta dell\u2019impasto sia la stessa per entrambi, il processo di cottura \u00e8 diverso.<\/span><\/p>\n<p><span>Farasheeh \u00e8 simile a un incrocio tra pane libanese e crepes. La macchina del pane beduina lancia l&#8217;impasto in aria come una pizza prima di adagiarlo su una teglia convessa. La tabbana, invece, \u00e8 pi\u00f9 densa e croccante. Il pane viene cotto in una buca scavata nel terreno con carbone ardente. Dopo pochi minuti il \u200b\u200bpane \u00e8 pronto per essere gustato!<\/span><\/p>\n","protected":false},"excerpt":{"rendered":"<p>Sei pronto per un&#8217;esperienza indimenticabile a Dahab? Preparati a intraprendere un&#8217;avventura per osservare le stelle come nessun&#8217;altra! Il programma del viaggio promette una sosta emozionante in cui osserverai le stelle utilizzando i telescopi giganti forniti nel deserto mozzafiato.<\/p>\n<p>Ma non \u00e8 tutto: c&#8217;\u00e8 un giro in cammello e uno spettacolo tradizionale da guardare. Incontrerai anche i beduini e imparerai a conoscere la loro cultura mentre ti godi una deliziosa cena beduina. Questo viaggio \u00e8 la combinazione perfetta di intrattenimento, avventura e immersione culturale.<\/p>\n<p>Verremo a prendervi al vostro hotel tutti i giorni intorno alle 15:30 e vi accompagneremo all&#8217;oasi chiamata &#8220;Wadi Al Aat&#8221;, che dista solo 15 km da Sharm El Sheikh. Preparati per una scarica di adrenalina mentre inizi a pedalare in quad per un&#8217;ora nella valle deserta di Al Khroom.<\/p>\n<p>Troverai dei cammelli che ti aspettano quando arriveremo nella zona. Potrai goderti un giro di 20 minuti su queste magnifiche creature mentre ti godi la vista mozzafiato del tramonto. Successivamente, \u00e8 il momento di concedersi un delizioso pasto beduino con bevande analcoliche e t\u00e8 beduino, tutto incluso nel pacchetto.<\/p>\n<p>Ma il vero divertimento inizia dopo il pasto, quando i beduini mettono in scena uno spettacolo spettacolare con danza del ventre, spettacolo Tanura e canti folcloristici. \u00c8 una serata piena di festa e di gioia. E al termine dello spettacolo, verrai portato ai telescopi per vivere l&#8217;evento principale: l&#8217;osservazione delle stelle.<\/p>\n<p>La nostra esperta guida astronomica fornir\u00e0 approfondimenti sulle stelle, sul cielo notturno e sui pianeti, rendendola un&#8217;esperienza educativa. Preparati a osservare il maestoso cielo notturno attraverso i telescopi: un&#8217;esperienza irripetibile da non perdere!<\/p>\n","protected":false},"featured_media":151153,"comment_status":"open","ping_status":"closed","template":"","meta":{"_coblocks_attr":"","_coblocks_dimensions":"","_coblocks_responsive_height":"","_coblocks_accordion_ie_support":"","_uag_custom_page_level_css":"","jetpack_publicize_message":"","jetpack_publicize_feature_enabled":true,"jetpack_social_post_already_shared":true,"jetpack_social_options":{"image_generator_settings":{"template":"highway","default_image_id":0,"font":"","enabled":false},"version":2},"_wpas_customize_per_network":false},"product_brand":[],"product_cat":[19587],"product_tag":[1644,2178,1680],"class_list":{"0":"post-151152","1":"product","2":"type-product","3":"status-publish","4":"has-post-thumbnail","6":"product_cat-escursioni-dahab","7":"product_tag-escursione","8":"product_tag-safari-it","9":"product_tag-safari-nel-deserto","11":"first","12":"instock","13":"sale","14":"virtual","15":"taxable","16":"purchasable","17":"product-type-simple"},"yoast_head":"<!-- This site is optimized with the Yoast SEO Premium plugin v26.9 (Yoast SEO v27.4) - https:\/\/yoast.com\/product\/yoast-seo-premium-wordpress\/ -->\n<title>Viaggio per osservare le stelle da Dahab<\/title>\n<meta name=\"description\" content=\"Viaggio per osservare le stelle da Dahab Sei pronto per un&#039;esperienza indimenticabile a Dahab? Preparati a intraprendere un&#039;avventura per osservare le\" \/>\n<meta name=\"robots\" content=\"index, follow, max-snippet:-1, max-image-preview:large, max-video-preview:-1\" \/>\n<link rel=\"canonical\" href=\"https:\/\/landioustravel.com\/it\/shop\/viaggio-osservare-le-stelle-dahab\/\" \/>\n<meta property=\"og:locale\" content=\"it_IT\" \/>\n<meta property=\"og:type\" content=\"article\" \/>\n<meta property=\"og:title\" content=\"Viaggio per osservare le stelle da Dahab\" \/>\n<meta property=\"og:description\" content=\"Landious Travel\" \/>\n<meta property=\"og:url\" content=\"https:\/\/landioustravel.com\/it\/shop\/viaggio-osservare-le-stelle-dahab\/\" \/>\n<meta property=\"og:site_name\" content=\"Landious Travel\" \/>\n<meta property=\"article:publisher\" content=\"https:\/\/web.facebook.com\/landiousEgypt\" \/>\n<meta property=\"article:modified_time\" content=\"2024-05-30T16:41:34+00:00\" \/>\n<meta property=\"og:image\" content=\"https:\/\/landioustravel.com\/wp-content\/uploads\/2023\/08\/Stargazing-Trip-from-Dahab-e1691474228665.jpg\" \/>\n\t<meta property=\"og:image:width\" content=\"1200\" \/>\n\t<meta property=\"og:image:height\" content=\"675\" \/>\n\t<meta property=\"og:image:type\" content=\"image\/jpeg\" \/>\n<meta name=\"twitter:card\" content=\"summary_large_image\" \/>\n<meta name=\"twitter:site\" content=\"@LandiousTours\" \/>\n<meta name=\"twitter:label1\" content=\"Tempo di lettura stimato\" \/>\n\t<meta name=\"twitter:data1\" content=\"4 minuti\" \/>\n<script type=\"application\/ld+json\" class=\"yoast-schema-graph\">{\"@context\":\"https:\\\/\\\/schema.org\",\"@graph\":[{\"@type\":\"WebPage\",\"@id\":\"https:\\\/\\\/landioustravel.com\\\/it\\\/shop\\\/viaggio-osservare-le-stelle-dahab\\\/\",\"url\":\"https:\\\/\\\/landioustravel.com\\\/it\\\/shop\\\/viaggio-osservare-le-stelle-dahab\\\/\",\"name\":\"Viaggio per osservare le stelle da Dahab\",\"isPartOf\":{\"@id\":\"https:\\\/\\\/landioustravel.com\\\/it\\\/#website\"},\"primaryImageOfPage\":{\"@id\":\"https:\\\/\\\/landioustravel.com\\\/it\\\/shop\\\/viaggio-osservare-le-stelle-dahab\\\/#primaryimage\"},\"image\":{\"@id\":\"https:\\\/\\\/landioustravel.com\\\/it\\\/shop\\\/viaggio-osservare-le-stelle-dahab\\\/#primaryimage\"},\"thumbnailUrl\":\"https:\\\/\\\/i0.wp.com\\\/landioustravel.com\\\/wp-content\\\/uploads\\\/2023\\\/08\\\/Stargazing-Trip-from-Dahab-e1691474228665.jpg?fit=1200%2C675&ssl=1\",\"datePublished\":\"2023-08-08T04:58:09+00:00\",\"dateModified\":\"2024-05-30T16:41:34+00:00\",\"description\":\"Viaggio per osservare le stelle da Dahab Sei pronto per un'esperienza indimenticabile a Dahab? Preparati a intraprendere un'avventura per osservare le\",\"breadcrumb\":{\"@id\":\"https:\\\/\\\/landioustravel.com\\\/it\\\/shop\\\/viaggio-osservare-le-stelle-dahab\\\/#breadcrumb\"},\"inLanguage\":\"it-IT\",\"potentialAction\":[{\"@type\":\"ReadAction\",\"target\":[\"https:\\\/\\\/landioustravel.com\\\/it\\\/shop\\\/viaggio-osservare-le-stelle-dahab\\\/\"]}]},{\"@type\":\"ImageObject\",\"inLanguage\":\"it-IT\",\"@id\":\"https:\\\/\\\/landioustravel.com\\\/it\\\/shop\\\/viaggio-osservare-le-stelle-dahab\\\/#primaryimage\",\"url\":\"https:\\\/\\\/i0.wp.com\\\/landioustravel.com\\\/wp-content\\\/uploads\\\/2023\\\/08\\\/Stargazing-Trip-from-Dahab-e1691474228665.jpg?fit=1200%2C675&ssl=1\",\"contentUrl\":\"https:\\\/\\\/i0.wp.com\\\/landioustravel.com\\\/wp-content\\\/uploads\\\/2023\\\/08\\\/Stargazing-Trip-from-Dahab-e1691474228665.jpg?fit=1200%2C675&ssl=1\",\"width\":1200,\"height\":675,\"caption\":\"Stargazing Trip from Dahab\"},{\"@type\":\"BreadcrumbList\",\"@id\":\"https:\\\/\\\/landioustravel.com\\\/it\\\/shop\\\/viaggio-osservare-le-stelle-dahab\\\/#breadcrumb\",\"itemListElement\":[{\"@type\":\"ListItem\",\"position\":1,\"name\":\"Home\",\"item\":\"https:\\\/\\\/landioustravel.com\\\/it\\\/\"},{\"@type\":\"ListItem\",\"position\":2,\"name\":\"Tour in Egitto\",\"item\":\"https:\\\/\\\/landioustravel.com\\\/it\\\/\"},{\"@type\":\"ListItem\",\"position\":3,\"name\":\"Viaggio per osservare le stelle da Dahab\"}]},{\"@type\":\"WebSite\",\"@id\":\"https:\\\/\\\/landioustravel.com\\\/it\\\/#website\",\"url\":\"https:\\\/\\\/landioustravel.com\\\/it\\\/\",\"name\":\"Landious Travel\",\"description\":\"Excursions, trips and cruises in Egypt\",\"publisher\":{\"@id\":\"https:\\\/\\\/landioustravel.com\\\/it\\\/#organization\"},\"potentialAction\":[{\"@type\":\"SearchAction\",\"target\":{\"@type\":\"EntryPoint\",\"urlTemplate\":\"https:\\\/\\\/landioustravel.com\\\/it\\\/?s={search_term_string}\"},\"query-input\":{\"@type\":\"PropertyValueSpecification\",\"valueRequired\":true,\"valueName\":\"search_term_string\"}}],\"inLanguage\":\"it-IT\"},{\"@type\":[\"Organization\",\"Place\"],\"@id\":\"https:\\\/\\\/landioustravel.com\\\/it\\\/#organization\",\"name\":\"Landious Travel\",\"alternateName\":\"Landious Travel\",\"url\":\"https:\\\/\\\/landioustravel.com\\\/it\\\/\",\"logo\":{\"@id\":\"https:\\\/\\\/landioustravel.com\\\/it\\\/shop\\\/viaggio-osservare-le-stelle-dahab\\\/#local-main-organization-logo\"},\"image\":{\"@id\":\"https:\\\/\\\/landioustravel.com\\\/it\\\/shop\\\/viaggio-osservare-le-stelle-dahab\\\/#local-main-organization-logo\"},\"sameAs\":[\"https:\\\/\\\/web.facebook.com\\\/landiousEgypt\",\"https:\\\/\\\/x.com\\\/LandiousTours\",\"https:\\\/\\\/mastodon.social\\\/@landious\"],\"legalName\":\"Landious Travel\",\"telephone\":[],\"openingHoursSpecification\":[{\"@type\":\"OpeningHoursSpecification\",\"dayOfWeek\":[\"Monday\",\"Tuesday\",\"Wednesday\",\"Thursday\",\"Friday\",\"Saturday\",\"Sunday\"],\"opens\":\"09:00\",\"closes\":\"17:00\"}]},{\"@type\":\"ImageObject\",\"inLanguage\":\"it-IT\",\"@id\":\"https:\\\/\\\/landioustravel.com\\\/it\\\/shop\\\/viaggio-osservare-le-stelle-dahab\\\/#local-main-organization-logo\",\"url\":\"https:\\\/\\\/i0.wp.com\\\/landioustravel.com\\\/wp-content\\\/uploads\\\/2021\\\/06\\\/Landious-T.png?fit=500%2C500&ssl=1\",\"contentUrl\":\"https:\\\/\\\/i0.wp.com\\\/landioustravel.com\\\/wp-content\\\/uploads\\\/2021\\\/06\\\/Landious-T.png?fit=500%2C500&ssl=1\",\"width\":500,\"height\":500,\"caption\":\"Landious Travel\"}]}<\/script>\n<!-- \/ Yoast SEO Premium plugin. -->","yoast_head_json":{"title":"Viaggio per osservare le stelle da Dahab","description":"Viaggio per osservare le stelle da Dahab Sei pronto per un'esperienza indimenticabile a Dahab? Preparati a intraprendere un'avventura per osservare le","robots":{"index":"index","follow":"follow","max-snippet":"max-snippet:-1","max-image-preview":"max-image-preview:large","max-video-preview":"max-video-preview:-1"},"canonical":"https:\/\/landioustravel.com\/it\/shop\/viaggio-osservare-le-stelle-dahab\/","og_locale":"it_IT","og_type":"article","og_title":"Viaggio per osservare le stelle da Dahab","og_description":"Landious Travel","og_url":"https:\/\/landioustravel.com\/it\/shop\/viaggio-osservare-le-stelle-dahab\/","og_site_name":"Landious Travel","article_publisher":"https:\/\/web.facebook.com\/landiousEgypt","article_modified_time":"2024-05-30T16:41:34+00:00","og_image":[{"width":1200,"height":675,"url":"https:\/\/landioustravel.com\/wp-content\/uploads\/2023\/08\/Stargazing-Trip-from-Dahab-e1691474228665.jpg","type":"image\/jpeg"}],"twitter_card":"summary_large_image","twitter_site":"@LandiousTours","twitter_misc":{"Tempo di lettura stimato":"4 minuti"},"schema":{"@context":"https:\/\/schema.org","@graph":[{"@type":"WebPage","@id":"https:\/\/landioustravel.com\/it\/shop\/viaggio-osservare-le-stelle-dahab\/","url":"https:\/\/landioustravel.com\/it\/shop\/viaggio-osservare-le-stelle-dahab\/","name":"Viaggio per osservare le stelle da Dahab","isPartOf":{"@id":"https:\/\/landioustravel.com\/it\/#website"},"primaryImageOfPage":{"@id":"https:\/\/landioustravel.com\/it\/shop\/viaggio-osservare-le-stelle-dahab\/#primaryimage"},"image":{"@id":"https:\/\/landioustravel.com\/it\/shop\/viaggio-osservare-le-stelle-dahab\/#primaryimage"},"thumbnailUrl":"https:\/\/i0.wp.com\/landioustravel.com\/wp-content\/uploads\/2023\/08\/Stargazing-Trip-from-Dahab-e1691474228665.jpg?fit=1200%2C675&ssl=1","datePublished":"2023-08-08T04:58:09+00:00","dateModified":"2024-05-30T16:41:34+00:00","description":"Viaggio per osservare le stelle da Dahab Sei pronto per un'esperienza indimenticabile a Dahab? Preparati a intraprendere un'avventura per osservare le","breadcrumb":{"@id":"https:\/\/landioustravel.com\/it\/shop\/viaggio-osservare-le-stelle-dahab\/#breadcrumb"},"inLanguage":"it-IT","potentialAction":[{"@type":"ReadAction","target":["https:\/\/landioustravel.com\/it\/shop\/viaggio-osservare-le-stelle-dahab\/"]}]},{"@type":"ImageObject","inLanguage":"it-IT","@id":"https:\/\/landioustravel.com\/it\/shop\/viaggio-osservare-le-stelle-dahab\/#primaryimage","url":"https:\/\/i0.wp.com\/landioustravel.com\/wp-content\/uploads\/2023\/08\/Stargazing-Trip-from-Dahab-e1691474228665.jpg?fit=1200%2C675&ssl=1","contentUrl":"https:\/\/i0.wp.com\/landioustravel.com\/wp-content\/uploads\/2023\/08\/Stargazing-Trip-from-Dahab-e1691474228665.jpg?fit=1200%2C675&ssl=1","width":1200,"height":675,"caption":"Stargazing Trip from Dahab"},{"@type":"BreadcrumbList","@id":"https:\/\/landioustravel.com\/it\/shop\/viaggio-osservare-le-stelle-dahab\/#breadcrumb","itemListElement":[{"@type":"ListItem","position":1,"name":"Home","item":"https:\/\/landioustravel.com\/it\/"},{"@type":"ListItem","position":2,"name":"Tour in Egitto","item":"https:\/\/landioustravel.com\/it\/"},{"@type":"ListItem","position":3,"name":"Viaggio per osservare le stelle da Dahab"}]},{"@type":"WebSite","@id":"https:\/\/landioustravel.com\/it\/#website","url":"https:\/\/landioustravel.com\/it\/","name":"Landious Travel","description":"Excursions, trips and cruises in Egypt","publisher":{"@id":"https:\/\/landioustravel.com\/it\/#organization"},"potentialAction":[{"@type":"SearchAction","target":{"@type":"EntryPoint","urlTemplate":"https:\/\/landioustravel.com\/it\/?s={search_term_string}"},"query-input":{"@type":"PropertyValueSpecification","valueRequired":true,"valueName":"search_term_string"}}],"inLanguage":"it-IT"},{"@type":["Organization","Place"],"@id":"https:\/\/landioustravel.com\/it\/#organization","name":"Landious Travel","alternateName":"Landious Travel","url":"https:\/\/landioustravel.com\/it\/","logo":{"@id":"https:\/\/landioustravel.com\/it\/shop\/viaggio-osservare-le-stelle-dahab\/#local-main-organization-logo"},"image":{"@id":"https:\/\/landioustravel.com\/it\/shop\/viaggio-osservare-le-stelle-dahab\/#local-main-organization-logo"},"sameAs":["https:\/\/web.facebook.com\/landiousEgypt","https:\/\/x.com\/LandiousTours","https:\/\/mastodon.social\/@landious"],"legalName":"Landious Travel","telephone":[],"openingHoursSpecification":[{"@type":"OpeningHoursSpecification","dayOfWeek":["Monday","Tuesday","Wednesday","Thursday","Friday","Saturday","Sunday"],"opens":"09:00","closes":"17:00"}]},{"@type":"ImageObject","inLanguage":"it-IT","@id":"https:\/\/landioustravel.com\/it\/shop\/viaggio-osservare-le-stelle-dahab\/#local-main-organization-logo","url":"https:\/\/i0.wp.com\/landioustravel.com\/wp-content\/uploads\/2021\/06\/Landious-T.png?fit=500%2C500&ssl=1","contentUrl":"https:\/\/i0.wp.com\/landioustravel.com\/wp-content\/uploads\/2021\/06\/Landious-T.png?fit=500%2C500&ssl=1","width":500,"height":500,"caption":"Landious Travel"}]}},"jetpack_publicize_connections":[],"uagb_featured_image_src":{"full":["https:\/\/i0.wp.com\/landioustravel.com\/wp-content\/uploads\/2023\/08\/Stargazing-Trip-from-Dahab-e1691474228665.jpg?fit=1200%2C675&ssl=1",1200,675,false],"thumbnail":["https:\/\/i0.wp.com\/landioustravel.com\/wp-content\/uploads\/2023\/08\/Stargazing-Trip-from-Dahab-e1691474228665.jpg?resize=150%2C150&ssl=1",150,150,true],"medium":["https:\/\/i0.wp.com\/landioustravel.com\/wp-content\/uploads\/2023\/08\/Stargazing-Trip-from-Dahab-e1691474228665.jpg?fit=300%2C169&ssl=1",300,169,true],"medium_large":["https:\/\/i0.wp.com\/landioustravel.com\/wp-content\/uploads\/2023\/08\/Stargazing-Trip-from-Dahab-e1691474228665.jpg?fit=768%2C432&ssl=1",768,432,true],"large":["https:\/\/i0.wp.com\/landioustravel.com\/wp-content\/uploads\/2023\/08\/Stargazing-Trip-from-Dahab-e1691474228665.jpg?fit=980%2C551&ssl=1",980,551,true],"1536x1536":["https:\/\/i0.wp.com\/landioustravel.com\/wp-content\/uploads\/2023\/08\/Stargazing-Trip-from-Dahab-e1691474228665.jpg?fit=1200%2C675&ssl=1",1200,675,true],"2048x2048":["https:\/\/i0.wp.com\/landioustravel.com\/wp-content\/uploads\/2023\/08\/Stargazing-Trip-from-Dahab-e1691474228665.jpg?fit=1200%2C675&ssl=1",1200,675,true],"newspack-article-block-landscape-large":["https:\/\/i0.wp.com\/landioustravel.com\/wp-content\/uploads\/2023\/08\/Stargazing-Trip-from-Dahab-e1691474228665.jpg?resize=1200%2C675&ssl=1",1200,675,true],"newspack-article-block-portrait-large":["https:\/\/i0.wp.com\/landioustravel.com\/wp-content\/uploads\/2023\/08\/Stargazing-Trip-from-Dahab-e1691474228665.jpg?resize=900%2C675&ssl=1",900,675,true],"newspack-article-block-square-large":["https:\/\/i0.wp.com\/landioustravel.com\/wp-content\/uploads\/2023\/08\/Stargazing-Trip-from-Dahab-e1691474228665.jpg?resize=1200%2C675&ssl=1",1200,675,true],"newspack-article-block-landscape-medium":["https:\/\/i0.wp.com\/landioustravel.com\/wp-content\/uploads\/2023\/08\/Stargazing-Trip-from-Dahab-e1691474228665.jpg?resize=800%2C600&ssl=1",800,600,true],"newspack-article-block-portrait-medium":["https:\/\/i0.wp.com\/landioustravel.com\/wp-content\/uploads\/2023\/08\/Stargazing-Trip-from-Dahab-e1691474228665.jpg?resize=600%2C675&ssl=1",600,675,true],"newspack-article-block-square-medium":["https:\/\/i0.wp.com\/landioustravel.com\/wp-content\/uploads\/2023\/08\/Stargazing-Trip-from-Dahab-e1691474228665.jpg?resize=800%2C675&ssl=1",800,675,true],"newspack-article-block-landscape-intermediate":["https:\/\/i0.wp.com\/landioustravel.com\/wp-content\/uploads\/2023\/08\/Stargazing-Trip-from-Dahab-e1691474228665.jpg?resize=600%2C450&ssl=1",600,450,true],"newspack-article-block-portrait-intermediate":["https:\/\/i0.wp.com\/landioustravel.com\/wp-content\/uploads\/2023\/08\/Stargazing-Trip-from-Dahab-e1691474228665.jpg?resize=450%2C600&ssl=1",450,600,true],"newspack-article-block-square-intermediate":["https:\/\/i0.wp.com\/landioustravel.com\/wp-content\/uploads\/2023\/08\/Stargazing-Trip-from-Dahab-e1691474228665.jpg?resize=600%2C600&ssl=1",600,600,true],"newspack-article-block-landscape-small":["https:\/\/i0.wp.com\/landioustravel.com\/wp-content\/uploads\/2023\/08\/Stargazing-Trip-from-Dahab-e1691474228665.jpg?resize=400%2C300&ssl=1",400,300,true],"newspack-article-block-portrait-small":["https:\/\/i0.wp.com\/landioustravel.com\/wp-content\/uploads\/2023\/08\/Stargazing-Trip-from-Dahab-e1691474228665.jpg?resize=300%2C400&ssl=1",300,400,true],"newspack-article-block-square-small":["https:\/\/i0.wp.com\/landioustravel.com\/wp-content\/uploads\/2023\/08\/Stargazing-Trip-from-Dahab-e1691474228665.jpg?resize=400%2C400&ssl=1",400,400,true],"newspack-article-block-landscape-tiny":["https:\/\/i0.wp.com\/landioustravel.com\/wp-content\/uploads\/2023\/08\/Stargazing-Trip-from-Dahab-e1691474228665.jpg?resize=200%2C150&ssl=1",200,150,true],"newspack-article-block-portrait-tiny":["https:\/\/i0.wp.com\/landioustravel.com\/wp-content\/uploads\/2023\/08\/Stargazing-Trip-from-Dahab-e1691474228665.jpg?resize=150%2C200&ssl=1",150,200,true],"newspack-article-block-square-tiny":["https:\/\/i0.wp.com\/landioustravel.com\/wp-content\/uploads\/2023\/08\/Stargazing-Trip-from-Dahab-e1691474228665.jpg?resize=200%2C200&ssl=1",200,200,true],"newspack-article-block-uncropped":["https:\/\/i0.wp.com\/landioustravel.com\/wp-content\/uploads\/2023\/08\/Stargazing-Trip-from-Dahab-e1691474228665.jpg?fit=1200%2C675&ssl=1",1200,675,true],"woocommerce_thumbnail":["https:\/\/i0.wp.com\/landioustravel.com\/wp-content\/uploads\/2023\/08\/Stargazing-Trip-from-Dahab-e1691474228665.jpg?resize=324%2C324&ssl=1",324,324,true],"woocommerce_single":["https:\/\/i0.wp.com\/landioustravel.com\/wp-content\/uploads\/2023\/08\/Stargazing-Trip-from-Dahab-e1691474228665.jpg?fit=416%2C234&ssl=1",416,234,true],"woocommerce_gallery_thumbnail":["https:\/\/i0.wp.com\/landioustravel.com\/wp-content\/uploads\/2023\/08\/Stargazing-Trip-from-Dahab-e1691474228665.jpg?resize=100%2C100&ssl=1",100,100,true]},"uagb_author_info":{"display_name":"Mofreh Landious","author_link":"https:\/\/landioustravel.com\/it\/author\/"},"uagb_comment_info":0,"uagb_excerpt":"Sei pronto per un'esperienza indimenticabile a Dahab? Preparati a intraprendere un'avventura per osservare le stelle come nessun'altra! Il programma del viaggio promette una sosta emozionante in cui osserverai le stelle utilizzando i telescopi giganti forniti nel deserto mozzafiato. Ma non \u00e8 tutto: c'\u00e8 un giro in cammello e uno spettacolo tradizionale da guardare. Incontrerai anche&hellip;","jetpack_sharing_enabled":true,"jetpack_likes_enabled":true,"amp_enabled":true,"_links":{"self":[{"href":"https:\/\/landioustravel.com\/it\/wp-json\/wp\/v2\/product\/151152","targetHints":{"allow":["GET"]}}],"collection":[{"href":"https:\/\/landioustravel.com\/it\/wp-json\/wp\/v2\/product"}],"about":[{"href":"https:\/\/landioustravel.com\/it\/wp-json\/wp\/v2\/types\/product"}],"replies":[{"embeddable":true,"href":"https:\/\/landioustravel.com\/it\/wp-json\/wp\/v2\/comments?post=151152"}],"wp:featuredmedia":[{"embeddable":true,"href":"https:\/\/landioustravel.com\/it\/wp-json\/wp\/v2\/media\/151153"}],"wp:attachment":[{"href":"https:\/\/landioustravel.com\/it\/wp-json\/wp\/v2\/media?parent=151152"}],"wp:term":[{"taxonomy":"product_brand","embeddable":true,"href":"https:\/\/landioustravel.com\/it\/wp-json\/wp\/v2\/product_brand?post=151152"},{"taxonomy":"product_cat","embeddable":true,"href":"https:\/\/landioustravel.com\/it\/wp-json\/wp\/v2\/product_cat?post=151152"},{"taxonomy":"product_tag","embeddable":true,"href":"https:\/\/landioustravel.com\/it\/wp-json\/wp\/v2\/product_tag?post=151152"}],"curies":[{"name":"wp","href":"https:\/\/api.w.org\/{rel}","templated":true}]}}