{"id":151186,"date":"2023-08-06T16:56:12","date_gmt":"2023-08-06T13:56:12","guid":{"rendered":"https:\/\/landioustravel.com\/?post_type=product&#038;p=151186"},"modified":"2024-06-01T15:08:53","modified_gmt":"2024-06-01T12:08:53","slug":"tour-di-gerusalemme-dahab","status":"publish","type":"product","link":"https:\/\/landioustravel.com\/it\/shop\/tour-di-gerusalemme-dahab\/","title":{"rendered":"Tour di Gerusalemme da Dahab"},"content":{"rendered":"<p>Tour di Gerusalemme Dahab \u00e8 un viaggio spirituale di un giorno da Dahab, in Egitto, a Gerusalemme! Consigliamo il viaggio perch\u00e9 ti permette di vedere i luoghi pi\u00f9 religiosi e spirituali del mondo! Questo viaggio rievoca la vita del Salvatore Ges\u00f9 Cristo in Israele! Inoltre, la visita a Gerusalemme ti d\u00e0 maggiori informazioni sulla storia del cristianesimo. Inoltre, ti permette di vivere eventi e fatti importanti della Bibbia.<\/p>\n<p>Galleggiare sul Mar Morto in Giordania \u00e8 davvero un&#8217;esperienza unica e indimenticabile. L&#8217;elevata salinit\u00e0 dell&#8217;acqua fornisce una galleggiabilit\u00e0 che rende quasi impossibile l&#8217;affondamento, dando ai visitatori un senso di assenza di gravit\u00e0 e relax.<\/p>\n<p>Anche se l&#8217;acqua pu\u00f2 sembrare senza vita, i visitatori possono trovare conforto nel fango ricco di minerali del Mar Morto Giordano. Si ritiene che questo fango abbia propriet\u00e0 curative quasi magiche, attirando innumerevoli resort e spa nella zona. Non sorprende che questo sia diventato uno dei luoghi pi\u00f9 popolari da visitare della Giordania.<\/p>\n<p>\u00c8 importante notare che, sebbene il Mar Morto sia spesso associato a Israele, si trova tra la Giordania e Israele. Indipendentemente da dove vieni, galleggiare sul Mar Morto \u00e8 un&#8217;esperienza da non perdere.<\/p>\n<h2>Punti salienti dell&#8217;escursione a Gerusalemme da Dahab<\/h2>\n<ul>\n<li><strong>Monte degli Ulivi a Gerusalemme.<\/strong><\/li>\n<li><strong>Il Muro del Pianto.<\/strong><\/li>\n<li><strong>E la Via della Tribolazione.<\/strong><\/li>\n<li><strong>La Chiesa del Santo Sepolcro.<\/strong><\/li>\n<li><strong>Pranzo in un ristorante.<\/strong><\/li>\n<li><strong>La Chiesa della Nativit\u00e0.<\/strong><\/li>\n<li>Inoltre,\u00a0<strong>fermati al Mar Morto per un galleggiante.<\/strong><\/li>\n<\/ul>\n<h2>Itinerario del tour di Gerusalemme da Dahab<\/h2>\n<ul>\n<li>Il rappresentante di Landious Travel\u00a0verr\u00e0 a prenderti dal tuo hotel di Dahab intorno alle 20:00.<\/li>\n<li>Dopo aver raccolto tutti i visitatori, l&#8217;autobus partir\u00e0 alla volta del confine con Israele. Attraverser\u00e0 la citt\u00e0 costiera di Nuweiba, che si trova a nord di Dahab, sulla costa del Mar Rosso. Dal centro di Dahab ai confini, il percorso durer\u00e0 circa 3 ore.<\/li>\n<\/ul>\n<h3>Programma in Israele<\/h3>\n<ul>\n<li>Innanzitutto, farai una sosta sul Monte degli Ulivi a Gerusalemme. Dalla cima di questo monte si pu\u00f2 godere di una vista panoramica del Monte del Tempio e della Citt\u00e0 Vecchia. La vista dalla montagna \u00e8 eccezionale!<\/li>\n<li>In secondo luogo, ti dirigerai al Tempio di Gerusalemme e ti fermerai al Muro del Pianto. Si possono vedere gli ebrei in adorazione nel luogo.<\/li>\n<li>Poi, percorrerai la Via della Tribolazione \u2013 la Via Crucis. Secondo la Bibbia, il Salvatore port\u00f2 con s\u00e9 la Croce e and\u00f2 alla crocifissione sul Calvario. Vedrai un buco nella roccia dove hanno installato la Croce. Inoltre, sarai testimone della rottura della roccia dopo un fulmine.<\/li>\n<li>Successivamente visiterai la Chiesa del Santo Sepolcro, che si trova vicino alla grotta di Ges\u00f9 Cristo.<\/li>\n<li>Inoltre arriva l&#8217;ora di pranzo.<\/li>\n<li>Ancora una volta, prosegui il tuo viaggio visitando la Chiesa della Nativit\u00e0 di Betlemme.<\/li>\n<li>E poi ti divertirai a nuotare nel Mar Morto per quasi un&#8217;ora.<\/li>\n<\/ul>\n<h3>Partenza per Dahab<\/h3>\n<ul>\n<li>Infine, tornerai a Dahab dopo aver terminato questo fantastico giro turistico a Gerusalemme.<\/li>\n<li>Questa\u00a0\u00a0<strong>escursione a Gerusalemme\u00a0da Dahab<\/strong>\u00a0termina alle 22:00 circa del secondo giorno.<\/li>\n<\/ul>\n<h2>Cosa include il prezzo del tour giornaliero di Gerusalemme da Dahab?<\/h2>\n<ol>\n<li>Biglietti d&#8217;ingresso.<\/li>\n<li>Pranzo.<\/li>\n<li>Inoltre, trasferimento a Gerusalemme da Dahab e ritorno in hotel.<\/li>\n<\/ol>\n<h2>Cosa non comprende l&#8217;escursione Gerusalemme da Dahab?<\/h2>\n<ul>\n<li>Guida. La guida inglese costa 200 $ per gruppo di turisti.<\/li>\n<li>Inoltre, i programmi di escursioni aggiuntivi non sono inclusi nel programma sopra indicato.<\/li>\n<\/ul>\n<h2>Oggetti da portare con te per il viaggio a Gerusalemme<\/h2>\n<ol>\n<li>Passaporto.<\/li>\n<li>Scatola per la colazione.<\/li>\n<li>Inoltre, vestiti per la stagione.<\/li>\n<\/ol>\n<h2>Giorni di prenotazione dell&#8217;escursione a Gerusalemme Dahab<\/h2>\n<ul>\n<li>Luned\u00ec dalle 20:00 alle 23:00 del secondo giorno.<\/li>\n<li>Inoltre, il gioved\u00ec dalle 20:00 alle 23:00 \u00e8 il secondo giorno.<\/li>\n<\/ul>\n","protected":false},"excerpt":{"rendered":"<p>Se hai scelto di trascorrere le tue vacanze a Dahab, abbiamo l&#8217;opportunit\u00e0 di farti vivere la Terra Santa in Israele. Il tour di Gerusalemme in giornata ti permetter\u00e0 di approfondire il significato spirituale e storico di questo spazio sacro.<\/p>\n<p>Visiterai il Monte degli Ulivi e il Muro del Pianto e camminerai lungo Tribulation Road. Vedrai anche la Chiesa del Santo Sepolcro e la Chiesa della Nativit\u00e0 e, infine, farai una sosta al Mar Morto. Il costo del viaggio comprende trasferimenti, biglietti d&#8217;ingresso e pranzo.<\/p>\n<p>Il nostro itinerario di escursione inizia con un&#8217;e-mail di conferma che includer\u00e0 i dettagli del viaggio, compreso l&#8217;orario di prelievo dal tuo hotel (di solito intorno alle 22:00, a seconda della posizione dell&#8217;hotel). Dopo il prelievo, attraverseremo a piedi il confine verso l&#8217;altro lato di Israele, dove incontrerai la tua guida turistica di lingua inglese.<\/p>\n<p>Tieni presente che il tempo trascorso ai confini \u00e8 fuori dal nostro controllo a causa di molti viaggiatori e problemi politici.<\/p>\n<p>Poi guideremo per un&#8217;ora e mezza lungo la Valle dell&#8217;Avara verso il Mar Morto, il punto pi\u00f9 profondo della Terra. Se lo desideri, puoi esplorare le sue bellezze naturali e immergerti in acque ricche di minerali. Visiteremo anche il sito in cui sono stati ritrovati i rotoli del Mar Morto e vedremo i gruppi beduini che vivono nel deserto.<\/p>\n<p>Arrivando al Monte degli Ulivi, avrai una vista panoramica della citt\u00e0 e un&#8217;introduzione alla sua storia e cultura. Visiteremo poi il Muro del Pianto, gli ultimi resti del tempio ebraico, e seguiremo la via della sofferenza che conduce alla Chiesa del Santo Sepolcro, dove Ges\u00f9 fu crocifisso e sepolto.<\/p>\n<p>Faremo una pausa pranzo in uno dei ristoranti locali prima di visitare la citt\u00e0 di Betlemme, dove si trova la Chiesa della Nativit\u00e0. Qui \u00e8 dove \u00e8 nato Ges\u00f9 Cristo ed \u00e8 la meta di pellegrinaggio principale per i cristiani di tutto il mondo. Prima di tornare al confine, avremo l&#8217;opportunit\u00e0 di acquistare souvenir a Betlemme da questo luogo santo.<\/p>\n<p>L&#8217;escursione include il trasporto con aria condizionata ovunque a Gerusalemme e Dahab, tutti i biglietti d&#8217;ingresso ai luoghi turistici menzionati nell&#8217;itinerario, tasse di frontiera e visto, pranzo in un ristorante locale e una guida in lingua inglese. Ci auguriamo che ti unirai a noi alla scoperta della Terra Santa.<\/p>\n","protected":false},"featured_media":151187,"comment_status":"open","ping_status":"closed","template":"","meta":{"_coblocks_attr":"","_coblocks_dimensions":"","_coblocks_responsive_height":"","_coblocks_accordion_ie_support":"","_uag_custom_page_level_css":"","jetpack_publicize_message":"","jetpack_publicize_feature_enabled":true,"jetpack_social_post_already_shared":true,"jetpack_social_options":{"image_generator_settings":{"template":"highway","default_image_id":0,"font":"","enabled":false},"version":2},"_wpas_customize_per_network":false},"product_brand":[],"product_cat":[19587],"product_tag":[1644,9910],"class_list":{"0":"post-151186","1":"product","2":"type-product","3":"status-publish","4":"has-post-thumbnail","6":"product_cat-escursioni-dahab","7":"product_tag-escursione","8":"product_tag-visita-turistica","10":"first","11":"instock","12":"sale","13":"virtual","14":"taxable","15":"purchasable","16":"product-type-simple"},"yoast_head":"<!-- This site is optimized with the Yoast SEO Premium plugin v26.9 (Yoast SEO v27.5) - https:\/\/yoast.com\/product\/yoast-seo-premium-wordpress\/ -->\n<title>Tour di Gerusalemme da Dahab<\/title>\n<meta name=\"description\" content=\"Tour di Gerusalemme da Dahab Se hai scelto di trascorrere le tue vacanze a Dahab, abbiamo l&#039;opportunit\u00e0 di farti vivere la Terra Santa in Israele. Il\" \/>\n<meta name=\"robots\" content=\"index, follow, max-snippet:-1, max-image-preview:large, max-video-preview:-1\" \/>\n<link rel=\"canonical\" href=\"https:\/\/landioustravel.com\/it\/shop\/tour-di-gerusalemme-dahab\/\" \/>\n<meta property=\"og:locale\" content=\"it_IT\" \/>\n<meta property=\"og:type\" content=\"article\" \/>\n<meta property=\"og:title\" content=\"Tour di Gerusalemme da Dahab\" \/>\n<meta property=\"og:description\" content=\"Landious Travel\" \/>\n<meta property=\"og:url\" content=\"https:\/\/landioustravel.com\/it\/shop\/tour-di-gerusalemme-dahab\/\" \/>\n<meta property=\"og:site_name\" content=\"Landious Travel\" \/>\n<meta property=\"article:publisher\" content=\"https:\/\/web.facebook.com\/landiousEgypt\" \/>\n<meta property=\"article:modified_time\" content=\"2024-06-01T12:08:53+00:00\" \/>\n<meta property=\"og:image\" content=\"https:\/\/landioustravel.com\/wp-content\/uploads\/2023\/08\/Jerusalem-Tour-from-Dahab-e1691333578731.jpg\" \/>\n\t<meta property=\"og:image:width\" content=\"1200\" \/>\n\t<meta property=\"og:image:height\" content=\"800\" \/>\n\t<meta property=\"og:image:type\" content=\"image\/jpeg\" \/>\n<meta name=\"twitter:card\" content=\"summary_large_image\" \/>\n<meta name=\"twitter:site\" content=\"@LandiousTours\" \/>\n<meta name=\"twitter:label1\" content=\"Tempo di lettura stimato\" \/>\n\t<meta name=\"twitter:data1\" content=\"3 minuti\" \/>\n<script type=\"application\/ld+json\" class=\"yoast-schema-graph\">{\"@context\":\"https:\\\/\\\/schema.org\",\"@graph\":[{\"@type\":\"WebPage\",\"@id\":\"https:\\\/\\\/landioustravel.com\\\/it\\\/shop\\\/tour-di-gerusalemme-dahab\\\/\",\"url\":\"https:\\\/\\\/landioustravel.com\\\/it\\\/shop\\\/tour-di-gerusalemme-dahab\\\/\",\"name\":\"Tour di Gerusalemme da Dahab\",\"isPartOf\":{\"@id\":\"https:\\\/\\\/landioustravel.com\\\/it\\\/#website\"},\"primaryImageOfPage\":{\"@id\":\"https:\\\/\\\/landioustravel.com\\\/it\\\/shop\\\/tour-di-gerusalemme-dahab\\\/#primaryimage\"},\"image\":{\"@id\":\"https:\\\/\\\/landioustravel.com\\\/it\\\/shop\\\/tour-di-gerusalemme-dahab\\\/#primaryimage\"},\"thumbnailUrl\":\"https:\\\/\\\/i0.wp.com\\\/landioustravel.com\\\/wp-content\\\/uploads\\\/2023\\\/08\\\/Jerusalem-Tour-from-Dahab-e1691333578731.jpg?fit=1200%2C800&ssl=1\",\"datePublished\":\"2023-08-06T13:56:12+00:00\",\"dateModified\":\"2024-06-01T12:08:53+00:00\",\"description\":\"Tour di Gerusalemme da Dahab Se hai scelto di trascorrere le tue vacanze a Dahab, abbiamo l'opportunit\u00e0 di farti vivere la Terra Santa in Israele. Il\",\"breadcrumb\":{\"@id\":\"https:\\\/\\\/landioustravel.com\\\/it\\\/shop\\\/tour-di-gerusalemme-dahab\\\/#breadcrumb\"},\"inLanguage\":\"it-IT\",\"potentialAction\":[{\"@type\":\"ReadAction\",\"target\":[\"https:\\\/\\\/landioustravel.com\\\/it\\\/shop\\\/tour-di-gerusalemme-dahab\\\/\"]}]},{\"@type\":\"ImageObject\",\"inLanguage\":\"it-IT\",\"@id\":\"https:\\\/\\\/landioustravel.com\\\/it\\\/shop\\\/tour-di-gerusalemme-dahab\\\/#primaryimage\",\"url\":\"https:\\\/\\\/i0.wp.com\\\/landioustravel.com\\\/wp-content\\\/uploads\\\/2023\\\/08\\\/Jerusalem-Tour-from-Dahab-e1691333578731.jpg?fit=1200%2C800&ssl=1\",\"contentUrl\":\"https:\\\/\\\/i0.wp.com\\\/landioustravel.com\\\/wp-content\\\/uploads\\\/2023\\\/08\\\/Jerusalem-Tour-from-Dahab-e1691333578731.jpg?fit=1200%2C800&ssl=1\",\"width\":1200,\"height\":800,\"caption\":\"Jerusalem Tour from Dahab\"},{\"@type\":\"BreadcrumbList\",\"@id\":\"https:\\\/\\\/landioustravel.com\\\/it\\\/shop\\\/tour-di-gerusalemme-dahab\\\/#breadcrumb\",\"itemListElement\":[{\"@type\":\"ListItem\",\"position\":1,\"name\":\"Home\",\"item\":\"https:\\\/\\\/landioustravel.com\\\/it\\\/\"},{\"@type\":\"ListItem\",\"position\":2,\"name\":\"Tour in Egitto\",\"item\":\"https:\\\/\\\/landioustravel.com\\\/it\\\/\"},{\"@type\":\"ListItem\",\"position\":3,\"name\":\"Tour di Gerusalemme da Dahab\"}]},{\"@type\":\"WebSite\",\"@id\":\"https:\\\/\\\/landioustravel.com\\\/it\\\/#website\",\"url\":\"https:\\\/\\\/landioustravel.com\\\/it\\\/\",\"name\":\"Landious Travel\",\"description\":\"Excursions, trips and cruises in Egypt\",\"publisher\":{\"@id\":\"https:\\\/\\\/landioustravel.com\\\/it\\\/#organization\"},\"potentialAction\":[{\"@type\":\"SearchAction\",\"target\":{\"@type\":\"EntryPoint\",\"urlTemplate\":\"https:\\\/\\\/landioustravel.com\\\/it\\\/?s={search_term_string}\"},\"query-input\":{\"@type\":\"PropertyValueSpecification\",\"valueRequired\":true,\"valueName\":\"search_term_string\"}}],\"inLanguage\":\"it-IT\"},{\"@type\":[\"Organization\",\"Place\"],\"@id\":\"https:\\\/\\\/landioustravel.com\\\/it\\\/#organization\",\"name\":\"Landious Travel\",\"alternateName\":\"Landious Travel\",\"url\":\"https:\\\/\\\/landioustravel.com\\\/it\\\/\",\"logo\":{\"@id\":\"https:\\\/\\\/landioustravel.com\\\/it\\\/shop\\\/tour-di-gerusalemme-dahab\\\/#local-main-organization-logo\"},\"image\":{\"@id\":\"https:\\\/\\\/landioustravel.com\\\/it\\\/shop\\\/tour-di-gerusalemme-dahab\\\/#local-main-organization-logo\"},\"sameAs\":[\"https:\\\/\\\/web.facebook.com\\\/landiousEgypt\",\"https:\\\/\\\/x.com\\\/LandiousTours\",\"https:\\\/\\\/mastodon.social\\\/@landious\"],\"legalName\":\"Landious Travel\",\"telephone\":[],\"openingHoursSpecification\":[{\"@type\":\"OpeningHoursSpecification\",\"dayOfWeek\":[\"Monday\",\"Tuesday\",\"Wednesday\",\"Thursday\",\"Friday\",\"Saturday\",\"Sunday\"],\"opens\":\"09:00\",\"closes\":\"17:00\"}]},{\"@type\":\"ImageObject\",\"inLanguage\":\"it-IT\",\"@id\":\"https:\\\/\\\/landioustravel.com\\\/it\\\/shop\\\/tour-di-gerusalemme-dahab\\\/#local-main-organization-logo\",\"url\":\"https:\\\/\\\/i0.wp.com\\\/landioustravel.com\\\/wp-content\\\/uploads\\\/2021\\\/06\\\/Landious-T.png?fit=500%2C500&ssl=1\",\"contentUrl\":\"https:\\\/\\\/i0.wp.com\\\/landioustravel.com\\\/wp-content\\\/uploads\\\/2021\\\/06\\\/Landious-T.png?fit=500%2C500&ssl=1\",\"width\":500,\"height\":500,\"caption\":\"Landious Travel\"}]}<\/script>\n<!-- \/ Yoast SEO Premium plugin. -->","yoast_head_json":{"title":"Tour di Gerusalemme da Dahab","description":"Tour di Gerusalemme da Dahab Se hai scelto di trascorrere le tue vacanze a Dahab, abbiamo l'opportunit\u00e0 di farti vivere la Terra Santa in Israele. Il","robots":{"index":"index","follow":"follow","max-snippet":"max-snippet:-1","max-image-preview":"max-image-preview:large","max-video-preview":"max-video-preview:-1"},"canonical":"https:\/\/landioustravel.com\/it\/shop\/tour-di-gerusalemme-dahab\/","og_locale":"it_IT","og_type":"article","og_title":"Tour di Gerusalemme da Dahab","og_description":"Landious Travel","og_url":"https:\/\/landioustravel.com\/it\/shop\/tour-di-gerusalemme-dahab\/","og_site_name":"Landious Travel","article_publisher":"https:\/\/web.facebook.com\/landiousEgypt","article_modified_time":"2024-06-01T12:08:53+00:00","og_image":[{"width":1200,"height":800,"url":"https:\/\/landioustravel.com\/wp-content\/uploads\/2023\/08\/Jerusalem-Tour-from-Dahab-e1691333578731.jpg","type":"image\/jpeg"}],"twitter_card":"summary_large_image","twitter_site":"@LandiousTours","twitter_misc":{"Tempo di lettura stimato":"3 minuti"},"schema":{"@context":"https:\/\/schema.org","@graph":[{"@type":"WebPage","@id":"https:\/\/landioustravel.com\/it\/shop\/tour-di-gerusalemme-dahab\/","url":"https:\/\/landioustravel.com\/it\/shop\/tour-di-gerusalemme-dahab\/","name":"Tour di Gerusalemme da Dahab","isPartOf":{"@id":"https:\/\/landioustravel.com\/it\/#website"},"primaryImageOfPage":{"@id":"https:\/\/landioustravel.com\/it\/shop\/tour-di-gerusalemme-dahab\/#primaryimage"},"image":{"@id":"https:\/\/landioustravel.com\/it\/shop\/tour-di-gerusalemme-dahab\/#primaryimage"},"thumbnailUrl":"https:\/\/i0.wp.com\/landioustravel.com\/wp-content\/uploads\/2023\/08\/Jerusalem-Tour-from-Dahab-e1691333578731.jpg?fit=1200%2C800&ssl=1","datePublished":"2023-08-06T13:56:12+00:00","dateModified":"2024-06-01T12:08:53+00:00","description":"Tour di Gerusalemme da Dahab Se hai scelto di trascorrere le tue vacanze a Dahab, abbiamo l'opportunit\u00e0 di farti vivere la Terra Santa in Israele. Il","breadcrumb":{"@id":"https:\/\/landioustravel.com\/it\/shop\/tour-di-gerusalemme-dahab\/#breadcrumb"},"inLanguage":"it-IT","potentialAction":[{"@type":"ReadAction","target":["https:\/\/landioustravel.com\/it\/shop\/tour-di-gerusalemme-dahab\/"]}]},{"@type":"ImageObject","inLanguage":"it-IT","@id":"https:\/\/landioustravel.com\/it\/shop\/tour-di-gerusalemme-dahab\/#primaryimage","url":"https:\/\/i0.wp.com\/landioustravel.com\/wp-content\/uploads\/2023\/08\/Jerusalem-Tour-from-Dahab-e1691333578731.jpg?fit=1200%2C800&ssl=1","contentUrl":"https:\/\/i0.wp.com\/landioustravel.com\/wp-content\/uploads\/2023\/08\/Jerusalem-Tour-from-Dahab-e1691333578731.jpg?fit=1200%2C800&ssl=1","width":1200,"height":800,"caption":"Jerusalem Tour from Dahab"},{"@type":"BreadcrumbList","@id":"https:\/\/landioustravel.com\/it\/shop\/tour-di-gerusalemme-dahab\/#breadcrumb","itemListElement":[{"@type":"ListItem","position":1,"name":"Home","item":"https:\/\/landioustravel.com\/it\/"},{"@type":"ListItem","position":2,"name":"Tour in Egitto","item":"https:\/\/landioustravel.com\/it\/"},{"@type":"ListItem","position":3,"name":"Tour di Gerusalemme da Dahab"}]},{"@type":"WebSite","@id":"https:\/\/landioustravel.com\/it\/#website","url":"https:\/\/landioustravel.com\/it\/","name":"Landious Travel","description":"Excursions, trips and cruises in Egypt","publisher":{"@id":"https:\/\/landioustravel.com\/it\/#organization"},"potentialAction":[{"@type":"SearchAction","target":{"@type":"EntryPoint","urlTemplate":"https:\/\/landioustravel.com\/it\/?s={search_term_string}"},"query-input":{"@type":"PropertyValueSpecification","valueRequired":true,"valueName":"search_term_string"}}],"inLanguage":"it-IT"},{"@type":["Organization","Place"],"@id":"https:\/\/landioustravel.com\/it\/#organization","name":"Landious Travel","alternateName":"Landious Travel","url":"https:\/\/landioustravel.com\/it\/","logo":{"@id":"https:\/\/landioustravel.com\/it\/shop\/tour-di-gerusalemme-dahab\/#local-main-organization-logo"},"image":{"@id":"https:\/\/landioustravel.com\/it\/shop\/tour-di-gerusalemme-dahab\/#local-main-organization-logo"},"sameAs":["https:\/\/web.facebook.com\/landiousEgypt","https:\/\/x.com\/LandiousTours","https:\/\/mastodon.social\/@landious"],"legalName":"Landious Travel","telephone":[],"openingHoursSpecification":[{"@type":"OpeningHoursSpecification","dayOfWeek":["Monday","Tuesday","Wednesday","Thursday","Friday","Saturday","Sunday"],"opens":"09:00","closes":"17:00"}]},{"@type":"ImageObject","inLanguage":"it-IT","@id":"https:\/\/landioustravel.com\/it\/shop\/tour-di-gerusalemme-dahab\/#local-main-organization-logo","url":"https:\/\/i0.wp.com\/landioustravel.com\/wp-content\/uploads\/2021\/06\/Landious-T.png?fit=500%2C500&ssl=1","contentUrl":"https:\/\/i0.wp.com\/landioustravel.com\/wp-content\/uploads\/2021\/06\/Landious-T.png?fit=500%2C500&ssl=1","width":500,"height":500,"caption":"Landious Travel"}]}},"jetpack_publicize_connections":[],"uagb_featured_image_src":{"full":["https:\/\/i0.wp.com\/landioustravel.com\/wp-content\/uploads\/2023\/08\/Jerusalem-Tour-from-Dahab-e1691333578731.jpg?fit=1200%2C800&ssl=1",1200,800,false],"thumbnail":["https:\/\/i0.wp.com\/landioustravel.com\/wp-content\/uploads\/2023\/08\/Jerusalem-Tour-from-Dahab-e1691333578731.jpg?resize=150%2C150&ssl=1",150,150,true],"medium":["https:\/\/i0.wp.com\/landioustravel.com\/wp-content\/uploads\/2023\/08\/Jerusalem-Tour-from-Dahab-e1691333578731.jpg?fit=300%2C200&ssl=1",300,200,true],"medium_large":["https:\/\/i0.wp.com\/landioustravel.com\/wp-content\/uploads\/2023\/08\/Jerusalem-Tour-from-Dahab-e1691333578731.jpg?fit=768%2C512&ssl=1",768,512,true],"large":["https:\/\/i0.wp.com\/landioustravel.com\/wp-content\/uploads\/2023\/08\/Jerusalem-Tour-from-Dahab-e1691333578731.jpg?fit=980%2C654&ssl=1",980,654,true],"1536x1536":["https:\/\/i0.wp.com\/landioustravel.com\/wp-content\/uploads\/2023\/08\/Jerusalem-Tour-from-Dahab-e1691333578731.jpg?fit=1200%2C800&ssl=1",1200,800,true],"2048x2048":["https:\/\/i0.wp.com\/landioustravel.com\/wp-content\/uploads\/2023\/08\/Jerusalem-Tour-from-Dahab-e1691333578731.jpg?fit=1200%2C800&ssl=1",1200,800,true],"newspack-article-block-landscape-large":["https:\/\/i0.wp.com\/landioustravel.com\/wp-content\/uploads\/2023\/08\/Jerusalem-Tour-from-Dahab-e1691333578731.jpg?resize=1200%2C800&ssl=1",1200,800,true],"newspack-article-block-portrait-large":["https:\/\/i0.wp.com\/landioustravel.com\/wp-content\/uploads\/2023\/08\/Jerusalem-Tour-from-Dahab-e1691333578731.jpg?resize=900%2C800&ssl=1",900,800,true],"newspack-article-block-square-large":["https:\/\/i0.wp.com\/landioustravel.com\/wp-content\/uploads\/2023\/08\/Jerusalem-Tour-from-Dahab-e1691333578731.jpg?resize=1200%2C800&ssl=1",1200,800,true],"newspack-article-block-landscape-medium":["https:\/\/i0.wp.com\/landioustravel.com\/wp-content\/uploads\/2023\/08\/Jerusalem-Tour-from-Dahab-e1691333578731.jpg?resize=800%2C600&ssl=1",800,600,true],"newspack-article-block-portrait-medium":["https:\/\/i0.wp.com\/landioustravel.com\/wp-content\/uploads\/2023\/08\/Jerusalem-Tour-from-Dahab-e1691333578731.jpg?resize=600%2C800&ssl=1",600,800,true],"newspack-article-block-square-medium":["https:\/\/i0.wp.com\/landioustravel.com\/wp-content\/uploads\/2023\/08\/Jerusalem-Tour-from-Dahab-e1691333578731.jpg?resize=800%2C800&ssl=1",800,800,true],"newspack-article-block-landscape-intermediate":["https:\/\/i0.wp.com\/landioustravel.com\/wp-content\/uploads\/2023\/08\/Jerusalem-Tour-from-Dahab-e1691333578731.jpg?resize=600%2C450&ssl=1",600,450,true],"newspack-article-block-portrait-intermediate":["https:\/\/i0.wp.com\/landioustravel.com\/wp-content\/uploads\/2023\/08\/Jerusalem-Tour-from-Dahab-e1691333578731.jpg?resize=450%2C600&ssl=1",450,600,true],"newspack-article-block-square-intermediate":["https:\/\/i0.wp.com\/landioustravel.com\/wp-content\/uploads\/2023\/08\/Jerusalem-Tour-from-Dahab-e1691333578731.jpg?resize=600%2C600&ssl=1",600,600,true],"newspack-article-block-landscape-small":["https:\/\/i0.wp.com\/landioustravel.com\/wp-content\/uploads\/2023\/08\/Jerusalem-Tour-from-Dahab-e1691333578731.jpg?resize=400%2C300&ssl=1",400,300,true],"newspack-article-block-portrait-small":["https:\/\/i0.wp.com\/landioustravel.com\/wp-content\/uploads\/2023\/08\/Jerusalem-Tour-from-Dahab-e1691333578731.jpg?resize=300%2C400&ssl=1",300,400,true],"newspack-article-block-square-small":["https:\/\/i0.wp.com\/landioustravel.com\/wp-content\/uploads\/2023\/08\/Jerusalem-Tour-from-Dahab-e1691333578731.jpg?resize=400%2C400&ssl=1",400,400,true],"newspack-article-block-landscape-tiny":["https:\/\/i0.wp.com\/landioustravel.com\/wp-content\/uploads\/2023\/08\/Jerusalem-Tour-from-Dahab-e1691333578731.jpg?resize=200%2C150&ssl=1",200,150,true],"newspack-article-block-portrait-tiny":["https:\/\/i0.wp.com\/landioustravel.com\/wp-content\/uploads\/2023\/08\/Jerusalem-Tour-from-Dahab-e1691333578731.jpg?resize=150%2C200&ssl=1",150,200,true],"newspack-article-block-square-tiny":["https:\/\/i0.wp.com\/landioustravel.com\/wp-content\/uploads\/2023\/08\/Jerusalem-Tour-from-Dahab-e1691333578731.jpg?resize=200%2C200&ssl=1",200,200,true],"newspack-article-block-uncropped":["https:\/\/i0.wp.com\/landioustravel.com\/wp-content\/uploads\/2023\/08\/Jerusalem-Tour-from-Dahab-e1691333578731.jpg?fit=1200%2C800&ssl=1",1200,800,true],"woocommerce_thumbnail":["https:\/\/i0.wp.com\/landioustravel.com\/wp-content\/uploads\/2023\/08\/Jerusalem-Tour-from-Dahab-e1691333578731.jpg?resize=324%2C324&ssl=1",324,324,true],"woocommerce_single":["https:\/\/i0.wp.com\/landioustravel.com\/wp-content\/uploads\/2023\/08\/Jerusalem-Tour-from-Dahab-e1691333578731.jpg?fit=416%2C277&ssl=1",416,277,true],"woocommerce_gallery_thumbnail":["https:\/\/i0.wp.com\/landioustravel.com\/wp-content\/uploads\/2023\/08\/Jerusalem-Tour-from-Dahab-e1691333578731.jpg?resize=100%2C100&ssl=1",100,100,true]},"uagb_author_info":{"display_name":"Mofreh Landious","author_link":"https:\/\/landioustravel.com\/it\/author\/"},"uagb_comment_info":0,"uagb_excerpt":"Se hai scelto di trascorrere le tue vacanze a Dahab, abbiamo l'opportunit\u00e0 di farti vivere la Terra Santa in Israele. Il tour di Gerusalemme in giornata ti permetter\u00e0 di approfondire il significato spirituale e storico di questo spazio sacro. Visiterai il Monte degli Ulivi e il Muro del Pianto e camminerai lungo Tribulation Road. Vedrai&hellip;","jetpack_sharing_enabled":true,"jetpack_likes_enabled":true,"amp_enabled":true,"_links":{"self":[{"href":"https:\/\/landioustravel.com\/it\/wp-json\/wp\/v2\/product\/151186","targetHints":{"allow":["GET"]}}],"collection":[{"href":"https:\/\/landioustravel.com\/it\/wp-json\/wp\/v2\/product"}],"about":[{"href":"https:\/\/landioustravel.com\/it\/wp-json\/wp\/v2\/types\/product"}],"replies":[{"embeddable":true,"href":"https:\/\/landioustravel.com\/it\/wp-json\/wp\/v2\/comments?post=151186"}],"wp:featuredmedia":[{"embeddable":true,"href":"https:\/\/landioustravel.com\/it\/wp-json\/wp\/v2\/media\/151187"}],"wp:attachment":[{"href":"https:\/\/landioustravel.com\/it\/wp-json\/wp\/v2\/media?parent=151186"}],"wp:term":[{"taxonomy":"product_brand","embeddable":true,"href":"https:\/\/landioustravel.com\/it\/wp-json\/wp\/v2\/product_brand?post=151186"},{"taxonomy":"product_cat","embeddable":true,"href":"https:\/\/landioustravel.com\/it\/wp-json\/wp\/v2\/product_cat?post=151186"},{"taxonomy":"product_tag","embeddable":true,"href":"https:\/\/landioustravel.com\/it\/wp-json\/wp\/v2\/product_tag?post=151186"}],"curies":[{"name":"wp","href":"https:\/\/api.w.org\/{rel}","templated":true}]}}