{"id":1512,"date":"2018-11-24T23:26:03","date_gmt":"2018-11-24T21:26:03","guid":{"rendered":"https:\/\/landioustravel.com\/product\/escursione-mega-safari-a-hurghada\/"},"modified":"2026-03-14T19:14:12","modified_gmt":"2026-03-14T17:14:12","slug":"escursione-mega-safari-hurghada","status":"publish","type":"product","link":"https:\/\/landioustravel.com\/it\/shop\/escursione-mega-safari-hurghada\/","title":{"rendered":"Escursione Mega-Safari a Hurghada"},"content":{"rendered":"<p>L&#8217;escursione pi\u00f9 attiva sul deserto Safari a Hurghada! Raccomandiamo il viaggio perch\u00e9 permette ai turisti di guidare quad per una distanza di 50 km. Inoltre, il viaggio ti d\u00e0 l&#8217;opportunit\u00e0 di vedere il deserto e conoscere la cultura beduina. Include una visita al villaggio beduino, riceverai pi\u00f9 intrattenimenti.<\/p>\n<h2>I punti principali del programma di escursioni per Mega-Safari<\/h2>\n<ul>\n<li>In sella a un quad per una distanza di 50 km attraverso il deserto<\/li>\n<li>Quindi, cammello e buggy a cavallo<\/li>\n<li>Quindi, guardando il terrario<\/li>\n<li>E, visitando il villaggio beduino<\/li>\n<li>\n<h3>Comunque, avrai tempo per cena e danze orientali<\/h3>\n<\/li>\n<li>Il programma di escursioni Mega-safari da Hurghada<\/li>\n<li>Vi verremo a prendere dall&#8217;hotel alle 13:00 circa<\/li>\n<li>Dopo aver preso tutti gli arrivi, il nostro minibus \/ Jeep va verso il deserto, dove c&#8217;\u00e8 una base di quad. La strada per la base dura circa 25 minuti<\/li>\n<li>Per prima cosa dovrai prepararti ad indossare occhiali da sole, a tirare una sciarpa sulla testa e indossare un casco.<\/li>\n<li>In secondo luogo, ci sono istruzioni e allenamenti su quad per un po &#8216;di tempo<\/li>\n<li>Successivamente, guiderai per 25 km attraverso il deserto fino al villaggio beduino<\/li>\n<li>Non appena arrivi nel villaggio beduino, puoi cavalcare i cammelli. Inoltre, puoi scattare foto con i beduini<\/li>\n<li>Quindi, si pedala per circa 10 minuti<\/li>\n<li>Dopo ci\u00f2, visiti il \u200b\u200bterrario<\/li>\n<li>Inoltre, la guida ti accompagna al villaggio beduino. Mostra come i beduini cucinano il pane e come si vestono<\/li>\n<li>Nella tenda beduina, dovrai cenare. Eppure, guardi le danze orientali e le stelle attraverso un telescopio<\/li>\n<li>Finalmente, ti prepari a tornare indietro di 25 km alla base<\/li>\n<\/ul>\n<h4>Cosa \u00e8 incluso nel prezzo del viaggio<\/h4>\n<ul>\n<li>Pranzo<\/li>\n<li>E, trasferimento nel deserto e ritorno in albergo<\/li>\n<\/ul>\n<h5>Cosa non \u00e8 incluso nel prezzo del viaggio<\/h5>\n<ul>\n<li>DVD video<\/li>\n<li>E, CD fotografico<\/li>\n<\/ul>\n<h6>COSA PORTARE CON TE PER IL VIAGGIO<\/h6>\n<ul>\n<li>Sciarpa<\/li>\n<li>E occhiali da sole<\/li>\n<\/ul>\n<h6>GIORNI DI ORGANIZZAZIONE DI ESCURSIONE<\/h6>\n<ul>\n<li>Tutti i giorni dalle 13:00 alle 19:00<\/li>\n<\/ul>\n","protected":false},"excerpt":{"rendered":"<p>Se stai cercando un&#8217;avventura elettrizzante, il deserto di Hurghada \u00e8 il parco giochi perfetto per i veicoli fuoristrada. Avrai molto spazio per accelerare e sollevare un po&#8217; di sabbia. La parte migliore? Non dovrai preoccuparti di organizzare nulla. Immergiti nella cultura beduina mentre ti godi il terreno in questa avventura in ATV. Dopo aver ricevuto le istruzioni, sfreccia sulla sabbia fino a un villaggio beduino dove puoi chiacchierare con la gente del posto amichevole, cavalcare un cammello, guardare il tramonto e goderti la cena. Prima che tu te ne accorga, tornerai alla base con il tuo ATV. Questo tour da Hurghada \u00e8 il modo pi\u00f9 semplice per provare la guida di un ATV, poich\u00e9 sono incluse attrezzature e guida. Goditi la comodit\u00e0 del trasporto di andata e ritorno e del ritiro e riconsegna dell&#8217;hotel.<\/p>\n<p>Nel pomeriggio, verremo a prendervi al vostro hotel di Hurghada e vi porteremo a bordo di un veicolo con aria condizionata nel deserto selvaggio vicino al resort. Mentre ti avvicini alla stazione dei quad, rimarrai incantato dalle montagne e dalle pianure aride. Prima di iniziare la tua emozionante corsa, ascolta un briefing sulla sicurezza e impara le regole della guida fuoristrada da un istruttore esperto. Una volta che sei pronto, sali sulla tua robusta bici a 4 ruote, indossa il casco in dotazione e ottieni istruzioni su come utilizzare i comandi. Mentre segui la tua guida in convoglio attraverso le sabbie, la tua sicurezza aumenter\u00e0 e aumenterai la tua velocit\u00e0 lungo il percorso. Solleva un po&#8217; di polvere e goditi il panorama mentre corri sulle sabbie del deserto e sul terreno scosceso verso un villaggio beduino. Dopo aver percorso circa 45,06 km, arriverai all&#8217;insediamento. L\u00ec, puoi condividere un t\u00e8 rinfrescante, fumare un narghil\u00e8, cavalcare un cammello e goderti la cena con la gente del posto amichevole. Infine, arrampicati su una delle dune ondulate per scattare foto del tramonto nel deserto prima di tornare al tuo quad e tornare alla base. Ti lasceremo al tuo hotel per concludere la tua esperienza.<\/p>\n<p>Se stai cercando un lungo safari nel Sahara a Hurghada, Hurghada Mega-Safari \u00e8 la soluzione migliore. Guiderai principalmente quad e dune buggy, ma ci sono altri piani di intrattenimento, come il giro in cammello e guardare il terrario. Questo safari ti d\u00e0 anche l&#8217;opportunit\u00e0 di incontrare i beduini e conoscere la loro cultura. Ti godrai la cena e le danze folcloristiche in una tenda beduina, rendendola un&#8217;esperienza completa.<\/p>\n","protected":false},"featured_media":1513,"comment_status":"open","ping_status":"closed","template":"","meta":{"_coblocks_attr":"","_coblocks_dimensions":"","_coblocks_responsive_height":"","_coblocks_accordion_ie_support":"","_uag_custom_page_level_css":"","jetpack_post_was_ever_published":false,"jetpack_publicize_message":"","jetpack_publicize_feature_enabled":true,"jetpack_social_post_already_shared":false,"jetpack_social_options":{"image_generator_settings":{"template":"highway","default_image_id":0,"font":"","enabled":false},"version":2},"_wpas_customize_per_network":false},"product_brand":[],"product_cat":[1632,22508,1637,22525],"product_tag":[1644,1661,2181,2178,1680],"class_list":{"0":"post-1512","1":"product","2":"type-product","3":"status-publish","4":"has-post-thumbnail","6":"product_cat-escursioni-hurghada","7":"product_cat-escursioni-economiche-hurghada","8":"product_cat-escursioni-safari-deserto-hurghada","9":"product_cat-tour-quad-di-hurghada","10":"product_tag-escursione","11":"product_tag-hurghada-it","12":"product_tag-quad-in-sella","13":"product_tag-safari-it","14":"product_tag-safari-nel-deserto","16":"first","17":"instock","18":"sale","19":"purchasable","20":"product-type-variable"},"yoast_head":"<!-- This site is optimized with the Yoast SEO Premium plugin v26.9 (Yoast SEO v27.3) - https:\/\/yoast.com\/product\/yoast-seo-premium-wordpress\/ -->\n<title>Escursione Mega-Safari a Hurghada<\/title>\n<meta name=\"description\" content=\"Escursione Mega-Safari a Hurghada in sella a un quad, cammello e buggy, visita il terrario e beduini antichi. Il programma include cena e ballo\" \/>\n<meta name=\"robots\" content=\"index, follow, max-snippet:-1, max-image-preview:large, max-video-preview:-1\" \/>\n<link rel=\"canonical\" href=\"https:\/\/landioustravel.com\/it\/shop\/escursione-mega-safari-hurghada\/\" \/>\n<meta property=\"og:locale\" content=\"it_IT\" \/>\n<meta property=\"og:type\" content=\"article\" \/>\n<meta property=\"og:title\" content=\"Escursione Mega-Safari a Hurghada\" \/>\n<meta property=\"og:description\" content=\"Landious Travel\" \/>\n<meta property=\"og:url\" content=\"https:\/\/landioustravel.com\/it\/shop\/escursione-mega-safari-hurghada\/\" \/>\n<meta property=\"og:site_name\" content=\"Landious Travel\" \/>\n<meta property=\"article:publisher\" content=\"https:\/\/web.facebook.com\/landiousEgypt\" \/>\n<meta property=\"article:modified_time\" content=\"2026-03-14T17:14:12+00:00\" \/>\n<meta property=\"og:image\" content=\"https:\/\/i0.wp.com\/landioustravel.com\/wp-content\/uploads\/2019\/01\/Escursione_Mega-Safari_a_Hurghada-e1552761724379.jpg?fit=1200%2C673&ssl=1\" \/>\n\t<meta property=\"og:image:width\" content=\"1200\" \/>\n\t<meta property=\"og:image:height\" content=\"673\" \/>\n\t<meta property=\"og:image:type\" content=\"image\/jpeg\" \/>\n<meta name=\"twitter:card\" content=\"summary_large_image\" \/>\n<meta name=\"twitter:site\" content=\"@LandiousTours\" \/>\n<meta name=\"twitter:label1\" content=\"Tempo di lettura stimato\" \/>\n\t<meta name=\"twitter:data1\" content=\"2 minuti\" \/>\n<script type=\"application\/ld+json\" class=\"yoast-schema-graph\">{\"@context\":\"https:\\\/\\\/schema.org\",\"@graph\":[{\"@type\":\"WebPage\",\"@id\":\"https:\\\/\\\/landioustravel.com\\\/it\\\/shop\\\/escursione-mega-safari-hurghada\\\/\",\"url\":\"https:\\\/\\\/landioustravel.com\\\/it\\\/shop\\\/escursione-mega-safari-hurghada\\\/\",\"name\":\"Escursione Mega-Safari a Hurghada\",\"isPartOf\":{\"@id\":\"https:\\\/\\\/landioustravel.com\\\/it\\\/#website\"},\"primaryImageOfPage\":{\"@id\":\"https:\\\/\\\/landioustravel.com\\\/it\\\/shop\\\/escursione-mega-safari-hurghada\\\/#primaryimage\"},\"image\":{\"@id\":\"https:\\\/\\\/landioustravel.com\\\/it\\\/shop\\\/escursione-mega-safari-hurghada\\\/#primaryimage\"},\"thumbnailUrl\":\"https:\\\/\\\/i0.wp.com\\\/landioustravel.com\\\/wp-content\\\/uploads\\\/2019\\\/01\\\/Escursione_Mega-Safari_a_Hurghada-e1552761724379.jpg?fit=1200%2C673&ssl=1\",\"datePublished\":\"2018-11-24T21:26:03+00:00\",\"dateModified\":\"2026-03-14T17:14:12+00:00\",\"description\":\"Escursione Mega-Safari a Hurghada in sella a un quad, cammello e buggy, visita il terrario e beduini antichi. Il programma include cena e ballo\",\"breadcrumb\":{\"@id\":\"https:\\\/\\\/landioustravel.com\\\/it\\\/shop\\\/escursione-mega-safari-hurghada\\\/#breadcrumb\"},\"inLanguage\":\"it-IT\",\"potentialAction\":[{\"@type\":\"ReadAction\",\"target\":[\"https:\\\/\\\/landioustravel.com\\\/it\\\/shop\\\/escursione-mega-safari-hurghada\\\/\"]}]},{\"@type\":\"ImageObject\",\"inLanguage\":\"it-IT\",\"@id\":\"https:\\\/\\\/landioustravel.com\\\/it\\\/shop\\\/escursione-mega-safari-hurghada\\\/#primaryimage\",\"url\":\"https:\\\/\\\/i0.wp.com\\\/landioustravel.com\\\/wp-content\\\/uploads\\\/2019\\\/01\\\/Escursione_Mega-Safari_a_Hurghada-e1552761724379.jpg?fit=1200%2C673&ssl=1\",\"contentUrl\":\"https:\\\/\\\/i0.wp.com\\\/landioustravel.com\\\/wp-content\\\/uploads\\\/2019\\\/01\\\/Escursione_Mega-Safari_a_Hurghada-e1552761724379.jpg?fit=1200%2C673&ssl=1\",\"width\":1200,\"height\":673,\"caption\":\"Escursione Mega-Safari a Hurghada\"},{\"@type\":\"BreadcrumbList\",\"@id\":\"https:\\\/\\\/landioustravel.com\\\/it\\\/shop\\\/escursione-mega-safari-hurghada\\\/#breadcrumb\",\"itemListElement\":[{\"@type\":\"ListItem\",\"position\":1,\"name\":\"Home\",\"item\":\"https:\\\/\\\/landioustravel.com\\\/it\\\/\"},{\"@type\":\"ListItem\",\"position\":2,\"name\":\"Tour in Egitto\",\"item\":\"https:\\\/\\\/landioustravel.com\\\/it\\\/\"},{\"@type\":\"ListItem\",\"position\":3,\"name\":\"Escursione Mega-Safari a Hurghada\"}]},{\"@type\":\"WebSite\",\"@id\":\"https:\\\/\\\/landioustravel.com\\\/it\\\/#website\",\"url\":\"https:\\\/\\\/landioustravel.com\\\/it\\\/\",\"name\":\"Landious Travel\",\"description\":\"Excursions, trips and cruises in Egypt\",\"publisher\":{\"@id\":\"https:\\\/\\\/landioustravel.com\\\/it\\\/#organization\"},\"potentialAction\":[{\"@type\":\"SearchAction\",\"target\":{\"@type\":\"EntryPoint\",\"urlTemplate\":\"https:\\\/\\\/landioustravel.com\\\/it\\\/?s={search_term_string}\"},\"query-input\":{\"@type\":\"PropertyValueSpecification\",\"valueRequired\":true,\"valueName\":\"search_term_string\"}}],\"inLanguage\":\"it-IT\"},{\"@type\":[\"Organization\",\"Place\"],\"@id\":\"https:\\\/\\\/landioustravel.com\\\/it\\\/#organization\",\"name\":\"Landious Travel\",\"alternateName\":\"Landious Travel\",\"url\":\"https:\\\/\\\/landioustravel.com\\\/it\\\/\",\"logo\":{\"@id\":\"https:\\\/\\\/landioustravel.com\\\/it\\\/shop\\\/escursione-mega-safari-hurghada\\\/#local-main-organization-logo\"},\"image\":{\"@id\":\"https:\\\/\\\/landioustravel.com\\\/it\\\/shop\\\/escursione-mega-safari-hurghada\\\/#local-main-organization-logo\"},\"sameAs\":[\"https:\\\/\\\/web.facebook.com\\\/landiousEgypt\",\"https:\\\/\\\/x.com\\\/LandiousTours\",\"https:\\\/\\\/mastodon.social\\\/@landious\"],\"legalName\":\"Landious Travel\",\"telephone\":[],\"openingHoursSpecification\":[{\"@type\":\"OpeningHoursSpecification\",\"dayOfWeek\":[\"Monday\",\"Tuesday\",\"Wednesday\",\"Thursday\",\"Friday\",\"Saturday\",\"Sunday\"],\"opens\":\"09:00\",\"closes\":\"17:00\"}]},{\"@type\":\"ImageObject\",\"inLanguage\":\"it-IT\",\"@id\":\"https:\\\/\\\/landioustravel.com\\\/it\\\/shop\\\/escursione-mega-safari-hurghada\\\/#local-main-organization-logo\",\"url\":\"https:\\\/\\\/i0.wp.com\\\/landioustravel.com\\\/wp-content\\\/uploads\\\/2021\\\/06\\\/Landious-T.png?fit=500%2C500&ssl=1\",\"contentUrl\":\"https:\\\/\\\/i0.wp.com\\\/landioustravel.com\\\/wp-content\\\/uploads\\\/2021\\\/06\\\/Landious-T.png?fit=500%2C500&ssl=1\",\"width\":500,\"height\":500,\"caption\":\"Landious Travel\"}]}<\/script>\n<!-- \/ Yoast SEO Premium plugin. -->","yoast_head_json":{"title":"Escursione Mega-Safari a Hurghada","description":"Escursione Mega-Safari a Hurghada in sella a un quad, cammello e buggy, visita il terrario e beduini antichi. Il programma include cena e ballo","robots":{"index":"index","follow":"follow","max-snippet":"max-snippet:-1","max-image-preview":"max-image-preview:large","max-video-preview":"max-video-preview:-1"},"canonical":"https:\/\/landioustravel.com\/it\/shop\/escursione-mega-safari-hurghada\/","og_locale":"it_IT","og_type":"article","og_title":"Escursione Mega-Safari a Hurghada","og_description":"Landious Travel","og_url":"https:\/\/landioustravel.com\/it\/shop\/escursione-mega-safari-hurghada\/","og_site_name":"Landious Travel","article_publisher":"https:\/\/web.facebook.com\/landiousEgypt","article_modified_time":"2026-03-14T17:14:12+00:00","og_image":[{"width":1200,"height":673,"url":"https:\/\/i0.wp.com\/landioustravel.com\/wp-content\/uploads\/2019\/01\/Escursione_Mega-Safari_a_Hurghada-e1552761724379.jpg?fit=1200%2C673&ssl=1","type":"image\/jpeg"}],"twitter_card":"summary_large_image","twitter_site":"@LandiousTours","twitter_misc":{"Tempo di lettura stimato":"2 minuti"},"schema":{"@context":"https:\/\/schema.org","@graph":[{"@type":"WebPage","@id":"https:\/\/landioustravel.com\/it\/shop\/escursione-mega-safari-hurghada\/","url":"https:\/\/landioustravel.com\/it\/shop\/escursione-mega-safari-hurghada\/","name":"Escursione Mega-Safari a Hurghada","isPartOf":{"@id":"https:\/\/landioustravel.com\/it\/#website"},"primaryImageOfPage":{"@id":"https:\/\/landioustravel.com\/it\/shop\/escursione-mega-safari-hurghada\/#primaryimage"},"image":{"@id":"https:\/\/landioustravel.com\/it\/shop\/escursione-mega-safari-hurghada\/#primaryimage"},"thumbnailUrl":"https:\/\/i0.wp.com\/landioustravel.com\/wp-content\/uploads\/2019\/01\/Escursione_Mega-Safari_a_Hurghada-e1552761724379.jpg?fit=1200%2C673&ssl=1","datePublished":"2018-11-24T21:26:03+00:00","dateModified":"2026-03-14T17:14:12+00:00","description":"Escursione Mega-Safari a Hurghada in sella a un quad, cammello e buggy, visita il terrario e beduini antichi. Il programma include cena e ballo","breadcrumb":{"@id":"https:\/\/landioustravel.com\/it\/shop\/escursione-mega-safari-hurghada\/#breadcrumb"},"inLanguage":"it-IT","potentialAction":[{"@type":"ReadAction","target":["https:\/\/landioustravel.com\/it\/shop\/escursione-mega-safari-hurghada\/"]}]},{"@type":"ImageObject","inLanguage":"it-IT","@id":"https:\/\/landioustravel.com\/it\/shop\/escursione-mega-safari-hurghada\/#primaryimage","url":"https:\/\/i0.wp.com\/landioustravel.com\/wp-content\/uploads\/2019\/01\/Escursione_Mega-Safari_a_Hurghada-e1552761724379.jpg?fit=1200%2C673&ssl=1","contentUrl":"https:\/\/i0.wp.com\/landioustravel.com\/wp-content\/uploads\/2019\/01\/Escursione_Mega-Safari_a_Hurghada-e1552761724379.jpg?fit=1200%2C673&ssl=1","width":1200,"height":673,"caption":"Escursione Mega-Safari a Hurghada"},{"@type":"BreadcrumbList","@id":"https:\/\/landioustravel.com\/it\/shop\/escursione-mega-safari-hurghada\/#breadcrumb","itemListElement":[{"@type":"ListItem","position":1,"name":"Home","item":"https:\/\/landioustravel.com\/it\/"},{"@type":"ListItem","position":2,"name":"Tour in Egitto","item":"https:\/\/landioustravel.com\/it\/"},{"@type":"ListItem","position":3,"name":"Escursione Mega-Safari a Hurghada"}]},{"@type":"WebSite","@id":"https:\/\/landioustravel.com\/it\/#website","url":"https:\/\/landioustravel.com\/it\/","name":"Landious Travel","description":"Excursions, trips and cruises in Egypt","publisher":{"@id":"https:\/\/landioustravel.com\/it\/#organization"},"potentialAction":[{"@type":"SearchAction","target":{"@type":"EntryPoint","urlTemplate":"https:\/\/landioustravel.com\/it\/?s={search_term_string}"},"query-input":{"@type":"PropertyValueSpecification","valueRequired":true,"valueName":"search_term_string"}}],"inLanguage":"it-IT"},{"@type":["Organization","Place"],"@id":"https:\/\/landioustravel.com\/it\/#organization","name":"Landious Travel","alternateName":"Landious Travel","url":"https:\/\/landioustravel.com\/it\/","logo":{"@id":"https:\/\/landioustravel.com\/it\/shop\/escursione-mega-safari-hurghada\/#local-main-organization-logo"},"image":{"@id":"https:\/\/landioustravel.com\/it\/shop\/escursione-mega-safari-hurghada\/#local-main-organization-logo"},"sameAs":["https:\/\/web.facebook.com\/landiousEgypt","https:\/\/x.com\/LandiousTours","https:\/\/mastodon.social\/@landious"],"legalName":"Landious Travel","telephone":[],"openingHoursSpecification":[{"@type":"OpeningHoursSpecification","dayOfWeek":["Monday","Tuesday","Wednesday","Thursday","Friday","Saturday","Sunday"],"opens":"09:00","closes":"17:00"}]},{"@type":"ImageObject","inLanguage":"it-IT","@id":"https:\/\/landioustravel.com\/it\/shop\/escursione-mega-safari-hurghada\/#local-main-organization-logo","url":"https:\/\/i0.wp.com\/landioustravel.com\/wp-content\/uploads\/2021\/06\/Landious-T.png?fit=500%2C500&ssl=1","contentUrl":"https:\/\/i0.wp.com\/landioustravel.com\/wp-content\/uploads\/2021\/06\/Landious-T.png?fit=500%2C500&ssl=1","width":500,"height":500,"caption":"Landious Travel"}]}},"jetpack_publicize_connections":[],"uagb_featured_image_src":{"full":["https:\/\/i0.wp.com\/landioustravel.com\/wp-content\/uploads\/2019\/01\/Escursione_Mega-Safari_a_Hurghada-e1552761724379.jpg?fit=1200%2C673&ssl=1",1200,673,false],"thumbnail":["https:\/\/i0.wp.com\/landioustravel.com\/wp-content\/uploads\/2019\/01\/Escursione_Mega-Safari_a_Hurghada-e1552761724379.jpg?resize=150%2C150&ssl=1",150,150,true],"medium":["https:\/\/i0.wp.com\/landioustravel.com\/wp-content\/uploads\/2019\/01\/Escursione_Mega-Safari_a_Hurghada-e1552761724379.jpg?fit=300%2C168&ssl=1",300,168,true],"medium_large":["https:\/\/i0.wp.com\/landioustravel.com\/wp-content\/uploads\/2019\/01\/Escursione_Mega-Safari_a_Hurghada-e1552761724379.jpg?fit=768%2C431&ssl=1",768,431,true],"large":["https:\/\/i0.wp.com\/landioustravel.com\/wp-content\/uploads\/2019\/01\/Escursione_Mega-Safari_a_Hurghada-e1552761724379.jpg?fit=980%2C549&ssl=1",980,549,true],"1536x1536":["https:\/\/i0.wp.com\/landioustravel.com\/wp-content\/uploads\/2019\/01\/Escursione_Mega-Safari_a_Hurghada-e1552761724379.jpg?fit=1200%2C673&ssl=1",1200,673,true],"2048x2048":["https:\/\/i0.wp.com\/landioustravel.com\/wp-content\/uploads\/2019\/01\/Escursione_Mega-Safari_a_Hurghada-e1552761724379.jpg?fit=1200%2C673&ssl=1",1200,673,true],"newspack-article-block-landscape-large":["https:\/\/i0.wp.com\/landioustravel.com\/wp-content\/uploads\/2019\/01\/Escursione_Mega-Safari_a_Hurghada-e1552761724379.jpg?resize=1200%2C673&ssl=1",1200,673,true],"newspack-article-block-portrait-large":["https:\/\/i0.wp.com\/landioustravel.com\/wp-content\/uploads\/2019\/01\/Escursione_Mega-Safari_a_Hurghada-e1552761724379.jpg?resize=900%2C673&ssl=1",900,673,true],"newspack-article-block-square-large":["https:\/\/i0.wp.com\/landioustravel.com\/wp-content\/uploads\/2019\/01\/Escursione_Mega-Safari_a_Hurghada-e1552761724379.jpg?resize=1200%2C673&ssl=1",1200,673,true],"newspack-article-block-landscape-medium":["https:\/\/i0.wp.com\/landioustravel.com\/wp-content\/uploads\/2019\/01\/Escursione_Mega-Safari_a_Hurghada-e1552761724379.jpg?resize=800%2C600&ssl=1",800,600,true],"newspack-article-block-portrait-medium":["https:\/\/i0.wp.com\/landioustravel.com\/wp-content\/uploads\/2019\/01\/Escursione_Mega-Safari_a_Hurghada-e1552761724379.jpg?resize=600%2C673&ssl=1",600,673,true],"newspack-article-block-square-medium":["https:\/\/i0.wp.com\/landioustravel.com\/wp-content\/uploads\/2019\/01\/Escursione_Mega-Safari_a_Hurghada-e1552761724379.jpg?resize=800%2C673&ssl=1",800,673,true],"newspack-article-block-landscape-intermediate":["https:\/\/i0.wp.com\/landioustravel.com\/wp-content\/uploads\/2019\/01\/Escursione_Mega-Safari_a_Hurghada-e1552761724379.jpg?resize=600%2C450&ssl=1",600,450,true],"newspack-article-block-portrait-intermediate":["https:\/\/i0.wp.com\/landioustravel.com\/wp-content\/uploads\/2019\/01\/Escursione_Mega-Safari_a_Hurghada-e1552761724379.jpg?resize=450%2C600&ssl=1",450,600,true],"newspack-article-block-square-intermediate":["https:\/\/i0.wp.com\/landioustravel.com\/wp-content\/uploads\/2019\/01\/Escursione_Mega-Safari_a_Hurghada-e1552761724379.jpg?resize=600%2C600&ssl=1",600,600,true],"newspack-article-block-landscape-small":["https:\/\/i0.wp.com\/landioustravel.com\/wp-content\/uploads\/2019\/01\/Escursione_Mega-Safari_a_Hurghada-e1552761724379.jpg?resize=400%2C300&ssl=1",400,300,true],"newspack-article-block-portrait-small":["https:\/\/i0.wp.com\/landioustravel.com\/wp-content\/uploads\/2019\/01\/Escursione_Mega-Safari_a_Hurghada-e1552761724379.jpg?resize=300%2C400&ssl=1",300,400,true],"newspack-article-block-square-small":["https:\/\/i0.wp.com\/landioustravel.com\/wp-content\/uploads\/2019\/01\/Escursione_Mega-Safari_a_Hurghada-e1552761724379.jpg?resize=400%2C400&ssl=1",400,400,true],"newspack-article-block-landscape-tiny":["https:\/\/i0.wp.com\/landioustravel.com\/wp-content\/uploads\/2019\/01\/Escursione_Mega-Safari_a_Hurghada-e1552761724379.jpg?resize=200%2C150&ssl=1",200,150,true],"newspack-article-block-portrait-tiny":["https:\/\/i0.wp.com\/landioustravel.com\/wp-content\/uploads\/2019\/01\/Escursione_Mega-Safari_a_Hurghada-e1552761724379.jpg?resize=150%2C200&ssl=1",150,200,true],"newspack-article-block-square-tiny":["https:\/\/i0.wp.com\/landioustravel.com\/wp-content\/uploads\/2019\/01\/Escursione_Mega-Safari_a_Hurghada-e1552761724379.jpg?resize=200%2C200&ssl=1",200,200,true],"newspack-article-block-uncropped":["https:\/\/i0.wp.com\/landioustravel.com\/wp-content\/uploads\/2019\/01\/Escursione_Mega-Safari_a_Hurghada-e1552761724379.jpg?fit=1200%2C673&ssl=1",1200,673,true],"woocommerce_thumbnail":["https:\/\/i0.wp.com\/landioustravel.com\/wp-content\/uploads\/2019\/01\/Escursione_Mega-Safari_a_Hurghada-e1552761724379.jpg?resize=324%2C324&ssl=1",324,324,true],"woocommerce_single":["https:\/\/i0.wp.com\/landioustravel.com\/wp-content\/uploads\/2019\/01\/Escursione_Mega-Safari_a_Hurghada-e1552761724379.jpg?fit=416%2C233&ssl=1",416,233,true],"woocommerce_gallery_thumbnail":["https:\/\/i0.wp.com\/landioustravel.com\/wp-content\/uploads\/2019\/01\/Escursione_Mega-Safari_a_Hurghada-e1552761724379.jpg?resize=100%2C100&ssl=1",100,100,true]},"uagb_author_info":{"display_name":"Mofreh Landious","author_link":"https:\/\/landioustravel.com\/it\/author\/"},"uagb_comment_info":3,"uagb_excerpt":"Se stai cercando un'avventura elettrizzante, il deserto di Hurghada \u00e8 il parco giochi perfetto per i veicoli fuoristrada. Avrai molto spazio per accelerare e sollevare un po' di sabbia. La parte migliore? Non dovrai preoccuparti di organizzare nulla. Immergiti nella cultura beduina mentre ti godi il terreno in questa avventura in ATV. Dopo aver ricevuto&hellip;","jetpack_sharing_enabled":true,"jetpack_likes_enabled":true,"amp_enabled":true,"_links":{"self":[{"href":"https:\/\/landioustravel.com\/it\/wp-json\/wp\/v2\/product\/1512","targetHints":{"allow":["GET"]}}],"collection":[{"href":"https:\/\/landioustravel.com\/it\/wp-json\/wp\/v2\/product"}],"about":[{"href":"https:\/\/landioustravel.com\/it\/wp-json\/wp\/v2\/types\/product"}],"replies":[{"embeddable":true,"href":"https:\/\/landioustravel.com\/it\/wp-json\/wp\/v2\/comments?post=1512"}],"wp:featuredmedia":[{"embeddable":true,"href":"https:\/\/landioustravel.com\/it\/wp-json\/wp\/v2\/media\/1513"}],"wp:attachment":[{"href":"https:\/\/landioustravel.com\/it\/wp-json\/wp\/v2\/media?parent=1512"}],"wp:term":[{"taxonomy":"product_brand","embeddable":true,"href":"https:\/\/landioustravel.com\/it\/wp-json\/wp\/v2\/product_brand?post=1512"},{"taxonomy":"product_cat","embeddable":true,"href":"https:\/\/landioustravel.com\/it\/wp-json\/wp\/v2\/product_cat?post=1512"},{"taxonomy":"product_tag","embeddable":true,"href":"https:\/\/landioustravel.com\/it\/wp-json\/wp\/v2\/product_tag?post=1512"}],"curies":[{"name":"wp","href":"https:\/\/api.w.org\/{rel}","templated":true}]}}