{"id":1514,"date":"2018-11-24T20:28:55","date_gmt":"2018-11-24T18:28:55","guid":{"rendered":"https:\/\/landioustravel.com\/product\/escursione-centro-salute-hurghada\/"},"modified":"2025-10-01T20:20:10","modified_gmt":"2025-10-01T17:20:10","slug":"escursione-centro-salute-hurghada","status":"publish","type":"product","link":"https:\/\/landioustravel.com\/it\/shop\/escursione-centro-salute-hurghada\/","title":{"rendered":"Escursione al centro di salute da Hurghada"},"content":{"rendered":"<p>Un&#8217;escursione di salute molto importante al bagno turco-Hammam a Hurghada! Raccomandiamo il viaggio perch\u00e9 migliora la circolazione sanguigna, ripristina la respirazione sana e aiuta dall&#8217;insonnia. Inoltre, tratta efficacemente varie malattie della pelle, ringiovanisce e guarisce il corpo e l&#8217;anima!<\/p>\n<h2>I punti principali del programma di escursioni all&#8217;Hammam<\/h2>\n<ul>\n<li>Massaggi con un cocktail<\/li>\n<li>Hammam<\/li>\n<li>Sauna<\/li>\n<li>Bagno di corrente<\/li>\n<li>vasca idromassaggio<\/li>\n<li>E, corpo scrub con schiuma e maschera<\/li>\n<\/ul>\n<h3>Il programma di escursione al centro di salute di Hurghada<\/h3>\n<ul>\n<li>Vi verremo a prendere alle 16:00 circa<\/li>\n<li>Dopo aver raccolto tutti, l&#8217;autobus arriva al centro di salute di Rivoli. Ci vogliono circa 15 minuti per ottenere il centro benessere<\/li>\n<li>All&#8217;arrivo in Hammam inizia il programma di escursioni. Tale programma con tutte le sue varie procedure dura 2 ore<\/li>\n<li>All&#8217;inizio del programma, ti mostrano un&#8217;area separata che cambia il tessuto e danno vestiti puliti. Dopo esserti preparato, ti esponi al vapore nella sauna per 20 minuti.<\/li>\n<li>Dopo la sauna, verrai portato al massaggio di fatturazione e schiuma<\/li>\n<li>Inoltre, si arriva alla vasca idromassaggio<\/li>\n<li>Finalmente, fai un massaggio del corpo per 50 minuti.<\/li>\n<\/ul>\n<h4>Cosa \u00e8 incluso nel prezzo del viaggio<\/h4>\n<ul>\n<li>Trasferimento al centro benessere e ritorno in hotel<\/li>\n<\/ul>\n<h5>Cosa non \u00e8 incluso nel prezzo del viaggio<\/h5>\n<ul>\n<li>Programmi o procedure aggiuntivi<\/li>\n<\/ul>\n<h6>Cosa portare con te per il viaggio<\/h6>\n<ul>\n<li>Asciugamano<\/li>\n<\/ul>\n<h6>GIORNI DI ORGANIZZAZIONE DI ESCURSIONE<\/h6>\n<ul>\n<li>Tutti i giorni dalle 11:00 alle 13:00<\/li>\n<li>Tutti i giorni dalle 15:00 alle 19:00<\/li>\n<\/ul>\n","protected":false},"excerpt":{"rendered":"<p>Cerchi un modo per rilassarti e sentirti ringiovanito? Concediti una lussuosa giornata termale a Hurghada! Questa escursione \u00e8 il modo perfetto per rilassarsi e partire sentendosi riposati, giovani e belli. Presso il centro benessere sarete coccolati con una vasta gamma di trattamenti e massaggi, tra cui bagno turco, scrub corpo, sauna e vasca idromassaggio.<\/p>\n<p>I punti salienti del tour includono uno stimolante massaggio con schiuma turca e scrub, tempo libero per godersi la sauna, il bagno turco e la vasca idromassaggio e una bevanda calda per rinfrescarsi. Sperimenterai anche i benefici di un massaggio completo del corpo, lasciandoti rilassato e ringiovanito.<\/p>\n<p>Il nostro programma di tour inizia venendoti a prendere al tuo hotel e portandoti alle terme, situate nel cuore della citt\u00e0. Il nostro personale cordiale e competente ti accoglier\u00e0 e ti spiegher\u00e0 come navigare nei diversi ambienti, progettati per creare un&#8217;atmosfera rilassante e magica con luci soffuse e musica rilassante.<\/p>\n<p>Ti consigliamo di visitare il bagno turco all&#8217;inizio del tuo viaggio per evitare la desquamazione della pelle dopo aver preso il sole. Rilassati nella sauna, goditi la vasca idromassaggio e prova un massaggio con il sapone e un peeling. Concediti una maschera per il viso e un massaggio completo di 45 minuti per coccolare la tua pelle e farti sentire rinnovata.<\/p>\n<p>Al termine del programma di due ore, ti riaccompagneremo al tuo hotel. Tutti i nostri pacchetti includono trasferimenti con veicolo privato con aria condizionata, lavaggio, bagno turco, massaggio con schiuma, sauna, idromassaggio, massaggio completo di 45 minuti, peeling, assistenza della guida, asciugamano e drink di benvenuto.<\/p>\n<p>Concediti una lussuosa giornata alla Spa e parti sentendoti riposato e ringiovanito!<\/p>\n","protected":false},"featured_media":137496,"comment_status":"open","ping_status":"closed","template":"","meta":{"_coblocks_attr":"","_coblocks_dimensions":"","_coblocks_responsive_height":"","_coblocks_accordion_ie_support":"","_uag_custom_page_level_css":"","jetpack_post_was_ever_published":false,"jetpack_publicize_message":"","jetpack_publicize_feature_enabled":true,"jetpack_social_post_already_shared":false,"jetpack_social_options":{"image_generator_settings":{"template":"highway","default_image_id":0,"font":"","enabled":false},"version":2},"_wpas_customize_per_network":false},"product_brand":[],"product_cat":[1632,1635,22508],"product_tag":[2211,1672,1644,1661,1674],"class_list":{"0":"post-1514","1":"product","2":"type-product","3":"status-publish","4":"has-post-thumbnail","6":"product_cat-escursioni-hurghada","7":"product_cat-escursioni-benessere-hurghada","8":"product_cat-escursioni-economiche-hurghada","9":"product_tag-bagno-turco","10":"product_tag-centro-di-salute","11":"product_tag-escursione","12":"product_tag-hurghada-it","13":"product_tag-sauna-it","15":"first","16":"instock","17":"sale","18":"virtual","19":"purchasable","20":"product-type-simple"},"yoast_head":"<!-- This site is optimized with the Yoast SEO Premium plugin v26.9 (Yoast SEO v27.3) - https:\/\/yoast.com\/product\/yoast-seo-premium-wordpress\/ -->\n<title>Escursione al centro di salute da Hurghada<\/title>\n<meta name=\"description\" content=\"Escursione al centro di salute da Hurghada prendi alcuni trattamenti. Tra queste procedure: sauna, massaggi, idromassaggio, hammam e scrub corpo con schiuma\" \/>\n<meta name=\"robots\" content=\"index, follow, max-snippet:-1, max-image-preview:large, max-video-preview:-1\" \/>\n<link rel=\"canonical\" href=\"https:\/\/landioustravel.com\/it\/shop\/escursione-centro-salute-hurghada\/\" \/>\n<meta property=\"og:locale\" content=\"it_IT\" \/>\n<meta property=\"og:type\" content=\"article\" \/>\n<meta property=\"og:title\" content=\"Escursione al centro di salute da Hurghada\" \/>\n<meta property=\"og:description\" content=\"Landious Travel\" \/>\n<meta property=\"og:url\" content=\"https:\/\/landioustravel.com\/it\/shop\/escursione-centro-salute-hurghada\/\" \/>\n<meta property=\"og:site_name\" content=\"Landious Travel\" \/>\n<meta property=\"article:publisher\" content=\"https:\/\/web.facebook.com\/landiousEgypt\" \/>\n<meta property=\"article:modified_time\" content=\"2025-10-01T17:20:10+00:00\" \/>\n<meta property=\"og:image\" content=\"https:\/\/i0.wp.com\/landioustravel.com\/wp-content\/uploads\/2018\/11\/Spa-Centre-Excursion-Hurghada-e1670658431807.jpg?fit=1200%2C675&ssl=1\" \/>\n\t<meta property=\"og:image:width\" content=\"1200\" \/>\n\t<meta property=\"og:image:height\" content=\"675\" \/>\n\t<meta property=\"og:image:type\" content=\"image\/jpeg\" \/>\n<meta name=\"twitter:card\" content=\"summary_large_image\" \/>\n<meta name=\"twitter:site\" content=\"@LandiousTours\" \/>\n<meta name=\"twitter:label1\" content=\"Tempo di lettura stimato\" \/>\n\t<meta name=\"twitter:data1\" content=\"2 minuti\" \/>\n<script type=\"application\/ld+json\" class=\"yoast-schema-graph\">{\"@context\":\"https:\\\/\\\/schema.org\",\"@graph\":[{\"@type\":\"WebPage\",\"@id\":\"https:\\\/\\\/landioustravel.com\\\/it\\\/shop\\\/escursione-centro-salute-hurghada\\\/\",\"url\":\"https:\\\/\\\/landioustravel.com\\\/it\\\/shop\\\/escursione-centro-salute-hurghada\\\/\",\"name\":\"Escursione al centro di salute da Hurghada\",\"isPartOf\":{\"@id\":\"https:\\\/\\\/landioustravel.com\\\/it\\\/#website\"},\"primaryImageOfPage\":{\"@id\":\"https:\\\/\\\/landioustravel.com\\\/it\\\/shop\\\/escursione-centro-salute-hurghada\\\/#primaryimage\"},\"image\":{\"@id\":\"https:\\\/\\\/landioustravel.com\\\/it\\\/shop\\\/escursione-centro-salute-hurghada\\\/#primaryimage\"},\"thumbnailUrl\":\"https:\\\/\\\/i0.wp.com\\\/landioustravel.com\\\/wp-content\\\/uploads\\\/2018\\\/11\\\/Spa-Centre-Excursion-Hurghada-e1670658431807.jpg?fit=1200%2C675&ssl=1\",\"datePublished\":\"2018-11-24T18:28:55+00:00\",\"dateModified\":\"2025-10-01T17:20:10+00:00\",\"description\":\"Escursione al centro di salute da Hurghada prendi alcuni trattamenti. Tra queste procedure: sauna, massaggi, idromassaggio, hammam e scrub corpo con schiuma\",\"breadcrumb\":{\"@id\":\"https:\\\/\\\/landioustravel.com\\\/it\\\/shop\\\/escursione-centro-salute-hurghada\\\/#breadcrumb\"},\"inLanguage\":\"it-IT\",\"potentialAction\":[{\"@type\":\"ReadAction\",\"target\":[\"https:\\\/\\\/landioustravel.com\\\/it\\\/shop\\\/escursione-centro-salute-hurghada\\\/\"]}]},{\"@type\":\"ImageObject\",\"inLanguage\":\"it-IT\",\"@id\":\"https:\\\/\\\/landioustravel.com\\\/it\\\/shop\\\/escursione-centro-salute-hurghada\\\/#primaryimage\",\"url\":\"https:\\\/\\\/i0.wp.com\\\/landioustravel.com\\\/wp-content\\\/uploads\\\/2018\\\/11\\\/Spa-Centre-Excursion-Hurghada-e1670658431807.jpg?fit=1200%2C675&ssl=1\",\"contentUrl\":\"https:\\\/\\\/i0.wp.com\\\/landioustravel.com\\\/wp-content\\\/uploads\\\/2018\\\/11\\\/Spa-Centre-Excursion-Hurghada-e1670658431807.jpg?fit=1200%2C675&ssl=1\",\"width\":1200,\"height\":675,\"caption\":\"Spa Centre Excursion Hurghada\"},{\"@type\":\"BreadcrumbList\",\"@id\":\"https:\\\/\\\/landioustravel.com\\\/it\\\/shop\\\/escursione-centro-salute-hurghada\\\/#breadcrumb\",\"itemListElement\":[{\"@type\":\"ListItem\",\"position\":1,\"name\":\"Home\",\"item\":\"https:\\\/\\\/landioustravel.com\\\/it\\\/\"},{\"@type\":\"ListItem\",\"position\":2,\"name\":\"Tour in Egitto\",\"item\":\"https:\\\/\\\/landioustravel.com\\\/it\\\/\"},{\"@type\":\"ListItem\",\"position\":3,\"name\":\"Escursione al centro di salute da Hurghada\"}]},{\"@type\":\"WebSite\",\"@id\":\"https:\\\/\\\/landioustravel.com\\\/it\\\/#website\",\"url\":\"https:\\\/\\\/landioustravel.com\\\/it\\\/\",\"name\":\"Landious Travel\",\"description\":\"Excursions, trips and cruises in Egypt\",\"publisher\":{\"@id\":\"https:\\\/\\\/landioustravel.com\\\/it\\\/#organization\"},\"potentialAction\":[{\"@type\":\"SearchAction\",\"target\":{\"@type\":\"EntryPoint\",\"urlTemplate\":\"https:\\\/\\\/landioustravel.com\\\/it\\\/?s={search_term_string}\"},\"query-input\":{\"@type\":\"PropertyValueSpecification\",\"valueRequired\":true,\"valueName\":\"search_term_string\"}}],\"inLanguage\":\"it-IT\"},{\"@type\":[\"Organization\",\"Place\"],\"@id\":\"https:\\\/\\\/landioustravel.com\\\/it\\\/#organization\",\"name\":\"Landious Travel\",\"alternateName\":\"Landious Travel\",\"url\":\"https:\\\/\\\/landioustravel.com\\\/it\\\/\",\"logo\":{\"@id\":\"https:\\\/\\\/landioustravel.com\\\/it\\\/shop\\\/escursione-centro-salute-hurghada\\\/#local-main-organization-logo\"},\"image\":{\"@id\":\"https:\\\/\\\/landioustravel.com\\\/it\\\/shop\\\/escursione-centro-salute-hurghada\\\/#local-main-organization-logo\"},\"sameAs\":[\"https:\\\/\\\/web.facebook.com\\\/landiousEgypt\",\"https:\\\/\\\/x.com\\\/LandiousTours\",\"https:\\\/\\\/mastodon.social\\\/@landious\"],\"legalName\":\"Landious Travel\",\"telephone\":[],\"openingHoursSpecification\":[{\"@type\":\"OpeningHoursSpecification\",\"dayOfWeek\":[\"Monday\",\"Tuesday\",\"Wednesday\",\"Thursday\",\"Friday\",\"Saturday\",\"Sunday\"],\"opens\":\"09:00\",\"closes\":\"17:00\"}]},{\"@type\":\"ImageObject\",\"inLanguage\":\"it-IT\",\"@id\":\"https:\\\/\\\/landioustravel.com\\\/it\\\/shop\\\/escursione-centro-salute-hurghada\\\/#local-main-organization-logo\",\"url\":\"https:\\\/\\\/i0.wp.com\\\/landioustravel.com\\\/wp-content\\\/uploads\\\/2021\\\/06\\\/Landious-T.png?fit=500%2C500&ssl=1\",\"contentUrl\":\"https:\\\/\\\/i0.wp.com\\\/landioustravel.com\\\/wp-content\\\/uploads\\\/2021\\\/06\\\/Landious-T.png?fit=500%2C500&ssl=1\",\"width\":500,\"height\":500,\"caption\":\"Landious Travel\"}]}<\/script>\n<!-- \/ Yoast SEO Premium plugin. -->","yoast_head_json":{"title":"Escursione al centro di salute da Hurghada","description":"Escursione al centro di salute da Hurghada prendi alcuni trattamenti. Tra queste procedure: sauna, massaggi, idromassaggio, hammam e scrub corpo con schiuma","robots":{"index":"index","follow":"follow","max-snippet":"max-snippet:-1","max-image-preview":"max-image-preview:large","max-video-preview":"max-video-preview:-1"},"canonical":"https:\/\/landioustravel.com\/it\/shop\/escursione-centro-salute-hurghada\/","og_locale":"it_IT","og_type":"article","og_title":"Escursione al centro di salute da Hurghada","og_description":"Landious Travel","og_url":"https:\/\/landioustravel.com\/it\/shop\/escursione-centro-salute-hurghada\/","og_site_name":"Landious Travel","article_publisher":"https:\/\/web.facebook.com\/landiousEgypt","article_modified_time":"2025-10-01T17:20:10+00:00","og_image":[{"width":1200,"height":675,"url":"https:\/\/i0.wp.com\/landioustravel.com\/wp-content\/uploads\/2018\/11\/Spa-Centre-Excursion-Hurghada-e1670658431807.jpg?fit=1200%2C675&ssl=1","type":"image\/jpeg"}],"twitter_card":"summary_large_image","twitter_site":"@LandiousTours","twitter_misc":{"Tempo di lettura stimato":"2 minuti"},"schema":{"@context":"https:\/\/schema.org","@graph":[{"@type":"WebPage","@id":"https:\/\/landioustravel.com\/it\/shop\/escursione-centro-salute-hurghada\/","url":"https:\/\/landioustravel.com\/it\/shop\/escursione-centro-salute-hurghada\/","name":"Escursione al centro di salute da Hurghada","isPartOf":{"@id":"https:\/\/landioustravel.com\/it\/#website"},"primaryImageOfPage":{"@id":"https:\/\/landioustravel.com\/it\/shop\/escursione-centro-salute-hurghada\/#primaryimage"},"image":{"@id":"https:\/\/landioustravel.com\/it\/shop\/escursione-centro-salute-hurghada\/#primaryimage"},"thumbnailUrl":"https:\/\/i0.wp.com\/landioustravel.com\/wp-content\/uploads\/2018\/11\/Spa-Centre-Excursion-Hurghada-e1670658431807.jpg?fit=1200%2C675&ssl=1","datePublished":"2018-11-24T18:28:55+00:00","dateModified":"2025-10-01T17:20:10+00:00","description":"Escursione al centro di salute da Hurghada prendi alcuni trattamenti. Tra queste procedure: sauna, massaggi, idromassaggio, hammam e scrub corpo con schiuma","breadcrumb":{"@id":"https:\/\/landioustravel.com\/it\/shop\/escursione-centro-salute-hurghada\/#breadcrumb"},"inLanguage":"it-IT","potentialAction":[{"@type":"ReadAction","target":["https:\/\/landioustravel.com\/it\/shop\/escursione-centro-salute-hurghada\/"]}]},{"@type":"ImageObject","inLanguage":"it-IT","@id":"https:\/\/landioustravel.com\/it\/shop\/escursione-centro-salute-hurghada\/#primaryimage","url":"https:\/\/i0.wp.com\/landioustravel.com\/wp-content\/uploads\/2018\/11\/Spa-Centre-Excursion-Hurghada-e1670658431807.jpg?fit=1200%2C675&ssl=1","contentUrl":"https:\/\/i0.wp.com\/landioustravel.com\/wp-content\/uploads\/2018\/11\/Spa-Centre-Excursion-Hurghada-e1670658431807.jpg?fit=1200%2C675&ssl=1","width":1200,"height":675,"caption":"Spa Centre Excursion Hurghada"},{"@type":"BreadcrumbList","@id":"https:\/\/landioustravel.com\/it\/shop\/escursione-centro-salute-hurghada\/#breadcrumb","itemListElement":[{"@type":"ListItem","position":1,"name":"Home","item":"https:\/\/landioustravel.com\/it\/"},{"@type":"ListItem","position":2,"name":"Tour in Egitto","item":"https:\/\/landioustravel.com\/it\/"},{"@type":"ListItem","position":3,"name":"Escursione al centro di salute da Hurghada"}]},{"@type":"WebSite","@id":"https:\/\/landioustravel.com\/it\/#website","url":"https:\/\/landioustravel.com\/it\/","name":"Landious Travel","description":"Excursions, trips and cruises in Egypt","publisher":{"@id":"https:\/\/landioustravel.com\/it\/#organization"},"potentialAction":[{"@type":"SearchAction","target":{"@type":"EntryPoint","urlTemplate":"https:\/\/landioustravel.com\/it\/?s={search_term_string}"},"query-input":{"@type":"PropertyValueSpecification","valueRequired":true,"valueName":"search_term_string"}}],"inLanguage":"it-IT"},{"@type":["Organization","Place"],"@id":"https:\/\/landioustravel.com\/it\/#organization","name":"Landious Travel","alternateName":"Landious Travel","url":"https:\/\/landioustravel.com\/it\/","logo":{"@id":"https:\/\/landioustravel.com\/it\/shop\/escursione-centro-salute-hurghada\/#local-main-organization-logo"},"image":{"@id":"https:\/\/landioustravel.com\/it\/shop\/escursione-centro-salute-hurghada\/#local-main-organization-logo"},"sameAs":["https:\/\/web.facebook.com\/landiousEgypt","https:\/\/x.com\/LandiousTours","https:\/\/mastodon.social\/@landious"],"legalName":"Landious Travel","telephone":[],"openingHoursSpecification":[{"@type":"OpeningHoursSpecification","dayOfWeek":["Monday","Tuesday","Wednesday","Thursday","Friday","Saturday","Sunday"],"opens":"09:00","closes":"17:00"}]},{"@type":"ImageObject","inLanguage":"it-IT","@id":"https:\/\/landioustravel.com\/it\/shop\/escursione-centro-salute-hurghada\/#local-main-organization-logo","url":"https:\/\/i0.wp.com\/landioustravel.com\/wp-content\/uploads\/2021\/06\/Landious-T.png?fit=500%2C500&ssl=1","contentUrl":"https:\/\/i0.wp.com\/landioustravel.com\/wp-content\/uploads\/2021\/06\/Landious-T.png?fit=500%2C500&ssl=1","width":500,"height":500,"caption":"Landious Travel"}]}},"jetpack_publicize_connections":[],"uagb_featured_image_src":{"full":["https:\/\/i0.wp.com\/landioustravel.com\/wp-content\/uploads\/2018\/11\/Spa-Centre-Excursion-Hurghada-e1670658431807.jpg?fit=1200%2C675&ssl=1",1200,675,false],"thumbnail":["https:\/\/i0.wp.com\/landioustravel.com\/wp-content\/uploads\/2018\/11\/Spa-Centre-Excursion-Hurghada-e1670658431807.jpg?resize=150%2C150&ssl=1",150,150,true],"medium":["https:\/\/i0.wp.com\/landioustravel.com\/wp-content\/uploads\/2018\/11\/Spa-Centre-Excursion-Hurghada-e1670658431807.jpg?fit=300%2C169&ssl=1",300,169,true],"medium_large":["https:\/\/i0.wp.com\/landioustravel.com\/wp-content\/uploads\/2018\/11\/Spa-Centre-Excursion-Hurghada-e1670658431807.jpg?fit=768%2C432&ssl=1",768,432,true],"large":["https:\/\/i0.wp.com\/landioustravel.com\/wp-content\/uploads\/2018\/11\/Spa-Centre-Excursion-Hurghada-e1670658431807.jpg?fit=980%2C551&ssl=1",980,551,true],"1536x1536":["https:\/\/i0.wp.com\/landioustravel.com\/wp-content\/uploads\/2018\/11\/Spa-Centre-Excursion-Hurghada-e1670658431807.jpg?fit=1536%2C1086&ssl=1",1536,1086,true],"2048x2048":["https:\/\/i0.wp.com\/landioustravel.com\/wp-content\/uploads\/2018\/11\/Spa-Centre-Excursion-Hurghada-e1670658431807.jpg?fit=1200%2C675&ssl=1",1200,675,true],"newspack-article-block-landscape-large":["https:\/\/i0.wp.com\/landioustravel.com\/wp-content\/uploads\/2018\/11\/Spa-Centre-Excursion-Hurghada-e1670658431807.jpg?resize=1200%2C675&ssl=1",1200,675,true],"newspack-article-block-portrait-large":["https:\/\/i0.wp.com\/landioustravel.com\/wp-content\/uploads\/2018\/11\/Spa-Centre-Excursion-Hurghada-e1670658431807.jpg?resize=900%2C675&ssl=1",900,675,true],"newspack-article-block-square-large":["https:\/\/i0.wp.com\/landioustravel.com\/wp-content\/uploads\/2018\/11\/Spa-Centre-Excursion-Hurghada-e1670658431807.jpg?resize=1200%2C675&ssl=1",1200,675,true],"newspack-article-block-landscape-medium":["https:\/\/i0.wp.com\/landioustravel.com\/wp-content\/uploads\/2018\/11\/Spa-Centre-Excursion-Hurghada-e1670658431807.jpg?resize=800%2C600&ssl=1",800,600,true],"newspack-article-block-portrait-medium":["https:\/\/i0.wp.com\/landioustravel.com\/wp-content\/uploads\/2018\/11\/Spa-Centre-Excursion-Hurghada-e1670658431807.jpg?resize=600%2C675&ssl=1",600,675,true],"newspack-article-block-square-medium":["https:\/\/i0.wp.com\/landioustravel.com\/wp-content\/uploads\/2018\/11\/Spa-Centre-Excursion-Hurghada-e1670658431807.jpg?resize=800%2C675&ssl=1",800,675,true],"newspack-article-block-landscape-intermediate":["https:\/\/i0.wp.com\/landioustravel.com\/wp-content\/uploads\/2018\/11\/Spa-Centre-Excursion-Hurghada-e1670658431807.jpg?resize=600%2C450&ssl=1",600,450,true],"newspack-article-block-portrait-intermediate":["https:\/\/i0.wp.com\/landioustravel.com\/wp-content\/uploads\/2018\/11\/Spa-Centre-Excursion-Hurghada-e1670658431807.jpg?resize=450%2C600&ssl=1",450,600,true],"newspack-article-block-square-intermediate":["https:\/\/i0.wp.com\/landioustravel.com\/wp-content\/uploads\/2018\/11\/Spa-Centre-Excursion-Hurghada-e1670658431807.jpg?resize=600%2C600&ssl=1",600,600,true],"newspack-article-block-landscape-small":["https:\/\/i0.wp.com\/landioustravel.com\/wp-content\/uploads\/2018\/11\/Spa-Centre-Excursion-Hurghada-e1670658431807.jpg?resize=400%2C300&ssl=1",400,300,true],"newspack-article-block-portrait-small":["https:\/\/i0.wp.com\/landioustravel.com\/wp-content\/uploads\/2018\/11\/Spa-Centre-Excursion-Hurghada-e1670658431807.jpg?resize=300%2C400&ssl=1",300,400,true],"newspack-article-block-square-small":["https:\/\/i0.wp.com\/landioustravel.com\/wp-content\/uploads\/2018\/11\/Spa-Centre-Excursion-Hurghada-e1670658431807.jpg?resize=400%2C400&ssl=1",400,400,true],"newspack-article-block-landscape-tiny":["https:\/\/i0.wp.com\/landioustravel.com\/wp-content\/uploads\/2018\/11\/Spa-Centre-Excursion-Hurghada-e1670658431807.jpg?resize=200%2C150&ssl=1",200,150,true],"newspack-article-block-portrait-tiny":["https:\/\/i0.wp.com\/landioustravel.com\/wp-content\/uploads\/2018\/11\/Spa-Centre-Excursion-Hurghada-e1670658431807.jpg?resize=150%2C200&ssl=1",150,200,true],"newspack-article-block-square-tiny":["https:\/\/i0.wp.com\/landioustravel.com\/wp-content\/uploads\/2018\/11\/Spa-Centre-Excursion-Hurghada-e1670658431807.jpg?resize=200%2C200&ssl=1",200,200,true],"newspack-article-block-uncropped":["https:\/\/i0.wp.com\/landioustravel.com\/wp-content\/uploads\/2018\/11\/Spa-Centre-Excursion-Hurghada-e1670658431807.jpg?fit=1200%2C675&ssl=1",1200,675,true],"woocommerce_thumbnail":["https:\/\/i0.wp.com\/landioustravel.com\/wp-content\/uploads\/2018\/11\/Spa-Centre-Excursion-Hurghada-e1670658431807.jpg?resize=324%2C324&ssl=1",324,324,true],"woocommerce_single":["https:\/\/i0.wp.com\/landioustravel.com\/wp-content\/uploads\/2018\/11\/Spa-Centre-Excursion-Hurghada-e1670658431807.jpg?fit=416%2C234&ssl=1",416,234,true],"woocommerce_gallery_thumbnail":["https:\/\/i0.wp.com\/landioustravel.com\/wp-content\/uploads\/2018\/11\/Spa-Centre-Excursion-Hurghada-e1670658431807.jpg?resize=100%2C100&ssl=1",100,100,true]},"uagb_author_info":{"display_name":"Mofreh Landious","author_link":"https:\/\/landioustravel.com\/it\/author\/"},"uagb_comment_info":9,"uagb_excerpt":"Cerchi un modo per rilassarti e sentirti ringiovanito? Concediti una lussuosa giornata termale a Hurghada! Questa escursione \u00e8 il modo perfetto per rilassarsi e partire sentendosi riposati, giovani e belli. Presso il centro benessere sarete coccolati con una vasta gamma di trattamenti e massaggi, tra cui bagno turco, scrub corpo, sauna e vasca idromassaggio. I&hellip;","jetpack_sharing_enabled":true,"jetpack_likes_enabled":true,"amp_enabled":true,"_links":{"self":[{"href":"https:\/\/landioustravel.com\/it\/wp-json\/wp\/v2\/product\/1514","targetHints":{"allow":["GET"]}}],"collection":[{"href":"https:\/\/landioustravel.com\/it\/wp-json\/wp\/v2\/product"}],"about":[{"href":"https:\/\/landioustravel.com\/it\/wp-json\/wp\/v2\/types\/product"}],"replies":[{"embeddable":true,"href":"https:\/\/landioustravel.com\/it\/wp-json\/wp\/v2\/comments?post=1514"}],"wp:featuredmedia":[{"embeddable":true,"href":"https:\/\/landioustravel.com\/it\/wp-json\/wp\/v2\/media\/137496"}],"wp:attachment":[{"href":"https:\/\/landioustravel.com\/it\/wp-json\/wp\/v2\/media?parent=1514"}],"wp:term":[{"taxonomy":"product_brand","embeddable":true,"href":"https:\/\/landioustravel.com\/it\/wp-json\/wp\/v2\/product_brand?post=1514"},{"taxonomy":"product_cat","embeddable":true,"href":"https:\/\/landioustravel.com\/it\/wp-json\/wp\/v2\/product_cat?post=1514"},{"taxonomy":"product_tag","embeddable":true,"href":"https:\/\/landioustravel.com\/it\/wp-json\/wp\/v2\/product_tag?post=1514"}],"curies":[{"name":"wp","href":"https:\/\/api.w.org\/{rel}","templated":true}]}}