{"id":1517,"date":"2018-11-23T18:34:37","date_gmt":"2018-11-23T16:34:37","guid":{"rendered":"https:\/\/landioustravel.com\/product\/escursione-acquario-hurghada\/"},"modified":"2024-03-21T19:20:11","modified_gmt":"2024-03-21T17:20:11","slug":"escursione-acquario-hurghada","status":"publish","type":"product","link":"https:\/\/landioustravel.com\/it\/shop\/escursione-acquario-hurghada\/","title":{"rendered":"Escursione all&#8217;acquario da Hurghada"},"content":{"rendered":"<p>Un&#8217;interessante escursione divertente al pi\u00f9 grande acquario di Hurghada! Raccomandiamo il viaggio perch\u00e9 permette ai turisti di vedere il pi\u00f9 grande acquario in Egitto. Nel luogo stesso, si trova uno zoo!<\/p>\n<h2>I punti principali del programma di escursioni all&#8217;acquario<\/h2>\n<ul>\n<li>Ispezione dell&#8217;acquario e dello zoo<\/li>\n<li>E, facendo una foto con queste creature marine e animali<\/li>\n<\/ul>\n<h3>Il programma dell&#8217;escursione al Grand Aquarium di Hurghada<\/h3>\n<ul>\n<li>Vi verremo a prendere alle 10:00 circa<\/li>\n<li>Dopo aver raccolto tutti, l&#8217;autobus va al Grand Aquarium. Ci vogliono circa 20 minuti per ottenere l&#8217;acquario<\/li>\n<li>All&#8217;inizio del programma di escursioni, la guida ti mostra quali sezioni ha quel luogo.<\/li>\n<li>Inoltre, sarai libero di vedere tutte le sezioni del Grand Aquarium per quasi due ore. In questo posto ci sono 6 sezioni, e pi\u00f9, un ristorante e un caff\u00e8.<\/li>\n<li>Prima sezione _ Foresta pluviale africana<\/li>\n<li>Seconda sezione _ acquario marino<\/li>\n<li>La terza sezione _ un acquario d&#8217;acqua dolce.<\/li>\n<li>Quarta Sezione _ Zoo<\/li>\n<li>Quinta Sezione _ Museo biologico<\/li>\n<li>E la sesta sezione _ tenda araba<\/li>\n<\/ul>\n<h4>Cosa \u00e8 incluso nel prezzo del viaggio<\/h4>\n<ul>\n<li>Trasferimento all&#8217;acquario e ritorno in hotel<\/li>\n<li>Biglietti<\/li>\n<\/ul>\n<h5>Cosa non \u00e8 incluso nel prezzo del tour<\/h5>\n<ul>\n<li>DVD video<\/li>\n<li>CD fotografico<\/li>\n<\/ul>\n<h6>COSA PORTARE CON TE PER IL VIAGGIO<\/h6>\n<ul>\n<li>Occhiali da sole<\/li>\n<\/ul>\n<h6>GIORNI DI ORGANIZZAZIONE DI ESCURSIONE<\/h6>\n<ul>\n<li>Tutti i giorni dalle 13:00 alle 15:00<\/li>\n<\/ul>\n","protected":false},"excerpt":{"rendered":"<p>Sei ansioso di vivere un tour culturale ed educativo con i tuoi figli, dove possono conoscere la variegata vita marina del Mar Rosso? Non guardare oltre il Grand Aquarium di Hurghada! Con oltre 1.000 specie di pesci colorati esposti in vasche di vetro, la tua famiglia rimarr\u00e0 incantata.<\/p>\n<p>Il nostro Grand Aquarium Tour da Hurghada include i trasferimenti dal tuo hotel e un tour di 120 minuti che copre il tunnel sottomarino, l&#8217;acquario marino, Wadi AL Hitan, il mini zoo, la foresta pluviale e la tenda beduina. Se hai solo poco tempo a Hurghada, non preoccuparti: offriamo un tour di 90 minuti all&#8217;interno dell&#8217;acquario per vedere le tartarughe marine verdi, gli squali e altro ancora. Dopo il tour, ti riporteremo al tuo hotel con un minibus VIP o un&#8217;auto privata.<\/p>\n<p>L&#8217;Hurghada Grand Aquarium \u00e8 una scelta eccellente per le famiglie che cercano le cose migliori da fare a Hurghada con i bambini. Gli showroom contengono piccoli e grandi pesci colorati del Mar Rosso e oltre 1.200 specie di creature marine, tra cui squali, razze, tartarughe marine verdi e altro ancora. \u00c8 un luogo ideale per conoscere la vita marina nel Mar Rosso d&#8217;Egitto di Hurghada e aumentare le tue conoscenze.<\/p>\n<p>Il nostro tour privato \u00e8 disponibile tutti i giorni e dura due ore. Il tour \u00e8 accessibile in sedia a rotelle e pu\u00f2 essere adattato al tuo programma: verremo a prenderti al tuo hotel alle 9:00 o in qualsiasi momento fino alle 14:30. e lasciarti quando vuoi.<\/p>\n<p>Il nostro tour include un trasferimento privato dagli hotel di Hurghada, una guida, tutte le tasse, i biglietti d&#8217;ingresso e le spese di gestione, nonch\u00e9 l&#8217;acqua minerale. Puoi pagare in loco alla tua guida in sterline egiziane, dollari, euro o sterline inglesi.<\/p>\n<p>Al Grand Aquarium, crediamo che l&#8217;istruzione e l&#8217;intrattenimento vadano di pari passo. Speriamo che ti unirai a noi per un tour divertente e informativo che la tua famiglia ricorder\u00e0 per gli anni a venire.<\/p>\n","protected":false},"featured_media":100558,"comment_status":"open","ping_status":"closed","template":"","meta":{"_coblocks_attr":"","_coblocks_dimensions":"","_coblocks_responsive_height":"","_coblocks_accordion_ie_support":"","_uag_custom_page_level_css":"","jetpack_post_was_ever_published":false,"jetpack_publicize_message":"","jetpack_publicize_feature_enabled":true,"jetpack_social_post_already_shared":false,"jetpack_social_options":{"image_generator_settings":{"template":"highway","default_image_id":0,"font":"","enabled":false},"version":2},"_wpas_customize_per_network":false},"product_brand":[],"product_cat":[1632,1634,22508,22521],"product_tag":[1676,1644,1661],"class_list":{"0":"post-1517","1":"product","2":"type-product","3":"status-publish","4":"has-post-thumbnail","6":"product_cat-escursioni-hurghada","7":"product_cat-escursioni-intrattenimento-hurghada","8":"product_cat-escursioni-economiche-hurghada","9":"product_cat-escursioni-famiglie-hurghada","10":"product_tag-acquario","11":"product_tag-escursione","12":"product_tag-hurghada-it","13":"pa_age-adulto","14":"pa_age-bambino-1-4-anni","15":"pa_age-bambino-5-11-anni","17":"first","18":"instock","19":"sale","20":"purchasable","21":"product-type-variable"},"yoast_head":"<!-- This site is optimized with the Yoast SEO Premium plugin v26.9 (Yoast SEO v27.3) - https:\/\/yoast.com\/product\/yoast-seo-premium-wordpress\/ -->\n<title>Escursione all&#039;acquario da Hurghada<\/title>\n<meta name=\"description\" content=\"Escursione all&#039;acquario da Hurghada Sei ansioso di vivere un tour culturale ed educativo con i tuoi figli, dove possono conoscere la variegata vita marina\" \/>\n<meta name=\"robots\" content=\"index, follow, max-snippet:-1, max-image-preview:large, max-video-preview:-1\" \/>\n<link rel=\"canonical\" href=\"https:\/\/landioustravel.com\/it\/shop\/escursione-acquario-hurghada\/\" \/>\n<meta property=\"og:locale\" content=\"it_IT\" \/>\n<meta property=\"og:type\" content=\"article\" \/>\n<meta property=\"og:title\" content=\"Escursione all&#039;acquario da Hurghada\" \/>\n<meta property=\"og:description\" content=\"Landious Travel\" \/>\n<meta property=\"og:url\" content=\"https:\/\/landioustravel.com\/it\/shop\/escursione-acquario-hurghada\/\" \/>\n<meta property=\"og:site_name\" content=\"Landious Travel\" \/>\n<meta property=\"article:publisher\" content=\"https:\/\/web.facebook.com\/landiousEgypt\" \/>\n<meta property=\"article:modified_time\" content=\"2024-03-21T17:20:11+00:00\" \/>\n<meta property=\"og:image\" content=\"https:\/\/i0.wp.com\/landioustravel.com\/wp-content\/uploads\/2018\/11\/Grand-Aquarium-Excursion-Hurghada-e1669666185802.jpg?fit=1200%2C675&ssl=1\" \/>\n\t<meta property=\"og:image:width\" content=\"1200\" \/>\n\t<meta property=\"og:image:height\" content=\"675\" \/>\n\t<meta property=\"og:image:type\" content=\"image\/jpeg\" \/>\n<meta name=\"twitter:card\" content=\"summary_large_image\" \/>\n<meta name=\"twitter:site\" content=\"@LandiousTours\" \/>\n<meta name=\"twitter:label1\" content=\"Tempo di lettura stimato\" \/>\n\t<meta name=\"twitter:data1\" content=\"1 minuto\" \/>\n<script type=\"application\/ld+json\" class=\"yoast-schema-graph\">{\"@context\":\"https:\\\/\\\/schema.org\",\"@graph\":[{\"@type\":\"WebPage\",\"@id\":\"https:\\\/\\\/landioustravel.com\\\/it\\\/shop\\\/escursione-acquario-hurghada\\\/\",\"url\":\"https:\\\/\\\/landioustravel.com\\\/it\\\/shop\\\/escursione-acquario-hurghada\\\/\",\"name\":\"Escursione all'acquario da Hurghada\",\"isPartOf\":{\"@id\":\"https:\\\/\\\/landioustravel.com\\\/it\\\/#website\"},\"primaryImageOfPage\":{\"@id\":\"https:\\\/\\\/landioustravel.com\\\/it\\\/shop\\\/escursione-acquario-hurghada\\\/#primaryimage\"},\"image\":{\"@id\":\"https:\\\/\\\/landioustravel.com\\\/it\\\/shop\\\/escursione-acquario-hurghada\\\/#primaryimage\"},\"thumbnailUrl\":\"https:\\\/\\\/i0.wp.com\\\/landioustravel.com\\\/wp-content\\\/uploads\\\/2018\\\/11\\\/Grand-Aquarium-Excursion-Hurghada-e1669666185802.jpg?fit=1200%2C675&ssl=1\",\"datePublished\":\"2018-11-23T16:34:37+00:00\",\"dateModified\":\"2024-03-21T17:20:11+00:00\",\"description\":\"Escursione all'acquario da Hurghada Sei ansioso di vivere un tour culturale ed educativo con i tuoi figli, dove possono conoscere la variegata vita marina\",\"breadcrumb\":{\"@id\":\"https:\\\/\\\/landioustravel.com\\\/it\\\/shop\\\/escursione-acquario-hurghada\\\/#breadcrumb\"},\"inLanguage\":\"it-IT\",\"potentialAction\":[{\"@type\":\"ReadAction\",\"target\":[\"https:\\\/\\\/landioustravel.com\\\/it\\\/shop\\\/escursione-acquario-hurghada\\\/\"]}]},{\"@type\":\"ImageObject\",\"inLanguage\":\"it-IT\",\"@id\":\"https:\\\/\\\/landioustravel.com\\\/it\\\/shop\\\/escursione-acquario-hurghada\\\/#primaryimage\",\"url\":\"https:\\\/\\\/i0.wp.com\\\/landioustravel.com\\\/wp-content\\\/uploads\\\/2018\\\/11\\\/Grand-Aquarium-Excursion-Hurghada-e1669666185802.jpg?fit=1200%2C675&ssl=1\",\"contentUrl\":\"https:\\\/\\\/i0.wp.com\\\/landioustravel.com\\\/wp-content\\\/uploads\\\/2018\\\/11\\\/Grand-Aquarium-Excursion-Hurghada-e1669666185802.jpg?fit=1200%2C675&ssl=1\",\"width\":1200,\"height\":675,\"caption\":\"Grand Aquarium Excursion Hurghada\"},{\"@type\":\"BreadcrumbList\",\"@id\":\"https:\\\/\\\/landioustravel.com\\\/it\\\/shop\\\/escursione-acquario-hurghada\\\/#breadcrumb\",\"itemListElement\":[{\"@type\":\"ListItem\",\"position\":1,\"name\":\"Home\",\"item\":\"https:\\\/\\\/landioustravel.com\\\/it\\\/\"},{\"@type\":\"ListItem\",\"position\":2,\"name\":\"Tour in Egitto\",\"item\":\"https:\\\/\\\/landioustravel.com\\\/it\\\/\"},{\"@type\":\"ListItem\",\"position\":3,\"name\":\"Escursione all&#8217;acquario da Hurghada\"}]},{\"@type\":\"WebSite\",\"@id\":\"https:\\\/\\\/landioustravel.com\\\/it\\\/#website\",\"url\":\"https:\\\/\\\/landioustravel.com\\\/it\\\/\",\"name\":\"Landious Travel\",\"description\":\"Excursions, trips and cruises in Egypt\",\"publisher\":{\"@id\":\"https:\\\/\\\/landioustravel.com\\\/it\\\/#organization\"},\"potentialAction\":[{\"@type\":\"SearchAction\",\"target\":{\"@type\":\"EntryPoint\",\"urlTemplate\":\"https:\\\/\\\/landioustravel.com\\\/it\\\/?s={search_term_string}\"},\"query-input\":{\"@type\":\"PropertyValueSpecification\",\"valueRequired\":true,\"valueName\":\"search_term_string\"}}],\"inLanguage\":\"it-IT\"},{\"@type\":[\"Organization\",\"Place\"],\"@id\":\"https:\\\/\\\/landioustravel.com\\\/it\\\/#organization\",\"name\":\"Landious Travel\",\"alternateName\":\"Landious Travel\",\"url\":\"https:\\\/\\\/landioustravel.com\\\/it\\\/\",\"logo\":{\"@id\":\"https:\\\/\\\/landioustravel.com\\\/it\\\/shop\\\/escursione-acquario-hurghada\\\/#local-main-organization-logo\"},\"image\":{\"@id\":\"https:\\\/\\\/landioustravel.com\\\/it\\\/shop\\\/escursione-acquario-hurghada\\\/#local-main-organization-logo\"},\"sameAs\":[\"https:\\\/\\\/web.facebook.com\\\/landiousEgypt\",\"https:\\\/\\\/x.com\\\/LandiousTours\",\"https:\\\/\\\/mastodon.social\\\/@landious\"],\"legalName\":\"Landious Travel\",\"telephone\":[],\"openingHoursSpecification\":[{\"@type\":\"OpeningHoursSpecification\",\"dayOfWeek\":[\"Monday\",\"Tuesday\",\"Wednesday\",\"Thursday\",\"Friday\",\"Saturday\",\"Sunday\"],\"opens\":\"09:00\",\"closes\":\"17:00\"}]},{\"@type\":\"ImageObject\",\"inLanguage\":\"it-IT\",\"@id\":\"https:\\\/\\\/landioustravel.com\\\/it\\\/shop\\\/escursione-acquario-hurghada\\\/#local-main-organization-logo\",\"url\":\"https:\\\/\\\/i0.wp.com\\\/landioustravel.com\\\/wp-content\\\/uploads\\\/2021\\\/06\\\/Landious-T.png?fit=500%2C500&ssl=1\",\"contentUrl\":\"https:\\\/\\\/i0.wp.com\\\/landioustravel.com\\\/wp-content\\\/uploads\\\/2021\\\/06\\\/Landious-T.png?fit=500%2C500&ssl=1\",\"width\":500,\"height\":500,\"caption\":\"Landious Travel\"}]}<\/script>\n<!-- \/ Yoast SEO Premium plugin. -->","yoast_head_json":{"title":"Escursione all'acquario da Hurghada","description":"Escursione all'acquario da Hurghada Sei ansioso di vivere un tour culturale ed educativo con i tuoi figli, dove possono conoscere la variegata vita marina","robots":{"index":"index","follow":"follow","max-snippet":"max-snippet:-1","max-image-preview":"max-image-preview:large","max-video-preview":"max-video-preview:-1"},"canonical":"https:\/\/landioustravel.com\/it\/shop\/escursione-acquario-hurghada\/","og_locale":"it_IT","og_type":"article","og_title":"Escursione all'acquario da Hurghada","og_description":"Landious Travel","og_url":"https:\/\/landioustravel.com\/it\/shop\/escursione-acquario-hurghada\/","og_site_name":"Landious Travel","article_publisher":"https:\/\/web.facebook.com\/landiousEgypt","article_modified_time":"2024-03-21T17:20:11+00:00","og_image":[{"width":1200,"height":675,"url":"https:\/\/i0.wp.com\/landioustravel.com\/wp-content\/uploads\/2018\/11\/Grand-Aquarium-Excursion-Hurghada-e1669666185802.jpg?fit=1200%2C675&ssl=1","type":"image\/jpeg"}],"twitter_card":"summary_large_image","twitter_site":"@LandiousTours","twitter_misc":{"Tempo di lettura stimato":"1 minuto"},"schema":{"@context":"https:\/\/schema.org","@graph":[{"@type":"WebPage","@id":"https:\/\/landioustravel.com\/it\/shop\/escursione-acquario-hurghada\/","url":"https:\/\/landioustravel.com\/it\/shop\/escursione-acquario-hurghada\/","name":"Escursione all'acquario da Hurghada","isPartOf":{"@id":"https:\/\/landioustravel.com\/it\/#website"},"primaryImageOfPage":{"@id":"https:\/\/landioustravel.com\/it\/shop\/escursione-acquario-hurghada\/#primaryimage"},"image":{"@id":"https:\/\/landioustravel.com\/it\/shop\/escursione-acquario-hurghada\/#primaryimage"},"thumbnailUrl":"https:\/\/i0.wp.com\/landioustravel.com\/wp-content\/uploads\/2018\/11\/Grand-Aquarium-Excursion-Hurghada-e1669666185802.jpg?fit=1200%2C675&ssl=1","datePublished":"2018-11-23T16:34:37+00:00","dateModified":"2024-03-21T17:20:11+00:00","description":"Escursione all'acquario da Hurghada Sei ansioso di vivere un tour culturale ed educativo con i tuoi figli, dove possono conoscere la variegata vita marina","breadcrumb":{"@id":"https:\/\/landioustravel.com\/it\/shop\/escursione-acquario-hurghada\/#breadcrumb"},"inLanguage":"it-IT","potentialAction":[{"@type":"ReadAction","target":["https:\/\/landioustravel.com\/it\/shop\/escursione-acquario-hurghada\/"]}]},{"@type":"ImageObject","inLanguage":"it-IT","@id":"https:\/\/landioustravel.com\/it\/shop\/escursione-acquario-hurghada\/#primaryimage","url":"https:\/\/i0.wp.com\/landioustravel.com\/wp-content\/uploads\/2018\/11\/Grand-Aquarium-Excursion-Hurghada-e1669666185802.jpg?fit=1200%2C675&ssl=1","contentUrl":"https:\/\/i0.wp.com\/landioustravel.com\/wp-content\/uploads\/2018\/11\/Grand-Aquarium-Excursion-Hurghada-e1669666185802.jpg?fit=1200%2C675&ssl=1","width":1200,"height":675,"caption":"Grand Aquarium Excursion Hurghada"},{"@type":"BreadcrumbList","@id":"https:\/\/landioustravel.com\/it\/shop\/escursione-acquario-hurghada\/#breadcrumb","itemListElement":[{"@type":"ListItem","position":1,"name":"Home","item":"https:\/\/landioustravel.com\/it\/"},{"@type":"ListItem","position":2,"name":"Tour in Egitto","item":"https:\/\/landioustravel.com\/it\/"},{"@type":"ListItem","position":3,"name":"Escursione all&#8217;acquario da Hurghada"}]},{"@type":"WebSite","@id":"https:\/\/landioustravel.com\/it\/#website","url":"https:\/\/landioustravel.com\/it\/","name":"Landious Travel","description":"Excursions, trips and cruises in Egypt","publisher":{"@id":"https:\/\/landioustravel.com\/it\/#organization"},"potentialAction":[{"@type":"SearchAction","target":{"@type":"EntryPoint","urlTemplate":"https:\/\/landioustravel.com\/it\/?s={search_term_string}"},"query-input":{"@type":"PropertyValueSpecification","valueRequired":true,"valueName":"search_term_string"}}],"inLanguage":"it-IT"},{"@type":["Organization","Place"],"@id":"https:\/\/landioustravel.com\/it\/#organization","name":"Landious Travel","alternateName":"Landious Travel","url":"https:\/\/landioustravel.com\/it\/","logo":{"@id":"https:\/\/landioustravel.com\/it\/shop\/escursione-acquario-hurghada\/#local-main-organization-logo"},"image":{"@id":"https:\/\/landioustravel.com\/it\/shop\/escursione-acquario-hurghada\/#local-main-organization-logo"},"sameAs":["https:\/\/web.facebook.com\/landiousEgypt","https:\/\/x.com\/LandiousTours","https:\/\/mastodon.social\/@landious"],"legalName":"Landious Travel","telephone":[],"openingHoursSpecification":[{"@type":"OpeningHoursSpecification","dayOfWeek":["Monday","Tuesday","Wednesday","Thursday","Friday","Saturday","Sunday"],"opens":"09:00","closes":"17:00"}]},{"@type":"ImageObject","inLanguage":"it-IT","@id":"https:\/\/landioustravel.com\/it\/shop\/escursione-acquario-hurghada\/#local-main-organization-logo","url":"https:\/\/i0.wp.com\/landioustravel.com\/wp-content\/uploads\/2021\/06\/Landious-T.png?fit=500%2C500&ssl=1","contentUrl":"https:\/\/i0.wp.com\/landioustravel.com\/wp-content\/uploads\/2021\/06\/Landious-T.png?fit=500%2C500&ssl=1","width":500,"height":500,"caption":"Landious Travel"}]}},"jetpack_publicize_connections":[],"uagb_featured_image_src":{"full":["https:\/\/i0.wp.com\/landioustravel.com\/wp-content\/uploads\/2018\/11\/Grand-Aquarium-Excursion-Hurghada-e1669666185802.jpg?fit=1200%2C675&ssl=1",1200,675,false],"thumbnail":["https:\/\/i0.wp.com\/landioustravel.com\/wp-content\/uploads\/2018\/11\/Grand-Aquarium-Excursion-Hurghada-e1669666185802.jpg?resize=150%2C150&ssl=1",150,150,true],"medium":["https:\/\/i0.wp.com\/landioustravel.com\/wp-content\/uploads\/2018\/11\/Grand-Aquarium-Excursion-Hurghada-e1669666185802.jpg?fit=300%2C169&ssl=1",300,169,true],"medium_large":["https:\/\/i0.wp.com\/landioustravel.com\/wp-content\/uploads\/2018\/11\/Grand-Aquarium-Excursion-Hurghada-e1669666185802.jpg?fit=768%2C432&ssl=1",768,432,true],"large":["https:\/\/i0.wp.com\/landioustravel.com\/wp-content\/uploads\/2018\/11\/Grand-Aquarium-Excursion-Hurghada-e1669666185802.jpg?fit=980%2C551&ssl=1",980,551,true],"1536x1536":["https:\/\/i0.wp.com\/landioustravel.com\/wp-content\/uploads\/2018\/11\/Grand-Aquarium-Excursion-Hurghada-e1669666185802.jpg?fit=1536%2C864&ssl=1",1536,864,true],"2048x2048":["https:\/\/i0.wp.com\/landioustravel.com\/wp-content\/uploads\/2018\/11\/Grand-Aquarium-Excursion-Hurghada-e1669666185802.jpg?fit=1200%2C675&ssl=1",1200,675,true],"newspack-article-block-landscape-large":["https:\/\/i0.wp.com\/landioustravel.com\/wp-content\/uploads\/2018\/11\/Grand-Aquarium-Excursion-Hurghada-e1669666185802.jpg?resize=1200%2C675&ssl=1",1200,675,true],"newspack-article-block-portrait-large":["https:\/\/i0.wp.com\/landioustravel.com\/wp-content\/uploads\/2018\/11\/Grand-Aquarium-Excursion-Hurghada-e1669666185802.jpg?resize=900%2C675&ssl=1",900,675,true],"newspack-article-block-square-large":["https:\/\/i0.wp.com\/landioustravel.com\/wp-content\/uploads\/2018\/11\/Grand-Aquarium-Excursion-Hurghada-e1669666185802.jpg?resize=1200%2C675&ssl=1",1200,675,true],"newspack-article-block-landscape-medium":["https:\/\/i0.wp.com\/landioustravel.com\/wp-content\/uploads\/2018\/11\/Grand-Aquarium-Excursion-Hurghada-e1669666185802.jpg?resize=800%2C600&ssl=1",800,600,true],"newspack-article-block-portrait-medium":["https:\/\/i0.wp.com\/landioustravel.com\/wp-content\/uploads\/2018\/11\/Grand-Aquarium-Excursion-Hurghada-e1669666185802.jpg?resize=600%2C675&ssl=1",600,675,true],"newspack-article-block-square-medium":["https:\/\/i0.wp.com\/landioustravel.com\/wp-content\/uploads\/2018\/11\/Grand-Aquarium-Excursion-Hurghada-e1669666185802.jpg?resize=800%2C675&ssl=1",800,675,true],"newspack-article-block-landscape-intermediate":["https:\/\/i0.wp.com\/landioustravel.com\/wp-content\/uploads\/2018\/11\/Grand-Aquarium-Excursion-Hurghada-e1669666185802.jpg?resize=600%2C450&ssl=1",600,450,true],"newspack-article-block-portrait-intermediate":["https:\/\/i0.wp.com\/landioustravel.com\/wp-content\/uploads\/2018\/11\/Grand-Aquarium-Excursion-Hurghada-e1669666185802.jpg?resize=450%2C600&ssl=1",450,600,true],"newspack-article-block-square-intermediate":["https:\/\/i0.wp.com\/landioustravel.com\/wp-content\/uploads\/2018\/11\/Grand-Aquarium-Excursion-Hurghada-e1669666185802.jpg?resize=600%2C600&ssl=1",600,600,true],"newspack-article-block-landscape-small":["https:\/\/i0.wp.com\/landioustravel.com\/wp-content\/uploads\/2018\/11\/Grand-Aquarium-Excursion-Hurghada-e1669666185802.jpg?resize=400%2C300&ssl=1",400,300,true],"newspack-article-block-portrait-small":["https:\/\/i0.wp.com\/landioustravel.com\/wp-content\/uploads\/2018\/11\/Grand-Aquarium-Excursion-Hurghada-e1669666185802.jpg?resize=300%2C400&ssl=1",300,400,true],"newspack-article-block-square-small":["https:\/\/i0.wp.com\/landioustravel.com\/wp-content\/uploads\/2018\/11\/Grand-Aquarium-Excursion-Hurghada-e1669666185802.jpg?resize=400%2C400&ssl=1",400,400,true],"newspack-article-block-landscape-tiny":["https:\/\/i0.wp.com\/landioustravel.com\/wp-content\/uploads\/2018\/11\/Grand-Aquarium-Excursion-Hurghada-e1669666185802.jpg?resize=200%2C150&ssl=1",200,150,true],"newspack-article-block-portrait-tiny":["https:\/\/i0.wp.com\/landioustravel.com\/wp-content\/uploads\/2018\/11\/Grand-Aquarium-Excursion-Hurghada-e1669666185802.jpg?resize=150%2C200&ssl=1",150,200,true],"newspack-article-block-square-tiny":["https:\/\/i0.wp.com\/landioustravel.com\/wp-content\/uploads\/2018\/11\/Grand-Aquarium-Excursion-Hurghada-e1669666185802.jpg?resize=200%2C200&ssl=1",200,200,true],"newspack-article-block-uncropped":["https:\/\/i0.wp.com\/landioustravel.com\/wp-content\/uploads\/2018\/11\/Grand-Aquarium-Excursion-Hurghada-e1669666185802.jpg?fit=1200%2C675&ssl=1",1200,675,true],"woocommerce_thumbnail":["https:\/\/i0.wp.com\/landioustravel.com\/wp-content\/uploads\/2018\/11\/Grand-Aquarium-Excursion-Hurghada-e1669666185802.jpg?resize=324%2C324&ssl=1",324,324,true],"woocommerce_single":["https:\/\/i0.wp.com\/landioustravel.com\/wp-content\/uploads\/2018\/11\/Grand-Aquarium-Excursion-Hurghada-e1669666185802.jpg?fit=416%2C234&ssl=1",416,234,true],"woocommerce_gallery_thumbnail":["https:\/\/i0.wp.com\/landioustravel.com\/wp-content\/uploads\/2018\/11\/Grand-Aquarium-Excursion-Hurghada-e1669666185802.jpg?resize=100%2C100&ssl=1",100,100,true]},"uagb_author_info":{"display_name":"Mofreh Landious","author_link":"https:\/\/landioustravel.com\/it\/author\/"},"uagb_comment_info":3,"uagb_excerpt":"Sei ansioso di vivere un tour culturale ed educativo con i tuoi figli, dove possono conoscere la variegata vita marina del Mar Rosso? Non guardare oltre il Grand Aquarium di Hurghada! Con oltre 1.000 specie di pesci colorati esposti in vasche di vetro, la tua famiglia rimarr\u00e0 incantata. Il nostro Grand Aquarium Tour da Hurghada&hellip;","jetpack_sharing_enabled":true,"jetpack_likes_enabled":true,"amp_enabled":true,"_links":{"self":[{"href":"https:\/\/landioustravel.com\/it\/wp-json\/wp\/v2\/product\/1517","targetHints":{"allow":["GET"]}}],"collection":[{"href":"https:\/\/landioustravel.com\/it\/wp-json\/wp\/v2\/product"}],"about":[{"href":"https:\/\/landioustravel.com\/it\/wp-json\/wp\/v2\/types\/product"}],"replies":[{"embeddable":true,"href":"https:\/\/landioustravel.com\/it\/wp-json\/wp\/v2\/comments?post=1517"}],"wp:featuredmedia":[{"embeddable":true,"href":"https:\/\/landioustravel.com\/it\/wp-json\/wp\/v2\/media\/100558"}],"wp:attachment":[{"href":"https:\/\/landioustravel.com\/it\/wp-json\/wp\/v2\/media?parent=1517"}],"wp:term":[{"taxonomy":"product_brand","embeddable":true,"href":"https:\/\/landioustravel.com\/it\/wp-json\/wp\/v2\/product_brand?post=1517"},{"taxonomy":"product_cat","embeddable":true,"href":"https:\/\/landioustravel.com\/it\/wp-json\/wp\/v2\/product_cat?post=1517"},{"taxonomy":"product_tag","embeddable":true,"href":"https:\/\/landioustravel.com\/it\/wp-json\/wp\/v2\/product_tag?post=1517"}],"curies":[{"name":"wp","href":"https:\/\/api.w.org\/{rel}","templated":true}]}}