{"id":1519,"date":"2018-11-23T12:56:55","date_gmt":"2018-11-23T10:56:55","guid":{"rendered":"https:\/\/landioustravel.com\/product\/escursione-delfinario-hurghada\/"},"modified":"2024-09-25T23:05:15","modified_gmt":"2024-09-25T20:05:15","slug":"escursione-delfinario-hurghada","status":"publish","type":"product","link":"https:\/\/landioustravel.com\/it\/shop\/escursione-delfinario-hurghada\/","title":{"rendered":"Escursione al delfinario da Hurghada"},"content":{"rendered":"<p>Un&#8217;escursione di intrattenimento preferita al Delfinario a Hurghada! Raccomandiamo il viaggio perch\u00e9 permette ai turisti di qualsiasi et\u00e0 di divertirsi guardando la pi\u00f9 grande collezione di animali marini. E d\u00e0 la possibilit\u00e0 di fare una foto con loro.<\/p>\n<h2>I punti principali del programma di escursioni nel Delfinario<\/h2>\n<ul>\n<li>Spettacolo di animali marini<\/li>\n<li>E, facendo una foto con questi animali per la memoria come opzione a pagamento<\/li>\n<\/ul>\n<h3>Il programma dell&#8217;escursione a Dolphin World da Hurghada<\/h3>\n<ul>\n<li>Vi verremo a prendere alle 13:00 circa<\/li>\n<li>Dopo aver raccolto tutti gli arrivi, l&#8217;autobus va al Dolphinarium Dolphin World. ci vogliono circa 30 minuti per ottenere il posto<\/li>\n<li>All&#8217;inizio del programma di escursioni, la guida ti mostrer\u00e0 il luogo e dove sedersi nell&#8217;auditorium.<\/li>\n<li>Non appena tutti si riuniscono, lo spettacolo inizia per circa un&#8217;ora. Durante lo spettacolo, sei artisti svolgono i loro ruoli:<\/li>\n<li>Smelaia e Agat _ Guarnizioni di pelliccia<\/li>\n<li>Sabrina e Gerasim _ delfini tursiopi<\/li>\n<li>Leela _ tricheco<\/li>\n<li>E, Dimas _ leone marino<\/li>\n<\/ul>\n<h4>Cosa \u00e8 incluso nel prezzo del viaggio<\/h4>\n<ul>\n<li>Trasferimento al Dolphin World e ritorno in hotel<\/li>\n<li>Biglietti<\/li>\n<\/ul>\n<h5>Cosa non \u00e8 incluso nel prezzo del tour<\/h5>\n<ul>\n<li>DVD video<\/li>\n<li>CD fotografico<\/li>\n<\/ul>\n<h6>Cosa portare con te per il viaggio<\/h6>\n<ul>\n<li>Occhiali da sole<\/li>\n<\/ul>\n<h6>GIORNI DI ORGANIZZAZIONE DI ESCURSIONE<\/h6>\n<ul>\n<li>Tutti i giorni dalle 13:00 alle 15:00<\/li>\n<\/ul>\n","protected":false},"excerpt":{"rendered":"<p>Sei pronto per un&#8217;avventura con le pi\u00f9 incredibili creature marine? Unisciti a noi in un&#8217;escursione al Delfinario di Hurghada e prova la gioia di vedere delfini del Mar Nero, otarie del nord, leoni marini sudamericani e trichechi del Pacifico eseguire acrobazie incredibili!<\/p>\n<p>E non \u00e8 tutto! Dolphin World ti offre l&#8217;opportunit\u00e0 unica di nuotare con questi animali intelligenti e creare ricordi indimenticabili.<\/p>\n<p>Verremo a prendervi al vostro hotel e vi accompagneremo in un comodo viaggio al Delfinario, situato a solo mezz&#8217;ora da Hurghada. Preparati per uno spettacolo di un&#8217;ora che lascer\u00e0 a bocca aperta te e la tua famiglia.<\/p>\n<p>Durante lo spettacolo, puoi scattare foto delle incredibili creature e persino avere la possibilit\u00e0 di vederle da vicino dopo lo spettacolo.<\/p>\n<p>Il Delfinario \u00e8 una delle strutture pi\u00f9 moderne e di alto livello al mondo, garantendo che gli animali siano sempre in acqua pulita e ben curati.<\/p>\n<p>Preparati a testimoniare la magia degli addestratori di animali che hanno lavorato instancabilmente per addestrare questi animali a eseguire acrobazie incredibili. Potrai anche vedere leoni marini, trichechi e foche durante lo spettacolo.<\/p>\n<p>Il nostro servizio di trasferimento \u00e8 incluso, quindi non devi preoccuparti di nulla. Non perdere questa gioiosa opportunit\u00e0 di avvicinarti all&#8217;incredibile mondo del mare!<\/p>\n","protected":false},"featured_media":100574,"comment_status":"open","ping_status":"closed","template":"","meta":{"_coblocks_attr":"","_coblocks_dimensions":"","_coblocks_responsive_height":"","_coblocks_accordion_ie_support":"","_uag_custom_page_level_css":"","jetpack_publicize_message":"","jetpack_publicize_feature_enabled":true,"jetpack_social_post_already_shared":false,"jetpack_social_options":{"image_generator_settings":{"template":"highway","default_image_id":0,"font":"","enabled":false},"version":2},"_wpas_customize_per_network":false},"product_brand":[],"product_cat":[1632,1634,22508,22521],"product_tag":[1678,1644,2145,1661],"class_list":{"0":"post-1519","1":"product","2":"type-product","3":"status-publish","4":"has-post-thumbnail","6":"product_cat-escursioni-hurghada","7":"product_cat-escursioni-intrattenimento-hurghada","8":"product_cat-escursioni-economiche-hurghada","9":"product_cat-escursioni-famiglie-hurghada","10":"product_tag-delfinario","11":"product_tag-escursione","12":"product_tag-escursioni-da-hurghada","13":"product_tag-hurghada-it","14":"pa_age-adulto","15":"pa_age-bambino-1-4-anni","16":"pa_age-bambino-5-11-anni","18":"first","19":"instock","20":"sale","21":"purchasable","22":"product-type-variable"},"yoast_head":"<!-- This site is optimized with the Yoast SEO Premium plugin v26.9 (Yoast SEO v27.3) - https:\/\/yoast.com\/product\/yoast-seo-premium-wordpress\/ -->\n<title>Escursione al delfinario da Hurghada<\/title>\n<meta name=\"description\" content=\"Escursione al delfinario da Hurghada consente di vedere i delfini del Mar Nero, le foche settentrionali, il leone sudamericano e il tricheco del Pacifico.\" \/>\n<meta name=\"robots\" content=\"index, follow, max-snippet:-1, max-image-preview:large, max-video-preview:-1\" \/>\n<link rel=\"canonical\" href=\"https:\/\/landioustravel.com\/it\/shop\/escursione-delfinario-hurghada\/\" \/>\n<meta property=\"og:locale\" content=\"it_IT\" \/>\n<meta property=\"og:type\" content=\"article\" \/>\n<meta property=\"og:title\" content=\"Escursione al delfinario da Hurghada\" \/>\n<meta property=\"og:description\" content=\"Landious Travel\" \/>\n<meta property=\"og:url\" content=\"https:\/\/landioustravel.com\/it\/shop\/escursione-delfinario-hurghada\/\" \/>\n<meta property=\"og:site_name\" content=\"Landious Travel\" \/>\n<meta property=\"article:publisher\" content=\"https:\/\/web.facebook.com\/landiousEgypt\" \/>\n<meta property=\"article:modified_time\" content=\"2024-09-25T20:05:15+00:00\" \/>\n<meta property=\"og:image\" content=\"https:\/\/landioustravel.com\/wp-content\/uploads\/2018\/11\/Dolphinarium-Excursion-Hurghada-e1669668840610-1024x576.jpg\" \/>\n\t<meta property=\"og:image:width\" content=\"1024\" \/>\n\t<meta property=\"og:image:height\" content=\"576\" \/>\n\t<meta property=\"og:image:type\" content=\"image\/jpeg\" \/>\n<meta name=\"twitter:card\" content=\"summary_large_image\" \/>\n<meta name=\"twitter:site\" content=\"@LandiousTours\" \/>\n<meta name=\"twitter:label1\" content=\"Tempo di lettura stimato\" \/>\n\t<meta name=\"twitter:data1\" content=\"1 minuto\" \/>\n<script type=\"application\/ld+json\" class=\"yoast-schema-graph\">{\"@context\":\"https:\\\/\\\/schema.org\",\"@graph\":[{\"@type\":\"WebPage\",\"@id\":\"https:\\\/\\\/landioustravel.com\\\/it\\\/shop\\\/escursione-delfinario-hurghada\\\/\",\"url\":\"https:\\\/\\\/landioustravel.com\\\/it\\\/shop\\\/escursione-delfinario-hurghada\\\/\",\"name\":\"Escursione al delfinario da Hurghada\",\"isPartOf\":{\"@id\":\"https:\\\/\\\/landioustravel.com\\\/it\\\/#website\"},\"primaryImageOfPage\":{\"@id\":\"https:\\\/\\\/landioustravel.com\\\/it\\\/shop\\\/escursione-delfinario-hurghada\\\/#primaryimage\"},\"image\":{\"@id\":\"https:\\\/\\\/landioustravel.com\\\/it\\\/shop\\\/escursione-delfinario-hurghada\\\/#primaryimage\"},\"thumbnailUrl\":\"https:\\\/\\\/i0.wp.com\\\/landioustravel.com\\\/wp-content\\\/uploads\\\/2018\\\/11\\\/Dolphinarium-Excursion-Hurghada-e1669668840610.jpg?fit=1200%2C675&ssl=1\",\"datePublished\":\"2018-11-23T10:56:55+00:00\",\"dateModified\":\"2024-09-25T20:05:15+00:00\",\"description\":\"Escursione al delfinario da Hurghada consente di vedere i delfini del Mar Nero, le foche settentrionali, il leone sudamericano e il tricheco del Pacifico.\",\"breadcrumb\":{\"@id\":\"https:\\\/\\\/landioustravel.com\\\/it\\\/shop\\\/escursione-delfinario-hurghada\\\/#breadcrumb\"},\"inLanguage\":\"it-IT\",\"potentialAction\":[{\"@type\":\"ReadAction\",\"target\":[\"https:\\\/\\\/landioustravel.com\\\/it\\\/shop\\\/escursione-delfinario-hurghada\\\/\"]}]},{\"@type\":\"ImageObject\",\"inLanguage\":\"it-IT\",\"@id\":\"https:\\\/\\\/landioustravel.com\\\/it\\\/shop\\\/escursione-delfinario-hurghada\\\/#primaryimage\",\"url\":\"https:\\\/\\\/i0.wp.com\\\/landioustravel.com\\\/wp-content\\\/uploads\\\/2018\\\/11\\\/Dolphinarium-Excursion-Hurghada-e1669668840610.jpg?fit=1200%2C675&ssl=1\",\"contentUrl\":\"https:\\\/\\\/i0.wp.com\\\/landioustravel.com\\\/wp-content\\\/uploads\\\/2018\\\/11\\\/Dolphinarium-Excursion-Hurghada-e1669668840610.jpg?fit=1200%2C675&ssl=1\",\"width\":1200,\"height\":675,\"caption\":\"Dolphinarium Excursion Hurghada\"},{\"@type\":\"BreadcrumbList\",\"@id\":\"https:\\\/\\\/landioustravel.com\\\/it\\\/shop\\\/escursione-delfinario-hurghada\\\/#breadcrumb\",\"itemListElement\":[{\"@type\":\"ListItem\",\"position\":1,\"name\":\"Home\",\"item\":\"https:\\\/\\\/landioustravel.com\\\/it\\\/\"},{\"@type\":\"ListItem\",\"position\":2,\"name\":\"Tour in Egitto\",\"item\":\"https:\\\/\\\/landioustravel.com\\\/it\\\/\"},{\"@type\":\"ListItem\",\"position\":3,\"name\":\"Escursione al delfinario da Hurghada\"}]},{\"@type\":\"WebSite\",\"@id\":\"https:\\\/\\\/landioustravel.com\\\/it\\\/#website\",\"url\":\"https:\\\/\\\/landioustravel.com\\\/it\\\/\",\"name\":\"Landious Travel\",\"description\":\"Excursions, trips and cruises in Egypt\",\"publisher\":{\"@id\":\"https:\\\/\\\/landioustravel.com\\\/it\\\/#organization\"},\"potentialAction\":[{\"@type\":\"SearchAction\",\"target\":{\"@type\":\"EntryPoint\",\"urlTemplate\":\"https:\\\/\\\/landioustravel.com\\\/it\\\/?s={search_term_string}\"},\"query-input\":{\"@type\":\"PropertyValueSpecification\",\"valueRequired\":true,\"valueName\":\"search_term_string\"}}],\"inLanguage\":\"it-IT\"},{\"@type\":[\"Organization\",\"Place\"],\"@id\":\"https:\\\/\\\/landioustravel.com\\\/it\\\/#organization\",\"name\":\"Landious Travel\",\"alternateName\":\"Landious Travel\",\"url\":\"https:\\\/\\\/landioustravel.com\\\/it\\\/\",\"logo\":{\"@id\":\"https:\\\/\\\/landioustravel.com\\\/it\\\/shop\\\/escursione-delfinario-hurghada\\\/#local-main-organization-logo\"},\"image\":{\"@id\":\"https:\\\/\\\/landioustravel.com\\\/it\\\/shop\\\/escursione-delfinario-hurghada\\\/#local-main-organization-logo\"},\"sameAs\":[\"https:\\\/\\\/web.facebook.com\\\/landiousEgypt\",\"https:\\\/\\\/x.com\\\/LandiousTours\",\"https:\\\/\\\/mastodon.social\\\/@landious\"],\"legalName\":\"Landious Travel\",\"telephone\":[],\"openingHoursSpecification\":[{\"@type\":\"OpeningHoursSpecification\",\"dayOfWeek\":[\"Monday\",\"Tuesday\",\"Wednesday\",\"Thursday\",\"Friday\",\"Saturday\",\"Sunday\"],\"opens\":\"09:00\",\"closes\":\"17:00\"}]},{\"@type\":\"ImageObject\",\"inLanguage\":\"it-IT\",\"@id\":\"https:\\\/\\\/landioustravel.com\\\/it\\\/shop\\\/escursione-delfinario-hurghada\\\/#local-main-organization-logo\",\"url\":\"https:\\\/\\\/i0.wp.com\\\/landioustravel.com\\\/wp-content\\\/uploads\\\/2021\\\/06\\\/Landious-T.png?fit=500%2C500&ssl=1\",\"contentUrl\":\"https:\\\/\\\/i0.wp.com\\\/landioustravel.com\\\/wp-content\\\/uploads\\\/2021\\\/06\\\/Landious-T.png?fit=500%2C500&ssl=1\",\"width\":500,\"height\":500,\"caption\":\"Landious Travel\"}]}<\/script>\n<!-- \/ Yoast SEO Premium plugin. -->","yoast_head_json":{"title":"Escursione al delfinario da Hurghada","description":"Escursione al delfinario da Hurghada consente di vedere i delfini del Mar Nero, le foche settentrionali, il leone sudamericano e il tricheco del Pacifico.","robots":{"index":"index","follow":"follow","max-snippet":"max-snippet:-1","max-image-preview":"max-image-preview:large","max-video-preview":"max-video-preview:-1"},"canonical":"https:\/\/landioustravel.com\/it\/shop\/escursione-delfinario-hurghada\/","og_locale":"it_IT","og_type":"article","og_title":"Escursione al delfinario da Hurghada","og_description":"Landious Travel","og_url":"https:\/\/landioustravel.com\/it\/shop\/escursione-delfinario-hurghada\/","og_site_name":"Landious Travel","article_publisher":"https:\/\/web.facebook.com\/landiousEgypt","article_modified_time":"2024-09-25T20:05:15+00:00","og_image":[{"width":1024,"height":576,"url":"https:\/\/landioustravel.com\/wp-content\/uploads\/2018\/11\/Dolphinarium-Excursion-Hurghada-e1669668840610-1024x576.jpg","type":"image\/jpeg"}],"twitter_card":"summary_large_image","twitter_site":"@LandiousTours","twitter_misc":{"Tempo di lettura stimato":"1 minuto"},"schema":{"@context":"https:\/\/schema.org","@graph":[{"@type":"WebPage","@id":"https:\/\/landioustravel.com\/it\/shop\/escursione-delfinario-hurghada\/","url":"https:\/\/landioustravel.com\/it\/shop\/escursione-delfinario-hurghada\/","name":"Escursione al delfinario da Hurghada","isPartOf":{"@id":"https:\/\/landioustravel.com\/it\/#website"},"primaryImageOfPage":{"@id":"https:\/\/landioustravel.com\/it\/shop\/escursione-delfinario-hurghada\/#primaryimage"},"image":{"@id":"https:\/\/landioustravel.com\/it\/shop\/escursione-delfinario-hurghada\/#primaryimage"},"thumbnailUrl":"https:\/\/i0.wp.com\/landioustravel.com\/wp-content\/uploads\/2018\/11\/Dolphinarium-Excursion-Hurghada-e1669668840610.jpg?fit=1200%2C675&ssl=1","datePublished":"2018-11-23T10:56:55+00:00","dateModified":"2024-09-25T20:05:15+00:00","description":"Escursione al delfinario da Hurghada consente di vedere i delfini del Mar Nero, le foche settentrionali, il leone sudamericano e il tricheco del Pacifico.","breadcrumb":{"@id":"https:\/\/landioustravel.com\/it\/shop\/escursione-delfinario-hurghada\/#breadcrumb"},"inLanguage":"it-IT","potentialAction":[{"@type":"ReadAction","target":["https:\/\/landioustravel.com\/it\/shop\/escursione-delfinario-hurghada\/"]}]},{"@type":"ImageObject","inLanguage":"it-IT","@id":"https:\/\/landioustravel.com\/it\/shop\/escursione-delfinario-hurghada\/#primaryimage","url":"https:\/\/i0.wp.com\/landioustravel.com\/wp-content\/uploads\/2018\/11\/Dolphinarium-Excursion-Hurghada-e1669668840610.jpg?fit=1200%2C675&ssl=1","contentUrl":"https:\/\/i0.wp.com\/landioustravel.com\/wp-content\/uploads\/2018\/11\/Dolphinarium-Excursion-Hurghada-e1669668840610.jpg?fit=1200%2C675&ssl=1","width":1200,"height":675,"caption":"Dolphinarium Excursion Hurghada"},{"@type":"BreadcrumbList","@id":"https:\/\/landioustravel.com\/it\/shop\/escursione-delfinario-hurghada\/#breadcrumb","itemListElement":[{"@type":"ListItem","position":1,"name":"Home","item":"https:\/\/landioustravel.com\/it\/"},{"@type":"ListItem","position":2,"name":"Tour in Egitto","item":"https:\/\/landioustravel.com\/it\/"},{"@type":"ListItem","position":3,"name":"Escursione al delfinario da Hurghada"}]},{"@type":"WebSite","@id":"https:\/\/landioustravel.com\/it\/#website","url":"https:\/\/landioustravel.com\/it\/","name":"Landious Travel","description":"Excursions, trips and cruises in Egypt","publisher":{"@id":"https:\/\/landioustravel.com\/it\/#organization"},"potentialAction":[{"@type":"SearchAction","target":{"@type":"EntryPoint","urlTemplate":"https:\/\/landioustravel.com\/it\/?s={search_term_string}"},"query-input":{"@type":"PropertyValueSpecification","valueRequired":true,"valueName":"search_term_string"}}],"inLanguage":"it-IT"},{"@type":["Organization","Place"],"@id":"https:\/\/landioustravel.com\/it\/#organization","name":"Landious Travel","alternateName":"Landious Travel","url":"https:\/\/landioustravel.com\/it\/","logo":{"@id":"https:\/\/landioustravel.com\/it\/shop\/escursione-delfinario-hurghada\/#local-main-organization-logo"},"image":{"@id":"https:\/\/landioustravel.com\/it\/shop\/escursione-delfinario-hurghada\/#local-main-organization-logo"},"sameAs":["https:\/\/web.facebook.com\/landiousEgypt","https:\/\/x.com\/LandiousTours","https:\/\/mastodon.social\/@landious"],"legalName":"Landious Travel","telephone":[],"openingHoursSpecification":[{"@type":"OpeningHoursSpecification","dayOfWeek":["Monday","Tuesday","Wednesday","Thursday","Friday","Saturday","Sunday"],"opens":"09:00","closes":"17:00"}]},{"@type":"ImageObject","inLanguage":"it-IT","@id":"https:\/\/landioustravel.com\/it\/shop\/escursione-delfinario-hurghada\/#local-main-organization-logo","url":"https:\/\/i0.wp.com\/landioustravel.com\/wp-content\/uploads\/2021\/06\/Landious-T.png?fit=500%2C500&ssl=1","contentUrl":"https:\/\/i0.wp.com\/landioustravel.com\/wp-content\/uploads\/2021\/06\/Landious-T.png?fit=500%2C500&ssl=1","width":500,"height":500,"caption":"Landious Travel"}]}},"jetpack_publicize_connections":[],"uagb_featured_image_src":{"full":["https:\/\/i0.wp.com\/landioustravel.com\/wp-content\/uploads\/2018\/11\/Dolphinarium-Excursion-Hurghada-e1669668840610.jpg?fit=1200%2C675&ssl=1",1200,675,false],"thumbnail":["https:\/\/i0.wp.com\/landioustravel.com\/wp-content\/uploads\/2018\/11\/Dolphinarium-Excursion-Hurghada-e1669668840610.jpg?resize=150%2C150&ssl=1",150,150,true],"medium":["https:\/\/i0.wp.com\/landioustravel.com\/wp-content\/uploads\/2018\/11\/Dolphinarium-Excursion-Hurghada-e1669668840610.jpg?fit=300%2C169&ssl=1",300,169,true],"medium_large":["https:\/\/i0.wp.com\/landioustravel.com\/wp-content\/uploads\/2018\/11\/Dolphinarium-Excursion-Hurghada-e1669668840610.jpg?fit=768%2C432&ssl=1",768,432,true],"large":["https:\/\/i0.wp.com\/landioustravel.com\/wp-content\/uploads\/2018\/11\/Dolphinarium-Excursion-Hurghada-e1669668840610.jpg?fit=980%2C551&ssl=1",980,551,true],"1536x1536":["https:\/\/i0.wp.com\/landioustravel.com\/wp-content\/uploads\/2018\/11\/Dolphinarium-Excursion-Hurghada-e1669668840610.jpg?fit=1536%2C1152&ssl=1",1536,1152,true],"2048x2048":["https:\/\/i0.wp.com\/landioustravel.com\/wp-content\/uploads\/2018\/11\/Dolphinarium-Excursion-Hurghada-e1669668840610.jpg?fit=2048%2C1536&ssl=1",2048,1536,true],"newspack-article-block-landscape-large":["https:\/\/i0.wp.com\/landioustravel.com\/wp-content\/uploads\/2018\/11\/Dolphinarium-Excursion-Hurghada-e1669668840610.jpg?resize=1200%2C675&ssl=1",1200,675,true],"newspack-article-block-portrait-large":["https:\/\/i0.wp.com\/landioustravel.com\/wp-content\/uploads\/2018\/11\/Dolphinarium-Excursion-Hurghada-e1669668840610.jpg?resize=900%2C675&ssl=1",900,675,true],"newspack-article-block-square-large":["https:\/\/i0.wp.com\/landioustravel.com\/wp-content\/uploads\/2018\/11\/Dolphinarium-Excursion-Hurghada-e1669668840610.jpg?resize=1200%2C675&ssl=1",1200,675,true],"newspack-article-block-landscape-medium":["https:\/\/i0.wp.com\/landioustravel.com\/wp-content\/uploads\/2018\/11\/Dolphinarium-Excursion-Hurghada-e1669668840610.jpg?resize=800%2C600&ssl=1",800,600,true],"newspack-article-block-portrait-medium":["https:\/\/i0.wp.com\/landioustravel.com\/wp-content\/uploads\/2018\/11\/Dolphinarium-Excursion-Hurghada-e1669668840610.jpg?resize=600%2C675&ssl=1",600,675,true],"newspack-article-block-square-medium":["https:\/\/i0.wp.com\/landioustravel.com\/wp-content\/uploads\/2018\/11\/Dolphinarium-Excursion-Hurghada-e1669668840610.jpg?resize=800%2C675&ssl=1",800,675,true],"newspack-article-block-landscape-intermediate":["https:\/\/i0.wp.com\/landioustravel.com\/wp-content\/uploads\/2018\/11\/Dolphinarium-Excursion-Hurghada-e1669668840610.jpg?resize=600%2C450&ssl=1",600,450,true],"newspack-article-block-portrait-intermediate":["https:\/\/i0.wp.com\/landioustravel.com\/wp-content\/uploads\/2018\/11\/Dolphinarium-Excursion-Hurghada-e1669668840610.jpg?resize=450%2C600&ssl=1",450,600,true],"newspack-article-block-square-intermediate":["https:\/\/i0.wp.com\/landioustravel.com\/wp-content\/uploads\/2018\/11\/Dolphinarium-Excursion-Hurghada-e1669668840610.jpg?resize=600%2C600&ssl=1",600,600,true],"newspack-article-block-landscape-small":["https:\/\/i0.wp.com\/landioustravel.com\/wp-content\/uploads\/2018\/11\/Dolphinarium-Excursion-Hurghada-e1669668840610.jpg?resize=400%2C300&ssl=1",400,300,true],"newspack-article-block-portrait-small":["https:\/\/i0.wp.com\/landioustravel.com\/wp-content\/uploads\/2018\/11\/Dolphinarium-Excursion-Hurghada-e1669668840610.jpg?resize=300%2C400&ssl=1",300,400,true],"newspack-article-block-square-small":["https:\/\/i0.wp.com\/landioustravel.com\/wp-content\/uploads\/2018\/11\/Dolphinarium-Excursion-Hurghada-e1669668840610.jpg?resize=400%2C400&ssl=1",400,400,true],"newspack-article-block-landscape-tiny":["https:\/\/i0.wp.com\/landioustravel.com\/wp-content\/uploads\/2018\/11\/Dolphinarium-Excursion-Hurghada-e1669668840610.jpg?resize=200%2C150&ssl=1",200,150,true],"newspack-article-block-portrait-tiny":["https:\/\/i0.wp.com\/landioustravel.com\/wp-content\/uploads\/2018\/11\/Dolphinarium-Excursion-Hurghada-e1669668840610.jpg?resize=150%2C200&ssl=1",150,200,true],"newspack-article-block-square-tiny":["https:\/\/i0.wp.com\/landioustravel.com\/wp-content\/uploads\/2018\/11\/Dolphinarium-Excursion-Hurghada-e1669668840610.jpg?resize=200%2C200&ssl=1",200,200,true],"newspack-article-block-uncropped":["https:\/\/i0.wp.com\/landioustravel.com\/wp-content\/uploads\/2018\/11\/Dolphinarium-Excursion-Hurghada-e1669668840610.jpg?fit=1200%2C675&ssl=1",1200,675,true],"woocommerce_thumbnail":["https:\/\/i0.wp.com\/landioustravel.com\/wp-content\/uploads\/2018\/11\/Dolphinarium-Excursion-Hurghada-e1669668840610.jpg?resize=324%2C324&ssl=1",324,324,true],"woocommerce_single":["https:\/\/i0.wp.com\/landioustravel.com\/wp-content\/uploads\/2018\/11\/Dolphinarium-Excursion-Hurghada-e1669668840610.jpg?fit=416%2C234&ssl=1",416,234,true],"woocommerce_gallery_thumbnail":["https:\/\/i0.wp.com\/landioustravel.com\/wp-content\/uploads\/2018\/11\/Dolphinarium-Excursion-Hurghada-e1669668840610.jpg?resize=100%2C100&ssl=1",100,100,true]},"uagb_author_info":{"display_name":"Mofreh Landious","author_link":"https:\/\/landioustravel.com\/it\/author\/"},"uagb_comment_info":5,"uagb_excerpt":"Sei pronto per un'avventura con le pi\u00f9 incredibili creature marine? Unisciti a noi in un'escursione al Delfinario di Hurghada e prova la gioia di vedere delfini del Mar Nero, otarie del nord, leoni marini sudamericani e trichechi del Pacifico eseguire acrobazie incredibili! E non \u00e8 tutto! Dolphin World ti offre l'opportunit\u00e0 unica di nuotare con&hellip;","jetpack_sharing_enabled":true,"jetpack_likes_enabled":true,"amp_enabled":true,"_links":{"self":[{"href":"https:\/\/landioustravel.com\/it\/wp-json\/wp\/v2\/product\/1519","targetHints":{"allow":["GET"]}}],"collection":[{"href":"https:\/\/landioustravel.com\/it\/wp-json\/wp\/v2\/product"}],"about":[{"href":"https:\/\/landioustravel.com\/it\/wp-json\/wp\/v2\/types\/product"}],"replies":[{"embeddable":true,"href":"https:\/\/landioustravel.com\/it\/wp-json\/wp\/v2\/comments?post=1519"}],"wp:featuredmedia":[{"embeddable":true,"href":"https:\/\/landioustravel.com\/it\/wp-json\/wp\/v2\/media\/100574"}],"wp:attachment":[{"href":"https:\/\/landioustravel.com\/it\/wp-json\/wp\/v2\/media?parent=1519"}],"wp:term":[{"taxonomy":"product_brand","embeddable":true,"href":"https:\/\/landioustravel.com\/it\/wp-json\/wp\/v2\/product_brand?post=1519"},{"taxonomy":"product_cat","embeddable":true,"href":"https:\/\/landioustravel.com\/it\/wp-json\/wp\/v2\/product_cat?post=1519"},{"taxonomy":"product_tag","embeddable":true,"href":"https:\/\/landioustravel.com\/it\/wp-json\/wp\/v2\/product_tag?post=1519"}],"curies":[{"name":"wp","href":"https:\/\/api.w.org\/{rel}","templated":true}]}}