{"id":1524,"date":"2018-11-17T21:49:32","date_gmt":"2018-11-17T19:49:32","guid":{"rendered":"https:\/\/landioustravel.com\/product\/escursione-sottomarino-hurghada\/"},"modified":"2024-03-06T19:15:57","modified_gmt":"2024-03-06T17:15:57","slug":"escursione-sottomarino-hurghada","status":"publish","type":"product","link":"https:\/\/landioustravel.com\/it\/shop\/escursione-sottomarino-hurghada\/","title":{"rendered":"Escursione sul sottomarino a Hurghada"},"content":{"rendered":"<p>Un&#8217;interessante gita in mare al sottomarino &#8220;Sindbad&#8221; a Hurghada! Ti consigliamo il viaggio in quanto \u00e8 l&#8217;unica opzione per vedere bellissimi coralli e una variet\u00e0 di pesci a bordo di un sottomarino durante il tuo soggiorno a Hurghada. Inoltre, permette di godere di un breve pic-nic in barca attraverso il Mar Rosso in una zona molto bella vicino all&#8217;isola Giftun.<\/p>\n<h2>I punti principali del programma di escursioni sul sottomarino<\/h2>\n<ul>\n<li>Picnic in riva al mare colto<\/li>\n<li>E, guardando il mondo sottomarino a bordo del sottomarino Sindbad<\/li>\n<\/ul>\n<h3>Il programma di escursioni al sottomarino di Sindbad a Hurghada<\/h3>\n<ul>\n<li>A prendervi dal vostro hotel alle 10:00 circa<\/li>\n<li>Dopo aver raccolto tutti gli arrivi, l&#8217;autobus va al porto. La strada per il porto dura circa 20 minuti<\/li>\n<li>All&#8217;inizio del programma di escursioni, potrai goderti un picnic in mare attraverso il Mar Rosso. La stessa barca ti porta al sottomarino. L\u00ec, occuperai un posto sul sottomarino<\/li>\n<li>Dopo di che, il sottomarino scende a una profondit\u00e0 di 25 metri per farti vedere pesci e coralli. Guardare il mondo sottomarino a bordo di quel sottomarino ti porta un&#8217;ora intera<\/li>\n<\/ul>\n<h3>Cosa \u00e8 incluso nel prezzo del viaggio<\/h3>\n<ul>\n<li>Trasferimento al porto e ritorno in hotel<\/li>\n<\/ul>\n<h4>Cosa non \u00e8 incluso nel prezzo del tour<\/h4>\n<ul>\n<li>DVD video<\/li>\n<li>CD fotografico<\/li>\n<\/ul>\n<h5>COSA PORTARE CON TE PER IL TOUR<\/h5>\n<ul>\n<li>Occhiali da sole<\/li>\n<\/ul>\n<h6>GIORNI DI ORGANIZZAZIONE DI ESCURSIONE<\/h6>\n<ul>\n<li>Tutti i giorni dalle 10:00 alle 14:00<\/li>\n<\/ul>\n","protected":false},"excerpt":{"rendered":"<p>Preparati per un&#8217;incredibile avventura sul sottomarino Sindbad a Hurghada! Attraverserai lo scintillante Mar Rosso e rimarrai stupito dalle meravigliose barriere coralline e dai vivaci pesci a una profondit\u00e0 di 25 metri. Rimarrai asciutto e comodo per tutto il tempo! E la parte migliore?<\/p>\n<p>Mentre scendi sotto la superficie del Mar Rosso, ti verr\u00e0 offerta un&#8217;esperienza colorata ed educativa come nessun&#8217;altra. Lasciati incantare dal paese delle meraviglie dei coralli e dall&#8217;incredibile variet\u00e0 di pesci mentre ti dirigi a profondit\u00e0 fino a 20 metri. Il prezzo del viaggio include i trasferimenti e un biglietto d&#8217;ingresso, quindi tutto ci\u00f2 che devi fare \u00e8 sederti e goderti il viaggio.<\/p>\n<p>Il sottomarino Sindbad \u00e8 davvero fantastico e da non perdere! Ti imbarcherai in una gita in barca verso l&#8217;unico sottomarino del Medio Oriente e vedrai il mondo sottomarino in un modo completamente nuovo. Con 44 posti passeggeri e portali speciali per la visione, ti sentirai un vero esploratore subacqueo. E con il suo design di ispirazione militare, il sottomarino Sindbad \u00e8 una corsa fantastica!<\/p>\n<p>Durante l&#8217;escursione scoprirai una nave affondata, sculture ricoperte di alghe e persino forzieri che un tempo potevano contenere tesori dei pirati. E la vita sottomarina \u00e8 semplicemente mozzafiato: vedrai cos\u00ec tanti pesci colorati che non saprai dove guardare prima!<\/p>\n<p>Quindi, preparati per un viaggio indimenticabile sul sottomarino Sindbad. \u00c8 un&#8217;avventura che non dimenticherai mai!<\/p>\n","protected":false},"featured_media":119506,"comment_status":"open","ping_status":"closed","template":"","meta":{"_coblocks_attr":"","_coblocks_dimensions":"","_coblocks_responsive_height":"","_coblocks_accordion_ie_support":"","_uag_custom_page_level_css":"","jetpack_publicize_message":"","jetpack_publicize_feature_enabled":true,"jetpack_social_post_already_shared":false,"jetpack_social_options":{"image_generator_settings":{"template":"highway","default_image_id":0,"font":"","enabled":false},"version":2},"_wpas_customize_per_network":false},"product_brand":[],"product_cat":[1632,22508,1638,22521],"product_tag":[1644,1661,22564,1683,2210,1682],"class_list":{"0":"post-1524","1":"product","2":"type-product","3":"status-publish","4":"has-post-thumbnail","6":"product_cat-escursioni-hurghada","7":"product_cat-escursioni-economiche-hurghada","8":"product_cat-escursioni-mare-hurghada","9":"product_cat-escursioni-famiglie-hurghada","10":"product_tag-escursione","11":"product_tag-hurghada-it","12":"product_tag-mare","13":"product_tag-sottomarino","14":"product_tag-sottomarino-sinbad","15":"product_tag-viaggi-marittimi","16":"pa_age-adulto","17":"pa_age-bambino-1-4-anni","18":"pa_age-bambino-5-11-anni","20":"first","21":"instock","22":"sale","23":"purchasable","24":"product-type-variable"},"yoast_head":"<!-- This site is optimized with the Yoast SEO Premium plugin v27.5 (Yoast SEO v27.5) - https:\/\/yoast.com\/product\/yoast-seo-premium-wordpress\/ -->\n<title>Escursione sul sottomarino a Hurghada<\/title>\n<meta name=\"description\" content=\"Escursione sul sottomarino a Hurghada farai un picnic in mare attraverso il Mar Rosso, e una meravigliosa panoramica da questo sottomarino a 2 ponti\" \/>\n<meta name=\"robots\" content=\"index, follow, max-snippet:-1, max-image-preview:large, max-video-preview:-1\" \/>\n<link rel=\"canonical\" href=\"https:\/\/landioustravel.com\/it\/shop\/escursione-sottomarino-hurghada\/\" \/>\n<meta property=\"og:locale\" content=\"it_IT\" \/>\n<meta property=\"og:type\" content=\"article\" \/>\n<meta property=\"og:title\" content=\"Escursione sul sottomarino a Hurghada\" \/>\n<meta property=\"og:description\" content=\"Landious Travel\" \/>\n<meta property=\"og:url\" content=\"https:\/\/landioustravel.com\/it\/shop\/escursione-sottomarino-hurghada\/\" \/>\n<meta property=\"og:site_name\" content=\"Landious Travel\" \/>\n<meta property=\"article:publisher\" content=\"https:\/\/web.facebook.com\/landiousEgypt\" \/>\n<meta property=\"article:modified_time\" content=\"2024-03-06T17:15:57+00:00\" \/>\n<meta property=\"og:image\" content=\"https:\/\/i0.wp.com\/landioustravel.com\/wp-content\/uploads\/2018\/11\/Submarine-Excursion-Hurghada.jpg?fit=720%2C480&ssl=1\" \/>\n\t<meta property=\"og:image:width\" content=\"720\" \/>\n\t<meta property=\"og:image:height\" content=\"480\" \/>\n\t<meta property=\"og:image:type\" content=\"image\/jpeg\" \/>\n<meta name=\"twitter:card\" content=\"summary_large_image\" \/>\n<meta name=\"twitter:site\" content=\"@LandiousTours\" \/>\n<meta name=\"twitter:label1\" content=\"Tempo di lettura stimato\" \/>\n\t<meta name=\"twitter:data1\" content=\"2 minuti\" \/>\n<script type=\"application\/ld+json\" class=\"yoast-schema-graph\">{\"@context\":\"https:\\\/\\\/schema.org\",\"@graph\":[{\"@type\":\"WebPage\",\"@id\":\"https:\\\/\\\/landioustravel.com\\\/it\\\/shop\\\/escursione-sottomarino-hurghada\\\/\",\"url\":\"https:\\\/\\\/landioustravel.com\\\/it\\\/shop\\\/escursione-sottomarino-hurghada\\\/\",\"name\":\"Escursione sul sottomarino a Hurghada\",\"isPartOf\":{\"@id\":\"https:\\\/\\\/landioustravel.com\\\/it\\\/#website\"},\"primaryImageOfPage\":{\"@id\":\"https:\\\/\\\/landioustravel.com\\\/it\\\/shop\\\/escursione-sottomarino-hurghada\\\/#primaryimage\"},\"image\":{\"@id\":\"https:\\\/\\\/landioustravel.com\\\/it\\\/shop\\\/escursione-sottomarino-hurghada\\\/#primaryimage\"},\"thumbnailUrl\":\"https:\\\/\\\/i0.wp.com\\\/landioustravel.com\\\/wp-content\\\/uploads\\\/2018\\\/11\\\/Submarine-Excursion-Hurghada.jpg?fit=720%2C480&ssl=1\",\"datePublished\":\"2018-11-17T19:49:32+00:00\",\"dateModified\":\"2024-03-06T17:15:57+00:00\",\"description\":\"Escursione sul sottomarino a Hurghada farai un picnic in mare attraverso il Mar Rosso, e una meravigliosa panoramica da questo sottomarino a 2 ponti\",\"breadcrumb\":{\"@id\":\"https:\\\/\\\/landioustravel.com\\\/it\\\/shop\\\/escursione-sottomarino-hurghada\\\/#breadcrumb\"},\"inLanguage\":\"it-IT\",\"potentialAction\":[{\"@type\":\"ReadAction\",\"target\":[\"https:\\\/\\\/landioustravel.com\\\/it\\\/shop\\\/escursione-sottomarino-hurghada\\\/\"]}]},{\"@type\":\"ImageObject\",\"inLanguage\":\"it-IT\",\"@id\":\"https:\\\/\\\/landioustravel.com\\\/it\\\/shop\\\/escursione-sottomarino-hurghada\\\/#primaryimage\",\"url\":\"https:\\\/\\\/i0.wp.com\\\/landioustravel.com\\\/wp-content\\\/uploads\\\/2018\\\/11\\\/Submarine-Excursion-Hurghada.jpg?fit=720%2C480&ssl=1\",\"contentUrl\":\"https:\\\/\\\/i0.wp.com\\\/landioustravel.com\\\/wp-content\\\/uploads\\\/2018\\\/11\\\/Submarine-Excursion-Hurghada.jpg?fit=720%2C480&ssl=1\",\"width\":720,\"height\":480,\"caption\":\"Submarine Excursion Hurghada\"},{\"@type\":\"BreadcrumbList\",\"@id\":\"https:\\\/\\\/landioustravel.com\\\/it\\\/shop\\\/escursione-sottomarino-hurghada\\\/#breadcrumb\",\"itemListElement\":[{\"@type\":\"ListItem\",\"position\":1,\"name\":\"Home\",\"item\":\"https:\\\/\\\/landioustravel.com\\\/it\\\/\"},{\"@type\":\"ListItem\",\"position\":2,\"name\":\"Tour in Egitto\",\"item\":\"https:\\\/\\\/landioustravel.com\\\/it\\\/\"},{\"@type\":\"ListItem\",\"position\":3,\"name\":\"Escursione sul sottomarino a Hurghada\"}]},{\"@type\":\"WebSite\",\"@id\":\"https:\\\/\\\/landioustravel.com\\\/it\\\/#website\",\"url\":\"https:\\\/\\\/landioustravel.com\\\/it\\\/\",\"name\":\"Landious Travel\",\"description\":\"Excursions, trips and cruises in Egypt\",\"publisher\":{\"@id\":\"https:\\\/\\\/landioustravel.com\\\/it\\\/#organization\"},\"potentialAction\":[{\"@type\":\"SearchAction\",\"target\":{\"@type\":\"EntryPoint\",\"urlTemplate\":\"https:\\\/\\\/landioustravel.com\\\/it\\\/?s={search_term_string}\"},\"query-input\":{\"@type\":\"PropertyValueSpecification\",\"valueRequired\":true,\"valueName\":\"search_term_string\"}}],\"inLanguage\":\"it-IT\"},{\"@type\":[\"Organization\",\"Place\"],\"@id\":\"https:\\\/\\\/landioustravel.com\\\/it\\\/#organization\",\"name\":\"Landious Travel\",\"alternateName\":\"Landious Travel\",\"url\":\"https:\\\/\\\/landioustravel.com\\\/it\\\/\",\"logo\":{\"@id\":\"https:\\\/\\\/landioustravel.com\\\/it\\\/shop\\\/escursione-sottomarino-hurghada\\\/#local-main-organization-logo\"},\"image\":{\"@id\":\"https:\\\/\\\/landioustravel.com\\\/it\\\/shop\\\/escursione-sottomarino-hurghada\\\/#local-main-organization-logo\"},\"sameAs\":[\"https:\\\/\\\/web.facebook.com\\\/landiousEgypt\",\"https:\\\/\\\/x.com\\\/LandiousTours\",\"https:\\\/\\\/mastodon.social\\\/@landious\"],\"legalName\":\"Landious Travel\",\"telephone\":[],\"openingHoursSpecification\":[{\"@type\":\"OpeningHoursSpecification\",\"dayOfWeek\":[\"Monday\",\"Tuesday\",\"Wednesday\",\"Thursday\",\"Friday\",\"Saturday\",\"Sunday\"],\"opens\":\"09:00\",\"closes\":\"17:00\"}]},{\"@type\":\"ImageObject\",\"inLanguage\":\"it-IT\",\"@id\":\"https:\\\/\\\/landioustravel.com\\\/it\\\/shop\\\/escursione-sottomarino-hurghada\\\/#local-main-organization-logo\",\"url\":\"https:\\\/\\\/i0.wp.com\\\/landioustravel.com\\\/wp-content\\\/uploads\\\/2021\\\/06\\\/Landious-T.png?fit=500%2C500&ssl=1\",\"contentUrl\":\"https:\\\/\\\/i0.wp.com\\\/landioustravel.com\\\/wp-content\\\/uploads\\\/2021\\\/06\\\/Landious-T.png?fit=500%2C500&ssl=1\",\"width\":500,\"height\":500,\"caption\":\"Landious Travel\"}]}<\/script>\n<!-- \/ Yoast SEO Premium plugin. -->","yoast_head_json":{"title":"Escursione sul sottomarino a Hurghada","description":"Escursione sul sottomarino a Hurghada farai un picnic in mare attraverso il Mar Rosso, e una meravigliosa panoramica da questo sottomarino a 2 ponti","robots":{"index":"index","follow":"follow","max-snippet":"max-snippet:-1","max-image-preview":"max-image-preview:large","max-video-preview":"max-video-preview:-1"},"canonical":"https:\/\/landioustravel.com\/it\/shop\/escursione-sottomarino-hurghada\/","og_locale":"it_IT","og_type":"article","og_title":"Escursione sul sottomarino a Hurghada","og_description":"Landious Travel","og_url":"https:\/\/landioustravel.com\/it\/shop\/escursione-sottomarino-hurghada\/","og_site_name":"Landious Travel","article_publisher":"https:\/\/web.facebook.com\/landiousEgypt","article_modified_time":"2024-03-06T17:15:57+00:00","og_image":[{"width":720,"height":480,"url":"https:\/\/i0.wp.com\/landioustravel.com\/wp-content\/uploads\/2018\/11\/Submarine-Excursion-Hurghada.jpg?fit=720%2C480&ssl=1","type":"image\/jpeg"}],"twitter_card":"summary_large_image","twitter_site":"@LandiousTours","twitter_misc":{"Tempo di lettura stimato":"2 minuti"},"schema":{"@context":"https:\/\/schema.org","@graph":[{"@type":"WebPage","@id":"https:\/\/landioustravel.com\/it\/shop\/escursione-sottomarino-hurghada\/","url":"https:\/\/landioustravel.com\/it\/shop\/escursione-sottomarino-hurghada\/","name":"Escursione sul sottomarino a Hurghada","isPartOf":{"@id":"https:\/\/landioustravel.com\/it\/#website"},"primaryImageOfPage":{"@id":"https:\/\/landioustravel.com\/it\/shop\/escursione-sottomarino-hurghada\/#primaryimage"},"image":{"@id":"https:\/\/landioustravel.com\/it\/shop\/escursione-sottomarino-hurghada\/#primaryimage"},"thumbnailUrl":"https:\/\/i0.wp.com\/landioustravel.com\/wp-content\/uploads\/2018\/11\/Submarine-Excursion-Hurghada.jpg?fit=720%2C480&ssl=1","datePublished":"2018-11-17T19:49:32+00:00","dateModified":"2024-03-06T17:15:57+00:00","description":"Escursione sul sottomarino a Hurghada farai un picnic in mare attraverso il Mar Rosso, e una meravigliosa panoramica da questo sottomarino a 2 ponti","breadcrumb":{"@id":"https:\/\/landioustravel.com\/it\/shop\/escursione-sottomarino-hurghada\/#breadcrumb"},"inLanguage":"it-IT","potentialAction":[{"@type":"ReadAction","target":["https:\/\/landioustravel.com\/it\/shop\/escursione-sottomarino-hurghada\/"]}]},{"@type":"ImageObject","inLanguage":"it-IT","@id":"https:\/\/landioustravel.com\/it\/shop\/escursione-sottomarino-hurghada\/#primaryimage","url":"https:\/\/i0.wp.com\/landioustravel.com\/wp-content\/uploads\/2018\/11\/Submarine-Excursion-Hurghada.jpg?fit=720%2C480&ssl=1","contentUrl":"https:\/\/i0.wp.com\/landioustravel.com\/wp-content\/uploads\/2018\/11\/Submarine-Excursion-Hurghada.jpg?fit=720%2C480&ssl=1","width":720,"height":480,"caption":"Submarine Excursion Hurghada"},{"@type":"BreadcrumbList","@id":"https:\/\/landioustravel.com\/it\/shop\/escursione-sottomarino-hurghada\/#breadcrumb","itemListElement":[{"@type":"ListItem","position":1,"name":"Home","item":"https:\/\/landioustravel.com\/it\/"},{"@type":"ListItem","position":2,"name":"Tour in Egitto","item":"https:\/\/landioustravel.com\/it\/"},{"@type":"ListItem","position":3,"name":"Escursione sul sottomarino a Hurghada"}]},{"@type":"WebSite","@id":"https:\/\/landioustravel.com\/it\/#website","url":"https:\/\/landioustravel.com\/it\/","name":"Landious Travel","description":"Excursions, trips and cruises in Egypt","publisher":{"@id":"https:\/\/landioustravel.com\/it\/#organization"},"potentialAction":[{"@type":"SearchAction","target":{"@type":"EntryPoint","urlTemplate":"https:\/\/landioustravel.com\/it\/?s={search_term_string}"},"query-input":{"@type":"PropertyValueSpecification","valueRequired":true,"valueName":"search_term_string"}}],"inLanguage":"it-IT"},{"@type":["Organization","Place"],"@id":"https:\/\/landioustravel.com\/it\/#organization","name":"Landious Travel","alternateName":"Landious Travel","url":"https:\/\/landioustravel.com\/it\/","logo":{"@id":"https:\/\/landioustravel.com\/it\/shop\/escursione-sottomarino-hurghada\/#local-main-organization-logo"},"image":{"@id":"https:\/\/landioustravel.com\/it\/shop\/escursione-sottomarino-hurghada\/#local-main-organization-logo"},"sameAs":["https:\/\/web.facebook.com\/landiousEgypt","https:\/\/x.com\/LandiousTours","https:\/\/mastodon.social\/@landious"],"legalName":"Landious Travel","telephone":[],"openingHoursSpecification":[{"@type":"OpeningHoursSpecification","dayOfWeek":["Monday","Tuesday","Wednesday","Thursday","Friday","Saturday","Sunday"],"opens":"09:00","closes":"17:00"}]},{"@type":"ImageObject","inLanguage":"it-IT","@id":"https:\/\/landioustravel.com\/it\/shop\/escursione-sottomarino-hurghada\/#local-main-organization-logo","url":"https:\/\/i0.wp.com\/landioustravel.com\/wp-content\/uploads\/2021\/06\/Landious-T.png?fit=500%2C500&ssl=1","contentUrl":"https:\/\/i0.wp.com\/landioustravel.com\/wp-content\/uploads\/2021\/06\/Landious-T.png?fit=500%2C500&ssl=1","width":500,"height":500,"caption":"Landious Travel"}]}},"jetpack_publicize_connections":[],"uagb_featured_image_src":{"full":["https:\/\/i0.wp.com\/landioustravel.com\/wp-content\/uploads\/2018\/11\/Submarine-Excursion-Hurghada.jpg?fit=720%2C480&ssl=1",720,480,false],"thumbnail":["https:\/\/i0.wp.com\/landioustravel.com\/wp-content\/uploads\/2018\/11\/Submarine-Excursion-Hurghada.jpg?resize=150%2C150&ssl=1",150,150,true],"medium":["https:\/\/i0.wp.com\/landioustravel.com\/wp-content\/uploads\/2018\/11\/Submarine-Excursion-Hurghada.jpg?fit=300%2C200&ssl=1",300,200,true],"medium_large":["https:\/\/i0.wp.com\/landioustravel.com\/wp-content\/uploads\/2018\/11\/Submarine-Excursion-Hurghada.jpg?fit=720%2C480&ssl=1",720,480,true],"large":["https:\/\/i0.wp.com\/landioustravel.com\/wp-content\/uploads\/2018\/11\/Submarine-Excursion-Hurghada.jpg?fit=720%2C480&ssl=1",720,480,true],"1536x1536":["https:\/\/i0.wp.com\/landioustravel.com\/wp-content\/uploads\/2018\/11\/Submarine-Excursion-Hurghada.jpg?fit=720%2C480&ssl=1",720,480,true],"2048x2048":["https:\/\/i0.wp.com\/landioustravel.com\/wp-content\/uploads\/2018\/11\/Submarine-Excursion-Hurghada.jpg?fit=720%2C480&ssl=1",720,480,true],"newspack-article-block-landscape-large":["https:\/\/i0.wp.com\/landioustravel.com\/wp-content\/uploads\/2018\/11\/Submarine-Excursion-Hurghada.jpg?resize=720%2C480&ssl=1",720,480,true],"newspack-article-block-portrait-large":["https:\/\/i0.wp.com\/landioustravel.com\/wp-content\/uploads\/2018\/11\/Submarine-Excursion-Hurghada.jpg?resize=720%2C480&ssl=1",720,480,true],"newspack-article-block-square-large":["https:\/\/i0.wp.com\/landioustravel.com\/wp-content\/uploads\/2018\/11\/Submarine-Excursion-Hurghada.jpg?resize=720%2C480&ssl=1",720,480,true],"newspack-article-block-landscape-medium":["https:\/\/i0.wp.com\/landioustravel.com\/wp-content\/uploads\/2018\/11\/Submarine-Excursion-Hurghada.jpg?resize=720%2C480&ssl=1",720,480,true],"newspack-article-block-portrait-medium":["https:\/\/i0.wp.com\/landioustravel.com\/wp-content\/uploads\/2018\/11\/Submarine-Excursion-Hurghada.jpg?resize=600%2C480&ssl=1",600,480,true],"newspack-article-block-square-medium":["https:\/\/i0.wp.com\/landioustravel.com\/wp-content\/uploads\/2018\/11\/Submarine-Excursion-Hurghada.jpg?resize=720%2C480&ssl=1",720,480,true],"newspack-article-block-landscape-intermediate":["https:\/\/i0.wp.com\/landioustravel.com\/wp-content\/uploads\/2018\/11\/Submarine-Excursion-Hurghada.jpg?resize=600%2C450&ssl=1",600,450,true],"newspack-article-block-portrait-intermediate":["https:\/\/i0.wp.com\/landioustravel.com\/wp-content\/uploads\/2018\/11\/Submarine-Excursion-Hurghada.jpg?resize=450%2C480&ssl=1",450,480,true],"newspack-article-block-square-intermediate":["https:\/\/i0.wp.com\/landioustravel.com\/wp-content\/uploads\/2018\/11\/Submarine-Excursion-Hurghada.jpg?resize=600%2C480&ssl=1",600,480,true],"newspack-article-block-landscape-small":["https:\/\/i0.wp.com\/landioustravel.com\/wp-content\/uploads\/2018\/11\/Submarine-Excursion-Hurghada.jpg?resize=400%2C300&ssl=1",400,300,true],"newspack-article-block-portrait-small":["https:\/\/i0.wp.com\/landioustravel.com\/wp-content\/uploads\/2018\/11\/Submarine-Excursion-Hurghada.jpg?resize=300%2C400&ssl=1",300,400,true],"newspack-article-block-square-small":["https:\/\/i0.wp.com\/landioustravel.com\/wp-content\/uploads\/2018\/11\/Submarine-Excursion-Hurghada.jpg?resize=400%2C400&ssl=1",400,400,true],"newspack-article-block-landscape-tiny":["https:\/\/i0.wp.com\/landioustravel.com\/wp-content\/uploads\/2018\/11\/Submarine-Excursion-Hurghada.jpg?resize=200%2C150&ssl=1",200,150,true],"newspack-article-block-portrait-tiny":["https:\/\/i0.wp.com\/landioustravel.com\/wp-content\/uploads\/2018\/11\/Submarine-Excursion-Hurghada.jpg?resize=150%2C200&ssl=1",150,200,true],"newspack-article-block-square-tiny":["https:\/\/i0.wp.com\/landioustravel.com\/wp-content\/uploads\/2018\/11\/Submarine-Excursion-Hurghada.jpg?resize=200%2C200&ssl=1",200,200,true],"newspack-article-block-uncropped":["https:\/\/i0.wp.com\/landioustravel.com\/wp-content\/uploads\/2018\/11\/Submarine-Excursion-Hurghada.jpg?fit=720%2C480&ssl=1",720,480,true],"woocommerce_thumbnail":["https:\/\/i0.wp.com\/landioustravel.com\/wp-content\/uploads\/2018\/11\/Submarine-Excursion-Hurghada.jpg?resize=324%2C324&ssl=1",324,324,true],"woocommerce_single":["https:\/\/i0.wp.com\/landioustravel.com\/wp-content\/uploads\/2018\/11\/Submarine-Excursion-Hurghada.jpg?fit=416%2C277&ssl=1",416,277,true],"woocommerce_gallery_thumbnail":["https:\/\/i0.wp.com\/landioustravel.com\/wp-content\/uploads\/2018\/11\/Submarine-Excursion-Hurghada.jpg?resize=100%2C100&ssl=1",100,100,true]},"uagb_author_info":{"display_name":"Mofreh Landious","author_link":"https:\/\/landioustravel.com\/it\/author\/"},"uagb_comment_info":3,"uagb_excerpt":"Preparati per un'incredibile avventura sul sottomarino Sindbad a Hurghada! Attraverserai lo scintillante Mar Rosso e rimarrai stupito dalle meravigliose barriere coralline e dai vivaci pesci a una profondit\u00e0 di 25 metri. Rimarrai asciutto e comodo per tutto il tempo! E la parte migliore? Mentre scendi sotto la superficie del Mar Rosso, ti verr\u00e0 offerta un'esperienza&hellip;","jetpack_sharing_enabled":true,"jetpack_likes_enabled":true,"amp_enabled":true,"_links":{"self":[{"href":"https:\/\/landioustravel.com\/it\/wp-json\/wp\/v2\/product\/1524","targetHints":{"allow":["GET"]}}],"collection":[{"href":"https:\/\/landioustravel.com\/it\/wp-json\/wp\/v2\/product"}],"about":[{"href":"https:\/\/landioustravel.com\/it\/wp-json\/wp\/v2\/types\/product"}],"replies":[{"embeddable":true,"href":"https:\/\/landioustravel.com\/it\/wp-json\/wp\/v2\/comments?post=1524"}],"wp:featuredmedia":[{"embeddable":true,"href":"https:\/\/landioustravel.com\/it\/wp-json\/wp\/v2\/media\/119506"}],"wp:attachment":[{"href":"https:\/\/landioustravel.com\/it\/wp-json\/wp\/v2\/media?parent=1524"}],"wp:term":[{"taxonomy":"product_brand","embeddable":true,"href":"https:\/\/landioustravel.com\/it\/wp-json\/wp\/v2\/product_brand?post=1524"},{"taxonomy":"product_cat","embeddable":true,"href":"https:\/\/landioustravel.com\/it\/wp-json\/wp\/v2\/product_cat?post=1524"},{"taxonomy":"product_tag","embeddable":true,"href":"https:\/\/landioustravel.com\/it\/wp-json\/wp\/v2\/product_tag?post=1524"}],"curies":[{"name":"wp","href":"https:\/\/api.w.org\/{rel}","templated":true}]}}