{"id":1528,"date":"2023-03-28T02:32:27","date_gmt":"2018-11-16T08:32:27","guid":{"rendered":"https:\/\/landioustravel.com\/product\/escursione-el-gouna-hurghada\/"},"modified":"2025-11-03T19:13:40","modified_gmt":"2025-11-03T17:13:40","slug":"escursione-el-gouna-hurghada","status":"publish","type":"product","link":"https:\/\/landioustravel.com\/it\/shop\/escursione-el-gouna-hurghada\/","title":{"rendered":"Escursione a El-Gouna da Hurghada"},"content":{"rendered":"<p>Una gita in mare preferita alla Venezia egiziana a <a href=\"https:\/\/landioustravel.com\/it\/egitto\/citta-egiziane\/governatorato-bahr-ahmar\/citta-hurghada\/\">Hurghada<\/a>! Raccomandiamo il viaggio perch\u00e9 permette ai turisti di divertirsi nuotando nel mare. Inoltre, permette di vedere i bellissimi coralli e una variet\u00e0 di pesci e di godersi un picnic in barca sul Mar Rosso. Il viaggio ti offre l&#8217;opportunit\u00e0 di localizzarti nella Venezia egiziana _ El Gouna!<\/p>\n<h2>I punti principali del programma di escursioni a El Gouna<\/h2>\n<ul>\n<li>Nuotare in mare aperto<\/li>\n<li>Snorkeling<\/li>\n<li>Pranzo<\/li>\n<li>Pesca<\/li>\n<li>Giro turistico in battello intorno a El Gouna<\/li>\n<li>Passeggiata a El-Gouna<\/li>\n<\/ul>\n<h3>Il programma dell&#8217;escursione a El Gouna da Hurghada<\/h3>\n<ul>\n<li>Vi verremo a prendere all&#8217;hotel alle 08:00 circa<\/li>\n<li>Dopo aver preso tutti gli arrivi, l&#8217;autobus va al porto. La strada per il porto dura circa 30 minuti<\/li>\n<li>Troverai il tuo yacht nel porto. \u00c8 grande e chic! Questo yacht \u00e8 composto da due piani. Non appena entri nello yacht, \u00e8 necessario togliersi le scarpe e salire al secondo piano per abbronzarsi sul ponte superiore<\/li>\n<li>Lo yacht si muove attraverso il Mar Rosso, non appena il gruppo si riunisce. Inoltre, in una splendida macchia marina, farai la tua prima tappa in mare aperto. L\u00ec, puoi nuotare e fare snorkeling con maschere e pinne<\/li>\n<li>Quindi, prendi una barca a motore per dare un&#8217;occhiata pi\u00f9 da vicino a El Gouna. La barca attraversa i canali della Venezia egiziana per farti vedere il posto dall&#8217;interno, e la guida mostrer\u00e0 e fornir\u00e0 informazioni su questo luogo<\/li>\n<li>Dopo un tale tour, atterri su El-Gouna stessa per iniziare un tour a piedi nel luogo. Ancora una volta, la guida ti accompagna e mostra le attrazioni di El Gouna<\/li>\n<li>Dopodich\u00e9 ti riportiamo allo yacht. Al primo piano della tua barca, il gruppo si riunisce per il pranzo. Durante l&#8217;ora di pranzo, il buffet sar\u00e0 aperto<\/li>\n<li>Successivamente, ti fermerai in un altro punto del mare per catturare un pesce<\/li>\n<li>Questo programma di escursioni a El Gouna termina alle 16:30 circa<\/li>\n<\/ul>\n<h3>Cosa \u00e8 incluso nel prezzo del viaggio<\/h3>\n<ul>\n<li>Maschere e pinne<\/li>\n<li>Cibo e bevande<\/li>\n<li>Trasferimento al porto e ritorno in hotel<\/li>\n<\/ul>\n<h4>Cosa non \u00e8 incluso nel prezzo del tour<\/h4>\n<ul>\n<li>DVD video<\/li>\n<li>CD fotografico<\/li>\n<\/ul>\n<h5>COSA PORTARE CON TE PER IL TOUR<\/h5>\n<ul>\n<li>Asciugamano<\/li>\n<li>Protezione solare<\/li>\n<\/ul>\n<h6>GIORNI DI ORGANIZZAZIONE DI ESCURSIONE<\/h6>\n<ul>\n<li>Tutti i giorni dalle 08:00 alle 17:00<\/li>\n<\/ul>\n","protected":false},"excerpt":{"rendered":"<p>L&#8217;escursione alla Venezia egiziana da Hurghada attira molti turisti. Il programma di viaggio \u00e8 considerato ricco con vari punti di intrattenimento. I turisti si godono un picnic in riva al mare lungo la costa del Mar Rosso diretti alla localit\u00e0 turistica di El Gouna. A volte, c&#8217;\u00e8 la possibilit\u00e0 di incontrare questi delfini preferiti durante il picnic in mare. Questo fa piacere a tutti sullo yacht! Inoltre, lo yacht si ferma in mare aperto; cos\u00ec, che i nostri turisti possono fare snorkeling con maschere e pinne e andare a pescare. Non appena arrivi a El Gouna, inizia un tour in motoscafo attraverso i canali di questo resort. \u00c8 felice di vedere il posto!<\/p>\n","protected":false},"featured_media":25222,"comment_status":"open","ping_status":"closed","template":"","meta":{"_coblocks_attr":"","_coblocks_dimensions":"","_coblocks_responsive_height":"","_coblocks_accordion_ie_support":"","_uag_custom_page_level_css":"","jetpack_post_was_ever_published":false,"jetpack_publicize_message":"","jetpack_publicize_feature_enabled":true,"jetpack_social_post_already_shared":false,"jetpack_social_options":{"image_generator_settings":{"template":"highway","default_image_id":0,"font":"","enabled":false},"version":2},"_wpas_customize_per_network":false},"product_brand":[],"product_cat":[1632,22528,22508,1638,22521,22515],"product_tag":[1684,1644,2145,1661,22564,1663,1682],"class_list":{"0":"post-1528","1":"product","2":"type-product","3":"status-publish","4":"has-post-thumbnail","6":"product_cat-escursioni-hurghada","7":"product_cat-escursioni-snorkeling-hurghada","8":"product_cat-escursioni-economiche-hurghada","9":"product_cat-escursioni-mare-hurghada","10":"product_cat-escursioni-famiglie-hurghada","11":"product_cat-hurghada-escursioni-casa-delfini","12":"product_tag-el-gouna-it","13":"product_tag-escursione","14":"product_tag-escursioni-da-hurghada","15":"product_tag-hurghada-it","16":"product_tag-mare","17":"product_tag-snorkeling-it","18":"product_tag-viaggi-marittimi","20":"first","21":"instock","22":"sale","23":"virtual","24":"purchasable","25":"product-type-simple"},"yoast_head":"<!-- This site is optimized with the Yoast SEO Premium plugin v26.9 (Yoast SEO v27.3) - https:\/\/yoast.com\/product\/yoast-seo-premium-wordpress\/ -->\n<title>Escursione a El-Gouna da Hurghada<\/title>\n<meta name=\"description\" content=\"Escursione a El-Gouna da Hurghada include un picnic in riva al Mar Rosso sulla strada per la localit\u00e0 turistica di El Gouna, nuotando con maschere e pinne\" \/>\n<meta name=\"robots\" content=\"index, follow, max-snippet:-1, max-image-preview:large, max-video-preview:-1\" \/>\n<link rel=\"canonical\" href=\"https:\/\/landioustravel.com\/it\/shop\/escursione-el-gouna-hurghada\/\" \/>\n<meta property=\"og:locale\" content=\"it_IT\" \/>\n<meta property=\"og:type\" content=\"article\" \/>\n<meta property=\"og:title\" content=\"Escursione a El-Gouna da Hurghada\" \/>\n<meta property=\"og:description\" content=\"Landious Travel\" \/>\n<meta property=\"og:url\" content=\"https:\/\/landioustravel.com\/it\/shop\/escursione-el-gouna-hurghada\/\" \/>\n<meta property=\"og:site_name\" content=\"Landious Travel\" \/>\n<meta property=\"article:publisher\" content=\"https:\/\/web.facebook.com\/landiousEgypt\" \/>\n<meta property=\"article:modified_time\" content=\"2025-11-03T17:13:40+00:00\" \/>\n<meta property=\"og:image\" content=\"https:\/\/landioustravel.com\/wp-content\/uploads\/2020\/10\/trip_el-gouna_hurghada-e1617148583454.jpg\" \/>\n\t<meta property=\"og:image:width\" content=\"1200\" \/>\n\t<meta property=\"og:image:height\" content=\"675\" \/>\n\t<meta property=\"og:image:type\" content=\"image\/jpeg\" \/>\n<meta name=\"twitter:card\" content=\"summary_large_image\" \/>\n<meta name=\"twitter:site\" content=\"@LandiousTours\" \/>\n<meta name=\"twitter:label1\" content=\"Tempo di lettura stimato\" \/>\n\t<meta name=\"twitter:data1\" content=\"2 minuti\" \/>\n<script type=\"application\/ld+json\" class=\"yoast-schema-graph\">{\"@context\":\"https:\\\/\\\/schema.org\",\"@graph\":[{\"@type\":\"WebPage\",\"@id\":\"https:\\\/\\\/landioustravel.com\\\/it\\\/shop\\\/escursione-el-gouna-hurghada\\\/\",\"url\":\"https:\\\/\\\/landioustravel.com\\\/it\\\/shop\\\/escursione-el-gouna-hurghada\\\/\",\"name\":\"Escursione a El-Gouna da Hurghada\",\"isPartOf\":{\"@id\":\"https:\\\/\\\/landioustravel.com\\\/it\\\/#website\"},\"primaryImageOfPage\":{\"@id\":\"https:\\\/\\\/landioustravel.com\\\/it\\\/shop\\\/escursione-el-gouna-hurghada\\\/#primaryimage\"},\"image\":{\"@id\":\"https:\\\/\\\/landioustravel.com\\\/it\\\/shop\\\/escursione-el-gouna-hurghada\\\/#primaryimage\"},\"thumbnailUrl\":\"https:\\\/\\\/i0.wp.com\\\/landioustravel.com\\\/wp-content\\\/uploads\\\/2020\\\/10\\\/trip_el-gouna_hurghada-e1617148583454.jpg?fit=1200%2C675&ssl=1\",\"datePublished\":\"2018-11-16T08:32:27+00:00\",\"dateModified\":\"2025-11-03T17:13:40+00:00\",\"description\":\"Escursione a El-Gouna da Hurghada include un picnic in riva al Mar Rosso sulla strada per la localit\u00e0 turistica di El Gouna, nuotando con maschere e pinne\",\"breadcrumb\":{\"@id\":\"https:\\\/\\\/landioustravel.com\\\/it\\\/shop\\\/escursione-el-gouna-hurghada\\\/#breadcrumb\"},\"inLanguage\":\"it-IT\",\"potentialAction\":[{\"@type\":\"ReadAction\",\"target\":[\"https:\\\/\\\/landioustravel.com\\\/it\\\/shop\\\/escursione-el-gouna-hurghada\\\/\"]}]},{\"@type\":\"ImageObject\",\"inLanguage\":\"it-IT\",\"@id\":\"https:\\\/\\\/landioustravel.com\\\/it\\\/shop\\\/escursione-el-gouna-hurghada\\\/#primaryimage\",\"url\":\"https:\\\/\\\/i0.wp.com\\\/landioustravel.com\\\/wp-content\\\/uploads\\\/2020\\\/10\\\/trip_el-gouna_hurghada-e1617148583454.jpg?fit=1200%2C675&ssl=1\",\"contentUrl\":\"https:\\\/\\\/i0.wp.com\\\/landioustravel.com\\\/wp-content\\\/uploads\\\/2020\\\/10\\\/trip_el-gouna_hurghada-e1617148583454.jpg?fit=1200%2C675&ssl=1\",\"width\":1200,\"height\":675,\"caption\":\"El Gouna Excursion Hurghada\"},{\"@type\":\"BreadcrumbList\",\"@id\":\"https:\\\/\\\/landioustravel.com\\\/it\\\/shop\\\/escursione-el-gouna-hurghada\\\/#breadcrumb\",\"itemListElement\":[{\"@type\":\"ListItem\",\"position\":1,\"name\":\"Home\",\"item\":\"https:\\\/\\\/landioustravel.com\\\/it\\\/\"},{\"@type\":\"ListItem\",\"position\":2,\"name\":\"Tour in Egitto\",\"item\":\"https:\\\/\\\/landioustravel.com\\\/it\\\/\"},{\"@type\":\"ListItem\",\"position\":3,\"name\":\"Escursione a El-Gouna da Hurghada\"}]},{\"@type\":\"WebSite\",\"@id\":\"https:\\\/\\\/landioustravel.com\\\/it\\\/#website\",\"url\":\"https:\\\/\\\/landioustravel.com\\\/it\\\/\",\"name\":\"Landious Travel\",\"description\":\"Excursions, trips and cruises in Egypt\",\"publisher\":{\"@id\":\"https:\\\/\\\/landioustravel.com\\\/it\\\/#organization\"},\"potentialAction\":[{\"@type\":\"SearchAction\",\"target\":{\"@type\":\"EntryPoint\",\"urlTemplate\":\"https:\\\/\\\/landioustravel.com\\\/it\\\/?s={search_term_string}\"},\"query-input\":{\"@type\":\"PropertyValueSpecification\",\"valueRequired\":true,\"valueName\":\"search_term_string\"}}],\"inLanguage\":\"it-IT\"},{\"@type\":[\"Organization\",\"Place\"],\"@id\":\"https:\\\/\\\/landioustravel.com\\\/it\\\/#organization\",\"name\":\"Landious Travel\",\"alternateName\":\"Landious Travel\",\"url\":\"https:\\\/\\\/landioustravel.com\\\/it\\\/\",\"logo\":{\"@id\":\"https:\\\/\\\/landioustravel.com\\\/it\\\/shop\\\/escursione-el-gouna-hurghada\\\/#local-main-organization-logo\"},\"image\":{\"@id\":\"https:\\\/\\\/landioustravel.com\\\/it\\\/shop\\\/escursione-el-gouna-hurghada\\\/#local-main-organization-logo\"},\"sameAs\":[\"https:\\\/\\\/web.facebook.com\\\/landiousEgypt\",\"https:\\\/\\\/x.com\\\/LandiousTours\",\"https:\\\/\\\/mastodon.social\\\/@landious\"],\"legalName\":\"Landious Travel\",\"telephone\":[],\"openingHoursSpecification\":[{\"@type\":\"OpeningHoursSpecification\",\"dayOfWeek\":[\"Monday\",\"Tuesday\",\"Wednesday\",\"Thursday\",\"Friday\",\"Saturday\",\"Sunday\"],\"opens\":\"09:00\",\"closes\":\"17:00\"}]},{\"@type\":\"ImageObject\",\"inLanguage\":\"it-IT\",\"@id\":\"https:\\\/\\\/landioustravel.com\\\/it\\\/shop\\\/escursione-el-gouna-hurghada\\\/#local-main-organization-logo\",\"url\":\"https:\\\/\\\/i0.wp.com\\\/landioustravel.com\\\/wp-content\\\/uploads\\\/2021\\\/06\\\/Landious-T.png?fit=500%2C500&ssl=1\",\"contentUrl\":\"https:\\\/\\\/i0.wp.com\\\/landioustravel.com\\\/wp-content\\\/uploads\\\/2021\\\/06\\\/Landious-T.png?fit=500%2C500&ssl=1\",\"width\":500,\"height\":500,\"caption\":\"Landious Travel\"}]}<\/script>\n<!-- \/ Yoast SEO Premium plugin. -->","yoast_head_json":{"title":"Escursione a El-Gouna da Hurghada","description":"Escursione a El-Gouna da Hurghada include un picnic in riva al Mar Rosso sulla strada per la localit\u00e0 turistica di El Gouna, nuotando con maschere e pinne","robots":{"index":"index","follow":"follow","max-snippet":"max-snippet:-1","max-image-preview":"max-image-preview:large","max-video-preview":"max-video-preview:-1"},"canonical":"https:\/\/landioustravel.com\/it\/shop\/escursione-el-gouna-hurghada\/","og_locale":"it_IT","og_type":"article","og_title":"Escursione a El-Gouna da Hurghada","og_description":"Landious Travel","og_url":"https:\/\/landioustravel.com\/it\/shop\/escursione-el-gouna-hurghada\/","og_site_name":"Landious Travel","article_publisher":"https:\/\/web.facebook.com\/landiousEgypt","article_modified_time":"2025-11-03T17:13:40+00:00","og_image":[{"width":1200,"height":675,"url":"https:\/\/landioustravel.com\/wp-content\/uploads\/2020\/10\/trip_el-gouna_hurghada-e1617148583454.jpg","type":"image\/jpeg"}],"twitter_card":"summary_large_image","twitter_site":"@LandiousTours","twitter_misc":{"Tempo di lettura stimato":"2 minuti"},"schema":{"@context":"https:\/\/schema.org","@graph":[{"@type":"WebPage","@id":"https:\/\/landioustravel.com\/it\/shop\/escursione-el-gouna-hurghada\/","url":"https:\/\/landioustravel.com\/it\/shop\/escursione-el-gouna-hurghada\/","name":"Escursione a El-Gouna da Hurghada","isPartOf":{"@id":"https:\/\/landioustravel.com\/it\/#website"},"primaryImageOfPage":{"@id":"https:\/\/landioustravel.com\/it\/shop\/escursione-el-gouna-hurghada\/#primaryimage"},"image":{"@id":"https:\/\/landioustravel.com\/it\/shop\/escursione-el-gouna-hurghada\/#primaryimage"},"thumbnailUrl":"https:\/\/i0.wp.com\/landioustravel.com\/wp-content\/uploads\/2020\/10\/trip_el-gouna_hurghada-e1617148583454.jpg?fit=1200%2C675&ssl=1","datePublished":"2018-11-16T08:32:27+00:00","dateModified":"2025-11-03T17:13:40+00:00","description":"Escursione a El-Gouna da Hurghada include un picnic in riva al Mar Rosso sulla strada per la localit\u00e0 turistica di El Gouna, nuotando con maschere e pinne","breadcrumb":{"@id":"https:\/\/landioustravel.com\/it\/shop\/escursione-el-gouna-hurghada\/#breadcrumb"},"inLanguage":"it-IT","potentialAction":[{"@type":"ReadAction","target":["https:\/\/landioustravel.com\/it\/shop\/escursione-el-gouna-hurghada\/"]}]},{"@type":"ImageObject","inLanguage":"it-IT","@id":"https:\/\/landioustravel.com\/it\/shop\/escursione-el-gouna-hurghada\/#primaryimage","url":"https:\/\/i0.wp.com\/landioustravel.com\/wp-content\/uploads\/2020\/10\/trip_el-gouna_hurghada-e1617148583454.jpg?fit=1200%2C675&ssl=1","contentUrl":"https:\/\/i0.wp.com\/landioustravel.com\/wp-content\/uploads\/2020\/10\/trip_el-gouna_hurghada-e1617148583454.jpg?fit=1200%2C675&ssl=1","width":1200,"height":675,"caption":"El Gouna Excursion Hurghada"},{"@type":"BreadcrumbList","@id":"https:\/\/landioustravel.com\/it\/shop\/escursione-el-gouna-hurghada\/#breadcrumb","itemListElement":[{"@type":"ListItem","position":1,"name":"Home","item":"https:\/\/landioustravel.com\/it\/"},{"@type":"ListItem","position":2,"name":"Tour in Egitto","item":"https:\/\/landioustravel.com\/it\/"},{"@type":"ListItem","position":3,"name":"Escursione a El-Gouna da Hurghada"}]},{"@type":"WebSite","@id":"https:\/\/landioustravel.com\/it\/#website","url":"https:\/\/landioustravel.com\/it\/","name":"Landious Travel","description":"Excursions, trips and cruises in Egypt","publisher":{"@id":"https:\/\/landioustravel.com\/it\/#organization"},"potentialAction":[{"@type":"SearchAction","target":{"@type":"EntryPoint","urlTemplate":"https:\/\/landioustravel.com\/it\/?s={search_term_string}"},"query-input":{"@type":"PropertyValueSpecification","valueRequired":true,"valueName":"search_term_string"}}],"inLanguage":"it-IT"},{"@type":["Organization","Place"],"@id":"https:\/\/landioustravel.com\/it\/#organization","name":"Landious Travel","alternateName":"Landious Travel","url":"https:\/\/landioustravel.com\/it\/","logo":{"@id":"https:\/\/landioustravel.com\/it\/shop\/escursione-el-gouna-hurghada\/#local-main-organization-logo"},"image":{"@id":"https:\/\/landioustravel.com\/it\/shop\/escursione-el-gouna-hurghada\/#local-main-organization-logo"},"sameAs":["https:\/\/web.facebook.com\/landiousEgypt","https:\/\/x.com\/LandiousTours","https:\/\/mastodon.social\/@landious"],"legalName":"Landious Travel","telephone":[],"openingHoursSpecification":[{"@type":"OpeningHoursSpecification","dayOfWeek":["Monday","Tuesday","Wednesday","Thursday","Friday","Saturday","Sunday"],"opens":"09:00","closes":"17:00"}]},{"@type":"ImageObject","inLanguage":"it-IT","@id":"https:\/\/landioustravel.com\/it\/shop\/escursione-el-gouna-hurghada\/#local-main-organization-logo","url":"https:\/\/i0.wp.com\/landioustravel.com\/wp-content\/uploads\/2021\/06\/Landious-T.png?fit=500%2C500&ssl=1","contentUrl":"https:\/\/i0.wp.com\/landioustravel.com\/wp-content\/uploads\/2021\/06\/Landious-T.png?fit=500%2C500&ssl=1","width":500,"height":500,"caption":"Landious Travel"}]}},"jetpack_publicize_connections":[],"uagb_featured_image_src":{"full":["https:\/\/i0.wp.com\/landioustravel.com\/wp-content\/uploads\/2020\/10\/trip_el-gouna_hurghada-e1617148583454.jpg?fit=1200%2C675&ssl=1",1200,675,false],"thumbnail":["https:\/\/i0.wp.com\/landioustravel.com\/wp-content\/uploads\/2020\/10\/trip_el-gouna_hurghada-e1617148583454.jpg?resize=150%2C150&ssl=1",150,150,true],"medium":["https:\/\/i0.wp.com\/landioustravel.com\/wp-content\/uploads\/2020\/10\/trip_el-gouna_hurghada-e1617148583454.jpg?fit=300%2C200&ssl=1",300,200,true],"medium_large":["https:\/\/i0.wp.com\/landioustravel.com\/wp-content\/uploads\/2020\/10\/trip_el-gouna_hurghada-e1617148583454.jpg?fit=768%2C512&ssl=1",768,512,true],"large":["https:\/\/i0.wp.com\/landioustravel.com\/wp-content\/uploads\/2020\/10\/trip_el-gouna_hurghada-e1617148583454.jpg?fit=980%2C654&ssl=1",980,654,true],"1536x1536":["https:\/\/i0.wp.com\/landioustravel.com\/wp-content\/uploads\/2020\/10\/trip_el-gouna_hurghada-e1617148583454.jpg?fit=1200%2C675&ssl=1",1200,675,true],"2048x2048":["https:\/\/i0.wp.com\/landioustravel.com\/wp-content\/uploads\/2020\/10\/trip_el-gouna_hurghada-e1617148583454.jpg?fit=1200%2C675&ssl=1",1200,675,true],"newspack-article-block-landscape-large":["https:\/\/i0.wp.com\/landioustravel.com\/wp-content\/uploads\/2020\/10\/trip_el-gouna_hurghada-e1617148583454.jpg?resize=1200%2C675&ssl=1",1200,853,true],"newspack-article-block-portrait-large":["https:\/\/i0.wp.com\/landioustravel.com\/wp-content\/uploads\/2020\/10\/trip_el-gouna_hurghada-e1617148583454.jpg?resize=900%2C675&ssl=1",900,800,true],"newspack-article-block-square-large":["https:\/\/i0.wp.com\/landioustravel.com\/wp-content\/uploads\/2020\/10\/trip_el-gouna_hurghada-e1617148583454.jpg?resize=1200%2C675&ssl=1",1200,853,true],"newspack-article-block-landscape-medium":["https:\/\/i0.wp.com\/landioustravel.com\/wp-content\/uploads\/2020\/10\/trip_el-gouna_hurghada-e1617148583454.jpg?resize=800%2C600&ssl=1",800,600,true],"newspack-article-block-portrait-medium":["https:\/\/i0.wp.com\/landioustravel.com\/wp-content\/uploads\/2020\/10\/trip_el-gouna_hurghada-e1617148583454.jpg?resize=600%2C675&ssl=1",600,800,true],"newspack-article-block-square-medium":["https:\/\/i0.wp.com\/landioustravel.com\/wp-content\/uploads\/2020\/10\/trip_el-gouna_hurghada-e1617148583454.jpg?resize=800%2C675&ssl=1",800,800,true],"newspack-article-block-landscape-intermediate":["https:\/\/i0.wp.com\/landioustravel.com\/wp-content\/uploads\/2020\/10\/trip_el-gouna_hurghada-e1617148583454.jpg?resize=600%2C450&ssl=1",600,450,true],"newspack-article-block-portrait-intermediate":["https:\/\/i0.wp.com\/landioustravel.com\/wp-content\/uploads\/2020\/10\/trip_el-gouna_hurghada-e1617148583454.jpg?resize=450%2C600&ssl=1",450,600,true],"newspack-article-block-square-intermediate":["https:\/\/i0.wp.com\/landioustravel.com\/wp-content\/uploads\/2020\/10\/trip_el-gouna_hurghada-e1617148583454.jpg?resize=600%2C600&ssl=1",600,600,true],"newspack-article-block-landscape-small":["https:\/\/i0.wp.com\/landioustravel.com\/wp-content\/uploads\/2020\/10\/trip_el-gouna_hurghada-e1617148583454.jpg?resize=400%2C300&ssl=1",400,300,true],"newspack-article-block-portrait-small":["https:\/\/i0.wp.com\/landioustravel.com\/wp-content\/uploads\/2020\/10\/trip_el-gouna_hurghada-e1617148583454.jpg?resize=300%2C400&ssl=1",300,400,true],"newspack-article-block-square-small":["https:\/\/i0.wp.com\/landioustravel.com\/wp-content\/uploads\/2020\/10\/trip_el-gouna_hurghada-e1617148583454.jpg?resize=400%2C400&ssl=1",400,400,true],"newspack-article-block-landscape-tiny":["https:\/\/i0.wp.com\/landioustravel.com\/wp-content\/uploads\/2020\/10\/trip_el-gouna_hurghada-e1617148583454.jpg?resize=200%2C150&ssl=1",200,150,true],"newspack-article-block-portrait-tiny":["https:\/\/i0.wp.com\/landioustravel.com\/wp-content\/uploads\/2020\/10\/trip_el-gouna_hurghada-e1617148583454.jpg?resize=150%2C200&ssl=1",150,200,true],"newspack-article-block-square-tiny":["https:\/\/i0.wp.com\/landioustravel.com\/wp-content\/uploads\/2020\/10\/trip_el-gouna_hurghada-e1617148583454.jpg?resize=200%2C200&ssl=1",200,200,true],"newspack-article-block-uncropped":["https:\/\/i0.wp.com\/landioustravel.com\/wp-content\/uploads\/2020\/10\/trip_el-gouna_hurghada-e1617148583454.jpg?fit=1200%2C800&ssl=1",1200,800,true],"woocommerce_thumbnail":["https:\/\/i0.wp.com\/landioustravel.com\/wp-content\/uploads\/2020\/10\/trip_el-gouna_hurghada-e1617148583454.jpg?resize=324%2C324&ssl=1",324,324,true],"woocommerce_single":["https:\/\/i0.wp.com\/landioustravel.com\/wp-content\/uploads\/2020\/10\/trip_el-gouna_hurghada-e1617148583454.jpg?fit=416%2C234&ssl=1",416,234,true],"woocommerce_gallery_thumbnail":["https:\/\/i0.wp.com\/landioustravel.com\/wp-content\/uploads\/2020\/10\/trip_el-gouna_hurghada-e1617148583454.jpg?resize=100%2C100&ssl=1",100,100,true]},"uagb_author_info":{"display_name":"Mofreh Landious","author_link":"https:\/\/landioustravel.com\/it\/author\/"},"uagb_comment_info":3,"uagb_excerpt":"L'escursione alla Venezia egiziana da Hurghada attira molti turisti. Il programma di viaggio \u00e8 considerato ricco con vari punti di intrattenimento. I turisti si godono un picnic in riva al mare lungo la costa del Mar Rosso diretti alla localit\u00e0 turistica di El Gouna. A volte, c'\u00e8 la possibilit\u00e0 di incontrare questi delfini preferiti durante&hellip;","jetpack_sharing_enabled":true,"jetpack_likes_enabled":true,"amp_enabled":true,"_links":{"self":[{"href":"https:\/\/landioustravel.com\/it\/wp-json\/wp\/v2\/product\/1528","targetHints":{"allow":["GET"]}}],"collection":[{"href":"https:\/\/landioustravel.com\/it\/wp-json\/wp\/v2\/product"}],"about":[{"href":"https:\/\/landioustravel.com\/it\/wp-json\/wp\/v2\/types\/product"}],"replies":[{"embeddable":true,"href":"https:\/\/landioustravel.com\/it\/wp-json\/wp\/v2\/comments?post=1528"}],"wp:featuredmedia":[{"embeddable":true,"href":"https:\/\/landioustravel.com\/it\/wp-json\/wp\/v2\/media\/25222"}],"wp:attachment":[{"href":"https:\/\/landioustravel.com\/it\/wp-json\/wp\/v2\/media?parent=1528"}],"wp:term":[{"taxonomy":"product_brand","embeddable":true,"href":"https:\/\/landioustravel.com\/it\/wp-json\/wp\/v2\/product_brand?post=1528"},{"taxonomy":"product_cat","embeddable":true,"href":"https:\/\/landioustravel.com\/it\/wp-json\/wp\/v2\/product_cat?post=1528"},{"taxonomy":"product_tag","embeddable":true,"href":"https:\/\/landioustravel.com\/it\/wp-json\/wp\/v2\/product_tag?post=1528"}],"curies":[{"name":"wp","href":"https:\/\/api.w.org\/{rel}","templated":true}]}}