{"id":1534,"date":"2018-11-13T08:22:45","date_gmt":"2018-11-13T06:22:45","guid":{"rendered":"https:\/\/landioustravel.com\/product\/escursione-isola-giftun-hurghada\/"},"modified":"2025-10-01T20:20:48","modified_gmt":"2025-10-01T17:20:48","slug":"escursione-isola-giftun-hurghada","status":"publish","type":"product","link":"https:\/\/landioustravel.com\/it\/shop\/escursione-isola-giftun-hurghada\/","title":{"rendered":"Escursione all&#8217;Isola Giftun a Hurghada"},"content":{"rendered":"<p>Una gita in barca meravigliosa all&#8217;Isola Giftun a Hurghada! Raccomandiamo il viaggio perch\u00e9 permette ai turisti di divertirsi al mare! Il viaggio ti d\u00e0 l&#8217;opportunit\u00e0 di vedere bellissimi coralli e una variet\u00e0 di pesci. Puoi, comunque, goderti il \u200b\u200bpicnic sul mare lungo la costa del Mar Rosso e atterrare sull&#8217;isola Giftun. L&#8217;isola si trova vicino a Read sea coast in Hurghada.<\/p>\n<h2>I punti principali del programma di escursioni all&#8217;isola di Giftun<\/h2>\n<ul>\n<li>Nuotando due volte in mare aperto dallo yacht<\/li>\n<li>Snorkeling con maschere e pinne in mare aperto<\/li>\n<li>Cibo<\/li>\n<li>Atterraggio sull&#8217;isola Giftun<\/li>\n<\/ul>\n<h3>Il programma di escursioni all&#8217;isola Giftun a Hurghada<\/h3>\n<ul>\n<li>A prendervi dall&#8217;hotel alle 08:00 circa<\/li>\n<li>Dopo aver preso tutti gli arrivi, l&#8217;autobus va al porto. La strada per il porto dura 30 minuti<\/li>\n<li>Troverai il tuo yacht nel porto. \u00c8 grande e chic! Questo yacht \u00e8 composto da due piani. Appena saliti sullo yacht, \u00e8 necessario togliersi le scarpe e salire al secondo piano abbronzandosi sul ponte superiore<\/li>\n<li>Lo yacht si muove attraverso il Mar Rosso, non appena il gruppo si riunisce. E su una bellissima macchia marina, farai una sosta in mare aperto. L\u00ec, puoi nuotare e fare snorkeling con maschere e pinne<\/li>\n<li>Successivamente, ti portiamo all&#8217;isola Giftun su una barca a motore<\/li>\n<li>Dall&#8217;isola stessa, sar\u00e0 possibile andare in mare, o semplicemente, per sguazzare sulla soffice sabbia della spiaggia<\/li>\n<li>Dopo questa incredibile sosta, si ritorna allo yacht per il pranzo. Durante l&#8217;ora di pranzo, il buffet sar\u00e0 aperto<\/li>\n<li>Inoltre, avrai tempo per nuotare e fare snorkeling con maschere e pinne in un altro punto marino<\/li>\n<li>Questa escursione all&#8217;Isola di Giftun termina alle 16:30 circa<\/li>\n<\/ul>\n<h4>Cosa \u00e8 incluso nel prezzo del viaggio<\/h4>\n<ul>\n<li>Maschere e pinne<\/li>\n<li>Cibo e bevande<\/li>\n<li>Trasferimento al porto e ritorno in hotel<\/li>\n<\/ul>\n<h5>Cosa non \u00e8 incluso nel prezzo del viaggio<\/h5>\n<ul>\n<li>DVD video<\/li>\n<li>CD fotografico<\/li>\n<\/ul>\n<h6>Cosa portare con te per il viaggio<\/h6>\n<ul>\n<li>Asciugamano<\/li>\n<li>Protezione solare<\/li>\n<\/ul>\n<h6>GIORNI DI ORGANIZZAZIONE DI ESCURSIONE<\/h6>\n<ul>\n<li>Tutti i giorni dalle 08:00 alle 17:00<\/li>\n<\/ul>\n","protected":false},"excerpt":{"rendered":"<p>Ti meriti un po&#8217; di tempo per distenderti e rilassarti, e quale modo migliore per farlo se non con un viaggio all&#8217;isola di Giftun a Hurghada? Quando arriverai sull&#8217;isola, sarai accolto da sabbie dorate e acque cristalline, perfette per nuotare e scattare foto mozzafiato. Avrai un&#8217;intera giornata per prendere il sole e goderti la tranquillit\u00e0 di Paradise Island. Per rendere la tua giornata ancora pi\u00f9 piacevole, il pranzo e le bevande analcoliche sono inclusi nel prezzo del viaggio.<\/p>\n<p>Questa escursione di un&#8217;intera giornata si prende cura di tutto in modo che tu possa concentrarti sull&#8217;ottenere il massimo dal tuo tempo. Avrai l&#8217;opportunit\u00e0 di assistere a molteplici spettacoli culturali, tra cui danza del ventre e spettacoli folcloristici, il tutto mentre esplori splendidi luoghi per lo snorkeling e ti godi attivit\u00e0 acquatiche come banane e divani. Non dovrai preoccuparti di pianificare nulla: tutti gli accordi sono stati presi in considerazione per te, compresi i trasferimenti di andata e ritorno da e per le tue sistemazioni a Hurghada.<\/p>\n<p>Dopo essere stato prelevato dal tuo hotel, verrai trasferito su una barca ormeggiata sul Mar Rosso. Mentre navighi verso Paradise Island, avrai la possibilit\u00e0 di ammirare le meravigliose scogliere e spiagge sottomarine. Trascorri la giornata sull&#8217;isola esplorando, facendo snorkeling e gustando un delizioso pranzo preparato e servito direttamente sulla barca. Quindi, torna nel Mar Rosso per altre attivit\u00e0 acquatiche e di snorkeling prima di essere trasferito al tuo hotel.<\/p>\n<p>Comprendiamo quanto sia importante prendersi una pausa dal trambusto della vita quotidiana e vogliamo assicurarci che la tua giornata sia il pi\u00f9 possibile priva di stress e piacevole. Ecco perch\u00e9 ci siamo presi cura di tutti i dettagli per te, cos\u00ec puoi sederti, rilassarti e ammirare la bellezza dell&#8217;isola di Giftun.<\/p>\n","protected":false},"featured_media":1535,"comment_status":"open","ping_status":"closed","template":"","meta":{"_coblocks_attr":"","_coblocks_dimensions":"","_coblocks_responsive_height":"","_coblocks_accordion_ie_support":"","_uag_custom_page_level_css":"","jetpack_publicize_message":"","jetpack_publicize_feature_enabled":true,"jetpack_social_post_already_shared":false,"jetpack_social_options":{"image_generator_settings":{"template":"highway","default_image_id":0,"font":"","enabled":false},"version":2},"_wpas_customize_per_network":false},"product_brand":[],"product_cat":[1632,22528,22508,1638,22521,22523,22519],"product_tag":[1644,1661,1670,1671,22564,1663,1682],"class_list":{"0":"post-1534","1":"product","2":"type-product","3":"status-publish","4":"has-post-thumbnail","6":"product_cat-escursioni-hurghada","7":"product_cat-escursioni-snorkeling-hurghada","8":"product_cat-escursioni-economiche-hurghada","9":"product_cat-escursioni-mare-hurghada","10":"product_cat-escursioni-famiglie-hurghada","11":"product_cat-gite-isola-hurghada","12":"product_cat-hurghada-escursioni-isole-giftun","13":"product_tag-escursione","14":"product_tag-hurghada-it","15":"product_tag-isola","16":"product_tag-paradise-beach","17":"product_tag-mare","18":"product_tag-snorkeling-it","19":"product_tag-viaggi-marittimi","21":"first","22":"instock","23":"sale","24":"virtual","25":"purchasable","26":"product-type-simple"},"yoast_head":"<!-- This site is optimized with the Yoast SEO Premium plugin v26.9 (Yoast SEO v27.3) - https:\/\/yoast.com\/product\/yoast-seo-premium-wordpress\/ -->\n<title>Escursione all&#039;Isola Giftun a Hurghada<\/title>\n<meta name=\"description\" content=\"Escursione all&#039;Isola Giftun a Hurghada farai un picnic sul Mar Rosso, due soste in mare aperto, e sbarcherai sull&#039;isola per nuotare\" \/>\n<meta name=\"robots\" content=\"index, follow, max-snippet:-1, max-image-preview:large, max-video-preview:-1\" \/>\n<link rel=\"canonical\" href=\"https:\/\/landioustravel.com\/it\/shop\/escursione-isola-giftun-hurghada\/\" \/>\n<meta property=\"og:locale\" content=\"it_IT\" \/>\n<meta property=\"og:type\" content=\"article\" \/>\n<meta property=\"og:title\" content=\"Escursione all&#039;Isola Giftun a Hurghada\" \/>\n<meta property=\"og:description\" content=\"Landious Travel\" \/>\n<meta property=\"og:url\" content=\"https:\/\/landioustravel.com\/it\/shop\/escursione-isola-giftun-hurghada\/\" \/>\n<meta property=\"og:site_name\" content=\"Landious Travel\" \/>\n<meta property=\"article:publisher\" content=\"https:\/\/web.facebook.com\/landiousEgypt\" \/>\n<meta property=\"article:modified_time\" content=\"2025-10-01T17:20:48+00:00\" \/>\n<meta property=\"og:image\" content=\"https:\/\/landioustravel.com\/wp-content\/uploads\/2019\/01\/Escursione_allIso_a_Giftun_a_Hurghada-e1553134262565.jpg\" \/>\n\t<meta property=\"og:image:width\" content=\"1200\" \/>\n\t<meta property=\"og:image:height\" content=\"676\" \/>\n\t<meta property=\"og:image:type\" content=\"image\/jpeg\" \/>\n<meta name=\"twitter:card\" content=\"summary_large_image\" \/>\n<meta name=\"twitter:site\" content=\"@LandiousTours\" \/>\n<meta name=\"twitter:label1\" content=\"Tempo di lettura stimato\" \/>\n\t<meta name=\"twitter:data1\" content=\"2 minuti\" \/>\n<script type=\"application\/ld+json\" class=\"yoast-schema-graph\">{\"@context\":\"https:\\\/\\\/schema.org\",\"@graph\":[{\"@type\":\"WebPage\",\"@id\":\"https:\\\/\\\/landioustravel.com\\\/it\\\/shop\\\/escursione-isola-giftun-hurghada\\\/\",\"url\":\"https:\\\/\\\/landioustravel.com\\\/it\\\/shop\\\/escursione-isola-giftun-hurghada\\\/\",\"name\":\"Escursione all'Isola Giftun a Hurghada\",\"isPartOf\":{\"@id\":\"https:\\\/\\\/landioustravel.com\\\/it\\\/#website\"},\"primaryImageOfPage\":{\"@id\":\"https:\\\/\\\/landioustravel.com\\\/it\\\/shop\\\/escursione-isola-giftun-hurghada\\\/#primaryimage\"},\"image\":{\"@id\":\"https:\\\/\\\/landioustravel.com\\\/it\\\/shop\\\/escursione-isola-giftun-hurghada\\\/#primaryimage\"},\"thumbnailUrl\":\"https:\\\/\\\/i0.wp.com\\\/landioustravel.com\\\/wp-content\\\/uploads\\\/2019\\\/01\\\/Escursione_allIso_a_Giftun_a_Hurghada-e1553134262565.jpg?fit=1200%2C676&ssl=1\",\"datePublished\":\"2018-11-13T06:22:45+00:00\",\"dateModified\":\"2025-10-01T17:20:48+00:00\",\"description\":\"Escursione all'Isola Giftun a Hurghada farai un picnic sul Mar Rosso, due soste in mare aperto, e sbarcherai sull'isola per nuotare\",\"breadcrumb\":{\"@id\":\"https:\\\/\\\/landioustravel.com\\\/it\\\/shop\\\/escursione-isola-giftun-hurghada\\\/#breadcrumb\"},\"inLanguage\":\"it-IT\",\"potentialAction\":[{\"@type\":\"ReadAction\",\"target\":[\"https:\\\/\\\/landioustravel.com\\\/it\\\/shop\\\/escursione-isola-giftun-hurghada\\\/\"]}]},{\"@type\":\"ImageObject\",\"inLanguage\":\"it-IT\",\"@id\":\"https:\\\/\\\/landioustravel.com\\\/it\\\/shop\\\/escursione-isola-giftun-hurghada\\\/#primaryimage\",\"url\":\"https:\\\/\\\/i0.wp.com\\\/landioustravel.com\\\/wp-content\\\/uploads\\\/2019\\\/01\\\/Escursione_allIso_a_Giftun_a_Hurghada-e1553134262565.jpg?fit=1200%2C676&ssl=1\",\"contentUrl\":\"https:\\\/\\\/i0.wp.com\\\/landioustravel.com\\\/wp-content\\\/uploads\\\/2019\\\/01\\\/Escursione_allIso_a_Giftun_a_Hurghada-e1553134262565.jpg?fit=1200%2C676&ssl=1\",\"width\":1200,\"height\":676,\"caption\":\"Escursione all'Isola Giftun a Hurghada\"},{\"@type\":\"BreadcrumbList\",\"@id\":\"https:\\\/\\\/landioustravel.com\\\/it\\\/shop\\\/escursione-isola-giftun-hurghada\\\/#breadcrumb\",\"itemListElement\":[{\"@type\":\"ListItem\",\"position\":1,\"name\":\"Home\",\"item\":\"https:\\\/\\\/landioustravel.com\\\/it\\\/\"},{\"@type\":\"ListItem\",\"position\":2,\"name\":\"Tour in Egitto\",\"item\":\"https:\\\/\\\/landioustravel.com\\\/it\\\/\"},{\"@type\":\"ListItem\",\"position\":3,\"name\":\"Escursione all&#8217;Isola Giftun a Hurghada\"}]},{\"@type\":\"WebSite\",\"@id\":\"https:\\\/\\\/landioustravel.com\\\/it\\\/#website\",\"url\":\"https:\\\/\\\/landioustravel.com\\\/it\\\/\",\"name\":\"Landious Travel\",\"description\":\"Excursions, trips and cruises in Egypt\",\"publisher\":{\"@id\":\"https:\\\/\\\/landioustravel.com\\\/it\\\/#organization\"},\"potentialAction\":[{\"@type\":\"SearchAction\",\"target\":{\"@type\":\"EntryPoint\",\"urlTemplate\":\"https:\\\/\\\/landioustravel.com\\\/it\\\/?s={search_term_string}\"},\"query-input\":{\"@type\":\"PropertyValueSpecification\",\"valueRequired\":true,\"valueName\":\"search_term_string\"}}],\"inLanguage\":\"it-IT\"},{\"@type\":[\"Organization\",\"Place\"],\"@id\":\"https:\\\/\\\/landioustravel.com\\\/it\\\/#organization\",\"name\":\"Landious Travel\",\"alternateName\":\"Landious Travel\",\"url\":\"https:\\\/\\\/landioustravel.com\\\/it\\\/\",\"logo\":{\"@id\":\"https:\\\/\\\/landioustravel.com\\\/it\\\/shop\\\/escursione-isola-giftun-hurghada\\\/#local-main-organization-logo\"},\"image\":{\"@id\":\"https:\\\/\\\/landioustravel.com\\\/it\\\/shop\\\/escursione-isola-giftun-hurghada\\\/#local-main-organization-logo\"},\"sameAs\":[\"https:\\\/\\\/web.facebook.com\\\/landiousEgypt\",\"https:\\\/\\\/x.com\\\/LandiousTours\",\"https:\\\/\\\/mastodon.social\\\/@landious\"],\"legalName\":\"Landious Travel\",\"telephone\":[],\"openingHoursSpecification\":[{\"@type\":\"OpeningHoursSpecification\",\"dayOfWeek\":[\"Monday\",\"Tuesday\",\"Wednesday\",\"Thursday\",\"Friday\",\"Saturday\",\"Sunday\"],\"opens\":\"09:00\",\"closes\":\"17:00\"}]},{\"@type\":\"ImageObject\",\"inLanguage\":\"it-IT\",\"@id\":\"https:\\\/\\\/landioustravel.com\\\/it\\\/shop\\\/escursione-isola-giftun-hurghada\\\/#local-main-organization-logo\",\"url\":\"https:\\\/\\\/i0.wp.com\\\/landioustravel.com\\\/wp-content\\\/uploads\\\/2021\\\/06\\\/Landious-T.png?fit=500%2C500&ssl=1\",\"contentUrl\":\"https:\\\/\\\/i0.wp.com\\\/landioustravel.com\\\/wp-content\\\/uploads\\\/2021\\\/06\\\/Landious-T.png?fit=500%2C500&ssl=1\",\"width\":500,\"height\":500,\"caption\":\"Landious Travel\"}]}<\/script>\n<!-- \/ Yoast SEO Premium plugin. -->","yoast_head_json":{"title":"Escursione all'Isola Giftun a Hurghada","description":"Escursione all'Isola Giftun a Hurghada farai un picnic sul Mar Rosso, due soste in mare aperto, e sbarcherai sull'isola per nuotare","robots":{"index":"index","follow":"follow","max-snippet":"max-snippet:-1","max-image-preview":"max-image-preview:large","max-video-preview":"max-video-preview:-1"},"canonical":"https:\/\/landioustravel.com\/it\/shop\/escursione-isola-giftun-hurghada\/","og_locale":"it_IT","og_type":"article","og_title":"Escursione all'Isola Giftun a Hurghada","og_description":"Landious Travel","og_url":"https:\/\/landioustravel.com\/it\/shop\/escursione-isola-giftun-hurghada\/","og_site_name":"Landious Travel","article_publisher":"https:\/\/web.facebook.com\/landiousEgypt","article_modified_time":"2025-10-01T17:20:48+00:00","og_image":[{"width":1200,"height":676,"url":"https:\/\/landioustravel.com\/wp-content\/uploads\/2019\/01\/Escursione_allIso_a_Giftun_a_Hurghada-e1553134262565.jpg","type":"image\/jpeg"}],"twitter_card":"summary_large_image","twitter_site":"@LandiousTours","twitter_misc":{"Tempo di lettura stimato":"2 minuti"},"schema":{"@context":"https:\/\/schema.org","@graph":[{"@type":"WebPage","@id":"https:\/\/landioustravel.com\/it\/shop\/escursione-isola-giftun-hurghada\/","url":"https:\/\/landioustravel.com\/it\/shop\/escursione-isola-giftun-hurghada\/","name":"Escursione all'Isola Giftun a Hurghada","isPartOf":{"@id":"https:\/\/landioustravel.com\/it\/#website"},"primaryImageOfPage":{"@id":"https:\/\/landioustravel.com\/it\/shop\/escursione-isola-giftun-hurghada\/#primaryimage"},"image":{"@id":"https:\/\/landioustravel.com\/it\/shop\/escursione-isola-giftun-hurghada\/#primaryimage"},"thumbnailUrl":"https:\/\/i0.wp.com\/landioustravel.com\/wp-content\/uploads\/2019\/01\/Escursione_allIso_a_Giftun_a_Hurghada-e1553134262565.jpg?fit=1200%2C676&ssl=1","datePublished":"2018-11-13T06:22:45+00:00","dateModified":"2025-10-01T17:20:48+00:00","description":"Escursione all'Isola Giftun a Hurghada farai un picnic sul Mar Rosso, due soste in mare aperto, e sbarcherai sull'isola per nuotare","breadcrumb":{"@id":"https:\/\/landioustravel.com\/it\/shop\/escursione-isola-giftun-hurghada\/#breadcrumb"},"inLanguage":"it-IT","potentialAction":[{"@type":"ReadAction","target":["https:\/\/landioustravel.com\/it\/shop\/escursione-isola-giftun-hurghada\/"]}]},{"@type":"ImageObject","inLanguage":"it-IT","@id":"https:\/\/landioustravel.com\/it\/shop\/escursione-isola-giftun-hurghada\/#primaryimage","url":"https:\/\/i0.wp.com\/landioustravel.com\/wp-content\/uploads\/2019\/01\/Escursione_allIso_a_Giftun_a_Hurghada-e1553134262565.jpg?fit=1200%2C676&ssl=1","contentUrl":"https:\/\/i0.wp.com\/landioustravel.com\/wp-content\/uploads\/2019\/01\/Escursione_allIso_a_Giftun_a_Hurghada-e1553134262565.jpg?fit=1200%2C676&ssl=1","width":1200,"height":676,"caption":"Escursione all'Isola Giftun a Hurghada"},{"@type":"BreadcrumbList","@id":"https:\/\/landioustravel.com\/it\/shop\/escursione-isola-giftun-hurghada\/#breadcrumb","itemListElement":[{"@type":"ListItem","position":1,"name":"Home","item":"https:\/\/landioustravel.com\/it\/"},{"@type":"ListItem","position":2,"name":"Tour in Egitto","item":"https:\/\/landioustravel.com\/it\/"},{"@type":"ListItem","position":3,"name":"Escursione all&#8217;Isola Giftun a Hurghada"}]},{"@type":"WebSite","@id":"https:\/\/landioustravel.com\/it\/#website","url":"https:\/\/landioustravel.com\/it\/","name":"Landious Travel","description":"Excursions, trips and cruises in Egypt","publisher":{"@id":"https:\/\/landioustravel.com\/it\/#organization"},"potentialAction":[{"@type":"SearchAction","target":{"@type":"EntryPoint","urlTemplate":"https:\/\/landioustravel.com\/it\/?s={search_term_string}"},"query-input":{"@type":"PropertyValueSpecification","valueRequired":true,"valueName":"search_term_string"}}],"inLanguage":"it-IT"},{"@type":["Organization","Place"],"@id":"https:\/\/landioustravel.com\/it\/#organization","name":"Landious Travel","alternateName":"Landious Travel","url":"https:\/\/landioustravel.com\/it\/","logo":{"@id":"https:\/\/landioustravel.com\/it\/shop\/escursione-isola-giftun-hurghada\/#local-main-organization-logo"},"image":{"@id":"https:\/\/landioustravel.com\/it\/shop\/escursione-isola-giftun-hurghada\/#local-main-organization-logo"},"sameAs":["https:\/\/web.facebook.com\/landiousEgypt","https:\/\/x.com\/LandiousTours","https:\/\/mastodon.social\/@landious"],"legalName":"Landious Travel","telephone":[],"openingHoursSpecification":[{"@type":"OpeningHoursSpecification","dayOfWeek":["Monday","Tuesday","Wednesday","Thursday","Friday","Saturday","Sunday"],"opens":"09:00","closes":"17:00"}]},{"@type":"ImageObject","inLanguage":"it-IT","@id":"https:\/\/landioustravel.com\/it\/shop\/escursione-isola-giftun-hurghada\/#local-main-organization-logo","url":"https:\/\/i0.wp.com\/landioustravel.com\/wp-content\/uploads\/2021\/06\/Landious-T.png?fit=500%2C500&ssl=1","contentUrl":"https:\/\/i0.wp.com\/landioustravel.com\/wp-content\/uploads\/2021\/06\/Landious-T.png?fit=500%2C500&ssl=1","width":500,"height":500,"caption":"Landious Travel"}]}},"jetpack_publicize_connections":[],"uagb_featured_image_src":{"full":["https:\/\/i0.wp.com\/landioustravel.com\/wp-content\/uploads\/2019\/01\/Escursione_allIso_a_Giftun_a_Hurghada-e1553134262565.jpg?fit=1200%2C676&ssl=1",1200,676,false],"thumbnail":["https:\/\/i0.wp.com\/landioustravel.com\/wp-content\/uploads\/2019\/01\/Escursione_allIso_a_Giftun_a_Hurghada-e1553134262565.jpg?resize=150%2C150&ssl=1",150,150,true],"medium":["https:\/\/i0.wp.com\/landioustravel.com\/wp-content\/uploads\/2019\/01\/Escursione_allIso_a_Giftun_a_Hurghada-e1553134262565.jpg?fit=300%2C169&ssl=1",300,169,true],"medium_large":["https:\/\/i0.wp.com\/landioustravel.com\/wp-content\/uploads\/2019\/01\/Escursione_allIso_a_Giftun_a_Hurghada-e1553134262565.jpg?fit=768%2C433&ssl=1",768,433,true],"large":["https:\/\/i0.wp.com\/landioustravel.com\/wp-content\/uploads\/2019\/01\/Escursione_allIso_a_Giftun_a_Hurghada-e1553134262565.jpg?fit=980%2C552&ssl=1",980,552,true],"1536x1536":["https:\/\/i0.wp.com\/landioustravel.com\/wp-content\/uploads\/2019\/01\/Escursione_allIso_a_Giftun_a_Hurghada-e1553134262565.jpg?fit=1200%2C676&ssl=1",1200,676,true],"2048x2048":["https:\/\/i0.wp.com\/landioustravel.com\/wp-content\/uploads\/2019\/01\/Escursione_allIso_a_Giftun_a_Hurghada-e1553134262565.jpg?fit=1200%2C676&ssl=1",1200,676,true],"newspack-article-block-landscape-large":["https:\/\/i0.wp.com\/landioustravel.com\/wp-content\/uploads\/2019\/01\/Escursione_allIso_a_Giftun_a_Hurghada-e1553134262565.jpg?resize=1200%2C676&ssl=1",1200,676,true],"newspack-article-block-portrait-large":["https:\/\/i0.wp.com\/landioustravel.com\/wp-content\/uploads\/2019\/01\/Escursione_allIso_a_Giftun_a_Hurghada-e1553134262565.jpg?resize=900%2C676&ssl=1",900,676,true],"newspack-article-block-square-large":["https:\/\/i0.wp.com\/landioustravel.com\/wp-content\/uploads\/2019\/01\/Escursione_allIso_a_Giftun_a_Hurghada-e1553134262565.jpg?resize=1200%2C676&ssl=1",1200,676,true],"newspack-article-block-landscape-medium":["https:\/\/i0.wp.com\/landioustravel.com\/wp-content\/uploads\/2019\/01\/Escursione_allIso_a_Giftun_a_Hurghada-e1553134262565.jpg?resize=800%2C600&ssl=1",800,600,true],"newspack-article-block-portrait-medium":["https:\/\/i0.wp.com\/landioustravel.com\/wp-content\/uploads\/2019\/01\/Escursione_allIso_a_Giftun_a_Hurghada-e1553134262565.jpg?resize=600%2C676&ssl=1",600,676,true],"newspack-article-block-square-medium":["https:\/\/i0.wp.com\/landioustravel.com\/wp-content\/uploads\/2019\/01\/Escursione_allIso_a_Giftun_a_Hurghada-e1553134262565.jpg?resize=800%2C676&ssl=1",800,676,true],"newspack-article-block-landscape-intermediate":["https:\/\/i0.wp.com\/landioustravel.com\/wp-content\/uploads\/2019\/01\/Escursione_allIso_a_Giftun_a_Hurghada-e1553134262565.jpg?resize=600%2C450&ssl=1",600,450,true],"newspack-article-block-portrait-intermediate":["https:\/\/i0.wp.com\/landioustravel.com\/wp-content\/uploads\/2019\/01\/Escursione_allIso_a_Giftun_a_Hurghada-e1553134262565.jpg?resize=450%2C600&ssl=1",450,600,true],"newspack-article-block-square-intermediate":["https:\/\/i0.wp.com\/landioustravel.com\/wp-content\/uploads\/2019\/01\/Escursione_allIso_a_Giftun_a_Hurghada-e1553134262565.jpg?resize=600%2C600&ssl=1",600,600,true],"newspack-article-block-landscape-small":["https:\/\/i0.wp.com\/landioustravel.com\/wp-content\/uploads\/2019\/01\/Escursione_allIso_a_Giftun_a_Hurghada-e1553134262565.jpg?resize=400%2C300&ssl=1",400,300,true],"newspack-article-block-portrait-small":["https:\/\/i0.wp.com\/landioustravel.com\/wp-content\/uploads\/2019\/01\/Escursione_allIso_a_Giftun_a_Hurghada-e1553134262565.jpg?resize=300%2C400&ssl=1",300,400,true],"newspack-article-block-square-small":["https:\/\/i0.wp.com\/landioustravel.com\/wp-content\/uploads\/2019\/01\/Escursione_allIso_a_Giftun_a_Hurghada-e1553134262565.jpg?resize=400%2C400&ssl=1",400,400,true],"newspack-article-block-landscape-tiny":["https:\/\/i0.wp.com\/landioustravel.com\/wp-content\/uploads\/2019\/01\/Escursione_allIso_a_Giftun_a_Hurghada-e1553134262565.jpg?resize=200%2C150&ssl=1",200,150,true],"newspack-article-block-portrait-tiny":["https:\/\/i0.wp.com\/landioustravel.com\/wp-content\/uploads\/2019\/01\/Escursione_allIso_a_Giftun_a_Hurghada-e1553134262565.jpg?resize=150%2C200&ssl=1",150,200,true],"newspack-article-block-square-tiny":["https:\/\/i0.wp.com\/landioustravel.com\/wp-content\/uploads\/2019\/01\/Escursione_allIso_a_Giftun_a_Hurghada-e1553134262565.jpg?resize=200%2C200&ssl=1",200,200,true],"newspack-article-block-uncropped":["https:\/\/i0.wp.com\/landioustravel.com\/wp-content\/uploads\/2019\/01\/Escursione_allIso_a_Giftun_a_Hurghada-e1553134262565.jpg?fit=1200%2C676&ssl=1",1200,676,true],"woocommerce_thumbnail":["https:\/\/i0.wp.com\/landioustravel.com\/wp-content\/uploads\/2019\/01\/Escursione_allIso_a_Giftun_a_Hurghada-e1553134262565.jpg?resize=324%2C324&ssl=1",324,324,true],"woocommerce_single":["https:\/\/i0.wp.com\/landioustravel.com\/wp-content\/uploads\/2019\/01\/Escursione_allIso_a_Giftun_a_Hurghada-e1553134262565.jpg?fit=416%2C234&ssl=1",416,234,true],"woocommerce_gallery_thumbnail":["https:\/\/i0.wp.com\/landioustravel.com\/wp-content\/uploads\/2019\/01\/Escursione_allIso_a_Giftun_a_Hurghada-e1553134262565.jpg?resize=100%2C100&ssl=1",100,100,true]},"uagb_author_info":{"display_name":"Mofreh Landious","author_link":"https:\/\/landioustravel.com\/it\/author\/"},"uagb_comment_info":7,"uagb_excerpt":"Ti meriti un po' di tempo per distenderti e rilassarti, e quale modo migliore per farlo se non con un viaggio all'isola di Giftun a Hurghada? Quando arriverai sull'isola, sarai accolto da sabbie dorate e acque cristalline, perfette per nuotare e scattare foto mozzafiato. Avrai un'intera giornata per prendere il sole e goderti la tranquillit\u00e0&hellip;","jetpack_sharing_enabled":true,"jetpack_likes_enabled":true,"amp_enabled":true,"_links":{"self":[{"href":"https:\/\/landioustravel.com\/it\/wp-json\/wp\/v2\/product\/1534","targetHints":{"allow":["GET"]}}],"collection":[{"href":"https:\/\/landioustravel.com\/it\/wp-json\/wp\/v2\/product"}],"about":[{"href":"https:\/\/landioustravel.com\/it\/wp-json\/wp\/v2\/types\/product"}],"replies":[{"embeddable":true,"href":"https:\/\/landioustravel.com\/it\/wp-json\/wp\/v2\/comments?post=1534"}],"wp:featuredmedia":[{"embeddable":true,"href":"https:\/\/landioustravel.com\/it\/wp-json\/wp\/v2\/media\/1535"}],"wp:attachment":[{"href":"https:\/\/landioustravel.com\/it\/wp-json\/wp\/v2\/media?parent=1534"}],"wp:term":[{"taxonomy":"product_brand","embeddable":true,"href":"https:\/\/landioustravel.com\/it\/wp-json\/wp\/v2\/product_brand?post=1534"},{"taxonomy":"product_cat","embeddable":true,"href":"https:\/\/landioustravel.com\/it\/wp-json\/wp\/v2\/product_cat?post=1534"},{"taxonomy":"product_tag","embeddable":true,"href":"https:\/\/landioustravel.com\/it\/wp-json\/wp\/v2\/product_tag?post=1534"}],"curies":[{"name":"wp","href":"https:\/\/api.w.org\/{rel}","templated":true}]}}