{"id":1542,"date":"2018-11-12T08:00:37","date_gmt":"2018-11-12T06:00:37","guid":{"rendered":"https:\/\/landioustravel.com\/product\/escursione-isola-utopia-hurghada\/"},"modified":"2026-01-03T19:24:53","modified_gmt":"2026-01-03T17:24:53","slug":"escursione-isola-utopia-hurghada","status":"publish","type":"product","link":"https:\/\/landioustravel.com\/it\/shop\/escursione-isola-utopia-hurghada\/","title":{"rendered":"Escursione all&#8217;isola di Utopia da Hurghada"},"content":{"rendered":"<p>Un meraviglioso viaggio in mare per l&#8217;isola di Utopia dalla localit\u00e0 di Hurghada! Consigliamo l&#8217;escursione perch\u00e9 consente ai turisti di trascorrere un buon periodo in mare ammirando bellissimi coralli e vari pesci, godendosi un picnic in mare attraverso il Mar Rosso e salendo sull&#8217;Isola Utopia stessa.<\/p>\n<h2>Punti principali del programma di viaggio su Super Utopia<\/h2>\n<ul>\n<li>Nuotare in mare aperto dallo yacht<\/li>\n<li>Attivit\u00e0 di pesca<\/li>\n<li>Pranzo<\/li>\n<li>Banana e gite in divano<\/li>\n<li>Atterraggio sull&#8217;isola di Utopia<\/li>\n<\/ul>\n<h3>Programma di escursione all&#8217;isola di Utopia da Hurghada<\/h3>\n<ul>\n<li>A prendervi dall&#8217;hotel alle 08:00 circa<\/li>\n<li>Dopo aver preso tutti gli arrivi, l&#8217;autobus va al porto. La strada per il porto dura circa 45 minuti<\/li>\n<li>Troverai il tuo yacht nel porto. \u00c8 grande e chic! Lo yacht ha due piani. Non appena si entra nello yacht, \u00e8 necessario togliersi le scarpe e salire al secondo piano per abbronzarsi nel solarium superiore<\/li>\n<li>Lo yacht si muove attraverso il Mar Rosso, non appena il gruppo si riunisce. Sui bellissimi coralli, farai una fermata in mare aperto. L\u00ec, puoi nuotare e fare snorkeling con maschere e pinne<\/li>\n<li>Successivamente, ti fermerai in un altro posto dove andare a pescare<\/li>\n<li>Dopo la pesca, si pedala su una barca dal fondo trasparente fino all&#8217;isola di Utopia<\/li>\n<li>Dall&#8217;isola, sarete in grado di andare in mare, o di sguazzare sulla soffice sabbia della spiaggia<\/li>\n<li>Quindi, ti riportiamo alla barca per il pranzo. Durante l&#8217;ora di pranzo, il buffet sar\u00e0 aperto<\/li>\n<li>Dopo pranzo, puoi cavalcare i giocattoli con la banana e il divano<\/li>\n<li>Questo programma di escursioni verso l&#8217;isola di Utopia termina alle 16:30 circa<\/li>\n<\/ul>\n<h4>Cosa \u00e8 incluso nel prezzo del viaggio<\/h4>\n<ul>\n<li>Attrezzatura per lo snorkeling<\/li>\n<li>Cibo e bevande<\/li>\n<li>Trasferimento al porto e ritorno in hotel<\/li>\n<\/ul>\n<h5>Cosa non \u00e8 incluso nel prezzo del viaggio<\/h5>\n<ul>\n<li>DVD video<\/li>\n<li>CD fotografico<\/li>\n<\/ul>\n<h6>Cosa portare con te per il viaggio<\/h6>\n<ul>\n<li>Asciugamano<\/li>\n<li>Protezione solare<\/li>\n<\/ul>\n<h6>GIORNI DI ORGANIZZAZIONE DI ESCURSIONE<\/h6>\n<ul>\n<li>Tutti i giorni dalle 08:00 alle 17:00<\/li>\n<\/ul>\n","protected":false},"excerpt":{"rendered":"<p>Siamo entusiasti di offrirti un viaggio in mare indimenticabile sull&#8217;isola di Utopia! Il nostro programma \u00e8 progettato per offrirti una serie di entusiasmanti attivit\u00e0 di sport acquatici e la possibilit\u00e0 di esplorare l&#8217;isola. Dal nuoto e lo snorkeling alla pesca e cavalcando banane e giochi d&#8217;acqua da divano, questo programma promette di essere una giornata piena di avventura e divertimento. Comprendiamo quanto siano importanti la sicurezza e il comfort per i nostri ospiti, motivo per cui offriamo trasferimenti, pranzo e bevande gratuiti per garantire un&#8217;esperienza senza preoccupazioni. Questo viaggio \u00e8 perfetto per chi cerca un&#8217;esperienza piena di sentimento e rigenerante tra le acque cristalline del Mar Rosso.<\/p>\n<p>Durante il viaggio, ti forniamo tutta l&#8217;attrezzatura necessaria per adulti e bambini in modo che tu possa goderti le due soste per lo snorkeling, ciascuna della durata di un&#8217;ora. Avrai l&#8217;opportunit\u00e0 di assistere da vicino a una variet\u00e0 di specie di coralli e pesci, creando un&#8217;esperienza davvero magica. Dopo lo snorkeling, ti regaliamo un delizioso pranzo orientale che include pasta, riso, patate, carne, pesce, insalate e frutta. Per placare la tua sete, offriamo una selezione di bevande analcoliche.<\/p>\n<p>Dopo pranzo, avrai 1 ora e mezza per esplorare l&#8217;isola e immergerti nella sua bellezza. Ti abbiamo coperto se hai voglia di pescare. Forniamo tutta l&#8217;attrezzatura necessaria per rendere la tua esperienza di pesca indimenticabile. Per aumentare l&#8217;eccitazione, offriamo giri gratuiti su banana boat e pazzi divani, insieme a una gita in barca di vetro.<\/p>\n<p>Comprendiamo che la sicurezza \u00e8 una priorit\u00e0 assoluta, motivo per cui ci siamo assicurati che la barca sia dotata di tutte le misure di sicurezza necessarie. Vogliamo che tu ti goda il tuo viaggio al massimo senza preoccupazioni. Consigliamo questo viaggio a tutti gli appassionati di sport acquatici che desiderano ringiovanire mente, corpo e anima tra le magiche acque dell&#8217;isola di Utopia.<\/p>\n","protected":false},"featured_media":29158,"comment_status":"open","ping_status":"closed","template":"","meta":{"_coblocks_attr":"","_coblocks_dimensions":"","_coblocks_responsive_height":"","_coblocks_accordion_ie_support":"","_uag_custom_page_level_css":"","jetpack_post_was_ever_published":false,"jetpack_publicize_message":"","jetpack_publicize_feature_enabled":true,"jetpack_social_post_already_shared":false,"jetpack_social_options":{"image_generator_settings":{"template":"highway","default_image_id":0,"font":"","enabled":false},"version":2},"_wpas_customize_per_network":false},"product_brand":[],"product_cat":[1632,22528,22508,1638,22521,22523],"product_tag":[1644,2145,1661,1670,22564,1663,1682],"class_list":{"0":"post-1542","1":"product","2":"type-product","3":"status-publish","4":"has-post-thumbnail","6":"product_cat-escursioni-hurghada","7":"product_cat-escursioni-snorkeling-hurghada","8":"product_cat-escursioni-economiche-hurghada","9":"product_cat-escursioni-mare-hurghada","10":"product_cat-escursioni-famiglie-hurghada","11":"product_cat-gite-isola-hurghada","12":"product_tag-escursione","13":"product_tag-escursioni-da-hurghada","14":"product_tag-hurghada-it","15":"product_tag-isola","16":"product_tag-mare","17":"product_tag-snorkeling-it","18":"product_tag-viaggi-marittimi","19":"pa_age-adulto","20":"pa_age-bambino-1-4-anni","21":"pa_age-bambino-5-11-anni","23":"first","24":"instock","25":"sale","26":"purchasable","27":"product-type-variable"},"yoast_head":"<!-- This site is optimized with the Yoast SEO Premium plugin v26.9 (Yoast SEO v27.3) - https:\/\/yoast.com\/product\/yoast-seo-premium-wordpress\/ -->\n<title>Escursione all&#039;isola di Utopia da Hurghada<\/title>\n<meta name=\"description\" content=\"Escursione all&#039;isola di Utopia da Hurghada include il nuoto con maschere e pinne in alto mare, la pesca, lo sbarco sull&#039;isola di Utopia e la cavalcata su\" \/>\n<meta name=\"robots\" content=\"index, follow, max-snippet:-1, max-image-preview:large, max-video-preview:-1\" \/>\n<link rel=\"canonical\" href=\"https:\/\/landioustravel.com\/it\/shop\/escursione-isola-utopia-hurghada\/\" \/>\n<meta property=\"og:locale\" content=\"it_IT\" \/>\n<meta property=\"og:type\" content=\"article\" \/>\n<meta property=\"og:title\" content=\"Escursione all&#039;isola di Utopia da Hurghada\" \/>\n<meta property=\"og:description\" content=\"Landious Travel\" \/>\n<meta property=\"og:url\" content=\"https:\/\/landioustravel.com\/it\/shop\/escursione-isola-utopia-hurghada\/\" \/>\n<meta property=\"og:site_name\" content=\"Landious Travel\" \/>\n<meta property=\"article:publisher\" content=\"https:\/\/web.facebook.com\/landiousEgypt\" \/>\n<meta property=\"article:modified_time\" content=\"2026-01-03T17:24:53+00:00\" \/>\n<meta property=\"og:image\" content=\"https:\/\/i0.wp.com\/landioustravel.com\/wp-content\/uploads\/2021\/03\/Utopia_snprkelling_trip-e1615595681766.jpg?fit=1200%2C675&ssl=1\" \/>\n\t<meta property=\"og:image:width\" content=\"1200\" \/>\n\t<meta property=\"og:image:height\" content=\"675\" \/>\n\t<meta property=\"og:image:type\" content=\"image\/jpeg\" \/>\n<meta name=\"twitter:card\" content=\"summary_large_image\" \/>\n<meta name=\"twitter:site\" content=\"@LandiousTours\" \/>\n<meta name=\"twitter:label1\" content=\"Tempo di lettura stimato\" \/>\n\t<meta name=\"twitter:data1\" content=\"2 minuti\" \/>\n<script type=\"application\/ld+json\" class=\"yoast-schema-graph\">{\"@context\":\"https:\\\/\\\/schema.org\",\"@graph\":[{\"@type\":\"WebPage\",\"@id\":\"https:\\\/\\\/landioustravel.com\\\/it\\\/shop\\\/escursione-isola-utopia-hurghada\\\/\",\"url\":\"https:\\\/\\\/landioustravel.com\\\/it\\\/shop\\\/escursione-isola-utopia-hurghada\\\/\",\"name\":\"Escursione all'isola di Utopia da Hurghada\",\"isPartOf\":{\"@id\":\"https:\\\/\\\/landioustravel.com\\\/it\\\/#website\"},\"primaryImageOfPage\":{\"@id\":\"https:\\\/\\\/landioustravel.com\\\/it\\\/shop\\\/escursione-isola-utopia-hurghada\\\/#primaryimage\"},\"image\":{\"@id\":\"https:\\\/\\\/landioustravel.com\\\/it\\\/shop\\\/escursione-isola-utopia-hurghada\\\/#primaryimage\"},\"thumbnailUrl\":\"https:\\\/\\\/i0.wp.com\\\/landioustravel.com\\\/wp-content\\\/uploads\\\/2021\\\/03\\\/Utopia_snprkelling_trip-e1615595681766.jpg?fit=1200%2C675&ssl=1\",\"datePublished\":\"2018-11-12T06:00:37+00:00\",\"dateModified\":\"2026-01-03T17:24:53+00:00\",\"description\":\"Escursione all'isola di Utopia da Hurghada include il nuoto con maschere e pinne in alto mare, la pesca, lo sbarco sull'isola di Utopia e la cavalcata su\",\"breadcrumb\":{\"@id\":\"https:\\\/\\\/landioustravel.com\\\/it\\\/shop\\\/escursione-isola-utopia-hurghada\\\/#breadcrumb\"},\"inLanguage\":\"it-IT\",\"potentialAction\":[{\"@type\":\"ReadAction\",\"target\":[\"https:\\\/\\\/landioustravel.com\\\/it\\\/shop\\\/escursione-isola-utopia-hurghada\\\/\"]}]},{\"@type\":\"ImageObject\",\"inLanguage\":\"it-IT\",\"@id\":\"https:\\\/\\\/landioustravel.com\\\/it\\\/shop\\\/escursione-isola-utopia-hurghada\\\/#primaryimage\",\"url\":\"https:\\\/\\\/i0.wp.com\\\/landioustravel.com\\\/wp-content\\\/uploads\\\/2021\\\/03\\\/Utopia_snprkelling_trip-e1615595681766.jpg?fit=1200%2C675&ssl=1\",\"contentUrl\":\"https:\\\/\\\/i0.wp.com\\\/landioustravel.com\\\/wp-content\\\/uploads\\\/2021\\\/03\\\/Utopia_snprkelling_trip-e1615595681766.jpg?fit=1200%2C675&ssl=1\",\"width\":1200,\"height\":675,\"caption\":\"\u042d\u043a\u0441\u043a\u0443\u0440\u0441\u0438\u044f \u0421\u0443\u043f\u0435\u0440 \u0423\u0442\u043e\u043f\u0438\u044f \u0438\u0437 \u0425\u0443\u0440\u0433\u0430\u0434\u044b\"},{\"@type\":\"BreadcrumbList\",\"@id\":\"https:\\\/\\\/landioustravel.com\\\/it\\\/shop\\\/escursione-isola-utopia-hurghada\\\/#breadcrumb\",\"itemListElement\":[{\"@type\":\"ListItem\",\"position\":1,\"name\":\"Home\",\"item\":\"https:\\\/\\\/landioustravel.com\\\/it\\\/\"},{\"@type\":\"ListItem\",\"position\":2,\"name\":\"Tour in Egitto\",\"item\":\"https:\\\/\\\/landioustravel.com\\\/it\\\/\"},{\"@type\":\"ListItem\",\"position\":3,\"name\":\"Escursione all&#8217;isola di Utopia da Hurghada\"}]},{\"@type\":\"WebSite\",\"@id\":\"https:\\\/\\\/landioustravel.com\\\/it\\\/#website\",\"url\":\"https:\\\/\\\/landioustravel.com\\\/it\\\/\",\"name\":\"Landious Travel\",\"description\":\"Excursions, trips and cruises in Egypt\",\"publisher\":{\"@id\":\"https:\\\/\\\/landioustravel.com\\\/it\\\/#organization\"},\"potentialAction\":[{\"@type\":\"SearchAction\",\"target\":{\"@type\":\"EntryPoint\",\"urlTemplate\":\"https:\\\/\\\/landioustravel.com\\\/it\\\/?s={search_term_string}\"},\"query-input\":{\"@type\":\"PropertyValueSpecification\",\"valueRequired\":true,\"valueName\":\"search_term_string\"}}],\"inLanguage\":\"it-IT\"},{\"@type\":[\"Organization\",\"Place\"],\"@id\":\"https:\\\/\\\/landioustravel.com\\\/it\\\/#organization\",\"name\":\"Landious Travel\",\"alternateName\":\"Landious Travel\",\"url\":\"https:\\\/\\\/landioustravel.com\\\/it\\\/\",\"logo\":{\"@id\":\"https:\\\/\\\/landioustravel.com\\\/it\\\/shop\\\/escursione-isola-utopia-hurghada\\\/#local-main-organization-logo\"},\"image\":{\"@id\":\"https:\\\/\\\/landioustravel.com\\\/it\\\/shop\\\/escursione-isola-utopia-hurghada\\\/#local-main-organization-logo\"},\"sameAs\":[\"https:\\\/\\\/web.facebook.com\\\/landiousEgypt\",\"https:\\\/\\\/x.com\\\/LandiousTours\",\"https:\\\/\\\/mastodon.social\\\/@landious\"],\"legalName\":\"Landious Travel\",\"telephone\":[],\"openingHoursSpecification\":[{\"@type\":\"OpeningHoursSpecification\",\"dayOfWeek\":[\"Monday\",\"Tuesday\",\"Wednesday\",\"Thursday\",\"Friday\",\"Saturday\",\"Sunday\"],\"opens\":\"09:00\",\"closes\":\"17:00\"}]},{\"@type\":\"ImageObject\",\"inLanguage\":\"it-IT\",\"@id\":\"https:\\\/\\\/landioustravel.com\\\/it\\\/shop\\\/escursione-isola-utopia-hurghada\\\/#local-main-organization-logo\",\"url\":\"https:\\\/\\\/i0.wp.com\\\/landioustravel.com\\\/wp-content\\\/uploads\\\/2021\\\/06\\\/Landious-T.png?fit=500%2C500&ssl=1\",\"contentUrl\":\"https:\\\/\\\/i0.wp.com\\\/landioustravel.com\\\/wp-content\\\/uploads\\\/2021\\\/06\\\/Landious-T.png?fit=500%2C500&ssl=1\",\"width\":500,\"height\":500,\"caption\":\"Landious Travel\"}]}<\/script>\n<!-- \/ Yoast SEO Premium plugin. -->","yoast_head_json":{"title":"Escursione all'isola di Utopia da Hurghada","description":"Escursione all'isola di Utopia da Hurghada include il nuoto con maschere e pinne in alto mare, la pesca, lo sbarco sull'isola di Utopia e la cavalcata su","robots":{"index":"index","follow":"follow","max-snippet":"max-snippet:-1","max-image-preview":"max-image-preview:large","max-video-preview":"max-video-preview:-1"},"canonical":"https:\/\/landioustravel.com\/it\/shop\/escursione-isola-utopia-hurghada\/","og_locale":"it_IT","og_type":"article","og_title":"Escursione all'isola di Utopia da Hurghada","og_description":"Landious Travel","og_url":"https:\/\/landioustravel.com\/it\/shop\/escursione-isola-utopia-hurghada\/","og_site_name":"Landious Travel","article_publisher":"https:\/\/web.facebook.com\/landiousEgypt","article_modified_time":"2026-01-03T17:24:53+00:00","og_image":[{"width":1200,"height":675,"url":"https:\/\/i0.wp.com\/landioustravel.com\/wp-content\/uploads\/2021\/03\/Utopia_snprkelling_trip-e1615595681766.jpg?fit=1200%2C675&ssl=1","type":"image\/jpeg"}],"twitter_card":"summary_large_image","twitter_site":"@LandiousTours","twitter_misc":{"Tempo di lettura stimato":"2 minuti"},"schema":{"@context":"https:\/\/schema.org","@graph":[{"@type":"WebPage","@id":"https:\/\/landioustravel.com\/it\/shop\/escursione-isola-utopia-hurghada\/","url":"https:\/\/landioustravel.com\/it\/shop\/escursione-isola-utopia-hurghada\/","name":"Escursione all'isola di Utopia da Hurghada","isPartOf":{"@id":"https:\/\/landioustravel.com\/it\/#website"},"primaryImageOfPage":{"@id":"https:\/\/landioustravel.com\/it\/shop\/escursione-isola-utopia-hurghada\/#primaryimage"},"image":{"@id":"https:\/\/landioustravel.com\/it\/shop\/escursione-isola-utopia-hurghada\/#primaryimage"},"thumbnailUrl":"https:\/\/i0.wp.com\/landioustravel.com\/wp-content\/uploads\/2021\/03\/Utopia_snprkelling_trip-e1615595681766.jpg?fit=1200%2C675&ssl=1","datePublished":"2018-11-12T06:00:37+00:00","dateModified":"2026-01-03T17:24:53+00:00","description":"Escursione all'isola di Utopia da Hurghada include il nuoto con maschere e pinne in alto mare, la pesca, lo sbarco sull'isola di Utopia e la cavalcata su","breadcrumb":{"@id":"https:\/\/landioustravel.com\/it\/shop\/escursione-isola-utopia-hurghada\/#breadcrumb"},"inLanguage":"it-IT","potentialAction":[{"@type":"ReadAction","target":["https:\/\/landioustravel.com\/it\/shop\/escursione-isola-utopia-hurghada\/"]}]},{"@type":"ImageObject","inLanguage":"it-IT","@id":"https:\/\/landioustravel.com\/it\/shop\/escursione-isola-utopia-hurghada\/#primaryimage","url":"https:\/\/i0.wp.com\/landioustravel.com\/wp-content\/uploads\/2021\/03\/Utopia_snprkelling_trip-e1615595681766.jpg?fit=1200%2C675&ssl=1","contentUrl":"https:\/\/i0.wp.com\/landioustravel.com\/wp-content\/uploads\/2021\/03\/Utopia_snprkelling_trip-e1615595681766.jpg?fit=1200%2C675&ssl=1","width":1200,"height":675,"caption":"\u042d\u043a\u0441\u043a\u0443\u0440\u0441\u0438\u044f \u0421\u0443\u043f\u0435\u0440 \u0423\u0442\u043e\u043f\u0438\u044f \u0438\u0437 \u0425\u0443\u0440\u0433\u0430\u0434\u044b"},{"@type":"BreadcrumbList","@id":"https:\/\/landioustravel.com\/it\/shop\/escursione-isola-utopia-hurghada\/#breadcrumb","itemListElement":[{"@type":"ListItem","position":1,"name":"Home","item":"https:\/\/landioustravel.com\/it\/"},{"@type":"ListItem","position":2,"name":"Tour in Egitto","item":"https:\/\/landioustravel.com\/it\/"},{"@type":"ListItem","position":3,"name":"Escursione all&#8217;isola di Utopia da Hurghada"}]},{"@type":"WebSite","@id":"https:\/\/landioustravel.com\/it\/#website","url":"https:\/\/landioustravel.com\/it\/","name":"Landious Travel","description":"Excursions, trips and cruises in Egypt","publisher":{"@id":"https:\/\/landioustravel.com\/it\/#organization"},"potentialAction":[{"@type":"SearchAction","target":{"@type":"EntryPoint","urlTemplate":"https:\/\/landioustravel.com\/it\/?s={search_term_string}"},"query-input":{"@type":"PropertyValueSpecification","valueRequired":true,"valueName":"search_term_string"}}],"inLanguage":"it-IT"},{"@type":["Organization","Place"],"@id":"https:\/\/landioustravel.com\/it\/#organization","name":"Landious Travel","alternateName":"Landious Travel","url":"https:\/\/landioustravel.com\/it\/","logo":{"@id":"https:\/\/landioustravel.com\/it\/shop\/escursione-isola-utopia-hurghada\/#local-main-organization-logo"},"image":{"@id":"https:\/\/landioustravel.com\/it\/shop\/escursione-isola-utopia-hurghada\/#local-main-organization-logo"},"sameAs":["https:\/\/web.facebook.com\/landiousEgypt","https:\/\/x.com\/LandiousTours","https:\/\/mastodon.social\/@landious"],"legalName":"Landious Travel","telephone":[],"openingHoursSpecification":[{"@type":"OpeningHoursSpecification","dayOfWeek":["Monday","Tuesday","Wednesday","Thursday","Friday","Saturday","Sunday"],"opens":"09:00","closes":"17:00"}]},{"@type":"ImageObject","inLanguage":"it-IT","@id":"https:\/\/landioustravel.com\/it\/shop\/escursione-isola-utopia-hurghada\/#local-main-organization-logo","url":"https:\/\/i0.wp.com\/landioustravel.com\/wp-content\/uploads\/2021\/06\/Landious-T.png?fit=500%2C500&ssl=1","contentUrl":"https:\/\/i0.wp.com\/landioustravel.com\/wp-content\/uploads\/2021\/06\/Landious-T.png?fit=500%2C500&ssl=1","width":500,"height":500,"caption":"Landious Travel"}]}},"jetpack_publicize_connections":[],"uagb_featured_image_src":{"full":["https:\/\/i0.wp.com\/landioustravel.com\/wp-content\/uploads\/2021\/03\/Utopia_snprkelling_trip-e1615595681766.jpg?fit=1200%2C675&ssl=1",1200,675,false],"thumbnail":["https:\/\/i0.wp.com\/landioustravel.com\/wp-content\/uploads\/2021\/03\/Utopia_snprkelling_trip-e1615595681766.jpg?resize=150%2C150&ssl=1",150,150,true],"medium":["https:\/\/i0.wp.com\/landioustravel.com\/wp-content\/uploads\/2021\/03\/Utopia_snprkelling_trip-e1615595681766.jpg?fit=300%2C169&ssl=1",300,169,true],"medium_large":["https:\/\/i0.wp.com\/landioustravel.com\/wp-content\/uploads\/2021\/03\/Utopia_snprkelling_trip-e1615595681766.jpg?fit=768%2C432&ssl=1",768,432,true],"large":["https:\/\/i0.wp.com\/landioustravel.com\/wp-content\/uploads\/2021\/03\/Utopia_snprkelling_trip-e1615595681766.jpg?fit=980%2C551&ssl=1",980,551,true],"1536x1536":["https:\/\/i0.wp.com\/landioustravel.com\/wp-content\/uploads\/2021\/03\/Utopia_snprkelling_trip-e1615595681766.jpg?fit=1536%2C864&ssl=1",1536,864,true],"2048x2048":["https:\/\/i0.wp.com\/landioustravel.com\/wp-content\/uploads\/2021\/03\/Utopia_snprkelling_trip-e1615595681766.jpg?fit=2048%2C1152&ssl=1",2048,1152,true],"newspack-article-block-landscape-large":["https:\/\/i0.wp.com\/landioustravel.com\/wp-content\/uploads\/2021\/03\/Utopia_snprkelling_trip-e1615595681766.jpg?resize=1200%2C675&ssl=1",1200,900,true],"newspack-article-block-portrait-large":["https:\/\/i0.wp.com\/landioustravel.com\/wp-content\/uploads\/2021\/03\/Utopia_snprkelling_trip-e1615595681766.jpg?resize=900%2C675&ssl=1",900,675,true],"newspack-article-block-square-large":["https:\/\/i0.wp.com\/landioustravel.com\/wp-content\/uploads\/2021\/03\/Utopia_snprkelling_trip-e1615595681766.jpg?resize=1200%2C675&ssl=1",1200,1200,true],"newspack-article-block-landscape-medium":["https:\/\/i0.wp.com\/landioustravel.com\/wp-content\/uploads\/2021\/03\/Utopia_snprkelling_trip-e1615595681766.jpg?resize=800%2C600&ssl=1",800,600,true],"newspack-article-block-portrait-medium":["https:\/\/i0.wp.com\/landioustravel.com\/wp-content\/uploads\/2021\/03\/Utopia_snprkelling_trip-e1615595681766.jpg?resize=600%2C675&ssl=1",600,675,true],"newspack-article-block-square-medium":["https:\/\/i0.wp.com\/landioustravel.com\/wp-content\/uploads\/2021\/03\/Utopia_snprkelling_trip-e1615595681766.jpg?resize=800%2C675&ssl=1",800,675,true],"newspack-article-block-landscape-intermediate":["https:\/\/i0.wp.com\/landioustravel.com\/wp-content\/uploads\/2021\/03\/Utopia_snprkelling_trip-e1615595681766.jpg?resize=600%2C450&ssl=1",600,450,true],"newspack-article-block-portrait-intermediate":["https:\/\/i0.wp.com\/landioustravel.com\/wp-content\/uploads\/2021\/03\/Utopia_snprkelling_trip-e1615595681766.jpg?resize=450%2C600&ssl=1",450,600,true],"newspack-article-block-square-intermediate":["https:\/\/i0.wp.com\/landioustravel.com\/wp-content\/uploads\/2021\/03\/Utopia_snprkelling_trip-e1615595681766.jpg?resize=600%2C600&ssl=1",600,600,true],"newspack-article-block-landscape-small":["https:\/\/i0.wp.com\/landioustravel.com\/wp-content\/uploads\/2021\/03\/Utopia_snprkelling_trip-e1615595681766.jpg?resize=400%2C300&ssl=1",400,300,true],"newspack-article-block-portrait-small":["https:\/\/i0.wp.com\/landioustravel.com\/wp-content\/uploads\/2021\/03\/Utopia_snprkelling_trip-e1615595681766.jpg?resize=300%2C400&ssl=1",300,400,true],"newspack-article-block-square-small":["https:\/\/i0.wp.com\/landioustravel.com\/wp-content\/uploads\/2021\/03\/Utopia_snprkelling_trip-e1615595681766.jpg?resize=400%2C400&ssl=1",400,400,true],"newspack-article-block-landscape-tiny":["https:\/\/i0.wp.com\/landioustravel.com\/wp-content\/uploads\/2021\/03\/Utopia_snprkelling_trip-e1615595681766.jpg?resize=200%2C150&ssl=1",200,150,true],"newspack-article-block-portrait-tiny":["https:\/\/i0.wp.com\/landioustravel.com\/wp-content\/uploads\/2021\/03\/Utopia_snprkelling_trip-e1615595681766.jpg?resize=150%2C200&ssl=1",150,200,true],"newspack-article-block-square-tiny":["https:\/\/i0.wp.com\/landioustravel.com\/wp-content\/uploads\/2021\/03\/Utopia_snprkelling_trip-e1615595681766.jpg?resize=200%2C200&ssl=1",200,200,true],"newspack-article-block-uncropped":["https:\/\/i0.wp.com\/landioustravel.com\/wp-content\/uploads\/2021\/03\/Utopia_snprkelling_trip-e1615595681766.jpg?fit=1200%2C675&ssl=1",1200,675,true],"woocommerce_thumbnail":["https:\/\/i0.wp.com\/landioustravel.com\/wp-content\/uploads\/2021\/03\/Utopia_snprkelling_trip-e1615595681766.jpg?resize=324%2C324&ssl=1",324,324,true],"woocommerce_single":["https:\/\/i0.wp.com\/landioustravel.com\/wp-content\/uploads\/2021\/03\/Utopia_snprkelling_trip-e1615595681766.jpg?fit=416%2C234&ssl=1",416,234,true],"woocommerce_gallery_thumbnail":["https:\/\/i0.wp.com\/landioustravel.com\/wp-content\/uploads\/2021\/03\/Utopia_snprkelling_trip-e1615595681766.jpg?resize=100%2C100&ssl=1",100,100,true]},"uagb_author_info":{"display_name":"Mofreh Landious","author_link":"https:\/\/landioustravel.com\/it\/author\/"},"uagb_comment_info":8,"uagb_excerpt":"Siamo entusiasti di offrirti un viaggio in mare indimenticabile sull'isola di Utopia! Il nostro programma \u00e8 progettato per offrirti una serie di entusiasmanti attivit\u00e0 di sport acquatici e la possibilit\u00e0 di esplorare l'isola. Dal nuoto e lo snorkeling alla pesca e cavalcando banane e giochi d'acqua da divano, questo programma promette di essere una giornata&hellip;","jetpack_sharing_enabled":true,"jetpack_likes_enabled":true,"amp_enabled":true,"_links":{"self":[{"href":"https:\/\/landioustravel.com\/it\/wp-json\/wp\/v2\/product\/1542","targetHints":{"allow":["GET"]}}],"collection":[{"href":"https:\/\/landioustravel.com\/it\/wp-json\/wp\/v2\/product"}],"about":[{"href":"https:\/\/landioustravel.com\/it\/wp-json\/wp\/v2\/types\/product"}],"replies":[{"embeddable":true,"href":"https:\/\/landioustravel.com\/it\/wp-json\/wp\/v2\/comments?post=1542"}],"wp:featuredmedia":[{"embeddable":true,"href":"https:\/\/landioustravel.com\/it\/wp-json\/wp\/v2\/media\/29158"}],"wp:attachment":[{"href":"https:\/\/landioustravel.com\/it\/wp-json\/wp\/v2\/media?parent=1542"}],"wp:term":[{"taxonomy":"product_brand","embeddable":true,"href":"https:\/\/landioustravel.com\/it\/wp-json\/wp\/v2\/product_brand?post=1542"},{"taxonomy":"product_cat","embeddable":true,"href":"https:\/\/landioustravel.com\/it\/wp-json\/wp\/v2\/product_cat?post=1542"},{"taxonomy":"product_tag","embeddable":true,"href":"https:\/\/landioustravel.com\/it\/wp-json\/wp\/v2\/product_tag?post=1542"}],"curies":[{"name":"wp","href":"https:\/\/api.w.org\/{rel}","templated":true}]}}