{"id":1544,"date":"2018-11-12T00:52:50","date_gmt":"2018-11-11T22:52:50","guid":{"rendered":"https:\/\/landioustravel.com\/product\/escursione-cairo-giza-hurghada\/"},"modified":"2024-09-17T20:14:03","modified_gmt":"2024-09-17T17:14:03","slug":"escursione-cairo-giza-hurghada","status":"publish","type":"product","link":"https:\/\/landioustravel.com\/it\/shop\/escursione-cairo-giza-hurghada\/","title":{"rendered":"Escursione al Cairo-Giza da Hurghada"},"content":{"rendered":"<p>Un meraviglioso tour al Cairo dalla localit\u00e0 di Hurghada! Consigliamo l&#8217;escursione perch\u00e9 consente ai turisti di vedere i luoghi pi\u00f9 suggestivi, costruiti durante l&#8217;antico Egitto, e di conoscere meglio la storia del paese.<\/p>\n<h2>Principali programmi di escursione al Cairo<\/h2>\n<ul>\n<li>Visita al Museo Egizio al Cairo<\/li>\n<li>Pranzo<\/li>\n<li>Visita le tre piramidi di Giza<\/li>\n<li>Visita la Grande Sfinge nel complesso piramidale<\/li>\n<\/ul>\n<h3>Programma di escursione al Cairo-Giza da Hurghada<\/h3>\n<ul>\n<li>Prendi l&#8217;hotel intorno alle 02:00 del mattino<\/li>\n<li>Dopo aver preso tutti gli arrivi, l&#8217;autobus parte per il Cairo passando per la citt\u00e0 di Ras Ghareb, Zafaran, Ain Sozno e Suez. Tutte queste citt\u00e0 sono a nord di Hurghada, sulla costa del Mar Rosso. La strada, dal centro di Hurghada al Cairo, dura circa 6 ore<\/li>\n<\/ul>\n<h4>Programma al Cairo<\/h4>\n<ul>\n<li>Non appena arrivi al Cairo, mostriamo il Museo Egizio. La tua guida avr\u00e0 il compito di mostrare tutti questi templi e di dare il tempo libero per fare foto<\/li>\n<li>Dopo aver visitato il Museo Egizio al Cairo, inizi la gita in barca sul Nilo. Questo \u00e8 un programma aggiuntivo e deve essere ordinato in anticipo tramite noi! Non appena finisce il giro in barca sul Nilo, ti stai dirigendo verso un&#8217;altra citt\u00e0, Giza<\/li>\n<\/ul>\n<h4>Programma di Giza<\/h4>\n<ul>\n<li>Il tour continua a Giza. La prima tappa ci sar\u00e0 nel ristorante. Offre un buffet<\/li>\n<li>Dopo pranzo, fai shopping per un po &#8216;di tempo<\/li>\n<li>Quindi, il gruppo si dirige verso il complesso della piramide, dove ci sono tre grandi piramidi e la Sfinge. La tua guida li mostra e d\u00e0 loro una foto<\/li>\n<li>Prima della fine del programma a Giza, i turisti hanno tempo per lo shopping nella profumeria<\/li>\n<li>Il nostro autobus parte dopo un programma del genere nelle meravigliose citt\u00e0 del Cairo e di Giza.<\/li>\n<\/ul>\n<h4>Cosa \u00e8 incluso nel prezzo del tour<\/h4>\n<ul>\n<li>I biglietti per visitare i templi<\/li>\n<li>Pranzo<\/li>\n<li>Guida<\/li>\n<li>Trasferimento al Cairo e ritorno in hotel<\/li>\n<\/ul>\n<h5>Cosa non \u00e8 incluso nel prezzo del tour<\/h5>\n<ul>\n<li>Ulteriori programmi di escursioni<\/li>\n<li>Bevande<\/li>\n<\/ul>\n<h6>Cosa portare con te per il viaggio<\/h6>\n<ul>\n<li>Scatola della colazione<\/li>\n<li>Vestiti per la stagione<\/li>\n<\/ul>\n<h6>GIORNI DI ORGANIZZAZIONE DI ESCURSIONE<\/h6>\n<ul>\n<li>Sabato dalle 02:00 alle 22:00<\/li>\n<li>Domenica dalle 02:00 alle 22:00<\/li>\n<li>Luned\u00ec dalle 02:00 alle 22:00<\/li>\n<li>Marted\u00ec dalle 02:00 alle 22:00<\/li>\n<li>Mercoled\u00ec dalle 02:00 alle 22:00<\/li>\n<li>Gioved\u00ec dalle 02:00 alle 22:00<\/li>\n<\/ul>\n","protected":false},"excerpt":{"rendered":"<p>Parti per un viaggio al Cairo e lascia che ci prendiamo cura del tuo comfort e della tua sicurezza. Il nostro autobus con aria condizionata ti verr\u00e0 a prendere dal tuo hotel a Hurghada e ti condurr\u00e0 attraverso lo splendido scenario del Mar Rosso e del deserto. Una volta arrivato al Cairo, la tua guida turistica ti aspetter\u00e0 per accompagnarti in un tour in autobus. Comprendiamo che viaggiare in un nuovo posto pu\u00f2 essere travolgente, quindi saremo l\u00ec per assisterti in ogni fase del percorso.<\/p>\n<p>Il Museo Nazionale Egizio \u00e8 un&#8217;attrazione da non perdere e il nostro tour ti porter\u00e0 l\u00ec per ammirare i tesori faraonici, tra cui il tesoro d&#8217;oro di Tutankhamon e gli affascinanti sarcofagi. Potrai anche visitare le famose piramidi, che sono considerate una delle sette meraviglie del mondo. La tua guida ti dar\u00e0 un sacco di tempo per ammirare le piramidi e ammirare la vista mozzafiato dall&#8217;altopiano. E, naturalmente, nessuna visita alle piramidi \u00e8 completa senza vedere la Sfinge.<\/p>\n<p>Se hai ancora un po&#8217; di energia, ti offriamo un viaggio facoltativo sul Nilo a un costo aggiuntivo.<\/p>\n<p>Comprendiamo che non vuoi perderti le antiche meraviglie del Cairo solo perch\u00e9 sei a Hurghada. Ecco perch\u00e9 la nostra missione \u00e8 stata quella di offrirti un modo comodo e conveniente per vivere i momenti salienti del Cairo. La nostra guida-autista ti accompagner\u00e0 in un veicolo con aria condizionata e includeremo anche un delizioso pranzo e una visita al bazar locale. Avrai tutto il necessario per creare ricordi che dureranno tutta la vita.<\/p>\n<p>Sappiamo che viaggiare pu\u00f2 essere stressante, quindi vogliamo renderlo il pi\u00f9 semplice possibile per te. Ecco perch\u00e9 verremo a prenderti dal tuo hotel in un orario che preferisci e ci occuperemo di tutti i dettagli. Puoi sederti, rilassarti e lasciarti mostrare le meraviglie del Cairo.<\/p>\n","protected":false},"featured_media":46712,"comment_status":"open","ping_status":"closed","template":"","meta":{"_coblocks_attr":"","_coblocks_dimensions":"","_coblocks_responsive_height":"","_coblocks_accordion_ie_support":"","_uag_custom_page_level_css":"","jetpack_publicize_message":"","jetpack_publicize_feature_enabled":true,"jetpack_social_post_already_shared":false,"jetpack_social_options":{"image_generator_settings":{"template":"highway","default_image_id":0,"font":"","enabled":false},"version":2},"_wpas_customize_per_network":false},"product_brand":[],"product_cat":[1632,22508,1636,22513,22529,22527],"product_tag":[1644,2145,1661,1643,1645,1646,9910],"class_list":{"0":"post-1544","1":"product","2":"type-product","3":"status-publish","4":"has-post-thumbnail","6":"product_cat-escursioni-hurghada","7":"product_cat-escursioni-economiche-hurghada","8":"product_cat-escursioni-storiche-hurghada","9":"product_cat-hurghada-escursioni-cairo","10":"product_cat-hurghada-tour-piramidi","11":"product_cat-tour-giorno-hurghada-cairo","12":"product_tag-escursione","13":"product_tag-escursioni-da-hurghada","14":"product_tag-hurghada-it","15":"product_tag-il-cairo","16":"product_tag-piramidi","17":"product_tag-sfinge","18":"product_tag-visita-turistica","19":"pa_age-adulto","20":"pa_age-bambino-1-4-anni","21":"pa_age-bambino-5-11-anni","23":"first","24":"instock","25":"sale","26":"purchasable","27":"product-type-variable"},"yoast_head":"<!-- This site is optimized with the Yoast SEO Premium plugin v26.9 (Yoast SEO v27.3) - https:\/\/yoast.com\/product\/yoast-seo-premium-wordpress\/ -->\n<title>Escursione al Cairo-Giza da Hurghada<\/title>\n<meta name=\"description\" content=\"Escursione al Cairo-Giza da Hurghada si dirige verso le tre grandi piramidi e la Grande Sfinge a Giza e il Museo Egizio al Cairo\" \/>\n<meta name=\"robots\" content=\"index, follow, max-snippet:-1, max-image-preview:large, max-video-preview:-1\" \/>\n<link rel=\"canonical\" href=\"https:\/\/landioustravel.com\/it\/shop\/escursione-cairo-giza-hurghada\/\" \/>\n<meta property=\"og:locale\" content=\"it_IT\" \/>\n<meta property=\"og:type\" content=\"article\" \/>\n<meta property=\"og:title\" content=\"Escursione al Cairo-Giza da Hurghada\" \/>\n<meta property=\"og:description\" content=\"Landious Travel\" \/>\n<meta property=\"og:url\" content=\"https:\/\/landioustravel.com\/it\/shop\/escursione-cairo-giza-hurghada\/\" \/>\n<meta property=\"og:site_name\" content=\"Landious Travel\" \/>\n<meta property=\"article:publisher\" content=\"https:\/\/web.facebook.com\/landiousEgypt\" \/>\n<meta property=\"article:modified_time\" content=\"2024-09-17T17:14:03+00:00\" \/>\n<meta property=\"og:image\" content=\"https:\/\/i0.wp.com\/landioustravel.com\/wp-content\/uploads\/2018\/11\/Giza-Cairo-Excursion-Hurghada-e1617832610155.jpg?fit=1200%2C674&ssl=1\" \/>\n\t<meta property=\"og:image:width\" content=\"1200\" \/>\n\t<meta property=\"og:image:height\" content=\"674\" \/>\n\t<meta property=\"og:image:type\" content=\"image\/jpeg\" \/>\n<meta name=\"twitter:card\" content=\"summary_large_image\" \/>\n<meta name=\"twitter:site\" content=\"@LandiousTours\" \/>\n<meta name=\"twitter:label1\" content=\"Tempo di lettura stimato\" \/>\n\t<meta name=\"twitter:data1\" content=\"2 minuti\" \/>\n<script type=\"application\/ld+json\" class=\"yoast-schema-graph\">{\"@context\":\"https:\\\/\\\/schema.org\",\"@graph\":[{\"@type\":\"WebPage\",\"@id\":\"https:\\\/\\\/landioustravel.com\\\/it\\\/shop\\\/escursione-cairo-giza-hurghada\\\/\",\"url\":\"https:\\\/\\\/landioustravel.com\\\/it\\\/shop\\\/escursione-cairo-giza-hurghada\\\/\",\"name\":\"Escursione al Cairo-Giza da Hurghada\",\"isPartOf\":{\"@id\":\"https:\\\/\\\/landioustravel.com\\\/it\\\/#website\"},\"primaryImageOfPage\":{\"@id\":\"https:\\\/\\\/landioustravel.com\\\/it\\\/shop\\\/escursione-cairo-giza-hurghada\\\/#primaryimage\"},\"image\":{\"@id\":\"https:\\\/\\\/landioustravel.com\\\/it\\\/shop\\\/escursione-cairo-giza-hurghada\\\/#primaryimage\"},\"thumbnailUrl\":\"https:\\\/\\\/i0.wp.com\\\/landioustravel.com\\\/wp-content\\\/uploads\\\/2018\\\/11\\\/Giza-Cairo-Excursion-Hurghada-e1617832610155.jpg?fit=1200%2C674&ssl=1\",\"datePublished\":\"2018-11-11T22:52:50+00:00\",\"dateModified\":\"2024-09-17T17:14:03+00:00\",\"description\":\"Escursione al Cairo-Giza da Hurghada si dirige verso le tre grandi piramidi e la Grande Sfinge a Giza e il Museo Egizio al Cairo\",\"breadcrumb\":{\"@id\":\"https:\\\/\\\/landioustravel.com\\\/it\\\/shop\\\/escursione-cairo-giza-hurghada\\\/#breadcrumb\"},\"inLanguage\":\"it-IT\",\"potentialAction\":[{\"@type\":\"ReadAction\",\"target\":[\"https:\\\/\\\/landioustravel.com\\\/it\\\/shop\\\/escursione-cairo-giza-hurghada\\\/\"]}]},{\"@type\":\"ImageObject\",\"inLanguage\":\"it-IT\",\"@id\":\"https:\\\/\\\/landioustravel.com\\\/it\\\/shop\\\/escursione-cairo-giza-hurghada\\\/#primaryimage\",\"url\":\"https:\\\/\\\/i0.wp.com\\\/landioustravel.com\\\/wp-content\\\/uploads\\\/2018\\\/11\\\/Giza-Cairo-Excursion-Hurghada-e1617832610155.jpg?fit=1200%2C674&ssl=1\",\"contentUrl\":\"https:\\\/\\\/i0.wp.com\\\/landioustravel.com\\\/wp-content\\\/uploads\\\/2018\\\/11\\\/Giza-Cairo-Excursion-Hurghada-e1617832610155.jpg?fit=1200%2C674&ssl=1\",\"width\":1200,\"height\":674,\"caption\":\"Giza Cairo Excursion Hurghada\"},{\"@type\":\"BreadcrumbList\",\"@id\":\"https:\\\/\\\/landioustravel.com\\\/it\\\/shop\\\/escursione-cairo-giza-hurghada\\\/#breadcrumb\",\"itemListElement\":[{\"@type\":\"ListItem\",\"position\":1,\"name\":\"Home\",\"item\":\"https:\\\/\\\/landioustravel.com\\\/it\\\/\"},{\"@type\":\"ListItem\",\"position\":2,\"name\":\"Tour in Egitto\",\"item\":\"https:\\\/\\\/landioustravel.com\\\/it\\\/\"},{\"@type\":\"ListItem\",\"position\":3,\"name\":\"Escursione al Cairo-Giza da Hurghada\"}]},{\"@type\":\"WebSite\",\"@id\":\"https:\\\/\\\/landioustravel.com\\\/it\\\/#website\",\"url\":\"https:\\\/\\\/landioustravel.com\\\/it\\\/\",\"name\":\"Landious Travel\",\"description\":\"Excursions, trips and cruises in Egypt\",\"publisher\":{\"@id\":\"https:\\\/\\\/landioustravel.com\\\/it\\\/#organization\"},\"potentialAction\":[{\"@type\":\"SearchAction\",\"target\":{\"@type\":\"EntryPoint\",\"urlTemplate\":\"https:\\\/\\\/landioustravel.com\\\/it\\\/?s={search_term_string}\"},\"query-input\":{\"@type\":\"PropertyValueSpecification\",\"valueRequired\":true,\"valueName\":\"search_term_string\"}}],\"inLanguage\":\"it-IT\"},{\"@type\":[\"Organization\",\"Place\"],\"@id\":\"https:\\\/\\\/landioustravel.com\\\/it\\\/#organization\",\"name\":\"Landious Travel\",\"alternateName\":\"Landious Travel\",\"url\":\"https:\\\/\\\/landioustravel.com\\\/it\\\/\",\"logo\":{\"@id\":\"https:\\\/\\\/landioustravel.com\\\/it\\\/shop\\\/escursione-cairo-giza-hurghada\\\/#local-main-organization-logo\"},\"image\":{\"@id\":\"https:\\\/\\\/landioustravel.com\\\/it\\\/shop\\\/escursione-cairo-giza-hurghada\\\/#local-main-organization-logo\"},\"sameAs\":[\"https:\\\/\\\/web.facebook.com\\\/landiousEgypt\",\"https:\\\/\\\/x.com\\\/LandiousTours\",\"https:\\\/\\\/mastodon.social\\\/@landious\"],\"legalName\":\"Landious Travel\",\"telephone\":[],\"openingHoursSpecification\":[{\"@type\":\"OpeningHoursSpecification\",\"dayOfWeek\":[\"Monday\",\"Tuesday\",\"Wednesday\",\"Thursday\",\"Friday\",\"Saturday\",\"Sunday\"],\"opens\":\"09:00\",\"closes\":\"17:00\"}]},{\"@type\":\"ImageObject\",\"inLanguage\":\"it-IT\",\"@id\":\"https:\\\/\\\/landioustravel.com\\\/it\\\/shop\\\/escursione-cairo-giza-hurghada\\\/#local-main-organization-logo\",\"url\":\"https:\\\/\\\/i0.wp.com\\\/landioustravel.com\\\/wp-content\\\/uploads\\\/2021\\\/06\\\/Landious-T.png?fit=500%2C500&ssl=1\",\"contentUrl\":\"https:\\\/\\\/i0.wp.com\\\/landioustravel.com\\\/wp-content\\\/uploads\\\/2021\\\/06\\\/Landious-T.png?fit=500%2C500&ssl=1\",\"width\":500,\"height\":500,\"caption\":\"Landious Travel\"}]}<\/script>\n<!-- \/ Yoast SEO Premium plugin. -->","yoast_head_json":{"title":"Escursione al Cairo-Giza da Hurghada","description":"Escursione al Cairo-Giza da Hurghada si dirige verso le tre grandi piramidi e la Grande Sfinge a Giza e il Museo Egizio al Cairo","robots":{"index":"index","follow":"follow","max-snippet":"max-snippet:-1","max-image-preview":"max-image-preview:large","max-video-preview":"max-video-preview:-1"},"canonical":"https:\/\/landioustravel.com\/it\/shop\/escursione-cairo-giza-hurghada\/","og_locale":"it_IT","og_type":"article","og_title":"Escursione al Cairo-Giza da Hurghada","og_description":"Landious Travel","og_url":"https:\/\/landioustravel.com\/it\/shop\/escursione-cairo-giza-hurghada\/","og_site_name":"Landious Travel","article_publisher":"https:\/\/web.facebook.com\/landiousEgypt","article_modified_time":"2024-09-17T17:14:03+00:00","og_image":[{"width":1200,"height":674,"url":"https:\/\/i0.wp.com\/landioustravel.com\/wp-content\/uploads\/2018\/11\/Giza-Cairo-Excursion-Hurghada-e1617832610155.jpg?fit=1200%2C674&ssl=1","type":"image\/jpeg"}],"twitter_card":"summary_large_image","twitter_site":"@LandiousTours","twitter_misc":{"Tempo di lettura stimato":"2 minuti"},"schema":{"@context":"https:\/\/schema.org","@graph":[{"@type":"WebPage","@id":"https:\/\/landioustravel.com\/it\/shop\/escursione-cairo-giza-hurghada\/","url":"https:\/\/landioustravel.com\/it\/shop\/escursione-cairo-giza-hurghada\/","name":"Escursione al Cairo-Giza da Hurghada","isPartOf":{"@id":"https:\/\/landioustravel.com\/it\/#website"},"primaryImageOfPage":{"@id":"https:\/\/landioustravel.com\/it\/shop\/escursione-cairo-giza-hurghada\/#primaryimage"},"image":{"@id":"https:\/\/landioustravel.com\/it\/shop\/escursione-cairo-giza-hurghada\/#primaryimage"},"thumbnailUrl":"https:\/\/i0.wp.com\/landioustravel.com\/wp-content\/uploads\/2018\/11\/Giza-Cairo-Excursion-Hurghada-e1617832610155.jpg?fit=1200%2C674&ssl=1","datePublished":"2018-11-11T22:52:50+00:00","dateModified":"2024-09-17T17:14:03+00:00","description":"Escursione al Cairo-Giza da Hurghada si dirige verso le tre grandi piramidi e la Grande Sfinge a Giza e il Museo Egizio al Cairo","breadcrumb":{"@id":"https:\/\/landioustravel.com\/it\/shop\/escursione-cairo-giza-hurghada\/#breadcrumb"},"inLanguage":"it-IT","potentialAction":[{"@type":"ReadAction","target":["https:\/\/landioustravel.com\/it\/shop\/escursione-cairo-giza-hurghada\/"]}]},{"@type":"ImageObject","inLanguage":"it-IT","@id":"https:\/\/landioustravel.com\/it\/shop\/escursione-cairo-giza-hurghada\/#primaryimage","url":"https:\/\/i0.wp.com\/landioustravel.com\/wp-content\/uploads\/2018\/11\/Giza-Cairo-Excursion-Hurghada-e1617832610155.jpg?fit=1200%2C674&ssl=1","contentUrl":"https:\/\/i0.wp.com\/landioustravel.com\/wp-content\/uploads\/2018\/11\/Giza-Cairo-Excursion-Hurghada-e1617832610155.jpg?fit=1200%2C674&ssl=1","width":1200,"height":674,"caption":"Giza Cairo Excursion Hurghada"},{"@type":"BreadcrumbList","@id":"https:\/\/landioustravel.com\/it\/shop\/escursione-cairo-giza-hurghada\/#breadcrumb","itemListElement":[{"@type":"ListItem","position":1,"name":"Home","item":"https:\/\/landioustravel.com\/it\/"},{"@type":"ListItem","position":2,"name":"Tour in Egitto","item":"https:\/\/landioustravel.com\/it\/"},{"@type":"ListItem","position":3,"name":"Escursione al Cairo-Giza da Hurghada"}]},{"@type":"WebSite","@id":"https:\/\/landioustravel.com\/it\/#website","url":"https:\/\/landioustravel.com\/it\/","name":"Landious Travel","description":"Excursions, trips and cruises in Egypt","publisher":{"@id":"https:\/\/landioustravel.com\/it\/#organization"},"potentialAction":[{"@type":"SearchAction","target":{"@type":"EntryPoint","urlTemplate":"https:\/\/landioustravel.com\/it\/?s={search_term_string}"},"query-input":{"@type":"PropertyValueSpecification","valueRequired":true,"valueName":"search_term_string"}}],"inLanguage":"it-IT"},{"@type":["Organization","Place"],"@id":"https:\/\/landioustravel.com\/it\/#organization","name":"Landious Travel","alternateName":"Landious Travel","url":"https:\/\/landioustravel.com\/it\/","logo":{"@id":"https:\/\/landioustravel.com\/it\/shop\/escursione-cairo-giza-hurghada\/#local-main-organization-logo"},"image":{"@id":"https:\/\/landioustravel.com\/it\/shop\/escursione-cairo-giza-hurghada\/#local-main-organization-logo"},"sameAs":["https:\/\/web.facebook.com\/landiousEgypt","https:\/\/x.com\/LandiousTours","https:\/\/mastodon.social\/@landious"],"legalName":"Landious Travel","telephone":[],"openingHoursSpecification":[{"@type":"OpeningHoursSpecification","dayOfWeek":["Monday","Tuesday","Wednesday","Thursday","Friday","Saturday","Sunday"],"opens":"09:00","closes":"17:00"}]},{"@type":"ImageObject","inLanguage":"it-IT","@id":"https:\/\/landioustravel.com\/it\/shop\/escursione-cairo-giza-hurghada\/#local-main-organization-logo","url":"https:\/\/i0.wp.com\/landioustravel.com\/wp-content\/uploads\/2021\/06\/Landious-T.png?fit=500%2C500&ssl=1","contentUrl":"https:\/\/i0.wp.com\/landioustravel.com\/wp-content\/uploads\/2021\/06\/Landious-T.png?fit=500%2C500&ssl=1","width":500,"height":500,"caption":"Landious Travel"}]}},"jetpack_publicize_connections":[],"uagb_featured_image_src":{"full":["https:\/\/i0.wp.com\/landioustravel.com\/wp-content\/uploads\/2018\/11\/Giza-Cairo-Excursion-Hurghada-e1617832610155.jpg?fit=1200%2C674&ssl=1",1200,674,false],"thumbnail":["https:\/\/i0.wp.com\/landioustravel.com\/wp-content\/uploads\/2018\/11\/Giza-Cairo-Excursion-Hurghada-e1617832610155.jpg?resize=150%2C150&ssl=1",150,150,true],"medium":["https:\/\/i0.wp.com\/landioustravel.com\/wp-content\/uploads\/2018\/11\/Giza-Cairo-Excursion-Hurghada-e1617832610155.jpg?fit=300%2C169&ssl=1",300,169,true],"medium_large":["https:\/\/i0.wp.com\/landioustravel.com\/wp-content\/uploads\/2018\/11\/Giza-Cairo-Excursion-Hurghada-e1617832610155.jpg?fit=768%2C432&ssl=1",768,432,true],"large":["https:\/\/i0.wp.com\/landioustravel.com\/wp-content\/uploads\/2018\/11\/Giza-Cairo-Excursion-Hurghada-e1617832610155.jpg?fit=980%2C550&ssl=1",980,550,true],"1536x1536":["https:\/\/i0.wp.com\/landioustravel.com\/wp-content\/uploads\/2018\/11\/Giza-Cairo-Excursion-Hurghada-e1617832610155.jpg?fit=1536%2C863&ssl=1",1536,863,true],"2048x2048":["https:\/\/i0.wp.com\/landioustravel.com\/wp-content\/uploads\/2018\/11\/Giza-Cairo-Excursion-Hurghada-e1617832610155.jpg?fit=1200%2C674&ssl=1",1200,674,true],"newspack-article-block-landscape-large":["https:\/\/i0.wp.com\/landioustravel.com\/wp-content\/uploads\/2018\/11\/Giza-Cairo-Excursion-Hurghada-e1617832610155.jpg?resize=1200%2C674&ssl=1",1200,900,true],"newspack-article-block-portrait-large":["https:\/\/i0.wp.com\/landioustravel.com\/wp-content\/uploads\/2018\/11\/Giza-Cairo-Excursion-Hurghada-e1617832610155.jpg?resize=900%2C674&ssl=1",900,921,true],"newspack-article-block-square-large":["https:\/\/i0.wp.com\/landioustravel.com\/wp-content\/uploads\/2018\/11\/Giza-Cairo-Excursion-Hurghada-e1617832610155.jpg?resize=1200%2C674&ssl=1",1200,921,true],"newspack-article-block-landscape-medium":["https:\/\/i0.wp.com\/landioustravel.com\/wp-content\/uploads\/2018\/11\/Giza-Cairo-Excursion-Hurghada-e1617832610155.jpg?resize=800%2C600&ssl=1",800,600,true],"newspack-article-block-portrait-medium":["https:\/\/i0.wp.com\/landioustravel.com\/wp-content\/uploads\/2018\/11\/Giza-Cairo-Excursion-Hurghada-e1617832610155.jpg?resize=600%2C674&ssl=1",600,800,true],"newspack-article-block-square-medium":["https:\/\/i0.wp.com\/landioustravel.com\/wp-content\/uploads\/2018\/11\/Giza-Cairo-Excursion-Hurghada-e1617832610155.jpg?resize=800%2C674&ssl=1",800,800,true],"newspack-article-block-landscape-intermediate":["https:\/\/i0.wp.com\/landioustravel.com\/wp-content\/uploads\/2018\/11\/Giza-Cairo-Excursion-Hurghada-e1617832610155.jpg?resize=600%2C450&ssl=1",600,450,true],"newspack-article-block-portrait-intermediate":["https:\/\/i0.wp.com\/landioustravel.com\/wp-content\/uploads\/2018\/11\/Giza-Cairo-Excursion-Hurghada-e1617832610155.jpg?resize=450%2C600&ssl=1",450,600,true],"newspack-article-block-square-intermediate":["https:\/\/i0.wp.com\/landioustravel.com\/wp-content\/uploads\/2018\/11\/Giza-Cairo-Excursion-Hurghada-e1617832610155.jpg?resize=600%2C600&ssl=1",600,600,true],"newspack-article-block-landscape-small":["https:\/\/i0.wp.com\/landioustravel.com\/wp-content\/uploads\/2018\/11\/Giza-Cairo-Excursion-Hurghada-e1617832610155.jpg?resize=400%2C300&ssl=1",400,300,true],"newspack-article-block-portrait-small":["https:\/\/i0.wp.com\/landioustravel.com\/wp-content\/uploads\/2018\/11\/Giza-Cairo-Excursion-Hurghada-e1617832610155.jpg?resize=300%2C400&ssl=1",300,400,true],"newspack-article-block-square-small":["https:\/\/i0.wp.com\/landioustravel.com\/wp-content\/uploads\/2018\/11\/Giza-Cairo-Excursion-Hurghada-e1617832610155.jpg?resize=400%2C400&ssl=1",400,400,true],"newspack-article-block-landscape-tiny":["https:\/\/i0.wp.com\/landioustravel.com\/wp-content\/uploads\/2018\/11\/Giza-Cairo-Excursion-Hurghada-e1617832610155.jpg?resize=200%2C150&ssl=1",200,150,true],"newspack-article-block-portrait-tiny":["https:\/\/i0.wp.com\/landioustravel.com\/wp-content\/uploads\/2018\/11\/Giza-Cairo-Excursion-Hurghada-e1617832610155.jpg?resize=150%2C200&ssl=1",150,200,true],"newspack-article-block-square-tiny":["https:\/\/i0.wp.com\/landioustravel.com\/wp-content\/uploads\/2018\/11\/Giza-Cairo-Excursion-Hurghada-e1617832610155.jpg?resize=200%2C200&ssl=1",200,200,true],"newspack-article-block-uncropped":["https:\/\/i0.wp.com\/landioustravel.com\/wp-content\/uploads\/2018\/11\/Giza-Cairo-Excursion-Hurghada-e1617832610155.jpg?fit=1200%2C674&ssl=1",1200,674,true],"woocommerce_thumbnail":["https:\/\/i0.wp.com\/landioustravel.com\/wp-content\/uploads\/2018\/11\/Giza-Cairo-Excursion-Hurghada-e1617832610155.jpg?resize=324%2C324&ssl=1",324,324,true],"woocommerce_single":["https:\/\/i0.wp.com\/landioustravel.com\/wp-content\/uploads\/2018\/11\/Giza-Cairo-Excursion-Hurghada-e1617832610155.jpg?fit=416%2C234&ssl=1",416,234,true],"woocommerce_gallery_thumbnail":["https:\/\/i0.wp.com\/landioustravel.com\/wp-content\/uploads\/2018\/11\/Giza-Cairo-Excursion-Hurghada-e1617832610155.jpg?resize=100%2C100&ssl=1",100,100,true]},"uagb_author_info":{"display_name":"Mofreh Landious","author_link":"https:\/\/landioustravel.com\/it\/author\/"},"uagb_comment_info":6,"uagb_excerpt":"Parti per un viaggio al Cairo e lascia che ci prendiamo cura del tuo comfort e della tua sicurezza. Il nostro autobus con aria condizionata ti verr\u00e0 a prendere dal tuo hotel a Hurghada e ti condurr\u00e0 attraverso lo splendido scenario del Mar Rosso e del deserto. Una volta arrivato al Cairo, la tua guida&hellip;","jetpack_sharing_enabled":true,"jetpack_likes_enabled":true,"amp_enabled":true,"_links":{"self":[{"href":"https:\/\/landioustravel.com\/it\/wp-json\/wp\/v2\/product\/1544","targetHints":{"allow":["GET"]}}],"collection":[{"href":"https:\/\/landioustravel.com\/it\/wp-json\/wp\/v2\/product"}],"about":[{"href":"https:\/\/landioustravel.com\/it\/wp-json\/wp\/v2\/types\/product"}],"replies":[{"embeddable":true,"href":"https:\/\/landioustravel.com\/it\/wp-json\/wp\/v2\/comments?post=1544"}],"wp:featuredmedia":[{"embeddable":true,"href":"https:\/\/landioustravel.com\/it\/wp-json\/wp\/v2\/media\/46712"}],"wp:attachment":[{"href":"https:\/\/landioustravel.com\/it\/wp-json\/wp\/v2\/media?parent=1544"}],"wp:term":[{"taxonomy":"product_brand","embeddable":true,"href":"https:\/\/landioustravel.com\/it\/wp-json\/wp\/v2\/product_brand?post=1544"},{"taxonomy":"product_cat","embeddable":true,"href":"https:\/\/landioustravel.com\/it\/wp-json\/wp\/v2\/product_cat?post=1544"},{"taxonomy":"product_tag","embeddable":true,"href":"https:\/\/landioustravel.com\/it\/wp-json\/wp\/v2\/product_tag?post=1544"}],"curies":[{"name":"wp","href":"https:\/\/api.w.org\/{rel}","templated":true}]}}