{"id":1546,"date":"2018-11-11T12:09:17","date_gmt":"2018-11-11T10:09:17","guid":{"rendered":"https:\/\/landioustravel.com\/product\/escursione-luxor-regine-hurghada\/"},"modified":"2025-10-01T20:17:47","modified_gmt":"2025-10-01T17:17:47","slug":"escursione-luxor-regine-hurghada","status":"publish","type":"product","link":"https:\/\/landioustravel.com\/it\/shop\/escursione-luxor-regine-hurghada\/","title":{"rendered":"Escursione a Luxor &#8211; Valle delle regine da Hurghada"},"content":{"rendered":"<p>Una meravigliosa escursione a Luxor dalla localit\u00e0 di Hurghada! Consigliamo un viaggio per il fatto che consente ai turisti di vedere un gran numero di antiche attrazioni egiziane e di conoscere meglio la storia del paese.<\/p>\n<h2>Principali punti del programma di escursioni nella Valle delle Regine<\/h2>\n<ul>\n<li>Tempio di Karnak nella citt\u00e0 dei vivi<\/li>\n<li>Pranzo<\/li>\n<li>I Colossi di Memnon nella Citt\u00e0 dei morti<\/li>\n<li>Visita al tempio della regina Hatshepsut<\/li>\n<li>E, la Valle delle Regine<\/li>\n<\/ul>\n<h3>Programma di escursioni a Luxor &#8211; Valle delle Regine da Hurghada<\/h3>\n<ul>\n<li>Vi verremo a prendere dall&#8217;hotel alle 04:00 circa del mattino<\/li>\n<li>Dopo aver preso tutti gli arrivi, l&#8217;autobus parte verso Luxor passando per la citt\u00e0 di Safaga e Qena. La localit\u00e0 turistica di Safaga si trova a 45 miglia a sud di Hurghada, sulla costa del Mar Rosso. Mentre, la citt\u00e0 di Qena si trova a 220 km nella valle del Nilo. La strada, dal centro di Hurghada a Luxor, dura circa 5 ore<\/li>\n<\/ul>\n<h4>Programma in Luxor orientale<\/h4>\n<ul>\n<li>Non appena arrivi a Luxor, ti mostriamo il tempio di Karnak. \u00c8 considerato il pi\u00f9 grande in Egitto e in tutto il mondo antico. Questo tempio si trova nella City of Living _ Eastern Luxor. Innanzitutto, la tua guida inizia la sua spiegazione in questo tempio e, quindi, mostra i luoghi visitati di frequente di questo grande complesso. Il complesso stesso contiene diversi templi ed edifici. La tua guida avr\u00e0 il compito di mostrare tutti questi templi e dar\u00e0 del tempo libero per scattare una foto<\/li>\n<li>Dopo aver visitato il tempio di Karnak nella parte orientale di Luxor, fai shopping per un po &#8216;di tempo<\/li>\n<li>Quindi, si avvia un picnic in barca attraverso il fiume Nilo con una visita all&#8217;Isola Banana. Questo \u00e8 un programma aggiuntivo, e deve essere ordinato in anticipo tramite noi! Una volta terminato il picnic in barca, ti troverai nel Western Luxor _ the City of the Dead<\/li>\n<\/ul>\n<h4>Programma in Western Luxor<\/h4>\n<ul>\n<li>Nel Luxor occidentale, il viaggio continua. La prima tappa, l\u00ec, sar\u00e0 ai Colossi di Memnon. Queste sono le due statue grandiose che sono state costruite nel tempio di Amenhotep II. La tua guida li mostra e ti d\u00e0 la possibilit\u00e0 di fotografarli<\/li>\n<li>Inoltre, l&#8217;autobus va al bellissimo tempio della regina Hatshepsut. Questo \u00e8 il tempio meraviglioso che si trova a Deir El-Bahari. Il tempio \u00e8 scolpito nella roccia e si compone di tre piani. Attorno a questo tempio, puoi vedere tutti i tipi di tombe e altri templi di Tutomis il terzo e Amenhopa Neb Hept Ra. Ancora una volta, la Guida fornisce informazioni e tempo libero per indagare sul luogo<\/li>\n<li>Il programma ti permette di vedere come gli artigiani preparavano le statue nell&#8217;antichit\u00e0. I turisti hanno questa idea nella fabbrica di alabastro<\/li>\n<li>Prima della fine del programma in Western Luxor, visiti la Valle delle Regine. \u00c8 cos\u00ec bello in questo posto e interessante! Nella valle dei faraoni le regine costruivano tombe per le loro mogli e figli<\/li>\n<li>Il nostro autobus parte per Hurghada, dopo un programma del genere nella meravigliosa citt\u00e0 di Luxor<\/li>\n<\/ul>\n<h4>Cosa \u00e8 incluso nel prezzo del viaggio<\/h4>\n<ul>\n<li>I biglietti per visitare i templi<\/li>\n<li>Pranzo<\/li>\n<li>Guida<\/li>\n<li>Trasferimento a Luxor e ritorno in hotel<\/li>\n<\/ul>\n<h5>Cosa non \u00e8 incluso nel prezzo del tour<\/h5>\n<ul>\n<li>Ulteriori programmi di escursione<\/li>\n<li>E, bevande<\/li>\n<\/ul>\n<h6>Cosa portare con te per il viaggio<\/h6>\n<ul>\n<li>Scatola della colazione<\/li>\n<li>Vestiti per la stagione<\/li>\n<\/ul>\n<h6>GIORNI DI ORGANIZZAZIONE DI ESCURSIONE<\/h6>\n<ul>\n<li>Domenica dalle 04:00 alle 20:00<\/li>\n<li>Marted\u00ec dalle 04:00 alle 20:00<\/li>\n<li>Gioved\u00ec dalle 04:00 alle 20:00<\/li>\n<\/ul>\n","protected":false},"excerpt":{"rendered":"<p>Vivi la magia dell&#8217;antico Egitto con un tour di un&#8217;intera giornata da Hurghada a Luxor. La tua avventura inizia con una visita al tempio di Karnak e alla sala dei profumi, seguita da un delizioso pranzo. Successivamente, ti godrai un picnic in barca attraverso il fiume Nilo per raggiungere la sponda occidentale di Luxor. Durante questo viaggio, sbarcherai anche a Banana Island.<\/p>\n<p>Esplorerai quindi la parte occidentale di Luxor, dove vedrai lo splendido tempio di Amenhotep III, noto anche come i Colossi di Memnon. Successivamente, ti fermerai alla fabbrica di alabastro locale, dove potrai acquistare souvenir. Successivamente, visiterai la Valle delle Regine, dove vedrai tre tombe. Infine, ti dirigerai al Tempio della regina Hatshepsut.<\/p>\n<p>Anche se i Colossi di Memnon sono segnati dal tempo, le due imponenti statue del faraone Amenhotep III fanno ancora la guardia. Nonostante la perdita, i viaggiatori possono ancora apprezzare la grandezza dei Colossi. I visitatori possono anche vedere due figure pi\u00f9 piccole della moglie e della madre del faraone, insieme alle incisioni su pannelli di arenaria che mostrano le immagini del dio del Nilo Hapy.<\/p>\n<p>Al Tempio di Karnak, assisterai a un&#8217;impressionante collezione di statue, colonne e al pi\u00f9 grande luogo di culto mai costruito. Il tempio abbraccia pi\u00f9 di 1.000 anni, consentendo ai visitatori di apprezzare la diversa arte e architettura di questo sito egiziano.<\/p>\n<p>La Valle delle Regine, situata sulla sponda occidentale del Nilo, \u00e8 un antico luogo di sepoltura che ospita le tombe delle mogli e dei figli reali della XVIII, XIX e XX dinastia. La tomba pi\u00f9 famosa \u00e8 quella della regina Nefertari, che solo occasionalmente \u00e8 aperta ai visitatori. Ampiamente considerata la pi\u00f9 bella di tutto l&#8217;Egitto, la tomba di Nefertari presenta scene colorate sulle pareti della sua camera e stelle dorate che adornano il soffitto.<\/p>\n<p>Il Tempio di Hatshepsut a Deir el Bahari rivaleggia con le Piramidi come uno dei grandi monumenti funerari del mondo antico. Costruito nella torreggiante parete rocciosa, che protegge dall&#8217;altra parte la Valle dei Re, si erge su tre enormi terrazze collegate da rampe, ogni livello contrassegnato da un colonnato di pilastri quadrati. L&#8217;eccellente interno in pietra presenta rilievi murali e geroglifici ben conservati, alcuni in colori brillanti, che forniscono un gradito sollievo dal caldo spietato di questa regione.<\/p>\n","protected":false},"featured_media":3349,"comment_status":"open","ping_status":"closed","template":"","meta":{"_coblocks_attr":"","_coblocks_dimensions":"","_coblocks_responsive_height":"","_coblocks_accordion_ie_support":"","_uag_custom_page_level_css":"","jetpack_publicize_message":"","jetpack_publicize_feature_enabled":true,"jetpack_social_post_already_shared":false,"jetpack_social_options":{"image_generator_settings":{"template":"highway","default_image_id":0,"font":"","enabled":false},"version":2},"_wpas_customize_per_network":false},"product_brand":[],"product_cat":[1632,22508,1636,22530],"product_tag":[1644,2145,1661,1668,9910],"class_list":{"0":"post-1546","1":"product","2":"type-product","3":"status-publish","4":"has-post-thumbnail","6":"product_cat-escursioni-hurghada","7":"product_cat-escursioni-economiche-hurghada","8":"product_cat-escursioni-storiche-hurghada","9":"product_cat-tour-da-hurghada-luxor","10":"product_tag-escursione","11":"product_tag-escursioni-da-hurghada","12":"product_tag-hurghada-it","13":"product_tag-luxor-it","14":"product_tag-visita-turistica","15":"pa_age-adulto","16":"pa_age-bambino-1-4-anni","17":"pa_age-bambino-5-11-anni","19":"first","20":"instock","21":"sale","22":"purchasable","23":"product-type-variable"},"yoast_head":"<!-- This site is optimized with the Yoast SEO Premium plugin v26.9 (Yoast SEO v27.4) - https:\/\/yoast.com\/product\/yoast-seo-premium-wordpress\/ -->\n<title>Escursione a Luxor - Valle delle regine da Hurghada<\/title>\n<meta name=\"description\" content=\"Escursione a Luxor - Valle delle regine da Hurghada visiti il tempio di Karnak, i Colossi di Memnon, la Valle delle Regine e il Tempio di Hatshepsut\" \/>\n<meta name=\"robots\" content=\"index, follow, max-snippet:-1, max-image-preview:large, max-video-preview:-1\" \/>\n<link rel=\"canonical\" href=\"https:\/\/landioustravel.com\/it\/shop\/escursione-luxor-regine-hurghada\/\" \/>\n<meta property=\"og:locale\" content=\"it_IT\" \/>\n<meta property=\"og:type\" content=\"article\" \/>\n<meta property=\"og:title\" content=\"Escursione a Luxor - Valle delle regine da Hurghada\" \/>\n<meta property=\"og:description\" content=\"Landious Travel\" \/>\n<meta property=\"og:url\" content=\"https:\/\/landioustravel.com\/it\/shop\/escursione-luxor-regine-hurghada\/\" \/>\n<meta property=\"og:site_name\" content=\"Landious Travel\" \/>\n<meta property=\"article:publisher\" content=\"https:\/\/web.facebook.com\/landiousEgypt\" \/>\n<meta property=\"article:modified_time\" content=\"2025-10-01T17:17:47+00:00\" \/>\n<meta property=\"og:image\" content=\"https:\/\/i0.wp.com\/landioustravel.com\/wp-content\/uploads\/2019\/03\/great_hypostyle_temple_of_karnak-e1600893372194.jpg?fit=1200%2C675&ssl=1\" \/>\n\t<meta property=\"og:image:width\" content=\"1200\" \/>\n\t<meta property=\"og:image:height\" content=\"675\" \/>\n\t<meta property=\"og:image:type\" content=\"image\/jpeg\" \/>\n<meta name=\"twitter:card\" content=\"summary_large_image\" \/>\n<meta name=\"twitter:site\" content=\"@LandiousTours\" \/>\n<meta name=\"twitter:label1\" content=\"Tempo di lettura stimato\" \/>\n\t<meta name=\"twitter:data1\" content=\"3 minuti\" \/>\n<script type=\"application\/ld+json\" class=\"yoast-schema-graph\">{\"@context\":\"https:\\\/\\\/schema.org\",\"@graph\":[{\"@type\":\"WebPage\",\"@id\":\"https:\\\/\\\/landioustravel.com\\\/it\\\/shop\\\/escursione-luxor-regine-hurghada\\\/\",\"url\":\"https:\\\/\\\/landioustravel.com\\\/it\\\/shop\\\/escursione-luxor-regine-hurghada\\\/\",\"name\":\"Escursione a Luxor - Valle delle regine da Hurghada\",\"isPartOf\":{\"@id\":\"https:\\\/\\\/landioustravel.com\\\/it\\\/#website\"},\"primaryImageOfPage\":{\"@id\":\"https:\\\/\\\/landioustravel.com\\\/it\\\/shop\\\/escursione-luxor-regine-hurghada\\\/#primaryimage\"},\"image\":{\"@id\":\"https:\\\/\\\/landioustravel.com\\\/it\\\/shop\\\/escursione-luxor-regine-hurghada\\\/#primaryimage\"},\"thumbnailUrl\":\"https:\\\/\\\/i0.wp.com\\\/landioustravel.com\\\/wp-content\\\/uploads\\\/2019\\\/03\\\/great_hypostyle_temple_of_karnak-e1600893372194.jpg?fit=1200%2C675&ssl=1\",\"datePublished\":\"2018-11-11T10:09:17+00:00\",\"dateModified\":\"2025-10-01T17:17:47+00:00\",\"description\":\"Escursione a Luxor - Valle delle regine da Hurghada visiti il tempio di Karnak, i Colossi di Memnon, la Valle delle Regine e il Tempio di Hatshepsut\",\"breadcrumb\":{\"@id\":\"https:\\\/\\\/landioustravel.com\\\/it\\\/shop\\\/escursione-luxor-regine-hurghada\\\/#breadcrumb\"},\"inLanguage\":\"it-IT\",\"potentialAction\":[{\"@type\":\"ReadAction\",\"target\":[\"https:\\\/\\\/landioustravel.com\\\/it\\\/shop\\\/escursione-luxor-regine-hurghada\\\/\"]}]},{\"@type\":\"ImageObject\",\"inLanguage\":\"it-IT\",\"@id\":\"https:\\\/\\\/landioustravel.com\\\/it\\\/shop\\\/escursione-luxor-regine-hurghada\\\/#primaryimage\",\"url\":\"https:\\\/\\\/i0.wp.com\\\/landioustravel.com\\\/wp-content\\\/uploads\\\/2019\\\/03\\\/great_hypostyle_temple_of_karnak-e1600893372194.jpg?fit=1200%2C675&ssl=1\",\"contentUrl\":\"https:\\\/\\\/i0.wp.com\\\/landioustravel.com\\\/wp-content\\\/uploads\\\/2019\\\/03\\\/great_hypostyle_temple_of_karnak-e1600893372194.jpg?fit=1200%2C675&ssl=1\",\"width\":1200,\"height\":675},{\"@type\":\"BreadcrumbList\",\"@id\":\"https:\\\/\\\/landioustravel.com\\\/it\\\/shop\\\/escursione-luxor-regine-hurghada\\\/#breadcrumb\",\"itemListElement\":[{\"@type\":\"ListItem\",\"position\":1,\"name\":\"Home\",\"item\":\"https:\\\/\\\/landioustravel.com\\\/it\\\/\"},{\"@type\":\"ListItem\",\"position\":2,\"name\":\"Tour in Egitto\",\"item\":\"https:\\\/\\\/landioustravel.com\\\/it\\\/\"},{\"@type\":\"ListItem\",\"position\":3,\"name\":\"Escursione a Luxor &#8211; Valle delle regine da Hurghada\"}]},{\"@type\":\"WebSite\",\"@id\":\"https:\\\/\\\/landioustravel.com\\\/it\\\/#website\",\"url\":\"https:\\\/\\\/landioustravel.com\\\/it\\\/\",\"name\":\"Landious Travel\",\"description\":\"Excursions, trips and cruises in Egypt\",\"publisher\":{\"@id\":\"https:\\\/\\\/landioustravel.com\\\/it\\\/#organization\"},\"potentialAction\":[{\"@type\":\"SearchAction\",\"target\":{\"@type\":\"EntryPoint\",\"urlTemplate\":\"https:\\\/\\\/landioustravel.com\\\/it\\\/?s={search_term_string}\"},\"query-input\":{\"@type\":\"PropertyValueSpecification\",\"valueRequired\":true,\"valueName\":\"search_term_string\"}}],\"inLanguage\":\"it-IT\"},{\"@type\":[\"Organization\",\"Place\"],\"@id\":\"https:\\\/\\\/landioustravel.com\\\/it\\\/#organization\",\"name\":\"Landious Travel\",\"alternateName\":\"Landious Travel\",\"url\":\"https:\\\/\\\/landioustravel.com\\\/it\\\/\",\"logo\":{\"@id\":\"https:\\\/\\\/landioustravel.com\\\/it\\\/shop\\\/escursione-luxor-regine-hurghada\\\/#local-main-organization-logo\"},\"image\":{\"@id\":\"https:\\\/\\\/landioustravel.com\\\/it\\\/shop\\\/escursione-luxor-regine-hurghada\\\/#local-main-organization-logo\"},\"sameAs\":[\"https:\\\/\\\/web.facebook.com\\\/landiousEgypt\",\"https:\\\/\\\/x.com\\\/LandiousTours\",\"https:\\\/\\\/mastodon.social\\\/@landious\"],\"legalName\":\"Landious Travel\",\"telephone\":[],\"openingHoursSpecification\":[{\"@type\":\"OpeningHoursSpecification\",\"dayOfWeek\":[\"Monday\",\"Tuesday\",\"Wednesday\",\"Thursday\",\"Friday\",\"Saturday\",\"Sunday\"],\"opens\":\"09:00\",\"closes\":\"17:00\"}]},{\"@type\":\"ImageObject\",\"inLanguage\":\"it-IT\",\"@id\":\"https:\\\/\\\/landioustravel.com\\\/it\\\/shop\\\/escursione-luxor-regine-hurghada\\\/#local-main-organization-logo\",\"url\":\"https:\\\/\\\/i0.wp.com\\\/landioustravel.com\\\/wp-content\\\/uploads\\\/2021\\\/06\\\/Landious-T.png?fit=500%2C500&ssl=1\",\"contentUrl\":\"https:\\\/\\\/i0.wp.com\\\/landioustravel.com\\\/wp-content\\\/uploads\\\/2021\\\/06\\\/Landious-T.png?fit=500%2C500&ssl=1\",\"width\":500,\"height\":500,\"caption\":\"Landious Travel\"}]}<\/script>\n<!-- \/ Yoast SEO Premium plugin. -->","yoast_head_json":{"title":"Escursione a Luxor - Valle delle regine da Hurghada","description":"Escursione a Luxor - Valle delle regine da Hurghada visiti il tempio di Karnak, i Colossi di Memnon, la Valle delle Regine e il Tempio di Hatshepsut","robots":{"index":"index","follow":"follow","max-snippet":"max-snippet:-1","max-image-preview":"max-image-preview:large","max-video-preview":"max-video-preview:-1"},"canonical":"https:\/\/landioustravel.com\/it\/shop\/escursione-luxor-regine-hurghada\/","og_locale":"it_IT","og_type":"article","og_title":"Escursione a Luxor - Valle delle regine da Hurghada","og_description":"Landious Travel","og_url":"https:\/\/landioustravel.com\/it\/shop\/escursione-luxor-regine-hurghada\/","og_site_name":"Landious Travel","article_publisher":"https:\/\/web.facebook.com\/landiousEgypt","article_modified_time":"2025-10-01T17:17:47+00:00","og_image":[{"width":1200,"height":675,"url":"https:\/\/i0.wp.com\/landioustravel.com\/wp-content\/uploads\/2019\/03\/great_hypostyle_temple_of_karnak-e1600893372194.jpg?fit=1200%2C675&ssl=1","type":"image\/jpeg"}],"twitter_card":"summary_large_image","twitter_site":"@LandiousTours","twitter_misc":{"Tempo di lettura stimato":"3 minuti"},"schema":{"@context":"https:\/\/schema.org","@graph":[{"@type":"WebPage","@id":"https:\/\/landioustravel.com\/it\/shop\/escursione-luxor-regine-hurghada\/","url":"https:\/\/landioustravel.com\/it\/shop\/escursione-luxor-regine-hurghada\/","name":"Escursione a Luxor - Valle delle regine da Hurghada","isPartOf":{"@id":"https:\/\/landioustravel.com\/it\/#website"},"primaryImageOfPage":{"@id":"https:\/\/landioustravel.com\/it\/shop\/escursione-luxor-regine-hurghada\/#primaryimage"},"image":{"@id":"https:\/\/landioustravel.com\/it\/shop\/escursione-luxor-regine-hurghada\/#primaryimage"},"thumbnailUrl":"https:\/\/i0.wp.com\/landioustravel.com\/wp-content\/uploads\/2019\/03\/great_hypostyle_temple_of_karnak-e1600893372194.jpg?fit=1200%2C675&ssl=1","datePublished":"2018-11-11T10:09:17+00:00","dateModified":"2025-10-01T17:17:47+00:00","description":"Escursione a Luxor - Valle delle regine da Hurghada visiti il tempio di Karnak, i Colossi di Memnon, la Valle delle Regine e il Tempio di Hatshepsut","breadcrumb":{"@id":"https:\/\/landioustravel.com\/it\/shop\/escursione-luxor-regine-hurghada\/#breadcrumb"},"inLanguage":"it-IT","potentialAction":[{"@type":"ReadAction","target":["https:\/\/landioustravel.com\/it\/shop\/escursione-luxor-regine-hurghada\/"]}]},{"@type":"ImageObject","inLanguage":"it-IT","@id":"https:\/\/landioustravel.com\/it\/shop\/escursione-luxor-regine-hurghada\/#primaryimage","url":"https:\/\/i0.wp.com\/landioustravel.com\/wp-content\/uploads\/2019\/03\/great_hypostyle_temple_of_karnak-e1600893372194.jpg?fit=1200%2C675&ssl=1","contentUrl":"https:\/\/i0.wp.com\/landioustravel.com\/wp-content\/uploads\/2019\/03\/great_hypostyle_temple_of_karnak-e1600893372194.jpg?fit=1200%2C675&ssl=1","width":1200,"height":675},{"@type":"BreadcrumbList","@id":"https:\/\/landioustravel.com\/it\/shop\/escursione-luxor-regine-hurghada\/#breadcrumb","itemListElement":[{"@type":"ListItem","position":1,"name":"Home","item":"https:\/\/landioustravel.com\/it\/"},{"@type":"ListItem","position":2,"name":"Tour in Egitto","item":"https:\/\/landioustravel.com\/it\/"},{"@type":"ListItem","position":3,"name":"Escursione a Luxor &#8211; Valle delle regine da Hurghada"}]},{"@type":"WebSite","@id":"https:\/\/landioustravel.com\/it\/#website","url":"https:\/\/landioustravel.com\/it\/","name":"Landious Travel","description":"Excursions, trips and cruises in Egypt","publisher":{"@id":"https:\/\/landioustravel.com\/it\/#organization"},"potentialAction":[{"@type":"SearchAction","target":{"@type":"EntryPoint","urlTemplate":"https:\/\/landioustravel.com\/it\/?s={search_term_string}"},"query-input":{"@type":"PropertyValueSpecification","valueRequired":true,"valueName":"search_term_string"}}],"inLanguage":"it-IT"},{"@type":["Organization","Place"],"@id":"https:\/\/landioustravel.com\/it\/#organization","name":"Landious Travel","alternateName":"Landious Travel","url":"https:\/\/landioustravel.com\/it\/","logo":{"@id":"https:\/\/landioustravel.com\/it\/shop\/escursione-luxor-regine-hurghada\/#local-main-organization-logo"},"image":{"@id":"https:\/\/landioustravel.com\/it\/shop\/escursione-luxor-regine-hurghada\/#local-main-organization-logo"},"sameAs":["https:\/\/web.facebook.com\/landiousEgypt","https:\/\/x.com\/LandiousTours","https:\/\/mastodon.social\/@landious"],"legalName":"Landious Travel","telephone":[],"openingHoursSpecification":[{"@type":"OpeningHoursSpecification","dayOfWeek":["Monday","Tuesday","Wednesday","Thursday","Friday","Saturday","Sunday"],"opens":"09:00","closes":"17:00"}]},{"@type":"ImageObject","inLanguage":"it-IT","@id":"https:\/\/landioustravel.com\/it\/shop\/escursione-luxor-regine-hurghada\/#local-main-organization-logo","url":"https:\/\/i0.wp.com\/landioustravel.com\/wp-content\/uploads\/2021\/06\/Landious-T.png?fit=500%2C500&ssl=1","contentUrl":"https:\/\/i0.wp.com\/landioustravel.com\/wp-content\/uploads\/2021\/06\/Landious-T.png?fit=500%2C500&ssl=1","width":500,"height":500,"caption":"Landious Travel"}]}},"jetpack_publicize_connections":[],"uagb_featured_image_src":{"full":["https:\/\/i0.wp.com\/landioustravel.com\/wp-content\/uploads\/2019\/03\/great_hypostyle_temple_of_karnak-e1600893372194.jpg?fit=1200%2C675&ssl=1",1200,675,false],"thumbnail":["https:\/\/i0.wp.com\/landioustravel.com\/wp-content\/uploads\/2019\/03\/great_hypostyle_temple_of_karnak-e1600893372194.jpg?resize=150%2C150&ssl=1",150,150,true],"medium":["https:\/\/i0.wp.com\/landioustravel.com\/wp-content\/uploads\/2019\/03\/great_hypostyle_temple_of_karnak-e1600893372194.jpg?fit=300%2C169&ssl=1",300,169,true],"medium_large":["https:\/\/i0.wp.com\/landioustravel.com\/wp-content\/uploads\/2019\/03\/great_hypostyle_temple_of_karnak-e1600893372194.jpg?fit=768%2C432&ssl=1",768,432,true],"large":["https:\/\/i0.wp.com\/landioustravel.com\/wp-content\/uploads\/2019\/03\/great_hypostyle_temple_of_karnak-e1600893372194.jpg?fit=980%2C551&ssl=1",980,551,true],"1536x1536":["https:\/\/i0.wp.com\/landioustravel.com\/wp-content\/uploads\/2019\/03\/great_hypostyle_temple_of_karnak-e1600893372194.jpg?fit=1200%2C675&ssl=1",1200,675,true],"2048x2048":["https:\/\/i0.wp.com\/landioustravel.com\/wp-content\/uploads\/2019\/03\/great_hypostyle_temple_of_karnak-e1600893372194.jpg?fit=1200%2C675&ssl=1",1200,675,true],"newspack-article-block-landscape-large":["https:\/\/i0.wp.com\/landioustravel.com\/wp-content\/uploads\/2019\/03\/great_hypostyle_temple_of_karnak-e1600893372194.jpg?resize=1200%2C675&ssl=1",1200,675,true],"newspack-article-block-portrait-large":["https:\/\/i0.wp.com\/landioustravel.com\/wp-content\/uploads\/2019\/03\/great_hypostyle_temple_of_karnak-e1600893372194.jpg?resize=900%2C675&ssl=1",900,675,true],"newspack-article-block-square-large":["https:\/\/i0.wp.com\/landioustravel.com\/wp-content\/uploads\/2019\/03\/great_hypostyle_temple_of_karnak-e1600893372194.jpg?resize=1200%2C675&ssl=1",1200,675,true],"newspack-article-block-landscape-medium":["https:\/\/i0.wp.com\/landioustravel.com\/wp-content\/uploads\/2019\/03\/great_hypostyle_temple_of_karnak-e1600893372194.jpg?resize=800%2C600&ssl=1",800,600,true],"newspack-article-block-portrait-medium":["https:\/\/i0.wp.com\/landioustravel.com\/wp-content\/uploads\/2019\/03\/great_hypostyle_temple_of_karnak-e1600893372194.jpg?resize=600%2C675&ssl=1",600,675,true],"newspack-article-block-square-medium":["https:\/\/i0.wp.com\/landioustravel.com\/wp-content\/uploads\/2019\/03\/great_hypostyle_temple_of_karnak-e1600893372194.jpg?resize=800%2C675&ssl=1",800,675,true],"newspack-article-block-landscape-intermediate":["https:\/\/i0.wp.com\/landioustravel.com\/wp-content\/uploads\/2019\/03\/great_hypostyle_temple_of_karnak-e1600893372194.jpg?resize=600%2C450&ssl=1",600,450,true],"newspack-article-block-portrait-intermediate":["https:\/\/i0.wp.com\/landioustravel.com\/wp-content\/uploads\/2019\/03\/great_hypostyle_temple_of_karnak-e1600893372194.jpg?resize=450%2C600&ssl=1",450,600,true],"newspack-article-block-square-intermediate":["https:\/\/i0.wp.com\/landioustravel.com\/wp-content\/uploads\/2019\/03\/great_hypostyle_temple_of_karnak-e1600893372194.jpg?resize=600%2C600&ssl=1",600,600,true],"newspack-article-block-landscape-small":["https:\/\/i0.wp.com\/landioustravel.com\/wp-content\/uploads\/2019\/03\/great_hypostyle_temple_of_karnak-e1600893372194.jpg?resize=400%2C300&ssl=1",400,300,true],"newspack-article-block-portrait-small":["https:\/\/i0.wp.com\/landioustravel.com\/wp-content\/uploads\/2019\/03\/great_hypostyle_temple_of_karnak-e1600893372194.jpg?resize=300%2C400&ssl=1",300,400,true],"newspack-article-block-square-small":["https:\/\/i0.wp.com\/landioustravel.com\/wp-content\/uploads\/2019\/03\/great_hypostyle_temple_of_karnak-e1600893372194.jpg?resize=400%2C400&ssl=1",400,400,true],"newspack-article-block-landscape-tiny":["https:\/\/i0.wp.com\/landioustravel.com\/wp-content\/uploads\/2019\/03\/great_hypostyle_temple_of_karnak-e1600893372194.jpg?resize=200%2C150&ssl=1",200,150,true],"newspack-article-block-portrait-tiny":["https:\/\/i0.wp.com\/landioustravel.com\/wp-content\/uploads\/2019\/03\/great_hypostyle_temple_of_karnak-e1600893372194.jpg?resize=150%2C200&ssl=1",150,200,true],"newspack-article-block-square-tiny":["https:\/\/i0.wp.com\/landioustravel.com\/wp-content\/uploads\/2019\/03\/great_hypostyle_temple_of_karnak-e1600893372194.jpg?resize=200%2C200&ssl=1",200,200,true],"newspack-article-block-uncropped":["https:\/\/i0.wp.com\/landioustravel.com\/wp-content\/uploads\/2019\/03\/great_hypostyle_temple_of_karnak-e1600893372194.jpg?fit=1200%2C675&ssl=1",1200,675,true],"woocommerce_thumbnail":["https:\/\/i0.wp.com\/landioustravel.com\/wp-content\/uploads\/2019\/03\/great_hypostyle_temple_of_karnak-e1600893372194.jpg?resize=324%2C324&ssl=1",324,324,true],"woocommerce_single":["https:\/\/i0.wp.com\/landioustravel.com\/wp-content\/uploads\/2019\/03\/great_hypostyle_temple_of_karnak-e1600893372194.jpg?fit=416%2C234&ssl=1",416,234,true],"woocommerce_gallery_thumbnail":["https:\/\/i0.wp.com\/landioustravel.com\/wp-content\/uploads\/2019\/03\/great_hypostyle_temple_of_karnak-e1600893372194.jpg?resize=100%2C100&ssl=1",100,100,true]},"uagb_author_info":{"display_name":"Mofreh Landious","author_link":"https:\/\/landioustravel.com\/it\/author\/"},"uagb_comment_info":4,"uagb_excerpt":"Vivi la magia dell'antico Egitto con un tour di un'intera giornata da Hurghada a Luxor. La tua avventura inizia con una visita al tempio di Karnak e alla sala dei profumi, seguita da un delizioso pranzo. Successivamente, ti godrai un picnic in barca attraverso il fiume Nilo per raggiungere la sponda occidentale di Luxor. Durante&hellip;","jetpack_sharing_enabled":true,"jetpack_likes_enabled":true,"amp_enabled":true,"_links":{"self":[{"href":"https:\/\/landioustravel.com\/it\/wp-json\/wp\/v2\/product\/1546","targetHints":{"allow":["GET"]}}],"collection":[{"href":"https:\/\/landioustravel.com\/it\/wp-json\/wp\/v2\/product"}],"about":[{"href":"https:\/\/landioustravel.com\/it\/wp-json\/wp\/v2\/types\/product"}],"replies":[{"embeddable":true,"href":"https:\/\/landioustravel.com\/it\/wp-json\/wp\/v2\/comments?post=1546"}],"wp:featuredmedia":[{"embeddable":true,"href":"https:\/\/landioustravel.com\/it\/wp-json\/wp\/v2\/media\/3349"}],"wp:attachment":[{"href":"https:\/\/landioustravel.com\/it\/wp-json\/wp\/v2\/media?parent=1546"}],"wp:term":[{"taxonomy":"product_brand","embeddable":true,"href":"https:\/\/landioustravel.com\/it\/wp-json\/wp\/v2\/product_brand?post=1546"},{"taxonomy":"product_cat","embeddable":true,"href":"https:\/\/landioustravel.com\/it\/wp-json\/wp\/v2\/product_cat?post=1546"},{"taxonomy":"product_tag","embeddable":true,"href":"https:\/\/landioustravel.com\/it\/wp-json\/wp\/v2\/product_tag?post=1546"}],"curies":[{"name":"wp","href":"https:\/\/api.w.org\/{rel}","templated":true}]}}