{"id":1867,"date":"2019-02-05T22:01:03","date_gmt":"2019-02-05T01:29:18","guid":{"rendered":"https:\/\/landioustravel.com\/?post_type=product&#038;p=1867"},"modified":"2024-03-27T04:44:45","modified_gmt":"2024-03-27T02:44:45","slug":"escursione-cavallo-mare-hurghada","status":"publish","type":"product","link":"https:\/\/landioustravel.com\/it\/shop\/escursione-cavallo-mare-hurghada\/","title":{"rendered":"Escursione a cavallo sul mare a Hurghada"},"content":{"rendered":"<p>\u00c8 un&#8217;esperienza straordinaria per l&#8217;equitazione in mare aperto! Raccomandiamo il viaggio perch\u00e9 permette ai turisti di passare un bel momento con una cavalcata a cavallo! Questa cavalcata sar\u00e0 cos\u00ec professionale, come inizia con una camminata tranquilla, e poi; lascia entrare il mare facendo il bagno con queste adorabili creature e infine; puoi provare a trottare per essere pi\u00f9 eccitato.<\/p>\n<h2>I punti principali del programma di escursioni per l&#8217;equitazione<\/h2>\n<ul>\n<li>lezione<\/li>\n<li>Calma equitazione a passeggio<\/li>\n<li>Fare il bagno con i cavalli in mare aperto<\/li>\n<li>trotto<\/li>\n<\/ul>\n<h3>Il programma del viaggio a cavallo a Hurghada<\/h3>\n<ul>\n<li>Vi verremo a prendere dall&#8217;hotel alle 15:00 circa.<\/li>\n<li>Dopo aver raccolto tutti i visitatori, l&#8217;autobus va alla stalla. La strada per la scuderia dura circa 20 minuti<\/li>\n<li>Troverai i tuoi cavalli nella stalla. Sono molto amichevoli! Non appena entrerai nella stalla, avrai un tutorial per un breve periodo.<\/li>\n<li>Dopo questo tutorial, dovrai prepararti per un&#8217;equitazione. Qui, cammini uggiolando cavalli per familiarizzare con l&#8217;intera faccenda. Verr\u00e0 fornita una guida speciale per accompagnarti.<\/li>\n<li>Successivamente, puoi iniziare la tua vera avventura entrando in mare nuotando sui cavalli posteriori.<\/li>\n<li>Finalmente puoi goderti il \u200b\u200btrotto<\/li>\n<li>Questo programma di equitazione termina alle 19:00 circa<\/li>\n<\/ul>\n<h4>Cosa \u00e8 incluso nel prezzo del viaggio<\/h4>\n<ul>\n<li>lezione<\/li>\n<li>Guiding<\/li>\n<li>Trasferimento al porto e ritorno in hotel<\/li>\n<\/ul>\n<h5>Cosa non \u00e8 incluso nel prezzo del viaggio<\/h5>\n<ul>\n<li>DVD video<\/li>\n<li>CD fotografico<\/li>\n<\/ul>\n<h6>Cosa portare con te per il viaggio<\/h6>\n<ul>\n<li>Asciugamano<\/li>\n<li>Protezione solare<\/li>\n<\/ul>\n<h6>GIORNI DI ORGANIZZAZIONE DI ESCURSIONE<\/h6>\n<ul>\n<li>Tutti i giorni dalle 15:00 alle 19:00<\/li>\n<\/ul>\n","protected":false},"excerpt":{"rendered":"<p>Per chi ama i cavalli, questa \u00e8 un&#8217;incredibile avventura da non perdere! A Hurghada, puoi intraprendere un&#8217;escursione a cavallo in mare che dura due ore. Avrai l&#8217;opportunit\u00e0 di andare a cavallo in mare aperto, fare una tranquilla passeggiata a cavallo e persino provare a trottare. Stare in acqua con queste gentili creature creer\u00e0 momenti indimenticabili e ti lascer\u00e0 con una miriade di calde sensazioni. Il costo dell&#8217;escursione include trasporto e tutorial, quindi sarai ben curato durante tutta l&#8217;esperienza.<\/p>\n<p>Nuotare con i cavalli \u00e8 un ottimo modo per prendersi una pausa dal trambusto della vita quotidiana e godersi un&#8217;emozionante cavalcata. I nostri cavalli calmi e belli ti porteranno attraverso il deserto, la foresta delle fate e fino al mare, dove vivrai momenti indimenticabili. Durante la guida, sentirai la rinfrescante brezza marina sul tuo viso e ammirerai lo scenario mozzafiato intorno a Hurghada. Non solo l&#8217;equitazione \u00e8 un&#8217;attivit\u00e0 divertente e piacevole, ma pu\u00f2 anche aiutare con vari problemi di salute e mantenerti in forma.<\/p>\n<p>Verremo a prendervi al vostro hotel e vi porteremo alla stalla, dove riceverete una breve presentazione. Quindi, puoi iniziare la tua avventura e cavalcare i cavalli nel mare. I nostri cavalli sono adatti a tutti i livelli, dai principianti ai cavalieri professionisti, e abbiamo anche cavalli per bambini.<\/p>\n<p>Consigliamo vivamente questa esperienza di equitazione a Hurghada, in Egitto, in quanto \u00e8 un modo perfetto per godersi il viaggio, divertirsi e creare ricordi duraturi. Inizierai con una tranquilla passeggiata e poi avrai la possibilit\u00e0 di nuotare con queste simpatiche creature. Non dimenticare di scattare delle foto incredibili per ricordare questo momento per sempre. Puoi anche provare a trottare per un&#8217;esperienza pi\u00f9 esaltante. Comprendiamo quanto i cavalli possono significare per le persone e ci assicureremo che tu abbia un&#8217;esperienza sicura e indimenticabile.<\/p>\n","protected":false},"featured_media":1844,"comment_status":"open","ping_status":"closed","template":"","meta":{"_coblocks_attr":"","_coblocks_dimensions":"","_coblocks_responsive_height":"","_coblocks_accordion_ie_support":"","_uag_custom_page_level_css":"","jetpack_post_was_ever_published":false,"jetpack_publicize_message":"","jetpack_publicize_feature_enabled":true,"jetpack_social_post_already_shared":true,"jetpack_social_options":{"image_generator_settings":{"template":"highway","default_image_id":0,"font":"","enabled":false},"version":2},"_wpas_customize_per_network":false},"product_brand":[],"product_cat":[1632,1634,22508,22521],"product_tag":[1936,1644,1661,22564],"class_list":{"0":"post-1867","1":"product","2":"type-product","3":"status-publish","4":"has-post-thumbnail","6":"product_cat-escursioni-hurghada","7":"product_cat-escursioni-intrattenimento-hurghada","8":"product_cat-escursioni-economiche-hurghada","9":"product_cat-escursioni-famiglie-hurghada","10":"product_tag-equitazione","11":"product_tag-escursione","12":"product_tag-hurghada-it","13":"product_tag-mare","14":"pa_age-adulto","15":"pa_age-bambino","17":"first","18":"instock","19":"sale","20":"taxable","21":"shipping-taxable","22":"purchasable","23":"product-type-variable"},"yoast_head":"<!-- This site is optimized with the Yoast SEO Premium plugin v26.9 (Yoast SEO v27.3) - https:\/\/yoast.com\/product\/yoast-seo-premium-wordpress\/ -->\n<title>Escursione a cavallo sul mare a Hurghada<\/title>\n<meta name=\"description\" content=\"Escursione a cavallo sul mare a Hurghada Raccomandiamo il viaggio perch\u00e9 permette ai turisti di passare un bel momento con una cavalcata a cavallo! Questa\" \/>\n<meta name=\"robots\" content=\"index, follow, max-snippet:-1, max-image-preview:large, max-video-preview:-1\" \/>\n<link rel=\"canonical\" href=\"https:\/\/landioustravel.com\/it\/shop\/escursione-cavallo-mare-hurghada\/\" \/>\n<meta property=\"og:locale\" content=\"it_IT\" \/>\n<meta property=\"og:type\" content=\"article\" \/>\n<meta property=\"og:title\" content=\"Escursione a cavallo sul mare a Hurghada\" \/>\n<meta property=\"og:description\" content=\"Landious Travel\" \/>\n<meta property=\"og:url\" content=\"https:\/\/landioustravel.com\/it\/shop\/escursione-cavallo-mare-hurghada\/\" \/>\n<meta property=\"og:site_name\" content=\"Landious Travel\" \/>\n<meta property=\"article:publisher\" content=\"https:\/\/web.facebook.com\/landiousEgypt\" \/>\n<meta property=\"article:modified_time\" content=\"2024-03-27T02:44:45+00:00\" \/>\n<meta property=\"og:image\" content=\"https:\/\/i0.wp.com\/landioustravel.com\/wp-content\/uploads\/2019\/02\/horseback_riding_in_hurghada.jpg?fit=823%2C463&ssl=1\" \/>\n\t<meta property=\"og:image:width\" content=\"823\" \/>\n\t<meta property=\"og:image:height\" content=\"463\" \/>\n\t<meta property=\"og:image:type\" content=\"image\/jpeg\" \/>\n<meta name=\"twitter:card\" content=\"summary_large_image\" \/>\n<meta name=\"twitter:site\" content=\"@LandiousTours\" \/>\n<meta name=\"twitter:label1\" content=\"Tempo di lettura stimato\" \/>\n\t<meta name=\"twitter:data1\" content=\"2 minuti\" \/>\n<script type=\"application\/ld+json\" class=\"yoast-schema-graph\">{\"@context\":\"https:\\\/\\\/schema.org\",\"@graph\":[{\"@type\":\"WebPage\",\"@id\":\"https:\\\/\\\/landioustravel.com\\\/it\\\/shop\\\/escursione-cavallo-mare-hurghada\\\/\",\"url\":\"https:\\\/\\\/landioustravel.com\\\/it\\\/shop\\\/escursione-cavallo-mare-hurghada\\\/\",\"name\":\"Escursione a cavallo sul mare a Hurghada\",\"isPartOf\":{\"@id\":\"https:\\\/\\\/landioustravel.com\\\/it\\\/#website\"},\"primaryImageOfPage\":{\"@id\":\"https:\\\/\\\/landioustravel.com\\\/it\\\/shop\\\/escursione-cavallo-mare-hurghada\\\/#primaryimage\"},\"image\":{\"@id\":\"https:\\\/\\\/landioustravel.com\\\/it\\\/shop\\\/escursione-cavallo-mare-hurghada\\\/#primaryimage\"},\"thumbnailUrl\":\"https:\\\/\\\/i0.wp.com\\\/landioustravel.com\\\/wp-content\\\/uploads\\\/2019\\\/02\\\/horseback_riding_in_hurghada.jpg?fit=823%2C463&ssl=1\",\"datePublished\":\"2019-02-05T01:29:18+00:00\",\"dateModified\":\"2024-03-27T02:44:45+00:00\",\"description\":\"Escursione a cavallo sul mare a Hurghada Raccomandiamo il viaggio perch\u00e9 permette ai turisti di passare un bel momento con una cavalcata a cavallo! Questa\",\"breadcrumb\":{\"@id\":\"https:\\\/\\\/landioustravel.com\\\/it\\\/shop\\\/escursione-cavallo-mare-hurghada\\\/#breadcrumb\"},\"inLanguage\":\"it-IT\",\"potentialAction\":[{\"@type\":\"ReadAction\",\"target\":[\"https:\\\/\\\/landioustravel.com\\\/it\\\/shop\\\/escursione-cavallo-mare-hurghada\\\/\"]}]},{\"@type\":\"ImageObject\",\"inLanguage\":\"it-IT\",\"@id\":\"https:\\\/\\\/landioustravel.com\\\/it\\\/shop\\\/escursione-cavallo-mare-hurghada\\\/#primaryimage\",\"url\":\"https:\\\/\\\/i0.wp.com\\\/landioustravel.com\\\/wp-content\\\/uploads\\\/2019\\\/02\\\/horseback_riding_in_hurghada.jpg?fit=823%2C463&ssl=1\",\"contentUrl\":\"https:\\\/\\\/i0.wp.com\\\/landioustravel.com\\\/wp-content\\\/uploads\\\/2019\\\/02\\\/horseback_riding_in_hurghada.jpg?fit=823%2C463&ssl=1\",\"width\":823,\"height\":463,\"caption\":\"Escursione a cavallo sul mare a Hurghada\"},{\"@type\":\"BreadcrumbList\",\"@id\":\"https:\\\/\\\/landioustravel.com\\\/it\\\/shop\\\/escursione-cavallo-mare-hurghada\\\/#breadcrumb\",\"itemListElement\":[{\"@type\":\"ListItem\",\"position\":1,\"name\":\"Home\",\"item\":\"https:\\\/\\\/landioustravel.com\\\/it\\\/\"},{\"@type\":\"ListItem\",\"position\":2,\"name\":\"Tour in Egitto\",\"item\":\"https:\\\/\\\/landioustravel.com\\\/it\\\/\"},{\"@type\":\"ListItem\",\"position\":3,\"name\":\"Escursione a cavallo sul mare a Hurghada\"}]},{\"@type\":\"WebSite\",\"@id\":\"https:\\\/\\\/landioustravel.com\\\/it\\\/#website\",\"url\":\"https:\\\/\\\/landioustravel.com\\\/it\\\/\",\"name\":\"Landious Travel\",\"description\":\"Excursions, trips and cruises in Egypt\",\"publisher\":{\"@id\":\"https:\\\/\\\/landioustravel.com\\\/it\\\/#organization\"},\"potentialAction\":[{\"@type\":\"SearchAction\",\"target\":{\"@type\":\"EntryPoint\",\"urlTemplate\":\"https:\\\/\\\/landioustravel.com\\\/it\\\/?s={search_term_string}\"},\"query-input\":{\"@type\":\"PropertyValueSpecification\",\"valueRequired\":true,\"valueName\":\"search_term_string\"}}],\"inLanguage\":\"it-IT\"},{\"@type\":[\"Organization\",\"Place\"],\"@id\":\"https:\\\/\\\/landioustravel.com\\\/it\\\/#organization\",\"name\":\"Landious Travel\",\"alternateName\":\"Landious Travel\",\"url\":\"https:\\\/\\\/landioustravel.com\\\/it\\\/\",\"logo\":{\"@id\":\"https:\\\/\\\/landioustravel.com\\\/it\\\/shop\\\/escursione-cavallo-mare-hurghada\\\/#local-main-organization-logo\"},\"image\":{\"@id\":\"https:\\\/\\\/landioustravel.com\\\/it\\\/shop\\\/escursione-cavallo-mare-hurghada\\\/#local-main-organization-logo\"},\"sameAs\":[\"https:\\\/\\\/web.facebook.com\\\/landiousEgypt\",\"https:\\\/\\\/x.com\\\/LandiousTours\",\"https:\\\/\\\/mastodon.social\\\/@landious\"],\"legalName\":\"Landious Travel\",\"telephone\":[],\"openingHoursSpecification\":[{\"@type\":\"OpeningHoursSpecification\",\"dayOfWeek\":[\"Monday\",\"Tuesday\",\"Wednesday\",\"Thursday\",\"Friday\",\"Saturday\",\"Sunday\"],\"opens\":\"09:00\",\"closes\":\"17:00\"}]},{\"@type\":\"ImageObject\",\"inLanguage\":\"it-IT\",\"@id\":\"https:\\\/\\\/landioustravel.com\\\/it\\\/shop\\\/escursione-cavallo-mare-hurghada\\\/#local-main-organization-logo\",\"url\":\"https:\\\/\\\/i0.wp.com\\\/landioustravel.com\\\/wp-content\\\/uploads\\\/2021\\\/06\\\/Landious-T.png?fit=500%2C500&ssl=1\",\"contentUrl\":\"https:\\\/\\\/i0.wp.com\\\/landioustravel.com\\\/wp-content\\\/uploads\\\/2021\\\/06\\\/Landious-T.png?fit=500%2C500&ssl=1\",\"width\":500,\"height\":500,\"caption\":\"Landious Travel\"}]}<\/script>\n<!-- \/ Yoast SEO Premium plugin. -->","yoast_head_json":{"title":"Escursione a cavallo sul mare a Hurghada","description":"Escursione a cavallo sul mare a Hurghada Raccomandiamo il viaggio perch\u00e9 permette ai turisti di passare un bel momento con una cavalcata a cavallo! Questa","robots":{"index":"index","follow":"follow","max-snippet":"max-snippet:-1","max-image-preview":"max-image-preview:large","max-video-preview":"max-video-preview:-1"},"canonical":"https:\/\/landioustravel.com\/it\/shop\/escursione-cavallo-mare-hurghada\/","og_locale":"it_IT","og_type":"article","og_title":"Escursione a cavallo sul mare a Hurghada","og_description":"Landious Travel","og_url":"https:\/\/landioustravel.com\/it\/shop\/escursione-cavallo-mare-hurghada\/","og_site_name":"Landious Travel","article_publisher":"https:\/\/web.facebook.com\/landiousEgypt","article_modified_time":"2024-03-27T02:44:45+00:00","og_image":[{"width":823,"height":463,"url":"https:\/\/i0.wp.com\/landioustravel.com\/wp-content\/uploads\/2019\/02\/horseback_riding_in_hurghada.jpg?fit=823%2C463&ssl=1","type":"image\/jpeg"}],"twitter_card":"summary_large_image","twitter_site":"@LandiousTours","twitter_misc":{"Tempo di lettura stimato":"2 minuti"},"schema":{"@context":"https:\/\/schema.org","@graph":[{"@type":"WebPage","@id":"https:\/\/landioustravel.com\/it\/shop\/escursione-cavallo-mare-hurghada\/","url":"https:\/\/landioustravel.com\/it\/shop\/escursione-cavallo-mare-hurghada\/","name":"Escursione a cavallo sul mare a Hurghada","isPartOf":{"@id":"https:\/\/landioustravel.com\/it\/#website"},"primaryImageOfPage":{"@id":"https:\/\/landioustravel.com\/it\/shop\/escursione-cavallo-mare-hurghada\/#primaryimage"},"image":{"@id":"https:\/\/landioustravel.com\/it\/shop\/escursione-cavallo-mare-hurghada\/#primaryimage"},"thumbnailUrl":"https:\/\/i0.wp.com\/landioustravel.com\/wp-content\/uploads\/2019\/02\/horseback_riding_in_hurghada.jpg?fit=823%2C463&ssl=1","datePublished":"2019-02-05T01:29:18+00:00","dateModified":"2024-03-27T02:44:45+00:00","description":"Escursione a cavallo sul mare a Hurghada Raccomandiamo il viaggio perch\u00e9 permette ai turisti di passare un bel momento con una cavalcata a cavallo! Questa","breadcrumb":{"@id":"https:\/\/landioustravel.com\/it\/shop\/escursione-cavallo-mare-hurghada\/#breadcrumb"},"inLanguage":"it-IT","potentialAction":[{"@type":"ReadAction","target":["https:\/\/landioustravel.com\/it\/shop\/escursione-cavallo-mare-hurghada\/"]}]},{"@type":"ImageObject","inLanguage":"it-IT","@id":"https:\/\/landioustravel.com\/it\/shop\/escursione-cavallo-mare-hurghada\/#primaryimage","url":"https:\/\/i0.wp.com\/landioustravel.com\/wp-content\/uploads\/2019\/02\/horseback_riding_in_hurghada.jpg?fit=823%2C463&ssl=1","contentUrl":"https:\/\/i0.wp.com\/landioustravel.com\/wp-content\/uploads\/2019\/02\/horseback_riding_in_hurghada.jpg?fit=823%2C463&ssl=1","width":823,"height":463,"caption":"Escursione a cavallo sul mare a Hurghada"},{"@type":"BreadcrumbList","@id":"https:\/\/landioustravel.com\/it\/shop\/escursione-cavallo-mare-hurghada\/#breadcrumb","itemListElement":[{"@type":"ListItem","position":1,"name":"Home","item":"https:\/\/landioustravel.com\/it\/"},{"@type":"ListItem","position":2,"name":"Tour in Egitto","item":"https:\/\/landioustravel.com\/it\/"},{"@type":"ListItem","position":3,"name":"Escursione a cavallo sul mare a Hurghada"}]},{"@type":"WebSite","@id":"https:\/\/landioustravel.com\/it\/#website","url":"https:\/\/landioustravel.com\/it\/","name":"Landious Travel","description":"Excursions, trips and cruises in Egypt","publisher":{"@id":"https:\/\/landioustravel.com\/it\/#organization"},"potentialAction":[{"@type":"SearchAction","target":{"@type":"EntryPoint","urlTemplate":"https:\/\/landioustravel.com\/it\/?s={search_term_string}"},"query-input":{"@type":"PropertyValueSpecification","valueRequired":true,"valueName":"search_term_string"}}],"inLanguage":"it-IT"},{"@type":["Organization","Place"],"@id":"https:\/\/landioustravel.com\/it\/#organization","name":"Landious Travel","alternateName":"Landious Travel","url":"https:\/\/landioustravel.com\/it\/","logo":{"@id":"https:\/\/landioustravel.com\/it\/shop\/escursione-cavallo-mare-hurghada\/#local-main-organization-logo"},"image":{"@id":"https:\/\/landioustravel.com\/it\/shop\/escursione-cavallo-mare-hurghada\/#local-main-organization-logo"},"sameAs":["https:\/\/web.facebook.com\/landiousEgypt","https:\/\/x.com\/LandiousTours","https:\/\/mastodon.social\/@landious"],"legalName":"Landious Travel","telephone":[],"openingHoursSpecification":[{"@type":"OpeningHoursSpecification","dayOfWeek":["Monday","Tuesday","Wednesday","Thursday","Friday","Saturday","Sunday"],"opens":"09:00","closes":"17:00"}]},{"@type":"ImageObject","inLanguage":"it-IT","@id":"https:\/\/landioustravel.com\/it\/shop\/escursione-cavallo-mare-hurghada\/#local-main-organization-logo","url":"https:\/\/i0.wp.com\/landioustravel.com\/wp-content\/uploads\/2021\/06\/Landious-T.png?fit=500%2C500&ssl=1","contentUrl":"https:\/\/i0.wp.com\/landioustravel.com\/wp-content\/uploads\/2021\/06\/Landious-T.png?fit=500%2C500&ssl=1","width":500,"height":500,"caption":"Landious Travel"}]}},"jetpack_publicize_connections":[],"uagb_featured_image_src":{"full":["https:\/\/i0.wp.com\/landioustravel.com\/wp-content\/uploads\/2019\/02\/horseback_riding_in_hurghada.jpg?fit=823%2C463&ssl=1",823,463,false],"thumbnail":["https:\/\/i0.wp.com\/landioustravel.com\/wp-content\/uploads\/2019\/02\/horseback_riding_in_hurghada.jpg?resize=150%2C150&ssl=1",150,150,true],"medium":["https:\/\/i0.wp.com\/landioustravel.com\/wp-content\/uploads\/2019\/02\/horseback_riding_in_hurghada.jpg?fit=300%2C169&ssl=1",300,169,true],"medium_large":["https:\/\/i0.wp.com\/landioustravel.com\/wp-content\/uploads\/2019\/02\/horseback_riding_in_hurghada.jpg?fit=768%2C432&ssl=1",768,432,true],"large":["https:\/\/i0.wp.com\/landioustravel.com\/wp-content\/uploads\/2019\/02\/horseback_riding_in_hurghada.jpg?fit=823%2C463&ssl=1",823,463,true],"1536x1536":["https:\/\/i0.wp.com\/landioustravel.com\/wp-content\/uploads\/2019\/02\/horseback_riding_in_hurghada.jpg?fit=823%2C463&ssl=1",823,463,true],"2048x2048":["https:\/\/i0.wp.com\/landioustravel.com\/wp-content\/uploads\/2019\/02\/horseback_riding_in_hurghada.jpg?fit=823%2C463&ssl=1",823,463,true],"newspack-article-block-landscape-large":["https:\/\/i0.wp.com\/landioustravel.com\/wp-content\/uploads\/2019\/02\/horseback_riding_in_hurghada.jpg?resize=823%2C463&ssl=1",823,463,true],"newspack-article-block-portrait-large":["https:\/\/i0.wp.com\/landioustravel.com\/wp-content\/uploads\/2019\/02\/horseback_riding_in_hurghada.jpg?resize=823%2C463&ssl=1",823,463,true],"newspack-article-block-square-large":["https:\/\/i0.wp.com\/landioustravel.com\/wp-content\/uploads\/2019\/02\/horseback_riding_in_hurghada.jpg?resize=823%2C463&ssl=1",823,463,true],"newspack-article-block-landscape-medium":["https:\/\/i0.wp.com\/landioustravel.com\/wp-content\/uploads\/2019\/02\/horseback_riding_in_hurghada.jpg?resize=800%2C463&ssl=1",800,463,true],"newspack-article-block-portrait-medium":["https:\/\/i0.wp.com\/landioustravel.com\/wp-content\/uploads\/2019\/02\/horseback_riding_in_hurghada.jpg?resize=600%2C463&ssl=1",600,463,true],"newspack-article-block-square-medium":["https:\/\/i0.wp.com\/landioustravel.com\/wp-content\/uploads\/2019\/02\/horseback_riding_in_hurghada.jpg?resize=800%2C463&ssl=1",800,463,true],"newspack-article-block-landscape-intermediate":["https:\/\/i0.wp.com\/landioustravel.com\/wp-content\/uploads\/2019\/02\/horseback_riding_in_hurghada.jpg?resize=600%2C450&ssl=1",600,450,true],"newspack-article-block-portrait-intermediate":["https:\/\/i0.wp.com\/landioustravel.com\/wp-content\/uploads\/2019\/02\/horseback_riding_in_hurghada.jpg?resize=450%2C463&ssl=1",450,463,true],"newspack-article-block-square-intermediate":["https:\/\/i0.wp.com\/landioustravel.com\/wp-content\/uploads\/2019\/02\/horseback_riding_in_hurghada.jpg?resize=600%2C463&ssl=1",600,463,true],"newspack-article-block-landscape-small":["https:\/\/i0.wp.com\/landioustravel.com\/wp-content\/uploads\/2019\/02\/horseback_riding_in_hurghada.jpg?resize=400%2C300&ssl=1",400,300,true],"newspack-article-block-portrait-small":["https:\/\/i0.wp.com\/landioustravel.com\/wp-content\/uploads\/2019\/02\/horseback_riding_in_hurghada.jpg?resize=300%2C400&ssl=1",300,400,true],"newspack-article-block-square-small":["https:\/\/i0.wp.com\/landioustravel.com\/wp-content\/uploads\/2019\/02\/horseback_riding_in_hurghada.jpg?resize=400%2C400&ssl=1",400,400,true],"newspack-article-block-landscape-tiny":["https:\/\/i0.wp.com\/landioustravel.com\/wp-content\/uploads\/2019\/02\/horseback_riding_in_hurghada.jpg?resize=200%2C150&ssl=1",200,150,true],"newspack-article-block-portrait-tiny":["https:\/\/i0.wp.com\/landioustravel.com\/wp-content\/uploads\/2019\/02\/horseback_riding_in_hurghada.jpg?resize=150%2C200&ssl=1",150,200,true],"newspack-article-block-square-tiny":["https:\/\/i0.wp.com\/landioustravel.com\/wp-content\/uploads\/2019\/02\/horseback_riding_in_hurghada.jpg?resize=200%2C200&ssl=1",200,200,true],"newspack-article-block-uncropped":["https:\/\/i0.wp.com\/landioustravel.com\/wp-content\/uploads\/2019\/02\/horseback_riding_in_hurghada.jpg?fit=823%2C463&ssl=1",823,463,true],"woocommerce_thumbnail":["https:\/\/i0.wp.com\/landioustravel.com\/wp-content\/uploads\/2019\/02\/horseback_riding_in_hurghada.jpg?resize=324%2C324&ssl=1",324,324,true],"woocommerce_single":["https:\/\/i0.wp.com\/landioustravel.com\/wp-content\/uploads\/2019\/02\/horseback_riding_in_hurghada.jpg?fit=416%2C234&ssl=1",416,234,true],"woocommerce_gallery_thumbnail":["https:\/\/i0.wp.com\/landioustravel.com\/wp-content\/uploads\/2019\/02\/horseback_riding_in_hurghada.jpg?resize=100%2C100&ssl=1",100,100,true]},"uagb_author_info":{"display_name":"Mofreh Landious","author_link":"https:\/\/landioustravel.com\/it\/author\/"},"uagb_comment_info":4,"uagb_excerpt":"Per chi ama i cavalli, questa \u00e8 un'incredibile avventura da non perdere! A Hurghada, puoi intraprendere un'escursione a cavallo in mare che dura due ore. Avrai l'opportunit\u00e0 di andare a cavallo in mare aperto, fare una tranquilla passeggiata a cavallo e persino provare a trottare. Stare in acqua con queste gentili creature creer\u00e0 momenti indimenticabili&hellip;","jetpack_sharing_enabled":true,"jetpack_likes_enabled":true,"amp_enabled":true,"_links":{"self":[{"href":"https:\/\/landioustravel.com\/it\/wp-json\/wp\/v2\/product\/1867","targetHints":{"allow":["GET"]}}],"collection":[{"href":"https:\/\/landioustravel.com\/it\/wp-json\/wp\/v2\/product"}],"about":[{"href":"https:\/\/landioustravel.com\/it\/wp-json\/wp\/v2\/types\/product"}],"replies":[{"embeddable":true,"href":"https:\/\/landioustravel.com\/it\/wp-json\/wp\/v2\/comments?post=1867"}],"wp:featuredmedia":[{"embeddable":true,"href":"https:\/\/landioustravel.com\/it\/wp-json\/wp\/v2\/media\/1844"}],"wp:attachment":[{"href":"https:\/\/landioustravel.com\/it\/wp-json\/wp\/v2\/media?parent=1867"}],"wp:term":[{"taxonomy":"product_brand","embeddable":true,"href":"https:\/\/landioustravel.com\/it\/wp-json\/wp\/v2\/product_brand?post=1867"},{"taxonomy":"product_cat","embeddable":true,"href":"https:\/\/landioustravel.com\/it\/wp-json\/wp\/v2\/product_cat?post=1867"},{"taxonomy":"product_tag","embeddable":true,"href":"https:\/\/landioustravel.com\/it\/wp-json\/wp\/v2\/product_tag?post=1867"}],"curies":[{"name":"wp","href":"https:\/\/api.w.org\/{rel}","templated":true}]}}