{"id":2043,"date":"2019-02-16T17:40:16","date_gmt":"2019-02-16T15:40:16","guid":{"rendered":"https:\/\/landioustravel.com\/product\/viaggio-autobus-snorkeling-mohammed-sharm\/"},"modified":"2026-04-29T09:32:53","modified_gmt":"2026-04-29T06:32:53","slug":"viaggio-autobus-snorkeling-mohammed-sharm","status":"publish","type":"product","link":"https:\/\/landioustravel.com\/it\/shop\/viaggio-autobus-snorkeling-mohammed-sharm\/","title":{"rendered":"Viaggio in autobus snorkeling Ras Mohammed da Sharm"},"content":{"rendered":"<p>Un meraviglioso viaggio in autobus verso l&#8217;area protetta di Ras Mohammed a Sharm El-Sheikh! Raccomandiamo il viaggio perch\u00e9 permette ai turisti di divertirsi visitando il Parco Nazionale di Ras Mohammed! Il viaggio ti offre l&#8217;opportunit\u00e0 di vedere bellissimi coralli e una variet\u00e0 di pesci con l&#8217;aiuto di maschere e pinne. Puoi, comunque, goderti una visita in uno dei luoghi pi\u00f9 famosi del mondo: il Parco Nazionale di Ras Mohammed.<\/p>\n<h2>I punti principali del programma di escursioni a Ras Mohammed<\/h2>\n<ul>\n<li>Nuotare nel mare dalla spiaggia<\/li>\n<li>Snorkeling con maschere e pinne<\/li>\n<li>Godendo la natura della terra del parco<\/li>\n<li>E, nuotando nel lago magico<\/li>\n<\/ul>\n<h3>Il programma di escursioni al Ras Mohammed National Paek a Sharm El-Sheikh<\/h3>\n<ul>\n<li>Vi verremo a prendere dall&#8217;hotel alle 08:00 circa<\/li>\n<li>Dopo aver preso tutti gli arrivi, l&#8217;autobus arriva al Ras Mohammed National Park. La strada per il parco nazionale dura circa 20 minuti<\/li>\n<li>Non appena arrivi al parco nazionale, puoi scoprire la natura di questo luogo meraviglioso.<\/li>\n<li>Innanzitutto, puoi visitare il luogo, dove crescono gli alberi di mangrovie<\/li>\n<li>Secondo, puoi nuotare nel Lago Magico<\/li>\n<li>Terzo, avrai la possibilit\u00e0 di fare snorkeling nel mare e guardare la vita marina<\/li>\n<li>Questo programma di escursioni termina alle 13:30 circa<\/li>\n<\/ul>\n<h4>Cosa \u00e8 incluso nel prezzo del viaggio<\/h4>\n<ul>\n<li>Ingresso biglietti al Parco Nazionale di Ras Mohammed<\/li>\n<li>Trasferimento al parco nazionale e ritorno in hotel<\/li>\n<\/ul>\n<h5>Cosa non \u00e8 incluso nel prezzo del tour<\/h5>\n<ul>\n<li>Attrezzatura per lo snorkeling<\/li>\n<li>DVD video<\/li>\n<li>CD fotografico<\/li>\n<\/ul>\n<h6>Cosa portare con te per il viaggio<\/h6>\n<ul>\n<li>Asciugamano<\/li>\n<li>Attrezzatura per lo snorkeling<\/li>\n<li>Protezione solare<\/li>\n<\/ul>\n<h6>GIORNI DI ORGANIZZAZIONE DI ESCURSIONE<\/h6>\n<ul>\n<li>Tutti i giorni dalle 08:00 alle 14:00<\/li>\n<\/ul>\n","protected":false},"excerpt":{"rendered":"<p>Preparati per un&#8217;incredibile avventura con Sharmers! Salta su un autobus e dirigiti verso lo splendido parco nazionale di Ras Mohamed per un&#8217;indimenticabile gita di snorkeling. Rimarrai stupito dallo scenario mozzafiato lungo la strada e, una volta arrivato, preparati a tuffarti nella barriera corallina di fama mondiale. Con lo stato protetto del parco, potrai assistere a un&#8217;incredibile variet\u00e0 di vita marina, tra cui centinaia di coralli e specie, oltre mille tipi di pesci, dozzine di stelle marine e ricci di mare e persino diversi tipi di tartarughe marine.<\/p>\n<p>Ma non \u00e8 tutto! Ras Mohamed \u00e8 famoso per il suo bellissimo ambiente naturale, sia sottomarino che terrestre. Durante il tuo viaggio, avrai la possibilit\u00e0 di esplorare gli alberi di mangrovie che crescono proprio nelle acque salate del Mar Rosso. E non dimenticare di dare un&#8217;occhiata alla spaccatura della terra e al &#8220;Magic Lake&#8221;: ti toglier\u00e0 sicuramente il fiato!<\/p>\n<p>Il nostro team sar\u00e0 con te in ogni fase del percorso, garantendo la tua sicurezza e il tuo comfort durante il viaggio. Allora, cosa stai aspettando? Prenota ora il tuo viaggio e preparati per un&#8217;avventura indimenticabile!<\/p>\n","protected":false},"featured_media":100369,"comment_status":"open","ping_status":"closed","template":"","meta":{"_coblocks_attr":"","_coblocks_dimensions":"","_coblocks_responsive_height":"","_coblocks_accordion_ie_support":"","_uag_custom_page_level_css":"","jetpack_publicize_message":"","jetpack_publicize_feature_enabled":true,"jetpack_social_post_already_shared":false,"jetpack_social_options":{"image_generator_settings":{"template":"highway","default_image_id":0,"font":"","enabled":false},"version":2},"_wpas_customize_per_network":false},"product_brand":[],"product_cat":[1639,1641,23528],"product_tag":[1644,22564,1648,1663,1682],"class_list":{"0":"post-2043","1":"product","2":"type-product","3":"status-publish","4":"has-post-thumbnail","6":"product_cat-escursioni-sharm-el-sheikh","7":"product_cat-escursioni-mare-sharm-sheikh","8":"product_cat-gite-un-giorno-sharm-sheikh","9":"product_tag-escursione","10":"product_tag-mare","11":"product_tag-sharm-el-sheikh-it","12":"product_tag-snorkeling-it","13":"product_tag-viaggi-marittimi","14":"pa_age-adulto","15":"pa_age-bambino-1-4-anni","16":"pa_age-bambino-5-11-anni","18":"first","19":"instock","20":"sale","21":"purchasable","22":"product-type-variable"},"yoast_head":"<!-- This site is optimized with the Yoast SEO Premium plugin v27.5 (Yoast SEO v27.5) - https:\/\/yoast.com\/product\/yoast-seo-premium-wordpress\/ -->\n<title>Viaggio in autobus snorkeling Ras Mohammed da Sharm<\/title>\n<meta name=\"description\" content=\"Viaggio in autobus snorkeling Ras Mohammed da Sharm ti d\u00e0 l&#039;opportunit\u00e0 di nuotare nel parco nazionale e scoprire la natura della terra a Ras Mohammed\" \/>\n<meta name=\"robots\" content=\"index, follow, max-snippet:-1, max-image-preview:large, max-video-preview:-1\" \/>\n<link rel=\"canonical\" href=\"https:\/\/landioustravel.com\/it\/shop\/viaggio-autobus-snorkeling-mohammed-sharm\/\" \/>\n<meta property=\"og:locale\" content=\"it_IT\" \/>\n<meta property=\"og:type\" content=\"article\" \/>\n<meta property=\"og:title\" content=\"Viaggio in autobus snorkeling Ras Mohammed da Sharm\" \/>\n<meta property=\"og:description\" content=\"Landious Travel\" \/>\n<meta property=\"og:url\" content=\"https:\/\/landioustravel.com\/it\/shop\/viaggio-autobus-snorkeling-mohammed-sharm\/\" \/>\n<meta property=\"og:site_name\" content=\"Landious Travel\" \/>\n<meta property=\"article:publisher\" content=\"https:\/\/web.facebook.com\/landiousEgypt\" \/>\n<meta property=\"article:modified_time\" content=\"2026-04-29T06:32:53+00:00\" \/>\n<meta property=\"og:image\" content=\"https:\/\/landioustravel.com\/wp-content\/uploads\/2019\/02\/Ras-Mohammed-National-Park-entrance-gate.jpg\" \/>\n\t<meta property=\"og:image:width\" content=\"1024\" \/>\n\t<meta property=\"og:image:height\" content=\"644\" \/>\n\t<meta property=\"og:image:type\" content=\"image\/jpeg\" \/>\n<meta name=\"twitter:card\" content=\"summary_large_image\" \/>\n<meta name=\"twitter:site\" content=\"@LandiousTours\" \/>\n<meta name=\"twitter:label1\" content=\"Tempo di lettura stimato\" \/>\n\t<meta name=\"twitter:data1\" content=\"2 minuti\" \/>\n<script type=\"application\/ld+json\" class=\"yoast-schema-graph\">{\"@context\":\"https:\\\/\\\/schema.org\",\"@graph\":[{\"@type\":\"WebPage\",\"@id\":\"https:\\\/\\\/landioustravel.com\\\/it\\\/shop\\\/viaggio-autobus-snorkeling-mohammed-sharm\\\/\",\"url\":\"https:\\\/\\\/landioustravel.com\\\/it\\\/shop\\\/viaggio-autobus-snorkeling-mohammed-sharm\\\/\",\"name\":\"Viaggio in autobus snorkeling Ras Mohammed da Sharm\",\"isPartOf\":{\"@id\":\"https:\\\/\\\/landioustravel.com\\\/it\\\/#website\"},\"primaryImageOfPage\":{\"@id\":\"https:\\\/\\\/landioustravel.com\\\/it\\\/shop\\\/viaggio-autobus-snorkeling-mohammed-sharm\\\/#primaryimage\"},\"image\":{\"@id\":\"https:\\\/\\\/landioustravel.com\\\/it\\\/shop\\\/viaggio-autobus-snorkeling-mohammed-sharm\\\/#primaryimage\"},\"thumbnailUrl\":\"https:\\\/\\\/i0.wp.com\\\/landioustravel.com\\\/wp-content\\\/uploads\\\/2019\\\/02\\\/Ras-Mohammed-National-Park-entrance-gate.jpg?fit=1024%2C644&ssl=1\",\"datePublished\":\"2019-02-16T15:40:16+00:00\",\"dateModified\":\"2026-04-29T06:32:53+00:00\",\"description\":\"Viaggio in autobus snorkeling Ras Mohammed da Sharm ti d\u00e0 l'opportunit\u00e0 di nuotare nel parco nazionale e scoprire la natura della terra a Ras Mohammed\",\"breadcrumb\":{\"@id\":\"https:\\\/\\\/landioustravel.com\\\/it\\\/shop\\\/viaggio-autobus-snorkeling-mohammed-sharm\\\/#breadcrumb\"},\"inLanguage\":\"it-IT\",\"potentialAction\":[{\"@type\":\"ReadAction\",\"target\":[\"https:\\\/\\\/landioustravel.com\\\/it\\\/shop\\\/viaggio-autobus-snorkeling-mohammed-sharm\\\/\"]}]},{\"@type\":\"ImageObject\",\"inLanguage\":\"it-IT\",\"@id\":\"https:\\\/\\\/landioustravel.com\\\/it\\\/shop\\\/viaggio-autobus-snorkeling-mohammed-sharm\\\/#primaryimage\",\"url\":\"https:\\\/\\\/i0.wp.com\\\/landioustravel.com\\\/wp-content\\\/uploads\\\/2019\\\/02\\\/Ras-Mohammed-National-Park-entrance-gate.jpg?fit=1024%2C644&ssl=1\",\"contentUrl\":\"https:\\\/\\\/i0.wp.com\\\/landioustravel.com\\\/wp-content\\\/uploads\\\/2019\\\/02\\\/Ras-Mohammed-National-Park-entrance-gate.jpg?fit=1024%2C644&ssl=1\",\"width\":1024,\"height\":644,\"caption\":\"Ras Mohammed National Park entrance gate\"},{\"@type\":\"BreadcrumbList\",\"@id\":\"https:\\\/\\\/landioustravel.com\\\/it\\\/shop\\\/viaggio-autobus-snorkeling-mohammed-sharm\\\/#breadcrumb\",\"itemListElement\":[{\"@type\":\"ListItem\",\"position\":1,\"name\":\"Home\",\"item\":\"https:\\\/\\\/landioustravel.com\\\/it\\\/\"},{\"@type\":\"ListItem\",\"position\":2,\"name\":\"Tour in Egitto\",\"item\":\"https:\\\/\\\/landioustravel.com\\\/it\\\/\"},{\"@type\":\"ListItem\",\"position\":3,\"name\":\"Viaggio in autobus snorkeling Ras Mohammed da Sharm\"}]},{\"@type\":\"WebSite\",\"@id\":\"https:\\\/\\\/landioustravel.com\\\/it\\\/#website\",\"url\":\"https:\\\/\\\/landioustravel.com\\\/it\\\/\",\"name\":\"Landious Travel\",\"description\":\"Excursions, trips and cruises in Egypt\",\"publisher\":{\"@id\":\"https:\\\/\\\/landioustravel.com\\\/it\\\/#organization\"},\"potentialAction\":[{\"@type\":\"SearchAction\",\"target\":{\"@type\":\"EntryPoint\",\"urlTemplate\":\"https:\\\/\\\/landioustravel.com\\\/it\\\/?s={search_term_string}\"},\"query-input\":{\"@type\":\"PropertyValueSpecification\",\"valueRequired\":true,\"valueName\":\"search_term_string\"}}],\"inLanguage\":\"it-IT\"},{\"@type\":[\"Organization\",\"Place\"],\"@id\":\"https:\\\/\\\/landioustravel.com\\\/it\\\/#organization\",\"name\":\"Landious Travel\",\"alternateName\":\"Landious Travel\",\"url\":\"https:\\\/\\\/landioustravel.com\\\/it\\\/\",\"logo\":{\"@id\":\"https:\\\/\\\/landioustravel.com\\\/it\\\/shop\\\/viaggio-autobus-snorkeling-mohammed-sharm\\\/#local-main-organization-logo\"},\"image\":{\"@id\":\"https:\\\/\\\/landioustravel.com\\\/it\\\/shop\\\/viaggio-autobus-snorkeling-mohammed-sharm\\\/#local-main-organization-logo\"},\"sameAs\":[\"https:\\\/\\\/web.facebook.com\\\/landiousEgypt\",\"https:\\\/\\\/x.com\\\/LandiousTours\",\"https:\\\/\\\/mastodon.social\\\/@landious\"],\"legalName\":\"Landious Travel\",\"telephone\":[],\"openingHoursSpecification\":[{\"@type\":\"OpeningHoursSpecification\",\"dayOfWeek\":[\"Monday\",\"Tuesday\",\"Wednesday\",\"Thursday\",\"Friday\",\"Saturday\",\"Sunday\"],\"opens\":\"09:00\",\"closes\":\"17:00\"}]},{\"@type\":\"ImageObject\",\"inLanguage\":\"it-IT\",\"@id\":\"https:\\\/\\\/landioustravel.com\\\/it\\\/shop\\\/viaggio-autobus-snorkeling-mohammed-sharm\\\/#local-main-organization-logo\",\"url\":\"https:\\\/\\\/i0.wp.com\\\/landioustravel.com\\\/wp-content\\\/uploads\\\/2021\\\/06\\\/Landious-T.png?fit=500%2C500&ssl=1\",\"contentUrl\":\"https:\\\/\\\/i0.wp.com\\\/landioustravel.com\\\/wp-content\\\/uploads\\\/2021\\\/06\\\/Landious-T.png?fit=500%2C500&ssl=1\",\"width\":500,\"height\":500,\"caption\":\"Landious Travel\"}]}<\/script>\n<!-- \/ Yoast SEO Premium plugin. -->","yoast_head_json":{"title":"Viaggio in autobus snorkeling Ras Mohammed da Sharm","description":"Viaggio in autobus snorkeling Ras Mohammed da Sharm ti d\u00e0 l'opportunit\u00e0 di nuotare nel parco nazionale e scoprire la natura della terra a Ras Mohammed","robots":{"index":"index","follow":"follow","max-snippet":"max-snippet:-1","max-image-preview":"max-image-preview:large","max-video-preview":"max-video-preview:-1"},"canonical":"https:\/\/landioustravel.com\/it\/shop\/viaggio-autobus-snorkeling-mohammed-sharm\/","og_locale":"it_IT","og_type":"article","og_title":"Viaggio in autobus snorkeling Ras Mohammed da Sharm","og_description":"Landious Travel","og_url":"https:\/\/landioustravel.com\/it\/shop\/viaggio-autobus-snorkeling-mohammed-sharm\/","og_site_name":"Landious Travel","article_publisher":"https:\/\/web.facebook.com\/landiousEgypt","article_modified_time":"2026-04-29T06:32:53+00:00","og_image":[{"width":1024,"height":644,"url":"https:\/\/landioustravel.com\/wp-content\/uploads\/2019\/02\/Ras-Mohammed-National-Park-entrance-gate.jpg","type":"image\/jpeg"}],"twitter_card":"summary_large_image","twitter_site":"@LandiousTours","twitter_misc":{"Tempo di lettura stimato":"2 minuti"},"schema":{"@context":"https:\/\/schema.org","@graph":[{"@type":"WebPage","@id":"https:\/\/landioustravel.com\/it\/shop\/viaggio-autobus-snorkeling-mohammed-sharm\/","url":"https:\/\/landioustravel.com\/it\/shop\/viaggio-autobus-snorkeling-mohammed-sharm\/","name":"Viaggio in autobus snorkeling Ras Mohammed da Sharm","isPartOf":{"@id":"https:\/\/landioustravel.com\/it\/#website"},"primaryImageOfPage":{"@id":"https:\/\/landioustravel.com\/it\/shop\/viaggio-autobus-snorkeling-mohammed-sharm\/#primaryimage"},"image":{"@id":"https:\/\/landioustravel.com\/it\/shop\/viaggio-autobus-snorkeling-mohammed-sharm\/#primaryimage"},"thumbnailUrl":"https:\/\/i0.wp.com\/landioustravel.com\/wp-content\/uploads\/2019\/02\/Ras-Mohammed-National-Park-entrance-gate.jpg?fit=1024%2C644&ssl=1","datePublished":"2019-02-16T15:40:16+00:00","dateModified":"2026-04-29T06:32:53+00:00","description":"Viaggio in autobus snorkeling Ras Mohammed da Sharm ti d\u00e0 l'opportunit\u00e0 di nuotare nel parco nazionale e scoprire la natura della terra a Ras Mohammed","breadcrumb":{"@id":"https:\/\/landioustravel.com\/it\/shop\/viaggio-autobus-snorkeling-mohammed-sharm\/#breadcrumb"},"inLanguage":"it-IT","potentialAction":[{"@type":"ReadAction","target":["https:\/\/landioustravel.com\/it\/shop\/viaggio-autobus-snorkeling-mohammed-sharm\/"]}]},{"@type":"ImageObject","inLanguage":"it-IT","@id":"https:\/\/landioustravel.com\/it\/shop\/viaggio-autobus-snorkeling-mohammed-sharm\/#primaryimage","url":"https:\/\/i0.wp.com\/landioustravel.com\/wp-content\/uploads\/2019\/02\/Ras-Mohammed-National-Park-entrance-gate.jpg?fit=1024%2C644&ssl=1","contentUrl":"https:\/\/i0.wp.com\/landioustravel.com\/wp-content\/uploads\/2019\/02\/Ras-Mohammed-National-Park-entrance-gate.jpg?fit=1024%2C644&ssl=1","width":1024,"height":644,"caption":"Ras Mohammed National Park entrance gate"},{"@type":"BreadcrumbList","@id":"https:\/\/landioustravel.com\/it\/shop\/viaggio-autobus-snorkeling-mohammed-sharm\/#breadcrumb","itemListElement":[{"@type":"ListItem","position":1,"name":"Home","item":"https:\/\/landioustravel.com\/it\/"},{"@type":"ListItem","position":2,"name":"Tour in Egitto","item":"https:\/\/landioustravel.com\/it\/"},{"@type":"ListItem","position":3,"name":"Viaggio in autobus snorkeling Ras Mohammed da Sharm"}]},{"@type":"WebSite","@id":"https:\/\/landioustravel.com\/it\/#website","url":"https:\/\/landioustravel.com\/it\/","name":"Landious Travel","description":"Excursions, trips and cruises in Egypt","publisher":{"@id":"https:\/\/landioustravel.com\/it\/#organization"},"potentialAction":[{"@type":"SearchAction","target":{"@type":"EntryPoint","urlTemplate":"https:\/\/landioustravel.com\/it\/?s={search_term_string}"},"query-input":{"@type":"PropertyValueSpecification","valueRequired":true,"valueName":"search_term_string"}}],"inLanguage":"it-IT"},{"@type":["Organization","Place"],"@id":"https:\/\/landioustravel.com\/it\/#organization","name":"Landious Travel","alternateName":"Landious Travel","url":"https:\/\/landioustravel.com\/it\/","logo":{"@id":"https:\/\/landioustravel.com\/it\/shop\/viaggio-autobus-snorkeling-mohammed-sharm\/#local-main-organization-logo"},"image":{"@id":"https:\/\/landioustravel.com\/it\/shop\/viaggio-autobus-snorkeling-mohammed-sharm\/#local-main-organization-logo"},"sameAs":["https:\/\/web.facebook.com\/landiousEgypt","https:\/\/x.com\/LandiousTours","https:\/\/mastodon.social\/@landious"],"legalName":"Landious Travel","telephone":[],"openingHoursSpecification":[{"@type":"OpeningHoursSpecification","dayOfWeek":["Monday","Tuesday","Wednesday","Thursday","Friday","Saturday","Sunday"],"opens":"09:00","closes":"17:00"}]},{"@type":"ImageObject","inLanguage":"it-IT","@id":"https:\/\/landioustravel.com\/it\/shop\/viaggio-autobus-snorkeling-mohammed-sharm\/#local-main-organization-logo","url":"https:\/\/i0.wp.com\/landioustravel.com\/wp-content\/uploads\/2021\/06\/Landious-T.png?fit=500%2C500&ssl=1","contentUrl":"https:\/\/i0.wp.com\/landioustravel.com\/wp-content\/uploads\/2021\/06\/Landious-T.png?fit=500%2C500&ssl=1","width":500,"height":500,"caption":"Landious Travel"}]}},"jetpack_publicize_connections":[],"uagb_featured_image_src":{"full":["https:\/\/i0.wp.com\/landioustravel.com\/wp-content\/uploads\/2019\/02\/Ras-Mohammed-National-Park-entrance-gate.jpg?fit=1024%2C644&ssl=1",1024,644,false],"thumbnail":["https:\/\/i0.wp.com\/landioustravel.com\/wp-content\/uploads\/2019\/02\/Ras-Mohammed-National-Park-entrance-gate.jpg?resize=150%2C150&ssl=1",150,150,true],"medium":["https:\/\/i0.wp.com\/landioustravel.com\/wp-content\/uploads\/2019\/02\/Ras-Mohammed-National-Park-entrance-gate.jpg?fit=300%2C189&ssl=1",300,189,true],"medium_large":["https:\/\/i0.wp.com\/landioustravel.com\/wp-content\/uploads\/2019\/02\/Ras-Mohammed-National-Park-entrance-gate.jpg?fit=768%2C483&ssl=1",768,483,true],"large":["https:\/\/i0.wp.com\/landioustravel.com\/wp-content\/uploads\/2019\/02\/Ras-Mohammed-National-Park-entrance-gate.jpg?fit=980%2C616&ssl=1",980,616,true],"1536x1536":["https:\/\/i0.wp.com\/landioustravel.com\/wp-content\/uploads\/2019\/02\/Ras-Mohammed-National-Park-entrance-gate.jpg?fit=1024%2C644&ssl=1",1024,644,true],"2048x2048":["https:\/\/i0.wp.com\/landioustravel.com\/wp-content\/uploads\/2019\/02\/Ras-Mohammed-National-Park-entrance-gate.jpg?fit=1024%2C644&ssl=1",1024,644,true],"newspack-article-block-landscape-large":["https:\/\/i0.wp.com\/landioustravel.com\/wp-content\/uploads\/2019\/02\/Ras-Mohammed-National-Park-entrance-gate.jpg?resize=1024%2C644&ssl=1",1024,644,true],"newspack-article-block-portrait-large":["https:\/\/i0.wp.com\/landioustravel.com\/wp-content\/uploads\/2019\/02\/Ras-Mohammed-National-Park-entrance-gate.jpg?resize=900%2C644&ssl=1",900,644,true],"newspack-article-block-square-large":["https:\/\/i0.wp.com\/landioustravel.com\/wp-content\/uploads\/2019\/02\/Ras-Mohammed-National-Park-entrance-gate.jpg?resize=1024%2C644&ssl=1",1024,644,true],"newspack-article-block-landscape-medium":["https:\/\/i0.wp.com\/landioustravel.com\/wp-content\/uploads\/2019\/02\/Ras-Mohammed-National-Park-entrance-gate.jpg?resize=800%2C600&ssl=1",800,600,true],"newspack-article-block-portrait-medium":["https:\/\/i0.wp.com\/landioustravel.com\/wp-content\/uploads\/2019\/02\/Ras-Mohammed-National-Park-entrance-gate.jpg?resize=600%2C644&ssl=1",600,644,true],"newspack-article-block-square-medium":["https:\/\/i0.wp.com\/landioustravel.com\/wp-content\/uploads\/2019\/02\/Ras-Mohammed-National-Park-entrance-gate.jpg?resize=800%2C644&ssl=1",800,644,true],"newspack-article-block-landscape-intermediate":["https:\/\/i0.wp.com\/landioustravel.com\/wp-content\/uploads\/2019\/02\/Ras-Mohammed-National-Park-entrance-gate.jpg?resize=600%2C450&ssl=1",600,450,true],"newspack-article-block-portrait-intermediate":["https:\/\/i0.wp.com\/landioustravel.com\/wp-content\/uploads\/2019\/02\/Ras-Mohammed-National-Park-entrance-gate.jpg?resize=450%2C600&ssl=1",450,600,true],"newspack-article-block-square-intermediate":["https:\/\/i0.wp.com\/landioustravel.com\/wp-content\/uploads\/2019\/02\/Ras-Mohammed-National-Park-entrance-gate.jpg?resize=600%2C600&ssl=1",600,600,true],"newspack-article-block-landscape-small":["https:\/\/i0.wp.com\/landioustravel.com\/wp-content\/uploads\/2019\/02\/Ras-Mohammed-National-Park-entrance-gate.jpg?resize=400%2C300&ssl=1",400,300,true],"newspack-article-block-portrait-small":["https:\/\/i0.wp.com\/landioustravel.com\/wp-content\/uploads\/2019\/02\/Ras-Mohammed-National-Park-entrance-gate.jpg?resize=300%2C400&ssl=1",300,400,true],"newspack-article-block-square-small":["https:\/\/i0.wp.com\/landioustravel.com\/wp-content\/uploads\/2019\/02\/Ras-Mohammed-National-Park-entrance-gate.jpg?resize=400%2C400&ssl=1",400,400,true],"newspack-article-block-landscape-tiny":["https:\/\/i0.wp.com\/landioustravel.com\/wp-content\/uploads\/2019\/02\/Ras-Mohammed-National-Park-entrance-gate.jpg?resize=200%2C150&ssl=1",200,150,true],"newspack-article-block-portrait-tiny":["https:\/\/i0.wp.com\/landioustravel.com\/wp-content\/uploads\/2019\/02\/Ras-Mohammed-National-Park-entrance-gate.jpg?resize=150%2C200&ssl=1",150,200,true],"newspack-article-block-square-tiny":["https:\/\/i0.wp.com\/landioustravel.com\/wp-content\/uploads\/2019\/02\/Ras-Mohammed-National-Park-entrance-gate.jpg?resize=200%2C200&ssl=1",200,200,true],"newspack-article-block-uncropped":["https:\/\/i0.wp.com\/landioustravel.com\/wp-content\/uploads\/2019\/02\/Ras-Mohammed-National-Park-entrance-gate.jpg?fit=1024%2C644&ssl=1",1024,644,true],"woocommerce_thumbnail":["https:\/\/i0.wp.com\/landioustravel.com\/wp-content\/uploads\/2019\/02\/Ras-Mohammed-National-Park-entrance-gate.jpg?resize=324%2C324&ssl=1",324,324,true],"woocommerce_single":["https:\/\/i0.wp.com\/landioustravel.com\/wp-content\/uploads\/2019\/02\/Ras-Mohammed-National-Park-entrance-gate.jpg?fit=416%2C262&ssl=1",416,262,true],"woocommerce_gallery_thumbnail":["https:\/\/i0.wp.com\/landioustravel.com\/wp-content\/uploads\/2019\/02\/Ras-Mohammed-National-Park-entrance-gate.jpg?resize=100%2C100&ssl=1",100,100,true]},"uagb_author_info":{"display_name":"Mofreh Landious","author_link":"https:\/\/landioustravel.com\/it\/author\/"},"uagb_comment_info":4,"uagb_excerpt":"Preparati per un'incredibile avventura con Sharmers! Salta su un autobus e dirigiti verso lo splendido parco nazionale di Ras Mohamed per un'indimenticabile gita di snorkeling. Rimarrai stupito dallo scenario mozzafiato lungo la strada e, una volta arrivato, preparati a tuffarti nella barriera corallina di fama mondiale. Con lo stato protetto del parco, potrai assistere a&hellip;","jetpack_sharing_enabled":true,"jetpack_likes_enabled":true,"amp_enabled":true,"_links":{"self":[{"href":"https:\/\/landioustravel.com\/it\/wp-json\/wp\/v2\/product\/2043","targetHints":{"allow":["GET"]}}],"collection":[{"href":"https:\/\/landioustravel.com\/it\/wp-json\/wp\/v2\/product"}],"about":[{"href":"https:\/\/landioustravel.com\/it\/wp-json\/wp\/v2\/types\/product"}],"replies":[{"embeddable":true,"href":"https:\/\/landioustravel.com\/it\/wp-json\/wp\/v2\/comments?post=2043"}],"wp:featuredmedia":[{"embeddable":true,"href":"https:\/\/landioustravel.com\/it\/wp-json\/wp\/v2\/media\/100369"}],"wp:attachment":[{"href":"https:\/\/landioustravel.com\/it\/wp-json\/wp\/v2\/media?parent=2043"}],"wp:term":[{"taxonomy":"product_brand","embeddable":true,"href":"https:\/\/landioustravel.com\/it\/wp-json\/wp\/v2\/product_brand?post=2043"},{"taxonomy":"product_cat","embeddable":true,"href":"https:\/\/landioustravel.com\/it\/wp-json\/wp\/v2\/product_cat?post=2043"},{"taxonomy":"product_tag","embeddable":true,"href":"https:\/\/landioustravel.com\/it\/wp-json\/wp\/v2\/product_tag?post=2043"}],"curies":[{"name":"wp","href":"https:\/\/api.w.org\/{rel}","templated":true}]}}