{"id":2296,"date":"2023-03-28T02:23:35","date_gmt":"2019-02-22T09:23:35","guid":{"rendered":"https:\/\/landioustravel.com\/product\/excursion-super-gouna-di-hurghada\/"},"modified":"2023-12-05T19:15:47","modified_gmt":"2023-12-05T17:15:47","slug":"excursion-super-gouna-di-hurghada","status":"publish","type":"product","link":"https:\/\/landioustravel.com\/it\/shop\/excursion-super-gouna-di-hurghada\/","title":{"rendered":"Excursion Super Gouna di Hurghada"},"content":{"rendered":"<p>Una fantastica gita in mare per la Venezia egiziana a Hurghada! Raccomandiamo il viaggio perch\u00e9 permette ai turisti di divertirsi nuotando nel mare. Inoltre, permette di vedere i bellissimi coralli e una variet\u00e0 di pesci e di godersi un picnic in barca sul Mar Rosso. Il viaggio ti offre l&#8217;opportunit\u00e0 di localizzarti nella Venezia egiziana _ El Gouna e nuotare con i delfini!<\/p>\n<h2>I punti principali del programma di escursioni a El Gouna<\/h2>\n<ul>\n<li>Nuotare con i delfini in mare aperto<\/li>\n<li>Snorkeling<\/li>\n<li>Pranzo<\/li>\n<li>Guardare la vita di mare sul semi-sottomarino<\/li>\n<li>Giro turistico in battello intorno a El Gouna<\/li>\n<li>Passeggiata a El-Gouna<\/li>\n<\/ul>\n<h3>Il programma dell&#8217;escursione a El Gouna da Hurghada<\/h3>\n<ul>\n<li>Vi verremo a prendere all&#8217;hotel alle 08:00 circa<\/li>\n<li>Dopo aver preso tutti gli arrivi, l&#8217;autobus va al porto. La strada per il porto dura circa 35 minuti<\/li>\n<li>Troverai il tuo yacht nel porto. \u00c8 grande e chic! Questo yacht \u00e8 composto da due piani. Non appena entri nello yacht, \u00e8 necessario togliersi le scarpe e salire al secondo piano per abbronzarsi sul ponte superiore<\/li>\n<li>Lo yacht si muove attraverso il Mar Rosso, non appena il gruppo si riunisce. Inoltre, in una splendida macchia marina, farai la tua prima tappa in mare aperto. L\u00ec, puoi nuotare con i delfini e fare snorkeling con maschere e pinne<\/li>\n<li>Dopo questa meravigliosa sosta, lo yacht si sposta verso la bellissima citt\u00e0 di El-Gouna<\/li>\n<li>Una volta che sei cos\u00ec vicino alla Venezia egiziana, prendi un motoscafo per dare un&#8217;occhiata pi\u00f9 da vicino a El Gouna. La barca attraversa i canali della Venezia egiziana per farti vedere il posto dall&#8217;interno, e la guida mostrer\u00e0 e fornir\u00e0 informazioni su questo luogo<\/li>\n<li>Dopo un tale tour, atterri su El-Gouna stessa per iniziare un tour a piedi nel luogo. Ancora una volta, la guida ti accompagna e mostra le attrazioni di El Gouna<\/li>\n<li>In El-Gouna, puoi vedere il mondo sottomarino su un semi-sottomarino. Il semi-sottomarino si trova nel porto della Venezia egiziana<\/li>\n<li>Successivamente, ti riportiamo allo yacht. Al primo piano della tua barca, il gruppo si riunisce per il pranzo. Durante l&#8217;ora di pranzo, il buffet sar\u00e0 aperto<\/li>\n<li>Questo programma di escursioni a El Gouna termina alle 16:30 circa<\/li>\n<\/ul>\n<h4>Cosa \u00e8 incluso nel prezzo del viaggio<\/h4>\n<ul>\n<li>Maschere e pinne<\/li>\n<li>Cibo e bevande<\/li>\n<li>Trasferimento al porto e ritorno in hotel<\/li>\n<\/ul>\n<h5>Cosa non \u00e8 incluso nel prezzo del tour<\/h5>\n<ul>\n<li>DVD video<\/li>\n<li>CD fotografico<\/li>\n<\/ul>\n<h6>COSA PORTARE CON TE PER IL TOUR<\/h6>\n<ul>\n<li>Asciugamano<\/li>\n<li>Protezione solare<\/li>\n<\/ul>\n<h6>GIORNI DI ORGANIZZAZIONE DI ESCURSIONE<\/h6>\n<ul>\n<li>Tutti i giorni dalle 08:00 alle 17:00<\/li>\n<\/ul>\n","protected":false},"excerpt":{"rendered":"<p>Scopri la magnifica e vivace citt\u00e0 di El Gouna in un emozionante tour in barca che ti toglier\u00e0 il fiato. Il nostro tour \u00e8 progettato per offrirti un&#8217;esperienza indimenticabile ricca di divertimento e avventura.<\/p>\n<p>Ti porteremo su una comoda nave dalla costa di Hurghada a El Gouna, conosciuta anche come la Venezia d&#8217;Egitto. Lungo la strada, avrai l&#8217;opportunit\u00e0 di vedere i delfini mozzafiato nel loro habitat naturale presso la Dolphin House. Puoi anche fare una pausa per pescare e fare snorkeling prima di dirigerci verso El Gouna.<\/p>\n<p>El Gouna \u00e8 una piccola citt\u00e0 situata a circa 20 km a nord di Hurghada sul Mar Rosso. \u00c8 noto per le sue ampie spiagge sabbiose e le ottime condizioni di vento, che lo rendono un luogo popolare per i subacquei e i surfisti. Rimarrai incantato dall&#8217;architettura tradizionale delle case che fiancheggiano i vicoli, portandoti dritto in Oriente.<\/p>\n<p>Durante il tour in barca avrai la possibilit\u00e0 di nuotare e fare snorkeling con maschere e pinne. Non appena arrivi a El Gouna, inizierai un giro in motoscafo attraverso i canali d&#8217;acqua e le lagune di questo resort. Puoi persino guardare il mondo sottomarino su un semi-sottomarino. Il prezzo del tour include il pranzo e un drink.<\/p>\n<p>Il nostro team di guide professionali sar\u00e0 l\u00ec per assisterti durante tutto il viaggio, assicurandoti un&#8217;esperienza indimenticabile. Comprendiamo l&#8217;importanza di rendere il tuo viaggio confortevole e piacevole, motivo per cui forniamo trasferimenti di alta classe dal tuo hotel in veicoli con aria condizionata.<\/p>\n<p>Vogliamo che tu viva un&#8217;esperienza che apprezzerai per tutta la vita. Ecco perch\u00e9 offriamo tutta l&#8217;attrezzatura necessaria per la pesca e lo snorkeling, e anche per gli sport acquatici. Puoi scattare foto durante l&#8217;intero viaggio per catturare questi momenti preziosi.<\/p>\n<p>Non perdere l&#8217;occasione di esplorare El Gouna e la sua ricca storia. Dopo il giro in barca, ti riporteremo al tuo hotel a Hurghada. L&#8217;orario di ritorno \u00e8 alle 16:30. Prenota ora il tuo viaggio e lasciati accompagnare in un viaggio che non dimenticherai mai!<\/p>\n","protected":false},"featured_media":46488,"comment_status":"open","ping_status":"closed","template":"","meta":{"_coblocks_attr":"","_coblocks_dimensions":"","_coblocks_responsive_height":"","_coblocks_accordion_ie_support":"","_uag_custom_page_level_css":"","jetpack_publicize_message":"","jetpack_publicize_feature_enabled":true,"jetpack_social_post_already_shared":false,"jetpack_social_options":{"image_generator_settings":{"template":"highway","default_image_id":0,"font":"","enabled":false},"version":2},"_wpas_customize_per_network":false},"product_brand":[],"product_cat":[1632,22528,22508,1638,22521,22515,22538],"product_tag":[1931,1684,1644,2145,1661,22564,1665,1663,1682],"class_list":{"0":"post-2296","1":"product","2":"type-product","3":"status-publish","4":"has-post-thumbnail","6":"product_cat-escursioni-hurghada","7":"product_cat-escursioni-snorkeling-hurghada","8":"product_cat-escursioni-economiche-hurghada","9":"product_cat-escursioni-mare-hurghada","10":"product_cat-escursioni-famiglie-hurghada","11":"product_cat-hurghada-escursioni-casa-delfini","12":"product_cat-viaggi-avvistamento-delfini-hurghada","13":"product_tag-casa-dei-delfini","14":"product_tag-el-gouna-it","15":"product_tag-escursione","16":"product_tag-escursioni-da-hurghada","17":"product_tag-hurghada-it","18":"product_tag-mare","19":"product_tag-semi-sottomarino","20":"product_tag-snorkeling-it","21":"product_tag-viaggi-marittimi","22":"pa_age-adulto","23":"pa_age-bambino-1-4-anni","24":"pa_age-bambino-5-11-anni","26":"first","27":"instock","28":"sale","29":"purchasable","30":"product-type-variable"},"yoast_head":"<!-- This site is optimized with the Yoast SEO Premium plugin v27.5 (Yoast SEO v27.5) - https:\/\/yoast.com\/product\/yoast-seo-premium-wordpress\/ -->\n<title>Excursion Super Gouna di Hurghada<\/title>\n<meta name=\"description\" content=\"Una fantastica Excursion Super Gouna di Hurghada ! Il viaggio ti offre l&#039;opportunit\u00e0 di localizzarti a El Gouna e nuotare con i delfini!\" \/>\n<meta name=\"robots\" content=\"index, follow, max-snippet:-1, max-image-preview:large, max-video-preview:-1\" \/>\n<link rel=\"canonical\" href=\"https:\/\/landioustravel.com\/it\/shop\/excursion-super-gouna-di-hurghada\/\" \/>\n<meta property=\"og:locale\" content=\"it_IT\" \/>\n<meta property=\"og:type\" content=\"article\" \/>\n<meta property=\"og:title\" content=\"Excursion Super Gouna di Hurghada\" \/>\n<meta property=\"og:description\" content=\"Landious Travel\" \/>\n<meta property=\"og:url\" content=\"https:\/\/landioustravel.com\/it\/shop\/excursion-super-gouna-di-hurghada\/\" \/>\n<meta property=\"og:site_name\" content=\"Landious Travel\" \/>\n<meta property=\"article:publisher\" content=\"https:\/\/web.facebook.com\/landiousEgypt\" \/>\n<meta property=\"article:modified_time\" content=\"2023-12-05T17:15:47+00:00\" \/>\n<meta property=\"og:image\" content=\"https:\/\/i0.wp.com\/landioustravel.com\/wp-content\/uploads\/2019\/02\/Super-Gouna-Trip-Hurghada-e1617742910305.jpg?fit=1200%2C675&ssl=1\" \/>\n\t<meta property=\"og:image:width\" content=\"1200\" \/>\n\t<meta property=\"og:image:height\" content=\"675\" \/>\n\t<meta property=\"og:image:type\" content=\"image\/jpeg\" \/>\n<meta name=\"twitter:card\" content=\"summary_large_image\" \/>\n<meta name=\"twitter:site\" content=\"@LandiousTours\" \/>\n<meta name=\"twitter:label1\" content=\"Tempo di lettura stimato\" \/>\n\t<meta name=\"twitter:data1\" content=\"2 minuti\" \/>\n<script type=\"application\/ld+json\" class=\"yoast-schema-graph\">{\"@context\":\"https:\\\/\\\/schema.org\",\"@graph\":[{\"@type\":\"WebPage\",\"@id\":\"https:\\\/\\\/landioustravel.com\\\/it\\\/shop\\\/excursion-super-gouna-di-hurghada\\\/\",\"url\":\"https:\\\/\\\/landioustravel.com\\\/it\\\/shop\\\/excursion-super-gouna-di-hurghada\\\/\",\"name\":\"Excursion Super Gouna di Hurghada\",\"isPartOf\":{\"@id\":\"https:\\\/\\\/landioustravel.com\\\/it\\\/#website\"},\"primaryImageOfPage\":{\"@id\":\"https:\\\/\\\/landioustravel.com\\\/it\\\/shop\\\/excursion-super-gouna-di-hurghada\\\/#primaryimage\"},\"image\":{\"@id\":\"https:\\\/\\\/landioustravel.com\\\/it\\\/shop\\\/excursion-super-gouna-di-hurghada\\\/#primaryimage\"},\"thumbnailUrl\":\"https:\\\/\\\/i0.wp.com\\\/landioustravel.com\\\/wp-content\\\/uploads\\\/2019\\\/02\\\/Super-Gouna-Trip-Hurghada-e1617742910305.jpg?fit=1200%2C675&ssl=1\",\"datePublished\":\"2019-02-22T09:23:35+00:00\",\"dateModified\":\"2023-12-05T17:15:47+00:00\",\"description\":\"Una fantastica Excursion Super Gouna di Hurghada ! Il viaggio ti offre l'opportunit\u00e0 di localizzarti a El Gouna e nuotare con i delfini!\",\"breadcrumb\":{\"@id\":\"https:\\\/\\\/landioustravel.com\\\/it\\\/shop\\\/excursion-super-gouna-di-hurghada\\\/#breadcrumb\"},\"inLanguage\":\"it-IT\",\"potentialAction\":[{\"@type\":\"ReadAction\",\"target\":[\"https:\\\/\\\/landioustravel.com\\\/it\\\/shop\\\/excursion-super-gouna-di-hurghada\\\/\"]}]},{\"@type\":\"ImageObject\",\"inLanguage\":\"it-IT\",\"@id\":\"https:\\\/\\\/landioustravel.com\\\/it\\\/shop\\\/excursion-super-gouna-di-hurghada\\\/#primaryimage\",\"url\":\"https:\\\/\\\/i0.wp.com\\\/landioustravel.com\\\/wp-content\\\/uploads\\\/2019\\\/02\\\/Super-Gouna-Trip-Hurghada-e1617742910305.jpg?fit=1200%2C675&ssl=1\",\"contentUrl\":\"https:\\\/\\\/i0.wp.com\\\/landioustravel.com\\\/wp-content\\\/uploads\\\/2019\\\/02\\\/Super-Gouna-Trip-Hurghada-e1617742910305.jpg?fit=1200%2C675&ssl=1\",\"width\":1200,\"height\":675,\"caption\":\"Super Gouna Trip Hurghada\"},{\"@type\":\"BreadcrumbList\",\"@id\":\"https:\\\/\\\/landioustravel.com\\\/it\\\/shop\\\/excursion-super-gouna-di-hurghada\\\/#breadcrumb\",\"itemListElement\":[{\"@type\":\"ListItem\",\"position\":1,\"name\":\"Home\",\"item\":\"https:\\\/\\\/landioustravel.com\\\/it\\\/\"},{\"@type\":\"ListItem\",\"position\":2,\"name\":\"Tour in Egitto\",\"item\":\"https:\\\/\\\/landioustravel.com\\\/it\\\/\"},{\"@type\":\"ListItem\",\"position\":3,\"name\":\"Excursion Super Gouna di Hurghada\"}]},{\"@type\":\"WebSite\",\"@id\":\"https:\\\/\\\/landioustravel.com\\\/it\\\/#website\",\"url\":\"https:\\\/\\\/landioustravel.com\\\/it\\\/\",\"name\":\"Landious Travel\",\"description\":\"Excursions, trips and cruises in Egypt\",\"publisher\":{\"@id\":\"https:\\\/\\\/landioustravel.com\\\/it\\\/#organization\"},\"potentialAction\":[{\"@type\":\"SearchAction\",\"target\":{\"@type\":\"EntryPoint\",\"urlTemplate\":\"https:\\\/\\\/landioustravel.com\\\/it\\\/?s={search_term_string}\"},\"query-input\":{\"@type\":\"PropertyValueSpecification\",\"valueRequired\":true,\"valueName\":\"search_term_string\"}}],\"inLanguage\":\"it-IT\"},{\"@type\":[\"Organization\",\"Place\"],\"@id\":\"https:\\\/\\\/landioustravel.com\\\/it\\\/#organization\",\"name\":\"Landious Travel\",\"alternateName\":\"Landious Travel\",\"url\":\"https:\\\/\\\/landioustravel.com\\\/it\\\/\",\"logo\":{\"@id\":\"https:\\\/\\\/landioustravel.com\\\/it\\\/shop\\\/excursion-super-gouna-di-hurghada\\\/#local-main-organization-logo\"},\"image\":{\"@id\":\"https:\\\/\\\/landioustravel.com\\\/it\\\/shop\\\/excursion-super-gouna-di-hurghada\\\/#local-main-organization-logo\"},\"sameAs\":[\"https:\\\/\\\/web.facebook.com\\\/landiousEgypt\",\"https:\\\/\\\/x.com\\\/LandiousTours\",\"https:\\\/\\\/mastodon.social\\\/@landious\"],\"legalName\":\"Landious Travel\",\"telephone\":[],\"openingHoursSpecification\":[{\"@type\":\"OpeningHoursSpecification\",\"dayOfWeek\":[\"Monday\",\"Tuesday\",\"Wednesday\",\"Thursday\",\"Friday\",\"Saturday\",\"Sunday\"],\"opens\":\"09:00\",\"closes\":\"17:00\"}]},{\"@type\":\"ImageObject\",\"inLanguage\":\"it-IT\",\"@id\":\"https:\\\/\\\/landioustravel.com\\\/it\\\/shop\\\/excursion-super-gouna-di-hurghada\\\/#local-main-organization-logo\",\"url\":\"https:\\\/\\\/i0.wp.com\\\/landioustravel.com\\\/wp-content\\\/uploads\\\/2021\\\/06\\\/Landious-T.png?fit=500%2C500&ssl=1\",\"contentUrl\":\"https:\\\/\\\/i0.wp.com\\\/landioustravel.com\\\/wp-content\\\/uploads\\\/2021\\\/06\\\/Landious-T.png?fit=500%2C500&ssl=1\",\"width\":500,\"height\":500,\"caption\":\"Landious Travel\"}]}<\/script>\n<!-- \/ Yoast SEO Premium plugin. -->","yoast_head_json":{"title":"Excursion Super Gouna di Hurghada","description":"Una fantastica Excursion Super Gouna di Hurghada ! Il viaggio ti offre l'opportunit\u00e0 di localizzarti a El Gouna e nuotare con i delfini!","robots":{"index":"index","follow":"follow","max-snippet":"max-snippet:-1","max-image-preview":"max-image-preview:large","max-video-preview":"max-video-preview:-1"},"canonical":"https:\/\/landioustravel.com\/it\/shop\/excursion-super-gouna-di-hurghada\/","og_locale":"it_IT","og_type":"article","og_title":"Excursion Super Gouna di Hurghada","og_description":"Landious Travel","og_url":"https:\/\/landioustravel.com\/it\/shop\/excursion-super-gouna-di-hurghada\/","og_site_name":"Landious Travel","article_publisher":"https:\/\/web.facebook.com\/landiousEgypt","article_modified_time":"2023-12-05T17:15:47+00:00","og_image":[{"width":1200,"height":675,"url":"https:\/\/i0.wp.com\/landioustravel.com\/wp-content\/uploads\/2019\/02\/Super-Gouna-Trip-Hurghada-e1617742910305.jpg?fit=1200%2C675&ssl=1","type":"image\/jpeg"}],"twitter_card":"summary_large_image","twitter_site":"@LandiousTours","twitter_misc":{"Tempo di lettura stimato":"2 minuti"},"schema":{"@context":"https:\/\/schema.org","@graph":[{"@type":"WebPage","@id":"https:\/\/landioustravel.com\/it\/shop\/excursion-super-gouna-di-hurghada\/","url":"https:\/\/landioustravel.com\/it\/shop\/excursion-super-gouna-di-hurghada\/","name":"Excursion Super Gouna di Hurghada","isPartOf":{"@id":"https:\/\/landioustravel.com\/it\/#website"},"primaryImageOfPage":{"@id":"https:\/\/landioustravel.com\/it\/shop\/excursion-super-gouna-di-hurghada\/#primaryimage"},"image":{"@id":"https:\/\/landioustravel.com\/it\/shop\/excursion-super-gouna-di-hurghada\/#primaryimage"},"thumbnailUrl":"https:\/\/i0.wp.com\/landioustravel.com\/wp-content\/uploads\/2019\/02\/Super-Gouna-Trip-Hurghada-e1617742910305.jpg?fit=1200%2C675&ssl=1","datePublished":"2019-02-22T09:23:35+00:00","dateModified":"2023-12-05T17:15:47+00:00","description":"Una fantastica Excursion Super Gouna di Hurghada ! Il viaggio ti offre l'opportunit\u00e0 di localizzarti a El Gouna e nuotare con i delfini!","breadcrumb":{"@id":"https:\/\/landioustravel.com\/it\/shop\/excursion-super-gouna-di-hurghada\/#breadcrumb"},"inLanguage":"it-IT","potentialAction":[{"@type":"ReadAction","target":["https:\/\/landioustravel.com\/it\/shop\/excursion-super-gouna-di-hurghada\/"]}]},{"@type":"ImageObject","inLanguage":"it-IT","@id":"https:\/\/landioustravel.com\/it\/shop\/excursion-super-gouna-di-hurghada\/#primaryimage","url":"https:\/\/i0.wp.com\/landioustravel.com\/wp-content\/uploads\/2019\/02\/Super-Gouna-Trip-Hurghada-e1617742910305.jpg?fit=1200%2C675&ssl=1","contentUrl":"https:\/\/i0.wp.com\/landioustravel.com\/wp-content\/uploads\/2019\/02\/Super-Gouna-Trip-Hurghada-e1617742910305.jpg?fit=1200%2C675&ssl=1","width":1200,"height":675,"caption":"Super Gouna Trip Hurghada"},{"@type":"BreadcrumbList","@id":"https:\/\/landioustravel.com\/it\/shop\/excursion-super-gouna-di-hurghada\/#breadcrumb","itemListElement":[{"@type":"ListItem","position":1,"name":"Home","item":"https:\/\/landioustravel.com\/it\/"},{"@type":"ListItem","position":2,"name":"Tour in Egitto","item":"https:\/\/landioustravel.com\/it\/"},{"@type":"ListItem","position":3,"name":"Excursion Super Gouna di Hurghada"}]},{"@type":"WebSite","@id":"https:\/\/landioustravel.com\/it\/#website","url":"https:\/\/landioustravel.com\/it\/","name":"Landious Travel","description":"Excursions, trips and cruises in Egypt","publisher":{"@id":"https:\/\/landioustravel.com\/it\/#organization"},"potentialAction":[{"@type":"SearchAction","target":{"@type":"EntryPoint","urlTemplate":"https:\/\/landioustravel.com\/it\/?s={search_term_string}"},"query-input":{"@type":"PropertyValueSpecification","valueRequired":true,"valueName":"search_term_string"}}],"inLanguage":"it-IT"},{"@type":["Organization","Place"],"@id":"https:\/\/landioustravel.com\/it\/#organization","name":"Landious Travel","alternateName":"Landious Travel","url":"https:\/\/landioustravel.com\/it\/","logo":{"@id":"https:\/\/landioustravel.com\/it\/shop\/excursion-super-gouna-di-hurghada\/#local-main-organization-logo"},"image":{"@id":"https:\/\/landioustravel.com\/it\/shop\/excursion-super-gouna-di-hurghada\/#local-main-organization-logo"},"sameAs":["https:\/\/web.facebook.com\/landiousEgypt","https:\/\/x.com\/LandiousTours","https:\/\/mastodon.social\/@landious"],"legalName":"Landious Travel","telephone":[],"openingHoursSpecification":[{"@type":"OpeningHoursSpecification","dayOfWeek":["Monday","Tuesday","Wednesday","Thursday","Friday","Saturday","Sunday"],"opens":"09:00","closes":"17:00"}]},{"@type":"ImageObject","inLanguage":"it-IT","@id":"https:\/\/landioustravel.com\/it\/shop\/excursion-super-gouna-di-hurghada\/#local-main-organization-logo","url":"https:\/\/i0.wp.com\/landioustravel.com\/wp-content\/uploads\/2021\/06\/Landious-T.png?fit=500%2C500&ssl=1","contentUrl":"https:\/\/i0.wp.com\/landioustravel.com\/wp-content\/uploads\/2021\/06\/Landious-T.png?fit=500%2C500&ssl=1","width":500,"height":500,"caption":"Landious Travel"}]}},"jetpack_publicize_connections":[],"uagb_featured_image_src":{"full":["https:\/\/i0.wp.com\/landioustravel.com\/wp-content\/uploads\/2019\/02\/Super-Gouna-Trip-Hurghada-e1617742910305.jpg?fit=1200%2C675&ssl=1",1200,675,false],"thumbnail":["https:\/\/i0.wp.com\/landioustravel.com\/wp-content\/uploads\/2019\/02\/Super-Gouna-Trip-Hurghada-e1617742910305.jpg?resize=150%2C150&ssl=1",150,150,true],"medium":["https:\/\/i0.wp.com\/landioustravel.com\/wp-content\/uploads\/2019\/02\/Super-Gouna-Trip-Hurghada-e1617742910305.jpg?fit=300%2C169&ssl=1",300,169,true],"medium_large":["https:\/\/i0.wp.com\/landioustravel.com\/wp-content\/uploads\/2019\/02\/Super-Gouna-Trip-Hurghada-e1617742910305.jpg?fit=768%2C432&ssl=1",768,432,true],"large":["https:\/\/i0.wp.com\/landioustravel.com\/wp-content\/uploads\/2019\/02\/Super-Gouna-Trip-Hurghada-e1617742910305.jpg?fit=980%2C551&ssl=1",980,551,true],"1536x1536":["https:\/\/i0.wp.com\/landioustravel.com\/wp-content\/uploads\/2019\/02\/Super-Gouna-Trip-Hurghada-e1617742910305.jpg?fit=1536%2C864&ssl=1",1536,864,true],"2048x2048":["https:\/\/i0.wp.com\/landioustravel.com\/wp-content\/uploads\/2019\/02\/Super-Gouna-Trip-Hurghada-e1617742910305.jpg?fit=2048%2C1152&ssl=1",2048,1152,true],"newspack-article-block-landscape-large":["https:\/\/i0.wp.com\/landioustravel.com\/wp-content\/uploads\/2019\/02\/Super-Gouna-Trip-Hurghada-e1617742910305.jpg?resize=1200%2C675&ssl=1",1200,900,true],"newspack-article-block-portrait-large":["https:\/\/i0.wp.com\/landioustravel.com\/wp-content\/uploads\/2019\/02\/Super-Gouna-Trip-Hurghada-e1617742910305.jpg?resize=900%2C675&ssl=1",900,1200,true],"newspack-article-block-square-large":["https:\/\/i0.wp.com\/landioustravel.com\/wp-content\/uploads\/2019\/02\/Super-Gouna-Trip-Hurghada-e1617742910305.jpg?resize=1200%2C675&ssl=1",1200,1200,true],"newspack-article-block-landscape-medium":["https:\/\/i0.wp.com\/landioustravel.com\/wp-content\/uploads\/2019\/02\/Super-Gouna-Trip-Hurghada-e1617742910305.jpg?resize=800%2C600&ssl=1",800,600,true],"newspack-article-block-portrait-medium":["https:\/\/i0.wp.com\/landioustravel.com\/wp-content\/uploads\/2019\/02\/Super-Gouna-Trip-Hurghada-e1617742910305.jpg?resize=600%2C675&ssl=1",600,800,true],"newspack-article-block-square-medium":["https:\/\/i0.wp.com\/landioustravel.com\/wp-content\/uploads\/2019\/02\/Super-Gouna-Trip-Hurghada-e1617742910305.jpg?resize=800%2C675&ssl=1",800,800,true],"newspack-article-block-landscape-intermediate":["https:\/\/i0.wp.com\/landioustravel.com\/wp-content\/uploads\/2019\/02\/Super-Gouna-Trip-Hurghada-e1617742910305.jpg?resize=600%2C450&ssl=1",600,450,true],"newspack-article-block-portrait-intermediate":["https:\/\/i0.wp.com\/landioustravel.com\/wp-content\/uploads\/2019\/02\/Super-Gouna-Trip-Hurghada-e1617742910305.jpg?resize=450%2C600&ssl=1",450,600,true],"newspack-article-block-square-intermediate":["https:\/\/i0.wp.com\/landioustravel.com\/wp-content\/uploads\/2019\/02\/Super-Gouna-Trip-Hurghada-e1617742910305.jpg?resize=600%2C600&ssl=1",600,600,true],"newspack-article-block-landscape-small":["https:\/\/i0.wp.com\/landioustravel.com\/wp-content\/uploads\/2019\/02\/Super-Gouna-Trip-Hurghada-e1617742910305.jpg?resize=400%2C300&ssl=1",400,300,true],"newspack-article-block-portrait-small":["https:\/\/i0.wp.com\/landioustravel.com\/wp-content\/uploads\/2019\/02\/Super-Gouna-Trip-Hurghada-e1617742910305.jpg?resize=300%2C400&ssl=1",300,400,true],"newspack-article-block-square-small":["https:\/\/i0.wp.com\/landioustravel.com\/wp-content\/uploads\/2019\/02\/Super-Gouna-Trip-Hurghada-e1617742910305.jpg?resize=400%2C400&ssl=1",400,400,true],"newspack-article-block-landscape-tiny":["https:\/\/i0.wp.com\/landioustravel.com\/wp-content\/uploads\/2019\/02\/Super-Gouna-Trip-Hurghada-e1617742910305.jpg?resize=200%2C150&ssl=1",200,150,true],"newspack-article-block-portrait-tiny":["https:\/\/i0.wp.com\/landioustravel.com\/wp-content\/uploads\/2019\/02\/Super-Gouna-Trip-Hurghada-e1617742910305.jpg?resize=150%2C200&ssl=1",150,200,true],"newspack-article-block-square-tiny":["https:\/\/i0.wp.com\/landioustravel.com\/wp-content\/uploads\/2019\/02\/Super-Gouna-Trip-Hurghada-e1617742910305.jpg?resize=200%2C200&ssl=1",200,200,true],"newspack-article-block-uncropped":["https:\/\/i0.wp.com\/landioustravel.com\/wp-content\/uploads\/2019\/02\/Super-Gouna-Trip-Hurghada-e1617742910305.jpg?fit=1200%2C675&ssl=1",1200,675,true],"woocommerce_thumbnail":["https:\/\/i0.wp.com\/landioustravel.com\/wp-content\/uploads\/2019\/02\/Super-Gouna-Trip-Hurghada-e1617742910305.jpg?resize=324%2C324&ssl=1",324,324,true],"woocommerce_single":["https:\/\/i0.wp.com\/landioustravel.com\/wp-content\/uploads\/2019\/02\/Super-Gouna-Trip-Hurghada-e1617742910305.jpg?fit=416%2C234&ssl=1",416,234,true],"woocommerce_gallery_thumbnail":["https:\/\/i0.wp.com\/landioustravel.com\/wp-content\/uploads\/2019\/02\/Super-Gouna-Trip-Hurghada-e1617742910305.jpg?resize=100%2C100&ssl=1",100,100,true]},"uagb_author_info":{"display_name":"Mofreh Landious","author_link":"https:\/\/landioustravel.com\/it\/author\/"},"uagb_comment_info":2,"uagb_excerpt":"Scopri la magnifica e vivace citt\u00e0 di El Gouna in un emozionante tour in barca che ti toglier\u00e0 il fiato. Il nostro tour \u00e8 progettato per offrirti un'esperienza indimenticabile ricca di divertimento e avventura. Ti porteremo su una comoda nave dalla costa di Hurghada a El Gouna, conosciuta anche come la Venezia d'Egitto. Lungo la&hellip;","jetpack_sharing_enabled":true,"jetpack_likes_enabled":true,"amp_enabled":true,"_links":{"self":[{"href":"https:\/\/landioustravel.com\/it\/wp-json\/wp\/v2\/product\/2296","targetHints":{"allow":["GET"]}}],"collection":[{"href":"https:\/\/landioustravel.com\/it\/wp-json\/wp\/v2\/product"}],"about":[{"href":"https:\/\/landioustravel.com\/it\/wp-json\/wp\/v2\/types\/product"}],"replies":[{"embeddable":true,"href":"https:\/\/landioustravel.com\/it\/wp-json\/wp\/v2\/comments?post=2296"}],"wp:featuredmedia":[{"embeddable":true,"href":"https:\/\/landioustravel.com\/it\/wp-json\/wp\/v2\/media\/46488"}],"wp:attachment":[{"href":"https:\/\/landioustravel.com\/it\/wp-json\/wp\/v2\/media?parent=2296"}],"wp:term":[{"taxonomy":"product_brand","embeddable":true,"href":"https:\/\/landioustravel.com\/it\/wp-json\/wp\/v2\/product_brand?post=2296"},{"taxonomy":"product_cat","embeddable":true,"href":"https:\/\/landioustravel.com\/it\/wp-json\/wp\/v2\/product_cat?post=2296"},{"taxonomy":"product_tag","embeddable":true,"href":"https:\/\/landioustravel.com\/it\/wp-json\/wp\/v2\/product_tag?post=2296"}],"curies":[{"name":"wp","href":"https:\/\/api.w.org\/{rel}","templated":true}]}}