{"id":26083,"date":"2020-10-08T12:43:34","date_gmt":"2020-12-03T20:02:13","guid":{"rendered":"https:\/\/landioustravel.com\/?post_type=product&#038;p=26083"},"modified":"2024-09-27T20:17:02","modified_gmt":"2024-09-27T17:17:02","slug":"tour-citta-sharm-el-sheikh","status":"publish","type":"product","link":"https:\/\/landioustravel.com\/it\/shop\/tour-citta-sharm-el-sheikh\/","title":{"rendered":"Tour della citt\u00e0 di Sharm El Sheikh"},"content":{"rendered":"<p>Goditi uno degli incantevoli tour a <a href=\"https:\/\/landioustravel.com\/it\/citta-sharm-sheikh\/\">Sharm El Sheikh<\/a> esplorando i fantastici luoghi della citt\u00e0! \u00c8 un tour della citt\u00e0 molto eccitante di Sharm El Sheikh, in Egitto. Consigliamo il viaggio perch\u00e9 permette ai turisti di scoprire le diverse attrazioni di Sharm El-Sheikh. Inoltre, questo tour fornisce informazioni complete sulle diverse aree e sulla cultura del luogo.<\/p>\n<h2>Punti principali del programma di tour della citt\u00e0 a Sharm<\/h2>\n<ul>\n<li>Visita alla Moschea di Mostafa e alla Chiesa ortodossa copta<\/li>\n<li>Quindi, esplorando il centro storico e facendo shopping<\/li>\n<li>Visitare Naama Bay e fare una passeggiata<\/li>\n<li>Inoltre, guardando lo spettacolo delle fontane danzanti a Soho Square<\/li>\n<\/ul>\n<h3>Programma del tour della citt\u00e0 di Sharm El Sheikh<\/h3>\n<ul>\n<li>Il rappresentante di Landious Travel ti viene a prendere dal tuo hotel, a Sharm El Sheikh, alle 15:00 circa<\/li>\n<li>Dopo aver raccolto tutti gli arrivi, l&#8217;autobus va alla citt\u00e0 vecchia di Sharm. Ci vogliono circa 30 minuti per ottenerlo<\/li>\n<li>All&#8217;inizio del viaggio, farai una panoramica panoramica del luogo. L\u00ec, la tua guida fornisce informazioni sulle diverse aree della citt\u00e0<\/li>\n<li>Dopo questa vista panoramica, guidi lungo la moschea pi\u00f9 grande e pi\u00f9 bella dell&#8217;intero Sinai: Moschea di Mostafa<\/li>\n<li>Inoltre, visiterai la Chiesa copta ortodossa. \u00c8 una delle chiese pi\u00f9 moderne e belle del mondo<\/li>\n<li>Nel vecchio mercato, puoi fare pi\u00f9 attivit\u00e0 _ fare shopping e fare una passeggiata<\/li>\n<li>Con la fine della tua visita alla Citt\u00e0 Vecchia, ti dirigerai verso un luogo attivo e incantevole, Naama Bay<\/li>\n<li>A Naama Bay, puoi goderti una passeggiata alla scoperta di discoteche, ristoranti e caff\u00e8<\/li>\n<li>Successivamente, ti dirigerai verso Soho Square, dove potrai goderti lo spettacolo delle fontane danzanti e il luogo di pattinaggio sul ghiaccio<\/li>\n<li>Alla fine di questo fantastico tour della citt\u00e0 a Sharm El Sheikh, ti accompagniamo ai tuoi hotel<\/li>\n<li>Questo &#8220;Tour della citt\u00e0 di Sharm El Sheikh&#8221; termina alle 20:00 circa<\/li>\n<\/ul>\n<h4>Cosa \u00e8 compreso nel prezzo del tour<\/h4>\n<ul>\n<li>Trasferimento in citt\u00e0 e ritorno in hotel<\/li>\n<\/ul>\n<h5>Cosa non \u00e8 compreso nel prezzo del viaggio<\/h5>\n<ul>\n<li>Programmi aggiuntivi se non inclusi nel programma sopra<\/li>\n<\/ul>\n<h6>Cosa portare per il tour della citt\u00e0<\/h6>\n<ul>\n<li>Occhiali da sole<\/li>\n<li>Contanti extra<\/li>\n<\/ul>\n<h6>Organizzazione di giornate di escursione<\/h6>\n<ul>\n<li>Tutti i giorni dalle 15:00 alle 20:00<\/li>\n<\/ul>\n","protected":false},"excerpt":{"rendered":"<p>Il giro turistico di Sharm El Sheikh \u00e8 un ambizioso itinerario che ti porta nei luoghi pi\u00f9 affascinanti della citt\u00e0. Potrai esplorare e scoprire cos\u00ec tanto su questo luogo incredibile. Il programma prevede la visita della Citt\u00e0 Vecchia, del Mercato Vecchio e di Naama Bay, la pi\u00f9 grande moschea di Sharm El Sheikh, la Chiesa Copta e Soho Square. E, se sei interessato, ci saranno anche opportunit\u00e0 per lo shopping.<\/p>\n<p>Sebbene Sharm El Sheikh sia nota per i suoi hotel di lusso, le immersioni di livello mondiale e la vivace vita notturna, \u00e8 stata anche una destinazione per migliaia di anni grazie alla sua posizione sulla rotta commerciale tra Africa e Asia. La Baia degli Sceicchi, come \u00e8 conosciuta, \u00e8 anche chiamata la Citt\u00e0 della Pace per via delle numerose conferenze di pace che vi si tengono. Questo tour ti d\u00e0 la possibilit\u00e0 di sperimentare la tolleranza religiosa della citt\u00e0, l&#8217;architettura moderna e antica e lo stile di vita egiziano locale, qualcosa che la maggior parte dei turisti non riesce a vedere.<\/p>\n<p>La tua guida turistica della citt\u00e0 verr\u00e0 a prenderti in un minibus con aria condizionata intorno alle 15:00 e la nostra prima tappa sar\u00e0 il quartiere di al-Noor. Qui visiteremo la Cattedrale Celeste, una splendida cattedrale cattolica con bellissimi murales. La tua guida ti fornir\u00e0 anche alcune informazioni sulla storia del cristianesimo in Egitto. Successivamente, visiteremo la Moschea Al-Mostafa, dove la tua guida ti parler\u00e0 dello stile e dell&#8217;architettura della Moschea e dell&#8217;Islam stesso.<\/p>\n<p>Ci dirigeremo quindi verso il faro di Al-Fanar, che offre viste mozzafiato sulla costa di Sharm e sul Golfo di Aqaba. Qui possiamo rilassarci e ammirare i panorami. C&#8217;\u00e8 anche un bellissimo memoriale della pace qui che \u00e8 perfetto per un&#8217;opportunit\u00e0 fotografica.<\/p>\n<p>La Moschea Sahaba nel vecchio mercato \u00e8 la nostra prossima fermata. \u00c8 una bellissima moschea che fonde elementi fatimidi, mamelucchi e ottomani nella sua architettura e nel design degli interni. \u00c8 considerata la moschea pi\u00f9 importante costruita nel decennio. Infine, se sei interessato a sperimentare la vita egiziana locale, visiteremo l&#8217;area commerciale del Mercato Vecchio, dove potrai socializzare con la gente del posto e fare shopping se lo desideri.<\/p>\n<p>Il tour terminer\u00e0 intorno alle 18:00 e la tua guida ti riaccompagner\u00e0 al tuo hotel nella citt\u00e0 di Sharm El Sheikh. Questo tour \u00e8 un&#8217;incredibile opportunit\u00e0 per esplorare e conoscere la citt\u00e0 e siamo certi che vivrai un&#8217;esperienza indimenticabile.<\/p>\n","protected":false},"featured_media":45816,"comment_status":"open","ping_status":"closed","template":"","meta":{"_coblocks_attr":"","_coblocks_dimensions":"","_coblocks_responsive_height":"","_coblocks_accordion_ie_support":"","_uag_custom_page_level_css":"","jetpack_publicize_message":"","jetpack_publicize_feature_enabled":true,"jetpack_social_post_already_shared":true,"jetpack_social_options":{"image_generator_settings":{"template":"highway","default_image_id":0,"font":"","enabled":false},"version":2},"_wpas_customize_per_network":false},"product_brand":[],"product_cat":[1639,23528],"product_tag":[1644,1669,1648,9910],"class_list":{"0":"post-26083","1":"product","2":"type-product","3":"status-publish","4":"has-post-thumbnail","6":"product_cat-escursioni-sharm-el-sheikh","7":"product_cat-gite-un-giorno-sharm-sheikh","8":"product_tag-escursione","9":"product_tag-giro-della-citta","10":"product_tag-sharm-el-sheikh-it","11":"product_tag-visita-turistica","12":"pa_age-adulto","13":"pa_age-bambino","15":"first","16":"instock","17":"sale","18":"taxable","19":"shipping-taxable","20":"purchasable","21":"product-type-variable"},"yoast_head":"<!-- This site is optimized with the Yoast SEO Premium plugin v27.5 (Yoast SEO v27.5) - https:\/\/yoast.com\/product\/yoast-seo-premium-wordpress\/ -->\n<title>Tour della citt\u00e0 di Sharm El Sheikh<\/title>\n<meta name=\"description\" content=\"Tour della citt\u00e0 di Sharm El Sheikh comprende vari punti e soste nei principali luoghi di interesse della citt\u00e0. L&#039;escursione \u00e8 intensa e permette di vedere\" \/>\n<meta name=\"robots\" content=\"index, follow, max-snippet:-1, max-image-preview:large, max-video-preview:-1\" \/>\n<link rel=\"canonical\" href=\"https:\/\/landioustravel.com\/it\/shop\/tour-citta-sharm-el-sheikh\/\" \/>\n<meta property=\"og:locale\" content=\"it_IT\" \/>\n<meta property=\"og:type\" content=\"article\" \/>\n<meta property=\"og:title\" content=\"Tour della citt\u00e0 di Sharm El Sheikh\" \/>\n<meta property=\"og:description\" content=\"Landious Travel\" \/>\n<meta property=\"og:url\" content=\"https:\/\/landioustravel.com\/it\/shop\/tour-citta-sharm-el-sheikh\/\" \/>\n<meta property=\"og:site_name\" content=\"Landious Travel\" \/>\n<meta property=\"article:publisher\" content=\"https:\/\/web.facebook.com\/landiousEgypt\" \/>\n<meta property=\"article:modified_time\" content=\"2024-09-27T17:17:02+00:00\" \/>\n<meta property=\"og:image\" content=\"https:\/\/i0.wp.com\/landioustravel.com\/wp-content\/uploads\/2020\/10\/City-Tour-Sharm-El-Sheikh-e1617565959779.jpg?fit=1200%2C675&ssl=1\" \/>\n\t<meta property=\"og:image:width\" content=\"1200\" \/>\n\t<meta property=\"og:image:height\" content=\"675\" \/>\n\t<meta property=\"og:image:type\" content=\"image\/jpeg\" \/>\n<meta name=\"twitter:card\" content=\"summary_large_image\" \/>\n<meta name=\"twitter:site\" content=\"@LandiousTours\" \/>\n<meta name=\"twitter:label1\" content=\"Tempo di lettura stimato\" \/>\n\t<meta name=\"twitter:data1\" content=\"2 minuti\" \/>\n<script type=\"application\/ld+json\" class=\"yoast-schema-graph\">{\"@context\":\"https:\\\/\\\/schema.org\",\"@graph\":[{\"@type\":\"WebPage\",\"@id\":\"https:\\\/\\\/landioustravel.com\\\/it\\\/shop\\\/tour-citta-sharm-el-sheikh\\\/\",\"url\":\"https:\\\/\\\/landioustravel.com\\\/it\\\/shop\\\/tour-citta-sharm-el-sheikh\\\/\",\"name\":\"Tour della citt\u00e0 di Sharm El Sheikh\",\"isPartOf\":{\"@id\":\"https:\\\/\\\/landioustravel.com\\\/it\\\/#website\"},\"primaryImageOfPage\":{\"@id\":\"https:\\\/\\\/landioustravel.com\\\/it\\\/shop\\\/tour-citta-sharm-el-sheikh\\\/#primaryimage\"},\"image\":{\"@id\":\"https:\\\/\\\/landioustravel.com\\\/it\\\/shop\\\/tour-citta-sharm-el-sheikh\\\/#primaryimage\"},\"thumbnailUrl\":\"https:\\\/\\\/i0.wp.com\\\/landioustravel.com\\\/wp-content\\\/uploads\\\/2020\\\/10\\\/City-Tour-Sharm-El-Sheikh-e1617565959779.jpg?fit=1200%2C675&ssl=1\",\"datePublished\":\"2020-12-03T20:02:13+00:00\",\"dateModified\":\"2024-09-27T17:17:02+00:00\",\"description\":\"Tour della citt\u00e0 di Sharm El Sheikh comprende vari punti e soste nei principali luoghi di interesse della citt\u00e0. L'escursione \u00e8 intensa e permette di vedere\",\"breadcrumb\":{\"@id\":\"https:\\\/\\\/landioustravel.com\\\/it\\\/shop\\\/tour-citta-sharm-el-sheikh\\\/#breadcrumb\"},\"inLanguage\":\"it-IT\",\"potentialAction\":[{\"@type\":\"ReadAction\",\"target\":[\"https:\\\/\\\/landioustravel.com\\\/it\\\/shop\\\/tour-citta-sharm-el-sheikh\\\/\"]}]},{\"@type\":\"ImageObject\",\"inLanguage\":\"it-IT\",\"@id\":\"https:\\\/\\\/landioustravel.com\\\/it\\\/shop\\\/tour-citta-sharm-el-sheikh\\\/#primaryimage\",\"url\":\"https:\\\/\\\/i0.wp.com\\\/landioustravel.com\\\/wp-content\\\/uploads\\\/2020\\\/10\\\/City-Tour-Sharm-El-Sheikh-e1617565959779.jpg?fit=1200%2C675&ssl=1\",\"contentUrl\":\"https:\\\/\\\/i0.wp.com\\\/landioustravel.com\\\/wp-content\\\/uploads\\\/2020\\\/10\\\/City-Tour-Sharm-El-Sheikh-e1617565959779.jpg?fit=1200%2C675&ssl=1\",\"width\":1200,\"height\":675,\"caption\":\"City Tour Sharm El Sheikh\"},{\"@type\":\"BreadcrumbList\",\"@id\":\"https:\\\/\\\/landioustravel.com\\\/it\\\/shop\\\/tour-citta-sharm-el-sheikh\\\/#breadcrumb\",\"itemListElement\":[{\"@type\":\"ListItem\",\"position\":1,\"name\":\"Home\",\"item\":\"https:\\\/\\\/landioustravel.com\\\/it\\\/\"},{\"@type\":\"ListItem\",\"position\":2,\"name\":\"Tour in Egitto\",\"item\":\"https:\\\/\\\/landioustravel.com\\\/it\\\/\"},{\"@type\":\"ListItem\",\"position\":3,\"name\":\"Tour della citt\u00e0 di Sharm El Sheikh\"}]},{\"@type\":\"WebSite\",\"@id\":\"https:\\\/\\\/landioustravel.com\\\/it\\\/#website\",\"url\":\"https:\\\/\\\/landioustravel.com\\\/it\\\/\",\"name\":\"Landious Travel\",\"description\":\"Excursions, trips and cruises in Egypt\",\"publisher\":{\"@id\":\"https:\\\/\\\/landioustravel.com\\\/it\\\/#organization\"},\"potentialAction\":[{\"@type\":\"SearchAction\",\"target\":{\"@type\":\"EntryPoint\",\"urlTemplate\":\"https:\\\/\\\/landioustravel.com\\\/it\\\/?s={search_term_string}\"},\"query-input\":{\"@type\":\"PropertyValueSpecification\",\"valueRequired\":true,\"valueName\":\"search_term_string\"}}],\"inLanguage\":\"it-IT\"},{\"@type\":[\"Organization\",\"Place\"],\"@id\":\"https:\\\/\\\/landioustravel.com\\\/it\\\/#organization\",\"name\":\"Landious Travel\",\"alternateName\":\"Landious Travel\",\"url\":\"https:\\\/\\\/landioustravel.com\\\/it\\\/\",\"logo\":{\"@id\":\"https:\\\/\\\/landioustravel.com\\\/it\\\/shop\\\/tour-citta-sharm-el-sheikh\\\/#local-main-organization-logo\"},\"image\":{\"@id\":\"https:\\\/\\\/landioustravel.com\\\/it\\\/shop\\\/tour-citta-sharm-el-sheikh\\\/#local-main-organization-logo\"},\"sameAs\":[\"https:\\\/\\\/web.facebook.com\\\/landiousEgypt\",\"https:\\\/\\\/x.com\\\/LandiousTours\",\"https:\\\/\\\/mastodon.social\\\/@landious\"],\"legalName\":\"Landious Travel\",\"telephone\":[],\"openingHoursSpecification\":[{\"@type\":\"OpeningHoursSpecification\",\"dayOfWeek\":[\"Monday\",\"Tuesday\",\"Wednesday\",\"Thursday\",\"Friday\",\"Saturday\",\"Sunday\"],\"opens\":\"09:00\",\"closes\":\"17:00\"}]},{\"@type\":\"ImageObject\",\"inLanguage\":\"it-IT\",\"@id\":\"https:\\\/\\\/landioustravel.com\\\/it\\\/shop\\\/tour-citta-sharm-el-sheikh\\\/#local-main-organization-logo\",\"url\":\"https:\\\/\\\/i0.wp.com\\\/landioustravel.com\\\/wp-content\\\/uploads\\\/2021\\\/06\\\/Landious-T.png?fit=500%2C500&ssl=1\",\"contentUrl\":\"https:\\\/\\\/i0.wp.com\\\/landioustravel.com\\\/wp-content\\\/uploads\\\/2021\\\/06\\\/Landious-T.png?fit=500%2C500&ssl=1\",\"width\":500,\"height\":500,\"caption\":\"Landious Travel\"}]}<\/script>\n<!-- \/ Yoast SEO Premium plugin. -->","yoast_head_json":{"title":"Tour della citt\u00e0 di Sharm El Sheikh","description":"Tour della citt\u00e0 di Sharm El Sheikh comprende vari punti e soste nei principali luoghi di interesse della citt\u00e0. L'escursione \u00e8 intensa e permette di vedere","robots":{"index":"index","follow":"follow","max-snippet":"max-snippet:-1","max-image-preview":"max-image-preview:large","max-video-preview":"max-video-preview:-1"},"canonical":"https:\/\/landioustravel.com\/it\/shop\/tour-citta-sharm-el-sheikh\/","og_locale":"it_IT","og_type":"article","og_title":"Tour della citt\u00e0 di Sharm El Sheikh","og_description":"Landious Travel","og_url":"https:\/\/landioustravel.com\/it\/shop\/tour-citta-sharm-el-sheikh\/","og_site_name":"Landious Travel","article_publisher":"https:\/\/web.facebook.com\/landiousEgypt","article_modified_time":"2024-09-27T17:17:02+00:00","og_image":[{"width":1200,"height":675,"url":"https:\/\/i0.wp.com\/landioustravel.com\/wp-content\/uploads\/2020\/10\/City-Tour-Sharm-El-Sheikh-e1617565959779.jpg?fit=1200%2C675&ssl=1","type":"image\/jpeg"}],"twitter_card":"summary_large_image","twitter_site":"@LandiousTours","twitter_misc":{"Tempo di lettura stimato":"2 minuti"},"schema":{"@context":"https:\/\/schema.org","@graph":[{"@type":"WebPage","@id":"https:\/\/landioustravel.com\/it\/shop\/tour-citta-sharm-el-sheikh\/","url":"https:\/\/landioustravel.com\/it\/shop\/tour-citta-sharm-el-sheikh\/","name":"Tour della citt\u00e0 di Sharm El Sheikh","isPartOf":{"@id":"https:\/\/landioustravel.com\/it\/#website"},"primaryImageOfPage":{"@id":"https:\/\/landioustravel.com\/it\/shop\/tour-citta-sharm-el-sheikh\/#primaryimage"},"image":{"@id":"https:\/\/landioustravel.com\/it\/shop\/tour-citta-sharm-el-sheikh\/#primaryimage"},"thumbnailUrl":"https:\/\/i0.wp.com\/landioustravel.com\/wp-content\/uploads\/2020\/10\/City-Tour-Sharm-El-Sheikh-e1617565959779.jpg?fit=1200%2C675&ssl=1","datePublished":"2020-12-03T20:02:13+00:00","dateModified":"2024-09-27T17:17:02+00:00","description":"Tour della citt\u00e0 di Sharm El Sheikh comprende vari punti e soste nei principali luoghi di interesse della citt\u00e0. L'escursione \u00e8 intensa e permette di vedere","breadcrumb":{"@id":"https:\/\/landioustravel.com\/it\/shop\/tour-citta-sharm-el-sheikh\/#breadcrumb"},"inLanguage":"it-IT","potentialAction":[{"@type":"ReadAction","target":["https:\/\/landioustravel.com\/it\/shop\/tour-citta-sharm-el-sheikh\/"]}]},{"@type":"ImageObject","inLanguage":"it-IT","@id":"https:\/\/landioustravel.com\/it\/shop\/tour-citta-sharm-el-sheikh\/#primaryimage","url":"https:\/\/i0.wp.com\/landioustravel.com\/wp-content\/uploads\/2020\/10\/City-Tour-Sharm-El-Sheikh-e1617565959779.jpg?fit=1200%2C675&ssl=1","contentUrl":"https:\/\/i0.wp.com\/landioustravel.com\/wp-content\/uploads\/2020\/10\/City-Tour-Sharm-El-Sheikh-e1617565959779.jpg?fit=1200%2C675&ssl=1","width":1200,"height":675,"caption":"City Tour Sharm El Sheikh"},{"@type":"BreadcrumbList","@id":"https:\/\/landioustravel.com\/it\/shop\/tour-citta-sharm-el-sheikh\/#breadcrumb","itemListElement":[{"@type":"ListItem","position":1,"name":"Home","item":"https:\/\/landioustravel.com\/it\/"},{"@type":"ListItem","position":2,"name":"Tour in Egitto","item":"https:\/\/landioustravel.com\/it\/"},{"@type":"ListItem","position":3,"name":"Tour della citt\u00e0 di Sharm El Sheikh"}]},{"@type":"WebSite","@id":"https:\/\/landioustravel.com\/it\/#website","url":"https:\/\/landioustravel.com\/it\/","name":"Landious Travel","description":"Excursions, trips and cruises in Egypt","publisher":{"@id":"https:\/\/landioustravel.com\/it\/#organization"},"potentialAction":[{"@type":"SearchAction","target":{"@type":"EntryPoint","urlTemplate":"https:\/\/landioustravel.com\/it\/?s={search_term_string}"},"query-input":{"@type":"PropertyValueSpecification","valueRequired":true,"valueName":"search_term_string"}}],"inLanguage":"it-IT"},{"@type":["Organization","Place"],"@id":"https:\/\/landioustravel.com\/it\/#organization","name":"Landious Travel","alternateName":"Landious Travel","url":"https:\/\/landioustravel.com\/it\/","logo":{"@id":"https:\/\/landioustravel.com\/it\/shop\/tour-citta-sharm-el-sheikh\/#local-main-organization-logo"},"image":{"@id":"https:\/\/landioustravel.com\/it\/shop\/tour-citta-sharm-el-sheikh\/#local-main-organization-logo"},"sameAs":["https:\/\/web.facebook.com\/landiousEgypt","https:\/\/x.com\/LandiousTours","https:\/\/mastodon.social\/@landious"],"legalName":"Landious Travel","telephone":[],"openingHoursSpecification":[{"@type":"OpeningHoursSpecification","dayOfWeek":["Monday","Tuesday","Wednesday","Thursday","Friday","Saturday","Sunday"],"opens":"09:00","closes":"17:00"}]},{"@type":"ImageObject","inLanguage":"it-IT","@id":"https:\/\/landioustravel.com\/it\/shop\/tour-citta-sharm-el-sheikh\/#local-main-organization-logo","url":"https:\/\/i0.wp.com\/landioustravel.com\/wp-content\/uploads\/2021\/06\/Landious-T.png?fit=500%2C500&ssl=1","contentUrl":"https:\/\/i0.wp.com\/landioustravel.com\/wp-content\/uploads\/2021\/06\/Landious-T.png?fit=500%2C500&ssl=1","width":500,"height":500,"caption":"Landious Travel"}]}},"jetpack_publicize_connections":[],"uagb_featured_image_src":{"full":["https:\/\/i0.wp.com\/landioustravel.com\/wp-content\/uploads\/2020\/10\/City-Tour-Sharm-El-Sheikh-e1617565959779.jpg?fit=1200%2C675&ssl=1",1200,675,false],"thumbnail":["https:\/\/i0.wp.com\/landioustravel.com\/wp-content\/uploads\/2020\/10\/City-Tour-Sharm-El-Sheikh-e1617565959779.jpg?resize=150%2C150&ssl=1",150,150,true],"medium":["https:\/\/i0.wp.com\/landioustravel.com\/wp-content\/uploads\/2020\/10\/City-Tour-Sharm-El-Sheikh-e1617565959779.jpg?fit=300%2C169&ssl=1",300,169,true],"medium_large":["https:\/\/i0.wp.com\/landioustravel.com\/wp-content\/uploads\/2020\/10\/City-Tour-Sharm-El-Sheikh-e1617565959779.jpg?fit=768%2C432&ssl=1",768,432,true],"large":["https:\/\/i0.wp.com\/landioustravel.com\/wp-content\/uploads\/2020\/10\/City-Tour-Sharm-El-Sheikh-e1617565959779.jpg?fit=980%2C551&ssl=1",980,551,true],"1536x1536":["https:\/\/i0.wp.com\/landioustravel.com\/wp-content\/uploads\/2020\/10\/City-Tour-Sharm-El-Sheikh-e1617565959779.jpg?fit=1200%2C675&ssl=1",1200,675,true],"2048x2048":["https:\/\/i0.wp.com\/landioustravel.com\/wp-content\/uploads\/2020\/10\/City-Tour-Sharm-El-Sheikh-e1617565959779.jpg?fit=1200%2C675&ssl=1",1200,675,true],"newspack-article-block-landscape-large":["https:\/\/i0.wp.com\/landioustravel.com\/wp-content\/uploads\/2020\/10\/City-Tour-Sharm-El-Sheikh-e1617565959779.jpg?resize=1200%2C675&ssl=1",1200,720,true],"newspack-article-block-portrait-large":["https:\/\/i0.wp.com\/landioustravel.com\/wp-content\/uploads\/2020\/10\/City-Tour-Sharm-El-Sheikh-e1617565959779.jpg?resize=900%2C675&ssl=1",900,720,true],"newspack-article-block-square-large":["https:\/\/i0.wp.com\/landioustravel.com\/wp-content\/uploads\/2020\/10\/City-Tour-Sharm-El-Sheikh-e1617565959779.jpg?resize=1200%2C675&ssl=1",1200,720,true],"newspack-article-block-landscape-medium":["https:\/\/i0.wp.com\/landioustravel.com\/wp-content\/uploads\/2020\/10\/City-Tour-Sharm-El-Sheikh-e1617565959779.jpg?resize=800%2C600&ssl=1",800,600,true],"newspack-article-block-portrait-medium":["https:\/\/i0.wp.com\/landioustravel.com\/wp-content\/uploads\/2020\/10\/City-Tour-Sharm-El-Sheikh-e1617565959779.jpg?resize=600%2C675&ssl=1",600,720,true],"newspack-article-block-square-medium":["https:\/\/i0.wp.com\/landioustravel.com\/wp-content\/uploads\/2020\/10\/City-Tour-Sharm-El-Sheikh-e1617565959779.jpg?resize=800%2C675&ssl=1",800,720,true],"newspack-article-block-landscape-intermediate":["https:\/\/i0.wp.com\/landioustravel.com\/wp-content\/uploads\/2020\/10\/City-Tour-Sharm-El-Sheikh-e1617565959779.jpg?resize=600%2C450&ssl=1",600,450,true],"newspack-article-block-portrait-intermediate":["https:\/\/i0.wp.com\/landioustravel.com\/wp-content\/uploads\/2020\/10\/City-Tour-Sharm-El-Sheikh-e1617565959779.jpg?resize=450%2C600&ssl=1",450,600,true],"newspack-article-block-square-intermediate":["https:\/\/i0.wp.com\/landioustravel.com\/wp-content\/uploads\/2020\/10\/City-Tour-Sharm-El-Sheikh-e1617565959779.jpg?resize=600%2C600&ssl=1",600,600,true],"newspack-article-block-landscape-small":["https:\/\/i0.wp.com\/landioustravel.com\/wp-content\/uploads\/2020\/10\/City-Tour-Sharm-El-Sheikh-e1617565959779.jpg?resize=400%2C300&ssl=1",400,300,true],"newspack-article-block-portrait-small":["https:\/\/i0.wp.com\/landioustravel.com\/wp-content\/uploads\/2020\/10\/City-Tour-Sharm-El-Sheikh-e1617565959779.jpg?resize=300%2C400&ssl=1",300,400,true],"newspack-article-block-square-small":["https:\/\/i0.wp.com\/landioustravel.com\/wp-content\/uploads\/2020\/10\/City-Tour-Sharm-El-Sheikh-e1617565959779.jpg?resize=400%2C400&ssl=1",400,400,true],"newspack-article-block-landscape-tiny":["https:\/\/i0.wp.com\/landioustravel.com\/wp-content\/uploads\/2020\/10\/City-Tour-Sharm-El-Sheikh-e1617565959779.jpg?resize=200%2C150&ssl=1",200,150,true],"newspack-article-block-portrait-tiny":["https:\/\/i0.wp.com\/landioustravel.com\/wp-content\/uploads\/2020\/10\/City-Tour-Sharm-El-Sheikh-e1617565959779.jpg?resize=150%2C200&ssl=1",150,200,true],"newspack-article-block-square-tiny":["https:\/\/i0.wp.com\/landioustravel.com\/wp-content\/uploads\/2020\/10\/City-Tour-Sharm-El-Sheikh-e1617565959779.jpg?resize=200%2C200&ssl=1",200,200,true],"newspack-article-block-uncropped":["https:\/\/i0.wp.com\/landioustravel.com\/wp-content\/uploads\/2020\/10\/City-Tour-Sharm-El-Sheikh-e1617565959779.jpg?fit=1200%2C675&ssl=1",1200,675,true],"woocommerce_thumbnail":["https:\/\/i0.wp.com\/landioustravel.com\/wp-content\/uploads\/2020\/10\/City-Tour-Sharm-El-Sheikh-e1617565959779.jpg?resize=324%2C324&ssl=1",324,324,true],"woocommerce_single":["https:\/\/i0.wp.com\/landioustravel.com\/wp-content\/uploads\/2020\/10\/City-Tour-Sharm-El-Sheikh-e1617565959779.jpg?fit=416%2C234&ssl=1",416,234,true],"woocommerce_gallery_thumbnail":["https:\/\/i0.wp.com\/landioustravel.com\/wp-content\/uploads\/2020\/10\/City-Tour-Sharm-El-Sheikh-e1617565959779.jpg?resize=100%2C100&ssl=1",100,100,true]},"uagb_author_info":{"display_name":"Mofreh Landious","author_link":"https:\/\/landioustravel.com\/it\/author\/"},"uagb_comment_info":1,"uagb_excerpt":"Il giro turistico di Sharm El Sheikh \u00e8 un ambizioso itinerario che ti porta nei luoghi pi\u00f9 affascinanti della citt\u00e0. Potrai esplorare e scoprire cos\u00ec tanto su questo luogo incredibile. Il programma prevede la visita della Citt\u00e0 Vecchia, del Mercato Vecchio e di Naama Bay, la pi\u00f9 grande moschea di Sharm El Sheikh, la Chiesa&hellip;","jetpack_sharing_enabled":true,"jetpack_likes_enabled":true,"amp_enabled":true,"_links":{"self":[{"href":"https:\/\/landioustravel.com\/it\/wp-json\/wp\/v2\/product\/26083","targetHints":{"allow":["GET"]}}],"collection":[{"href":"https:\/\/landioustravel.com\/it\/wp-json\/wp\/v2\/product"}],"about":[{"href":"https:\/\/landioustravel.com\/it\/wp-json\/wp\/v2\/types\/product"}],"replies":[{"embeddable":true,"href":"https:\/\/landioustravel.com\/it\/wp-json\/wp\/v2\/comments?post=26083"}],"wp:featuredmedia":[{"embeddable":true,"href":"https:\/\/landioustravel.com\/it\/wp-json\/wp\/v2\/media\/45816"}],"wp:attachment":[{"href":"https:\/\/landioustravel.com\/it\/wp-json\/wp\/v2\/media?parent=26083"}],"wp:term":[{"taxonomy":"product_brand","embeddable":true,"href":"https:\/\/landioustravel.com\/it\/wp-json\/wp\/v2\/product_brand?post=26083"},{"taxonomy":"product_cat","embeddable":true,"href":"https:\/\/landioustravel.com\/it\/wp-json\/wp\/v2\/product_cat?post=26083"},{"taxonomy":"product_tag","embeddable":true,"href":"https:\/\/landioustravel.com\/it\/wp-json\/wp\/v2\/product_tag?post=26083"}],"curies":[{"name":"wp","href":"https:\/\/api.w.org\/{rel}","templated":true}]}}