{"id":26145,"date":"2020-11-03T00:25:03","date_gmt":"2020-12-07T00:37:37","guid":{"rendered":"https:\/\/landioustravel.com\/?post_type=product&#038;p=26145"},"modified":"2024-02-24T19:17:24","modified_gmt":"2024-02-24T17:17:24","slug":"viaggio-sakkara-dahshur-cairo","status":"publish","type":"product","link":"https:\/\/landioustravel.com\/it\/shop\/viaggio-sakkara-dahshur-cairo\/","title":{"rendered":"Viaggio a Sakkara e Dahshur al Cairo"},"content":{"rendered":"<p>\u00c8 una meravigliosa gita di un giorno al Complesso Piramidale di Giza, Sakkara e Dahshur dal Cairo! Con piacere, consigliamo questa gita di un giorno per il fatto che consente ai turisti di vedere i luoghi ei monumenti pi\u00f9 impressionanti costruiti durante l&#8217;antico Egitto: le antiche piramidi egizie e la piramide a gradoni pi\u00f9 antica. Inoltre, consente di saperne di pi\u00f9 sulla storia del paese.<\/p>\n<h2>Punti principali del programma individuale a Dahshur<\/h2>\n<ul>\n<li>Visita le tre piramidi di Giza<\/li>\n<li>The Valley Temple (Tempio della mummificazione)<\/li>\n<li>Inoltre, la Grande Sfinge nel complesso piramidale<\/li>\n<li>La piramide a gradoni di Djoser nella necropoli di Sakkara<\/li>\n<li>Pranzo<\/li>\n<li>E le piramidi di Dahshur<\/li>\n<\/ul>\n<h3>Programma dell&#8217;escursione a Giza-Dahshur al Cairo<\/h3>\n<ul>\n<li>Il rappresentante di Landious Travel ti viene a prendere dal tuo hotel (al Cairo e Giza) intorno alle 08:00 del mattino<\/li>\n<li>Una volta scelto ogni arrivo, il tuo veicolo privato (limousine o minibus) parte direttamente per Giza. Il tragitto, dal centro del Cairo a Giza, dura circa un&#8217;ora.<\/li>\n<\/ul>\n<h4>Programma a Giza<\/h4>\n<ul>\n<li>Non appena arrivi a Giza, ti dirigerai verso il complesso piramidale, dove ci sono tre grandi piramidi di Cheope, Chefren e Micerino. Quindi procedi alla visita della Grande Sfinge, che risale al tempo di Chephren e visita il Tempio della Valle. Per tua comodit\u00e0, la tua guida li mostra e d\u00e0 tempo libero per scattare una foto<\/li>\n<\/ul>\n<h4>Programma a Sakkara<\/h4>\n<ul>\n<li>Inoltre, ti dirigerai a Sakkara dopo la fine della visita al complesso delle Piramidi di Giza. In questo luogo interessante, puoi visitare la piramide a gradoni del re Djoser. \u00c8 la pi\u00f9 antica struttura in pietra principale del mondo che risale alla III dinastia<\/li>\n<li>Il pranzo viene subito dopo questa fantastica visita alla necropoli di Sakkara<\/li>\n<\/ul>\n<h4>Programma a Dahshur<\/h4>\n<ul>\n<li>Dopodich\u00e9, vai a Dahshur per vedere la Piramide Rossa e la Piramide piegata. Dahshur \u00e8 una famosa necropoli reale in Egitto che ospita molte famose piramidi del re Snefru<\/li>\n<li>Infine, torni ai tuoi hotel dopo un programma del genere nelle meravigliose citt\u00e0 di Giza, Dahshur e Sakkara.<\/li>\n<li>Questo &#8220;viaggio a Sakkara e Dahshur al Cairo&#8221; termina alle 16:00 circa<\/li>\n<\/ul>\n<h4>Cosa \u00e8 compreso nel prezzo del tour<\/h4>\n<ul>\n<li>Biglietti per la visita ai templi<\/li>\n<li>Bevande<\/li>\n<li>Guida privata<\/li>\n<li>Inoltre, veicolo privato con aria condizionata<\/li>\n<\/ul>\n<h5>Cosa non \u00e8 compreso nel prezzo del tour<\/h5>\n<ul>\n<li>Programmi aggiuntivi se non inclusi nel programma sopra<\/li>\n<\/ul>\n<h6>COSA PORTARE CON TE PER IL VIAGGIO<\/h6>\n<ul>\n<li>Occhiali da sole<\/li>\n<li>Inoltre, vestiti per la stagione<\/li>\n<\/ul>\n<h6>GIORNI DI ORGANIZZAZIONE ESCURSIONI<\/h6>\n<ul>\n<li>Tutti i giorni dalle 08:00 alle 12:00<\/li>\n<\/ul>\n","protected":false},"excerpt":{"rendered":"<p>Quando ti imbarchi in questo tour, preparati a esplorare alcune delle piramidi pi\u00f9 straordinarie dell&#8217;Egitto. Potrai visitare le tre magnifiche piramidi di Giza, il Tempio della Valle e la Grande Sfinge nel Complesso delle Piramidi. Inoltre, avrai l&#8217;opportunit\u00e0 di esplorare la piramide a gradoni di Djoser nel cimitero di Sakkara e le piramidi di Dahshur. Godrai anche di un delizioso pranzo incluso nel prezzo del viaggio. La maggior parte dei visitatori in Egitto vede solo le Piramidi di Giza, ma in questo tour potrai esplorare alcune delle piramidi meno visitate di Saqqara, Dahshur e Memphis. Con l&#8217;esperienza di un egittologo, visiterai la Piramide di Djoser a Saqqara, la Piramide piegata e la Piramide rossa a Dahshur, cos\u00ec come Menfi, che era la capitale dell&#8217;antico Egitto. Verr\u00e0 fornito il ritiro e la riconsegna senza problemi dal tuo hotel Cairo o Giza e avrai la possibilit\u00e0 di scegliere tra vari orari di partenza che si adattano al tuo programma. Preparati a vivere le meraviglie delle piramidi d&#8217;Egitto con una guida esperta!<\/p>\n","protected":false},"featured_media":25691,"comment_status":"open","ping_status":"closed","template":"","meta":{"_coblocks_attr":"","_coblocks_dimensions":"","_coblocks_responsive_height":"","_coblocks_accordion_ie_support":"","_uag_custom_page_level_css":"","jetpack_publicize_message":"","jetpack_publicize_feature_enabled":true,"jetpack_social_post_already_shared":true,"jetpack_social_options":{"image_generator_settings":{"template":"highway","default_image_id":0,"font":"","enabled":false},"version":2},"_wpas_customize_per_network":false},"product_brand":[],"product_cat":[9852],"product_tag":[1644,1643,1645,1646,9910],"class_list":{"0":"post-26145","1":"product","2":"type-product","3":"status-publish","4":"has-post-thumbnail","6":"product_cat-escursioni-cairo","7":"product_tag-escursione","8":"product_tag-il-cairo","9":"product_tag-piramidi","10":"product_tag-sfinge","11":"product_tag-visita-turistica","13":"first","14":"instock","15":"sale","16":"taxable","17":"shipping-taxable","18":"purchasable","19":"product-type-variable"},"yoast_head":"<!-- This site is optimized with the Yoast SEO Premium plugin v26.9 (Yoast SEO v27.4) - https:\/\/yoast.com\/product\/yoast-seo-premium-wordpress\/ -->\n<title>Viaggio a Sakkara e Dahshur al Cairo<\/title>\n<meta name=\"description\" content=\"Viaggio a Sakkara e Dahshur al Cairo il Tempio della Valle (Tempio della Mummificazione), la Grande Sfinge nel complesso piramidale. Inoltre, puoi esplorare\" \/>\n<meta name=\"robots\" content=\"index, follow, max-snippet:-1, max-image-preview:large, max-video-preview:-1\" \/>\n<link rel=\"canonical\" href=\"https:\/\/landioustravel.com\/it\/shop\/viaggio-sakkara-dahshur-cairo\/\" \/>\n<meta property=\"og:locale\" content=\"it_IT\" \/>\n<meta property=\"og:type\" content=\"article\" \/>\n<meta property=\"og:title\" content=\"Viaggio a Sakkara e Dahshur al Cairo\" \/>\n<meta property=\"og:description\" content=\"Landious Travel\" \/>\n<meta property=\"og:url\" content=\"https:\/\/landioustravel.com\/it\/shop\/viaggio-sakkara-dahshur-cairo\/\" \/>\n<meta property=\"og:site_name\" content=\"Landious Travel\" \/>\n<meta property=\"article:publisher\" content=\"https:\/\/web.facebook.com\/landiousEgypt\" \/>\n<meta property=\"article:modified_time\" content=\"2024-02-24T17:17:24+00:00\" \/>\n<meta property=\"og:image\" content=\"https:\/\/i0.wp.com\/landioustravel.com\/wp-content\/uploads\/2020\/11\/bent_pyramid_of_snefru-e1604528924508.jpg?fit=1200%2C783&ssl=1\" \/>\n\t<meta property=\"og:image:width\" content=\"1200\" \/>\n\t<meta property=\"og:image:height\" content=\"783\" \/>\n\t<meta property=\"og:image:type\" content=\"image\/jpeg\" \/>\n<meta name=\"twitter:card\" content=\"summary_large_image\" \/>\n<meta name=\"twitter:site\" content=\"@LandiousTours\" \/>\n<meta name=\"twitter:label1\" content=\"Tempo di lettura stimato\" \/>\n\t<meta name=\"twitter:data1\" content=\"2 minuti\" \/>\n<script type=\"application\/ld+json\" class=\"yoast-schema-graph\">{\"@context\":\"https:\\\/\\\/schema.org\",\"@graph\":[{\"@type\":\"WebPage\",\"@id\":\"https:\\\/\\\/landioustravel.com\\\/it\\\/shop\\\/viaggio-sakkara-dahshur-cairo\\\/\",\"url\":\"https:\\\/\\\/landioustravel.com\\\/it\\\/shop\\\/viaggio-sakkara-dahshur-cairo\\\/\",\"name\":\"Viaggio a Sakkara e Dahshur al Cairo\",\"isPartOf\":{\"@id\":\"https:\\\/\\\/landioustravel.com\\\/it\\\/#website\"},\"primaryImageOfPage\":{\"@id\":\"https:\\\/\\\/landioustravel.com\\\/it\\\/shop\\\/viaggio-sakkara-dahshur-cairo\\\/#primaryimage\"},\"image\":{\"@id\":\"https:\\\/\\\/landioustravel.com\\\/it\\\/shop\\\/viaggio-sakkara-dahshur-cairo\\\/#primaryimage\"},\"thumbnailUrl\":\"https:\\\/\\\/i0.wp.com\\\/landioustravel.com\\\/wp-content\\\/uploads\\\/2020\\\/11\\\/bent_pyramid_of_snefru-e1604528924508.jpg?fit=1200%2C783&ssl=1\",\"datePublished\":\"2020-12-07T00:37:37+00:00\",\"dateModified\":\"2024-02-24T17:17:24+00:00\",\"description\":\"Viaggio a Sakkara e Dahshur al Cairo il Tempio della Valle (Tempio della Mummificazione), la Grande Sfinge nel complesso piramidale. Inoltre, puoi esplorare\",\"breadcrumb\":{\"@id\":\"https:\\\/\\\/landioustravel.com\\\/it\\\/shop\\\/viaggio-sakkara-dahshur-cairo\\\/#breadcrumb\"},\"inLanguage\":\"it-IT\",\"potentialAction\":[{\"@type\":\"ReadAction\",\"target\":[\"https:\\\/\\\/landioustravel.com\\\/it\\\/shop\\\/viaggio-sakkara-dahshur-cairo\\\/\"]}]},{\"@type\":\"ImageObject\",\"inLanguage\":\"it-IT\",\"@id\":\"https:\\\/\\\/landioustravel.com\\\/it\\\/shop\\\/viaggio-sakkara-dahshur-cairo\\\/#primaryimage\",\"url\":\"https:\\\/\\\/i0.wp.com\\\/landioustravel.com\\\/wp-content\\\/uploads\\\/2020\\\/11\\\/bent_pyramid_of_snefru-e1604528924508.jpg?fit=1200%2C783&ssl=1\",\"contentUrl\":\"https:\\\/\\\/i0.wp.com\\\/landioustravel.com\\\/wp-content\\\/uploads\\\/2020\\\/11\\\/bent_pyramid_of_snefru-e1604528924508.jpg?fit=1200%2C783&ssl=1\",\"width\":1200,\"height\":783,\"caption\":\"Sakkara and Dahshur Trip in Cairo\"},{\"@type\":\"BreadcrumbList\",\"@id\":\"https:\\\/\\\/landioustravel.com\\\/it\\\/shop\\\/viaggio-sakkara-dahshur-cairo\\\/#breadcrumb\",\"itemListElement\":[{\"@type\":\"ListItem\",\"position\":1,\"name\":\"Home\",\"item\":\"https:\\\/\\\/landioustravel.com\\\/it\\\/\"},{\"@type\":\"ListItem\",\"position\":2,\"name\":\"Tour in Egitto\",\"item\":\"https:\\\/\\\/landioustravel.com\\\/it\\\/\"},{\"@type\":\"ListItem\",\"position\":3,\"name\":\"Viaggio a Sakkara e Dahshur al Cairo\"}]},{\"@type\":\"WebSite\",\"@id\":\"https:\\\/\\\/landioustravel.com\\\/it\\\/#website\",\"url\":\"https:\\\/\\\/landioustravel.com\\\/it\\\/\",\"name\":\"Landious Travel\",\"description\":\"Excursions, trips and cruises in Egypt\",\"publisher\":{\"@id\":\"https:\\\/\\\/landioustravel.com\\\/it\\\/#organization\"},\"potentialAction\":[{\"@type\":\"SearchAction\",\"target\":{\"@type\":\"EntryPoint\",\"urlTemplate\":\"https:\\\/\\\/landioustravel.com\\\/it\\\/?s={search_term_string}\"},\"query-input\":{\"@type\":\"PropertyValueSpecification\",\"valueRequired\":true,\"valueName\":\"search_term_string\"}}],\"inLanguage\":\"it-IT\"},{\"@type\":[\"Organization\",\"Place\"],\"@id\":\"https:\\\/\\\/landioustravel.com\\\/it\\\/#organization\",\"name\":\"Landious Travel\",\"alternateName\":\"Landious Travel\",\"url\":\"https:\\\/\\\/landioustravel.com\\\/it\\\/\",\"logo\":{\"@id\":\"https:\\\/\\\/landioustravel.com\\\/it\\\/shop\\\/viaggio-sakkara-dahshur-cairo\\\/#local-main-organization-logo\"},\"image\":{\"@id\":\"https:\\\/\\\/landioustravel.com\\\/it\\\/shop\\\/viaggio-sakkara-dahshur-cairo\\\/#local-main-organization-logo\"},\"sameAs\":[\"https:\\\/\\\/web.facebook.com\\\/landiousEgypt\",\"https:\\\/\\\/x.com\\\/LandiousTours\",\"https:\\\/\\\/mastodon.social\\\/@landious\"],\"legalName\":\"Landious Travel\",\"telephone\":[],\"openingHoursSpecification\":[{\"@type\":\"OpeningHoursSpecification\",\"dayOfWeek\":[\"Monday\",\"Tuesday\",\"Wednesday\",\"Thursday\",\"Friday\",\"Saturday\",\"Sunday\"],\"opens\":\"09:00\",\"closes\":\"17:00\"}]},{\"@type\":\"ImageObject\",\"inLanguage\":\"it-IT\",\"@id\":\"https:\\\/\\\/landioustravel.com\\\/it\\\/shop\\\/viaggio-sakkara-dahshur-cairo\\\/#local-main-organization-logo\",\"url\":\"https:\\\/\\\/i0.wp.com\\\/landioustravel.com\\\/wp-content\\\/uploads\\\/2021\\\/06\\\/Landious-T.png?fit=500%2C500&ssl=1\",\"contentUrl\":\"https:\\\/\\\/i0.wp.com\\\/landioustravel.com\\\/wp-content\\\/uploads\\\/2021\\\/06\\\/Landious-T.png?fit=500%2C500&ssl=1\",\"width\":500,\"height\":500,\"caption\":\"Landious Travel\"}]}<\/script>\n<!-- \/ Yoast SEO Premium plugin. -->","yoast_head_json":{"title":"Viaggio a Sakkara e Dahshur al Cairo","description":"Viaggio a Sakkara e Dahshur al Cairo il Tempio della Valle (Tempio della Mummificazione), la Grande Sfinge nel complesso piramidale. Inoltre, puoi esplorare","robots":{"index":"index","follow":"follow","max-snippet":"max-snippet:-1","max-image-preview":"max-image-preview:large","max-video-preview":"max-video-preview:-1"},"canonical":"https:\/\/landioustravel.com\/it\/shop\/viaggio-sakkara-dahshur-cairo\/","og_locale":"it_IT","og_type":"article","og_title":"Viaggio a Sakkara e Dahshur al Cairo","og_description":"Landious Travel","og_url":"https:\/\/landioustravel.com\/it\/shop\/viaggio-sakkara-dahshur-cairo\/","og_site_name":"Landious Travel","article_publisher":"https:\/\/web.facebook.com\/landiousEgypt","article_modified_time":"2024-02-24T17:17:24+00:00","og_image":[{"width":1200,"height":783,"url":"https:\/\/i0.wp.com\/landioustravel.com\/wp-content\/uploads\/2020\/11\/bent_pyramid_of_snefru-e1604528924508.jpg?fit=1200%2C783&ssl=1","type":"image\/jpeg"}],"twitter_card":"summary_large_image","twitter_site":"@LandiousTours","twitter_misc":{"Tempo di lettura stimato":"2 minuti"},"schema":{"@context":"https:\/\/schema.org","@graph":[{"@type":"WebPage","@id":"https:\/\/landioustravel.com\/it\/shop\/viaggio-sakkara-dahshur-cairo\/","url":"https:\/\/landioustravel.com\/it\/shop\/viaggio-sakkara-dahshur-cairo\/","name":"Viaggio a Sakkara e Dahshur al Cairo","isPartOf":{"@id":"https:\/\/landioustravel.com\/it\/#website"},"primaryImageOfPage":{"@id":"https:\/\/landioustravel.com\/it\/shop\/viaggio-sakkara-dahshur-cairo\/#primaryimage"},"image":{"@id":"https:\/\/landioustravel.com\/it\/shop\/viaggio-sakkara-dahshur-cairo\/#primaryimage"},"thumbnailUrl":"https:\/\/i0.wp.com\/landioustravel.com\/wp-content\/uploads\/2020\/11\/bent_pyramid_of_snefru-e1604528924508.jpg?fit=1200%2C783&ssl=1","datePublished":"2020-12-07T00:37:37+00:00","dateModified":"2024-02-24T17:17:24+00:00","description":"Viaggio a Sakkara e Dahshur al Cairo il Tempio della Valle (Tempio della Mummificazione), la Grande Sfinge nel complesso piramidale. Inoltre, puoi esplorare","breadcrumb":{"@id":"https:\/\/landioustravel.com\/it\/shop\/viaggio-sakkara-dahshur-cairo\/#breadcrumb"},"inLanguage":"it-IT","potentialAction":[{"@type":"ReadAction","target":["https:\/\/landioustravel.com\/it\/shop\/viaggio-sakkara-dahshur-cairo\/"]}]},{"@type":"ImageObject","inLanguage":"it-IT","@id":"https:\/\/landioustravel.com\/it\/shop\/viaggio-sakkara-dahshur-cairo\/#primaryimage","url":"https:\/\/i0.wp.com\/landioustravel.com\/wp-content\/uploads\/2020\/11\/bent_pyramid_of_snefru-e1604528924508.jpg?fit=1200%2C783&ssl=1","contentUrl":"https:\/\/i0.wp.com\/landioustravel.com\/wp-content\/uploads\/2020\/11\/bent_pyramid_of_snefru-e1604528924508.jpg?fit=1200%2C783&ssl=1","width":1200,"height":783,"caption":"Sakkara and Dahshur Trip in Cairo"},{"@type":"BreadcrumbList","@id":"https:\/\/landioustravel.com\/it\/shop\/viaggio-sakkara-dahshur-cairo\/#breadcrumb","itemListElement":[{"@type":"ListItem","position":1,"name":"Home","item":"https:\/\/landioustravel.com\/it\/"},{"@type":"ListItem","position":2,"name":"Tour in Egitto","item":"https:\/\/landioustravel.com\/it\/"},{"@type":"ListItem","position":3,"name":"Viaggio a Sakkara e Dahshur al Cairo"}]},{"@type":"WebSite","@id":"https:\/\/landioustravel.com\/it\/#website","url":"https:\/\/landioustravel.com\/it\/","name":"Landious Travel","description":"Excursions, trips and cruises in Egypt","publisher":{"@id":"https:\/\/landioustravel.com\/it\/#organization"},"potentialAction":[{"@type":"SearchAction","target":{"@type":"EntryPoint","urlTemplate":"https:\/\/landioustravel.com\/it\/?s={search_term_string}"},"query-input":{"@type":"PropertyValueSpecification","valueRequired":true,"valueName":"search_term_string"}}],"inLanguage":"it-IT"},{"@type":["Organization","Place"],"@id":"https:\/\/landioustravel.com\/it\/#organization","name":"Landious Travel","alternateName":"Landious Travel","url":"https:\/\/landioustravel.com\/it\/","logo":{"@id":"https:\/\/landioustravel.com\/it\/shop\/viaggio-sakkara-dahshur-cairo\/#local-main-organization-logo"},"image":{"@id":"https:\/\/landioustravel.com\/it\/shop\/viaggio-sakkara-dahshur-cairo\/#local-main-organization-logo"},"sameAs":["https:\/\/web.facebook.com\/landiousEgypt","https:\/\/x.com\/LandiousTours","https:\/\/mastodon.social\/@landious"],"legalName":"Landious Travel","telephone":[],"openingHoursSpecification":[{"@type":"OpeningHoursSpecification","dayOfWeek":["Monday","Tuesday","Wednesday","Thursday","Friday","Saturday","Sunday"],"opens":"09:00","closes":"17:00"}]},{"@type":"ImageObject","inLanguage":"it-IT","@id":"https:\/\/landioustravel.com\/it\/shop\/viaggio-sakkara-dahshur-cairo\/#local-main-organization-logo","url":"https:\/\/i0.wp.com\/landioustravel.com\/wp-content\/uploads\/2021\/06\/Landious-T.png?fit=500%2C500&ssl=1","contentUrl":"https:\/\/i0.wp.com\/landioustravel.com\/wp-content\/uploads\/2021\/06\/Landious-T.png?fit=500%2C500&ssl=1","width":500,"height":500,"caption":"Landious Travel"}]}},"jetpack_publicize_connections":[],"uagb_featured_image_src":{"full":["https:\/\/i0.wp.com\/landioustravel.com\/wp-content\/uploads\/2020\/11\/bent_pyramid_of_snefru-e1604528924508.jpg?fit=1200%2C783&ssl=1",1200,783,false],"thumbnail":["https:\/\/i0.wp.com\/landioustravel.com\/wp-content\/uploads\/2020\/11\/bent_pyramid_of_snefru-e1604528924508.jpg?resize=150%2C150&ssl=1",150,150,true],"medium":["https:\/\/i0.wp.com\/landioustravel.com\/wp-content\/uploads\/2020\/11\/bent_pyramid_of_snefru-e1604528924508.jpg?fit=300%2C196&ssl=1",300,196,true],"medium_large":["https:\/\/i0.wp.com\/landioustravel.com\/wp-content\/uploads\/2020\/11\/bent_pyramid_of_snefru-e1604528924508.jpg?fit=768%2C501&ssl=1",768,501,true],"large":["https:\/\/i0.wp.com\/landioustravel.com\/wp-content\/uploads\/2020\/11\/bent_pyramid_of_snefru-e1604528924508.jpg?fit=980%2C639&ssl=1",980,639,true],"1536x1536":["https:\/\/i0.wp.com\/landioustravel.com\/wp-content\/uploads\/2020\/11\/bent_pyramid_of_snefru-e1604528924508.jpg?fit=1536%2C1003&ssl=1",1536,1003,true],"2048x2048":["https:\/\/i0.wp.com\/landioustravel.com\/wp-content\/uploads\/2020\/11\/bent_pyramid_of_snefru-e1604528924508.jpg?fit=2048%2C1337&ssl=1",2048,1337,true],"newspack-article-block-landscape-large":["https:\/\/i0.wp.com\/landioustravel.com\/wp-content\/uploads\/2020\/11\/bent_pyramid_of_snefru-e1604528924508.jpg?resize=1200%2C783&ssl=1",1200,900,true],"newspack-article-block-portrait-large":["https:\/\/i0.wp.com\/landioustravel.com\/wp-content\/uploads\/2020\/11\/bent_pyramid_of_snefru-e1604528924508.jpg?resize=900%2C783&ssl=1",900,783,true],"newspack-article-block-square-large":["https:\/\/i0.wp.com\/landioustravel.com\/wp-content\/uploads\/2020\/11\/bent_pyramid_of_snefru-e1604528924508.jpg?resize=1200%2C783&ssl=1",1200,1200,true],"newspack-article-block-landscape-medium":["https:\/\/i0.wp.com\/landioustravel.com\/wp-content\/uploads\/2020\/11\/bent_pyramid_of_snefru-e1604528924508.jpg?resize=800%2C600&ssl=1",800,600,true],"newspack-article-block-portrait-medium":["https:\/\/i0.wp.com\/landioustravel.com\/wp-content\/uploads\/2020\/11\/bent_pyramid_of_snefru-e1604528924508.jpg?resize=600%2C783&ssl=1",600,783,true],"newspack-article-block-square-medium":["https:\/\/i0.wp.com\/landioustravel.com\/wp-content\/uploads\/2020\/11\/bent_pyramid_of_snefru-e1604528924508.jpg?resize=800%2C783&ssl=1",800,783,true],"newspack-article-block-landscape-intermediate":["https:\/\/i0.wp.com\/landioustravel.com\/wp-content\/uploads\/2020\/11\/bent_pyramid_of_snefru-e1604528924508.jpg?resize=600%2C450&ssl=1",600,450,true],"newspack-article-block-portrait-intermediate":["https:\/\/i0.wp.com\/landioustravel.com\/wp-content\/uploads\/2020\/11\/bent_pyramid_of_snefru-e1604528924508.jpg?resize=450%2C600&ssl=1",450,600,true],"newspack-article-block-square-intermediate":["https:\/\/i0.wp.com\/landioustravel.com\/wp-content\/uploads\/2020\/11\/bent_pyramid_of_snefru-e1604528924508.jpg?resize=600%2C600&ssl=1",600,600,true],"newspack-article-block-landscape-small":["https:\/\/i0.wp.com\/landioustravel.com\/wp-content\/uploads\/2020\/11\/bent_pyramid_of_snefru-e1604528924508.jpg?resize=400%2C300&ssl=1",400,300,true],"newspack-article-block-portrait-small":["https:\/\/i0.wp.com\/landioustravel.com\/wp-content\/uploads\/2020\/11\/bent_pyramid_of_snefru-e1604528924508.jpg?resize=300%2C400&ssl=1",300,400,true],"newspack-article-block-square-small":["https:\/\/i0.wp.com\/landioustravel.com\/wp-content\/uploads\/2020\/11\/bent_pyramid_of_snefru-e1604528924508.jpg?resize=400%2C400&ssl=1",400,400,true],"newspack-article-block-landscape-tiny":["https:\/\/i0.wp.com\/landioustravel.com\/wp-content\/uploads\/2020\/11\/bent_pyramid_of_snefru-e1604528924508.jpg?resize=200%2C150&ssl=1",200,150,true],"newspack-article-block-portrait-tiny":["https:\/\/i0.wp.com\/landioustravel.com\/wp-content\/uploads\/2020\/11\/bent_pyramid_of_snefru-e1604528924508.jpg?resize=150%2C200&ssl=1",150,200,true],"newspack-article-block-square-tiny":["https:\/\/i0.wp.com\/landioustravel.com\/wp-content\/uploads\/2020\/11\/bent_pyramid_of_snefru-e1604528924508.jpg?resize=200%2C200&ssl=1",200,200,true],"newspack-article-block-uncropped":["https:\/\/i0.wp.com\/landioustravel.com\/wp-content\/uploads\/2020\/11\/bent_pyramid_of_snefru-e1604528924508.jpg?fit=1200%2C783&ssl=1",1200,783,true],"woocommerce_thumbnail":["https:\/\/i0.wp.com\/landioustravel.com\/wp-content\/uploads\/2020\/11\/bent_pyramid_of_snefru-e1604528924508.jpg?resize=324%2C324&ssl=1",324,324,true],"woocommerce_single":["https:\/\/i0.wp.com\/landioustravel.com\/wp-content\/uploads\/2020\/11\/bent_pyramid_of_snefru-e1604528924508.jpg?fit=416%2C271&ssl=1",416,271,true],"woocommerce_gallery_thumbnail":["https:\/\/i0.wp.com\/landioustravel.com\/wp-content\/uploads\/2020\/11\/bent_pyramid_of_snefru-e1604528924508.jpg?resize=100%2C100&ssl=1",100,100,true]},"uagb_author_info":{"display_name":"Mofreh Landious","author_link":"https:\/\/landioustravel.com\/it\/author\/"},"uagb_comment_info":2,"uagb_excerpt":"Quando ti imbarchi in questo tour, preparati a esplorare alcune delle piramidi pi\u00f9 straordinarie dell'Egitto. Potrai visitare le tre magnifiche piramidi di Giza, il Tempio della Valle e la Grande Sfinge nel Complesso delle Piramidi. Inoltre, avrai l'opportunit\u00e0 di esplorare la piramide a gradoni di Djoser nel cimitero di Sakkara e le piramidi di Dahshur.&hellip;","jetpack_sharing_enabled":true,"jetpack_likes_enabled":true,"amp_enabled":true,"_links":{"self":[{"href":"https:\/\/landioustravel.com\/it\/wp-json\/wp\/v2\/product\/26145","targetHints":{"allow":["GET"]}}],"collection":[{"href":"https:\/\/landioustravel.com\/it\/wp-json\/wp\/v2\/product"}],"about":[{"href":"https:\/\/landioustravel.com\/it\/wp-json\/wp\/v2\/types\/product"}],"replies":[{"embeddable":true,"href":"https:\/\/landioustravel.com\/it\/wp-json\/wp\/v2\/comments?post=26145"}],"wp:featuredmedia":[{"embeddable":true,"href":"https:\/\/landioustravel.com\/it\/wp-json\/wp\/v2\/media\/25691"}],"wp:attachment":[{"href":"https:\/\/landioustravel.com\/it\/wp-json\/wp\/v2\/media?parent=26145"}],"wp:term":[{"taxonomy":"product_brand","embeddable":true,"href":"https:\/\/landioustravel.com\/it\/wp-json\/wp\/v2\/product_brand?post=26145"},{"taxonomy":"product_cat","embeddable":true,"href":"https:\/\/landioustravel.com\/it\/wp-json\/wp\/v2\/product_cat?post=26145"},{"taxonomy":"product_tag","embeddable":true,"href":"https:\/\/landioustravel.com\/it\/wp-json\/wp\/v2\/product_tag?post=26145"}],"curies":[{"name":"wp","href":"https:\/\/api.w.org\/{rel}","templated":true}]}}