{"id":26210,"date":"2020-10-05T04:07:29","date_gmt":"2020-12-11T01:37:41","guid":{"rendered":"https:\/\/landioustravel.com\/?post_type=product&#038;p=26210"},"modified":"2024-09-21T15:06:52","modified_gmt":"2024-09-21T12:06:52","slug":"viaggio-osservazione-stelle-sharm-sheikh","status":"publish","type":"product","link":"https:\/\/landioustravel.com\/it\/shop\/viaggio-osservazione-stelle-sharm-sheikh\/","title":{"rendered":"Viaggio di osservazione delle stelle a Sharm El Sheikh"},"content":{"rendered":"<p>Il viaggio per osservare le stelle a Sharm el Sheikh \u00e8 una delle attivit\u00e0 pi\u00f9 interessanti che puoi fare nella penisola del Sinai, in Egitto! Consigliamo l&#8217;escursione perch\u00e9 permette ai turisti di avere un&#8217;opportunit\u00e0 unica di vedere le stelle in una tranquilla atmosfera desertica. Inoltre, il viaggio offre l&#8217;opportunit\u00e0 di vedere il deserto e conoscere la cultura beduina. Certamente, include una visita al villaggio beduino, dove puoi divertirti di pi\u00f9 come cavalcare cammelli e guardare lo spettacolo orientale. \u00c8 un&#8217;esperienza divertente con un&#8217;impressione eterna!<\/p>\n<h2>Punti salienti del programma di escursioni per l&#8217;osservazione delle stelle<\/h2>\n<ul>\n<li>Cavalcare cammelli nel deserto<\/li>\n<li>Successivamente, cena beduina con bevande analcoliche<\/li>\n<li>Quindi, osservazione delle stelle tramite telescopi<\/li>\n<li>Infine, godendomi lo spettacolo orientale<\/li>\n<\/ul>\n<h3>Programma del viaggio di osservazione delle stelle a Sharm El-Sheikh<\/h3>\n<ul>\n<li>Il rappresentante di Landious Travel vi verr\u00e0 a prendere dall&#8217;hotel a Sharm El-Sheikh alle 15:00 circa<\/li>\n<li>Dopo aver raccolto tutti i partecipanti, il nostro minibus \/ bus si dirige verso il deserto, dove c&#8217;\u00e8 una comunit\u00e0 beduina. La strada per la base dura circa 45 minuti<\/li>\n<li>Il viaggio per osservare le stelle inizia con una tappa emozionante: Camel Riding. Per prima cosa, dovrai prepararti indossando occhiali da sole, rotolando una sciarpa sulla testa e indossandoti. In secondo luogo, ricevi istruzioni e addestramento, per un po &#8216;, su come cavalcare i cammelli. Successivamente, farai un giro sui cammelli per mezz&#8217;ora nel mezzo del deserto<\/li>\n<li>Dopo questo bel giro, puoi guardare il favoloso tramonto in cima a una collina vicina e avere una vista panoramica del deserto<\/li>\n<li>La nostra prossima tappa sar\u00e0 una tenda beduina. Non appena arrivi nel villaggio beduino, puoi scattare foto con i beduini e divertirti a bere il t\u00e8 beduino. Seguir\u00e0 spettacoli africani e nubiani<\/li>\n<li>Una deliziosa cena sar\u00e0 servita nella tenda beduina sotto la luce delle candele<\/li>\n<li>Naturalmente, ti piacer\u00e0 guardare la danza Tanura e i fuochi d&#8217;artificio dopo questo pasto serale. Inoltre, conoscerai come i beduini cuociono il pane nel deserto. Sar\u00e0 cos\u00ec interessante guardarvi<\/li>\n<li>Inoltre, apprezzerai il punto principale del programma: osservare le stelle attraverso enormi telescopi. Questi telescopi sono con specchi da 14 pollici. Sono considerati i pi\u00f9 professionisti in Egitto con la guida del computer. La tua guida ti accompagner\u00e0 nell&#8217;area dei telescopi. Amerai cos\u00ec tanto la spiegazione dell&#8217;astronomo e avrai l&#8217;opportunit\u00e0 di osservare le stelle con questi telescopi esperti. Sar\u00e0 cos\u00ec bello finire la serata con questa fantastica attivit\u00e0<\/li>\n<li>Infine, ti prepari per tornare ai tuoi hotel<\/li>\n<li>Questo &#8220;viaggio per osservare le stelle a Sharm El Sheikh&#8221; termina alle 20:00 circa<\/li>\n<\/ul>\n<h4>Cosa \u00e8 incluso nel prezzo del viaggio per osservare le stelle<\/h4>\n<ul>\n<li>Pranzo<\/li>\n<li>Inoltre, trasferimento nel deserto e ritorno in hotel<\/li>\n<\/ul>\n<h5>Cosa non \u00e8 compreso nel prezzo del viaggio<\/h5>\n<ul>\n<li>DVD video<\/li>\n<li>Inoltre, CD fotografico<\/li>\n<\/ul>\n<h6>Cosa portare con te per il viaggio<\/h6>\n<ul>\n<li>Sciarpa<\/li>\n<li>Inoltre, occhiali da sole<\/li>\n<\/ul>\n<h6>Organizzazione di giornate di escursione<\/h6>\n<ul>\n<li>Tutti i giorni dalle 15:00 alle 20:00<\/li>\n<\/ul>\n","protected":false},"excerpt":{"rendered":"<p>Sei pronto per un&#8217;esperienza indimenticabile a Sharm el Sheikh? Preparati a intraprendere un&#8217;avventura di osservazione delle stelle come nessun&#8217;altra! Il programma del viaggio promette un&#8217;entusiasmante sosta in cui potrai osservare le stelle utilizzando giganteschi telescopi forniti nel deserto mozzafiato. Ma non \u00e8 tutto: c&#8217;\u00e8 anche un giro in cammello e uno spettacolo orientale da non perdere. Potrai anche incontrare i beduini e conoscere la loro cultura mentre ti godi una deliziosa cena beduina. Questo viaggio \u00e8 l&#8217;ultima combinazione di intrattenimento, avventura e immersione culturale.<\/p>\n<p>Verremo a prendervi al vostro hotel ogni giorno intorno alle 15:30 e vi accompagneremo all&#8217;oasi chiamata &#8220;Wadi Al Aat&#8221;, che dista solo 15 KM da Sharm El Sheikh. Preparati per una scarica di adrenalina mentre inizi a pedalare in quad per un&#8217;ora nella valle desertica di Al Kh-room.<\/p>\n<p>Quando arriviamo in zona, troverai dei cammelli ad aspettarti. Potrai goderti un giro di 20 minuti su queste magnifiche creature mentre ammiri le viste mozzafiato del tramonto. Dopodich\u00e9, \u00e8 il momento di concedersi un delizioso pasto beduino, completo di bevande analcoliche e t\u00e8 beduino; tutto compreso nel pacchetto.<\/p>\n<p>Ma il vero divertimento inizia dopo il pasto, quando i beduini mettono in scena uno spettacolo spettacolare con danza del ventre, uno spettacolo Tanura e canti folcloristici. \u00c8 una serata piena di festa e gioia. E alla fine dello spettacolo, verrai portato ai telescopi per vivere l&#8217;evento principale: l&#8217;osservazione delle stelle. La nostra esperta guida astronomica ti fornir\u00e0 approfondimenti sulle stelle, sul cielo notturno e sui pianeti, rendendo anche questa un&#8217;esperienza educativa. Preparati a osservare il maestoso cielo notturno attraverso i telescopi: \u00e8 un&#8217;esperienza irripetibile da non perdere!<\/p>\n","protected":false},"featured_media":24622,"comment_status":"open","ping_status":"closed","template":"","meta":{"_coblocks_attr":"","_coblocks_dimensions":"","_coblocks_responsive_height":"","_coblocks_accordion_ie_support":"","_uag_custom_page_level_css":"","jetpack_publicize_message":"","jetpack_publicize_feature_enabled":true,"jetpack_social_post_already_shared":true,"jetpack_social_options":{"image_generator_settings":{"template":"highway","default_image_id":0,"font":"","enabled":false},"version":2},"_wpas_customize_per_network":false},"product_brand":[],"product_cat":[1639,23528,19125],"product_tag":[1644,2178,1648],"class_list":{"0":"post-26210","1":"product","2":"type-product","3":"status-publish","4":"has-post-thumbnail","6":"product_cat-escursioni-sharm-el-sheikh","7":"product_cat-gite-un-giorno-sharm-sheikh","8":"product_cat-tour-safari-sharm-el-sheikh","9":"product_tag-escursione","10":"product_tag-safari-it","11":"product_tag-sharm-el-sheikh-it","12":"pa_age-adulto","13":"pa_age-bambino-1-4-anni","14":"pa_age-bambino-5-11-anni","16":"first","17":"instock","18":"sale","19":"featured","20":"taxable","21":"shipping-taxable","22":"purchasable","23":"product-type-variable"},"yoast_head":"<!-- This site is optimized with the Yoast SEO Premium plugin v27.5 (Yoast SEO v27.5) - https:\/\/yoast.com\/product\/yoast-seo-premium-wordpress\/ -->\n<title>Viaggio di osservazione delle stelle a Sharm El Sheikh<\/title>\n<meta name=\"description\" content=\"Viaggio di osservazione delle stelle a Sharm El Sheikh Il programma di questo viaggio safari nel deserto include principalmente l&#039;attivit\u00e0 di osservazione\" \/>\n<meta name=\"robots\" content=\"index, follow, max-snippet:-1, max-image-preview:large, max-video-preview:-1\" \/>\n<link rel=\"canonical\" href=\"https:\/\/landioustravel.com\/it\/shop\/viaggio-osservazione-stelle-sharm-sheikh\/\" \/>\n<meta property=\"og:locale\" content=\"it_IT\" \/>\n<meta property=\"og:type\" content=\"article\" \/>\n<meta property=\"og:title\" content=\"Viaggio di osservazione delle stelle a Sharm El Sheikh\" \/>\n<meta property=\"og:description\" content=\"Landious Travel\" \/>\n<meta property=\"og:url\" content=\"https:\/\/landioustravel.com\/it\/shop\/viaggio-osservazione-stelle-sharm-sheikh\/\" \/>\n<meta property=\"og:site_name\" content=\"Landious Travel\" \/>\n<meta property=\"article:publisher\" content=\"https:\/\/web.facebook.com\/landiousEgypt\" \/>\n<meta property=\"article:modified_time\" content=\"2024-09-21T12:06:52+00:00\" \/>\n<meta property=\"og:image\" content=\"https:\/\/i0.wp.com\/landioustravel.com\/wp-content\/uploads\/2020\/10\/desert_stargazing-e1617567655534.jpg?fit=1200%2C675&ssl=1\" \/>\n\t<meta property=\"og:image:width\" content=\"1200\" \/>\n\t<meta property=\"og:image:height\" content=\"675\" \/>\n\t<meta property=\"og:image:type\" content=\"image\/jpeg\" \/>\n<meta name=\"twitter:card\" content=\"summary_large_image\" \/>\n<meta name=\"twitter:site\" content=\"@LandiousTours\" \/>\n<meta name=\"twitter:label1\" content=\"Tempo di lettura stimato\" \/>\n\t<meta name=\"twitter:data1\" content=\"3 minuti\" \/>\n<script type=\"application\/ld+json\" class=\"yoast-schema-graph\">{\"@context\":\"https:\\\/\\\/schema.org\",\"@graph\":[{\"@type\":\"WebPage\",\"@id\":\"https:\\\/\\\/landioustravel.com\\\/it\\\/shop\\\/viaggio-osservazione-stelle-sharm-sheikh\\\/\",\"url\":\"https:\\\/\\\/landioustravel.com\\\/it\\\/shop\\\/viaggio-osservazione-stelle-sharm-sheikh\\\/\",\"name\":\"Viaggio di osservazione delle stelle a Sharm El Sheikh\",\"isPartOf\":{\"@id\":\"https:\\\/\\\/landioustravel.com\\\/it\\\/#website\"},\"primaryImageOfPage\":{\"@id\":\"https:\\\/\\\/landioustravel.com\\\/it\\\/shop\\\/viaggio-osservazione-stelle-sharm-sheikh\\\/#primaryimage\"},\"image\":{\"@id\":\"https:\\\/\\\/landioustravel.com\\\/it\\\/shop\\\/viaggio-osservazione-stelle-sharm-sheikh\\\/#primaryimage\"},\"thumbnailUrl\":\"https:\\\/\\\/i0.wp.com\\\/landioustravel.com\\\/wp-content\\\/uploads\\\/2020\\\/10\\\/desert_stargazing-e1617567655534.jpg?fit=1200%2C675&ssl=1\",\"datePublished\":\"2020-12-11T01:37:41+00:00\",\"dateModified\":\"2024-09-21T12:06:52+00:00\",\"description\":\"Viaggio di osservazione delle stelle a Sharm El Sheikh Il programma di questo viaggio safari nel deserto include principalmente l'attivit\u00e0 di osservazione\",\"breadcrumb\":{\"@id\":\"https:\\\/\\\/landioustravel.com\\\/it\\\/shop\\\/viaggio-osservazione-stelle-sharm-sheikh\\\/#breadcrumb\"},\"inLanguage\":\"it-IT\",\"potentialAction\":[{\"@type\":\"ReadAction\",\"target\":[\"https:\\\/\\\/landioustravel.com\\\/it\\\/shop\\\/viaggio-osservazione-stelle-sharm-sheikh\\\/\"]}]},{\"@type\":\"ImageObject\",\"inLanguage\":\"it-IT\",\"@id\":\"https:\\\/\\\/landioustravel.com\\\/it\\\/shop\\\/viaggio-osservazione-stelle-sharm-sheikh\\\/#primaryimage\",\"url\":\"https:\\\/\\\/i0.wp.com\\\/landioustravel.com\\\/wp-content\\\/uploads\\\/2020\\\/10\\\/desert_stargazing-e1617567655534.jpg?fit=1200%2C675&ssl=1\",\"contentUrl\":\"https:\\\/\\\/i0.wp.com\\\/landioustravel.com\\\/wp-content\\\/uploads\\\/2020\\\/10\\\/desert_stargazing-e1617567655534.jpg?fit=1200%2C675&ssl=1\",\"width\":1200,\"height\":675,\"caption\":\"\u0441\u043e\u0437\u0435\u0440\u0446\u0430\u043d\u0438\u0435 \u0437\u0432\u0435\u0437\u0434 \u0432 \u0428\u0430\u0440\u043c \u044d\u043b\u044c \u0428\u0435\u0439\u0445\u0435\"},{\"@type\":\"BreadcrumbList\",\"@id\":\"https:\\\/\\\/landioustravel.com\\\/it\\\/shop\\\/viaggio-osservazione-stelle-sharm-sheikh\\\/#breadcrumb\",\"itemListElement\":[{\"@type\":\"ListItem\",\"position\":1,\"name\":\"Home\",\"item\":\"https:\\\/\\\/landioustravel.com\\\/it\\\/\"},{\"@type\":\"ListItem\",\"position\":2,\"name\":\"Tour in Egitto\",\"item\":\"https:\\\/\\\/landioustravel.com\\\/it\\\/\"},{\"@type\":\"ListItem\",\"position\":3,\"name\":\"Viaggio di osservazione delle stelle a Sharm El Sheikh\"}]},{\"@type\":\"WebSite\",\"@id\":\"https:\\\/\\\/landioustravel.com\\\/it\\\/#website\",\"url\":\"https:\\\/\\\/landioustravel.com\\\/it\\\/\",\"name\":\"Landious Travel\",\"description\":\"Excursions, trips and cruises in Egypt\",\"publisher\":{\"@id\":\"https:\\\/\\\/landioustravel.com\\\/it\\\/#organization\"},\"potentialAction\":[{\"@type\":\"SearchAction\",\"target\":{\"@type\":\"EntryPoint\",\"urlTemplate\":\"https:\\\/\\\/landioustravel.com\\\/it\\\/?s={search_term_string}\"},\"query-input\":{\"@type\":\"PropertyValueSpecification\",\"valueRequired\":true,\"valueName\":\"search_term_string\"}}],\"inLanguage\":\"it-IT\"},{\"@type\":[\"Organization\",\"Place\"],\"@id\":\"https:\\\/\\\/landioustravel.com\\\/it\\\/#organization\",\"name\":\"Landious Travel\",\"alternateName\":\"Landious Travel\",\"url\":\"https:\\\/\\\/landioustravel.com\\\/it\\\/\",\"logo\":{\"@id\":\"https:\\\/\\\/landioustravel.com\\\/it\\\/shop\\\/viaggio-osservazione-stelle-sharm-sheikh\\\/#local-main-organization-logo\"},\"image\":{\"@id\":\"https:\\\/\\\/landioustravel.com\\\/it\\\/shop\\\/viaggio-osservazione-stelle-sharm-sheikh\\\/#local-main-organization-logo\"},\"sameAs\":[\"https:\\\/\\\/web.facebook.com\\\/landiousEgypt\",\"https:\\\/\\\/x.com\\\/LandiousTours\",\"https:\\\/\\\/mastodon.social\\\/@landious\"],\"legalName\":\"Landious Travel\",\"telephone\":[],\"openingHoursSpecification\":[{\"@type\":\"OpeningHoursSpecification\",\"dayOfWeek\":[\"Monday\",\"Tuesday\",\"Wednesday\",\"Thursday\",\"Friday\",\"Saturday\",\"Sunday\"],\"opens\":\"09:00\",\"closes\":\"17:00\"}]},{\"@type\":\"ImageObject\",\"inLanguage\":\"it-IT\",\"@id\":\"https:\\\/\\\/landioustravel.com\\\/it\\\/shop\\\/viaggio-osservazione-stelle-sharm-sheikh\\\/#local-main-organization-logo\",\"url\":\"https:\\\/\\\/i0.wp.com\\\/landioustravel.com\\\/wp-content\\\/uploads\\\/2021\\\/06\\\/Landious-T.png?fit=500%2C500&ssl=1\",\"contentUrl\":\"https:\\\/\\\/i0.wp.com\\\/landioustravel.com\\\/wp-content\\\/uploads\\\/2021\\\/06\\\/Landious-T.png?fit=500%2C500&ssl=1\",\"width\":500,\"height\":500,\"caption\":\"Landious Travel\"}]}<\/script>\n<!-- \/ Yoast SEO Premium plugin. -->","yoast_head_json":{"title":"Viaggio di osservazione delle stelle a Sharm El Sheikh","description":"Viaggio di osservazione delle stelle a Sharm El Sheikh Il programma di questo viaggio safari nel deserto include principalmente l'attivit\u00e0 di osservazione","robots":{"index":"index","follow":"follow","max-snippet":"max-snippet:-1","max-image-preview":"max-image-preview:large","max-video-preview":"max-video-preview:-1"},"canonical":"https:\/\/landioustravel.com\/it\/shop\/viaggio-osservazione-stelle-sharm-sheikh\/","og_locale":"it_IT","og_type":"article","og_title":"Viaggio di osservazione delle stelle a Sharm El Sheikh","og_description":"Landious Travel","og_url":"https:\/\/landioustravel.com\/it\/shop\/viaggio-osservazione-stelle-sharm-sheikh\/","og_site_name":"Landious Travel","article_publisher":"https:\/\/web.facebook.com\/landiousEgypt","article_modified_time":"2024-09-21T12:06:52+00:00","og_image":[{"width":1200,"height":675,"url":"https:\/\/i0.wp.com\/landioustravel.com\/wp-content\/uploads\/2020\/10\/desert_stargazing-e1617567655534.jpg?fit=1200%2C675&ssl=1","type":"image\/jpeg"}],"twitter_card":"summary_large_image","twitter_site":"@LandiousTours","twitter_misc":{"Tempo di lettura stimato":"3 minuti"},"schema":{"@context":"https:\/\/schema.org","@graph":[{"@type":"WebPage","@id":"https:\/\/landioustravel.com\/it\/shop\/viaggio-osservazione-stelle-sharm-sheikh\/","url":"https:\/\/landioustravel.com\/it\/shop\/viaggio-osservazione-stelle-sharm-sheikh\/","name":"Viaggio di osservazione delle stelle a Sharm El Sheikh","isPartOf":{"@id":"https:\/\/landioustravel.com\/it\/#website"},"primaryImageOfPage":{"@id":"https:\/\/landioustravel.com\/it\/shop\/viaggio-osservazione-stelle-sharm-sheikh\/#primaryimage"},"image":{"@id":"https:\/\/landioustravel.com\/it\/shop\/viaggio-osservazione-stelle-sharm-sheikh\/#primaryimage"},"thumbnailUrl":"https:\/\/i0.wp.com\/landioustravel.com\/wp-content\/uploads\/2020\/10\/desert_stargazing-e1617567655534.jpg?fit=1200%2C675&ssl=1","datePublished":"2020-12-11T01:37:41+00:00","dateModified":"2024-09-21T12:06:52+00:00","description":"Viaggio di osservazione delle stelle a Sharm El Sheikh Il programma di questo viaggio safari nel deserto include principalmente l'attivit\u00e0 di osservazione","breadcrumb":{"@id":"https:\/\/landioustravel.com\/it\/shop\/viaggio-osservazione-stelle-sharm-sheikh\/#breadcrumb"},"inLanguage":"it-IT","potentialAction":[{"@type":"ReadAction","target":["https:\/\/landioustravel.com\/it\/shop\/viaggio-osservazione-stelle-sharm-sheikh\/"]}]},{"@type":"ImageObject","inLanguage":"it-IT","@id":"https:\/\/landioustravel.com\/it\/shop\/viaggio-osservazione-stelle-sharm-sheikh\/#primaryimage","url":"https:\/\/i0.wp.com\/landioustravel.com\/wp-content\/uploads\/2020\/10\/desert_stargazing-e1617567655534.jpg?fit=1200%2C675&ssl=1","contentUrl":"https:\/\/i0.wp.com\/landioustravel.com\/wp-content\/uploads\/2020\/10\/desert_stargazing-e1617567655534.jpg?fit=1200%2C675&ssl=1","width":1200,"height":675,"caption":"\u0441\u043e\u0437\u0435\u0440\u0446\u0430\u043d\u0438\u0435 \u0437\u0432\u0435\u0437\u0434 \u0432 \u0428\u0430\u0440\u043c \u044d\u043b\u044c \u0428\u0435\u0439\u0445\u0435"},{"@type":"BreadcrumbList","@id":"https:\/\/landioustravel.com\/it\/shop\/viaggio-osservazione-stelle-sharm-sheikh\/#breadcrumb","itemListElement":[{"@type":"ListItem","position":1,"name":"Home","item":"https:\/\/landioustravel.com\/it\/"},{"@type":"ListItem","position":2,"name":"Tour in Egitto","item":"https:\/\/landioustravel.com\/it\/"},{"@type":"ListItem","position":3,"name":"Viaggio di osservazione delle stelle a Sharm El Sheikh"}]},{"@type":"WebSite","@id":"https:\/\/landioustravel.com\/it\/#website","url":"https:\/\/landioustravel.com\/it\/","name":"Landious Travel","description":"Excursions, trips and cruises in Egypt","publisher":{"@id":"https:\/\/landioustravel.com\/it\/#organization"},"potentialAction":[{"@type":"SearchAction","target":{"@type":"EntryPoint","urlTemplate":"https:\/\/landioustravel.com\/it\/?s={search_term_string}"},"query-input":{"@type":"PropertyValueSpecification","valueRequired":true,"valueName":"search_term_string"}}],"inLanguage":"it-IT"},{"@type":["Organization","Place"],"@id":"https:\/\/landioustravel.com\/it\/#organization","name":"Landious Travel","alternateName":"Landious Travel","url":"https:\/\/landioustravel.com\/it\/","logo":{"@id":"https:\/\/landioustravel.com\/it\/shop\/viaggio-osservazione-stelle-sharm-sheikh\/#local-main-organization-logo"},"image":{"@id":"https:\/\/landioustravel.com\/it\/shop\/viaggio-osservazione-stelle-sharm-sheikh\/#local-main-organization-logo"},"sameAs":["https:\/\/web.facebook.com\/landiousEgypt","https:\/\/x.com\/LandiousTours","https:\/\/mastodon.social\/@landious"],"legalName":"Landious Travel","telephone":[],"openingHoursSpecification":[{"@type":"OpeningHoursSpecification","dayOfWeek":["Monday","Tuesday","Wednesday","Thursday","Friday","Saturday","Sunday"],"opens":"09:00","closes":"17:00"}]},{"@type":"ImageObject","inLanguage":"it-IT","@id":"https:\/\/landioustravel.com\/it\/shop\/viaggio-osservazione-stelle-sharm-sheikh\/#local-main-organization-logo","url":"https:\/\/i0.wp.com\/landioustravel.com\/wp-content\/uploads\/2021\/06\/Landious-T.png?fit=500%2C500&ssl=1","contentUrl":"https:\/\/i0.wp.com\/landioustravel.com\/wp-content\/uploads\/2021\/06\/Landious-T.png?fit=500%2C500&ssl=1","width":500,"height":500,"caption":"Landious Travel"}]}},"jetpack_publicize_connections":[],"uagb_featured_image_src":{"full":["https:\/\/i0.wp.com\/landioustravel.com\/wp-content\/uploads\/2020\/10\/desert_stargazing-e1617567655534.jpg?fit=1200%2C675&ssl=1",1200,675,false],"thumbnail":["https:\/\/i0.wp.com\/landioustravel.com\/wp-content\/uploads\/2020\/10\/desert_stargazing-e1617567655534.jpg?resize=150%2C150&ssl=1",150,150,true],"medium":["https:\/\/i0.wp.com\/landioustravel.com\/wp-content\/uploads\/2020\/10\/desert_stargazing-e1617567655534.jpg?fit=300%2C192&ssl=1",300,192,true],"medium_large":["https:\/\/i0.wp.com\/landioustravel.com\/wp-content\/uploads\/2020\/10\/desert_stargazing-e1617567655534.jpg?fit=768%2C490&ssl=1",768,490,true],"large":["https:\/\/i0.wp.com\/landioustravel.com\/wp-content\/uploads\/2020\/10\/desert_stargazing-e1617567655534.jpg?fit=980%2C626&ssl=1",980,626,true],"1536x1536":["https:\/\/i0.wp.com\/landioustravel.com\/wp-content\/uploads\/2020\/10\/desert_stargazing-e1617567655534.jpg?fit=1200%2C675&ssl=1",1200,675,true],"2048x2048":["https:\/\/i0.wp.com\/landioustravel.com\/wp-content\/uploads\/2020\/10\/desert_stargazing-e1617567655534.jpg?fit=1200%2C675&ssl=1",1200,675,true],"newspack-article-block-landscape-large":["https:\/\/i0.wp.com\/landioustravel.com\/wp-content\/uploads\/2020\/10\/desert_stargazing-e1617567655534.jpg?resize=1200%2C675&ssl=1",1200,850,true],"newspack-article-block-portrait-large":["https:\/\/i0.wp.com\/landioustravel.com\/wp-content\/uploads\/2020\/10\/desert_stargazing-e1617567655534.jpg?resize=900%2C675&ssl=1",900,766,true],"newspack-article-block-square-large":["https:\/\/i0.wp.com\/landioustravel.com\/wp-content\/uploads\/2020\/10\/desert_stargazing-e1617567655534.jpg?resize=1200%2C675&ssl=1",1200,850,true],"newspack-article-block-landscape-medium":["https:\/\/i0.wp.com\/landioustravel.com\/wp-content\/uploads\/2020\/10\/desert_stargazing-e1617567655534.jpg?resize=800%2C600&ssl=1",800,600,true],"newspack-article-block-portrait-medium":["https:\/\/i0.wp.com\/landioustravel.com\/wp-content\/uploads\/2020\/10\/desert_stargazing-e1617567655534.jpg?resize=600%2C675&ssl=1",600,766,true],"newspack-article-block-square-medium":["https:\/\/i0.wp.com\/landioustravel.com\/wp-content\/uploads\/2020\/10\/desert_stargazing-e1617567655534.jpg?resize=800%2C675&ssl=1",800,766,true],"newspack-article-block-landscape-intermediate":["https:\/\/i0.wp.com\/landioustravel.com\/wp-content\/uploads\/2020\/10\/desert_stargazing-e1617567655534.jpg?resize=600%2C450&ssl=1",600,450,true],"newspack-article-block-portrait-intermediate":["https:\/\/i0.wp.com\/landioustravel.com\/wp-content\/uploads\/2020\/10\/desert_stargazing-e1617567655534.jpg?resize=450%2C600&ssl=1",450,600,true],"newspack-article-block-square-intermediate":["https:\/\/i0.wp.com\/landioustravel.com\/wp-content\/uploads\/2020\/10\/desert_stargazing-e1617567655534.jpg?resize=600%2C600&ssl=1",600,600,true],"newspack-article-block-landscape-small":["https:\/\/i0.wp.com\/landioustravel.com\/wp-content\/uploads\/2020\/10\/desert_stargazing-e1617567655534.jpg?resize=400%2C300&ssl=1",400,300,true],"newspack-article-block-portrait-small":["https:\/\/i0.wp.com\/landioustravel.com\/wp-content\/uploads\/2020\/10\/desert_stargazing-e1617567655534.jpg?resize=300%2C400&ssl=1",300,400,true],"newspack-article-block-square-small":["https:\/\/i0.wp.com\/landioustravel.com\/wp-content\/uploads\/2020\/10\/desert_stargazing-e1617567655534.jpg?resize=400%2C400&ssl=1",400,400,true],"newspack-article-block-landscape-tiny":["https:\/\/i0.wp.com\/landioustravel.com\/wp-content\/uploads\/2020\/10\/desert_stargazing-e1617567655534.jpg?resize=200%2C150&ssl=1",200,150,true],"newspack-article-block-portrait-tiny":["https:\/\/i0.wp.com\/landioustravel.com\/wp-content\/uploads\/2020\/10\/desert_stargazing-e1617567655534.jpg?resize=150%2C200&ssl=1",150,200,true],"newspack-article-block-square-tiny":["https:\/\/i0.wp.com\/landioustravel.com\/wp-content\/uploads\/2020\/10\/desert_stargazing-e1617567655534.jpg?resize=200%2C200&ssl=1",200,200,true],"newspack-article-block-uncropped":["https:\/\/i0.wp.com\/landioustravel.com\/wp-content\/uploads\/2020\/10\/desert_stargazing-e1617567655534.jpg?fit=1200%2C766&ssl=1",1200,766,true],"woocommerce_thumbnail":["https:\/\/i0.wp.com\/landioustravel.com\/wp-content\/uploads\/2020\/10\/desert_stargazing-e1617567655534.jpg?resize=324%2C324&ssl=1",324,324,true],"woocommerce_single":["https:\/\/i0.wp.com\/landioustravel.com\/wp-content\/uploads\/2020\/10\/desert_stargazing-e1617567655534.jpg?fit=416%2C234&ssl=1",416,234,true],"woocommerce_gallery_thumbnail":["https:\/\/i0.wp.com\/landioustravel.com\/wp-content\/uploads\/2020\/10\/desert_stargazing-e1617567655534.jpg?resize=100%2C100&ssl=1",100,100,true]},"uagb_author_info":{"display_name":"Mofreh Landious","author_link":"https:\/\/landioustravel.com\/it\/author\/"},"uagb_comment_info":2,"uagb_excerpt":"Sei pronto per un'esperienza indimenticabile a Sharm el Sheikh? Preparati a intraprendere un'avventura di osservazione delle stelle come nessun'altra! Il programma del viaggio promette un'entusiasmante sosta in cui potrai osservare le stelle utilizzando giganteschi telescopi forniti nel deserto mozzafiato. Ma non \u00e8 tutto: c'\u00e8 anche un giro in cammello e uno spettacolo orientale da non&hellip;","jetpack_sharing_enabled":true,"jetpack_likes_enabled":true,"amp_enabled":true,"_links":{"self":[{"href":"https:\/\/landioustravel.com\/it\/wp-json\/wp\/v2\/product\/26210","targetHints":{"allow":["GET"]}}],"collection":[{"href":"https:\/\/landioustravel.com\/it\/wp-json\/wp\/v2\/product"}],"about":[{"href":"https:\/\/landioustravel.com\/it\/wp-json\/wp\/v2\/types\/product"}],"replies":[{"embeddable":true,"href":"https:\/\/landioustravel.com\/it\/wp-json\/wp\/v2\/comments?post=26210"}],"wp:featuredmedia":[{"embeddable":true,"href":"https:\/\/landioustravel.com\/it\/wp-json\/wp\/v2\/media\/24622"}],"wp:attachment":[{"href":"https:\/\/landioustravel.com\/it\/wp-json\/wp\/v2\/media?parent=26210"}],"wp:term":[{"taxonomy":"product_brand","embeddable":true,"href":"https:\/\/landioustravel.com\/it\/wp-json\/wp\/v2\/product_brand?post=26210"},{"taxonomy":"product_cat","embeddable":true,"href":"https:\/\/landioustravel.com\/it\/wp-json\/wp\/v2\/product_cat?post=26210"},{"taxonomy":"product_tag","embeddable":true,"href":"https:\/\/landioustravel.com\/it\/wp-json\/wp\/v2\/product_tag?post=26210"}],"curies":[{"name":"wp","href":"https:\/\/api.w.org\/{rel}","templated":true}]}}