{"id":26235,"date":"2020-10-07T04:36:23","date_gmt":"2020-12-13T00:01:00","guid":{"rendered":"https:\/\/landioustravel.com\/?post_type=product&#038;p=26235"},"modified":"2024-06-27T09:08:22","modified_gmt":"2024-06-27T06:08:22","slug":"viaggio-spettacolo-delfini-sharm","status":"publish","type":"product","link":"https:\/\/landioustravel.com\/it\/shop\/viaggio-spettacolo-delfini-sharm\/","title":{"rendered":"Viaggio allo spettacolo dei delfini a Sharm El Sheikh"},"content":{"rendered":"<p>\u00c8 un&#8217;escursione di intrattenimento preferita al delfinario a Sharm El Sheikh, in Egitto! Consigliamo il viaggio perch\u00e9 permette ai turisti di qualsiasi et\u00e0 di divertirsi vedendo la pi\u00f9 grande collezione di animali marini. \u00c8 una scelta perfetta per i bambini e per gli adulti avvicinarsi a queste adorabili creature marine e osservare quanto sono intelligenti. Inoltre, d\u00e0 la possibilit\u00e0 di fare una foto con loro.<\/p>\n<h2>Punti salienti del programma dell&#8217;escursione al Delfinario<\/h2>\n<ul>\n<li>Spettacolo di animali marini<\/li>\n<li>Inoltre, scattare una foto con questi animali per la memoria come opzione a pagamento<\/li>\n<\/ul>\n<h3>Programma dell&#8217;escursione al Delfinario di Sharm El Sheikh<\/h3>\n<ul>\n<li>Il rappresentante di Landious Travel ti viene a prendere dal tuo hotel, a Sharm El Sheikh, alle 13:00 circa<\/li>\n<li>Dopo aver raccolto tutti gli altri, l&#8217;autobus va al delfinario. Ci vogliono circa 30 minuti per raggiungere il posto incantevole<\/li>\n<li>All&#8217;inizio del programma dell&#8217;escursione, la guida ti mostrer\u00e0 il luogo e dove sederti nell&#8217;auditorium<\/li>\n<li>Non appena tutti si riuniscono, lo spettacolo inizia per circa un&#8217;ora. Ti godrai un fantastico spettacolo di mammiferi: delfini del Mar Nero, foche del nord, leoni marini sudamericani e trichechi del Pacifico<\/li>\n<li>Con la fine di questo fantastico spettacolo di delfini, inizia un briefing con CD di immagini. Il tuo trainer ti offrir\u00e0 di scattare alcune foto per memorizzare questi bei momenti. Successivamente, queste immagini a te per un costo aggiuntivo. Il prezzo varia in base alle sue dimensioni. Sar\u00e0 qualcosa di opzionale averlo. Il briefing sul CD durer\u00e0 30 minuti<\/li>\n<li>Infine, il nostro autobus parte per i tuoi hotel dopo un viaggio cos\u00ec incredibile nel delfinario<\/li>\n<li>Questo &#8220;Viaggio con spettacolo di delfini a Sharm El Sheikh&#8221; termina alle 15:00 circa<\/li>\n<\/ul>\n<h4>Cosa \u00e8 compreso nel prezzo del viaggio<\/h4>\n<ul>\n<li>Trasferimento al Dolphin World e ritorno in hotel<\/li>\n<li>Inoltre, biglietti d&#8217;ingresso<\/li>\n<\/ul>\n<h5>Cosa non \u00e8 compreso nel prezzo del tour<\/h5>\n<ul>\n<li>DVD video<\/li>\n<li>Inoltre, Photo CD<\/li>\n<\/ul>\n<h6>Cosa portare con te per il viaggio<\/h6>\n<ul>\n<li>Occhiali da sole<\/li>\n<\/ul>\n<h6>Organizzazione di giornate di escursione<\/h6>\n<ul>\n<li>Tutti i giorni dalle 13:00 alle 15:00<\/li>\n<\/ul>\n","protected":false},"excerpt":{"rendered":"<p>Scopri la pi\u00f9 vasta collezione di mammiferi marini in Egitto con un viaggio al Delfinario di Sharm El Sheikh. Lo spettacolo presenta un&#8217;emozionante esibizione di delfini del Mar Nero, otarie del nord, leoni marini sudamericani e trichechi del Pacifico. Il prezzo del viaggio include biglietti d&#8217;ingresso e trasferimenti, rendendolo un&#8217;avventura senza problemi.<\/p>\n<p>Tutti, dai bambini agli adulti, possono godersi lo spettacolo di delfini ben addestrati per un&#8217;ora indimenticabile. Sarai deliziato dai simpatici e acrobatici delfini del Medio Oriente. \u00c8 un&#8217;esperienza che promette di farti sorridere.<\/p>\n<p>Una volta confermato il tuo viaggio, riceverai un&#8217;e-mail di conferma con tutti i dettagli, inclusi l&#8217;orario e il punto del prelievo. L&#8217;orario di prelievo \u00e8 intorno alle 14:00, a seconda della posizione dell&#8217;hotel. Ci vogliono solo 30 minuti da Nabq Bay e 5 minuti da El Hadaba per arrivare al Dolphin Park.<\/p>\n<p>All&#8217;arrivo al Dolphin Park, il nostro rappresentante ti guider\u00e0 e ti consegner\u00e0 i biglietti per lo spettacolo. Lo spettacolo inizia alle 15:00 e termina alle 16:00. Dopo lo spettacolo, l&#8217;addestratore di delfini ti offrir\u00e0 la possibilit\u00e0 di scattare foto con i delfini. Puoi scegliere di acquistare le immagini in varie dimensioni oppure puoi semplicemente guardare le immagini per l&#8217;intero spettacolo gratuitamente. La visualizzazione delle immagini richiede circa 25 minuti.<\/p>\n<p>Il nostro rappresentante ti aspetter\u00e0 per riaccompagnarti al tuo hotel una volta terminato lo spettacolo. L&#8217;escursione include trasporto con aria condizionata e biglietti per lo spettacolo dei delfini. Preparati per un&#8217;avventura indimenticabile!<\/p>\n","protected":false},"featured_media":1555,"comment_status":"open","ping_status":"closed","template":"","meta":{"_coblocks_attr":"","_coblocks_dimensions":"","_coblocks_responsive_height":"","_coblocks_accordion_ie_support":"","_uag_custom_page_level_css":"","jetpack_publicize_message":"","jetpack_publicize_feature_enabled":true,"jetpack_social_post_already_shared":true,"jetpack_social_options":{"image_generator_settings":{"template":"highway","default_image_id":0,"font":"","enabled":false},"version":2},"_wpas_customize_per_network":false},"product_brand":[],"product_cat":[1639,23528,19126],"product_tag":[1678,1644,1648],"class_list":{"0":"post-26235","1":"product","2":"type-product","3":"status-publish","4":"has-post-thumbnail","6":"product_cat-escursioni-sharm-el-sheikh","7":"product_cat-gite-un-giorno-sharm-sheikh","8":"product_cat-viaggi-divertenti-sharm-sheikh","9":"product_tag-delfinario","10":"product_tag-escursione","11":"product_tag-sharm-el-sheikh-it","12":"pa_age-adulto","13":"pa_age-bambino","15":"first","16":"instock","17":"sale","18":"taxable","19":"shipping-taxable","20":"purchasable","21":"product-type-variable"},"yoast_head":"<!-- This site is optimized with the Yoast SEO Premium plugin v27.5 (Yoast SEO v27.5) - https:\/\/yoast.com\/product\/yoast-seo-premium-wordpress\/ -->\n<title>Viaggio allo spettacolo dei delfini a Sharm El Sheikh<\/title>\n<meta name=\"description\" content=\"Viaggio allo spettacolo dei delfini a Sharm El Sheikh ti permette di vedere lo spettacolo dei mammiferi marini _ la pi\u00f9 grande collezione di mammiferi\" \/>\n<meta name=\"robots\" content=\"index, follow, max-snippet:-1, max-image-preview:large, max-video-preview:-1\" \/>\n<link rel=\"canonical\" href=\"https:\/\/landioustravel.com\/it\/shop\/viaggio-spettacolo-delfini-sharm\/\" \/>\n<meta property=\"og:locale\" content=\"it_IT\" \/>\n<meta property=\"og:type\" content=\"article\" \/>\n<meta property=\"og:title\" content=\"Viaggio allo spettacolo dei delfini a Sharm El Sheikh\" \/>\n<meta property=\"og:description\" content=\"Landious Travel\" \/>\n<meta property=\"og:url\" content=\"https:\/\/landioustravel.com\/it\/shop\/viaggio-spettacolo-delfini-sharm\/\" \/>\n<meta property=\"og:site_name\" content=\"Landious Travel\" \/>\n<meta property=\"article:publisher\" content=\"https:\/\/web.facebook.com\/landiousEgypt\" \/>\n<meta property=\"article:modified_time\" content=\"2024-06-27T06:08:22+00:00\" \/>\n<meta property=\"og:image\" content=\"https:\/\/landioustravel.com\/wp-content\/uploads\/2019\/01\/Escursioni_di_intrattenimento_a_Hurghada.jpg\" \/>\n\t<meta property=\"og:image:width\" content=\"3486\" \/>\n\t<meta property=\"og:image:height\" content=\"1958\" \/>\n\t<meta property=\"og:image:type\" content=\"image\/jpeg\" \/>\n<meta name=\"twitter:card\" content=\"summary_large_image\" \/>\n<meta name=\"twitter:site\" content=\"@LandiousTours\" \/>\n<meta name=\"twitter:label1\" content=\"Tempo di lettura stimato\" \/>\n\t<meta name=\"twitter:data1\" content=\"2 minuti\" \/>\n<script type=\"application\/ld+json\" class=\"yoast-schema-graph\">{\"@context\":\"https:\\\/\\\/schema.org\",\"@graph\":[{\"@type\":\"WebPage\",\"@id\":\"https:\\\/\\\/landioustravel.com\\\/it\\\/shop\\\/viaggio-spettacolo-delfini-sharm\\\/\",\"url\":\"https:\\\/\\\/landioustravel.com\\\/it\\\/shop\\\/viaggio-spettacolo-delfini-sharm\\\/\",\"name\":\"Viaggio allo spettacolo dei delfini a Sharm El Sheikh\",\"isPartOf\":{\"@id\":\"https:\\\/\\\/landioustravel.com\\\/it\\\/#website\"},\"primaryImageOfPage\":{\"@id\":\"https:\\\/\\\/landioustravel.com\\\/it\\\/shop\\\/viaggio-spettacolo-delfini-sharm\\\/#primaryimage\"},\"image\":{\"@id\":\"https:\\\/\\\/landioustravel.com\\\/it\\\/shop\\\/viaggio-spettacolo-delfini-sharm\\\/#primaryimage\"},\"thumbnailUrl\":\"https:\\\/\\\/i0.wp.com\\\/landioustravel.com\\\/wp-content\\\/uploads\\\/2019\\\/01\\\/Escursioni_di_intrattenimento_a_Hurghada.jpg?fit=3486%2C1958&ssl=1\",\"datePublished\":\"2020-12-13T00:01:00+00:00\",\"dateModified\":\"2024-06-27T06:08:22+00:00\",\"description\":\"Viaggio allo spettacolo dei delfini a Sharm El Sheikh ti permette di vedere lo spettacolo dei mammiferi marini _ la pi\u00f9 grande collezione di mammiferi\",\"breadcrumb\":{\"@id\":\"https:\\\/\\\/landioustravel.com\\\/it\\\/shop\\\/viaggio-spettacolo-delfini-sharm\\\/#breadcrumb\"},\"inLanguage\":\"it-IT\",\"potentialAction\":[{\"@type\":\"ReadAction\",\"target\":[\"https:\\\/\\\/landioustravel.com\\\/it\\\/shop\\\/viaggio-spettacolo-delfini-sharm\\\/\"]}]},{\"@type\":\"ImageObject\",\"inLanguage\":\"it-IT\",\"@id\":\"https:\\\/\\\/landioustravel.com\\\/it\\\/shop\\\/viaggio-spettacolo-delfini-sharm\\\/#primaryimage\",\"url\":\"https:\\\/\\\/i0.wp.com\\\/landioustravel.com\\\/wp-content\\\/uploads\\\/2019\\\/01\\\/Escursioni_di_intrattenimento_a_Hurghada.jpg?fit=3486%2C1958&ssl=1\",\"contentUrl\":\"https:\\\/\\\/i0.wp.com\\\/landioustravel.com\\\/wp-content\\\/uploads\\\/2019\\\/01\\\/Escursioni_di_intrattenimento_a_Hurghada.jpg?fit=3486%2C1958&ssl=1\",\"width\":3486,\"height\":1958,\"caption\":\"\u03a8\u03c5\u03c7\u03b1\u03b3\u03c9\u03b3\u03b9\u03ba\u03ad\u03c2 \u03b5\u03ba\u03b4\u03c1\u03bf\u03bc\u03ad\u03c2 \u03c3\u03c4\u03b7 \u03a7\u03bf\u03c5\u03c1\u03b3\u03ba\u03ac\u03bd\u03c4\u03b1\"},{\"@type\":\"BreadcrumbList\",\"@id\":\"https:\\\/\\\/landioustravel.com\\\/it\\\/shop\\\/viaggio-spettacolo-delfini-sharm\\\/#breadcrumb\",\"itemListElement\":[{\"@type\":\"ListItem\",\"position\":1,\"name\":\"Home\",\"item\":\"https:\\\/\\\/landioustravel.com\\\/it\\\/\"},{\"@type\":\"ListItem\",\"position\":2,\"name\":\"Tour in Egitto\",\"item\":\"https:\\\/\\\/landioustravel.com\\\/it\\\/\"},{\"@type\":\"ListItem\",\"position\":3,\"name\":\"Viaggio allo spettacolo dei delfini a Sharm El Sheikh\"}]},{\"@type\":\"WebSite\",\"@id\":\"https:\\\/\\\/landioustravel.com\\\/it\\\/#website\",\"url\":\"https:\\\/\\\/landioustravel.com\\\/it\\\/\",\"name\":\"Landious Travel\",\"description\":\"Excursions, trips and cruises in Egypt\",\"publisher\":{\"@id\":\"https:\\\/\\\/landioustravel.com\\\/it\\\/#organization\"},\"potentialAction\":[{\"@type\":\"SearchAction\",\"target\":{\"@type\":\"EntryPoint\",\"urlTemplate\":\"https:\\\/\\\/landioustravel.com\\\/it\\\/?s={search_term_string}\"},\"query-input\":{\"@type\":\"PropertyValueSpecification\",\"valueRequired\":true,\"valueName\":\"search_term_string\"}}],\"inLanguage\":\"it-IT\"},{\"@type\":[\"Organization\",\"Place\"],\"@id\":\"https:\\\/\\\/landioustravel.com\\\/it\\\/#organization\",\"name\":\"Landious Travel\",\"alternateName\":\"Landious Travel\",\"url\":\"https:\\\/\\\/landioustravel.com\\\/it\\\/\",\"logo\":{\"@id\":\"https:\\\/\\\/landioustravel.com\\\/it\\\/shop\\\/viaggio-spettacolo-delfini-sharm\\\/#local-main-organization-logo\"},\"image\":{\"@id\":\"https:\\\/\\\/landioustravel.com\\\/it\\\/shop\\\/viaggio-spettacolo-delfini-sharm\\\/#local-main-organization-logo\"},\"sameAs\":[\"https:\\\/\\\/web.facebook.com\\\/landiousEgypt\",\"https:\\\/\\\/x.com\\\/LandiousTours\",\"https:\\\/\\\/mastodon.social\\\/@landious\"],\"legalName\":\"Landious Travel\",\"telephone\":[],\"openingHoursSpecification\":[{\"@type\":\"OpeningHoursSpecification\",\"dayOfWeek\":[\"Monday\",\"Tuesday\",\"Wednesday\",\"Thursday\",\"Friday\",\"Saturday\",\"Sunday\"],\"opens\":\"09:00\",\"closes\":\"17:00\"}]},{\"@type\":\"ImageObject\",\"inLanguage\":\"it-IT\",\"@id\":\"https:\\\/\\\/landioustravel.com\\\/it\\\/shop\\\/viaggio-spettacolo-delfini-sharm\\\/#local-main-organization-logo\",\"url\":\"https:\\\/\\\/i0.wp.com\\\/landioustravel.com\\\/wp-content\\\/uploads\\\/2021\\\/06\\\/Landious-T.png?fit=500%2C500&ssl=1\",\"contentUrl\":\"https:\\\/\\\/i0.wp.com\\\/landioustravel.com\\\/wp-content\\\/uploads\\\/2021\\\/06\\\/Landious-T.png?fit=500%2C500&ssl=1\",\"width\":500,\"height\":500,\"caption\":\"Landious Travel\"}]}<\/script>\n<!-- \/ Yoast SEO Premium plugin. -->","yoast_head_json":{"title":"Viaggio allo spettacolo dei delfini a Sharm El Sheikh","description":"Viaggio allo spettacolo dei delfini a Sharm El Sheikh ti permette di vedere lo spettacolo dei mammiferi marini _ la pi\u00f9 grande collezione di mammiferi","robots":{"index":"index","follow":"follow","max-snippet":"max-snippet:-1","max-image-preview":"max-image-preview:large","max-video-preview":"max-video-preview:-1"},"canonical":"https:\/\/landioustravel.com\/it\/shop\/viaggio-spettacolo-delfini-sharm\/","og_locale":"it_IT","og_type":"article","og_title":"Viaggio allo spettacolo dei delfini a Sharm El Sheikh","og_description":"Landious Travel","og_url":"https:\/\/landioustravel.com\/it\/shop\/viaggio-spettacolo-delfini-sharm\/","og_site_name":"Landious Travel","article_publisher":"https:\/\/web.facebook.com\/landiousEgypt","article_modified_time":"2024-06-27T06:08:22+00:00","og_image":[{"width":3486,"height":1958,"url":"https:\/\/landioustravel.com\/wp-content\/uploads\/2019\/01\/Escursioni_di_intrattenimento_a_Hurghada.jpg","type":"image\/jpeg"}],"twitter_card":"summary_large_image","twitter_site":"@LandiousTours","twitter_misc":{"Tempo di lettura stimato":"2 minuti"},"schema":{"@context":"https:\/\/schema.org","@graph":[{"@type":"WebPage","@id":"https:\/\/landioustravel.com\/it\/shop\/viaggio-spettacolo-delfini-sharm\/","url":"https:\/\/landioustravel.com\/it\/shop\/viaggio-spettacolo-delfini-sharm\/","name":"Viaggio allo spettacolo dei delfini a Sharm El Sheikh","isPartOf":{"@id":"https:\/\/landioustravel.com\/it\/#website"},"primaryImageOfPage":{"@id":"https:\/\/landioustravel.com\/it\/shop\/viaggio-spettacolo-delfini-sharm\/#primaryimage"},"image":{"@id":"https:\/\/landioustravel.com\/it\/shop\/viaggio-spettacolo-delfini-sharm\/#primaryimage"},"thumbnailUrl":"https:\/\/i0.wp.com\/landioustravel.com\/wp-content\/uploads\/2019\/01\/Escursioni_di_intrattenimento_a_Hurghada.jpg?fit=3486%2C1958&ssl=1","datePublished":"2020-12-13T00:01:00+00:00","dateModified":"2024-06-27T06:08:22+00:00","description":"Viaggio allo spettacolo dei delfini a Sharm El Sheikh ti permette di vedere lo spettacolo dei mammiferi marini _ la pi\u00f9 grande collezione di mammiferi","breadcrumb":{"@id":"https:\/\/landioustravel.com\/it\/shop\/viaggio-spettacolo-delfini-sharm\/#breadcrumb"},"inLanguage":"it-IT","potentialAction":[{"@type":"ReadAction","target":["https:\/\/landioustravel.com\/it\/shop\/viaggio-spettacolo-delfini-sharm\/"]}]},{"@type":"ImageObject","inLanguage":"it-IT","@id":"https:\/\/landioustravel.com\/it\/shop\/viaggio-spettacolo-delfini-sharm\/#primaryimage","url":"https:\/\/i0.wp.com\/landioustravel.com\/wp-content\/uploads\/2019\/01\/Escursioni_di_intrattenimento_a_Hurghada.jpg?fit=3486%2C1958&ssl=1","contentUrl":"https:\/\/i0.wp.com\/landioustravel.com\/wp-content\/uploads\/2019\/01\/Escursioni_di_intrattenimento_a_Hurghada.jpg?fit=3486%2C1958&ssl=1","width":3486,"height":1958,"caption":"\u03a8\u03c5\u03c7\u03b1\u03b3\u03c9\u03b3\u03b9\u03ba\u03ad\u03c2 \u03b5\u03ba\u03b4\u03c1\u03bf\u03bc\u03ad\u03c2 \u03c3\u03c4\u03b7 \u03a7\u03bf\u03c5\u03c1\u03b3\u03ba\u03ac\u03bd\u03c4\u03b1"},{"@type":"BreadcrumbList","@id":"https:\/\/landioustravel.com\/it\/shop\/viaggio-spettacolo-delfini-sharm\/#breadcrumb","itemListElement":[{"@type":"ListItem","position":1,"name":"Home","item":"https:\/\/landioustravel.com\/it\/"},{"@type":"ListItem","position":2,"name":"Tour in Egitto","item":"https:\/\/landioustravel.com\/it\/"},{"@type":"ListItem","position":3,"name":"Viaggio allo spettacolo dei delfini a Sharm El Sheikh"}]},{"@type":"WebSite","@id":"https:\/\/landioustravel.com\/it\/#website","url":"https:\/\/landioustravel.com\/it\/","name":"Landious Travel","description":"Excursions, trips and cruises in Egypt","publisher":{"@id":"https:\/\/landioustravel.com\/it\/#organization"},"potentialAction":[{"@type":"SearchAction","target":{"@type":"EntryPoint","urlTemplate":"https:\/\/landioustravel.com\/it\/?s={search_term_string}"},"query-input":{"@type":"PropertyValueSpecification","valueRequired":true,"valueName":"search_term_string"}}],"inLanguage":"it-IT"},{"@type":["Organization","Place"],"@id":"https:\/\/landioustravel.com\/it\/#organization","name":"Landious Travel","alternateName":"Landious Travel","url":"https:\/\/landioustravel.com\/it\/","logo":{"@id":"https:\/\/landioustravel.com\/it\/shop\/viaggio-spettacolo-delfini-sharm\/#local-main-organization-logo"},"image":{"@id":"https:\/\/landioustravel.com\/it\/shop\/viaggio-spettacolo-delfini-sharm\/#local-main-organization-logo"},"sameAs":["https:\/\/web.facebook.com\/landiousEgypt","https:\/\/x.com\/LandiousTours","https:\/\/mastodon.social\/@landious"],"legalName":"Landious Travel","telephone":[],"openingHoursSpecification":[{"@type":"OpeningHoursSpecification","dayOfWeek":["Monday","Tuesday","Wednesday","Thursday","Friday","Saturday","Sunday"],"opens":"09:00","closes":"17:00"}]},{"@type":"ImageObject","inLanguage":"it-IT","@id":"https:\/\/landioustravel.com\/it\/shop\/viaggio-spettacolo-delfini-sharm\/#local-main-organization-logo","url":"https:\/\/i0.wp.com\/landioustravel.com\/wp-content\/uploads\/2021\/06\/Landious-T.png?fit=500%2C500&ssl=1","contentUrl":"https:\/\/i0.wp.com\/landioustravel.com\/wp-content\/uploads\/2021\/06\/Landious-T.png?fit=500%2C500&ssl=1","width":500,"height":500,"caption":"Landious Travel"}]}},"jetpack_publicize_connections":[],"uagb_featured_image_src":{"full":["https:\/\/i0.wp.com\/landioustravel.com\/wp-content\/uploads\/2019\/01\/Escursioni_di_intrattenimento_a_Hurghada.jpg?fit=3486%2C1958&ssl=1",3486,1958,false],"thumbnail":["https:\/\/i0.wp.com\/landioustravel.com\/wp-content\/uploads\/2019\/01\/Escursioni_di_intrattenimento_a_Hurghada.jpg?resize=150%2C150&ssl=1",150,150,true],"medium":["https:\/\/i0.wp.com\/landioustravel.com\/wp-content\/uploads\/2019\/01\/Escursioni_di_intrattenimento_a_Hurghada.jpg?fit=300%2C169&ssl=1",300,169,true],"medium_large":["https:\/\/i0.wp.com\/landioustravel.com\/wp-content\/uploads\/2019\/01\/Escursioni_di_intrattenimento_a_Hurghada.jpg?fit=768%2C431&ssl=1",768,431,true],"large":["https:\/\/i0.wp.com\/landioustravel.com\/wp-content\/uploads\/2019\/01\/Escursioni_di_intrattenimento_a_Hurghada.jpg?fit=980%2C550&ssl=1",980,550,true],"1536x1536":["https:\/\/i0.wp.com\/landioustravel.com\/wp-content\/uploads\/2019\/01\/Escursioni_di_intrattenimento_a_Hurghada.jpg?fit=1536%2C863&ssl=1",1536,863,true],"2048x2048":["https:\/\/i0.wp.com\/landioustravel.com\/wp-content\/uploads\/2019\/01\/Escursioni_di_intrattenimento_a_Hurghada.jpg?fit=2048%2C1150&ssl=1",2048,1150,true],"newspack-article-block-landscape-large":["https:\/\/i0.wp.com\/landioustravel.com\/wp-content\/uploads\/2019\/01\/Escursioni_di_intrattenimento_a_Hurghada.jpg?resize=1200%2C900&ssl=1",1200,900,true],"newspack-article-block-portrait-large":["https:\/\/i0.wp.com\/landioustravel.com\/wp-content\/uploads\/2019\/01\/Escursioni_di_intrattenimento_a_Hurghada.jpg?resize=900%2C1200&ssl=1",900,1200,true],"newspack-article-block-square-large":["https:\/\/i0.wp.com\/landioustravel.com\/wp-content\/uploads\/2019\/01\/Escursioni_di_intrattenimento_a_Hurghada.jpg?resize=1200%2C1200&ssl=1",1200,1200,true],"newspack-article-block-landscape-medium":["https:\/\/i0.wp.com\/landioustravel.com\/wp-content\/uploads\/2019\/01\/Escursioni_di_intrattenimento_a_Hurghada.jpg?resize=800%2C600&ssl=1",800,600,true],"newspack-article-block-portrait-medium":["https:\/\/i0.wp.com\/landioustravel.com\/wp-content\/uploads\/2019\/01\/Escursioni_di_intrattenimento_a_Hurghada.jpg?resize=600%2C800&ssl=1",600,800,true],"newspack-article-block-square-medium":["https:\/\/i0.wp.com\/landioustravel.com\/wp-content\/uploads\/2019\/01\/Escursioni_di_intrattenimento_a_Hurghada.jpg?resize=800%2C800&ssl=1",800,800,true],"newspack-article-block-landscape-intermediate":["https:\/\/i0.wp.com\/landioustravel.com\/wp-content\/uploads\/2019\/01\/Escursioni_di_intrattenimento_a_Hurghada.jpg?resize=600%2C450&ssl=1",600,450,true],"newspack-article-block-portrait-intermediate":["https:\/\/i0.wp.com\/landioustravel.com\/wp-content\/uploads\/2019\/01\/Escursioni_di_intrattenimento_a_Hurghada.jpg?resize=450%2C600&ssl=1",450,600,true],"newspack-article-block-square-intermediate":["https:\/\/i0.wp.com\/landioustravel.com\/wp-content\/uploads\/2019\/01\/Escursioni_di_intrattenimento_a_Hurghada.jpg?resize=600%2C600&ssl=1",600,600,true],"newspack-article-block-landscape-small":["https:\/\/i0.wp.com\/landioustravel.com\/wp-content\/uploads\/2019\/01\/Escursioni_di_intrattenimento_a_Hurghada.jpg?resize=400%2C300&ssl=1",400,300,true],"newspack-article-block-portrait-small":["https:\/\/i0.wp.com\/landioustravel.com\/wp-content\/uploads\/2019\/01\/Escursioni_di_intrattenimento_a_Hurghada.jpg?resize=300%2C400&ssl=1",300,400,true],"newspack-article-block-square-small":["https:\/\/i0.wp.com\/landioustravel.com\/wp-content\/uploads\/2019\/01\/Escursioni_di_intrattenimento_a_Hurghada.jpg?resize=400%2C400&ssl=1",400,400,true],"newspack-article-block-landscape-tiny":["https:\/\/i0.wp.com\/landioustravel.com\/wp-content\/uploads\/2019\/01\/Escursioni_di_intrattenimento_a_Hurghada.jpg?resize=200%2C150&ssl=1",200,150,true],"newspack-article-block-portrait-tiny":["https:\/\/i0.wp.com\/landioustravel.com\/wp-content\/uploads\/2019\/01\/Escursioni_di_intrattenimento_a_Hurghada.jpg?resize=150%2C200&ssl=1",150,200,true],"newspack-article-block-square-tiny":["https:\/\/i0.wp.com\/landioustravel.com\/wp-content\/uploads\/2019\/01\/Escursioni_di_intrattenimento_a_Hurghada.jpg?resize=200%2C200&ssl=1",200,200,true],"newspack-article-block-uncropped":["https:\/\/i0.wp.com\/landioustravel.com\/wp-content\/uploads\/2019\/01\/Escursioni_di_intrattenimento_a_Hurghada.jpg?fit=1200%2C674&ssl=1",1200,674,true],"woocommerce_thumbnail":["https:\/\/i0.wp.com\/landioustravel.com\/wp-content\/uploads\/2019\/01\/Escursioni_di_intrattenimento_a_Hurghada.jpg?resize=324%2C324&ssl=1",324,324,true],"woocommerce_single":["https:\/\/i0.wp.com\/landioustravel.com\/wp-content\/uploads\/2019\/01\/Escursioni_di_intrattenimento_a_Hurghada.jpg?fit=416%2C234&ssl=1",416,234,true],"woocommerce_gallery_thumbnail":["https:\/\/i0.wp.com\/landioustravel.com\/wp-content\/uploads\/2019\/01\/Escursioni_di_intrattenimento_a_Hurghada.jpg?resize=100%2C100&ssl=1",100,100,true]},"uagb_author_info":{"display_name":"Mofreh Landious","author_link":"https:\/\/landioustravel.com\/it\/author\/"},"uagb_comment_info":1,"uagb_excerpt":"Scopri la pi\u00f9 vasta collezione di mammiferi marini in Egitto con un viaggio al Delfinario di Sharm El Sheikh. Lo spettacolo presenta un'emozionante esibizione di delfini del Mar Nero, otarie del nord, leoni marini sudamericani e trichechi del Pacifico. Il prezzo del viaggio include biglietti d'ingresso e trasferimenti, rendendolo un'avventura senza problemi. Tutti, dai bambini&hellip;","jetpack_sharing_enabled":true,"jetpack_likes_enabled":true,"amp_enabled":true,"_links":{"self":[{"href":"https:\/\/landioustravel.com\/it\/wp-json\/wp\/v2\/product\/26235","targetHints":{"allow":["GET"]}}],"collection":[{"href":"https:\/\/landioustravel.com\/it\/wp-json\/wp\/v2\/product"}],"about":[{"href":"https:\/\/landioustravel.com\/it\/wp-json\/wp\/v2\/types\/product"}],"replies":[{"embeddable":true,"href":"https:\/\/landioustravel.com\/it\/wp-json\/wp\/v2\/comments?post=26235"}],"wp:featuredmedia":[{"embeddable":true,"href":"https:\/\/landioustravel.com\/it\/wp-json\/wp\/v2\/media\/1555"}],"wp:attachment":[{"href":"https:\/\/landioustravel.com\/it\/wp-json\/wp\/v2\/media?parent=26235"}],"wp:term":[{"taxonomy":"product_brand","embeddable":true,"href":"https:\/\/landioustravel.com\/it\/wp-json\/wp\/v2\/product_brand?post=26235"},{"taxonomy":"product_cat","embeddable":true,"href":"https:\/\/landioustravel.com\/it\/wp-json\/wp\/v2\/product_cat?post=26235"},{"taxonomy":"product_tag","embeddable":true,"href":"https:\/\/landioustravel.com\/it\/wp-json\/wp\/v2\/product_tag?post=26235"}],"curies":[{"name":"wp","href":"https:\/\/api.w.org\/{rel}","templated":true}]}}