{"id":2945,"date":"2019-03-06T12:29:02","date_gmt":"2019-03-06T10:29:02","guid":{"rendered":"https:\/\/landioustravel.com\/product\/moto-safari-tre-ore-sharm\/"},"modified":"2024-05-19T06:22:17","modified_gmt":"2024-05-19T03:22:17","slug":"moto-safari-tre-ore-sharm","status":"publish","type":"product","link":"https:\/\/landioustravel.com\/it\/shop\/moto-safari-tre-ore-sharm\/","title":{"rendered":"Moto-Safari di tre ore a Sharm El Sheikh"},"content":{"rendered":"<p>Un&#8217;escursione molto attiva per escursioni in quad a Sharm El Sheikh! Raccomandiamo il viaggio perch\u00e9 permette ai turisti di guidare quad per una lunga distanza _ 50 km! Inoltre, permette di scoprire il deserto nel Sinai e di conoscere la cultura beduina.<\/p>\n<h2>I punti principali del programma di escursioni su tre ore in quad<\/h2>\n<ul>\n<li>In sella a un quad nel deserto a 50 km<\/li>\n<li>Bere il t\u00e8 beduino<\/li>\n<\/ul>\n<h3>Il programma dell&#8217;escursione Moto-Safari per tre ore da Sharm El Sheikh<\/h3>\n<ul>\n<li>Vi verremo a prendere dall&#8217;hotel alle 08:00 circa del mattino.<\/li>\n<li>Dopo aver raccolto tutti gli arrivi, il minibus \/ jeep va nel deserto, dove c&#8217;\u00e8 una base di quad. Ci vogliono circa 20 minuti per arrivarci.<\/li>\n<li>Per prima cosa, devi prepararti a indossare gli occhiali da sole e ad avvolgere una sciarpa sulla tua testa<\/li>\n<li>Quindi, c&#8217;\u00e8 un briefing e un allenamento per un po &#8216;di tempo.<\/li>\n<li>Dopo di che guidi 25 km nel deserto verso il villaggio beduino<\/li>\n<li>Non appena arrivi al villaggio beduino, puoi scattare foto con i beduini.<\/li>\n<li>La guida accompagna alla tenda beduina. L\u00ec, bevi il t\u00e8 e fai le tue domande alla guida.<\/li>\n<li>Finalmente, ti prepari a guidare per 25 km fino alla base. Questo viaggio in quad a Sharm El Sheikh dura circa tre ore.<\/li>\n<\/ul>\n<h4>Cosa \u00e8 incluso nel costo del tour<\/h4>\n<ul>\n<li>Trasferimento nel deserto e ritorno in albergo<\/li>\n<\/ul>\n<h5>Cosa non \u00e8 incluso nel costo del tour<\/h5>\n<ul>\n<li>DVD video<\/li>\n<li>CD fotografico<\/li>\n<\/ul>\n<h6>CHE COSA PRENDERE DA SOLI<\/h6>\n<ul>\n<li>Sciarpa<\/li>\n<li>Occhiali da sole<\/li>\n<\/ul>\n<h6>GIORNI DELLE ESCURSIONI DELL&#8217;ORGANIZZAZIONE<\/h6>\n<ul>\n<li>Tutti i giorni dalle 08:00 alle 12:00<\/li>\n<\/ul>\n","protected":false},"excerpt":{"rendered":"<p>Parti per un&#8217;esperienza davvero indimenticabile con un&#8217;escursione safari in buggy sulla spiaggia di tre ore a Sharm el-Sheikh! Questa avventura ti garantisce la possibilit\u00e0 di guidare un quad per 50 km nel deserto, il tutto mentre conosci la splendida natura della penisola del Sinai. Avrai anche l&#8217;opportunit\u00e0 di condividere una tazza di t\u00e8 con gli ospitali abitanti del deserto: i beduini! Questo \u00e8 un modo esaltante per dare un&#8217;occhiata pi\u00f9 da vicino allo straordinario scenario del deserto senza bisogno di alcuna precedente esperienza di guida. Scegli tra un viaggio all&#8217;alba o al tramonto e fatti venire a prendere per una breve sessione di pratica prima di intraprendere un&#8217;avventura guidata attraverso il deserto verso le montagne del Sinai per un&#8217;ora e venti minuti, incluse due soste. Goditi un sacco di pianure aperte dove puoi dare il massimo, culminando con la possibilit\u00e0 di vivere il tramonto su questo splendido paesaggio. Avrai anche una sosta per visitare la valle di Echo e un&#8217;altra sosta in una tenda beduina dove verr\u00e0 offerto il t\u00e8 beduino. Alla fine del tour, tornerai al tuo hotel. Prenota online e in anticipo questo famoso tour in quad nel deserto e sperimenta l&#8217;ospitalit\u00e0 beduina durante una pausa t\u00e8 in una tenda nel deserto. Questa esperienza in quad \u00e8 adatta a tutti i livelli di motociclisti del tuo gruppo.<\/p>\n","protected":false},"featured_media":99583,"comment_status":"open","ping_status":"closed","template":"","meta":{"_coblocks_attr":"","_coblocks_dimensions":"","_coblocks_responsive_height":"","_coblocks_accordion_ie_support":"","_uag_custom_page_level_css":"","jetpack_post_was_ever_published":false,"jetpack_publicize_message":"","jetpack_publicize_feature_enabled":true,"jetpack_social_post_already_shared":false,"jetpack_social_options":{"image_generator_settings":{"template":"highway","default_image_id":0,"font":"","enabled":false},"version":2},"_wpas_customize_per_network":false},"product_brand":[],"product_cat":[1639,23528,19125],"product_tag":[1644,2181,2178,1680,1648],"class_list":{"0":"post-2945","1":"product","2":"type-product","3":"status-publish","4":"has-post-thumbnail","6":"product_cat-escursioni-sharm-el-sheikh","7":"product_cat-gite-un-giorno-sharm-sheikh","8":"product_cat-tour-safari-sharm-el-sheikh","9":"product_tag-escursione","10":"product_tag-quad-in-sella","11":"product_tag-safari-it","12":"product_tag-safari-nel-deserto","13":"product_tag-sharm-el-sheikh-it","15":"first","16":"instock","17":"sale","18":"purchasable","19":"product-type-variable"},"yoast_head":"<!-- This site is optimized with the Yoast SEO Premium plugin v26.9 (Yoast SEO v27.3) - https:\/\/yoast.com\/product\/yoast-seo-premium-wordpress\/ -->\n<title>Moto-Safari di tre ore a Sharm El Sheikh<\/title>\n<meta name=\"description\" content=\"Moto-Safari di tre ore a Sharm El Sheikh Parti per un&#039;esperienza davvero indimenticabile con un&#039;escursione safari in buggy sulla spiaggia di tre ore a Sharm\" \/>\n<meta name=\"robots\" content=\"index, follow, max-snippet:-1, max-image-preview:large, max-video-preview:-1\" \/>\n<link rel=\"canonical\" href=\"https:\/\/landioustravel.com\/it\/shop\/moto-safari-tre-ore-sharm\/\" \/>\n<meta property=\"og:locale\" content=\"it_IT\" \/>\n<meta property=\"og:type\" content=\"article\" \/>\n<meta property=\"og:title\" content=\"Moto-Safari di tre ore a Sharm El Sheikh\" \/>\n<meta property=\"og:description\" content=\"Landious Travel\" \/>\n<meta property=\"og:url\" content=\"https:\/\/landioustravel.com\/it\/shop\/moto-safari-tre-ore-sharm\/\" \/>\n<meta property=\"og:site_name\" content=\"Landious Travel\" \/>\n<meta property=\"article:publisher\" content=\"https:\/\/web.facebook.com\/landiousEgypt\" \/>\n<meta property=\"article:modified_time\" content=\"2024-05-19T03:22:17+00:00\" \/>\n<meta property=\"og:image\" content=\"https:\/\/landioustravel.com\/wp-content\/uploads\/2019\/03\/Three-Hours-Moto-Safari-Sharm-El-Sheikh-e1669333340567.jpg\" \/>\n\t<meta property=\"og:image:width\" content=\"1200\" \/>\n\t<meta property=\"og:image:height\" content=\"673\" \/>\n\t<meta property=\"og:image:type\" content=\"image\/jpeg\" \/>\n<meta name=\"twitter:card\" content=\"summary_large_image\" \/>\n<meta name=\"twitter:site\" content=\"@LandiousTours\" \/>\n<meta name=\"twitter:label1\" content=\"Tempo di lettura stimato\" \/>\n\t<meta name=\"twitter:data1\" content=\"2 minuti\" \/>\n<script type=\"application\/ld+json\" class=\"yoast-schema-graph\">{\"@context\":\"https:\\\/\\\/schema.org\",\"@graph\":[{\"@type\":\"WebPage\",\"@id\":\"https:\\\/\\\/landioustravel.com\\\/it\\\/shop\\\/moto-safari-tre-ore-sharm\\\/\",\"url\":\"https:\\\/\\\/landioustravel.com\\\/it\\\/shop\\\/moto-safari-tre-ore-sharm\\\/\",\"name\":\"Moto-Safari di tre ore a Sharm El Sheikh\",\"isPartOf\":{\"@id\":\"https:\\\/\\\/landioustravel.com\\\/it\\\/#website\"},\"primaryImageOfPage\":{\"@id\":\"https:\\\/\\\/landioustravel.com\\\/it\\\/shop\\\/moto-safari-tre-ore-sharm\\\/#primaryimage\"},\"image\":{\"@id\":\"https:\\\/\\\/landioustravel.com\\\/it\\\/shop\\\/moto-safari-tre-ore-sharm\\\/#primaryimage\"},\"thumbnailUrl\":\"https:\\\/\\\/i0.wp.com\\\/landioustravel.com\\\/wp-content\\\/uploads\\\/2019\\\/03\\\/Three-Hours-Moto-Safari-Sharm-El-Sheikh-e1669333340567.jpg?fit=1200%2C673&ssl=1\",\"datePublished\":\"2019-03-06T10:29:02+00:00\",\"dateModified\":\"2024-05-19T03:22:17+00:00\",\"description\":\"Moto-Safari di tre ore a Sharm El Sheikh Parti per un'esperienza davvero indimenticabile con un'escursione safari in buggy sulla spiaggia di tre ore a Sharm\",\"breadcrumb\":{\"@id\":\"https:\\\/\\\/landioustravel.com\\\/it\\\/shop\\\/moto-safari-tre-ore-sharm\\\/#breadcrumb\"},\"inLanguage\":\"it-IT\",\"potentialAction\":[{\"@type\":\"ReadAction\",\"target\":[\"https:\\\/\\\/landioustravel.com\\\/it\\\/shop\\\/moto-safari-tre-ore-sharm\\\/\"]}]},{\"@type\":\"ImageObject\",\"inLanguage\":\"it-IT\",\"@id\":\"https:\\\/\\\/landioustravel.com\\\/it\\\/shop\\\/moto-safari-tre-ore-sharm\\\/#primaryimage\",\"url\":\"https:\\\/\\\/i0.wp.com\\\/landioustravel.com\\\/wp-content\\\/uploads\\\/2019\\\/03\\\/Three-Hours-Moto-Safari-Sharm-El-Sheikh-e1669333340567.jpg?fit=1200%2C673&ssl=1\",\"contentUrl\":\"https:\\\/\\\/i0.wp.com\\\/landioustravel.com\\\/wp-content\\\/uploads\\\/2019\\\/03\\\/Three-Hours-Moto-Safari-Sharm-El-Sheikh-e1669333340567.jpg?fit=1200%2C673&ssl=1\",\"width\":1200,\"height\":673,\"caption\":\"Three Hours Moto Safari Sharm El Sheikh\"},{\"@type\":\"BreadcrumbList\",\"@id\":\"https:\\\/\\\/landioustravel.com\\\/it\\\/shop\\\/moto-safari-tre-ore-sharm\\\/#breadcrumb\",\"itemListElement\":[{\"@type\":\"ListItem\",\"position\":1,\"name\":\"Home\",\"item\":\"https:\\\/\\\/landioustravel.com\\\/it\\\/\"},{\"@type\":\"ListItem\",\"position\":2,\"name\":\"Tour in Egitto\",\"item\":\"https:\\\/\\\/landioustravel.com\\\/it\\\/\"},{\"@type\":\"ListItem\",\"position\":3,\"name\":\"Moto-Safari di tre ore a Sharm El Sheikh\"}]},{\"@type\":\"WebSite\",\"@id\":\"https:\\\/\\\/landioustravel.com\\\/it\\\/#website\",\"url\":\"https:\\\/\\\/landioustravel.com\\\/it\\\/\",\"name\":\"Landious Travel\",\"description\":\"Excursions, trips and cruises in Egypt\",\"publisher\":{\"@id\":\"https:\\\/\\\/landioustravel.com\\\/it\\\/#organization\"},\"potentialAction\":[{\"@type\":\"SearchAction\",\"target\":{\"@type\":\"EntryPoint\",\"urlTemplate\":\"https:\\\/\\\/landioustravel.com\\\/it\\\/?s={search_term_string}\"},\"query-input\":{\"@type\":\"PropertyValueSpecification\",\"valueRequired\":true,\"valueName\":\"search_term_string\"}}],\"inLanguage\":\"it-IT\"},{\"@type\":[\"Organization\",\"Place\"],\"@id\":\"https:\\\/\\\/landioustravel.com\\\/it\\\/#organization\",\"name\":\"Landious Travel\",\"alternateName\":\"Landious Travel\",\"url\":\"https:\\\/\\\/landioustravel.com\\\/it\\\/\",\"logo\":{\"@id\":\"https:\\\/\\\/landioustravel.com\\\/it\\\/shop\\\/moto-safari-tre-ore-sharm\\\/#local-main-organization-logo\"},\"image\":{\"@id\":\"https:\\\/\\\/landioustravel.com\\\/it\\\/shop\\\/moto-safari-tre-ore-sharm\\\/#local-main-organization-logo\"},\"sameAs\":[\"https:\\\/\\\/web.facebook.com\\\/landiousEgypt\",\"https:\\\/\\\/x.com\\\/LandiousTours\",\"https:\\\/\\\/mastodon.social\\\/@landious\"],\"legalName\":\"Landious Travel\",\"telephone\":[],\"openingHoursSpecification\":[{\"@type\":\"OpeningHoursSpecification\",\"dayOfWeek\":[\"Monday\",\"Tuesday\",\"Wednesday\",\"Thursday\",\"Friday\",\"Saturday\",\"Sunday\"],\"opens\":\"09:00\",\"closes\":\"17:00\"}]},{\"@type\":\"ImageObject\",\"inLanguage\":\"it-IT\",\"@id\":\"https:\\\/\\\/landioustravel.com\\\/it\\\/shop\\\/moto-safari-tre-ore-sharm\\\/#local-main-organization-logo\",\"url\":\"https:\\\/\\\/i0.wp.com\\\/landioustravel.com\\\/wp-content\\\/uploads\\\/2021\\\/06\\\/Landious-T.png?fit=500%2C500&ssl=1\",\"contentUrl\":\"https:\\\/\\\/i0.wp.com\\\/landioustravel.com\\\/wp-content\\\/uploads\\\/2021\\\/06\\\/Landious-T.png?fit=500%2C500&ssl=1\",\"width\":500,\"height\":500,\"caption\":\"Landious Travel\"}]}<\/script>\n<!-- \/ Yoast SEO Premium plugin. -->","yoast_head_json":{"title":"Moto-Safari di tre ore a Sharm El Sheikh","description":"Moto-Safari di tre ore a Sharm El Sheikh Parti per un'esperienza davvero indimenticabile con un'escursione safari in buggy sulla spiaggia di tre ore a Sharm","robots":{"index":"index","follow":"follow","max-snippet":"max-snippet:-1","max-image-preview":"max-image-preview:large","max-video-preview":"max-video-preview:-1"},"canonical":"https:\/\/landioustravel.com\/it\/shop\/moto-safari-tre-ore-sharm\/","og_locale":"it_IT","og_type":"article","og_title":"Moto-Safari di tre ore a Sharm El Sheikh","og_description":"Landious Travel","og_url":"https:\/\/landioustravel.com\/it\/shop\/moto-safari-tre-ore-sharm\/","og_site_name":"Landious Travel","article_publisher":"https:\/\/web.facebook.com\/landiousEgypt","article_modified_time":"2024-05-19T03:22:17+00:00","og_image":[{"width":1200,"height":673,"url":"https:\/\/landioustravel.com\/wp-content\/uploads\/2019\/03\/Three-Hours-Moto-Safari-Sharm-El-Sheikh-e1669333340567.jpg","type":"image\/jpeg"}],"twitter_card":"summary_large_image","twitter_site":"@LandiousTours","twitter_misc":{"Tempo di lettura stimato":"2 minuti"},"schema":{"@context":"https:\/\/schema.org","@graph":[{"@type":"WebPage","@id":"https:\/\/landioustravel.com\/it\/shop\/moto-safari-tre-ore-sharm\/","url":"https:\/\/landioustravel.com\/it\/shop\/moto-safari-tre-ore-sharm\/","name":"Moto-Safari di tre ore a Sharm El Sheikh","isPartOf":{"@id":"https:\/\/landioustravel.com\/it\/#website"},"primaryImageOfPage":{"@id":"https:\/\/landioustravel.com\/it\/shop\/moto-safari-tre-ore-sharm\/#primaryimage"},"image":{"@id":"https:\/\/landioustravel.com\/it\/shop\/moto-safari-tre-ore-sharm\/#primaryimage"},"thumbnailUrl":"https:\/\/i0.wp.com\/landioustravel.com\/wp-content\/uploads\/2019\/03\/Three-Hours-Moto-Safari-Sharm-El-Sheikh-e1669333340567.jpg?fit=1200%2C673&ssl=1","datePublished":"2019-03-06T10:29:02+00:00","dateModified":"2024-05-19T03:22:17+00:00","description":"Moto-Safari di tre ore a Sharm El Sheikh Parti per un'esperienza davvero indimenticabile con un'escursione safari in buggy sulla spiaggia di tre ore a Sharm","breadcrumb":{"@id":"https:\/\/landioustravel.com\/it\/shop\/moto-safari-tre-ore-sharm\/#breadcrumb"},"inLanguage":"it-IT","potentialAction":[{"@type":"ReadAction","target":["https:\/\/landioustravel.com\/it\/shop\/moto-safari-tre-ore-sharm\/"]}]},{"@type":"ImageObject","inLanguage":"it-IT","@id":"https:\/\/landioustravel.com\/it\/shop\/moto-safari-tre-ore-sharm\/#primaryimage","url":"https:\/\/i0.wp.com\/landioustravel.com\/wp-content\/uploads\/2019\/03\/Three-Hours-Moto-Safari-Sharm-El-Sheikh-e1669333340567.jpg?fit=1200%2C673&ssl=1","contentUrl":"https:\/\/i0.wp.com\/landioustravel.com\/wp-content\/uploads\/2019\/03\/Three-Hours-Moto-Safari-Sharm-El-Sheikh-e1669333340567.jpg?fit=1200%2C673&ssl=1","width":1200,"height":673,"caption":"Three Hours Moto Safari Sharm El Sheikh"},{"@type":"BreadcrumbList","@id":"https:\/\/landioustravel.com\/it\/shop\/moto-safari-tre-ore-sharm\/#breadcrumb","itemListElement":[{"@type":"ListItem","position":1,"name":"Home","item":"https:\/\/landioustravel.com\/it\/"},{"@type":"ListItem","position":2,"name":"Tour in Egitto","item":"https:\/\/landioustravel.com\/it\/"},{"@type":"ListItem","position":3,"name":"Moto-Safari di tre ore a Sharm El Sheikh"}]},{"@type":"WebSite","@id":"https:\/\/landioustravel.com\/it\/#website","url":"https:\/\/landioustravel.com\/it\/","name":"Landious Travel","description":"Excursions, trips and cruises in Egypt","publisher":{"@id":"https:\/\/landioustravel.com\/it\/#organization"},"potentialAction":[{"@type":"SearchAction","target":{"@type":"EntryPoint","urlTemplate":"https:\/\/landioustravel.com\/it\/?s={search_term_string}"},"query-input":{"@type":"PropertyValueSpecification","valueRequired":true,"valueName":"search_term_string"}}],"inLanguage":"it-IT"},{"@type":["Organization","Place"],"@id":"https:\/\/landioustravel.com\/it\/#organization","name":"Landious Travel","alternateName":"Landious Travel","url":"https:\/\/landioustravel.com\/it\/","logo":{"@id":"https:\/\/landioustravel.com\/it\/shop\/moto-safari-tre-ore-sharm\/#local-main-organization-logo"},"image":{"@id":"https:\/\/landioustravel.com\/it\/shop\/moto-safari-tre-ore-sharm\/#local-main-organization-logo"},"sameAs":["https:\/\/web.facebook.com\/landiousEgypt","https:\/\/x.com\/LandiousTours","https:\/\/mastodon.social\/@landious"],"legalName":"Landious Travel","telephone":[],"openingHoursSpecification":[{"@type":"OpeningHoursSpecification","dayOfWeek":["Monday","Tuesday","Wednesday","Thursday","Friday","Saturday","Sunday"],"opens":"09:00","closes":"17:00"}]},{"@type":"ImageObject","inLanguage":"it-IT","@id":"https:\/\/landioustravel.com\/it\/shop\/moto-safari-tre-ore-sharm\/#local-main-organization-logo","url":"https:\/\/i0.wp.com\/landioustravel.com\/wp-content\/uploads\/2021\/06\/Landious-T.png?fit=500%2C500&ssl=1","contentUrl":"https:\/\/i0.wp.com\/landioustravel.com\/wp-content\/uploads\/2021\/06\/Landious-T.png?fit=500%2C500&ssl=1","width":500,"height":500,"caption":"Landious Travel"}]}},"jetpack_publicize_connections":[],"uagb_featured_image_src":{"full":["https:\/\/i0.wp.com\/landioustravel.com\/wp-content\/uploads\/2019\/03\/Three-Hours-Moto-Safari-Sharm-El-Sheikh-e1669333340567.jpg?fit=1200%2C673&ssl=1",1200,673,false],"thumbnail":["https:\/\/i0.wp.com\/landioustravel.com\/wp-content\/uploads\/2019\/03\/Three-Hours-Moto-Safari-Sharm-El-Sheikh-e1669333340567.jpg?resize=150%2C150&ssl=1",150,150,true],"medium":["https:\/\/i0.wp.com\/landioustravel.com\/wp-content\/uploads\/2019\/03\/Three-Hours-Moto-Safari-Sharm-El-Sheikh-e1669333340567.jpg?fit=300%2C168&ssl=1",300,168,true],"medium_large":["https:\/\/i0.wp.com\/landioustravel.com\/wp-content\/uploads\/2019\/03\/Three-Hours-Moto-Safari-Sharm-El-Sheikh-e1669333340567.jpg?fit=768%2C431&ssl=1",768,431,true],"large":["https:\/\/i0.wp.com\/landioustravel.com\/wp-content\/uploads\/2019\/03\/Three-Hours-Moto-Safari-Sharm-El-Sheikh-e1669333340567.jpg?fit=980%2C549&ssl=1",980,549,true],"1536x1536":["https:\/\/i0.wp.com\/landioustravel.com\/wp-content\/uploads\/2019\/03\/Three-Hours-Moto-Safari-Sharm-El-Sheikh-e1669333340567.jpg?fit=1200%2C673&ssl=1",1200,673,true],"2048x2048":["https:\/\/i0.wp.com\/landioustravel.com\/wp-content\/uploads\/2019\/03\/Three-Hours-Moto-Safari-Sharm-El-Sheikh-e1669333340567.jpg?fit=1200%2C673&ssl=1",1200,673,true],"newspack-article-block-landscape-large":["https:\/\/i0.wp.com\/landioustravel.com\/wp-content\/uploads\/2019\/03\/Three-Hours-Moto-Safari-Sharm-El-Sheikh-e1669333340567.jpg?resize=1200%2C673&ssl=1",1200,673,true],"newspack-article-block-portrait-large":["https:\/\/i0.wp.com\/landioustravel.com\/wp-content\/uploads\/2019\/03\/Three-Hours-Moto-Safari-Sharm-El-Sheikh-e1669333340567.jpg?resize=900%2C673&ssl=1",900,673,true],"newspack-article-block-square-large":["https:\/\/i0.wp.com\/landioustravel.com\/wp-content\/uploads\/2019\/03\/Three-Hours-Moto-Safari-Sharm-El-Sheikh-e1669333340567.jpg?resize=1200%2C673&ssl=1",1200,673,true],"newspack-article-block-landscape-medium":["https:\/\/i0.wp.com\/landioustravel.com\/wp-content\/uploads\/2019\/03\/Three-Hours-Moto-Safari-Sharm-El-Sheikh-e1669333340567.jpg?resize=800%2C600&ssl=1",800,600,true],"newspack-article-block-portrait-medium":["https:\/\/i0.wp.com\/landioustravel.com\/wp-content\/uploads\/2019\/03\/Three-Hours-Moto-Safari-Sharm-El-Sheikh-e1669333340567.jpg?resize=600%2C673&ssl=1",600,673,true],"newspack-article-block-square-medium":["https:\/\/i0.wp.com\/landioustravel.com\/wp-content\/uploads\/2019\/03\/Three-Hours-Moto-Safari-Sharm-El-Sheikh-e1669333340567.jpg?resize=800%2C673&ssl=1",800,673,true],"newspack-article-block-landscape-intermediate":["https:\/\/i0.wp.com\/landioustravel.com\/wp-content\/uploads\/2019\/03\/Three-Hours-Moto-Safari-Sharm-El-Sheikh-e1669333340567.jpg?resize=600%2C450&ssl=1",600,450,true],"newspack-article-block-portrait-intermediate":["https:\/\/i0.wp.com\/landioustravel.com\/wp-content\/uploads\/2019\/03\/Three-Hours-Moto-Safari-Sharm-El-Sheikh-e1669333340567.jpg?resize=450%2C600&ssl=1",450,600,true],"newspack-article-block-square-intermediate":["https:\/\/i0.wp.com\/landioustravel.com\/wp-content\/uploads\/2019\/03\/Three-Hours-Moto-Safari-Sharm-El-Sheikh-e1669333340567.jpg?resize=600%2C600&ssl=1",600,600,true],"newspack-article-block-landscape-small":["https:\/\/i0.wp.com\/landioustravel.com\/wp-content\/uploads\/2019\/03\/Three-Hours-Moto-Safari-Sharm-El-Sheikh-e1669333340567.jpg?resize=400%2C300&ssl=1",400,300,true],"newspack-article-block-portrait-small":["https:\/\/i0.wp.com\/landioustravel.com\/wp-content\/uploads\/2019\/03\/Three-Hours-Moto-Safari-Sharm-El-Sheikh-e1669333340567.jpg?resize=300%2C400&ssl=1",300,400,true],"newspack-article-block-square-small":["https:\/\/i0.wp.com\/landioustravel.com\/wp-content\/uploads\/2019\/03\/Three-Hours-Moto-Safari-Sharm-El-Sheikh-e1669333340567.jpg?resize=400%2C400&ssl=1",400,400,true],"newspack-article-block-landscape-tiny":["https:\/\/i0.wp.com\/landioustravel.com\/wp-content\/uploads\/2019\/03\/Three-Hours-Moto-Safari-Sharm-El-Sheikh-e1669333340567.jpg?resize=200%2C150&ssl=1",200,150,true],"newspack-article-block-portrait-tiny":["https:\/\/i0.wp.com\/landioustravel.com\/wp-content\/uploads\/2019\/03\/Three-Hours-Moto-Safari-Sharm-El-Sheikh-e1669333340567.jpg?resize=150%2C200&ssl=1",150,200,true],"newspack-article-block-square-tiny":["https:\/\/i0.wp.com\/landioustravel.com\/wp-content\/uploads\/2019\/03\/Three-Hours-Moto-Safari-Sharm-El-Sheikh-e1669333340567.jpg?resize=200%2C200&ssl=1",200,200,true],"newspack-article-block-uncropped":["https:\/\/i0.wp.com\/landioustravel.com\/wp-content\/uploads\/2019\/03\/Three-Hours-Moto-Safari-Sharm-El-Sheikh-e1669333340567.jpg?fit=1200%2C673&ssl=1",1200,673,true],"woocommerce_thumbnail":["https:\/\/i0.wp.com\/landioustravel.com\/wp-content\/uploads\/2019\/03\/Three-Hours-Moto-Safari-Sharm-El-Sheikh-e1669333340567.jpg?resize=324%2C324&ssl=1",324,324,true],"woocommerce_single":["https:\/\/i0.wp.com\/landioustravel.com\/wp-content\/uploads\/2019\/03\/Three-Hours-Moto-Safari-Sharm-El-Sheikh-e1669333340567.jpg?fit=416%2C233&ssl=1",416,233,true],"woocommerce_gallery_thumbnail":["https:\/\/i0.wp.com\/landioustravel.com\/wp-content\/uploads\/2019\/03\/Three-Hours-Moto-Safari-Sharm-El-Sheikh-e1669333340567.jpg?resize=100%2C100&ssl=1",100,100,true]},"uagb_author_info":{"display_name":"Mofreh Landious","author_link":"https:\/\/landioustravel.com\/it\/author\/"},"uagb_comment_info":7,"uagb_excerpt":"Parti per un'esperienza davvero indimenticabile con un'escursione safari in buggy sulla spiaggia di tre ore a Sharm el-Sheikh! Questa avventura ti garantisce la possibilit\u00e0 di guidare un quad per 50 km nel deserto, il tutto mentre conosci la splendida natura della penisola del Sinai. Avrai anche l'opportunit\u00e0 di condividere una tazza di t\u00e8 con gli&hellip;","jetpack_sharing_enabled":true,"jetpack_likes_enabled":true,"amp_enabled":true,"_links":{"self":[{"href":"https:\/\/landioustravel.com\/it\/wp-json\/wp\/v2\/product\/2945","targetHints":{"allow":["GET"]}}],"collection":[{"href":"https:\/\/landioustravel.com\/it\/wp-json\/wp\/v2\/product"}],"about":[{"href":"https:\/\/landioustravel.com\/it\/wp-json\/wp\/v2\/types\/product"}],"replies":[{"embeddable":true,"href":"https:\/\/landioustravel.com\/it\/wp-json\/wp\/v2\/comments?post=2945"}],"wp:featuredmedia":[{"embeddable":true,"href":"https:\/\/landioustravel.com\/it\/wp-json\/wp\/v2\/media\/99583"}],"wp:attachment":[{"href":"https:\/\/landioustravel.com\/it\/wp-json\/wp\/v2\/media?parent=2945"}],"wp:term":[{"taxonomy":"product_brand","embeddable":true,"href":"https:\/\/landioustravel.com\/it\/wp-json\/wp\/v2\/product_brand?post=2945"},{"taxonomy":"product_cat","embeddable":true,"href":"https:\/\/landioustravel.com\/it\/wp-json\/wp\/v2\/product_cat?post=2945"},{"taxonomy":"product_tag","embeddable":true,"href":"https:\/\/landioustravel.com\/it\/wp-json\/wp\/v2\/product_tag?post=2945"}],"curies":[{"name":"wp","href":"https:\/\/api.w.org\/{rel}","templated":true}]}}