{"id":3798,"date":"2019-04-05T17:41:30","date_gmt":"2019-04-05T15:41:33","guid":{"rendered":"https:\/\/landioustravel.com\/?post_type=product&#038;p=3798"},"modified":"2024-04-23T19:13:55","modified_gmt":"2024-04-23T17:13:55","slug":"escursione-individuale-cairo-hurghada","status":"publish","type":"product","link":"https:\/\/landioustravel.com\/it\/shop\/escursione-individuale-cairo-hurghada\/","title":{"rendered":"Escursione individuale al Cairo da Hurghada"},"content":{"rendered":"<p>Un meraviglioso viaggio privato al Cairo dalla localit\u00e0 di Hurghada! Raccomandiamo l&#8217;escursione perch\u00e9 consente ai turisti di vedere i luoghi pi\u00f9 suggestivi costruiti durante l&#8217;antico Egitto e di saperne di pi\u00f9 sulla storia del paese.<\/p>\n<h2>Principali programmi di escursione al Cairo<\/h2>\n<ul>\n<li>Visita al Museo Egizio al Cairo<\/li>\n<li>Pranzo<\/li>\n<li>Visita le tre piramidi di Giza<\/li>\n<li>E, la Grande Sfinge nel complesso piramidale<\/li>\n<\/ul>\n<h3>Programma dell&#8217;escursione al Cairo-Giza da Hurghada<\/h3>\n<ul>\n<li>Prendi l&#8217;hotel intorno alle 02:00 del mattino<\/li>\n<li>Dopo averti preso, il tuo veicolo privato (Limousine o minibus) parte per Il Cairo passando per la citt\u00e0 di Ras Ghareb, Zafarana, Ain Sokhna e Suez. Tutte queste citt\u00e0 sono a nord di Hurghada, sulla costa del Mar Rosso. La strada, dal centro di Hurghada al Cairo, dura circa 6 ore<\/li>\n<\/ul>\n<h4>Programma al Cairo<\/h4>\n<ul>\n<li>Non appena arrivi al Cairo, mostriamo il Museo Egizio. La tua guida avr\u00e0 il compito di mostrare le meravigliose mostre di questo museo e dare il tempo libero per fare foto<\/li>\n<li>Dopo aver visitato il Museo Egizio al Cairo, puoi scegliere di fare la gita in barca sul Nilo. Questo \u00e8 un programma aggiuntivo a pagamento! Non appena finisce il giro in barca sul Nilo, ti stai dirigendo verso un&#8217;altra citt\u00e0, Giza<\/li>\n<\/ul>\n<h4>Programma a Giza<\/h4>\n<ul>\n<li>Il viaggio continua a Giza. La prima tappa, l\u00ec, sar\u00e0 al ristorante. Offre un buffet<\/li>\n<li>Dopo pranzo, ti dirigerai verso il complesso delle piramidi, dove ci sono tre grandi piramidi e Sfinge. La tua guida li mostra e d\u00e0 il tempo libero per scattare una foto<\/li>\n<li>Parti di nuovo ad Hurghada dopo questo programma nelle meravigliose citt\u00e0 del Cairo e di Giza.<\/li>\n<\/ul>\n<h4>Cosa \u00e8 incluso nel prezzo del tour<\/h4>\n<ul>\n<li>I biglietti per visitare i templi<\/li>\n<li>Pranzo<\/li>\n<li>Bevande<\/li>\n<li>Guida privata<\/li>\n<li>Veicolo privato con aria condizionata<\/li>\n<\/ul>\n<h5>Cosa non \u00e8 incluso nel prezzo del tour<\/h5>\n<ul>\n<li>Programmi aggiuntivi se non inclusi nel programma sopra<\/li>\n<\/ul>\n<h6>COSA PORTARE CON TE PER IL VIAGGIO<\/h6>\n<ul>\n<li>Scatola della colazione<\/li>\n<li>Vestiti per la stagione<\/li>\n<\/ul>\n<h6>GIORNI DI ORGANIZZAZIONE DI ESCURSIONE<\/h6>\n<ul>\n<li>Tutti i giorni dalle 02:00 alle 22:00<\/li>\n<\/ul>\n","protected":false},"excerpt":{"rendered":"<p>Comprendiamo che sei interessato a vedere le tre piramidi di Giza e la Grande Sfinge durante il tuo viaggio individuale al Cairo da Hurghada. Siamo qui per assicurarti un&#8217;esperienza sicura e piacevole. Dopo aver visitato questi incredibili punti di riferimento, avrai la possibilit\u00e0 di rilassarti e goderti un delizioso pranzo prima di andare al Museo Egizio. Per concludere la giornata, abbiamo incluso come programma aggiuntivo una gita in barca sul Nilo. Il nostro prezzo del viaggio include trasferimenti privati, biglietti d&#8217;ingresso e pranzo, quindi non dovrai preoccuparti di nulla. Il nostro tour guidato di un&#8217;intera giornata al Cairo e alle piramidi di Giza \u00e8 perfetto per i viaggiatori con un programma serrato che vogliono vedere tutte le principali attrazioni della capitale ricca di storia dell&#8217;Egitto. La tua guida egittologa fornir\u00e0 storie affascinanti di migliaia di anni di storia e abbiamo incluso il tempo libero per le foto alle Piramidi di Giza e alla Sfinge. Potrai anche dare un&#8217;occhiata alle famose reliquie del re Tutankhamon al Museo Egizio di fama mondiale e goderti un gustoso pranzo al ristorante. Il nostro rappresentante verr\u00e0 a prenderti alle 3:00 dalla hall del tuo hotel a Hurghada e ti consigliamo di ordinare un cestino per la colazione prima di andare a letto in modo da poterlo gustare durante il viaggio di quattro ore al Cairo. All&#8217;arrivo, la tua guida si unir\u00e0 a te per la giornata, assicurandoti un&#8217;esperienza confortevole e senza stress. L&#8217;altopiano di Giza \u00e8 uno spettacolo davvero travolgente e vogliamo assicurarci che tu abbia il tempo di ammirarlo tutto. Il Museo Egizio \u00e8 uno dei pi\u00f9 grandi musei del mondo e la nostra guida fornir\u00e0 approfondimenti sull&#8217;affascinante collezione di pi\u00f9 di 120 mila pezzi. Il museo si affaccia su Al Tahrir Square, che ha assistito alla rivoluzione egiziana nel 2011 e alla sua seconda ondata nel 2013. Comprendiamo che questo viaggio \u00e8 importante per te e ci impegniamo a renderlo un&#8217;esperienza memorabile e piacevole.<\/p>\n","protected":false},"featured_media":143363,"comment_status":"open","ping_status":"closed","template":"","meta":{"_coblocks_attr":"","_coblocks_dimensions":"","_coblocks_responsive_height":"","_coblocks_accordion_ie_support":"","_uag_custom_page_level_css":"","jetpack_post_was_ever_published":false,"jetpack_publicize_message":"","jetpack_publicize_feature_enabled":true,"jetpack_social_post_already_shared":true,"jetpack_social_options":{"image_generator_settings":{"template":"highway","default_image_id":0,"font":"","enabled":false},"version":2},"_wpas_customize_per_network":false},"product_brand":[],"product_cat":[8565,1636,22513,22529,22527,23516,22541,23515],"product_tag":[1644,2145,1643,1645,1646,9910],"class_list":{"0":"post-3798","1":"product","2":"type-product","3":"status-publish","4":"has-post-thumbnail","6":"product_cat-escursioni-individuali-hurghada","7":"product_cat-escursioni-storiche-hurghada","8":"product_cat-hurghada-escursioni-cairo","9":"product_cat-hurghada-tour-piramidi","10":"product_cat-tour-giorno-hurghada-cairo","11":"product_cat-tour-giornalieri-privati-hurghada-cairo","12":"product_cat-tour-privati-hurghada-piramidi","13":"product_cat-visite-turistiche-private-hurghada","14":"product_tag-escursione","15":"product_tag-escursioni-da-hurghada","16":"product_tag-il-cairo","17":"product_tag-piramidi","18":"product_tag-sfinge","19":"product_tag-visita-turistica","21":"first","22":"instock","23":"sale","24":"purchasable","25":"product-type-variable"},"yoast_head":"<!-- This site is optimized with the Yoast SEO Premium plugin v26.9 (Yoast SEO v27.3) - https:\/\/yoast.com\/product\/yoast-seo-premium-wordpress\/ -->\n<title>Escursione individuale al Cairo da Hurghada<\/title>\n<meta name=\"description\" content=\"Escursione individuale al Cairo da Hurghada si dirige verso le tre grandi piramidi e la Grande Sfinge a Giza e il Museo Egizio al Cairo\" \/>\n<meta name=\"robots\" content=\"index, follow, max-snippet:-1, max-image-preview:large, max-video-preview:-1\" \/>\n<link rel=\"canonical\" href=\"https:\/\/landioustravel.com\/it\/shop\/escursione-individuale-cairo-hurghada\/\" \/>\n<meta property=\"og:locale\" content=\"it_IT\" \/>\n<meta property=\"og:type\" content=\"article\" \/>\n<meta property=\"og:title\" content=\"Escursione individuale al Cairo da Hurghada\" \/>\n<meta property=\"og:description\" content=\"Landious Travel\" \/>\n<meta property=\"og:url\" content=\"https:\/\/landioustravel.com\/it\/shop\/escursione-individuale-cairo-hurghada\/\" \/>\n<meta property=\"og:site_name\" content=\"Landious Travel\" \/>\n<meta property=\"article:publisher\" content=\"https:\/\/web.facebook.com\/landiousEgypt\" \/>\n<meta property=\"article:modified_time\" content=\"2024-04-23T17:13:55+00:00\" \/>\n<meta property=\"og:image\" content=\"https:\/\/i0.wp.com\/landioustravel.com\/wp-content\/uploads\/2019\/04\/Cairo-Individual-Trip-Hurghada-1-e1673840237170.jpg?fit=1200%2C675&ssl=1\" \/>\n\t<meta property=\"og:image:width\" content=\"1200\" \/>\n\t<meta property=\"og:image:height\" content=\"675\" \/>\n\t<meta property=\"og:image:type\" content=\"image\/jpeg\" \/>\n<meta name=\"twitter:card\" content=\"summary_large_image\" \/>\n<meta name=\"twitter:site\" content=\"@LandiousTours\" \/>\n<meta name=\"twitter:label1\" content=\"Tempo di lettura stimato\" \/>\n\t<meta name=\"twitter:data1\" content=\"2 minuti\" \/>\n<script type=\"application\/ld+json\" class=\"yoast-schema-graph\">{\"@context\":\"https:\\\/\\\/schema.org\",\"@graph\":[{\"@type\":\"WebPage\",\"@id\":\"https:\\\/\\\/landioustravel.com\\\/it\\\/shop\\\/escursione-individuale-cairo-hurghada\\\/\",\"url\":\"https:\\\/\\\/landioustravel.com\\\/it\\\/shop\\\/escursione-individuale-cairo-hurghada\\\/\",\"name\":\"Escursione individuale al Cairo da Hurghada\",\"isPartOf\":{\"@id\":\"https:\\\/\\\/landioustravel.com\\\/it\\\/#website\"},\"primaryImageOfPage\":{\"@id\":\"https:\\\/\\\/landioustravel.com\\\/it\\\/shop\\\/escursione-individuale-cairo-hurghada\\\/#primaryimage\"},\"image\":{\"@id\":\"https:\\\/\\\/landioustravel.com\\\/it\\\/shop\\\/escursione-individuale-cairo-hurghada\\\/#primaryimage\"},\"thumbnailUrl\":\"https:\\\/\\\/i0.wp.com\\\/landioustravel.com\\\/wp-content\\\/uploads\\\/2019\\\/04\\\/Cairo-Individual-Trip-Hurghada-1-e1673840237170.jpg?fit=1200%2C675&ssl=1\",\"datePublished\":\"2019-04-05T15:41:33+00:00\",\"dateModified\":\"2024-04-23T17:13:55+00:00\",\"description\":\"Escursione individuale al Cairo da Hurghada si dirige verso le tre grandi piramidi e la Grande Sfinge a Giza e il Museo Egizio al Cairo\",\"breadcrumb\":{\"@id\":\"https:\\\/\\\/landioustravel.com\\\/it\\\/shop\\\/escursione-individuale-cairo-hurghada\\\/#breadcrumb\"},\"inLanguage\":\"it-IT\",\"potentialAction\":[{\"@type\":\"ReadAction\",\"target\":[\"https:\\\/\\\/landioustravel.com\\\/it\\\/shop\\\/escursione-individuale-cairo-hurghada\\\/\"]}]},{\"@type\":\"ImageObject\",\"inLanguage\":\"it-IT\",\"@id\":\"https:\\\/\\\/landioustravel.com\\\/it\\\/shop\\\/escursione-individuale-cairo-hurghada\\\/#primaryimage\",\"url\":\"https:\\\/\\\/i0.wp.com\\\/landioustravel.com\\\/wp-content\\\/uploads\\\/2019\\\/04\\\/Cairo-Individual-Trip-Hurghada-1-e1673840237170.jpg?fit=1200%2C675&ssl=1\",\"contentUrl\":\"https:\\\/\\\/i0.wp.com\\\/landioustravel.com\\\/wp-content\\\/uploads\\\/2019\\\/04\\\/Cairo-Individual-Trip-Hurghada-1-e1673840237170.jpg?fit=1200%2C675&ssl=1\",\"width\":1200,\"height\":675,\"caption\":\"Cairo Individual Trip Hurghada\"},{\"@type\":\"BreadcrumbList\",\"@id\":\"https:\\\/\\\/landioustravel.com\\\/it\\\/shop\\\/escursione-individuale-cairo-hurghada\\\/#breadcrumb\",\"itemListElement\":[{\"@type\":\"ListItem\",\"position\":1,\"name\":\"Home\",\"item\":\"https:\\\/\\\/landioustravel.com\\\/it\\\/\"},{\"@type\":\"ListItem\",\"position\":2,\"name\":\"Tour in Egitto\",\"item\":\"https:\\\/\\\/landioustravel.com\\\/it\\\/\"},{\"@type\":\"ListItem\",\"position\":3,\"name\":\"Escursione individuale al Cairo da Hurghada\"}]},{\"@type\":\"WebSite\",\"@id\":\"https:\\\/\\\/landioustravel.com\\\/it\\\/#website\",\"url\":\"https:\\\/\\\/landioustravel.com\\\/it\\\/\",\"name\":\"Landious Travel\",\"description\":\"Excursions, trips and cruises in Egypt\",\"publisher\":{\"@id\":\"https:\\\/\\\/landioustravel.com\\\/it\\\/#organization\"},\"potentialAction\":[{\"@type\":\"SearchAction\",\"target\":{\"@type\":\"EntryPoint\",\"urlTemplate\":\"https:\\\/\\\/landioustravel.com\\\/it\\\/?s={search_term_string}\"},\"query-input\":{\"@type\":\"PropertyValueSpecification\",\"valueRequired\":true,\"valueName\":\"search_term_string\"}}],\"inLanguage\":\"it-IT\"},{\"@type\":[\"Organization\",\"Place\"],\"@id\":\"https:\\\/\\\/landioustravel.com\\\/it\\\/#organization\",\"name\":\"Landious Travel\",\"alternateName\":\"Landious Travel\",\"url\":\"https:\\\/\\\/landioustravel.com\\\/it\\\/\",\"logo\":{\"@id\":\"https:\\\/\\\/landioustravel.com\\\/it\\\/shop\\\/escursione-individuale-cairo-hurghada\\\/#local-main-organization-logo\"},\"image\":{\"@id\":\"https:\\\/\\\/landioustravel.com\\\/it\\\/shop\\\/escursione-individuale-cairo-hurghada\\\/#local-main-organization-logo\"},\"sameAs\":[\"https:\\\/\\\/web.facebook.com\\\/landiousEgypt\",\"https:\\\/\\\/x.com\\\/LandiousTours\",\"https:\\\/\\\/mastodon.social\\\/@landious\"],\"legalName\":\"Landious Travel\",\"telephone\":[],\"openingHoursSpecification\":[{\"@type\":\"OpeningHoursSpecification\",\"dayOfWeek\":[\"Monday\",\"Tuesday\",\"Wednesday\",\"Thursday\",\"Friday\",\"Saturday\",\"Sunday\"],\"opens\":\"09:00\",\"closes\":\"17:00\"}]},{\"@type\":\"ImageObject\",\"inLanguage\":\"it-IT\",\"@id\":\"https:\\\/\\\/landioustravel.com\\\/it\\\/shop\\\/escursione-individuale-cairo-hurghada\\\/#local-main-organization-logo\",\"url\":\"https:\\\/\\\/i0.wp.com\\\/landioustravel.com\\\/wp-content\\\/uploads\\\/2021\\\/06\\\/Landious-T.png?fit=500%2C500&ssl=1\",\"contentUrl\":\"https:\\\/\\\/i0.wp.com\\\/landioustravel.com\\\/wp-content\\\/uploads\\\/2021\\\/06\\\/Landious-T.png?fit=500%2C500&ssl=1\",\"width\":500,\"height\":500,\"caption\":\"Landious Travel\"}]}<\/script>\n<!-- \/ Yoast SEO Premium plugin. -->","yoast_head_json":{"title":"Escursione individuale al Cairo da Hurghada","description":"Escursione individuale al Cairo da Hurghada si dirige verso le tre grandi piramidi e la Grande Sfinge a Giza e il Museo Egizio al Cairo","robots":{"index":"index","follow":"follow","max-snippet":"max-snippet:-1","max-image-preview":"max-image-preview:large","max-video-preview":"max-video-preview:-1"},"canonical":"https:\/\/landioustravel.com\/it\/shop\/escursione-individuale-cairo-hurghada\/","og_locale":"it_IT","og_type":"article","og_title":"Escursione individuale al Cairo da Hurghada","og_description":"Landious Travel","og_url":"https:\/\/landioustravel.com\/it\/shop\/escursione-individuale-cairo-hurghada\/","og_site_name":"Landious Travel","article_publisher":"https:\/\/web.facebook.com\/landiousEgypt","article_modified_time":"2024-04-23T17:13:55+00:00","og_image":[{"width":1200,"height":675,"url":"https:\/\/i0.wp.com\/landioustravel.com\/wp-content\/uploads\/2019\/04\/Cairo-Individual-Trip-Hurghada-1-e1673840237170.jpg?fit=1200%2C675&ssl=1","type":"image\/jpeg"}],"twitter_card":"summary_large_image","twitter_site":"@LandiousTours","twitter_misc":{"Tempo di lettura stimato":"2 minuti"},"schema":{"@context":"https:\/\/schema.org","@graph":[{"@type":"WebPage","@id":"https:\/\/landioustravel.com\/it\/shop\/escursione-individuale-cairo-hurghada\/","url":"https:\/\/landioustravel.com\/it\/shop\/escursione-individuale-cairo-hurghada\/","name":"Escursione individuale al Cairo da Hurghada","isPartOf":{"@id":"https:\/\/landioustravel.com\/it\/#website"},"primaryImageOfPage":{"@id":"https:\/\/landioustravel.com\/it\/shop\/escursione-individuale-cairo-hurghada\/#primaryimage"},"image":{"@id":"https:\/\/landioustravel.com\/it\/shop\/escursione-individuale-cairo-hurghada\/#primaryimage"},"thumbnailUrl":"https:\/\/i0.wp.com\/landioustravel.com\/wp-content\/uploads\/2019\/04\/Cairo-Individual-Trip-Hurghada-1-e1673840237170.jpg?fit=1200%2C675&ssl=1","datePublished":"2019-04-05T15:41:33+00:00","dateModified":"2024-04-23T17:13:55+00:00","description":"Escursione individuale al Cairo da Hurghada si dirige verso le tre grandi piramidi e la Grande Sfinge a Giza e il Museo Egizio al Cairo","breadcrumb":{"@id":"https:\/\/landioustravel.com\/it\/shop\/escursione-individuale-cairo-hurghada\/#breadcrumb"},"inLanguage":"it-IT","potentialAction":[{"@type":"ReadAction","target":["https:\/\/landioustravel.com\/it\/shop\/escursione-individuale-cairo-hurghada\/"]}]},{"@type":"ImageObject","inLanguage":"it-IT","@id":"https:\/\/landioustravel.com\/it\/shop\/escursione-individuale-cairo-hurghada\/#primaryimage","url":"https:\/\/i0.wp.com\/landioustravel.com\/wp-content\/uploads\/2019\/04\/Cairo-Individual-Trip-Hurghada-1-e1673840237170.jpg?fit=1200%2C675&ssl=1","contentUrl":"https:\/\/i0.wp.com\/landioustravel.com\/wp-content\/uploads\/2019\/04\/Cairo-Individual-Trip-Hurghada-1-e1673840237170.jpg?fit=1200%2C675&ssl=1","width":1200,"height":675,"caption":"Cairo Individual Trip Hurghada"},{"@type":"BreadcrumbList","@id":"https:\/\/landioustravel.com\/it\/shop\/escursione-individuale-cairo-hurghada\/#breadcrumb","itemListElement":[{"@type":"ListItem","position":1,"name":"Home","item":"https:\/\/landioustravel.com\/it\/"},{"@type":"ListItem","position":2,"name":"Tour in Egitto","item":"https:\/\/landioustravel.com\/it\/"},{"@type":"ListItem","position":3,"name":"Escursione individuale al Cairo da Hurghada"}]},{"@type":"WebSite","@id":"https:\/\/landioustravel.com\/it\/#website","url":"https:\/\/landioustravel.com\/it\/","name":"Landious Travel","description":"Excursions, trips and cruises in Egypt","publisher":{"@id":"https:\/\/landioustravel.com\/it\/#organization"},"potentialAction":[{"@type":"SearchAction","target":{"@type":"EntryPoint","urlTemplate":"https:\/\/landioustravel.com\/it\/?s={search_term_string}"},"query-input":{"@type":"PropertyValueSpecification","valueRequired":true,"valueName":"search_term_string"}}],"inLanguage":"it-IT"},{"@type":["Organization","Place"],"@id":"https:\/\/landioustravel.com\/it\/#organization","name":"Landious Travel","alternateName":"Landious Travel","url":"https:\/\/landioustravel.com\/it\/","logo":{"@id":"https:\/\/landioustravel.com\/it\/shop\/escursione-individuale-cairo-hurghada\/#local-main-organization-logo"},"image":{"@id":"https:\/\/landioustravel.com\/it\/shop\/escursione-individuale-cairo-hurghada\/#local-main-organization-logo"},"sameAs":["https:\/\/web.facebook.com\/landiousEgypt","https:\/\/x.com\/LandiousTours","https:\/\/mastodon.social\/@landious"],"legalName":"Landious Travel","telephone":[],"openingHoursSpecification":[{"@type":"OpeningHoursSpecification","dayOfWeek":["Monday","Tuesday","Wednesday","Thursday","Friday","Saturday","Sunday"],"opens":"09:00","closes":"17:00"}]},{"@type":"ImageObject","inLanguage":"it-IT","@id":"https:\/\/landioustravel.com\/it\/shop\/escursione-individuale-cairo-hurghada\/#local-main-organization-logo","url":"https:\/\/i0.wp.com\/landioustravel.com\/wp-content\/uploads\/2021\/06\/Landious-T.png?fit=500%2C500&ssl=1","contentUrl":"https:\/\/i0.wp.com\/landioustravel.com\/wp-content\/uploads\/2021\/06\/Landious-T.png?fit=500%2C500&ssl=1","width":500,"height":500,"caption":"Landious Travel"}]}},"jetpack_publicize_connections":[],"uagb_featured_image_src":{"full":["https:\/\/i0.wp.com\/landioustravel.com\/wp-content\/uploads\/2019\/04\/Cairo-Individual-Trip-Hurghada-1-e1673840237170.jpg?fit=1200%2C675&ssl=1",1200,675,false],"thumbnail":["https:\/\/i0.wp.com\/landioustravel.com\/wp-content\/uploads\/2019\/04\/Cairo-Individual-Trip-Hurghada-1-e1673840237170.jpg?resize=150%2C150&ssl=1",150,150,true],"medium":["https:\/\/i0.wp.com\/landioustravel.com\/wp-content\/uploads\/2019\/04\/Cairo-Individual-Trip-Hurghada-1-e1673840237170.jpg?fit=300%2C169&ssl=1",300,169,true],"medium_large":["https:\/\/i0.wp.com\/landioustravel.com\/wp-content\/uploads\/2019\/04\/Cairo-Individual-Trip-Hurghada-1-e1673840237170.jpg?fit=768%2C432&ssl=1",768,432,true],"large":["https:\/\/i0.wp.com\/landioustravel.com\/wp-content\/uploads\/2019\/04\/Cairo-Individual-Trip-Hurghada-1-e1673840237170.jpg?fit=980%2C551&ssl=1",980,551,true],"1536x1536":["https:\/\/i0.wp.com\/landioustravel.com\/wp-content\/uploads\/2019\/04\/Cairo-Individual-Trip-Hurghada-1-e1673840237170.jpg?fit=1536%2C864&ssl=1",1536,864,true],"2048x2048":["https:\/\/i0.wp.com\/landioustravel.com\/wp-content\/uploads\/2019\/04\/Cairo-Individual-Trip-Hurghada-1-e1673840237170.jpg?fit=2048%2C1152&ssl=1",2048,1152,true],"newspack-article-block-landscape-large":["https:\/\/i0.wp.com\/landioustravel.com\/wp-content\/uploads\/2019\/04\/Cairo-Individual-Trip-Hurghada-1-e1673840237170.jpg?resize=1200%2C675&ssl=1",1200,675,true],"newspack-article-block-portrait-large":["https:\/\/i0.wp.com\/landioustravel.com\/wp-content\/uploads\/2019\/04\/Cairo-Individual-Trip-Hurghada-1-e1673840237170.jpg?resize=900%2C675&ssl=1",900,675,true],"newspack-article-block-square-large":["https:\/\/i0.wp.com\/landioustravel.com\/wp-content\/uploads\/2019\/04\/Cairo-Individual-Trip-Hurghada-1-e1673840237170.jpg?resize=1200%2C675&ssl=1",1200,675,true],"newspack-article-block-landscape-medium":["https:\/\/i0.wp.com\/landioustravel.com\/wp-content\/uploads\/2019\/04\/Cairo-Individual-Trip-Hurghada-1-e1673840237170.jpg?resize=800%2C600&ssl=1",800,600,true],"newspack-article-block-portrait-medium":["https:\/\/i0.wp.com\/landioustravel.com\/wp-content\/uploads\/2019\/04\/Cairo-Individual-Trip-Hurghada-1-e1673840237170.jpg?resize=600%2C675&ssl=1",600,675,true],"newspack-article-block-square-medium":["https:\/\/i0.wp.com\/landioustravel.com\/wp-content\/uploads\/2019\/04\/Cairo-Individual-Trip-Hurghada-1-e1673840237170.jpg?resize=800%2C675&ssl=1",800,675,true],"newspack-article-block-landscape-intermediate":["https:\/\/i0.wp.com\/landioustravel.com\/wp-content\/uploads\/2019\/04\/Cairo-Individual-Trip-Hurghada-1-e1673840237170.jpg?resize=600%2C450&ssl=1",600,450,true],"newspack-article-block-portrait-intermediate":["https:\/\/i0.wp.com\/landioustravel.com\/wp-content\/uploads\/2019\/04\/Cairo-Individual-Trip-Hurghada-1-e1673840237170.jpg?resize=450%2C600&ssl=1",450,600,true],"newspack-article-block-square-intermediate":["https:\/\/i0.wp.com\/landioustravel.com\/wp-content\/uploads\/2019\/04\/Cairo-Individual-Trip-Hurghada-1-e1673840237170.jpg?resize=600%2C600&ssl=1",600,600,true],"newspack-article-block-landscape-small":["https:\/\/i0.wp.com\/landioustravel.com\/wp-content\/uploads\/2019\/04\/Cairo-Individual-Trip-Hurghada-1-e1673840237170.jpg?resize=400%2C300&ssl=1",400,300,true],"newspack-article-block-portrait-small":["https:\/\/i0.wp.com\/landioustravel.com\/wp-content\/uploads\/2019\/04\/Cairo-Individual-Trip-Hurghada-1-e1673840237170.jpg?resize=300%2C400&ssl=1",300,400,true],"newspack-article-block-square-small":["https:\/\/i0.wp.com\/landioustravel.com\/wp-content\/uploads\/2019\/04\/Cairo-Individual-Trip-Hurghada-1-e1673840237170.jpg?resize=400%2C400&ssl=1",400,400,true],"newspack-article-block-landscape-tiny":["https:\/\/i0.wp.com\/landioustravel.com\/wp-content\/uploads\/2019\/04\/Cairo-Individual-Trip-Hurghada-1-e1673840237170.jpg?resize=200%2C150&ssl=1",200,150,true],"newspack-article-block-portrait-tiny":["https:\/\/i0.wp.com\/landioustravel.com\/wp-content\/uploads\/2019\/04\/Cairo-Individual-Trip-Hurghada-1-e1673840237170.jpg?resize=150%2C200&ssl=1",150,200,true],"newspack-article-block-square-tiny":["https:\/\/i0.wp.com\/landioustravel.com\/wp-content\/uploads\/2019\/04\/Cairo-Individual-Trip-Hurghada-1-e1673840237170.jpg?resize=200%2C200&ssl=1",200,200,true],"newspack-article-block-uncropped":["https:\/\/i0.wp.com\/landioustravel.com\/wp-content\/uploads\/2019\/04\/Cairo-Individual-Trip-Hurghada-1-e1673840237170.jpg?fit=1200%2C675&ssl=1",1200,675,true],"woocommerce_thumbnail":["https:\/\/i0.wp.com\/landioustravel.com\/wp-content\/uploads\/2019\/04\/Cairo-Individual-Trip-Hurghada-1-e1673840237170.jpg?resize=324%2C324&ssl=1",324,324,true],"woocommerce_single":["https:\/\/i0.wp.com\/landioustravel.com\/wp-content\/uploads\/2019\/04\/Cairo-Individual-Trip-Hurghada-1-e1673840237170.jpg?fit=416%2C234&ssl=1",416,234,true],"woocommerce_gallery_thumbnail":["https:\/\/i0.wp.com\/landioustravel.com\/wp-content\/uploads\/2019\/04\/Cairo-Individual-Trip-Hurghada-1-e1673840237170.jpg?resize=100%2C100&ssl=1",100,100,true]},"uagb_author_info":{"display_name":"Mofreh Landious","author_link":"https:\/\/landioustravel.com\/it\/author\/"},"uagb_comment_info":7,"uagb_excerpt":"Comprendiamo che sei interessato a vedere le tre piramidi di Giza e la Grande Sfinge durante il tuo viaggio individuale al Cairo da Hurghada. Siamo qui per assicurarti un'esperienza sicura e piacevole. Dopo aver visitato questi incredibili punti di riferimento, avrai la possibilit\u00e0 di rilassarti e goderti un delizioso pranzo prima di andare al Museo&hellip;","jetpack_sharing_enabled":true,"jetpack_likes_enabled":true,"amp_enabled":true,"_links":{"self":[{"href":"https:\/\/landioustravel.com\/it\/wp-json\/wp\/v2\/product\/3798","targetHints":{"allow":["GET"]}}],"collection":[{"href":"https:\/\/landioustravel.com\/it\/wp-json\/wp\/v2\/product"}],"about":[{"href":"https:\/\/landioustravel.com\/it\/wp-json\/wp\/v2\/types\/product"}],"replies":[{"embeddable":true,"href":"https:\/\/landioustravel.com\/it\/wp-json\/wp\/v2\/comments?post=3798"}],"wp:featuredmedia":[{"embeddable":true,"href":"https:\/\/landioustravel.com\/it\/wp-json\/wp\/v2\/media\/143363"}],"wp:attachment":[{"href":"https:\/\/landioustravel.com\/it\/wp-json\/wp\/v2\/media?parent=3798"}],"wp:term":[{"taxonomy":"product_brand","embeddable":true,"href":"https:\/\/landioustravel.com\/it\/wp-json\/wp\/v2\/product_brand?post=3798"},{"taxonomy":"product_cat","embeddable":true,"href":"https:\/\/landioustravel.com\/it\/wp-json\/wp\/v2\/product_cat?post=3798"},{"taxonomy":"product_tag","embeddable":true,"href":"https:\/\/landioustravel.com\/it\/wp-json\/wp\/v2\/product_tag?post=3798"}],"curies":[{"name":"wp","href":"https:\/\/api.w.org\/{rel}","templated":true}]}}