{"id":3849,"date":"2019-04-06T15:43:38","date_gmt":"2019-04-06T13:43:49","guid":{"rendered":"https:\/\/landioustravel.com\/?post_type=product&#038;p=3849"},"modified":"2024-05-09T12:04:48","modified_gmt":"2024-05-09T09:04:48","slug":"viaggio-individuale-luxor-hurghada","status":"publish","type":"product","link":"https:\/\/landioustravel.com\/it\/shop\/viaggio-individuale-luxor-hurghada\/","title":{"rendered":"Viaggio individuale a Luxor da Hurghada"},"content":{"rendered":"<p>Un&#8217;escursione ricca e istruttiva a <a href=\"https:\/\/landioustravel.com\/it\/egitto\/citta-egiziane\/governatorato-luxor\/\">Luxor<\/a> &#8211; Valle dei Re dalla localit\u00e0 di Hurghada! Raccomandiamo il viaggio perch\u00e9 permette ai turisti di vedere un gran numero di antiche attrazioni egiziane. Inoltre, perch\u00e9 ti permette di conoscere molto sulla storia dell&#8217;antico Egitto!<\/p>\n<h2>I punti principali del programma escursione alla Valle dei Re<\/h2>\n<ul>\n<li>Tempio di Karnak nella citt\u00e0 dei viventi<\/li>\n<li>Pranzo<\/li>\n<li>Inoltre, i Colossi di Memnon nel tempio di Amenhotep III<\/li>\n<li>Il tempio della regina Hatshepsut<\/li>\n<li>E, una visita alla valle dei re nella citt\u00e0 dei morti<\/li>\n<\/ul>\n<h3>Il programma di escursioni a Luxor &#8211; Valle dei Re da Hurghada<\/h3>\n<ul>\n<li>Vi verremo a prendere dall&#8217;hotel alle 04:00 del mattino<\/li>\n<li>Dopo averti preso, l&#8217;autobus (limousine o minibus) parte verso Luxor passando per la citt\u00e0 di Safaga e Qena. La localit\u00e0 turistica di Safaga si trova a 45 chilometri a sud di Hurghada, sulla costa del Mar Rosso; mentre, la citt\u00e0 di Qena si trova a 220 km nella valle del Nilo. La strada, dal centro di Hurghada a Luxor, dura circa 5 ore<\/li>\n<\/ul>\n<h4>Programma a East Luxor<\/h4>\n<ul>\n<li>Non appena arrivi a Luxor, ti mostriamo il tempio di Karnak. Questo tempio \u00e8 considerato il pi\u00f9 grande in Egitto e in tutto il vecchio mondo. Il tempio si trova nella City of Living _ Eastern Luxor. Nel tempio, la guida inizia la sua spiegazione e quindi mostra i luoghi visitati di frequente in questo grande complesso. Il complesso stesso contiene diversi templi ed edifici. La tua guida avr\u00e0 il compito di mostrarti tutti questi templi e dar\u00e0 tempo libero per fotografarli<\/li>\n<li>Dopo aver visitato il tempio di Karnak nell&#8217;Est Luxor, su vostra richiesta fate un picnic in barca attraverso il fiume Nilo. Questo \u00e8 un programma aggiuntivo! Una volta terminato il picnic in barca, ti troverai in Western Luxor _ City of the Dead<\/li>\n<\/ul>\n<h4>Programma in Western Luxor<\/h4>\n<ul>\n<li>Nel Luxor occidentale, il viaggio continua. La prima tappa, l\u00ec, sar\u00e0 al ristorante. L\u00ec potrai gustare un delizioso pranzo.<\/li>\n<li>Dopo pranzo, la prossima tappa sar\u00e0 ai Colossi di Memnon. Queste sono le due statue grandiose, che sono state costruite nel tempio di Amenhotep III. La tua guida li mostra e ti d\u00e0 la possibilit\u00e0 di fotografarli<\/li>\n<li>Inoltre, l&#8217;autobus va al bellissimo tempio della regina Hatshepsut. Questo \u00e8 il tempio fantastico, che si trova a Deir El-Bahari. Il tempio \u00e8 scolpito nella roccia e si compone di tre piani. Attorno a questo tempio, si vedranno tutti i tipi di tombe, cos\u00ec come, gli altri templi di Tutomis III e Amenhopa Neb Hept Ra. Ancora una volta, la Guida fornisce informazioni e tempo libero per indagare sul luogo<\/li>\n<li>Prima della fine del programma a West Luxor, visiti la Valle dei Re. \u00c8 cos\u00ec bello in questo posto e interessante! Nella valle, visiti tre tombe, che appartengono ai grandi faraoni d&#8217;Egitto<\/li>\n<li>Il nostro autobus parte per Hurghada, dopo un programma del genere nella meravigliosa citt\u00e0 di Luxor<\/li>\n<\/ul>\n<h4>Cosa \u00e8 incluso nel prezzo del viaggio<\/h4>\n<ul>\n<li>I biglietti per visitare i templi<\/li>\n<li>Pranzo<\/li>\n<li>Bevande<\/li>\n<li>Guida privata<\/li>\n<li>Veicolo privato per Luxor e ritorno in hotel<\/li>\n<\/ul>\n<h5>Cosa non \u00e8 incluso nel prezzo del viaggio<\/h5>\n<ul>\n<li>Ulteriori programmi di escursione se non inclusi nel programma sopra menzionato<\/li>\n<\/ul>\n<h6>Cosa portare con te per il viaggio<\/h6>\n<ul>\n<li>Scatola della colazione<\/li>\n<li>Vestiti per la stagione<\/li>\n<\/ul>\n<h6>GIORNI DI ORGANIZZAZIONE DI ESCURSIONE<\/h6>\n<ul>\n<li>Tutti i giorni dalle 04:00 alle 20:00<\/li>\n<\/ul>\n","protected":false},"excerpt":{"rendered":"<p>Scopri le principali attrazioni di Luxor e il meglio in un tour privato di un&#8217;intera giornata da Hurghada che ti riporta indietro nell&#8217;antica storia di Tebe.<\/p>\n<p>Se stai cercando di sperimentare le principali attrazioni di Luxor e approfondire l&#8217;antica storia di Tebe, ti abbiamo coperto con un tour privato di un&#8217;intera giornata da Hurghada. Avrai la possibilit\u00e0 di esplorare i monumenti iconici di Luxor, tra cui la Valle dei Re, il Tempio di Hatshepsut, i Colossi di Memnon e il Tempio di Karnak, tutto in un giorno. Con il trasporto privato porta a porta dal tuo hotel a Hurghada, puoi evitare il fastidio del trasporto pubblico e goderti appieno il tuo viaggio. Il prezzo del nostro pacchetto turistico include trasferimenti, biglietti d&#8217;ingresso e un delizioso pranzo, quindi non devi preoccuparti di nulla il giorno del tuo tour. Un tour privato di un giorno a Luxor da Hurghada in auto privata con la tua guida ti consente di vedere la vera Luxor. Visiterai la Valle dei Re, il luogo di sepoltura dei re pi\u00f9 potenti dell&#8217;Egitto, il tempio della regina Hatshepsut, i Colossi di Memnon e il tempio di Karnak.<\/p>\n<p>Inizieremo la tua giornata presto, venendo a prenderti al tuo hotel a Hurghada alle 05:00 con un pullman con aria condizionata per Luxor. Il nostro tour ti porter\u00e0 attraverso il Nilo per visitare alcuni dei punti salienti pi\u00f9 spettacolari, a cominciare dalla Valle dei Re. Questo sito \u00e8 l&#8217;ultima dimora dei sovrani egiziani dalla XVIII alla XX dinastia, tra cui il grande faraone Ramses II e il giovane faraone Tutankhamon. Visiterai tre tombe e, se desideri visitare la Tomba del giovane faraone Tutankhamon, costa altre 300 sterline egiziane.<\/p>\n<p>Successivamente, visiteremo i Colossi di Memnon, due enormi statue in pietra del re Amenhotep III che sono gli unici resti di un tempio funerario completo. Queste statue sono state realizzate con blocchi di arenaria di quarzite che esistevano al Cairo e sono state spostate a 700 KM a Luxor. Le due statue, conosciute come i Colossi di Memnone, si ergono a circa 18 metri dalla pianura, e sono i resti di quello che un tempo era il pi\u00f9 grande complesso sulla sponda occidentale, costruito da Amenhotep III. Verso mezzogiorno, ci fermeremo per il pranzo in un ristorante locale a Luxor e poi visiteremo il Tempio di Karnak, il pi\u00f9 grande sito religioso antico conosciuto in tutto il mondo.<\/p>\n<p>Un altro momento clou del nostro tour \u00e8 il tempio della regina Hatshepsut, che sorge dalla pianura desertica in una serie di terrazze. Il tempio di Hatshepsut si fonde con le ripide scogliere calcaree della parete orientale del Monte Tebano, come se la natura stessa avesse costruito questo straordinario monumento. Infine, visiteremo il Tempio di Karnak Karnak Egypt 360, il pi\u00f9 grande sito religioso antico conosciuto in tutto il mondo. Nessun sito in Egitto \u00e8 pi\u00f9 impressionante di Karnak. \u00c8 il pi\u00f9 grande complesso di templi mai costruito dall&#8217;uomo e rappresenta il risultato combinato di molte generazioni di antichi costruttori e faraoni.<\/p>\n<p>Alle 17:00, ti riporteremo al tuo hotel a Hurghada con un veicolo privato con aria condizionata per concludere la tua gita di un giorno da Hurghada a Luxor. Tieni presente che tutti gli orari sono linee guida e puoi modificare gli orari suggeriti individualmente. Il nostro pacchetto turistico include servizi di trasferimento dal tuo hotel a Hurghada e ritorno, un tour a Karnak, Colossi di Memnon, acqua minerale, permessi di viaggio, un tour a Hatshepsut, Valle dei Re, pranzo (sono disponibili vegetariani), tutto spese di servizio e tasse e biglietti d&#8217;ingresso. Forniamo anche una guida turistica privata. Ci auguriamo che tu ti diverta a esplorare Luxor con noi!<\/p>\n","protected":false},"featured_media":99475,"comment_status":"open","ping_status":"closed","template":"","meta":{"_coblocks_attr":"","_coblocks_dimensions":"","_coblocks_responsive_height":"","_coblocks_accordion_ie_support":"","_uag_custom_page_level_css":"","jetpack_publicize_message":"","jetpack_publicize_feature_enabled":true,"jetpack_social_post_already_shared":true,"jetpack_social_options":{"image_generator_settings":{"template":"highway","default_image_id":0,"font":"","enabled":false},"version":2},"_wpas_customize_per_network":false},"product_brand":[],"product_cat":[22521,1636,22530,22540,23515],"product_tag":[1644,2145,1661,1668,9910],"class_list":{"0":"post-3849","1":"product","2":"type-product","3":"status-publish","4":"has-post-thumbnail","6":"product_cat-escursioni-famiglie-hurghada","7":"product_cat-escursioni-storiche-hurghada","8":"product_cat-tour-da-hurghada-luxor","9":"product_cat-tour-privati-hurghada-luxor","10":"product_cat-visite-turistiche-private-hurghada","11":"product_tag-escursione","12":"product_tag-escursioni-da-hurghada","13":"product_tag-hurghada-it","14":"product_tag-luxor-it","15":"product_tag-visita-turistica","17":"first","18":"instock","19":"sale","20":"purchasable","21":"product-type-variable"},"yoast_head":"<!-- This site is optimized with the Yoast SEO Premium plugin v26.9 (Yoast SEO v27.5) - https:\/\/yoast.com\/product\/yoast-seo-premium-wordpress\/ -->\n<title>Viaggio individuale a Luxor da Hurghada<\/title>\n<meta name=\"description\" content=\"Viaggio individuale a Luxor da Hurghada Raccomandiamo il viaggio perch\u00e9 permette ai turisti di vedere un gran numero di antiche attrazioni egiziane.\" \/>\n<meta name=\"robots\" content=\"index, follow, max-snippet:-1, max-image-preview:large, max-video-preview:-1\" \/>\n<link rel=\"canonical\" href=\"https:\/\/landioustravel.com\/it\/shop\/viaggio-individuale-luxor-hurghada\/\" \/>\n<meta property=\"og:locale\" content=\"it_IT\" \/>\n<meta property=\"og:type\" content=\"article\" \/>\n<meta property=\"og:title\" content=\"Viaggio individuale a Luxor da Hurghada\" \/>\n<meta property=\"og:description\" content=\"Landious Travel\" \/>\n<meta property=\"og:url\" content=\"https:\/\/landioustravel.com\/it\/shop\/viaggio-individuale-luxor-hurghada\/\" \/>\n<meta property=\"og:site_name\" content=\"Landious Travel\" \/>\n<meta property=\"article:publisher\" content=\"https:\/\/web.facebook.com\/landiousEgypt\" \/>\n<meta property=\"article:modified_time\" content=\"2024-05-09T09:04:48+00:00\" \/>\n<meta property=\"og:image\" content=\"https:\/\/i0.wp.com\/landioustravel.com\/wp-content\/uploads\/2022\/05\/Temple-of-Amenhotep-IV-e1652030300340.jpg?fit=1200%2C675&ssl=1\" \/>\n\t<meta property=\"og:image:width\" content=\"1200\" \/>\n\t<meta property=\"og:image:height\" content=\"675\" \/>\n\t<meta property=\"og:image:type\" content=\"image\/jpeg\" \/>\n<meta name=\"twitter:card\" content=\"summary_large_image\" \/>\n<meta name=\"twitter:site\" content=\"@LandiousTours\" \/>\n<meta name=\"twitter:label1\" content=\"Tempo di lettura stimato\" \/>\n\t<meta name=\"twitter:data1\" content=\"3 minuti\" \/>\n<script type=\"application\/ld+json\" class=\"yoast-schema-graph\">{\"@context\":\"https:\\\/\\\/schema.org\",\"@graph\":[{\"@type\":\"WebPage\",\"@id\":\"https:\\\/\\\/landioustravel.com\\\/it\\\/shop\\\/viaggio-individuale-luxor-hurghada\\\/\",\"url\":\"https:\\\/\\\/landioustravel.com\\\/it\\\/shop\\\/viaggio-individuale-luxor-hurghada\\\/\",\"name\":\"Viaggio individuale a Luxor da Hurghada\",\"isPartOf\":{\"@id\":\"https:\\\/\\\/landioustravel.com\\\/it\\\/#website\"},\"primaryImageOfPage\":{\"@id\":\"https:\\\/\\\/landioustravel.com\\\/it\\\/shop\\\/viaggio-individuale-luxor-hurghada\\\/#primaryimage\"},\"image\":{\"@id\":\"https:\\\/\\\/landioustravel.com\\\/it\\\/shop\\\/viaggio-individuale-luxor-hurghada\\\/#primaryimage\"},\"thumbnailUrl\":\"https:\\\/\\\/i0.wp.com\\\/landioustravel.com\\\/wp-content\\\/uploads\\\/2022\\\/05\\\/Temple-of-Amenhotep-IV-e1652030300340.jpg?fit=1200%2C675&ssl=1\",\"datePublished\":\"2019-04-06T13:43:49+00:00\",\"dateModified\":\"2024-05-09T09:04:48+00:00\",\"description\":\"Viaggio individuale a Luxor da Hurghada Raccomandiamo il viaggio perch\u00e9 permette ai turisti di vedere un gran numero di antiche attrazioni egiziane.\",\"breadcrumb\":{\"@id\":\"https:\\\/\\\/landioustravel.com\\\/it\\\/shop\\\/viaggio-individuale-luxor-hurghada\\\/#breadcrumb\"},\"inLanguage\":\"it-IT\",\"potentialAction\":[{\"@type\":\"ReadAction\",\"target\":[\"https:\\\/\\\/landioustravel.com\\\/it\\\/shop\\\/viaggio-individuale-luxor-hurghada\\\/\"]}]},{\"@type\":\"ImageObject\",\"inLanguage\":\"it-IT\",\"@id\":\"https:\\\/\\\/landioustravel.com\\\/it\\\/shop\\\/viaggio-individuale-luxor-hurghada\\\/#primaryimage\",\"url\":\"https:\\\/\\\/i0.wp.com\\\/landioustravel.com\\\/wp-content\\\/uploads\\\/2022\\\/05\\\/Temple-of-Amenhotep-IV-e1652030300340.jpg?fit=1200%2C675&ssl=1\",\"contentUrl\":\"https:\\\/\\\/i0.wp.com\\\/landioustravel.com\\\/wp-content\\\/uploads\\\/2022\\\/05\\\/Temple-of-Amenhotep-IV-e1652030300340.jpg?fit=1200%2C675&ssl=1\",\"width\":1200,\"height\":675,\"caption\":\"Temples of Karnak\"},{\"@type\":\"BreadcrumbList\",\"@id\":\"https:\\\/\\\/landioustravel.com\\\/it\\\/shop\\\/viaggio-individuale-luxor-hurghada\\\/#breadcrumb\",\"itemListElement\":[{\"@type\":\"ListItem\",\"position\":1,\"name\":\"Home\",\"item\":\"https:\\\/\\\/landioustravel.com\\\/it\\\/\"},{\"@type\":\"ListItem\",\"position\":2,\"name\":\"Tour in Egitto\",\"item\":\"https:\\\/\\\/landioustravel.com\\\/it\\\/\"},{\"@type\":\"ListItem\",\"position\":3,\"name\":\"Viaggio individuale a Luxor da Hurghada\"}]},{\"@type\":\"WebSite\",\"@id\":\"https:\\\/\\\/landioustravel.com\\\/it\\\/#website\",\"url\":\"https:\\\/\\\/landioustravel.com\\\/it\\\/\",\"name\":\"Landious Travel\",\"description\":\"Excursions, trips and cruises in Egypt\",\"publisher\":{\"@id\":\"https:\\\/\\\/landioustravel.com\\\/it\\\/#organization\"},\"potentialAction\":[{\"@type\":\"SearchAction\",\"target\":{\"@type\":\"EntryPoint\",\"urlTemplate\":\"https:\\\/\\\/landioustravel.com\\\/it\\\/?s={search_term_string}\"},\"query-input\":{\"@type\":\"PropertyValueSpecification\",\"valueRequired\":true,\"valueName\":\"search_term_string\"}}],\"inLanguage\":\"it-IT\"},{\"@type\":[\"Organization\",\"Place\"],\"@id\":\"https:\\\/\\\/landioustravel.com\\\/it\\\/#organization\",\"name\":\"Landious Travel\",\"alternateName\":\"Landious Travel\",\"url\":\"https:\\\/\\\/landioustravel.com\\\/it\\\/\",\"logo\":{\"@id\":\"https:\\\/\\\/landioustravel.com\\\/it\\\/shop\\\/viaggio-individuale-luxor-hurghada\\\/#local-main-organization-logo\"},\"image\":{\"@id\":\"https:\\\/\\\/landioustravel.com\\\/it\\\/shop\\\/viaggio-individuale-luxor-hurghada\\\/#local-main-organization-logo\"},\"sameAs\":[\"https:\\\/\\\/web.facebook.com\\\/landiousEgypt\",\"https:\\\/\\\/x.com\\\/LandiousTours\",\"https:\\\/\\\/mastodon.social\\\/@landious\"],\"legalName\":\"Landious Travel\",\"telephone\":[],\"openingHoursSpecification\":[{\"@type\":\"OpeningHoursSpecification\",\"dayOfWeek\":[\"Monday\",\"Tuesday\",\"Wednesday\",\"Thursday\",\"Friday\",\"Saturday\",\"Sunday\"],\"opens\":\"09:00\",\"closes\":\"17:00\"}]},{\"@type\":\"ImageObject\",\"inLanguage\":\"it-IT\",\"@id\":\"https:\\\/\\\/landioustravel.com\\\/it\\\/shop\\\/viaggio-individuale-luxor-hurghada\\\/#local-main-organization-logo\",\"url\":\"https:\\\/\\\/i0.wp.com\\\/landioustravel.com\\\/wp-content\\\/uploads\\\/2021\\\/06\\\/Landious-T.png?fit=500%2C500&ssl=1\",\"contentUrl\":\"https:\\\/\\\/i0.wp.com\\\/landioustravel.com\\\/wp-content\\\/uploads\\\/2021\\\/06\\\/Landious-T.png?fit=500%2C500&ssl=1\",\"width\":500,\"height\":500,\"caption\":\"Landious Travel\"}]}<\/script>\n<!-- \/ Yoast SEO Premium plugin. -->","yoast_head_json":{"title":"Viaggio individuale a Luxor da Hurghada","description":"Viaggio individuale a Luxor da Hurghada Raccomandiamo il viaggio perch\u00e9 permette ai turisti di vedere un gran numero di antiche attrazioni egiziane.","robots":{"index":"index","follow":"follow","max-snippet":"max-snippet:-1","max-image-preview":"max-image-preview:large","max-video-preview":"max-video-preview:-1"},"canonical":"https:\/\/landioustravel.com\/it\/shop\/viaggio-individuale-luxor-hurghada\/","og_locale":"it_IT","og_type":"article","og_title":"Viaggio individuale a Luxor da Hurghada","og_description":"Landious Travel","og_url":"https:\/\/landioustravel.com\/it\/shop\/viaggio-individuale-luxor-hurghada\/","og_site_name":"Landious Travel","article_publisher":"https:\/\/web.facebook.com\/landiousEgypt","article_modified_time":"2024-05-09T09:04:48+00:00","og_image":[{"width":1200,"height":675,"url":"https:\/\/i0.wp.com\/landioustravel.com\/wp-content\/uploads\/2022\/05\/Temple-of-Amenhotep-IV-e1652030300340.jpg?fit=1200%2C675&ssl=1","type":"image\/jpeg"}],"twitter_card":"summary_large_image","twitter_site":"@LandiousTours","twitter_misc":{"Tempo di lettura stimato":"3 minuti"},"schema":{"@context":"https:\/\/schema.org","@graph":[{"@type":"WebPage","@id":"https:\/\/landioustravel.com\/it\/shop\/viaggio-individuale-luxor-hurghada\/","url":"https:\/\/landioustravel.com\/it\/shop\/viaggio-individuale-luxor-hurghada\/","name":"Viaggio individuale a Luxor da Hurghada","isPartOf":{"@id":"https:\/\/landioustravel.com\/it\/#website"},"primaryImageOfPage":{"@id":"https:\/\/landioustravel.com\/it\/shop\/viaggio-individuale-luxor-hurghada\/#primaryimage"},"image":{"@id":"https:\/\/landioustravel.com\/it\/shop\/viaggio-individuale-luxor-hurghada\/#primaryimage"},"thumbnailUrl":"https:\/\/i0.wp.com\/landioustravel.com\/wp-content\/uploads\/2022\/05\/Temple-of-Amenhotep-IV-e1652030300340.jpg?fit=1200%2C675&ssl=1","datePublished":"2019-04-06T13:43:49+00:00","dateModified":"2024-05-09T09:04:48+00:00","description":"Viaggio individuale a Luxor da Hurghada Raccomandiamo il viaggio perch\u00e9 permette ai turisti di vedere un gran numero di antiche attrazioni egiziane.","breadcrumb":{"@id":"https:\/\/landioustravel.com\/it\/shop\/viaggio-individuale-luxor-hurghada\/#breadcrumb"},"inLanguage":"it-IT","potentialAction":[{"@type":"ReadAction","target":["https:\/\/landioustravel.com\/it\/shop\/viaggio-individuale-luxor-hurghada\/"]}]},{"@type":"ImageObject","inLanguage":"it-IT","@id":"https:\/\/landioustravel.com\/it\/shop\/viaggio-individuale-luxor-hurghada\/#primaryimage","url":"https:\/\/i0.wp.com\/landioustravel.com\/wp-content\/uploads\/2022\/05\/Temple-of-Amenhotep-IV-e1652030300340.jpg?fit=1200%2C675&ssl=1","contentUrl":"https:\/\/i0.wp.com\/landioustravel.com\/wp-content\/uploads\/2022\/05\/Temple-of-Amenhotep-IV-e1652030300340.jpg?fit=1200%2C675&ssl=1","width":1200,"height":675,"caption":"Temples of Karnak"},{"@type":"BreadcrumbList","@id":"https:\/\/landioustravel.com\/it\/shop\/viaggio-individuale-luxor-hurghada\/#breadcrumb","itemListElement":[{"@type":"ListItem","position":1,"name":"Home","item":"https:\/\/landioustravel.com\/it\/"},{"@type":"ListItem","position":2,"name":"Tour in Egitto","item":"https:\/\/landioustravel.com\/it\/"},{"@type":"ListItem","position":3,"name":"Viaggio individuale a Luxor da Hurghada"}]},{"@type":"WebSite","@id":"https:\/\/landioustravel.com\/it\/#website","url":"https:\/\/landioustravel.com\/it\/","name":"Landious Travel","description":"Excursions, trips and cruises in Egypt","publisher":{"@id":"https:\/\/landioustravel.com\/it\/#organization"},"potentialAction":[{"@type":"SearchAction","target":{"@type":"EntryPoint","urlTemplate":"https:\/\/landioustravel.com\/it\/?s={search_term_string}"},"query-input":{"@type":"PropertyValueSpecification","valueRequired":true,"valueName":"search_term_string"}}],"inLanguage":"it-IT"},{"@type":["Organization","Place"],"@id":"https:\/\/landioustravel.com\/it\/#organization","name":"Landious Travel","alternateName":"Landious Travel","url":"https:\/\/landioustravel.com\/it\/","logo":{"@id":"https:\/\/landioustravel.com\/it\/shop\/viaggio-individuale-luxor-hurghada\/#local-main-organization-logo"},"image":{"@id":"https:\/\/landioustravel.com\/it\/shop\/viaggio-individuale-luxor-hurghada\/#local-main-organization-logo"},"sameAs":["https:\/\/web.facebook.com\/landiousEgypt","https:\/\/x.com\/LandiousTours","https:\/\/mastodon.social\/@landious"],"legalName":"Landious Travel","telephone":[],"openingHoursSpecification":[{"@type":"OpeningHoursSpecification","dayOfWeek":["Monday","Tuesday","Wednesday","Thursday","Friday","Saturday","Sunday"],"opens":"09:00","closes":"17:00"}]},{"@type":"ImageObject","inLanguage":"it-IT","@id":"https:\/\/landioustravel.com\/it\/shop\/viaggio-individuale-luxor-hurghada\/#local-main-organization-logo","url":"https:\/\/i0.wp.com\/landioustravel.com\/wp-content\/uploads\/2021\/06\/Landious-T.png?fit=500%2C500&ssl=1","contentUrl":"https:\/\/i0.wp.com\/landioustravel.com\/wp-content\/uploads\/2021\/06\/Landious-T.png?fit=500%2C500&ssl=1","width":500,"height":500,"caption":"Landious Travel"}]}},"jetpack_publicize_connections":[],"uagb_featured_image_src":{"full":["https:\/\/i0.wp.com\/landioustravel.com\/wp-content\/uploads\/2022\/05\/Temple-of-Amenhotep-IV-e1652030300340.jpg?fit=1200%2C675&ssl=1",1200,675,false],"thumbnail":["https:\/\/i0.wp.com\/landioustravel.com\/wp-content\/uploads\/2022\/05\/Temple-of-Amenhotep-IV-e1652030300340.jpg?resize=150%2C150&ssl=1",150,150,true],"medium":["https:\/\/i0.wp.com\/landioustravel.com\/wp-content\/uploads\/2022\/05\/Temple-of-Amenhotep-IV-e1652030300340.jpg?fit=300%2C169&ssl=1",300,169,true],"medium_large":["https:\/\/i0.wp.com\/landioustravel.com\/wp-content\/uploads\/2022\/05\/Temple-of-Amenhotep-IV-e1652030300340.jpg?fit=768%2C432&ssl=1",768,432,true],"large":["https:\/\/i0.wp.com\/landioustravel.com\/wp-content\/uploads\/2022\/05\/Temple-of-Amenhotep-IV-e1652030300340.jpg?fit=980%2C551&ssl=1",980,551,true],"1536x1536":["https:\/\/i0.wp.com\/landioustravel.com\/wp-content\/uploads\/2022\/05\/Temple-of-Amenhotep-IV-e1652030300340.jpg?fit=1200%2C675&ssl=1",1200,675,true],"2048x2048":["https:\/\/i0.wp.com\/landioustravel.com\/wp-content\/uploads\/2022\/05\/Temple-of-Amenhotep-IV-e1652030300340.jpg?fit=1200%2C675&ssl=1",1200,675,true],"newspack-article-block-landscape-large":["https:\/\/i0.wp.com\/landioustravel.com\/wp-content\/uploads\/2022\/05\/Temple-of-Amenhotep-IV-e1652030300340.jpg?resize=1200%2C675&ssl=1",1200,675,true],"newspack-article-block-portrait-large":["https:\/\/i0.wp.com\/landioustravel.com\/wp-content\/uploads\/2022\/05\/Temple-of-Amenhotep-IV-e1652030300340.jpg?resize=900%2C675&ssl=1",900,675,true],"newspack-article-block-square-large":["https:\/\/i0.wp.com\/landioustravel.com\/wp-content\/uploads\/2022\/05\/Temple-of-Amenhotep-IV-e1652030300340.jpg?resize=1200%2C675&ssl=1",1200,675,true],"newspack-article-block-landscape-medium":["https:\/\/i0.wp.com\/landioustravel.com\/wp-content\/uploads\/2022\/05\/Temple-of-Amenhotep-IV-e1652030300340.jpg?resize=800%2C600&ssl=1",800,600,true],"newspack-article-block-portrait-medium":["https:\/\/i0.wp.com\/landioustravel.com\/wp-content\/uploads\/2022\/05\/Temple-of-Amenhotep-IV-e1652030300340.jpg?resize=600%2C675&ssl=1",600,675,true],"newspack-article-block-square-medium":["https:\/\/i0.wp.com\/landioustravel.com\/wp-content\/uploads\/2022\/05\/Temple-of-Amenhotep-IV-e1652030300340.jpg?resize=800%2C675&ssl=1",800,675,true],"newspack-article-block-landscape-intermediate":["https:\/\/i0.wp.com\/landioustravel.com\/wp-content\/uploads\/2022\/05\/Temple-of-Amenhotep-IV-e1652030300340.jpg?resize=600%2C450&ssl=1",600,450,true],"newspack-article-block-portrait-intermediate":["https:\/\/i0.wp.com\/landioustravel.com\/wp-content\/uploads\/2022\/05\/Temple-of-Amenhotep-IV-e1652030300340.jpg?resize=450%2C600&ssl=1",450,600,true],"newspack-article-block-square-intermediate":["https:\/\/i0.wp.com\/landioustravel.com\/wp-content\/uploads\/2022\/05\/Temple-of-Amenhotep-IV-e1652030300340.jpg?resize=600%2C600&ssl=1",600,600,true],"newspack-article-block-landscape-small":["https:\/\/i0.wp.com\/landioustravel.com\/wp-content\/uploads\/2022\/05\/Temple-of-Amenhotep-IV-e1652030300340.jpg?resize=400%2C300&ssl=1",400,300,true],"newspack-article-block-portrait-small":["https:\/\/i0.wp.com\/landioustravel.com\/wp-content\/uploads\/2022\/05\/Temple-of-Amenhotep-IV-e1652030300340.jpg?resize=300%2C400&ssl=1",300,400,true],"newspack-article-block-square-small":["https:\/\/i0.wp.com\/landioustravel.com\/wp-content\/uploads\/2022\/05\/Temple-of-Amenhotep-IV-e1652030300340.jpg?resize=400%2C400&ssl=1",400,400,true],"newspack-article-block-landscape-tiny":["https:\/\/i0.wp.com\/landioustravel.com\/wp-content\/uploads\/2022\/05\/Temple-of-Amenhotep-IV-e1652030300340.jpg?resize=200%2C150&ssl=1",200,150,true],"newspack-article-block-portrait-tiny":["https:\/\/i0.wp.com\/landioustravel.com\/wp-content\/uploads\/2022\/05\/Temple-of-Amenhotep-IV-e1652030300340.jpg?resize=150%2C200&ssl=1",150,200,true],"newspack-article-block-square-tiny":["https:\/\/i0.wp.com\/landioustravel.com\/wp-content\/uploads\/2022\/05\/Temple-of-Amenhotep-IV-e1652030300340.jpg?resize=200%2C200&ssl=1",200,200,true],"newspack-article-block-uncropped":["https:\/\/i0.wp.com\/landioustravel.com\/wp-content\/uploads\/2022\/05\/Temple-of-Amenhotep-IV-e1652030300340.jpg?fit=1200%2C675&ssl=1",1200,675,true],"woocommerce_thumbnail":["https:\/\/i0.wp.com\/landioustravel.com\/wp-content\/uploads\/2022\/05\/Temple-of-Amenhotep-IV-e1652030300340.jpg?resize=324%2C324&ssl=1",324,324,true],"woocommerce_single":["https:\/\/i0.wp.com\/landioustravel.com\/wp-content\/uploads\/2022\/05\/Temple-of-Amenhotep-IV-e1652030300340.jpg?fit=416%2C234&ssl=1",416,234,true],"woocommerce_gallery_thumbnail":["https:\/\/i0.wp.com\/landioustravel.com\/wp-content\/uploads\/2022\/05\/Temple-of-Amenhotep-IV-e1652030300340.jpg?resize=100%2C100&ssl=1",100,100,true]},"uagb_author_info":{"display_name":"Mofreh Landious","author_link":"https:\/\/landioustravel.com\/it\/author\/"},"uagb_comment_info":6,"uagb_excerpt":"Scopri le principali attrazioni di Luxor e il meglio in un tour privato di un'intera giornata da Hurghada che ti riporta indietro nell'antica storia di Tebe. Se stai cercando di sperimentare le principali attrazioni di Luxor e approfondire l'antica storia di Tebe, ti abbiamo coperto con un tour privato di un'intera giornata da Hurghada. Avrai&hellip;","jetpack_sharing_enabled":true,"jetpack_likes_enabled":true,"amp_enabled":true,"_links":{"self":[{"href":"https:\/\/landioustravel.com\/it\/wp-json\/wp\/v2\/product\/3849","targetHints":{"allow":["GET"]}}],"collection":[{"href":"https:\/\/landioustravel.com\/it\/wp-json\/wp\/v2\/product"}],"about":[{"href":"https:\/\/landioustravel.com\/it\/wp-json\/wp\/v2\/types\/product"}],"replies":[{"embeddable":true,"href":"https:\/\/landioustravel.com\/it\/wp-json\/wp\/v2\/comments?post=3849"}],"wp:featuredmedia":[{"embeddable":true,"href":"https:\/\/landioustravel.com\/it\/wp-json\/wp\/v2\/media\/99475"}],"wp:attachment":[{"href":"https:\/\/landioustravel.com\/it\/wp-json\/wp\/v2\/media?parent=3849"}],"wp:term":[{"taxonomy":"product_brand","embeddable":true,"href":"https:\/\/landioustravel.com\/it\/wp-json\/wp\/v2\/product_brand?post=3849"},{"taxonomy":"product_cat","embeddable":true,"href":"https:\/\/landioustravel.com\/it\/wp-json\/wp\/v2\/product_cat?post=3849"},{"taxonomy":"product_tag","embeddable":true,"href":"https:\/\/landioustravel.com\/it\/wp-json\/wp\/v2\/product_tag?post=3849"}],"curies":[{"name":"wp","href":"https:\/\/api.w.org\/{rel}","templated":true}]}}