{"id":39731,"date":"2021-11-07T05:25:25","date_gmt":"2021-11-30T01:02:43","guid":{"rendered":"https:\/\/landioustravel.com\/?post_type=product&#038;p=39731"},"modified":"2025-11-10T19:14:09","modified_gmt":"2025-11-10T17:14:09","slug":"viaggio-cairo-aereo-hurghada","status":"publish","type":"product","link":"https:\/\/landioustravel.com\/it\/shop\/viaggio-cairo-aereo-hurghada\/","title":{"rendered":"Viaggio al Cairo in aereo Hurghada"},"content":{"rendered":"<p>\u00c8 un viaggio fantastico al Cairo da <a href=\"https:\/\/landioustravel.com\/it\/citta-hurghada\/\">Hurghada<\/a> in aereo, <a href=\"https:\/\/landioustravel.com\/it\/egitto\/\">Egitto<\/a>! Consigliamo questo viaggio perch\u00e9 consente ai turisti di vedere i luoghi pi\u00f9 impressionanti e conoscere meglio la storia del paese. Naturalmente, questo viaggio si dirige alle grandi piramidi e alla <a href=\"https:\/\/landioustravel.com\/it\/complesso-piramide-giza\/grande-sfinge\/\">Sfinge<\/a> gigante di Giza.<\/p>\n<p>Inoltre, va anche al Museo Egizio del Cairo. Inoltre, i Passeggeri del viaggio faranno questo viaggio tanto atteso senza perdere molto tempo. In generale, viaggiare in aereo fa risparmiare tempo. PRENOTAZIONE ONLINE VIAGGIO CAIRO HURGHADA IN AEREO E MIGLIOR PREZZO!<\/p>\n<h2>Punti salienti del viaggio al Cairo da Hurghada in aereo<\/h2>\n<ul>\n<li>Visita il Museo Egizio del Cairo.<\/li>\n<li>Pranzo in un ristorante.<\/li>\n<li>Visita le tre piramidi di Giza.<\/li>\n<li>Inoltre, la Grande Sfinge nel complesso della piramide.<\/li>\n<\/ul>\n<h2>Programma del viaggio aereo al Cairo \u2013 Giza<\/h2>\n<ul>\n<li>Il rappresentante di Landious Travel ti verr\u00e0 a prendere dal tuo hotel, a Hurghada, su un veicolo con aria condizionata alle 05:00 circa.<\/li>\n<li>Dopo aver raccolto tutti i visitatori, l&#8217;autobus andr\u00e0 all&#8217;aeroporto internazionale di Hurghada. Ci vogliono circa 30 minuti per raggiungere l&#8217;aeroporto.<\/li>\n<\/ul>\n<h3>Programma al Cairo<\/h3>\n<ul>\n<li>Non appena arrivi al Cairo, ti mostriamo il Museo Egizio. Questo museo ha circa 100 sale espositive in questo museo. C&#8217;\u00e8 una collezione unica composta da circa 150 mila pezzi in queste sale. La tua guida avr\u00e0 il compito di mostrare tutti i principali reperti in questo vasto museo. Inoltre, ti dar\u00e0 del tempo libero per scattare foto.<\/li>\n<li>Dopo la visita al Museo Egizio, inizierai il picnic in barca sul fiume Nilo. Questo viaggio sul Nilo \u00e8 un programma aggiuntivo e puoi prenotarlo, in anticipo, tramite noi! Non appena termina il picnic in barca sul Nilo, ti dirigerai verso un&#8217;altra citt\u00e0: Giza.<\/li>\n<\/ul>\n<h3>Programma a Giza<\/h3>\n<ul>\n<li>Ovviamente il viaggio continua a Giza. La prima tappa, in questo locale, sar\u00e0 al ristorante. Offre un buffet libero.<\/li>\n<li>Quindi, il gruppo proseguir\u00e0 verso il Complesso della Piramide di Giza, dove ci sono piramidi cos\u00ec grandi e la Sfinge. Ancora una volta, la tua guida ti mostrer\u00e0 questi monumenti e ti dar\u00e0 il tempo libero per scattare una foto.<\/li>\n<\/ul>\n<h3>Partenza per Hurghada<\/h3>\n<ul>\n<li>Infine, dopo un programma cos\u00ec eccellente nelle citt\u00e0 del Cairo e Giza, ti dirigerai all&#8217;aeroporto del Cairo.<\/li>\n<li>Questo viaggio al Cairo da Hurghada in aereo termina alle 23:00 circa.<\/li>\n<\/ul>\n<h2>Cosa include il prezzo dell&#8217;aereo per il viaggio al Cairo a Hurghada?<\/h2>\n<ul>\n<li>Biglietti per visitare i templi.<\/li>\n<li>Il pranzo.<\/li>\n<li>Guida.<\/li>\n<li>trasferimento all&#8217;aeroporto di Hurghada.<\/li>\n<li>Veicolo al Cairo.<\/li>\n<li>Inoltre, trasferimento dall&#8217;aeroporto di Hurghada al tuo hotel.<\/li>\n<\/ul>\n<h2>Cosa non include il programma del Cairo Tour Hurghada in aereo?<\/h2>\n<ul>\n<li>Programmi di escursioni aggiuntivi se non inclusi nel programma di cui sopra.<\/li>\n<li>Inoltre, bevande.<\/li>\n<\/ul>\n<h2>Cosa portare con te in viaggio?<\/h2>\n<ul>\n<li>Scatola per la colazione.<\/li>\n<li>Inoltre, passaporto.<\/li>\n<\/ul>\n<h2>Viaggio al Cairo in aereo Hurghada Giorni di prenotazione<\/h2>\n<ul>\n<li>La domenica dalle 05:00 alle 23:00.<\/li>\n<li>Gioved\u00ec dalle 05:00 alle 23:00.<\/li>\n<li>Inoltre, il venerd\u00ec dalle 05:00 alle 23:00.<\/li>\n<\/ul>\n","protected":false},"excerpt":{"rendered":"<p>Vola da Hurghada al Cairo in aereo, dove potrai goderti un emozionante viaggio alle piramidi. La tua guida ti incontrer\u00e0 di fronte al tuo hotel di Hurghada con un veicolo con aria condizionata e ti trasferir\u00e0 all&#8217;aeroporto per prendere il volo per il Cairo.<\/p>\n<p>All&#8217;arrivo al Cairo, verrai accolto dall&#8217;egittologo, che ti accompagner\u00e0 per tutto il tour. Il tuo tour inizia a Giza, dove visiterai le famose piramidi di Cheope, Chephren e Mykerinos e la Sfinge.<\/p>\n<p>Goditi il pranzo in un eccellente ristorante prima di continuare il tour. Dopo pranzo in un ristorante locale al Cairo, ti dirigerai al Museo Egizio. Qui puoi vedere i tesori del giovane faraone Tutankhamon. Nel pomeriggio, se lo desideri, puoi fare shopping al Cairo. Alla fine della giornata, verrai accompagnato all&#8217;aeroporto del Cairo per prendere il volo di ritorno a Hurghada. Una volta l\u00ec, verrai trasferito al tuo hotel.<\/p>\n<p>Il prezzo del viaggio include biglietti aerei, biglietti d&#8217;ingresso e trasferimenti.<\/p>\n","protected":false},"featured_media":99201,"comment_status":"open","ping_status":"closed","template":"","meta":{"_coblocks_attr":"","_coblocks_dimensions":"","_coblocks_responsive_height":"","_coblocks_accordion_ie_support":"","_uag_custom_page_level_css":"","jetpack_publicize_message":"","jetpack_publicize_feature_enabled":true,"jetpack_social_post_already_shared":true,"jetpack_social_options":{"image_generator_settings":{"template":"highway","default_image_id":0,"font":"","enabled":false},"version":2},"_wpas_customize_per_network":false},"product_brand":[],"product_cat":[1632,1636,22513,22529,22506,22527],"product_tag":[1644,2145,1661,1643,1645,1646,9910],"class_list":{"0":"post-39731","1":"product","2":"type-product","3":"status-publish","4":"has-post-thumbnail","6":"product_cat-escursioni-hurghada","7":"product_cat-escursioni-storiche-hurghada","8":"product_cat-hurghada-escursioni-cairo","9":"product_cat-hurghada-tour-piramidi","10":"product_cat-tour-aerei-hurghada","11":"product_cat-tour-giorno-hurghada-cairo","12":"product_tag-escursione","13":"product_tag-escursioni-da-hurghada","14":"product_tag-hurghada-it","15":"product_tag-il-cairo","16":"product_tag-piramidi","17":"product_tag-sfinge","18":"product_tag-visita-turistica","19":"pa_age-adulto","20":"pa_age-bambino","22":"first","23":"instock","24":"sale","25":"taxable","26":"shipping-taxable","27":"purchasable","28":"product-type-variable"},"yoast_head":"<!-- This site is optimized with the Yoast SEO Premium plugin v26.9 (Yoast SEO v27.4) - https:\/\/yoast.com\/product\/yoast-seo-premium-wordpress\/ -->\n<title>Viaggio al Cairo in aereo Hurghada<\/title>\n<meta name=\"description\" content=\"Viaggio al Cairo in aereo Hurghada vedrai le tre grandi piramidi di Giza e la Grande Sfinge. Successivamente, pranzerai. Accanto, visiterai\" \/>\n<meta name=\"robots\" content=\"index, follow, max-snippet:-1, max-image-preview:large, max-video-preview:-1\" \/>\n<link rel=\"canonical\" href=\"https:\/\/landioustravel.com\/it\/shop\/viaggio-cairo-aereo-hurghada\/\" \/>\n<meta property=\"og:locale\" content=\"it_IT\" \/>\n<meta property=\"og:type\" content=\"article\" \/>\n<meta property=\"og:title\" content=\"Viaggio al Cairo in aereo Hurghada\" \/>\n<meta property=\"og:description\" content=\"Landious Travel\" \/>\n<meta property=\"og:url\" content=\"https:\/\/landioustravel.com\/it\/shop\/viaggio-cairo-aereo-hurghada\/\" \/>\n<meta property=\"og:site_name\" content=\"Landious Travel\" \/>\n<meta property=\"article:publisher\" content=\"https:\/\/web.facebook.com\/landiousEgypt\" \/>\n<meta property=\"article:modified_time\" content=\"2025-11-10T17:14:09+00:00\" \/>\n<meta property=\"og:image\" content=\"https:\/\/i0.wp.com\/landioustravel.com\/wp-content\/uploads\/2021\/11\/Cairo-Trip-by-Plane-Hurghada.jpg?fit=1200%2C800&ssl=1\" \/>\n\t<meta property=\"og:image:width\" content=\"1200\" \/>\n\t<meta property=\"og:image:height\" content=\"800\" \/>\n\t<meta property=\"og:image:type\" content=\"image\/jpeg\" \/>\n<meta name=\"twitter:card\" content=\"summary_large_image\" \/>\n<meta name=\"twitter:site\" content=\"@LandiousTours\" \/>\n<meta name=\"twitter:label1\" content=\"Tempo di lettura stimato\" \/>\n\t<meta name=\"twitter:data1\" content=\"3 minuti\" \/>\n<script type=\"application\/ld+json\" class=\"yoast-schema-graph\">{\"@context\":\"https:\\\/\\\/schema.org\",\"@graph\":[{\"@type\":\"WebPage\",\"@id\":\"https:\\\/\\\/landioustravel.com\\\/it\\\/shop\\\/viaggio-cairo-aereo-hurghada\\\/\",\"url\":\"https:\\\/\\\/landioustravel.com\\\/it\\\/shop\\\/viaggio-cairo-aereo-hurghada\\\/\",\"name\":\"Viaggio al Cairo in aereo Hurghada\",\"isPartOf\":{\"@id\":\"https:\\\/\\\/landioustravel.com\\\/it\\\/#website\"},\"primaryImageOfPage\":{\"@id\":\"https:\\\/\\\/landioustravel.com\\\/it\\\/shop\\\/viaggio-cairo-aereo-hurghada\\\/#primaryimage\"},\"image\":{\"@id\":\"https:\\\/\\\/landioustravel.com\\\/it\\\/shop\\\/viaggio-cairo-aereo-hurghada\\\/#primaryimage\"},\"thumbnailUrl\":\"https:\\\/\\\/i0.wp.com\\\/landioustravel.com\\\/wp-content\\\/uploads\\\/2021\\\/11\\\/Cairo-Trip-by-Plane-Hurghada.jpg?fit=1200%2C800&ssl=1\",\"datePublished\":\"2021-11-30T01:02:43+00:00\",\"dateModified\":\"2025-11-10T17:14:09+00:00\",\"description\":\"Viaggio al Cairo in aereo Hurghada vedrai le tre grandi piramidi di Giza e la Grande Sfinge. Successivamente, pranzerai. Accanto, visiterai\",\"breadcrumb\":{\"@id\":\"https:\\\/\\\/landioustravel.com\\\/it\\\/shop\\\/viaggio-cairo-aereo-hurghada\\\/#breadcrumb\"},\"inLanguage\":\"it-IT\",\"potentialAction\":[{\"@type\":\"ReadAction\",\"target\":[\"https:\\\/\\\/landioustravel.com\\\/it\\\/shop\\\/viaggio-cairo-aereo-hurghada\\\/\"]}]},{\"@type\":\"ImageObject\",\"inLanguage\":\"it-IT\",\"@id\":\"https:\\\/\\\/landioustravel.com\\\/it\\\/shop\\\/viaggio-cairo-aereo-hurghada\\\/#primaryimage\",\"url\":\"https:\\\/\\\/i0.wp.com\\\/landioustravel.com\\\/wp-content\\\/uploads\\\/2021\\\/11\\\/Cairo-Trip-by-Plane-Hurghada.jpg?fit=1200%2C800&ssl=1\",\"contentUrl\":\"https:\\\/\\\/i0.wp.com\\\/landioustravel.com\\\/wp-content\\\/uploads\\\/2021\\\/11\\\/Cairo-Trip-by-Plane-Hurghada.jpg?fit=1200%2C800&ssl=1\",\"width\":1200,\"height\":800,\"caption\":\"Cairo Trip by Plane Hurghada\"},{\"@type\":\"BreadcrumbList\",\"@id\":\"https:\\\/\\\/landioustravel.com\\\/it\\\/shop\\\/viaggio-cairo-aereo-hurghada\\\/#breadcrumb\",\"itemListElement\":[{\"@type\":\"ListItem\",\"position\":1,\"name\":\"Home\",\"item\":\"https:\\\/\\\/landioustravel.com\\\/it\\\/\"},{\"@type\":\"ListItem\",\"position\":2,\"name\":\"Tour in Egitto\",\"item\":\"https:\\\/\\\/landioustravel.com\\\/it\\\/\"},{\"@type\":\"ListItem\",\"position\":3,\"name\":\"Viaggio al Cairo in aereo Hurghada\"}]},{\"@type\":\"WebSite\",\"@id\":\"https:\\\/\\\/landioustravel.com\\\/it\\\/#website\",\"url\":\"https:\\\/\\\/landioustravel.com\\\/it\\\/\",\"name\":\"Landious Travel\",\"description\":\"Excursions, trips and cruises in Egypt\",\"publisher\":{\"@id\":\"https:\\\/\\\/landioustravel.com\\\/it\\\/#organization\"},\"potentialAction\":[{\"@type\":\"SearchAction\",\"target\":{\"@type\":\"EntryPoint\",\"urlTemplate\":\"https:\\\/\\\/landioustravel.com\\\/it\\\/?s={search_term_string}\"},\"query-input\":{\"@type\":\"PropertyValueSpecification\",\"valueRequired\":true,\"valueName\":\"search_term_string\"}}],\"inLanguage\":\"it-IT\"},{\"@type\":[\"Organization\",\"Place\"],\"@id\":\"https:\\\/\\\/landioustravel.com\\\/it\\\/#organization\",\"name\":\"Landious Travel\",\"alternateName\":\"Landious Travel\",\"url\":\"https:\\\/\\\/landioustravel.com\\\/it\\\/\",\"logo\":{\"@id\":\"https:\\\/\\\/landioustravel.com\\\/it\\\/shop\\\/viaggio-cairo-aereo-hurghada\\\/#local-main-organization-logo\"},\"image\":{\"@id\":\"https:\\\/\\\/landioustravel.com\\\/it\\\/shop\\\/viaggio-cairo-aereo-hurghada\\\/#local-main-organization-logo\"},\"sameAs\":[\"https:\\\/\\\/web.facebook.com\\\/landiousEgypt\",\"https:\\\/\\\/x.com\\\/LandiousTours\",\"https:\\\/\\\/mastodon.social\\\/@landious\"],\"legalName\":\"Landious Travel\",\"telephone\":[],\"openingHoursSpecification\":[{\"@type\":\"OpeningHoursSpecification\",\"dayOfWeek\":[\"Monday\",\"Tuesday\",\"Wednesday\",\"Thursday\",\"Friday\",\"Saturday\",\"Sunday\"],\"opens\":\"09:00\",\"closes\":\"17:00\"}]},{\"@type\":\"ImageObject\",\"inLanguage\":\"it-IT\",\"@id\":\"https:\\\/\\\/landioustravel.com\\\/it\\\/shop\\\/viaggio-cairo-aereo-hurghada\\\/#local-main-organization-logo\",\"url\":\"https:\\\/\\\/i0.wp.com\\\/landioustravel.com\\\/wp-content\\\/uploads\\\/2021\\\/06\\\/Landious-T.png?fit=500%2C500&ssl=1\",\"contentUrl\":\"https:\\\/\\\/i0.wp.com\\\/landioustravel.com\\\/wp-content\\\/uploads\\\/2021\\\/06\\\/Landious-T.png?fit=500%2C500&ssl=1\",\"width\":500,\"height\":500,\"caption\":\"Landious Travel\"}]}<\/script>\n<!-- \/ Yoast SEO Premium plugin. -->","yoast_head_json":{"title":"Viaggio al Cairo in aereo Hurghada","description":"Viaggio al Cairo in aereo Hurghada vedrai le tre grandi piramidi di Giza e la Grande Sfinge. Successivamente, pranzerai. Accanto, visiterai","robots":{"index":"index","follow":"follow","max-snippet":"max-snippet:-1","max-image-preview":"max-image-preview:large","max-video-preview":"max-video-preview:-1"},"canonical":"https:\/\/landioustravel.com\/it\/shop\/viaggio-cairo-aereo-hurghada\/","og_locale":"it_IT","og_type":"article","og_title":"Viaggio al Cairo in aereo Hurghada","og_description":"Landious Travel","og_url":"https:\/\/landioustravel.com\/it\/shop\/viaggio-cairo-aereo-hurghada\/","og_site_name":"Landious Travel","article_publisher":"https:\/\/web.facebook.com\/landiousEgypt","article_modified_time":"2025-11-10T17:14:09+00:00","og_image":[{"width":1200,"height":800,"url":"https:\/\/i0.wp.com\/landioustravel.com\/wp-content\/uploads\/2021\/11\/Cairo-Trip-by-Plane-Hurghada.jpg?fit=1200%2C800&ssl=1","type":"image\/jpeg"}],"twitter_card":"summary_large_image","twitter_site":"@LandiousTours","twitter_misc":{"Tempo di lettura stimato":"3 minuti"},"schema":{"@context":"https:\/\/schema.org","@graph":[{"@type":"WebPage","@id":"https:\/\/landioustravel.com\/it\/shop\/viaggio-cairo-aereo-hurghada\/","url":"https:\/\/landioustravel.com\/it\/shop\/viaggio-cairo-aereo-hurghada\/","name":"Viaggio al Cairo in aereo Hurghada","isPartOf":{"@id":"https:\/\/landioustravel.com\/it\/#website"},"primaryImageOfPage":{"@id":"https:\/\/landioustravel.com\/it\/shop\/viaggio-cairo-aereo-hurghada\/#primaryimage"},"image":{"@id":"https:\/\/landioustravel.com\/it\/shop\/viaggio-cairo-aereo-hurghada\/#primaryimage"},"thumbnailUrl":"https:\/\/i0.wp.com\/landioustravel.com\/wp-content\/uploads\/2021\/11\/Cairo-Trip-by-Plane-Hurghada.jpg?fit=1200%2C800&ssl=1","datePublished":"2021-11-30T01:02:43+00:00","dateModified":"2025-11-10T17:14:09+00:00","description":"Viaggio al Cairo in aereo Hurghada vedrai le tre grandi piramidi di Giza e la Grande Sfinge. Successivamente, pranzerai. Accanto, visiterai","breadcrumb":{"@id":"https:\/\/landioustravel.com\/it\/shop\/viaggio-cairo-aereo-hurghada\/#breadcrumb"},"inLanguage":"it-IT","potentialAction":[{"@type":"ReadAction","target":["https:\/\/landioustravel.com\/it\/shop\/viaggio-cairo-aereo-hurghada\/"]}]},{"@type":"ImageObject","inLanguage":"it-IT","@id":"https:\/\/landioustravel.com\/it\/shop\/viaggio-cairo-aereo-hurghada\/#primaryimage","url":"https:\/\/i0.wp.com\/landioustravel.com\/wp-content\/uploads\/2021\/11\/Cairo-Trip-by-Plane-Hurghada.jpg?fit=1200%2C800&ssl=1","contentUrl":"https:\/\/i0.wp.com\/landioustravel.com\/wp-content\/uploads\/2021\/11\/Cairo-Trip-by-Plane-Hurghada.jpg?fit=1200%2C800&ssl=1","width":1200,"height":800,"caption":"Cairo Trip by Plane Hurghada"},{"@type":"BreadcrumbList","@id":"https:\/\/landioustravel.com\/it\/shop\/viaggio-cairo-aereo-hurghada\/#breadcrumb","itemListElement":[{"@type":"ListItem","position":1,"name":"Home","item":"https:\/\/landioustravel.com\/it\/"},{"@type":"ListItem","position":2,"name":"Tour in Egitto","item":"https:\/\/landioustravel.com\/it\/"},{"@type":"ListItem","position":3,"name":"Viaggio al Cairo in aereo Hurghada"}]},{"@type":"WebSite","@id":"https:\/\/landioustravel.com\/it\/#website","url":"https:\/\/landioustravel.com\/it\/","name":"Landious Travel","description":"Excursions, trips and cruises in Egypt","publisher":{"@id":"https:\/\/landioustravel.com\/it\/#organization"},"potentialAction":[{"@type":"SearchAction","target":{"@type":"EntryPoint","urlTemplate":"https:\/\/landioustravel.com\/it\/?s={search_term_string}"},"query-input":{"@type":"PropertyValueSpecification","valueRequired":true,"valueName":"search_term_string"}}],"inLanguage":"it-IT"},{"@type":["Organization","Place"],"@id":"https:\/\/landioustravel.com\/it\/#organization","name":"Landious Travel","alternateName":"Landious Travel","url":"https:\/\/landioustravel.com\/it\/","logo":{"@id":"https:\/\/landioustravel.com\/it\/shop\/viaggio-cairo-aereo-hurghada\/#local-main-organization-logo"},"image":{"@id":"https:\/\/landioustravel.com\/it\/shop\/viaggio-cairo-aereo-hurghada\/#local-main-organization-logo"},"sameAs":["https:\/\/web.facebook.com\/landiousEgypt","https:\/\/x.com\/LandiousTours","https:\/\/mastodon.social\/@landious"],"legalName":"Landious Travel","telephone":[],"openingHoursSpecification":[{"@type":"OpeningHoursSpecification","dayOfWeek":["Monday","Tuesday","Wednesday","Thursday","Friday","Saturday","Sunday"],"opens":"09:00","closes":"17:00"}]},{"@type":"ImageObject","inLanguage":"it-IT","@id":"https:\/\/landioustravel.com\/it\/shop\/viaggio-cairo-aereo-hurghada\/#local-main-organization-logo","url":"https:\/\/i0.wp.com\/landioustravel.com\/wp-content\/uploads\/2021\/06\/Landious-T.png?fit=500%2C500&ssl=1","contentUrl":"https:\/\/i0.wp.com\/landioustravel.com\/wp-content\/uploads\/2021\/06\/Landious-T.png?fit=500%2C500&ssl=1","width":500,"height":500,"caption":"Landious Travel"}]}},"jetpack_publicize_connections":[],"uagb_featured_image_src":{"full":["https:\/\/i0.wp.com\/landioustravel.com\/wp-content\/uploads\/2021\/11\/Cairo-Trip-by-Plane-Hurghada.jpg?fit=1200%2C800&ssl=1",1200,800,false],"thumbnail":["https:\/\/i0.wp.com\/landioustravel.com\/wp-content\/uploads\/2021\/11\/Cairo-Trip-by-Plane-Hurghada.jpg?resize=150%2C150&ssl=1",150,150,true],"medium":["https:\/\/i0.wp.com\/landioustravel.com\/wp-content\/uploads\/2021\/11\/Cairo-Trip-by-Plane-Hurghada.jpg?fit=300%2C200&ssl=1",300,200,true],"medium_large":["https:\/\/i0.wp.com\/landioustravel.com\/wp-content\/uploads\/2021\/11\/Cairo-Trip-by-Plane-Hurghada.jpg?fit=768%2C512&ssl=1",768,512,true],"large":["https:\/\/i0.wp.com\/landioustravel.com\/wp-content\/uploads\/2021\/11\/Cairo-Trip-by-Plane-Hurghada.jpg?fit=980%2C654&ssl=1",980,654,true],"1536x1536":["https:\/\/i0.wp.com\/landioustravel.com\/wp-content\/uploads\/2021\/11\/Cairo-Trip-by-Plane-Hurghada.jpg?fit=1200%2C800&ssl=1",1200,800,true],"2048x2048":["https:\/\/i0.wp.com\/landioustravel.com\/wp-content\/uploads\/2021\/11\/Cairo-Trip-by-Plane-Hurghada.jpg?fit=1200%2C800&ssl=1",1200,800,true],"newspack-article-block-landscape-large":["https:\/\/i0.wp.com\/landioustravel.com\/wp-content\/uploads\/2021\/11\/Cairo-Trip-by-Plane-Hurghada.jpg?resize=1200%2C800&ssl=1",1200,800,true],"newspack-article-block-portrait-large":["https:\/\/i0.wp.com\/landioustravel.com\/wp-content\/uploads\/2021\/11\/Cairo-Trip-by-Plane-Hurghada.jpg?resize=900%2C800&ssl=1",900,800,true],"newspack-article-block-square-large":["https:\/\/i0.wp.com\/landioustravel.com\/wp-content\/uploads\/2021\/11\/Cairo-Trip-by-Plane-Hurghada.jpg?resize=1200%2C800&ssl=1",1200,800,true],"newspack-article-block-landscape-medium":["https:\/\/i0.wp.com\/landioustravel.com\/wp-content\/uploads\/2021\/11\/Cairo-Trip-by-Plane-Hurghada.jpg?resize=800%2C600&ssl=1",800,600,true],"newspack-article-block-portrait-medium":["https:\/\/i0.wp.com\/landioustravel.com\/wp-content\/uploads\/2021\/11\/Cairo-Trip-by-Plane-Hurghada.jpg?resize=600%2C800&ssl=1",600,800,true],"newspack-article-block-square-medium":["https:\/\/i0.wp.com\/landioustravel.com\/wp-content\/uploads\/2021\/11\/Cairo-Trip-by-Plane-Hurghada.jpg?resize=800%2C800&ssl=1",800,800,true],"newspack-article-block-landscape-intermediate":["https:\/\/i0.wp.com\/landioustravel.com\/wp-content\/uploads\/2021\/11\/Cairo-Trip-by-Plane-Hurghada.jpg?resize=600%2C450&ssl=1",600,450,true],"newspack-article-block-portrait-intermediate":["https:\/\/i0.wp.com\/landioustravel.com\/wp-content\/uploads\/2021\/11\/Cairo-Trip-by-Plane-Hurghada.jpg?resize=450%2C600&ssl=1",450,600,true],"newspack-article-block-square-intermediate":["https:\/\/i0.wp.com\/landioustravel.com\/wp-content\/uploads\/2021\/11\/Cairo-Trip-by-Plane-Hurghada.jpg?resize=600%2C600&ssl=1",600,600,true],"newspack-article-block-landscape-small":["https:\/\/i0.wp.com\/landioustravel.com\/wp-content\/uploads\/2021\/11\/Cairo-Trip-by-Plane-Hurghada.jpg?resize=400%2C300&ssl=1",400,300,true],"newspack-article-block-portrait-small":["https:\/\/i0.wp.com\/landioustravel.com\/wp-content\/uploads\/2021\/11\/Cairo-Trip-by-Plane-Hurghada.jpg?resize=300%2C400&ssl=1",300,400,true],"newspack-article-block-square-small":["https:\/\/i0.wp.com\/landioustravel.com\/wp-content\/uploads\/2021\/11\/Cairo-Trip-by-Plane-Hurghada.jpg?resize=400%2C400&ssl=1",400,400,true],"newspack-article-block-landscape-tiny":["https:\/\/i0.wp.com\/landioustravel.com\/wp-content\/uploads\/2021\/11\/Cairo-Trip-by-Plane-Hurghada.jpg?resize=200%2C150&ssl=1",200,150,true],"newspack-article-block-portrait-tiny":["https:\/\/i0.wp.com\/landioustravel.com\/wp-content\/uploads\/2021\/11\/Cairo-Trip-by-Plane-Hurghada.jpg?resize=150%2C200&ssl=1",150,200,true],"newspack-article-block-square-tiny":["https:\/\/i0.wp.com\/landioustravel.com\/wp-content\/uploads\/2021\/11\/Cairo-Trip-by-Plane-Hurghada.jpg?resize=200%2C200&ssl=1",200,200,true],"newspack-article-block-uncropped":["https:\/\/i0.wp.com\/landioustravel.com\/wp-content\/uploads\/2021\/11\/Cairo-Trip-by-Plane-Hurghada.jpg?fit=1200%2C800&ssl=1",1200,800,true],"woocommerce_thumbnail":["https:\/\/i0.wp.com\/landioustravel.com\/wp-content\/uploads\/2021\/11\/Cairo-Trip-by-Plane-Hurghada.jpg?resize=324%2C324&ssl=1",324,324,true],"woocommerce_single":["https:\/\/i0.wp.com\/landioustravel.com\/wp-content\/uploads\/2021\/11\/Cairo-Trip-by-Plane-Hurghada.jpg?fit=416%2C277&ssl=1",416,277,true],"woocommerce_gallery_thumbnail":["https:\/\/i0.wp.com\/landioustravel.com\/wp-content\/uploads\/2021\/11\/Cairo-Trip-by-Plane-Hurghada.jpg?resize=100%2C100&ssl=1",100,100,true]},"uagb_author_info":{"display_name":"Mofreh Landious","author_link":"https:\/\/landioustravel.com\/it\/author\/"},"uagb_comment_info":1,"uagb_excerpt":"Vola da Hurghada al Cairo in aereo, dove potrai goderti un emozionante viaggio alle piramidi. La tua guida ti incontrer\u00e0 di fronte al tuo hotel di Hurghada con un veicolo con aria condizionata e ti trasferir\u00e0 all'aeroporto per prendere il volo per il Cairo. All'arrivo al Cairo, verrai accolto dall'egittologo, che ti accompagner\u00e0 per tutto&hellip;","jetpack_sharing_enabled":true,"jetpack_likes_enabled":true,"amp_enabled":true,"_links":{"self":[{"href":"https:\/\/landioustravel.com\/it\/wp-json\/wp\/v2\/product\/39731","targetHints":{"allow":["GET"]}}],"collection":[{"href":"https:\/\/landioustravel.com\/it\/wp-json\/wp\/v2\/product"}],"about":[{"href":"https:\/\/landioustravel.com\/it\/wp-json\/wp\/v2\/types\/product"}],"replies":[{"embeddable":true,"href":"https:\/\/landioustravel.com\/it\/wp-json\/wp\/v2\/comments?post=39731"}],"wp:featuredmedia":[{"embeddable":true,"href":"https:\/\/landioustravel.com\/it\/wp-json\/wp\/v2\/media\/99201"}],"wp:attachment":[{"href":"https:\/\/landioustravel.com\/it\/wp-json\/wp\/v2\/media?parent=39731"}],"wp:term":[{"taxonomy":"product_brand","embeddable":true,"href":"https:\/\/landioustravel.com\/it\/wp-json\/wp\/v2\/product_brand?post=39731"},{"taxonomy":"product_cat","embeddable":true,"href":"https:\/\/landioustravel.com\/it\/wp-json\/wp\/v2\/product_cat?post=39731"},{"taxonomy":"product_tag","embeddable":true,"href":"https:\/\/landioustravel.com\/it\/wp-json\/wp\/v2\/product_tag?post=39731"}],"curies":[{"name":"wp","href":"https:\/\/api.w.org\/{rel}","templated":true}]}}