{"id":39856,"date":"2021-01-09T18:47:15","date_gmt":"2021-12-05T22:22:08","guid":{"rendered":"https:\/\/landioustravel.com\/?post_type=product&#038;p=39856"},"modified":"2026-05-04T20:13:34","modified_gmt":"2026-05-04T17:13:34","slug":"giro-mongolfiera-luxor","status":"publish","type":"product","link":"https:\/\/landioustravel.com\/it\/shop\/giro-mongolfiera-luxor\/","title":{"rendered":"Giro in mongolfiera Luxor"},"content":{"rendered":"<p>PRENOTAZIONE ONLINE GIRO IN MONGOLFIERA LUXOR E MIGLIOR PREZZO! Il giro in mongolfiera a Luxor \u00e8 una delle migliori escursioni che puoi fare durante il soggiorno a Luxor, in Egitto!<\/p>\n<p>Riteniamo che il programma sia il pi\u00f9 bello per avere le migliori viste di Luxor! \u00c8 un emozionante giro turistico in mongolfiera a Luxor! Naturalmente, consigliamo questo viaggio come un&#8217;occasione unica per dare uno sguardo dal cielo su Luxor! Questa opportunit\u00e0 unica consente ai turisti di vedere molte attrazioni dell&#8217;Antico Egitto. Inoltre, offre le migliori viste della citt\u00e0.<\/p>\n<p>Avrai viste uniche della citt\u00e0 durante il giro in mongolfiera di Luxor. Di conseguenza, queste viste eccezionali mostrano i bellissimi templi di Luxor e i campi verdi che si trovano lungo le rive del fiume Nilo.<\/p>\n<p>In particolare, nella parte occidentale di Luxor, vedrai la Necropoli di Luxor, con molte viste sui templi e sulle tombe. Il tempio di milioni di anni di Amenhotep III, il Medinet Habu, il Ramesseum e il tempio della regina Hatshepsut sono tra questi templi che vedrai. Mentre la Valle delle Regine e la Valle dei Re sono tra i tom, puoi dare un&#8217;occhiata. In effetti, \u00e8 una delle esperienze di vacanza che ricorderai per tutta la vita!<\/p>\n<h2>Punti salienti del programma di giro in mongolfiera a Luxor<\/h2>\n<ul>\n<li>Colazione.<\/li>\n<li>Inoltre, 45 minuti di giro in mongolfiera.<\/li>\n<\/ul>\n<h2>Programma di giro in mongolfiera<\/h2>\n<h3>Orario di inizio e ritiro<\/h3>\n<ul>\n<li>Il rappresentante di Landious Travel ti viene a prendere dal tuo hotel o nave da crociera a Luxor intorno alle 04:00.<\/li>\n<\/ul>\n<h3>Destinazione<\/h3>\n<ul>\n<li>Dopo aver raccolto tutti i visitatori, il minibus parte verso la marina del Nilo. Navigherai su un motoscafo verso la riva occidentale dalla marina.<\/li>\n<\/ul>\n<h3>Colazione<\/h3>\n<ul>\n<li>Degno di nota il fatto che ti serviremo t\u00e8 e caff\u00e8 durante il viaggio sul fiume Nilo sulla strada per la riva occidentale.<\/li>\n<\/ul>\n<h3>Punto di arrivo<\/h3>\n<ul>\n<li>Non appena arrivi alla riva occidentale, ti accompagniamo all&#8217;aeroporto di mongolfiera, dove inizierai il tuo giro in mongolfiera.<\/li>\n<\/ul>\n<h3>Programma a Luxor occidentale<\/h3>\n<h4>mongolfiera<\/h4>\n<ul>\n<li>A Luxor occidentale, il viaggio inizia. Avrai un fantastico giro per 45 minuti.<\/li>\n<\/ul>\n<h4>Partenza<\/h4>\n<ul>\n<li>Infine, il nostro autobus riparte per la marina del Nilo, dopo un tale programma nella bellissima citt\u00e0 di Luxor.<\/li>\n<\/ul>\n<h4>Tempo scaduto<\/h4>\n<ul>\n<li>Questo &#8220;giro in mongolfiera a Luxor&#8221; termina alle 06:00 circa.<\/li>\n<\/ul>\n<h2>Cosa include il prezzo Luxor del giro in mongolfiera?<\/h2>\n<ul>\n<li>Quarantacinque minuti di giro in mongolfiera, nel cielo di Luxor.<\/li>\n<li>Motoscafo per trasferimento in Cisgiordania.<\/li>\n<li>Certificato di volo.<\/li>\n<li>Guida.<\/li>\n<li>Inoltre, trasferimento a Luxor e ritorno in hotel.<\/li>\n<\/ul>\n<h2>Cosa non include il prezzo del giro in mongolfiera?<\/h2>\n<ul>\n<li>Programmi di escursioni aggiuntivi se non inclusi nel programma di cui sopra.<\/li>\n<\/ul>\n<h2>Cosa portare con te per il viaggio?<\/h2>\n<ul>\n<li>Vestiti per la stagione.<\/li>\n<\/ul>\n<h2>Prenotazione giorni di giro in mongolfiera Luxor<\/h2>\n<ul>\n<li>Tutti i giorni dalle 04:00 alle 05:00.<\/li>\n<\/ul>\n","protected":false},"excerpt":{"rendered":"<p>Vivi l&#8217;alba mozzafiato su Luxor da una mongolfiera con questa straordinaria opportunit\u00e0. Un autista verr\u00e0 a prenderti dal tuo hotel e ti condurr\u00e0 sulle rive occidentali del fiume Nilo, dove riceverai un rinfresco e un briefing sulla sicurezza prima di salire a bordo del tuo pallone per un volo da 45 minuti a un&#8217;ora. Goditi caff\u00e8 e t\u00e8 mentre ammiri le viste mozzafiato. I trasferimenti di andata e ritorno in hotel sono inclusi e riceverai un certificato di volo per commemorare la tua esperienza. Aspettati un prelievo mattutino dal tuo hotel o nave da crociera nel centro di Luxor, seguito da un comodo viaggio con aria condizionata fino al sito di lancio sulla riva occidentale del fiume Nilo. L\u00ec, ti godrai uno spuntino leggero e un rinfresco prima del volo, incontrerai il tuo pilota esperto e l&#8217;equipaggio di terra e riceverai un briefing completo sulla sicurezza prima di salire a bordo del robusto cestino del pallone con il tuo pilota e gli altri passeggeri. Preparati per una scarica di adrenalina mentre il pallone dai colori vivaci si alza nel cielo ancora buio per il tuo volo di circa 45-60 minuti. Avrai l&#8217;opportunit\u00e0 di vedere siti iconici come il Tempio di Hatshepsut e la Valle dei Re da una nuova prospettiva.<\/p>\n","protected":false},"featured_media":27209,"comment_status":"open","ping_status":"closed","template":"","meta":{"_coblocks_attr":"","_coblocks_dimensions":"","_coblocks_responsive_height":"","_coblocks_accordion_ie_support":"","_uag_custom_page_level_css":"","jetpack_publicize_message":"","jetpack_publicize_feature_enabled":true,"jetpack_social_post_already_shared":true,"jetpack_social_options":{"image_generator_settings":{"template":"highway","default_image_id":0,"font":"","enabled":false},"version":2},"_wpas_customize_per_network":false},"product_brand":[],"product_cat":[19561],"product_tag":[1644,1669,1668,9910],"class_list":{"0":"post-39856","1":"product","2":"type-product","3":"status-publish","4":"has-post-thumbnail","6":"product_cat-escursioni-luxor","7":"product_tag-escursione","8":"product_tag-giro-della-citta","9":"product_tag-luxor-it","10":"product_tag-visita-turistica","11":"pa_age-adulto","12":"pa_age-bambino-1-4-anni","13":"pa_age-bambino-5-11-anni","15":"first","16":"instock","17":"sale","18":"featured","19":"taxable","20":"shipping-taxable","21":"purchasable","22":"product-type-variable"},"yoast_head":"<!-- This site is optimized with the Yoast SEO Premium plugin v27.5 (Yoast SEO v27.5) - https:\/\/yoast.com\/product\/yoast-seo-premium-wordpress\/ -->\n<title>Giro in mongolfiera Luxor<\/title>\n<meta name=\"description\" content=\"Giro in mongolfiera Luxor Il giro in mongolfiera a Luxor ti offre viste uniche sui numerosi monumenti e attrazioni di Luxor. Il prezzo del\" \/>\n<meta name=\"robots\" content=\"index, follow, max-snippet:-1, max-image-preview:large, max-video-preview:-1\" \/>\n<link rel=\"canonical\" href=\"https:\/\/landioustravel.com\/it\/shop\/giro-mongolfiera-luxor\/\" \/>\n<meta property=\"og:locale\" content=\"it_IT\" \/>\n<meta property=\"og:type\" content=\"article\" \/>\n<meta property=\"og:title\" content=\"Giro in mongolfiera Luxor\" \/>\n<meta property=\"og:description\" content=\"Landious Travel\" \/>\n<meta property=\"og:url\" content=\"https:\/\/landioustravel.com\/it\/shop\/giro-mongolfiera-luxor\/\" \/>\n<meta property=\"og:site_name\" content=\"Landious Travel\" \/>\n<meta property=\"article:publisher\" content=\"https:\/\/web.facebook.com\/landiousEgypt\" \/>\n<meta property=\"article:modified_time\" content=\"2026-05-04T17:13:34+00:00\" \/>\n<meta property=\"og:image\" content=\"https:\/\/i0.wp.com\/landioustravel.com\/wp-content\/uploads\/2021\/01\/balloon_trip_luxor-e1610201299898.jpg?fit=1200%2C675&ssl=1\" \/>\n\t<meta property=\"og:image:width\" content=\"1200\" \/>\n\t<meta property=\"og:image:height\" content=\"675\" \/>\n\t<meta property=\"og:image:type\" content=\"image\/jpeg\" \/>\n<meta name=\"twitter:card\" content=\"summary_large_image\" \/>\n<meta name=\"twitter:site\" content=\"@LandiousTours\" \/>\n<meta name=\"twitter:label1\" content=\"Tempo di lettura stimato\" \/>\n\t<meta name=\"twitter:data1\" content=\"2 minuti\" \/>\n<script type=\"application\/ld+json\" class=\"yoast-schema-graph\">{\"@context\":\"https:\\\/\\\/schema.org\",\"@graph\":[{\"@type\":\"WebPage\",\"@id\":\"https:\\\/\\\/landioustravel.com\\\/it\\\/shop\\\/giro-mongolfiera-luxor\\\/\",\"url\":\"https:\\\/\\\/landioustravel.com\\\/it\\\/shop\\\/giro-mongolfiera-luxor\\\/\",\"name\":\"Giro in mongolfiera Luxor\",\"isPartOf\":{\"@id\":\"https:\\\/\\\/landioustravel.com\\\/it\\\/#website\"},\"primaryImageOfPage\":{\"@id\":\"https:\\\/\\\/landioustravel.com\\\/it\\\/shop\\\/giro-mongolfiera-luxor\\\/#primaryimage\"},\"image\":{\"@id\":\"https:\\\/\\\/landioustravel.com\\\/it\\\/shop\\\/giro-mongolfiera-luxor\\\/#primaryimage\"},\"thumbnailUrl\":\"https:\\\/\\\/i0.wp.com\\\/landioustravel.com\\\/wp-content\\\/uploads\\\/2021\\\/01\\\/balloon_trip_luxor-e1610201299898.jpg?fit=1200%2C675&ssl=1\",\"datePublished\":\"2021-12-05T22:22:08+00:00\",\"dateModified\":\"2026-05-04T17:13:34+00:00\",\"description\":\"Giro in mongolfiera Luxor Il giro in mongolfiera a Luxor ti offre viste uniche sui numerosi monumenti e attrazioni di Luxor. Il prezzo del\",\"breadcrumb\":{\"@id\":\"https:\\\/\\\/landioustravel.com\\\/it\\\/shop\\\/giro-mongolfiera-luxor\\\/#breadcrumb\"},\"inLanguage\":\"it-IT\",\"potentialAction\":[{\"@type\":\"ReadAction\",\"target\":[\"https:\\\/\\\/landioustravel.com\\\/it\\\/shop\\\/giro-mongolfiera-luxor\\\/\"]}]},{\"@type\":\"ImageObject\",\"inLanguage\":\"it-IT\",\"@id\":\"https:\\\/\\\/landioustravel.com\\\/it\\\/shop\\\/giro-mongolfiera-luxor\\\/#primaryimage\",\"url\":\"https:\\\/\\\/i0.wp.com\\\/landioustravel.com\\\/wp-content\\\/uploads\\\/2021\\\/01\\\/balloon_trip_luxor-e1610201299898.jpg?fit=1200%2C675&ssl=1\",\"contentUrl\":\"https:\\\/\\\/i0.wp.com\\\/landioustravel.com\\\/wp-content\\\/uploads\\\/2021\\\/01\\\/balloon_trip_luxor-e1610201299898.jpg?fit=1200%2C675&ssl=1\",\"width\":1200,\"height\":675,\"caption\":\"Hot Air Balloon Ride in Luxor\"},{\"@type\":\"BreadcrumbList\",\"@id\":\"https:\\\/\\\/landioustravel.com\\\/it\\\/shop\\\/giro-mongolfiera-luxor\\\/#breadcrumb\",\"itemListElement\":[{\"@type\":\"ListItem\",\"position\":1,\"name\":\"Home\",\"item\":\"https:\\\/\\\/landioustravel.com\\\/it\\\/\"},{\"@type\":\"ListItem\",\"position\":2,\"name\":\"Tour in Egitto\",\"item\":\"https:\\\/\\\/landioustravel.com\\\/it\\\/\"},{\"@type\":\"ListItem\",\"position\":3,\"name\":\"Giro in mongolfiera Luxor\"}]},{\"@type\":\"WebSite\",\"@id\":\"https:\\\/\\\/landioustravel.com\\\/it\\\/#website\",\"url\":\"https:\\\/\\\/landioustravel.com\\\/it\\\/\",\"name\":\"Landious Travel\",\"description\":\"Excursions, trips and cruises in Egypt\",\"publisher\":{\"@id\":\"https:\\\/\\\/landioustravel.com\\\/it\\\/#organization\"},\"potentialAction\":[{\"@type\":\"SearchAction\",\"target\":{\"@type\":\"EntryPoint\",\"urlTemplate\":\"https:\\\/\\\/landioustravel.com\\\/it\\\/?s={search_term_string}\"},\"query-input\":{\"@type\":\"PropertyValueSpecification\",\"valueRequired\":true,\"valueName\":\"search_term_string\"}}],\"inLanguage\":\"it-IT\"},{\"@type\":[\"Organization\",\"Place\"],\"@id\":\"https:\\\/\\\/landioustravel.com\\\/it\\\/#organization\",\"name\":\"Landious Travel\",\"alternateName\":\"Landious Travel\",\"url\":\"https:\\\/\\\/landioustravel.com\\\/it\\\/\",\"logo\":{\"@id\":\"https:\\\/\\\/landioustravel.com\\\/it\\\/shop\\\/giro-mongolfiera-luxor\\\/#local-main-organization-logo\"},\"image\":{\"@id\":\"https:\\\/\\\/landioustravel.com\\\/it\\\/shop\\\/giro-mongolfiera-luxor\\\/#local-main-organization-logo\"},\"sameAs\":[\"https:\\\/\\\/web.facebook.com\\\/landiousEgypt\",\"https:\\\/\\\/x.com\\\/LandiousTours\",\"https:\\\/\\\/mastodon.social\\\/@landious\"],\"legalName\":\"Landious Travel\",\"telephone\":[],\"openingHoursSpecification\":[{\"@type\":\"OpeningHoursSpecification\",\"dayOfWeek\":[\"Monday\",\"Tuesday\",\"Wednesday\",\"Thursday\",\"Friday\",\"Saturday\",\"Sunday\"],\"opens\":\"09:00\",\"closes\":\"17:00\"}]},{\"@type\":\"ImageObject\",\"inLanguage\":\"it-IT\",\"@id\":\"https:\\\/\\\/landioustravel.com\\\/it\\\/shop\\\/giro-mongolfiera-luxor\\\/#local-main-organization-logo\",\"url\":\"https:\\\/\\\/i0.wp.com\\\/landioustravel.com\\\/wp-content\\\/uploads\\\/2021\\\/06\\\/Landious-T.png?fit=500%2C500&ssl=1\",\"contentUrl\":\"https:\\\/\\\/i0.wp.com\\\/landioustravel.com\\\/wp-content\\\/uploads\\\/2021\\\/06\\\/Landious-T.png?fit=500%2C500&ssl=1\",\"width\":500,\"height\":500,\"caption\":\"Landious Travel\"}]}<\/script>\n<!-- \/ Yoast SEO Premium plugin. -->","yoast_head_json":{"title":"Giro in mongolfiera Luxor","description":"Giro in mongolfiera Luxor Il giro in mongolfiera a Luxor ti offre viste uniche sui numerosi monumenti e attrazioni di Luxor. Il prezzo del","robots":{"index":"index","follow":"follow","max-snippet":"max-snippet:-1","max-image-preview":"max-image-preview:large","max-video-preview":"max-video-preview:-1"},"canonical":"https:\/\/landioustravel.com\/it\/shop\/giro-mongolfiera-luxor\/","og_locale":"it_IT","og_type":"article","og_title":"Giro in mongolfiera Luxor","og_description":"Landious Travel","og_url":"https:\/\/landioustravel.com\/it\/shop\/giro-mongolfiera-luxor\/","og_site_name":"Landious Travel","article_publisher":"https:\/\/web.facebook.com\/landiousEgypt","article_modified_time":"2026-05-04T17:13:34+00:00","og_image":[{"width":1200,"height":675,"url":"https:\/\/i0.wp.com\/landioustravel.com\/wp-content\/uploads\/2021\/01\/balloon_trip_luxor-e1610201299898.jpg?fit=1200%2C675&ssl=1","type":"image\/jpeg"}],"twitter_card":"summary_large_image","twitter_site":"@LandiousTours","twitter_misc":{"Tempo di lettura stimato":"2 minuti"},"schema":{"@context":"https:\/\/schema.org","@graph":[{"@type":"WebPage","@id":"https:\/\/landioustravel.com\/it\/shop\/giro-mongolfiera-luxor\/","url":"https:\/\/landioustravel.com\/it\/shop\/giro-mongolfiera-luxor\/","name":"Giro in mongolfiera Luxor","isPartOf":{"@id":"https:\/\/landioustravel.com\/it\/#website"},"primaryImageOfPage":{"@id":"https:\/\/landioustravel.com\/it\/shop\/giro-mongolfiera-luxor\/#primaryimage"},"image":{"@id":"https:\/\/landioustravel.com\/it\/shop\/giro-mongolfiera-luxor\/#primaryimage"},"thumbnailUrl":"https:\/\/i0.wp.com\/landioustravel.com\/wp-content\/uploads\/2021\/01\/balloon_trip_luxor-e1610201299898.jpg?fit=1200%2C675&ssl=1","datePublished":"2021-12-05T22:22:08+00:00","dateModified":"2026-05-04T17:13:34+00:00","description":"Giro in mongolfiera Luxor Il giro in mongolfiera a Luxor ti offre viste uniche sui numerosi monumenti e attrazioni di Luxor. Il prezzo del","breadcrumb":{"@id":"https:\/\/landioustravel.com\/it\/shop\/giro-mongolfiera-luxor\/#breadcrumb"},"inLanguage":"it-IT","potentialAction":[{"@type":"ReadAction","target":["https:\/\/landioustravel.com\/it\/shop\/giro-mongolfiera-luxor\/"]}]},{"@type":"ImageObject","inLanguage":"it-IT","@id":"https:\/\/landioustravel.com\/it\/shop\/giro-mongolfiera-luxor\/#primaryimage","url":"https:\/\/i0.wp.com\/landioustravel.com\/wp-content\/uploads\/2021\/01\/balloon_trip_luxor-e1610201299898.jpg?fit=1200%2C675&ssl=1","contentUrl":"https:\/\/i0.wp.com\/landioustravel.com\/wp-content\/uploads\/2021\/01\/balloon_trip_luxor-e1610201299898.jpg?fit=1200%2C675&ssl=1","width":1200,"height":675,"caption":"Hot Air Balloon Ride in Luxor"},{"@type":"BreadcrumbList","@id":"https:\/\/landioustravel.com\/it\/shop\/giro-mongolfiera-luxor\/#breadcrumb","itemListElement":[{"@type":"ListItem","position":1,"name":"Home","item":"https:\/\/landioustravel.com\/it\/"},{"@type":"ListItem","position":2,"name":"Tour in Egitto","item":"https:\/\/landioustravel.com\/it\/"},{"@type":"ListItem","position":3,"name":"Giro in mongolfiera Luxor"}]},{"@type":"WebSite","@id":"https:\/\/landioustravel.com\/it\/#website","url":"https:\/\/landioustravel.com\/it\/","name":"Landious Travel","description":"Excursions, trips and cruises in Egypt","publisher":{"@id":"https:\/\/landioustravel.com\/it\/#organization"},"potentialAction":[{"@type":"SearchAction","target":{"@type":"EntryPoint","urlTemplate":"https:\/\/landioustravel.com\/it\/?s={search_term_string}"},"query-input":{"@type":"PropertyValueSpecification","valueRequired":true,"valueName":"search_term_string"}}],"inLanguage":"it-IT"},{"@type":["Organization","Place"],"@id":"https:\/\/landioustravel.com\/it\/#organization","name":"Landious Travel","alternateName":"Landious Travel","url":"https:\/\/landioustravel.com\/it\/","logo":{"@id":"https:\/\/landioustravel.com\/it\/shop\/giro-mongolfiera-luxor\/#local-main-organization-logo"},"image":{"@id":"https:\/\/landioustravel.com\/it\/shop\/giro-mongolfiera-luxor\/#local-main-organization-logo"},"sameAs":["https:\/\/web.facebook.com\/landiousEgypt","https:\/\/x.com\/LandiousTours","https:\/\/mastodon.social\/@landious"],"legalName":"Landious Travel","telephone":[],"openingHoursSpecification":[{"@type":"OpeningHoursSpecification","dayOfWeek":["Monday","Tuesday","Wednesday","Thursday","Friday","Saturday","Sunday"],"opens":"09:00","closes":"17:00"}]},{"@type":"ImageObject","inLanguage":"it-IT","@id":"https:\/\/landioustravel.com\/it\/shop\/giro-mongolfiera-luxor\/#local-main-organization-logo","url":"https:\/\/i0.wp.com\/landioustravel.com\/wp-content\/uploads\/2021\/06\/Landious-T.png?fit=500%2C500&ssl=1","contentUrl":"https:\/\/i0.wp.com\/landioustravel.com\/wp-content\/uploads\/2021\/06\/Landious-T.png?fit=500%2C500&ssl=1","width":500,"height":500,"caption":"Landious Travel"}]}},"jetpack_publicize_connections":[],"uagb_featured_image_src":{"full":["https:\/\/i0.wp.com\/landioustravel.com\/wp-content\/uploads\/2021\/01\/balloon_trip_luxor-e1610201299898.jpg?fit=1200%2C675&ssl=1",1200,675,false],"thumbnail":["https:\/\/i0.wp.com\/landioustravel.com\/wp-content\/uploads\/2021\/01\/balloon_trip_luxor-e1610201299898.jpg?resize=150%2C150&ssl=1",150,150,true],"medium":["https:\/\/i0.wp.com\/landioustravel.com\/wp-content\/uploads\/2021\/01\/balloon_trip_luxor-e1610201299898.jpg?fit=300%2C200&ssl=1",300,200,true],"medium_large":["https:\/\/i0.wp.com\/landioustravel.com\/wp-content\/uploads\/2021\/01\/balloon_trip_luxor-e1610201299898.jpg?fit=768%2C511&ssl=1",768,511,true],"large":["https:\/\/i0.wp.com\/landioustravel.com\/wp-content\/uploads\/2021\/01\/balloon_trip_luxor-e1610201299898.jpg?fit=980%2C652&ssl=1",980,652,true],"1536x1536":["https:\/\/i0.wp.com\/landioustravel.com\/wp-content\/uploads\/2021\/01\/balloon_trip_luxor-e1610201299898.jpg?fit=1200%2C675&ssl=1",1200,675,true],"2048x2048":["https:\/\/i0.wp.com\/landioustravel.com\/wp-content\/uploads\/2021\/01\/balloon_trip_luxor-e1610201299898.jpg?fit=1200%2C675&ssl=1",1200,675,true],"newspack-article-block-landscape-large":["https:\/\/i0.wp.com\/landioustravel.com\/wp-content\/uploads\/2021\/01\/balloon_trip_luxor-e1610201299898.jpg?resize=1200%2C675&ssl=1",1200,675,true],"newspack-article-block-portrait-large":["https:\/\/i0.wp.com\/landioustravel.com\/wp-content\/uploads\/2021\/01\/balloon_trip_luxor-e1610201299898.jpg?resize=900%2C675&ssl=1",900,798,true],"newspack-article-block-square-large":["https:\/\/i0.wp.com\/landioustravel.com\/wp-content\/uploads\/2021\/01\/balloon_trip_luxor-e1610201299898.jpg?resize=1200%2C675&ssl=1",1200,675,true],"newspack-article-block-landscape-medium":["https:\/\/i0.wp.com\/landioustravel.com\/wp-content\/uploads\/2021\/01\/balloon_trip_luxor-e1610201299898.jpg?resize=800%2C600&ssl=1",800,600,true],"newspack-article-block-portrait-medium":["https:\/\/i0.wp.com\/landioustravel.com\/wp-content\/uploads\/2021\/01\/balloon_trip_luxor-e1610201299898.jpg?resize=600%2C675&ssl=1",600,798,true],"newspack-article-block-square-medium":["https:\/\/i0.wp.com\/landioustravel.com\/wp-content\/uploads\/2021\/01\/balloon_trip_luxor-e1610201299898.jpg?resize=800%2C675&ssl=1",800,798,true],"newspack-article-block-landscape-intermediate":["https:\/\/i0.wp.com\/landioustravel.com\/wp-content\/uploads\/2021\/01\/balloon_trip_luxor-e1610201299898.jpg?resize=600%2C450&ssl=1",600,450,true],"newspack-article-block-portrait-intermediate":["https:\/\/i0.wp.com\/landioustravel.com\/wp-content\/uploads\/2021\/01\/balloon_trip_luxor-e1610201299898.jpg?resize=450%2C600&ssl=1",450,600,true],"newspack-article-block-square-intermediate":["https:\/\/i0.wp.com\/landioustravel.com\/wp-content\/uploads\/2021\/01\/balloon_trip_luxor-e1610201299898.jpg?resize=600%2C600&ssl=1",600,600,true],"newspack-article-block-landscape-small":["https:\/\/i0.wp.com\/landioustravel.com\/wp-content\/uploads\/2021\/01\/balloon_trip_luxor-e1610201299898.jpg?resize=400%2C300&ssl=1",400,300,true],"newspack-article-block-portrait-small":["https:\/\/i0.wp.com\/landioustravel.com\/wp-content\/uploads\/2021\/01\/balloon_trip_luxor-e1610201299898.jpg?resize=300%2C400&ssl=1",300,400,true],"newspack-article-block-square-small":["https:\/\/i0.wp.com\/landioustravel.com\/wp-content\/uploads\/2021\/01\/balloon_trip_luxor-e1610201299898.jpg?resize=400%2C400&ssl=1",400,400,true],"newspack-article-block-landscape-tiny":["https:\/\/i0.wp.com\/landioustravel.com\/wp-content\/uploads\/2021\/01\/balloon_trip_luxor-e1610201299898.jpg?resize=200%2C150&ssl=1",200,150,true],"newspack-article-block-portrait-tiny":["https:\/\/i0.wp.com\/landioustravel.com\/wp-content\/uploads\/2021\/01\/balloon_trip_luxor-e1610201299898.jpg?resize=150%2C200&ssl=1",150,200,true],"newspack-article-block-square-tiny":["https:\/\/i0.wp.com\/landioustravel.com\/wp-content\/uploads\/2021\/01\/balloon_trip_luxor-e1610201299898.jpg?resize=200%2C200&ssl=1",200,200,true],"newspack-article-block-uncropped":["https:\/\/i0.wp.com\/landioustravel.com\/wp-content\/uploads\/2021\/01\/balloon_trip_luxor-e1610201299898.jpg?fit=1200%2C675&ssl=1",1200,675,true],"woocommerce_thumbnail":["https:\/\/i0.wp.com\/landioustravel.com\/wp-content\/uploads\/2021\/01\/balloon_trip_luxor-e1610201299898.jpg?resize=324%2C324&ssl=1",324,324,true],"woocommerce_single":["https:\/\/i0.wp.com\/landioustravel.com\/wp-content\/uploads\/2021\/01\/balloon_trip_luxor-e1610201299898.jpg?fit=416%2C234&ssl=1",416,234,true],"woocommerce_gallery_thumbnail":["https:\/\/i0.wp.com\/landioustravel.com\/wp-content\/uploads\/2021\/01\/balloon_trip_luxor-e1610201299898.jpg?resize=100%2C100&ssl=1",100,100,true]},"uagb_author_info":{"display_name":"Mofreh Landious","author_link":"https:\/\/landioustravel.com\/it\/author\/"},"uagb_comment_info":3,"uagb_excerpt":"Vivi l'alba mozzafiato su Luxor da una mongolfiera con questa straordinaria opportunit\u00e0. Un autista verr\u00e0 a prenderti dal tuo hotel e ti condurr\u00e0 sulle rive occidentali del fiume Nilo, dove riceverai un rinfresco e un briefing sulla sicurezza prima di salire a bordo del tuo pallone per un volo da 45 minuti a un'ora. Goditi&hellip;","jetpack_sharing_enabled":true,"jetpack_likes_enabled":true,"amp_enabled":true,"_links":{"self":[{"href":"https:\/\/landioustravel.com\/it\/wp-json\/wp\/v2\/product\/39856","targetHints":{"allow":["GET"]}}],"collection":[{"href":"https:\/\/landioustravel.com\/it\/wp-json\/wp\/v2\/product"}],"about":[{"href":"https:\/\/landioustravel.com\/it\/wp-json\/wp\/v2\/types\/product"}],"replies":[{"embeddable":true,"href":"https:\/\/landioustravel.com\/it\/wp-json\/wp\/v2\/comments?post=39856"}],"wp:featuredmedia":[{"embeddable":true,"href":"https:\/\/landioustravel.com\/it\/wp-json\/wp\/v2\/media\/27209"}],"wp:attachment":[{"href":"https:\/\/landioustravel.com\/it\/wp-json\/wp\/v2\/media?parent=39856"}],"wp:term":[{"taxonomy":"product_brand","embeddable":true,"href":"https:\/\/landioustravel.com\/it\/wp-json\/wp\/v2\/product_brand?post=39856"},{"taxonomy":"product_cat","embeddable":true,"href":"https:\/\/landioustravel.com\/it\/wp-json\/wp\/v2\/product_cat?post=39856"},{"taxonomy":"product_tag","embeddable":true,"href":"https:\/\/landioustravel.com\/it\/wp-json\/wp\/v2\/product_tag?post=39856"}],"curies":[{"name":"wp","href":"https:\/\/api.w.org\/{rel}","templated":true}]}}