{"id":39958,"date":"2020-12-28T05:44:41","date_gmt":"2021-12-10T22:12:47","guid":{"rendered":"https:\/\/landioustravel.com\/?post_type=product&#038;p=39958"},"modified":"2024-03-15T19:18:19","modified_gmt":"2024-03-15T17:18:19","slug":"viaggio-montagna-mose-cairo","status":"publish","type":"product","link":"https:\/\/landioustravel.com\/it\/shop\/viaggio-montagna-mose-cairo\/","title":{"rendered":"Viaggio Montagna di Mos\u00e8 dal Cairo"},"content":{"rendered":"<p>\u00c8 un&#8217;escursione molto spirituale! In questa escursione, scalerai la montagna del profeta Mos\u00e8 e vedrai il monastero di Santa Caterina. Certo, puoi fare questo tour di due giorni dal Cairo, in Egitto! Ti consigliamo il viaggio perch\u00e9 ti permette di vedere uno dei luoghi pi\u00f9 suggestivi della penisola del Sinai! Il viaggio di Moses Mountain ricorda il percorso del profeta Mos\u00e8 dal delta del Nilo alla penisola del Sinai! \u00c8 senza dubbio che visitare il monastero di Santa Caterina ti d\u00e0 pi\u00f9 potere spirituale. Inoltre, fornisce informazioni sufficienti sulla storia del cristianesimo in Egitto. PRENOTAZIONE ONLINE MOSES MOUNTAIN TRIP CAIRO E MIGLIOR PREZZO!<\/p>\n<h2>Punti salienti del viaggio in montagna di Moses dal Cairo<\/h2>\n<ul>\n<li>Pernottamento a Santa Caterina.<\/li>\n<li>Cena al ristorante dell&#8217;hotel.<\/li>\n<li>Scala la montagna del profeta Mos\u00e8.<\/li>\n<li>Colazione.<\/li>\n<li>Inoltre, visita il Monastero di Santa Caterina nella penisola del Sinai.<\/li>\n<\/ul>\n<h2>Programma dell&#8217;Escursione al Monte di Mos\u00e8<\/h2>\n<ul>\n<li>Il rappresentante di Landious Travel ti verr\u00e0 a prendere dal tuo hotel, al Cairo, alle 14:00 circa.<\/li>\n<li>Dopo aver prelevato tutti, l&#8217;autobus parte in direzione del monastero di Santa Caterina. Dal centro del Cairo a questo monastero, il tragitto dura circa 6 ore.<\/li>\n<\/ul>\n<h2>Alloggio a Santa Caterina<\/h2>\n<ul>\n<li>Una volta arrivato al tuo hotel a Saint Catherine, potrai effettuare il check-in e goderti il tuo soggiorno l\u00ec.<\/li>\n<li>Certo, puoi goderti la tua cena in questo hotel.<\/li>\n<\/ul>\n<h3>Programma sulla montagna di Mos\u00e8<\/h3>\n<ul>\n<li>Il nostro rappresentante ti verr\u00e0 a prendere dal tuo hotel alle 02:00 al Moses Mountain nel governatorato del Sinai meridionale.<\/li>\n<li>Quando arriverai al monastero di Santa Caterina, inizierai a salire sul vicino monte di Mos\u00e8. Naturalmente, la tua guida ti accompagner\u00e0 fino alla vetta della collina. Inoltre, forniamo anche una guida beduina.<\/li>\n<li>Mentre sali in cima alla montagna, farai due o pi\u00f9 pause.<\/li>\n<li>Non appena raggiungi la cima della montagna di Mos\u00e8, inizierai ad ammirare l&#8217;alba. Sar\u00e0 affascinante! Se sei arrivato in cima alla collina un po&#8217; prima dell&#8217;alba, potresti aspettarlo. Durante la mattina, il sole sorge meravigliosamente davanti ai tuoi occhi. Dopo una tale vista panoramica sulle montagne del Sinai, scenderai al monastero di Santa Caterina.<\/li>\n<\/ul>\n<h3>Programma nel Monastero di Santa Caterina<\/h3>\n<ul>\n<li>Il programma inizia con la visita al monastero di Santa Caterina. La tua guida avr\u00e0 il compito di mostrare tutti i principali santuari del santuario. Inoltre, le nostre guide ti daranno del tempo libero per scattare qualche foto.<\/li>\n<li>Cos\u00ec, nel monastero, vedrai le reliquie di Santa Caterina, il roveto del Roveto ardente, il cimitero e la cripta sotto la cappella di San Trifonab, i pi\u00f9 antichi mosaici, icone e la famosa Biblioteca del Sinai.<\/li>\n<li>L&#8217;ultimo punto di questo viaggio religioso e culturale sar\u00e0 fare colazione nel tuo hotel.<\/li>\n<\/ul>\n<h3>Partenza per Il Cairo<\/h3>\n<ul>\n<li>Infine, dopo la visita al Monastero di Santa Caterina, farai ritorno al Cairo.<\/li>\n<li>Questa escursione per scalare la montagna di Mos\u00e8 dal Cairo termina alle 16:00 circa del secondo giorno.<\/li>\n<\/ul>\n<h2>Cosa include il prezzo del viaggio in montagna di Moses Cairo?<\/h2>\n<ul>\n<li>Sistemazione a Santa Caterina.<\/li>\n<li>Cena e colazione.<\/li>\n<li>Guida.<\/li>\n<li>Inoltre, trasferimento al monastero e ritorno al tuo hotel.<\/li>\n<\/ul>\n<h2>Cosa non include il programma di Viaggio Montagna di Mos\u00e8 dal Cairo?<\/h2>\n<ul>\n<li>Ulteriori programmi di escursione.<\/li>\n<\/ul>\n<h2>Cosa portare con te per il viaggio?<\/h2>\n<ul>\n<li>Passaporto.<\/li>\n<li>Inoltre, prendi vestiti per la stagione.<\/li>\n<\/ul>\n<h2>Giorni di prenotazione di Viaggio Montagna di Mos\u00e8 dal Cairo<\/h2>\n<ul>\n<li>Tutti i giorni dalle 14:00 alle 16:00 del giorno successivo.<\/li>\n<\/ul>\n","protected":false},"excerpt":{"rendered":"<p>Esplorare luoghi unici e maestosi \u00e8 un&#8217;esperienza incredibile che arricchisce le nostre menti e le nostre anime. L&#8217;ascesa alla montagna del profeta Mos\u00e8 \u00e8 un viaggio pieno di ristoro spirituale e di significativi eventi biblici e storici. Durante questo viaggio, salirai sulla montagna del profeta Mos\u00e8 e assisterai all&#8217;alba al suo apice. Successivamente, verr\u00e0 servita una deliziosa colazione. Successivamente, avrai l&#8217;opportunit\u00e0 di visitare il famoso monastero di Santa Caterina.<\/p>\n<p>Il nostro amichevole e competente rappresentante della guida turistica egittologica di lingua inglese verr\u00e0 a prendervi dal vostro hotel al Cairo alle 10:00 con un moderno veicolo con aria condizionata per guidare fino a Santa Caterina. Il viaggio dura circa 7 ore, con una pausa pranzo lungo il percorso. All&#8217;arrivo, effettuerai il check-in in hotel e ti riposerai prima che venga servita la cena. Per vivere l&#8217;incredibile alba dalla cima della Montagna di Mos\u00e8, la salita inizia alle 2:00 al buio. La tua guida condivider\u00e0 la storia biblica di questa montagna sacra, dove si crede che Mos\u00e8 abbia ricevuto i Dieci Comandamenti. Sali in cima per assistere a un&#8217;alba indimenticabile e poi scendi per una visita guidata alla chiesa e ai tesori del Monastero di Santa Caterina. Questo monastero \u00e8 uno dei pi\u00f9 antichi monasteri cristiani del mondo ed \u00e8 stato costruito attorno al sito del Roveto Ardente. Successivamente, torneremo al Cairo. Questo viaggio notturno al Monastero di Santa Caterina e alla Montagna del Profeta Mos\u00e8 \u00e8 un&#8217;avventura che non dimenticherai mai!<\/p>\n","protected":false},"featured_media":28491,"comment_status":"open","ping_status":"closed","template":"","meta":{"_coblocks_attr":"","_coblocks_dimensions":"","_coblocks_responsive_height":"","_coblocks_accordion_ie_support":"","_uag_custom_page_level_css":"","jetpack_publicize_message":"","jetpack_publicize_feature_enabled":true,"jetpack_social_post_already_shared":true,"jetpack_social_options":{"image_generator_settings":{"template":"highway","default_image_id":0,"font":"","enabled":false},"version":2},"_wpas_customize_per_network":false},"product_brand":[],"product_cat":[9852],"product_tag":[1644,1643,1666,9910],"class_list":{"0":"post-39958","1":"product","2":"type-product","3":"status-publish","4":"has-post-thumbnail","6":"product_cat-escursioni-cairo","7":"product_tag-escursione","8":"product_tag-il-cairo","9":"product_tag-monastero-di-santa-caterina","10":"product_tag-visita-turistica","12":"first","13":"instock","14":"sale","15":"taxable","16":"shipping-taxable","17":"purchasable","18":"product-type-variable"},"yoast_head":"<!-- This site is optimized with the Yoast SEO Premium plugin v26.9 (Yoast SEO v27.5) - https:\/\/yoast.com\/product\/yoast-seo-premium-wordpress\/ -->\n<title>Viaggio Montagna di Mos\u00e8 dal Cairo<\/title>\n<meta name=\"description\" content=\"Viaggio Montagna di Mos\u00e8 dal Cairo Riceviamo molte impressioni e rinfreschiamo le nostre menti e le nostre anime visitando questi luoghi\" \/>\n<meta name=\"robots\" content=\"index, follow, max-snippet:-1, max-image-preview:large, max-video-preview:-1\" \/>\n<link rel=\"canonical\" href=\"https:\/\/landioustravel.com\/it\/shop\/viaggio-montagna-mose-cairo\/\" \/>\n<meta property=\"og:locale\" content=\"it_IT\" \/>\n<meta property=\"og:type\" content=\"article\" \/>\n<meta property=\"og:title\" content=\"Viaggio Montagna di Mos\u00e8 dal Cairo\" \/>\n<meta property=\"og:description\" content=\"Landious Travel\" \/>\n<meta property=\"og:url\" content=\"https:\/\/landioustravel.com\/it\/shop\/viaggio-montagna-mose-cairo\/\" \/>\n<meta property=\"og:site_name\" content=\"Landious Travel\" \/>\n<meta property=\"article:publisher\" content=\"https:\/\/web.facebook.com\/landiousEgypt\" \/>\n<meta property=\"article:modified_time\" content=\"2024-03-15T17:18:19+00:00\" \/>\n<meta property=\"og:image\" content=\"https:\/\/i0.wp.com\/landioustravel.com\/wp-content\/uploads\/2021\/02\/sinai_monastery-e1612918091221.jpg?fit=1200%2C675&ssl=1\" \/>\n\t<meta property=\"og:image:width\" content=\"1200\" \/>\n\t<meta property=\"og:image:height\" content=\"675\" \/>\n\t<meta property=\"og:image:type\" content=\"image\/jpeg\" \/>\n<meta name=\"twitter:card\" content=\"summary_large_image\" \/>\n<meta name=\"twitter:site\" content=\"@LandiousTours\" \/>\n<meta name=\"twitter:label1\" content=\"Tempo di lettura stimato\" \/>\n\t<meta name=\"twitter:data1\" content=\"3 minuti\" \/>\n<script type=\"application\/ld+json\" class=\"yoast-schema-graph\">{\"@context\":\"https:\\\/\\\/schema.org\",\"@graph\":[{\"@type\":\"WebPage\",\"@id\":\"https:\\\/\\\/landioustravel.com\\\/it\\\/shop\\\/viaggio-montagna-mose-cairo\\\/\",\"url\":\"https:\\\/\\\/landioustravel.com\\\/it\\\/shop\\\/viaggio-montagna-mose-cairo\\\/\",\"name\":\"Viaggio Montagna di Mos\u00e8 dal Cairo\",\"isPartOf\":{\"@id\":\"https:\\\/\\\/landioustravel.com\\\/it\\\/#website\"},\"primaryImageOfPage\":{\"@id\":\"https:\\\/\\\/landioustravel.com\\\/it\\\/shop\\\/viaggio-montagna-mose-cairo\\\/#primaryimage\"},\"image\":{\"@id\":\"https:\\\/\\\/landioustravel.com\\\/it\\\/shop\\\/viaggio-montagna-mose-cairo\\\/#primaryimage\"},\"thumbnailUrl\":\"https:\\\/\\\/i0.wp.com\\\/landioustravel.com\\\/wp-content\\\/uploads\\\/2021\\\/02\\\/sinai_monastery-e1612918091221.jpg?fit=1200%2C675&ssl=1\",\"datePublished\":\"2021-12-10T22:12:47+00:00\",\"dateModified\":\"2024-03-15T17:18:19+00:00\",\"description\":\"Viaggio Montagna di Mos\u00e8 dal Cairo Riceviamo molte impressioni e rinfreschiamo le nostre menti e le nostre anime visitando questi luoghi\",\"breadcrumb\":{\"@id\":\"https:\\\/\\\/landioustravel.com\\\/it\\\/shop\\\/viaggio-montagna-mose-cairo\\\/#breadcrumb\"},\"inLanguage\":\"it-IT\",\"potentialAction\":[{\"@type\":\"ReadAction\",\"target\":[\"https:\\\/\\\/landioustravel.com\\\/it\\\/shop\\\/viaggio-montagna-mose-cairo\\\/\"]}]},{\"@type\":\"ImageObject\",\"inLanguage\":\"it-IT\",\"@id\":\"https:\\\/\\\/landioustravel.com\\\/it\\\/shop\\\/viaggio-montagna-mose-cairo\\\/#primaryimage\",\"url\":\"https:\\\/\\\/i0.wp.com\\\/landioustravel.com\\\/wp-content\\\/uploads\\\/2021\\\/02\\\/sinai_monastery-e1612918091221.jpg?fit=1200%2C675&ssl=1\",\"contentUrl\":\"https:\\\/\\\/i0.wp.com\\\/landioustravel.com\\\/wp-content\\\/uploads\\\/2021\\\/02\\\/sinai_monastery-e1612918091221.jpg?fit=1200%2C675&ssl=1\",\"width\":1200,\"height\":675,\"caption\":\"Moses Mountain Trip Cairo\"},{\"@type\":\"BreadcrumbList\",\"@id\":\"https:\\\/\\\/landioustravel.com\\\/it\\\/shop\\\/viaggio-montagna-mose-cairo\\\/#breadcrumb\",\"itemListElement\":[{\"@type\":\"ListItem\",\"position\":1,\"name\":\"Home\",\"item\":\"https:\\\/\\\/landioustravel.com\\\/it\\\/\"},{\"@type\":\"ListItem\",\"position\":2,\"name\":\"Tour in Egitto\",\"item\":\"https:\\\/\\\/landioustravel.com\\\/it\\\/\"},{\"@type\":\"ListItem\",\"position\":3,\"name\":\"Viaggio Montagna di Mos\u00e8 dal Cairo\"}]},{\"@type\":\"WebSite\",\"@id\":\"https:\\\/\\\/landioustravel.com\\\/it\\\/#website\",\"url\":\"https:\\\/\\\/landioustravel.com\\\/it\\\/\",\"name\":\"Landious Travel\",\"description\":\"Excursions, trips and cruises in Egypt\",\"publisher\":{\"@id\":\"https:\\\/\\\/landioustravel.com\\\/it\\\/#organization\"},\"potentialAction\":[{\"@type\":\"SearchAction\",\"target\":{\"@type\":\"EntryPoint\",\"urlTemplate\":\"https:\\\/\\\/landioustravel.com\\\/it\\\/?s={search_term_string}\"},\"query-input\":{\"@type\":\"PropertyValueSpecification\",\"valueRequired\":true,\"valueName\":\"search_term_string\"}}],\"inLanguage\":\"it-IT\"},{\"@type\":[\"Organization\",\"Place\"],\"@id\":\"https:\\\/\\\/landioustravel.com\\\/it\\\/#organization\",\"name\":\"Landious Travel\",\"alternateName\":\"Landious Travel\",\"url\":\"https:\\\/\\\/landioustravel.com\\\/it\\\/\",\"logo\":{\"@id\":\"https:\\\/\\\/landioustravel.com\\\/it\\\/shop\\\/viaggio-montagna-mose-cairo\\\/#local-main-organization-logo\"},\"image\":{\"@id\":\"https:\\\/\\\/landioustravel.com\\\/it\\\/shop\\\/viaggio-montagna-mose-cairo\\\/#local-main-organization-logo\"},\"sameAs\":[\"https:\\\/\\\/web.facebook.com\\\/landiousEgypt\",\"https:\\\/\\\/x.com\\\/LandiousTours\",\"https:\\\/\\\/mastodon.social\\\/@landious\"],\"legalName\":\"Landious Travel\",\"telephone\":[],\"openingHoursSpecification\":[{\"@type\":\"OpeningHoursSpecification\",\"dayOfWeek\":[\"Monday\",\"Tuesday\",\"Wednesday\",\"Thursday\",\"Friday\",\"Saturday\",\"Sunday\"],\"opens\":\"09:00\",\"closes\":\"17:00\"}]},{\"@type\":\"ImageObject\",\"inLanguage\":\"it-IT\",\"@id\":\"https:\\\/\\\/landioustravel.com\\\/it\\\/shop\\\/viaggio-montagna-mose-cairo\\\/#local-main-organization-logo\",\"url\":\"https:\\\/\\\/i0.wp.com\\\/landioustravel.com\\\/wp-content\\\/uploads\\\/2021\\\/06\\\/Landious-T.png?fit=500%2C500&ssl=1\",\"contentUrl\":\"https:\\\/\\\/i0.wp.com\\\/landioustravel.com\\\/wp-content\\\/uploads\\\/2021\\\/06\\\/Landious-T.png?fit=500%2C500&ssl=1\",\"width\":500,\"height\":500,\"caption\":\"Landious Travel\"}]}<\/script>\n<!-- \/ Yoast SEO Premium plugin. -->","yoast_head_json":{"title":"Viaggio Montagna di Mos\u00e8 dal Cairo","description":"Viaggio Montagna di Mos\u00e8 dal Cairo Riceviamo molte impressioni e rinfreschiamo le nostre menti e le nostre anime visitando questi luoghi","robots":{"index":"index","follow":"follow","max-snippet":"max-snippet:-1","max-image-preview":"max-image-preview:large","max-video-preview":"max-video-preview:-1"},"canonical":"https:\/\/landioustravel.com\/it\/shop\/viaggio-montagna-mose-cairo\/","og_locale":"it_IT","og_type":"article","og_title":"Viaggio Montagna di Mos\u00e8 dal Cairo","og_description":"Landious Travel","og_url":"https:\/\/landioustravel.com\/it\/shop\/viaggio-montagna-mose-cairo\/","og_site_name":"Landious Travel","article_publisher":"https:\/\/web.facebook.com\/landiousEgypt","article_modified_time":"2024-03-15T17:18:19+00:00","og_image":[{"width":1200,"height":675,"url":"https:\/\/i0.wp.com\/landioustravel.com\/wp-content\/uploads\/2021\/02\/sinai_monastery-e1612918091221.jpg?fit=1200%2C675&ssl=1","type":"image\/jpeg"}],"twitter_card":"summary_large_image","twitter_site":"@LandiousTours","twitter_misc":{"Tempo di lettura stimato":"3 minuti"},"schema":{"@context":"https:\/\/schema.org","@graph":[{"@type":"WebPage","@id":"https:\/\/landioustravel.com\/it\/shop\/viaggio-montagna-mose-cairo\/","url":"https:\/\/landioustravel.com\/it\/shop\/viaggio-montagna-mose-cairo\/","name":"Viaggio Montagna di Mos\u00e8 dal Cairo","isPartOf":{"@id":"https:\/\/landioustravel.com\/it\/#website"},"primaryImageOfPage":{"@id":"https:\/\/landioustravel.com\/it\/shop\/viaggio-montagna-mose-cairo\/#primaryimage"},"image":{"@id":"https:\/\/landioustravel.com\/it\/shop\/viaggio-montagna-mose-cairo\/#primaryimage"},"thumbnailUrl":"https:\/\/i0.wp.com\/landioustravel.com\/wp-content\/uploads\/2021\/02\/sinai_monastery-e1612918091221.jpg?fit=1200%2C675&ssl=1","datePublished":"2021-12-10T22:12:47+00:00","dateModified":"2024-03-15T17:18:19+00:00","description":"Viaggio Montagna di Mos\u00e8 dal Cairo Riceviamo molte impressioni e rinfreschiamo le nostre menti e le nostre anime visitando questi luoghi","breadcrumb":{"@id":"https:\/\/landioustravel.com\/it\/shop\/viaggio-montagna-mose-cairo\/#breadcrumb"},"inLanguage":"it-IT","potentialAction":[{"@type":"ReadAction","target":["https:\/\/landioustravel.com\/it\/shop\/viaggio-montagna-mose-cairo\/"]}]},{"@type":"ImageObject","inLanguage":"it-IT","@id":"https:\/\/landioustravel.com\/it\/shop\/viaggio-montagna-mose-cairo\/#primaryimage","url":"https:\/\/i0.wp.com\/landioustravel.com\/wp-content\/uploads\/2021\/02\/sinai_monastery-e1612918091221.jpg?fit=1200%2C675&ssl=1","contentUrl":"https:\/\/i0.wp.com\/landioustravel.com\/wp-content\/uploads\/2021\/02\/sinai_monastery-e1612918091221.jpg?fit=1200%2C675&ssl=1","width":1200,"height":675,"caption":"Moses Mountain Trip Cairo"},{"@type":"BreadcrumbList","@id":"https:\/\/landioustravel.com\/it\/shop\/viaggio-montagna-mose-cairo\/#breadcrumb","itemListElement":[{"@type":"ListItem","position":1,"name":"Home","item":"https:\/\/landioustravel.com\/it\/"},{"@type":"ListItem","position":2,"name":"Tour in Egitto","item":"https:\/\/landioustravel.com\/it\/"},{"@type":"ListItem","position":3,"name":"Viaggio Montagna di Mos\u00e8 dal Cairo"}]},{"@type":"WebSite","@id":"https:\/\/landioustravel.com\/it\/#website","url":"https:\/\/landioustravel.com\/it\/","name":"Landious Travel","description":"Excursions, trips and cruises in Egypt","publisher":{"@id":"https:\/\/landioustravel.com\/it\/#organization"},"potentialAction":[{"@type":"SearchAction","target":{"@type":"EntryPoint","urlTemplate":"https:\/\/landioustravel.com\/it\/?s={search_term_string}"},"query-input":{"@type":"PropertyValueSpecification","valueRequired":true,"valueName":"search_term_string"}}],"inLanguage":"it-IT"},{"@type":["Organization","Place"],"@id":"https:\/\/landioustravel.com\/it\/#organization","name":"Landious Travel","alternateName":"Landious Travel","url":"https:\/\/landioustravel.com\/it\/","logo":{"@id":"https:\/\/landioustravel.com\/it\/shop\/viaggio-montagna-mose-cairo\/#local-main-organization-logo"},"image":{"@id":"https:\/\/landioustravel.com\/it\/shop\/viaggio-montagna-mose-cairo\/#local-main-organization-logo"},"sameAs":["https:\/\/web.facebook.com\/landiousEgypt","https:\/\/x.com\/LandiousTours","https:\/\/mastodon.social\/@landious"],"legalName":"Landious Travel","telephone":[],"openingHoursSpecification":[{"@type":"OpeningHoursSpecification","dayOfWeek":["Monday","Tuesday","Wednesday","Thursday","Friday","Saturday","Sunday"],"opens":"09:00","closes":"17:00"}]},{"@type":"ImageObject","inLanguage":"it-IT","@id":"https:\/\/landioustravel.com\/it\/shop\/viaggio-montagna-mose-cairo\/#local-main-organization-logo","url":"https:\/\/i0.wp.com\/landioustravel.com\/wp-content\/uploads\/2021\/06\/Landious-T.png?fit=500%2C500&ssl=1","contentUrl":"https:\/\/i0.wp.com\/landioustravel.com\/wp-content\/uploads\/2021\/06\/Landious-T.png?fit=500%2C500&ssl=1","width":500,"height":500,"caption":"Landious Travel"}]}},"jetpack_publicize_connections":[],"uagb_featured_image_src":{"full":["https:\/\/i0.wp.com\/landioustravel.com\/wp-content\/uploads\/2021\/02\/sinai_monastery-e1612918091221.jpg?fit=1200%2C675&ssl=1",1200,675,false],"thumbnail":["https:\/\/i0.wp.com\/landioustravel.com\/wp-content\/uploads\/2021\/02\/sinai_monastery-e1612918091221.jpg?resize=150%2C150&ssl=1",150,150,true],"medium":["https:\/\/i0.wp.com\/landioustravel.com\/wp-content\/uploads\/2021\/02\/sinai_monastery-e1612918091221.jpg?fit=300%2C169&ssl=1",300,169,true],"medium_large":["https:\/\/i0.wp.com\/landioustravel.com\/wp-content\/uploads\/2021\/02\/sinai_monastery-e1612918091221.jpg?fit=768%2C432&ssl=1",768,432,true],"large":["https:\/\/i0.wp.com\/landioustravel.com\/wp-content\/uploads\/2021\/02\/sinai_monastery-e1612918091221.jpg?fit=980%2C551&ssl=1",980,551,true],"1536x1536":["https:\/\/i0.wp.com\/landioustravel.com\/wp-content\/uploads\/2021\/02\/sinai_monastery-e1612918091221.jpg?fit=1536%2C865&ssl=1",1536,865,true],"2048x2048":["https:\/\/i0.wp.com\/landioustravel.com\/wp-content\/uploads\/2021\/02\/sinai_monastery-e1612918091221.jpg?fit=2048%2C1153&ssl=1",2048,1153,true],"newspack-article-block-landscape-large":["https:\/\/i0.wp.com\/landioustravel.com\/wp-content\/uploads\/2021\/02\/sinai_monastery-e1612918091221.jpg?resize=1200%2C675&ssl=1",1200,900,true],"newspack-article-block-portrait-large":["https:\/\/i0.wp.com\/landioustravel.com\/wp-content\/uploads\/2021\/02\/sinai_monastery-e1612918091221.jpg?resize=900%2C675&ssl=1",900,1200,true],"newspack-article-block-square-large":["https:\/\/i0.wp.com\/landioustravel.com\/wp-content\/uploads\/2021\/02\/sinai_monastery-e1612918091221.jpg?resize=1200%2C675&ssl=1",1200,1200,true],"newspack-article-block-landscape-medium":["https:\/\/i0.wp.com\/landioustravel.com\/wp-content\/uploads\/2021\/02\/sinai_monastery-e1612918091221.jpg?resize=800%2C600&ssl=1",800,600,true],"newspack-article-block-portrait-medium":["https:\/\/i0.wp.com\/landioustravel.com\/wp-content\/uploads\/2021\/02\/sinai_monastery-e1612918091221.jpg?resize=600%2C675&ssl=1",600,800,true],"newspack-article-block-square-medium":["https:\/\/i0.wp.com\/landioustravel.com\/wp-content\/uploads\/2021\/02\/sinai_monastery-e1612918091221.jpg?resize=800%2C675&ssl=1",800,800,true],"newspack-article-block-landscape-intermediate":["https:\/\/i0.wp.com\/landioustravel.com\/wp-content\/uploads\/2021\/02\/sinai_monastery-e1612918091221.jpg?resize=600%2C450&ssl=1",600,450,true],"newspack-article-block-portrait-intermediate":["https:\/\/i0.wp.com\/landioustravel.com\/wp-content\/uploads\/2021\/02\/sinai_monastery-e1612918091221.jpg?resize=450%2C600&ssl=1",450,600,true],"newspack-article-block-square-intermediate":["https:\/\/i0.wp.com\/landioustravel.com\/wp-content\/uploads\/2021\/02\/sinai_monastery-e1612918091221.jpg?resize=600%2C600&ssl=1",600,600,true],"newspack-article-block-landscape-small":["https:\/\/i0.wp.com\/landioustravel.com\/wp-content\/uploads\/2021\/02\/sinai_monastery-e1612918091221.jpg?resize=400%2C300&ssl=1",400,300,true],"newspack-article-block-portrait-small":["https:\/\/i0.wp.com\/landioustravel.com\/wp-content\/uploads\/2021\/02\/sinai_monastery-e1612918091221.jpg?resize=300%2C400&ssl=1",300,400,true],"newspack-article-block-square-small":["https:\/\/i0.wp.com\/landioustravel.com\/wp-content\/uploads\/2021\/02\/sinai_monastery-e1612918091221.jpg?resize=400%2C400&ssl=1",400,400,true],"newspack-article-block-landscape-tiny":["https:\/\/i0.wp.com\/landioustravel.com\/wp-content\/uploads\/2021\/02\/sinai_monastery-e1612918091221.jpg?resize=200%2C150&ssl=1",200,150,true],"newspack-article-block-portrait-tiny":["https:\/\/i0.wp.com\/landioustravel.com\/wp-content\/uploads\/2021\/02\/sinai_monastery-e1612918091221.jpg?resize=150%2C200&ssl=1",150,200,true],"newspack-article-block-square-tiny":["https:\/\/i0.wp.com\/landioustravel.com\/wp-content\/uploads\/2021\/02\/sinai_monastery-e1612918091221.jpg?resize=200%2C200&ssl=1",200,200,true],"newspack-article-block-uncropped":["https:\/\/i0.wp.com\/landioustravel.com\/wp-content\/uploads\/2021\/02\/sinai_monastery-e1612918091221.jpg?fit=1200%2C675&ssl=1",1200,675,true],"woocommerce_thumbnail":["https:\/\/i0.wp.com\/landioustravel.com\/wp-content\/uploads\/2021\/02\/sinai_monastery-e1612918091221.jpg?resize=324%2C324&ssl=1",324,324,true],"woocommerce_single":["https:\/\/i0.wp.com\/landioustravel.com\/wp-content\/uploads\/2021\/02\/sinai_monastery-e1612918091221.jpg?fit=416%2C234&ssl=1",416,234,true],"woocommerce_gallery_thumbnail":["https:\/\/i0.wp.com\/landioustravel.com\/wp-content\/uploads\/2021\/02\/sinai_monastery-e1612918091221.jpg?resize=100%2C100&ssl=1",100,100,true]},"uagb_author_info":{"display_name":"Mofreh Landious","author_link":"https:\/\/landioustravel.com\/it\/author\/"},"uagb_comment_info":2,"uagb_excerpt":"Esplorare luoghi unici e maestosi \u00e8 un'esperienza incredibile che arricchisce le nostre menti e le nostre anime. L'ascesa alla montagna del profeta Mos\u00e8 \u00e8 un viaggio pieno di ristoro spirituale e di significativi eventi biblici e storici. Durante questo viaggio, salirai sulla montagna del profeta Mos\u00e8 e assisterai all'alba al suo apice. Successivamente, verr\u00e0 servita&hellip;","jetpack_sharing_enabled":true,"jetpack_likes_enabled":true,"amp_enabled":true,"_links":{"self":[{"href":"https:\/\/landioustravel.com\/it\/wp-json\/wp\/v2\/product\/39958","targetHints":{"allow":["GET"]}}],"collection":[{"href":"https:\/\/landioustravel.com\/it\/wp-json\/wp\/v2\/product"}],"about":[{"href":"https:\/\/landioustravel.com\/it\/wp-json\/wp\/v2\/types\/product"}],"replies":[{"embeddable":true,"href":"https:\/\/landioustravel.com\/it\/wp-json\/wp\/v2\/comments?post=39958"}],"wp:featuredmedia":[{"embeddable":true,"href":"https:\/\/landioustravel.com\/it\/wp-json\/wp\/v2\/media\/28491"}],"wp:attachment":[{"href":"https:\/\/landioustravel.com\/it\/wp-json\/wp\/v2\/media?parent=39958"}],"wp:term":[{"taxonomy":"product_brand","embeddable":true,"href":"https:\/\/landioustravel.com\/it\/wp-json\/wp\/v2\/product_brand?post=39958"},{"taxonomy":"product_cat","embeddable":true,"href":"https:\/\/landioustravel.com\/it\/wp-json\/wp\/v2\/product_cat?post=39958"},{"taxonomy":"product_tag","embeddable":true,"href":"https:\/\/landioustravel.com\/it\/wp-json\/wp\/v2\/product_tag?post=39958"}],"curies":[{"name":"wp","href":"https:\/\/api.w.org\/{rel}","templated":true}]}}