{"id":4822,"date":"2019-05-23T16:17:54","date_gmt":"2019-05-23T19:28:00","guid":{"rendered":"https:\/\/landioustravel.com\/?post_type=product&#038;p=4822"},"modified":"2025-10-01T20:24:59","modified_gmt":"2025-10-01T17:24:59","slug":"motoscafo-privato-orange-bay-hurghada","status":"publish","type":"product","link":"https:\/\/landioustravel.com\/it\/shop\/motoscafo-privato-orange-bay-hurghada\/","title":{"rendered":"Motoscafo privato per Orange Bay a Hurghada"},"content":{"rendered":"<p>Un meraviglioso viaggio privato in motoscafo per Orange Bay sull&#8217;<a href=\"https:\/\/landioustravel.com\/it\/egitto\/isole-mare\/isole-giftun\/\">isola Grand Giftun<\/a>, a <a href=\"https:\/\/landioustravel.com\/it\/citta-hurghada\/\">Hurghada<\/a>! Raccomandiamo il viaggio perch\u00e9 permette ai turisti di divertirsi al mare! Il viaggio ti d\u00e0 l&#8217;opportunit\u00e0 di vedere bellissimi coralli e una variet\u00e0 di pesci. Inoltre, vi godrete un picnic in barca attraverso il Mar Rosso e vi troverete nella baia di Ornage sull&#8217;isola di Giftun con pi\u00f9 servizi sulla spiaggia stessa. L&#8217;isola \u00e8 vicino alla costa di Hurghada!<\/p>\n<h2>I punti principali del programma di escursioni a Orange Bay Island<\/h2>\n<ul>\n<li>Nuotare in mare aperto dal motoscafo<\/li>\n<li>Snorkeling con maschere e pinne in mare aperto<\/li>\n<li>Atterraggio sulla spiaggia di Orange Bay sull&#8217;isola Giftun<\/li>\n<\/ul>\n<h3>Il programma del viaggio in motoscafo privato alla spiaggia di Orange Bay da Hurghada<\/h3>\n<ul>\n<li>Vi verremo a prendere dall&#8217;hotel alle 08:00 circa<\/li>\n<li>Dopo aver raccolto tutti gli arrivi, l&#8217;autobus va al porto. La strada per il porto dura circa 20 minuti<\/li>\n<li>Troverai il tuo motoscafo nel porto. \u00c8 chic! Questo motoscafo \u00e8 dotato di comodi posti a sedere e di un frigorifero. consiste. Appena saliti sul motoscafo, puoi prepararti per un favoloso picnic attraverso il Mar Rosso<\/li>\n<li>Il motoscafo si muove attraverso il Mar Rosso verso un bel posto di coralli, dove \u00e8 possibile fare una sosta. L\u00ec, puoi nuotare e fare snorkeling con maschere e pinne<\/li>\n<li>La tua prossima tappa sar\u00e0 nella Orange Bay onirica all&#8217;isola Giftun. Vi portiamo in motoscafo. La tua guida ti d\u00e0 un&#8217;idea delle possibilit\u00e0 sulla spiaggia _ bagni, tende e lettini.<\/li>\n<li>Sull&#8217;isola, trascorrerai tre ore. Durante questo periodo avrai abbastanza tempo per nuotare e abbronzarti<\/li>\n<li>Questo programma di escursioni termina alle 13:00 circa.<\/li>\n<\/ul>\n<h4>Cosa \u00e8 incluso nel prezzo del tour<\/h4>\n<ul>\n<li>Motoscafo privato<\/li>\n<li>Attrezzatura per lo snorkeling (maschere e pinne)<\/li>\n<li>Bevande e frutta fresca sul motoscafo<\/li>\n<li>Tutte le strutture sull&#8217;isola (tenda, lettino e servizi igienici)<\/li>\n<li>Trasferimento al porto e ritorno in hotel<\/li>\n<\/ul>\n<h5>Cosa non \u00e8 incluso nel prezzo del tour<\/h5>\n<ul>\n<li>Il cibo sulle isole<\/li>\n<li>Bevande sulle isole<\/li>\n<li>DVD video<\/li>\n<li>CD fotografico<\/li>\n<\/ul>\n<h6>COSA PORTARE CON TE PER IL VIAGGIO<\/h6>\n<ul>\n<li>Asciugamano<\/li>\n<li>Protezione solare<\/li>\n<\/ul>\n<h6>GIORNI DI ORGANIZZAZIONE DI ESCURSIONE<\/h6>\n<ul>\n<li>Tutti i giorni dalle 08:00 alle 13:00<\/li>\n<\/ul>\n","protected":false},"excerpt":{"rendered":"<p>Preparati per un&#8217;avventura emozionante! Verremo a prendervi al vostro hotel al mattino e vi accompagneremo in un emozionante giro in motoscafo verso due splendide isole del Mar Rosso.<\/p>\n<p>La nostra prima tappa \u00e8 Orange Bay, dove potrai rilassarti sulle bellissime spiagge di sabbia bianca e prendere il sole. Avrai tutto il tempo per fare nuove amicizie ascoltando musica e godendoti l&#8217;atmosfera tropicale.<\/p>\n<p>Successivamente, ci dirigeremo verso Orange Island, dove potrai esplorare il mondo sottomarino del Mar Rosso con la nostra attrezzatura da snorkeling. Non dimenticare di scattare delle foto meravigliose da condividere con i tuoi amici e la tua famiglia a casa!<\/p>\n<p>Il nostro team si assicurer\u00e0 che tu abbia un viaggio sicuro e piacevole. Prenota ora il tuo tour in motoscafo privato o condiviso e vivi la bellezza dei Caraibi egiziani!<\/p>\n","protected":false},"featured_media":129062,"comment_status":"open","ping_status":"closed","template":"","meta":{"_coblocks_attr":"","_coblocks_dimensions":"","_coblocks_responsive_height":"","_coblocks_accordion_ie_support":"","_uag_custom_page_level_css":"","jetpack_publicize_message":"","jetpack_publicize_feature_enabled":true,"jetpack_social_post_already_shared":true,"jetpack_social_options":{"image_generator_settings":{"template":"highway","default_image_id":0,"font":"","enabled":false},"version":2},"_wpas_customize_per_network":false},"product_brand":[],"product_cat":[22528,1638,8565,22521,23517,22523,22520,22519,22539],"product_tag":[1644,2099,1661,1670,22564,1663,1682],"class_list":{"0":"post-4822","1":"product","2":"type-product","3":"status-publish","4":"has-post-thumbnail","6":"product_cat-escursioni-snorkeling-hurghada","7":"product_cat-escursioni-mare-hurghada","8":"product_cat-escursioni-individuali-hurghada","9":"product_cat-escursioni-famiglie-hurghada","10":"product_cat-gite-mare-private-hurghada","11":"product_cat-gite-isola-hurghada","12":"product_cat-hurghada-escursioni-orange-bay","13":"product_cat-hurghada-escursioni-isole-giftun","14":"product_cat-viaggi-snorkeling-privati-hurghada","15":"product_tag-escursione","16":"product_tag-escursioni-in-mare-a-hurghada","17":"product_tag-hurghada-it","18":"product_tag-isola","19":"product_tag-mare","20":"product_tag-snorkeling-it","21":"product_tag-viaggi-marittimi","23":"first","24":"instock","25":"sale","26":"taxable","27":"shipping-taxable","28":"purchasable","29":"product-type-variable"},"yoast_head":"<!-- This site is optimized with the Yoast SEO Premium plugin v26.9 (Yoast SEO v27.4) - https:\/\/yoast.com\/product\/yoast-seo-premium-wordpress\/ -->\n<title>Motoscafo privato per Orange Bay a Hurghada<\/title>\n<meta name=\"description\" content=\"Motoscafo privato per Orange Bay a Hurghada Raccomandiamo il viaggio perch\u00e9 permette ai turisti di divertirsi al mare! Il viaggio ti d\u00e0 l&#039;opportunit\u00e0 di\" \/>\n<meta name=\"robots\" content=\"index, follow, max-snippet:-1, max-image-preview:large, max-video-preview:-1\" \/>\n<link rel=\"canonical\" href=\"https:\/\/landioustravel.com\/it\/shop\/motoscafo-privato-orange-bay-hurghada\/\" \/>\n<meta property=\"og:locale\" content=\"it_IT\" \/>\n<meta property=\"og:type\" content=\"article\" \/>\n<meta property=\"og:title\" content=\"Motoscafo privato per Orange Bay a Hurghada\" \/>\n<meta property=\"og:description\" content=\"Landious Travel\" \/>\n<meta property=\"og:url\" content=\"https:\/\/landioustravel.com\/it\/shop\/motoscafo-privato-orange-bay-hurghada\/\" \/>\n<meta property=\"og:site_name\" content=\"Landious Travel\" \/>\n<meta property=\"article:publisher\" content=\"https:\/\/web.facebook.com\/landiousEgypt\" \/>\n<meta property=\"article:modified_time\" content=\"2025-10-01T17:24:59+00:00\" \/>\n<meta property=\"og:image\" content=\"https:\/\/i0.wp.com\/landioustravel.com\/wp-content\/uploads\/2019\/05\/Orange-Bay-by-Speedboat-Hurghada.jpg?fit=1200%2C657&ssl=1\" \/>\n\t<meta property=\"og:image:width\" content=\"1200\" \/>\n\t<meta property=\"og:image:height\" content=\"657\" \/>\n\t<meta property=\"og:image:type\" content=\"image\/jpeg\" \/>\n<meta name=\"twitter:card\" content=\"summary_large_image\" \/>\n<meta name=\"twitter:site\" content=\"@LandiousTours\" \/>\n<meta name=\"twitter:label1\" content=\"Tempo di lettura stimato\" \/>\n\t<meta name=\"twitter:data1\" content=\"2 minuti\" \/>\n<script type=\"application\/ld+json\" class=\"yoast-schema-graph\">{\"@context\":\"https:\\\/\\\/schema.org\",\"@graph\":[{\"@type\":\"WebPage\",\"@id\":\"https:\\\/\\\/landioustravel.com\\\/it\\\/shop\\\/motoscafo-privato-orange-bay-hurghada\\\/\",\"url\":\"https:\\\/\\\/landioustravel.com\\\/it\\\/shop\\\/motoscafo-privato-orange-bay-hurghada\\\/\",\"name\":\"Motoscafo privato per Orange Bay a Hurghada\",\"isPartOf\":{\"@id\":\"https:\\\/\\\/landioustravel.com\\\/it\\\/#website\"},\"primaryImageOfPage\":{\"@id\":\"https:\\\/\\\/landioustravel.com\\\/it\\\/shop\\\/motoscafo-privato-orange-bay-hurghada\\\/#primaryimage\"},\"image\":{\"@id\":\"https:\\\/\\\/landioustravel.com\\\/it\\\/shop\\\/motoscafo-privato-orange-bay-hurghada\\\/#primaryimage\"},\"thumbnailUrl\":\"https:\\\/\\\/i0.wp.com\\\/landioustravel.com\\\/wp-content\\\/uploads\\\/2019\\\/05\\\/Orange-Bay-by-Speedboat-Hurghada.jpg?fit=1200%2C657&ssl=1\",\"datePublished\":\"2019-05-23T19:28:00+00:00\",\"dateModified\":\"2025-10-01T17:24:59+00:00\",\"description\":\"Motoscafo privato per Orange Bay a Hurghada Raccomandiamo il viaggio perch\u00e9 permette ai turisti di divertirsi al mare! Il viaggio ti d\u00e0 l'opportunit\u00e0 di\",\"breadcrumb\":{\"@id\":\"https:\\\/\\\/landioustravel.com\\\/it\\\/shop\\\/motoscafo-privato-orange-bay-hurghada\\\/#breadcrumb\"},\"inLanguage\":\"it-IT\",\"potentialAction\":[{\"@type\":\"ReadAction\",\"target\":[\"https:\\\/\\\/landioustravel.com\\\/it\\\/shop\\\/motoscafo-privato-orange-bay-hurghada\\\/\"]}]},{\"@type\":\"ImageObject\",\"inLanguage\":\"it-IT\",\"@id\":\"https:\\\/\\\/landioustravel.com\\\/it\\\/shop\\\/motoscafo-privato-orange-bay-hurghada\\\/#primaryimage\",\"url\":\"https:\\\/\\\/i0.wp.com\\\/landioustravel.com\\\/wp-content\\\/uploads\\\/2019\\\/05\\\/Orange-Bay-by-Speedboat-Hurghada.jpg?fit=1200%2C657&ssl=1\",\"contentUrl\":\"https:\\\/\\\/i0.wp.com\\\/landioustravel.com\\\/wp-content\\\/uploads\\\/2019\\\/05\\\/Orange-Bay-by-Speedboat-Hurghada.jpg?fit=1200%2C657&ssl=1\",\"width\":1200,\"height\":657,\"caption\":\"Orange Bay by Speedboat Hurghada\"},{\"@type\":\"BreadcrumbList\",\"@id\":\"https:\\\/\\\/landioustravel.com\\\/it\\\/shop\\\/motoscafo-privato-orange-bay-hurghada\\\/#breadcrumb\",\"itemListElement\":[{\"@type\":\"ListItem\",\"position\":1,\"name\":\"Home\",\"item\":\"https:\\\/\\\/landioustravel.com\\\/it\\\/\"},{\"@type\":\"ListItem\",\"position\":2,\"name\":\"Tour in Egitto\",\"item\":\"https:\\\/\\\/landioustravel.com\\\/it\\\/\"},{\"@type\":\"ListItem\",\"position\":3,\"name\":\"Motoscafo privato per Orange Bay a Hurghada\"}]},{\"@type\":\"WebSite\",\"@id\":\"https:\\\/\\\/landioustravel.com\\\/it\\\/#website\",\"url\":\"https:\\\/\\\/landioustravel.com\\\/it\\\/\",\"name\":\"Landious Travel\",\"description\":\"Excursions, trips and cruises in Egypt\",\"publisher\":{\"@id\":\"https:\\\/\\\/landioustravel.com\\\/it\\\/#organization\"},\"potentialAction\":[{\"@type\":\"SearchAction\",\"target\":{\"@type\":\"EntryPoint\",\"urlTemplate\":\"https:\\\/\\\/landioustravel.com\\\/it\\\/?s={search_term_string}\"},\"query-input\":{\"@type\":\"PropertyValueSpecification\",\"valueRequired\":true,\"valueName\":\"search_term_string\"}}],\"inLanguage\":\"it-IT\"},{\"@type\":[\"Organization\",\"Place\"],\"@id\":\"https:\\\/\\\/landioustravel.com\\\/it\\\/#organization\",\"name\":\"Landious Travel\",\"alternateName\":\"Landious Travel\",\"url\":\"https:\\\/\\\/landioustravel.com\\\/it\\\/\",\"logo\":{\"@id\":\"https:\\\/\\\/landioustravel.com\\\/it\\\/shop\\\/motoscafo-privato-orange-bay-hurghada\\\/#local-main-organization-logo\"},\"image\":{\"@id\":\"https:\\\/\\\/landioustravel.com\\\/it\\\/shop\\\/motoscafo-privato-orange-bay-hurghada\\\/#local-main-organization-logo\"},\"sameAs\":[\"https:\\\/\\\/web.facebook.com\\\/landiousEgypt\",\"https:\\\/\\\/x.com\\\/LandiousTours\",\"https:\\\/\\\/mastodon.social\\\/@landious\"],\"legalName\":\"Landious Travel\",\"telephone\":[],\"openingHoursSpecification\":[{\"@type\":\"OpeningHoursSpecification\",\"dayOfWeek\":[\"Monday\",\"Tuesday\",\"Wednesday\",\"Thursday\",\"Friday\",\"Saturday\",\"Sunday\"],\"opens\":\"09:00\",\"closes\":\"17:00\"}]},{\"@type\":\"ImageObject\",\"inLanguage\":\"it-IT\",\"@id\":\"https:\\\/\\\/landioustravel.com\\\/it\\\/shop\\\/motoscafo-privato-orange-bay-hurghada\\\/#local-main-organization-logo\",\"url\":\"https:\\\/\\\/i0.wp.com\\\/landioustravel.com\\\/wp-content\\\/uploads\\\/2021\\\/06\\\/Landious-T.png?fit=500%2C500&ssl=1\",\"contentUrl\":\"https:\\\/\\\/i0.wp.com\\\/landioustravel.com\\\/wp-content\\\/uploads\\\/2021\\\/06\\\/Landious-T.png?fit=500%2C500&ssl=1\",\"width\":500,\"height\":500,\"caption\":\"Landious Travel\"}]}<\/script>\n<!-- \/ Yoast SEO Premium plugin. -->","yoast_head_json":{"title":"Motoscafo privato per Orange Bay a Hurghada","description":"Motoscafo privato per Orange Bay a Hurghada Raccomandiamo il viaggio perch\u00e9 permette ai turisti di divertirsi al mare! Il viaggio ti d\u00e0 l'opportunit\u00e0 di","robots":{"index":"index","follow":"follow","max-snippet":"max-snippet:-1","max-image-preview":"max-image-preview:large","max-video-preview":"max-video-preview:-1"},"canonical":"https:\/\/landioustravel.com\/it\/shop\/motoscafo-privato-orange-bay-hurghada\/","og_locale":"it_IT","og_type":"article","og_title":"Motoscafo privato per Orange Bay a Hurghada","og_description":"Landious Travel","og_url":"https:\/\/landioustravel.com\/it\/shop\/motoscafo-privato-orange-bay-hurghada\/","og_site_name":"Landious Travel","article_publisher":"https:\/\/web.facebook.com\/landiousEgypt","article_modified_time":"2025-10-01T17:24:59+00:00","og_image":[{"width":1200,"height":657,"url":"https:\/\/i0.wp.com\/landioustravel.com\/wp-content\/uploads\/2019\/05\/Orange-Bay-by-Speedboat-Hurghada.jpg?fit=1200%2C657&ssl=1","type":"image\/jpeg"}],"twitter_card":"summary_large_image","twitter_site":"@LandiousTours","twitter_misc":{"Tempo di lettura stimato":"2 minuti"},"schema":{"@context":"https:\/\/schema.org","@graph":[{"@type":"WebPage","@id":"https:\/\/landioustravel.com\/it\/shop\/motoscafo-privato-orange-bay-hurghada\/","url":"https:\/\/landioustravel.com\/it\/shop\/motoscafo-privato-orange-bay-hurghada\/","name":"Motoscafo privato per Orange Bay a Hurghada","isPartOf":{"@id":"https:\/\/landioustravel.com\/it\/#website"},"primaryImageOfPage":{"@id":"https:\/\/landioustravel.com\/it\/shop\/motoscafo-privato-orange-bay-hurghada\/#primaryimage"},"image":{"@id":"https:\/\/landioustravel.com\/it\/shop\/motoscafo-privato-orange-bay-hurghada\/#primaryimage"},"thumbnailUrl":"https:\/\/i0.wp.com\/landioustravel.com\/wp-content\/uploads\/2019\/05\/Orange-Bay-by-Speedboat-Hurghada.jpg?fit=1200%2C657&ssl=1","datePublished":"2019-05-23T19:28:00+00:00","dateModified":"2025-10-01T17:24:59+00:00","description":"Motoscafo privato per Orange Bay a Hurghada Raccomandiamo il viaggio perch\u00e9 permette ai turisti di divertirsi al mare! Il viaggio ti d\u00e0 l'opportunit\u00e0 di","breadcrumb":{"@id":"https:\/\/landioustravel.com\/it\/shop\/motoscafo-privato-orange-bay-hurghada\/#breadcrumb"},"inLanguage":"it-IT","potentialAction":[{"@type":"ReadAction","target":["https:\/\/landioustravel.com\/it\/shop\/motoscafo-privato-orange-bay-hurghada\/"]}]},{"@type":"ImageObject","inLanguage":"it-IT","@id":"https:\/\/landioustravel.com\/it\/shop\/motoscafo-privato-orange-bay-hurghada\/#primaryimage","url":"https:\/\/i0.wp.com\/landioustravel.com\/wp-content\/uploads\/2019\/05\/Orange-Bay-by-Speedboat-Hurghada.jpg?fit=1200%2C657&ssl=1","contentUrl":"https:\/\/i0.wp.com\/landioustravel.com\/wp-content\/uploads\/2019\/05\/Orange-Bay-by-Speedboat-Hurghada.jpg?fit=1200%2C657&ssl=1","width":1200,"height":657,"caption":"Orange Bay by Speedboat Hurghada"},{"@type":"BreadcrumbList","@id":"https:\/\/landioustravel.com\/it\/shop\/motoscafo-privato-orange-bay-hurghada\/#breadcrumb","itemListElement":[{"@type":"ListItem","position":1,"name":"Home","item":"https:\/\/landioustravel.com\/it\/"},{"@type":"ListItem","position":2,"name":"Tour in Egitto","item":"https:\/\/landioustravel.com\/it\/"},{"@type":"ListItem","position":3,"name":"Motoscafo privato per Orange Bay a Hurghada"}]},{"@type":"WebSite","@id":"https:\/\/landioustravel.com\/it\/#website","url":"https:\/\/landioustravel.com\/it\/","name":"Landious Travel","description":"Excursions, trips and cruises in Egypt","publisher":{"@id":"https:\/\/landioustravel.com\/it\/#organization"},"potentialAction":[{"@type":"SearchAction","target":{"@type":"EntryPoint","urlTemplate":"https:\/\/landioustravel.com\/it\/?s={search_term_string}"},"query-input":{"@type":"PropertyValueSpecification","valueRequired":true,"valueName":"search_term_string"}}],"inLanguage":"it-IT"},{"@type":["Organization","Place"],"@id":"https:\/\/landioustravel.com\/it\/#organization","name":"Landious Travel","alternateName":"Landious Travel","url":"https:\/\/landioustravel.com\/it\/","logo":{"@id":"https:\/\/landioustravel.com\/it\/shop\/motoscafo-privato-orange-bay-hurghada\/#local-main-organization-logo"},"image":{"@id":"https:\/\/landioustravel.com\/it\/shop\/motoscafo-privato-orange-bay-hurghada\/#local-main-organization-logo"},"sameAs":["https:\/\/web.facebook.com\/landiousEgypt","https:\/\/x.com\/LandiousTours","https:\/\/mastodon.social\/@landious"],"legalName":"Landious Travel","telephone":[],"openingHoursSpecification":[{"@type":"OpeningHoursSpecification","dayOfWeek":["Monday","Tuesday","Wednesday","Thursday","Friday","Saturday","Sunday"],"opens":"09:00","closes":"17:00"}]},{"@type":"ImageObject","inLanguage":"it-IT","@id":"https:\/\/landioustravel.com\/it\/shop\/motoscafo-privato-orange-bay-hurghada\/#local-main-organization-logo","url":"https:\/\/i0.wp.com\/landioustravel.com\/wp-content\/uploads\/2021\/06\/Landious-T.png?fit=500%2C500&ssl=1","contentUrl":"https:\/\/i0.wp.com\/landioustravel.com\/wp-content\/uploads\/2021\/06\/Landious-T.png?fit=500%2C500&ssl=1","width":500,"height":500,"caption":"Landious Travel"}]}},"jetpack_publicize_connections":[],"uagb_featured_image_src":{"full":["https:\/\/i0.wp.com\/landioustravel.com\/wp-content\/uploads\/2019\/05\/Orange-Bay-by-Speedboat-Hurghada.jpg?fit=1200%2C657&ssl=1",1200,657,false],"thumbnail":["https:\/\/i0.wp.com\/landioustravel.com\/wp-content\/uploads\/2019\/05\/Orange-Bay-by-Speedboat-Hurghada.jpg?resize=150%2C150&ssl=1",150,150,true],"medium":["https:\/\/i0.wp.com\/landioustravel.com\/wp-content\/uploads\/2019\/05\/Orange-Bay-by-Speedboat-Hurghada.jpg?fit=300%2C164&ssl=1",300,164,true],"medium_large":["https:\/\/i0.wp.com\/landioustravel.com\/wp-content\/uploads\/2019\/05\/Orange-Bay-by-Speedboat-Hurghada.jpg?fit=768%2C420&ssl=1",768,420,true],"large":["https:\/\/i0.wp.com\/landioustravel.com\/wp-content\/uploads\/2019\/05\/Orange-Bay-by-Speedboat-Hurghada.jpg?fit=980%2C537&ssl=1",980,537,true],"1536x1536":["https:\/\/i0.wp.com\/landioustravel.com\/wp-content\/uploads\/2019\/05\/Orange-Bay-by-Speedboat-Hurghada.jpg?fit=1200%2C657&ssl=1",1200,657,true],"2048x2048":["https:\/\/i0.wp.com\/landioustravel.com\/wp-content\/uploads\/2019\/05\/Orange-Bay-by-Speedboat-Hurghada.jpg?fit=1200%2C657&ssl=1",1200,657,true],"newspack-article-block-landscape-large":["https:\/\/i0.wp.com\/landioustravel.com\/wp-content\/uploads\/2019\/05\/Orange-Bay-by-Speedboat-Hurghada.jpg?resize=1200%2C657&ssl=1",1200,657,true],"newspack-article-block-portrait-large":["https:\/\/i0.wp.com\/landioustravel.com\/wp-content\/uploads\/2019\/05\/Orange-Bay-by-Speedboat-Hurghada.jpg?resize=900%2C657&ssl=1",900,657,true],"newspack-article-block-square-large":["https:\/\/i0.wp.com\/landioustravel.com\/wp-content\/uploads\/2019\/05\/Orange-Bay-by-Speedboat-Hurghada.jpg?resize=1200%2C657&ssl=1",1200,657,true],"newspack-article-block-landscape-medium":["https:\/\/i0.wp.com\/landioustravel.com\/wp-content\/uploads\/2019\/05\/Orange-Bay-by-Speedboat-Hurghada.jpg?resize=800%2C600&ssl=1",800,600,true],"newspack-article-block-portrait-medium":["https:\/\/i0.wp.com\/landioustravel.com\/wp-content\/uploads\/2019\/05\/Orange-Bay-by-Speedboat-Hurghada.jpg?resize=600%2C657&ssl=1",600,657,true],"newspack-article-block-square-medium":["https:\/\/i0.wp.com\/landioustravel.com\/wp-content\/uploads\/2019\/05\/Orange-Bay-by-Speedboat-Hurghada.jpg?resize=800%2C657&ssl=1",800,657,true],"newspack-article-block-landscape-intermediate":["https:\/\/i0.wp.com\/landioustravel.com\/wp-content\/uploads\/2019\/05\/Orange-Bay-by-Speedboat-Hurghada.jpg?resize=600%2C450&ssl=1",600,450,true],"newspack-article-block-portrait-intermediate":["https:\/\/i0.wp.com\/landioustravel.com\/wp-content\/uploads\/2019\/05\/Orange-Bay-by-Speedboat-Hurghada.jpg?resize=450%2C600&ssl=1",450,600,true],"newspack-article-block-square-intermediate":["https:\/\/i0.wp.com\/landioustravel.com\/wp-content\/uploads\/2019\/05\/Orange-Bay-by-Speedboat-Hurghada.jpg?resize=600%2C600&ssl=1",600,600,true],"newspack-article-block-landscape-small":["https:\/\/i0.wp.com\/landioustravel.com\/wp-content\/uploads\/2019\/05\/Orange-Bay-by-Speedboat-Hurghada.jpg?resize=400%2C300&ssl=1",400,300,true],"newspack-article-block-portrait-small":["https:\/\/i0.wp.com\/landioustravel.com\/wp-content\/uploads\/2019\/05\/Orange-Bay-by-Speedboat-Hurghada.jpg?resize=300%2C400&ssl=1",300,400,true],"newspack-article-block-square-small":["https:\/\/i0.wp.com\/landioustravel.com\/wp-content\/uploads\/2019\/05\/Orange-Bay-by-Speedboat-Hurghada.jpg?resize=400%2C400&ssl=1",400,400,true],"newspack-article-block-landscape-tiny":["https:\/\/i0.wp.com\/landioustravel.com\/wp-content\/uploads\/2019\/05\/Orange-Bay-by-Speedboat-Hurghada.jpg?resize=200%2C150&ssl=1",200,150,true],"newspack-article-block-portrait-tiny":["https:\/\/i0.wp.com\/landioustravel.com\/wp-content\/uploads\/2019\/05\/Orange-Bay-by-Speedboat-Hurghada.jpg?resize=150%2C200&ssl=1",150,200,true],"newspack-article-block-square-tiny":["https:\/\/i0.wp.com\/landioustravel.com\/wp-content\/uploads\/2019\/05\/Orange-Bay-by-Speedboat-Hurghada.jpg?resize=200%2C200&ssl=1",200,200,true],"newspack-article-block-uncropped":["https:\/\/i0.wp.com\/landioustravel.com\/wp-content\/uploads\/2019\/05\/Orange-Bay-by-Speedboat-Hurghada.jpg?fit=1200%2C657&ssl=1",1200,657,true],"woocommerce_thumbnail":["https:\/\/i0.wp.com\/landioustravel.com\/wp-content\/uploads\/2019\/05\/Orange-Bay-by-Speedboat-Hurghada.jpg?resize=324%2C324&ssl=1",324,324,true],"woocommerce_single":["https:\/\/i0.wp.com\/landioustravel.com\/wp-content\/uploads\/2019\/05\/Orange-Bay-by-Speedboat-Hurghada.jpg?fit=416%2C228&ssl=1",416,228,true],"woocommerce_gallery_thumbnail":["https:\/\/i0.wp.com\/landioustravel.com\/wp-content\/uploads\/2019\/05\/Orange-Bay-by-Speedboat-Hurghada.jpg?resize=100%2C100&ssl=1",100,100,true]},"uagb_author_info":{"display_name":"Mofreh Landious","author_link":"https:\/\/landioustravel.com\/it\/author\/"},"uagb_comment_info":3,"uagb_excerpt":"Preparati per un'avventura emozionante! Verremo a prendervi al vostro hotel al mattino e vi accompagneremo in un emozionante giro in motoscafo verso due splendide isole del Mar Rosso. La nostra prima tappa \u00e8 Orange Bay, dove potrai rilassarti sulle bellissime spiagge di sabbia bianca e prendere il sole. Avrai tutto il tempo per fare nuove&hellip;","jetpack_sharing_enabled":true,"jetpack_likes_enabled":true,"amp_enabled":true,"_links":{"self":[{"href":"https:\/\/landioustravel.com\/it\/wp-json\/wp\/v2\/product\/4822","targetHints":{"allow":["GET"]}}],"collection":[{"href":"https:\/\/landioustravel.com\/it\/wp-json\/wp\/v2\/product"}],"about":[{"href":"https:\/\/landioustravel.com\/it\/wp-json\/wp\/v2\/types\/product"}],"replies":[{"embeddable":true,"href":"https:\/\/landioustravel.com\/it\/wp-json\/wp\/v2\/comments?post=4822"}],"wp:featuredmedia":[{"embeddable":true,"href":"https:\/\/landioustravel.com\/it\/wp-json\/wp\/v2\/media\/129062"}],"wp:attachment":[{"href":"https:\/\/landioustravel.com\/it\/wp-json\/wp\/v2\/media?parent=4822"}],"wp:term":[{"taxonomy":"product_brand","embeddable":true,"href":"https:\/\/landioustravel.com\/it\/wp-json\/wp\/v2\/product_brand?post=4822"},{"taxonomy":"product_cat","embeddable":true,"href":"https:\/\/landioustravel.com\/it\/wp-json\/wp\/v2\/product_cat?post=4822"},{"taxonomy":"product_tag","embeddable":true,"href":"https:\/\/landioustravel.com\/it\/wp-json\/wp\/v2\/product_tag?post=4822"}],"curies":[{"name":"wp","href":"https:\/\/api.w.org\/{rel}","templated":true}]}}