{"id":4835,"date":"2019-04-28T05:55:16","date_gmt":"2019-05-24T02:04:46","guid":{"rendered":"https:\/\/landioustravel.com\/?post_type=product&#038;p=4835"},"modified":"2025-12-29T19:14:01","modified_gmt":"2025-12-29T17:14:01","slug":"escursione-barca-mubarak-marsa-alam","status":"publish","type":"product","link":"https:\/\/landioustravel.com\/it\/shop\/escursione-barca-mubarak-marsa-alam\/","title":{"rendered":"Escursione in barca a Marsa Mubarak da Marsa Alam"},"content":{"rendered":"<p>Una meravigliosa gita in barca a Marsa Mubarak da Marsa Alam! Raccomandiamo il viaggio perch\u00e9 permette ai turisti di divertirsi al mare! Il viaggio ti offre l&#8217;opportunit\u00e0 di vedere bellissimi coralli e una variet\u00e0 di pesci a Marsa Mubarak, famosa per la sua flora e fauna. Questo posto \u00e8 ben noto per le frequenti visite delle tartarughe marine verdi, delfini e un dugongo. Puoi, comunque, goderti il \u200b\u200bpicnic sul mare lungo la costa del Mar Rosso in una delle zone pi\u00f9 belle di Marsa Alam.<\/p>\n<h2>I punti principali del programma di escursioni a Marsa Mubarak<\/h2>\n<ul>\n<li>Nuotando due volte in mare aperto dallo yacht<\/li>\n<li>Snorkeling con maschere e pinne in mare aperto<\/li>\n<li>Pranzo<\/li>\n<\/ul>\n<h3>Il programma di escursione a Marsa Mubarak da Marsa Alam<\/h3>\n<ul>\n<li>A prendervi dall&#8217;hotel alle 08:00 circa<\/li>\n<li>Dopo aver raccolto tutti gli arrivi, l&#8217;autobus va al porto. La strada per il porto dura circa 45 minuti<\/li>\n<li>Troverai il tuo yacht nel porto. \u00c8 grande e chic! Questo yacht \u00e8 composto da due piani. Appena saliti sullo yacht, \u00e8 necessario togliersi le scarpe e salire al secondo piano abbronzandosi sul ponte superiore<\/li>\n<li>Lo yacht naviga attraverso il Mar Rosso, non appena il gruppo si riunisce. E, in una splendida macchia marina, farai una sosta in mare aperto. La barca salper\u00e0 per circa 30 minuti fino ad arrivare alla piccola baia speciale di Marsa El Shouna. \u00c8 famoso per le sue barriere coralline dove vivono polpi, pesci scorpione e una miriade di altre creature mimetizzate. L\u00ec, puoi nuotare e fare snorkeling con maschere e pinne<\/li>\n<li>Dopo questa incredibile sosta, si ritorna allo yacht per il pranzo. Durante l&#8217;ora di pranzo, il buffet sar\u00e0 aperto<\/li>\n<li>Successivamente, la barca salpa su Marsa Mubarak. L\u00ec, avrai una seconda tappa per nuotare e fare snorkeling con maschere e pinne in questa splendida localit\u00e0 marina<\/li>\n<li>Questo viaggio di snorkeling a Marsa Alam termina alle 16:30 circa<\/li>\n<\/ul>\n<h4>Cosa \u00e8 incluso nel prezzo del viaggio<\/h4>\n<ul>\n<li>Cibo e bevande<\/li>\n<li>Trasferimento al porto e ritorno in hotel<\/li>\n<\/ul>\n<h5>Cosa non \u00e8 incluso nel prezzo del viaggio<\/h5>\n<ul>\n<li>Attrezzatura per lo snorkeling<\/li>\n<li>DVD video<\/li>\n<li>CD fotografico<\/li>\n<\/ul>\n<h6>COSA PORTARE CON TE PER IL VIAGGIO<\/h6>\n<ul>\n<li>Attrezzatura per lo snorkeling<\/li>\n<li>Asciugamano<\/li>\n<li>Protezione solare<\/li>\n<\/ul>\n<h6>GIORNI DI ORGANIZZAZIONE DI ESCURSIONE<\/h6>\n<ul>\n<li>Tutti i giorni dalle 08:00 alle 17:00<\/li>\n<\/ul>\n","protected":false},"excerpt":{"rendered":"<p>Stai cercando un picnic rilassante e divertente attraverso il Mar Rosso? Unisciti a noi nel nostro viaggio in mare a Marsa Mubarak da Marsa Alam, dove potrai sperimentare due soste in mare aperto per nuotare e fare snorkeling con maschere e pinne. Durante queste soste, ti offriremo un delizioso pranzo in barca. Inoltre, il prezzo del viaggio include i trasferimenti, l&#8217;attrezzatura per lo snorkeling e il pranzo, quindi non dovrai preoccuparti di nulla.<\/p>\n<p>Se sei interessato ad esplorare altri luoghi per lo snorkeling, offriamo anche un viaggio a Port Ghalib Marina da Marsa Alam. Il nostro amichevole rappresentante di Marsaalamtours verr\u00e0 a prenderti dal tuo hotel a Marsa Alam e ti accompagner\u00e0 a Port Ghalib Marina, dove inizierai il tuo fantastico viaggio attraverso le scintillanti acque del Mar Rosso. Avrai la possibilit\u00e0 di vedere l&#8217;incredibile Dugong the Sea cow con diversi tipi di pesci colorati a Marsa Mubarak e Marsa el Shouna.<\/p>\n<p>Alla nostra prima tappa per lo snorkeling, Marsa el Shouna, avrai l&#8217;opportunit\u00e0 di incontrare un&#8217;incredibile vita marina in siti come Ras Shouna, Aquarium, Shouna Seagrass, Sha&#8217;ab Sireer e Sha&#8217;ab Abu Khaled. Dopo aver gustato un delizioso pranzo a bordo della barca, ci sposteremo verso la nostra seconda tappa per lo snorkeling, Marsa Mubarak. Questa baia protetta \u00e8 uno dei pi\u00f9 bei siti per lo snorkeling e le immersioni nell&#8217;area di Marsa Alam, con acqua calda e cristallina che ospita una grande variet\u00e0 di flora e fauna. Con un po&#8217; di fortuna, potresti persino avvistare la &#8220;mucca di mare&#8221; dugongo in via di estinzione che pascola sull&#8217;erba marina.<\/p>\n<p>Unisciti a noi per un&#8217;indimenticabile avventura di snorkeling nel Mar Rosso! Comprendiamo quanto sia importante vivere un&#8217;esperienza piacevole e senza stress, quindi ti forniremo tutta l&#8217;attrezzatura necessaria, comprese pinne, maschere e giubbotti di salvataggio. Inoltre, la nostra assistenza guida a bordo della barca ti garantir\u00e0 un viaggio sicuro e confortevole. Alla fine della giornata, faremo ritorno al porto turistico di Port Ghalib, dove vi assisteremo prima del trasferimento al vostro hotel a Marsa Alam. Con i servizi di prelievo dal tuo hotel e bevande come t\u00e8, caff\u00e8 e cola inclusi, non ci sono costi nascosti.<\/p>\n","protected":false},"featured_media":99244,"comment_status":"open","ping_status":"closed","template":"","meta":{"_coblocks_attr":"","_coblocks_dimensions":"","_coblocks_responsive_height":"","_coblocks_accordion_ie_support":"","_uag_custom_page_level_css":"","jetpack_publicize_message":"","jetpack_publicize_feature_enabled":true,"jetpack_social_post_already_shared":true,"jetpack_social_options":{"image_generator_settings":{"template":"highway","default_image_id":0,"font":"","enabled":false},"version":2},"_wpas_customize_per_network":false},"product_brand":[],"product_cat":[6618,12331],"product_tag":[1644,22564,1663,1682],"class_list":{"0":"post-4835","1":"product","2":"type-product","3":"status-publish","4":"has-post-thumbnail","6":"product_cat-escursioni-marsa-alam","7":"product_cat-gite-mare-marsa-alam","8":"product_tag-escursione","9":"product_tag-mare","10":"product_tag-snorkeling-it","11":"product_tag-viaggi-marittimi","12":"pa_age-adulto","13":"pa_age-bambino-1-4-anni","14":"pa_age-bambino-5-11-anni","16":"first","17":"instock","18":"sale","19":"taxable","20":"shipping-taxable","21":"purchasable","22":"product-type-variable"},"yoast_head":"<!-- This site is optimized with the Yoast SEO Premium plugin v27.5 (Yoast SEO v27.5) - https:\/\/yoast.com\/product\/yoast-seo-premium-wordpress\/ -->\n<title>Escursione in barca a Marsa Mubarak da Marsa Alam<\/title>\n<meta name=\"description\" content=\"Escursione in barca a Marsa Mubarak da Marsa Alam Raccomandiamo il viaggio perch\u00e9 permette ai turisti di divertirsi al mare! Il viaggio ti offre\" \/>\n<meta name=\"robots\" content=\"index, follow, max-snippet:-1, max-image-preview:large, max-video-preview:-1\" \/>\n<link rel=\"canonical\" href=\"https:\/\/landioustravel.com\/it\/shop\/escursione-barca-mubarak-marsa-alam\/\" \/>\n<meta property=\"og:locale\" content=\"it_IT\" \/>\n<meta property=\"og:type\" content=\"article\" \/>\n<meta property=\"og:title\" content=\"Escursione in barca a Marsa Mubarak da Marsa Alam\" \/>\n<meta property=\"og:description\" content=\"Landious Travel\" \/>\n<meta property=\"og:url\" content=\"https:\/\/landioustravel.com\/it\/shop\/escursione-barca-mubarak-marsa-alam\/\" \/>\n<meta property=\"og:site_name\" content=\"Landious Travel\" \/>\n<meta property=\"article:publisher\" content=\"https:\/\/web.facebook.com\/landiousEgypt\" \/>\n<meta property=\"article:modified_time\" content=\"2025-12-29T17:14:01+00:00\" \/>\n<meta property=\"og:image\" content=\"https:\/\/i0.wp.com\/landioustravel.com\/wp-content\/uploads\/2019\/04\/Marsa-Mubarak-Boat-Trip-from-Marsa-Alam-e1669163771942.jpg?fit=1024%2C675&ssl=1\" \/>\n\t<meta property=\"og:image:width\" content=\"1024\" \/>\n\t<meta property=\"og:image:height\" content=\"675\" \/>\n\t<meta property=\"og:image:type\" content=\"image\/jpeg\" \/>\n<meta name=\"twitter:card\" content=\"summary_large_image\" \/>\n<meta name=\"twitter:site\" content=\"@LandiousTours\" \/>\n<meta name=\"twitter:label1\" content=\"Tempo di lettura stimato\" \/>\n\t<meta name=\"twitter:data1\" content=\"2 minuti\" \/>\n<script type=\"application\/ld+json\" class=\"yoast-schema-graph\">{\"@context\":\"https:\\\/\\\/schema.org\",\"@graph\":[{\"@type\":\"WebPage\",\"@id\":\"https:\\\/\\\/landioustravel.com\\\/it\\\/shop\\\/escursione-barca-mubarak-marsa-alam\\\/\",\"url\":\"https:\\\/\\\/landioustravel.com\\\/it\\\/shop\\\/escursione-barca-mubarak-marsa-alam\\\/\",\"name\":\"Escursione in barca a Marsa Mubarak da Marsa Alam\",\"isPartOf\":{\"@id\":\"https:\\\/\\\/landioustravel.com\\\/it\\\/#website\"},\"primaryImageOfPage\":{\"@id\":\"https:\\\/\\\/landioustravel.com\\\/it\\\/shop\\\/escursione-barca-mubarak-marsa-alam\\\/#primaryimage\"},\"image\":{\"@id\":\"https:\\\/\\\/landioustravel.com\\\/it\\\/shop\\\/escursione-barca-mubarak-marsa-alam\\\/#primaryimage\"},\"thumbnailUrl\":\"https:\\\/\\\/i0.wp.com\\\/landioustravel.com\\\/wp-content\\\/uploads\\\/2019\\\/04\\\/Marsa-Mubarak-Boat-Trip-from-Marsa-Alam-e1669163771942.jpg?fit=1024%2C675&ssl=1\",\"datePublished\":\"2019-05-24T02:04:46+00:00\",\"dateModified\":\"2025-12-29T17:14:01+00:00\",\"description\":\"Escursione in barca a Marsa Mubarak da Marsa Alam Raccomandiamo il viaggio perch\u00e9 permette ai turisti di divertirsi al mare! Il viaggio ti offre\",\"breadcrumb\":{\"@id\":\"https:\\\/\\\/landioustravel.com\\\/it\\\/shop\\\/escursione-barca-mubarak-marsa-alam\\\/#breadcrumb\"},\"inLanguage\":\"it-IT\",\"potentialAction\":[{\"@type\":\"ReadAction\",\"target\":[\"https:\\\/\\\/landioustravel.com\\\/it\\\/shop\\\/escursione-barca-mubarak-marsa-alam\\\/\"]}]},{\"@type\":\"ImageObject\",\"inLanguage\":\"it-IT\",\"@id\":\"https:\\\/\\\/landioustravel.com\\\/it\\\/shop\\\/escursione-barca-mubarak-marsa-alam\\\/#primaryimage\",\"url\":\"https:\\\/\\\/i0.wp.com\\\/landioustravel.com\\\/wp-content\\\/uploads\\\/2019\\\/04\\\/Marsa-Mubarak-Boat-Trip-from-Marsa-Alam-e1669163771942.jpg?fit=1024%2C675&ssl=1\",\"contentUrl\":\"https:\\\/\\\/i0.wp.com\\\/landioustravel.com\\\/wp-content\\\/uploads\\\/2019\\\/04\\\/Marsa-Mubarak-Boat-Trip-from-Marsa-Alam-e1669163771942.jpg?fit=1024%2C675&ssl=1\",\"width\":1024,\"height\":675,\"caption\":\"Marsa Mubarak Boat Trip from Marsa Alam\"},{\"@type\":\"BreadcrumbList\",\"@id\":\"https:\\\/\\\/landioustravel.com\\\/it\\\/shop\\\/escursione-barca-mubarak-marsa-alam\\\/#breadcrumb\",\"itemListElement\":[{\"@type\":\"ListItem\",\"position\":1,\"name\":\"Home\",\"item\":\"https:\\\/\\\/landioustravel.com\\\/it\\\/\"},{\"@type\":\"ListItem\",\"position\":2,\"name\":\"Tour in Egitto\",\"item\":\"https:\\\/\\\/landioustravel.com\\\/it\\\/\"},{\"@type\":\"ListItem\",\"position\":3,\"name\":\"Escursione in barca a Marsa Mubarak da Marsa Alam\"}]},{\"@type\":\"WebSite\",\"@id\":\"https:\\\/\\\/landioustravel.com\\\/it\\\/#website\",\"url\":\"https:\\\/\\\/landioustravel.com\\\/it\\\/\",\"name\":\"Landious Travel\",\"description\":\"Excursions, trips and cruises in Egypt\",\"publisher\":{\"@id\":\"https:\\\/\\\/landioustravel.com\\\/it\\\/#organization\"},\"potentialAction\":[{\"@type\":\"SearchAction\",\"target\":{\"@type\":\"EntryPoint\",\"urlTemplate\":\"https:\\\/\\\/landioustravel.com\\\/it\\\/?s={search_term_string}\"},\"query-input\":{\"@type\":\"PropertyValueSpecification\",\"valueRequired\":true,\"valueName\":\"search_term_string\"}}],\"inLanguage\":\"it-IT\"},{\"@type\":[\"Organization\",\"Place\"],\"@id\":\"https:\\\/\\\/landioustravel.com\\\/it\\\/#organization\",\"name\":\"Landious Travel\",\"alternateName\":\"Landious Travel\",\"url\":\"https:\\\/\\\/landioustravel.com\\\/it\\\/\",\"logo\":{\"@id\":\"https:\\\/\\\/landioustravel.com\\\/it\\\/shop\\\/escursione-barca-mubarak-marsa-alam\\\/#local-main-organization-logo\"},\"image\":{\"@id\":\"https:\\\/\\\/landioustravel.com\\\/it\\\/shop\\\/escursione-barca-mubarak-marsa-alam\\\/#local-main-organization-logo\"},\"sameAs\":[\"https:\\\/\\\/web.facebook.com\\\/landiousEgypt\",\"https:\\\/\\\/x.com\\\/LandiousTours\",\"https:\\\/\\\/mastodon.social\\\/@landious\"],\"legalName\":\"Landious Travel\",\"telephone\":[],\"openingHoursSpecification\":[{\"@type\":\"OpeningHoursSpecification\",\"dayOfWeek\":[\"Monday\",\"Tuesday\",\"Wednesday\",\"Thursday\",\"Friday\",\"Saturday\",\"Sunday\"],\"opens\":\"09:00\",\"closes\":\"17:00\"}]},{\"@type\":\"ImageObject\",\"inLanguage\":\"it-IT\",\"@id\":\"https:\\\/\\\/landioustravel.com\\\/it\\\/shop\\\/escursione-barca-mubarak-marsa-alam\\\/#local-main-organization-logo\",\"url\":\"https:\\\/\\\/i0.wp.com\\\/landioustravel.com\\\/wp-content\\\/uploads\\\/2021\\\/06\\\/Landious-T.png?fit=500%2C500&ssl=1\",\"contentUrl\":\"https:\\\/\\\/i0.wp.com\\\/landioustravel.com\\\/wp-content\\\/uploads\\\/2021\\\/06\\\/Landious-T.png?fit=500%2C500&ssl=1\",\"width\":500,\"height\":500,\"caption\":\"Landious Travel\"}]}<\/script>\n<!-- \/ Yoast SEO Premium plugin. -->","yoast_head_json":{"title":"Escursione in barca a Marsa Mubarak da Marsa Alam","description":"Escursione in barca a Marsa Mubarak da Marsa Alam Raccomandiamo il viaggio perch\u00e9 permette ai turisti di divertirsi al mare! Il viaggio ti offre","robots":{"index":"index","follow":"follow","max-snippet":"max-snippet:-1","max-image-preview":"max-image-preview:large","max-video-preview":"max-video-preview:-1"},"canonical":"https:\/\/landioustravel.com\/it\/shop\/escursione-barca-mubarak-marsa-alam\/","og_locale":"it_IT","og_type":"article","og_title":"Escursione in barca a Marsa Mubarak da Marsa Alam","og_description":"Landious Travel","og_url":"https:\/\/landioustravel.com\/it\/shop\/escursione-barca-mubarak-marsa-alam\/","og_site_name":"Landious Travel","article_publisher":"https:\/\/web.facebook.com\/landiousEgypt","article_modified_time":"2025-12-29T17:14:01+00:00","og_image":[{"width":1024,"height":675,"url":"https:\/\/i0.wp.com\/landioustravel.com\/wp-content\/uploads\/2019\/04\/Marsa-Mubarak-Boat-Trip-from-Marsa-Alam-e1669163771942.jpg?fit=1024%2C675&ssl=1","type":"image\/jpeg"}],"twitter_card":"summary_large_image","twitter_site":"@LandiousTours","twitter_misc":{"Tempo di lettura stimato":"2 minuti"},"schema":{"@context":"https:\/\/schema.org","@graph":[{"@type":"WebPage","@id":"https:\/\/landioustravel.com\/it\/shop\/escursione-barca-mubarak-marsa-alam\/","url":"https:\/\/landioustravel.com\/it\/shop\/escursione-barca-mubarak-marsa-alam\/","name":"Escursione in barca a Marsa Mubarak da Marsa Alam","isPartOf":{"@id":"https:\/\/landioustravel.com\/it\/#website"},"primaryImageOfPage":{"@id":"https:\/\/landioustravel.com\/it\/shop\/escursione-barca-mubarak-marsa-alam\/#primaryimage"},"image":{"@id":"https:\/\/landioustravel.com\/it\/shop\/escursione-barca-mubarak-marsa-alam\/#primaryimage"},"thumbnailUrl":"https:\/\/i0.wp.com\/landioustravel.com\/wp-content\/uploads\/2019\/04\/Marsa-Mubarak-Boat-Trip-from-Marsa-Alam-e1669163771942.jpg?fit=1024%2C675&ssl=1","datePublished":"2019-05-24T02:04:46+00:00","dateModified":"2025-12-29T17:14:01+00:00","description":"Escursione in barca a Marsa Mubarak da Marsa Alam Raccomandiamo il viaggio perch\u00e9 permette ai turisti di divertirsi al mare! Il viaggio ti offre","breadcrumb":{"@id":"https:\/\/landioustravel.com\/it\/shop\/escursione-barca-mubarak-marsa-alam\/#breadcrumb"},"inLanguage":"it-IT","potentialAction":[{"@type":"ReadAction","target":["https:\/\/landioustravel.com\/it\/shop\/escursione-barca-mubarak-marsa-alam\/"]}]},{"@type":"ImageObject","inLanguage":"it-IT","@id":"https:\/\/landioustravel.com\/it\/shop\/escursione-barca-mubarak-marsa-alam\/#primaryimage","url":"https:\/\/i0.wp.com\/landioustravel.com\/wp-content\/uploads\/2019\/04\/Marsa-Mubarak-Boat-Trip-from-Marsa-Alam-e1669163771942.jpg?fit=1024%2C675&ssl=1","contentUrl":"https:\/\/i0.wp.com\/landioustravel.com\/wp-content\/uploads\/2019\/04\/Marsa-Mubarak-Boat-Trip-from-Marsa-Alam-e1669163771942.jpg?fit=1024%2C675&ssl=1","width":1024,"height":675,"caption":"Marsa Mubarak Boat Trip from Marsa Alam"},{"@type":"BreadcrumbList","@id":"https:\/\/landioustravel.com\/it\/shop\/escursione-barca-mubarak-marsa-alam\/#breadcrumb","itemListElement":[{"@type":"ListItem","position":1,"name":"Home","item":"https:\/\/landioustravel.com\/it\/"},{"@type":"ListItem","position":2,"name":"Tour in Egitto","item":"https:\/\/landioustravel.com\/it\/"},{"@type":"ListItem","position":3,"name":"Escursione in barca a Marsa Mubarak da Marsa Alam"}]},{"@type":"WebSite","@id":"https:\/\/landioustravel.com\/it\/#website","url":"https:\/\/landioustravel.com\/it\/","name":"Landious Travel","description":"Excursions, trips and cruises in Egypt","publisher":{"@id":"https:\/\/landioustravel.com\/it\/#organization"},"potentialAction":[{"@type":"SearchAction","target":{"@type":"EntryPoint","urlTemplate":"https:\/\/landioustravel.com\/it\/?s={search_term_string}"},"query-input":{"@type":"PropertyValueSpecification","valueRequired":true,"valueName":"search_term_string"}}],"inLanguage":"it-IT"},{"@type":["Organization","Place"],"@id":"https:\/\/landioustravel.com\/it\/#organization","name":"Landious Travel","alternateName":"Landious Travel","url":"https:\/\/landioustravel.com\/it\/","logo":{"@id":"https:\/\/landioustravel.com\/it\/shop\/escursione-barca-mubarak-marsa-alam\/#local-main-organization-logo"},"image":{"@id":"https:\/\/landioustravel.com\/it\/shop\/escursione-barca-mubarak-marsa-alam\/#local-main-organization-logo"},"sameAs":["https:\/\/web.facebook.com\/landiousEgypt","https:\/\/x.com\/LandiousTours","https:\/\/mastodon.social\/@landious"],"legalName":"Landious Travel","telephone":[],"openingHoursSpecification":[{"@type":"OpeningHoursSpecification","dayOfWeek":["Monday","Tuesday","Wednesday","Thursday","Friday","Saturday","Sunday"],"opens":"09:00","closes":"17:00"}]},{"@type":"ImageObject","inLanguage":"it-IT","@id":"https:\/\/landioustravel.com\/it\/shop\/escursione-barca-mubarak-marsa-alam\/#local-main-organization-logo","url":"https:\/\/i0.wp.com\/landioustravel.com\/wp-content\/uploads\/2021\/06\/Landious-T.png?fit=500%2C500&ssl=1","contentUrl":"https:\/\/i0.wp.com\/landioustravel.com\/wp-content\/uploads\/2021\/06\/Landious-T.png?fit=500%2C500&ssl=1","width":500,"height":500,"caption":"Landious Travel"}]}},"jetpack_publicize_connections":[],"uagb_featured_image_src":{"full":["https:\/\/i0.wp.com\/landioustravel.com\/wp-content\/uploads\/2019\/04\/Marsa-Mubarak-Boat-Trip-from-Marsa-Alam-e1669163771942.jpg?fit=1024%2C675&ssl=1",1024,675,false],"thumbnail":["https:\/\/i0.wp.com\/landioustravel.com\/wp-content\/uploads\/2019\/04\/Marsa-Mubarak-Boat-Trip-from-Marsa-Alam-e1669163771942.jpg?resize=150%2C150&ssl=1",150,150,true],"medium":["https:\/\/i0.wp.com\/landioustravel.com\/wp-content\/uploads\/2019\/04\/Marsa-Mubarak-Boat-Trip-from-Marsa-Alam-e1669163771942.jpg?fit=300%2C198&ssl=1",300,198,true],"medium_large":["https:\/\/i0.wp.com\/landioustravel.com\/wp-content\/uploads\/2019\/04\/Marsa-Mubarak-Boat-Trip-from-Marsa-Alam-e1669163771942.jpg?fit=768%2C506&ssl=1",768,506,true],"large":["https:\/\/i0.wp.com\/landioustravel.com\/wp-content\/uploads\/2019\/04\/Marsa-Mubarak-Boat-Trip-from-Marsa-Alam-e1669163771942.jpg?fit=980%2C646&ssl=1",980,646,true],"1536x1536":["https:\/\/i0.wp.com\/landioustravel.com\/wp-content\/uploads\/2019\/04\/Marsa-Mubarak-Boat-Trip-from-Marsa-Alam-e1669163771942.jpg?fit=1024%2C675&ssl=1",1024,675,true],"2048x2048":["https:\/\/i0.wp.com\/landioustravel.com\/wp-content\/uploads\/2019\/04\/Marsa-Mubarak-Boat-Trip-from-Marsa-Alam-e1669163771942.jpg?fit=1024%2C675&ssl=1",1024,675,true],"newspack-article-block-landscape-large":["https:\/\/i0.wp.com\/landioustravel.com\/wp-content\/uploads\/2019\/04\/Marsa-Mubarak-Boat-Trip-from-Marsa-Alam-e1669163771942.jpg?resize=1024%2C675&ssl=1",1024,675,true],"newspack-article-block-portrait-large":["https:\/\/i0.wp.com\/landioustravel.com\/wp-content\/uploads\/2019\/04\/Marsa-Mubarak-Boat-Trip-from-Marsa-Alam-e1669163771942.jpg?resize=900%2C675&ssl=1",900,675,true],"newspack-article-block-square-large":["https:\/\/i0.wp.com\/landioustravel.com\/wp-content\/uploads\/2019\/04\/Marsa-Mubarak-Boat-Trip-from-Marsa-Alam-e1669163771942.jpg?resize=1024%2C675&ssl=1",1024,675,true],"newspack-article-block-landscape-medium":["https:\/\/i0.wp.com\/landioustravel.com\/wp-content\/uploads\/2019\/04\/Marsa-Mubarak-Boat-Trip-from-Marsa-Alam-e1669163771942.jpg?resize=800%2C600&ssl=1",800,600,true],"newspack-article-block-portrait-medium":["https:\/\/i0.wp.com\/landioustravel.com\/wp-content\/uploads\/2019\/04\/Marsa-Mubarak-Boat-Trip-from-Marsa-Alam-e1669163771942.jpg?resize=600%2C675&ssl=1",600,675,true],"newspack-article-block-square-medium":["https:\/\/i0.wp.com\/landioustravel.com\/wp-content\/uploads\/2019\/04\/Marsa-Mubarak-Boat-Trip-from-Marsa-Alam-e1669163771942.jpg?resize=800%2C675&ssl=1",800,675,true],"newspack-article-block-landscape-intermediate":["https:\/\/i0.wp.com\/landioustravel.com\/wp-content\/uploads\/2019\/04\/Marsa-Mubarak-Boat-Trip-from-Marsa-Alam-e1669163771942.jpg?resize=600%2C450&ssl=1",600,450,true],"newspack-article-block-portrait-intermediate":["https:\/\/i0.wp.com\/landioustravel.com\/wp-content\/uploads\/2019\/04\/Marsa-Mubarak-Boat-Trip-from-Marsa-Alam-e1669163771942.jpg?resize=450%2C600&ssl=1",450,600,true],"newspack-article-block-square-intermediate":["https:\/\/i0.wp.com\/landioustravel.com\/wp-content\/uploads\/2019\/04\/Marsa-Mubarak-Boat-Trip-from-Marsa-Alam-e1669163771942.jpg?resize=600%2C600&ssl=1",600,600,true],"newspack-article-block-landscape-small":["https:\/\/i0.wp.com\/landioustravel.com\/wp-content\/uploads\/2019\/04\/Marsa-Mubarak-Boat-Trip-from-Marsa-Alam-e1669163771942.jpg?resize=400%2C300&ssl=1",400,300,true],"newspack-article-block-portrait-small":["https:\/\/i0.wp.com\/landioustravel.com\/wp-content\/uploads\/2019\/04\/Marsa-Mubarak-Boat-Trip-from-Marsa-Alam-e1669163771942.jpg?resize=300%2C400&ssl=1",300,400,true],"newspack-article-block-square-small":["https:\/\/i0.wp.com\/landioustravel.com\/wp-content\/uploads\/2019\/04\/Marsa-Mubarak-Boat-Trip-from-Marsa-Alam-e1669163771942.jpg?resize=400%2C400&ssl=1",400,400,true],"newspack-article-block-landscape-tiny":["https:\/\/i0.wp.com\/landioustravel.com\/wp-content\/uploads\/2019\/04\/Marsa-Mubarak-Boat-Trip-from-Marsa-Alam-e1669163771942.jpg?resize=200%2C150&ssl=1",200,150,true],"newspack-article-block-portrait-tiny":["https:\/\/i0.wp.com\/landioustravel.com\/wp-content\/uploads\/2019\/04\/Marsa-Mubarak-Boat-Trip-from-Marsa-Alam-e1669163771942.jpg?resize=150%2C200&ssl=1",150,200,true],"newspack-article-block-square-tiny":["https:\/\/i0.wp.com\/landioustravel.com\/wp-content\/uploads\/2019\/04\/Marsa-Mubarak-Boat-Trip-from-Marsa-Alam-e1669163771942.jpg?resize=200%2C200&ssl=1",200,200,true],"newspack-article-block-uncropped":["https:\/\/i0.wp.com\/landioustravel.com\/wp-content\/uploads\/2019\/04\/Marsa-Mubarak-Boat-Trip-from-Marsa-Alam-e1669163771942.jpg?fit=1024%2C675&ssl=1",1024,675,true],"woocommerce_thumbnail":["https:\/\/i0.wp.com\/landioustravel.com\/wp-content\/uploads\/2019\/04\/Marsa-Mubarak-Boat-Trip-from-Marsa-Alam-e1669163771942.jpg?resize=324%2C324&ssl=1",324,324,true],"woocommerce_single":["https:\/\/i0.wp.com\/landioustravel.com\/wp-content\/uploads\/2019\/04\/Marsa-Mubarak-Boat-Trip-from-Marsa-Alam-e1669163771942.jpg?fit=416%2C274&ssl=1",416,274,true],"woocommerce_gallery_thumbnail":["https:\/\/i0.wp.com\/landioustravel.com\/wp-content\/uploads\/2019\/04\/Marsa-Mubarak-Boat-Trip-from-Marsa-Alam-e1669163771942.jpg?resize=100%2C100&ssl=1",100,100,true]},"uagb_author_info":{"display_name":"Mofreh Landious","author_link":"https:\/\/landioustravel.com\/it\/author\/"},"uagb_comment_info":4,"uagb_excerpt":"Stai cercando un picnic rilassante e divertente attraverso il Mar Rosso? Unisciti a noi nel nostro viaggio in mare a Marsa Mubarak da Marsa Alam, dove potrai sperimentare due soste in mare aperto per nuotare e fare snorkeling con maschere e pinne. Durante queste soste, ti offriremo un delizioso pranzo in barca. Inoltre, il prezzo&hellip;","jetpack_sharing_enabled":true,"jetpack_likes_enabled":true,"amp_enabled":true,"_links":{"self":[{"href":"https:\/\/landioustravel.com\/it\/wp-json\/wp\/v2\/product\/4835","targetHints":{"allow":["GET"]}}],"collection":[{"href":"https:\/\/landioustravel.com\/it\/wp-json\/wp\/v2\/product"}],"about":[{"href":"https:\/\/landioustravel.com\/it\/wp-json\/wp\/v2\/types\/product"}],"replies":[{"embeddable":true,"href":"https:\/\/landioustravel.com\/it\/wp-json\/wp\/v2\/comments?post=4835"}],"wp:featuredmedia":[{"embeddable":true,"href":"https:\/\/landioustravel.com\/it\/wp-json\/wp\/v2\/media\/99244"}],"wp:attachment":[{"href":"https:\/\/landioustravel.com\/it\/wp-json\/wp\/v2\/media?parent=4835"}],"wp:term":[{"taxonomy":"product_brand","embeddable":true,"href":"https:\/\/landioustravel.com\/it\/wp-json\/wp\/v2\/product_brand?post=4835"},{"taxonomy":"product_cat","embeddable":true,"href":"https:\/\/landioustravel.com\/it\/wp-json\/wp\/v2\/product_cat?post=4835"},{"taxonomy":"product_tag","embeddable":true,"href":"https:\/\/landioustravel.com\/it\/wp-json\/wp\/v2\/product_tag?post=4835"}],"curies":[{"name":"wp","href":"https:\/\/api.w.org\/{rel}","templated":true}]}}