{"id":4858,"date":"2019-04-07T04:10:56","date_gmt":"2019-05-25T19:52:04","guid":{"rendered":"https:\/\/landioustravel.com\/?post_type=product&#038;p=4858"},"modified":"2024-09-27T19:36:41","modified_gmt":"2024-09-27T16:36:41","slug":"viaggio-individuale-abydos-hurghada","status":"publish","type":"product","link":"https:\/\/landioustravel.com\/it\/shop\/viaggio-individuale-abydos-hurghada\/","title":{"rendered":"Viaggio individuale Abydos-Dendera da Hurghada"},"content":{"rendered":"<p>Un&#8217;interessante escursione individuale ad Abydos &#8211; Dendera dalla localit\u00e0 di <a href=\"https:\/\/landioustravel.com\/it\/citta-hurghada\/\">Hurghada<\/a>! Raccomandiamo il viaggio perch\u00e9 consente ai turisti di vedere un gran numero di attrazioni in due citt\u00e0: Dendera e Sohag. Questi monumenti furono costruiti durante due diverse epoche della storia egiziana, l&#8217;antico Egitto e l&#8217;impero romano. Permette di ottenere una grande porzione di gioia e di saperne di pi\u00f9 sulla storia del paese.<\/p>\n<h2>Principali punti del programma di escursioni ad Abydos-Dendera<\/h2>\n<ul>\n<li>Visita ai templi di Abydos<\/li>\n<li>Pranzo<\/li>\n<li>Infine, il tempio della dea Hathor a Dendera<\/li>\n<\/ul>\n<h3>Programma dell&#8217;escursione a Dendera-Abydos da Hurghada<\/h3>\n<ul>\n<li>Ritiriamo dall&#8217;hotel verso le 04:00 del mattino<\/li>\n<li>Dopo averti preso, l&#8217;autobus (limousine o minibus) va verso la citt\u00e0 di Qena passando per la citt\u00e0 di Safaga. La localit\u00e0 turistica di Safaga si trova a 45 miglia a sud di Hurghada, sulla costa del Mar Rosso; mentre, la citt\u00e0 di Qena si trova a 220 km di distanza nella valle del Nilo. La strada, dal centro di Hurghada a Qena, dura circa 3 ore. Da Qena, prosegui verso nord in direzione del governatorato di Sohag per raggiungere il villaggio di Abydos. Ci vuole circa un&#8217;ora per ottenere Abydos.<\/li>\n<\/ul>\n<h4>Il programma in Abydos<\/h4>\n<ul>\n<li>Appena arrivi al governatorato di Sohag, pi\u00f9 esattamente, ad Abydos, inizi il tuo programma di escursioni nel tempio di Osiride. Questo \u00e8 un complesso di templi e edifici. Nel tempio, inizia la spiegazione della tua guida, e poi mostra i luoghi visitati di frequente di questo grande complesso. Il complesso stesso contiene diversi templi ed edifici. La tua guida avr\u00e0 il compito di mostrare tutti questi templi e di dare il tempo libero per fare foto<\/li>\n<\/ul>\n<h4>Il programma a Qena<\/h4>\n<ul>\n<li>Quindi, torni a Qena. La prima tappa, l\u00ec, sar\u00e0 al ristorante.<\/li>\n<li>Dopo pranzo, guiderai verso il vicino villaggio di Dendera dove potrai visitare il complesso del Tempio di Dendera. Ancora una volta, la guida inizia la sua spiegazione e mostra i luoghi visitati di frequente di questo grande complesso. Il complesso stesso contiene diversi templi ed edifici. La tua guida avr\u00e0 il compito di mostrare tutti questi templi e di dare il tempo libero per fare foto<\/li>\n<\/ul>\n<h4>Cosa \u00e8 incluso nel prezzo del viaggio<\/h4>\n<ul>\n<li>I biglietti per visitare i templi<\/li>\n<li>Pranzo<\/li>\n<li>Bevande<\/li>\n<li>Guida privata<\/li>\n<li>Veicolo privato per Abydos e ritorno in hotel<\/li>\n<\/ul>\n<h5>Cosa non \u00e8 incluso nel prezzo del tour<\/h5>\n<ul>\n<li>Ulteriori programmi di escursione che non sono inclusi nel programma di cui sopra<\/li>\n<\/ul>\n<h6>COSA PORTARE CON TE PER IL VIAGGIO<\/h6>\n<ul>\n<li>Scatola della colazione<\/li>\n<li>Vestiti per la stagione<\/li>\n<\/ul>\n<h6>GIORNI DI ORGANIZZAZIONE DI ESCURSIONE<\/h6>\n<ul>\n<li>Tutti i giorni dalle 04:00 alle 20:00<\/li>\n<\/ul>\n","protected":false},"excerpt":{"rendered":"<p>Parti per un viaggio mozzafiato ad Abydos-Dendera da Hurghada e scopri i maestosi templi di Abydos. Preparati ad essere spazzato via dalla bellezza del tempio e, dopo la tua visita, concediti un pranzo appetitoso prima di dirigerti verso il complesso del Tempio di Dendera. Il pacchetto turistico copre tutto, dal trasporto ai biglietti d&#8217;ingresso e al pranzo, cos\u00ec puoi sederti, rilassarti e goderti il tour di un giorno dei templi di Dendera e Abydos da Hurghada. Esplora il Tempio mozzafiato di Hathor, la dea dell&#8217;amore, della musica e della guarigione, e poi passa al Tempio di Osiride ad Abydos, un importante sito religioso per gli antichi egizi. Proprio come i musulmani moderni aspirano a completare un pellegrinaggio alla Mecca almeno una volta nella vita, gli antichi egizi sognavano di visitare Abydos, che era strettamente legata alla porta dell&#8217;aldil\u00e0.<\/p>\n<p>La tua avventura con Landious Travel inizia con un prelievo dal tuo hotel di Hurghada alle 6:00. Viaggerai quindi al Tempio di Dendera, che dista circa 220 chilometri da Hurghada, con una sosta nel deserto. Preparati ad essere incantato dalla storia del tempio mentre una guida turistica egittologa ti raggiunge a Dendera alle 8:30. Il Tempio di Hathor fu costruito principalmente durante il periodo tardo tolemaico ed \u00e8 modellato su altri templi egizi classici. Incontrerai anche raffigurazioni dei sovrani tolemaici, tra cui la leggendaria Cleopatra VII e suo figlio di Giulio Cesare, Tolomeo XV.<\/p>\n<p>Alle 10:30, allaccia le cinture mentre guidi dal Tempio di Dendera al Tempio di Abydos. Abydos \u00e8 uno dei siti archeologici pi\u00f9 significativi dell&#8217;antico Egitto, con il tempio commemorativo di Seti I come caratteristica pi\u00f9 notevole. Presenta un elenco cronologico che mostra i cartigli della maggior parte dei faraoni dinastici d&#8217;Egitto, chiamato Elenco dei re di Abydos. Seti I era il padre di Ramesse II, che complet\u00f2 la maggior parte della costruzione del tempio dopo la morte del padre. Il tempio da lui costruito contiene piccole cappelle dedicate a ciascuna delle principali divinit\u00e0 ed \u00e8 considerato uno dei migliori templi di tutto l&#8217;Egitto. Abydos era strettamente associato alla porta dell&#8217;aldil\u00e0 ed era un importante sito religioso per gli antichi egizi. Preparati ad assaporare un delizioso pranzo egiziano presso il tempio di Abydos alle 14:45.<\/p>\n<p>Dopo pranzo, \u00e8 ora di tornare al tuo hotel di Hurghada dal Tempio di Abydos, ma non prima di immergerti nei ricordi del tuo straordinario viaggio in solitaria ad Abydos-Dendera.<\/p>\n","protected":false},"featured_media":99503,"comment_status":"open","ping_status":"closed","template":"","meta":{"_coblocks_attr":"","_coblocks_dimensions":"","_coblocks_responsive_height":"","_coblocks_accordion_ie_support":"","_uag_custom_page_level_css":"","jetpack_publicize_message":"","jetpack_publicize_feature_enabled":true,"jetpack_social_post_already_shared":true,"jetpack_social_options":{"image_generator_settings":{"template":"highway","default_image_id":0,"font":"","enabled":false},"version":2},"_wpas_customize_per_network":false},"product_brand":[],"product_cat":[8565,1636,22514,23515],"product_tag":[1685,1644,2145,1661,9910],"class_list":{"0":"post-4858","1":"product","2":"type-product","3":"status-publish","4":"has-post-thumbnail","6":"product_cat-escursioni-individuali-hurghada","7":"product_cat-escursioni-storiche-hurghada","8":"product_cat-hurghada-escursioni-dendera","9":"product_cat-visite-turistiche-private-hurghada","10":"product_tag-dendera-it","11":"product_tag-escursione","12":"product_tag-escursioni-da-hurghada","13":"product_tag-hurghada-it","14":"product_tag-visita-turistica","16":"first","17":"instock","18":"sale","19":"taxable","20":"shipping-taxable","21":"purchasable","22":"product-type-variable"},"yoast_head":"<!-- This site is optimized with the Yoast SEO Premium plugin v26.9 (Yoast SEO v27.5) - https:\/\/yoast.com\/product\/yoast-seo-premium-wordpress\/ -->\n<title>Viaggio individuale Abydos-Dendera da Hurghada<\/title>\n<meta name=\"description\" content=\"Viaggio individuale Abydos-Dendera da Hurghada Raccomandiamo il viaggio perch\u00e9 consente ai turisti di vedere un gran numero di attrazioni in due citt\u00e0\" \/>\n<meta name=\"robots\" content=\"index, follow, max-snippet:-1, max-image-preview:large, max-video-preview:-1\" \/>\n<link rel=\"canonical\" href=\"https:\/\/landioustravel.com\/it\/shop\/viaggio-individuale-abydos-hurghada\/\" \/>\n<meta property=\"og:locale\" content=\"it_IT\" \/>\n<meta property=\"og:type\" content=\"article\" \/>\n<meta property=\"og:title\" content=\"Viaggio individuale Abydos-Dendera da Hurghada\" \/>\n<meta property=\"og:description\" content=\"Landious Travel\" \/>\n<meta property=\"og:url\" content=\"https:\/\/landioustravel.com\/it\/shop\/viaggio-individuale-abydos-hurghada\/\" \/>\n<meta property=\"og:site_name\" content=\"Landious Travel\" \/>\n<meta property=\"article:publisher\" content=\"https:\/\/web.facebook.com\/landiousEgypt\" \/>\n<meta property=\"article:modified_time\" content=\"2024-09-27T16:36:41+00:00\" \/>\n<meta property=\"og:image\" content=\"https:\/\/i0.wp.com\/landioustravel.com\/wp-content\/uploads\/2022\/07\/Dendera-e1657106168248.jpg?fit=1200%2C675&ssl=1\" \/>\n\t<meta property=\"og:image:width\" content=\"1200\" \/>\n\t<meta property=\"og:image:height\" content=\"675\" \/>\n\t<meta property=\"og:image:type\" content=\"image\/jpeg\" \/>\n<meta name=\"twitter:card\" content=\"summary_large_image\" \/>\n<meta name=\"twitter:site\" content=\"@LandiousTours\" \/>\n<meta name=\"twitter:label1\" content=\"Tempo di lettura stimato\" \/>\n\t<meta name=\"twitter:data1\" content=\"2 minuti\" \/>\n<script type=\"application\/ld+json\" class=\"yoast-schema-graph\">{\"@context\":\"https:\\\/\\\/schema.org\",\"@graph\":[{\"@type\":\"WebPage\",\"@id\":\"https:\\\/\\\/landioustravel.com\\\/it\\\/shop\\\/viaggio-individuale-abydos-hurghada\\\/\",\"url\":\"https:\\\/\\\/landioustravel.com\\\/it\\\/shop\\\/viaggio-individuale-abydos-hurghada\\\/\",\"name\":\"Viaggio individuale Abydos-Dendera da Hurghada\",\"isPartOf\":{\"@id\":\"https:\\\/\\\/landioustravel.com\\\/it\\\/#website\"},\"primaryImageOfPage\":{\"@id\":\"https:\\\/\\\/landioustravel.com\\\/it\\\/shop\\\/viaggio-individuale-abydos-hurghada\\\/#primaryimage\"},\"image\":{\"@id\":\"https:\\\/\\\/landioustravel.com\\\/it\\\/shop\\\/viaggio-individuale-abydos-hurghada\\\/#primaryimage\"},\"thumbnailUrl\":\"https:\\\/\\\/i0.wp.com\\\/landioustravel.com\\\/wp-content\\\/uploads\\\/2022\\\/07\\\/Dendera-e1657106168248.jpg?fit=1200%2C675&ssl=1\",\"datePublished\":\"2019-05-25T19:52:04+00:00\",\"dateModified\":\"2024-09-27T16:36:41+00:00\",\"description\":\"Viaggio individuale Abydos-Dendera da Hurghada Raccomandiamo il viaggio perch\u00e9 consente ai turisti di vedere un gran numero di attrazioni in due citt\u00e0\",\"breadcrumb\":{\"@id\":\"https:\\\/\\\/landioustravel.com\\\/it\\\/shop\\\/viaggio-individuale-abydos-hurghada\\\/#breadcrumb\"},\"inLanguage\":\"it-IT\",\"potentialAction\":[{\"@type\":\"ReadAction\",\"target\":[\"https:\\\/\\\/landioustravel.com\\\/it\\\/shop\\\/viaggio-individuale-abydos-hurghada\\\/\"]}]},{\"@type\":\"ImageObject\",\"inLanguage\":\"it-IT\",\"@id\":\"https:\\\/\\\/landioustravel.com\\\/it\\\/shop\\\/viaggio-individuale-abydos-hurghada\\\/#primaryimage\",\"url\":\"https:\\\/\\\/i0.wp.com\\\/landioustravel.com\\\/wp-content\\\/uploads\\\/2022\\\/07\\\/Dendera-e1657106168248.jpg?fit=1200%2C675&ssl=1\",\"contentUrl\":\"https:\\\/\\\/i0.wp.com\\\/landioustravel.com\\\/wp-content\\\/uploads\\\/2022\\\/07\\\/Dendera-e1657106168248.jpg?fit=1200%2C675&ssl=1\",\"width\":1200,\"height\":675,\"caption\":\"Dendera\"},{\"@type\":\"BreadcrumbList\",\"@id\":\"https:\\\/\\\/landioustravel.com\\\/it\\\/shop\\\/viaggio-individuale-abydos-hurghada\\\/#breadcrumb\",\"itemListElement\":[{\"@type\":\"ListItem\",\"position\":1,\"name\":\"Home\",\"item\":\"https:\\\/\\\/landioustravel.com\\\/it\\\/\"},{\"@type\":\"ListItem\",\"position\":2,\"name\":\"Tour in Egitto\",\"item\":\"https:\\\/\\\/landioustravel.com\\\/it\\\/\"},{\"@type\":\"ListItem\",\"position\":3,\"name\":\"Viaggio individuale Abydos-Dendera da Hurghada\"}]},{\"@type\":\"WebSite\",\"@id\":\"https:\\\/\\\/landioustravel.com\\\/it\\\/#website\",\"url\":\"https:\\\/\\\/landioustravel.com\\\/it\\\/\",\"name\":\"Landious Travel\",\"description\":\"Excursions, trips and cruises in Egypt\",\"publisher\":{\"@id\":\"https:\\\/\\\/landioustravel.com\\\/it\\\/#organization\"},\"potentialAction\":[{\"@type\":\"SearchAction\",\"target\":{\"@type\":\"EntryPoint\",\"urlTemplate\":\"https:\\\/\\\/landioustravel.com\\\/it\\\/?s={search_term_string}\"},\"query-input\":{\"@type\":\"PropertyValueSpecification\",\"valueRequired\":true,\"valueName\":\"search_term_string\"}}],\"inLanguage\":\"it-IT\"},{\"@type\":[\"Organization\",\"Place\"],\"@id\":\"https:\\\/\\\/landioustravel.com\\\/it\\\/#organization\",\"name\":\"Landious Travel\",\"alternateName\":\"Landious Travel\",\"url\":\"https:\\\/\\\/landioustravel.com\\\/it\\\/\",\"logo\":{\"@id\":\"https:\\\/\\\/landioustravel.com\\\/it\\\/shop\\\/viaggio-individuale-abydos-hurghada\\\/#local-main-organization-logo\"},\"image\":{\"@id\":\"https:\\\/\\\/landioustravel.com\\\/it\\\/shop\\\/viaggio-individuale-abydos-hurghada\\\/#local-main-organization-logo\"},\"sameAs\":[\"https:\\\/\\\/web.facebook.com\\\/landiousEgypt\",\"https:\\\/\\\/x.com\\\/LandiousTours\",\"https:\\\/\\\/mastodon.social\\\/@landious\"],\"legalName\":\"Landious Travel\",\"telephone\":[],\"openingHoursSpecification\":[{\"@type\":\"OpeningHoursSpecification\",\"dayOfWeek\":[\"Monday\",\"Tuesday\",\"Wednesday\",\"Thursday\",\"Friday\",\"Saturday\",\"Sunday\"],\"opens\":\"09:00\",\"closes\":\"17:00\"}]},{\"@type\":\"ImageObject\",\"inLanguage\":\"it-IT\",\"@id\":\"https:\\\/\\\/landioustravel.com\\\/it\\\/shop\\\/viaggio-individuale-abydos-hurghada\\\/#local-main-organization-logo\",\"url\":\"https:\\\/\\\/i0.wp.com\\\/landioustravel.com\\\/wp-content\\\/uploads\\\/2021\\\/06\\\/Landious-T.png?fit=500%2C500&ssl=1\",\"contentUrl\":\"https:\\\/\\\/i0.wp.com\\\/landioustravel.com\\\/wp-content\\\/uploads\\\/2021\\\/06\\\/Landious-T.png?fit=500%2C500&ssl=1\",\"width\":500,\"height\":500,\"caption\":\"Landious Travel\"}]}<\/script>\n<!-- \/ Yoast SEO Premium plugin. -->","yoast_head_json":{"title":"Viaggio individuale Abydos-Dendera da Hurghada","description":"Viaggio individuale Abydos-Dendera da Hurghada Raccomandiamo il viaggio perch\u00e9 consente ai turisti di vedere un gran numero di attrazioni in due citt\u00e0","robots":{"index":"index","follow":"follow","max-snippet":"max-snippet:-1","max-image-preview":"max-image-preview:large","max-video-preview":"max-video-preview:-1"},"canonical":"https:\/\/landioustravel.com\/it\/shop\/viaggio-individuale-abydos-hurghada\/","og_locale":"it_IT","og_type":"article","og_title":"Viaggio individuale Abydos-Dendera da Hurghada","og_description":"Landious Travel","og_url":"https:\/\/landioustravel.com\/it\/shop\/viaggio-individuale-abydos-hurghada\/","og_site_name":"Landious Travel","article_publisher":"https:\/\/web.facebook.com\/landiousEgypt","article_modified_time":"2024-09-27T16:36:41+00:00","og_image":[{"width":1200,"height":675,"url":"https:\/\/i0.wp.com\/landioustravel.com\/wp-content\/uploads\/2022\/07\/Dendera-e1657106168248.jpg?fit=1200%2C675&ssl=1","type":"image\/jpeg"}],"twitter_card":"summary_large_image","twitter_site":"@LandiousTours","twitter_misc":{"Tempo di lettura stimato":"2 minuti"},"schema":{"@context":"https:\/\/schema.org","@graph":[{"@type":"WebPage","@id":"https:\/\/landioustravel.com\/it\/shop\/viaggio-individuale-abydos-hurghada\/","url":"https:\/\/landioustravel.com\/it\/shop\/viaggio-individuale-abydos-hurghada\/","name":"Viaggio individuale Abydos-Dendera da Hurghada","isPartOf":{"@id":"https:\/\/landioustravel.com\/it\/#website"},"primaryImageOfPage":{"@id":"https:\/\/landioustravel.com\/it\/shop\/viaggio-individuale-abydos-hurghada\/#primaryimage"},"image":{"@id":"https:\/\/landioustravel.com\/it\/shop\/viaggio-individuale-abydos-hurghada\/#primaryimage"},"thumbnailUrl":"https:\/\/i0.wp.com\/landioustravel.com\/wp-content\/uploads\/2022\/07\/Dendera-e1657106168248.jpg?fit=1200%2C675&ssl=1","datePublished":"2019-05-25T19:52:04+00:00","dateModified":"2024-09-27T16:36:41+00:00","description":"Viaggio individuale Abydos-Dendera da Hurghada Raccomandiamo il viaggio perch\u00e9 consente ai turisti di vedere un gran numero di attrazioni in due citt\u00e0","breadcrumb":{"@id":"https:\/\/landioustravel.com\/it\/shop\/viaggio-individuale-abydos-hurghada\/#breadcrumb"},"inLanguage":"it-IT","potentialAction":[{"@type":"ReadAction","target":["https:\/\/landioustravel.com\/it\/shop\/viaggio-individuale-abydos-hurghada\/"]}]},{"@type":"ImageObject","inLanguage":"it-IT","@id":"https:\/\/landioustravel.com\/it\/shop\/viaggio-individuale-abydos-hurghada\/#primaryimage","url":"https:\/\/i0.wp.com\/landioustravel.com\/wp-content\/uploads\/2022\/07\/Dendera-e1657106168248.jpg?fit=1200%2C675&ssl=1","contentUrl":"https:\/\/i0.wp.com\/landioustravel.com\/wp-content\/uploads\/2022\/07\/Dendera-e1657106168248.jpg?fit=1200%2C675&ssl=1","width":1200,"height":675,"caption":"Dendera"},{"@type":"BreadcrumbList","@id":"https:\/\/landioustravel.com\/it\/shop\/viaggio-individuale-abydos-hurghada\/#breadcrumb","itemListElement":[{"@type":"ListItem","position":1,"name":"Home","item":"https:\/\/landioustravel.com\/it\/"},{"@type":"ListItem","position":2,"name":"Tour in Egitto","item":"https:\/\/landioustravel.com\/it\/"},{"@type":"ListItem","position":3,"name":"Viaggio individuale Abydos-Dendera da Hurghada"}]},{"@type":"WebSite","@id":"https:\/\/landioustravel.com\/it\/#website","url":"https:\/\/landioustravel.com\/it\/","name":"Landious Travel","description":"Excursions, trips and cruises in Egypt","publisher":{"@id":"https:\/\/landioustravel.com\/it\/#organization"},"potentialAction":[{"@type":"SearchAction","target":{"@type":"EntryPoint","urlTemplate":"https:\/\/landioustravel.com\/it\/?s={search_term_string}"},"query-input":{"@type":"PropertyValueSpecification","valueRequired":true,"valueName":"search_term_string"}}],"inLanguage":"it-IT"},{"@type":["Organization","Place"],"@id":"https:\/\/landioustravel.com\/it\/#organization","name":"Landious Travel","alternateName":"Landious Travel","url":"https:\/\/landioustravel.com\/it\/","logo":{"@id":"https:\/\/landioustravel.com\/it\/shop\/viaggio-individuale-abydos-hurghada\/#local-main-organization-logo"},"image":{"@id":"https:\/\/landioustravel.com\/it\/shop\/viaggio-individuale-abydos-hurghada\/#local-main-organization-logo"},"sameAs":["https:\/\/web.facebook.com\/landiousEgypt","https:\/\/x.com\/LandiousTours","https:\/\/mastodon.social\/@landious"],"legalName":"Landious Travel","telephone":[],"openingHoursSpecification":[{"@type":"OpeningHoursSpecification","dayOfWeek":["Monday","Tuesday","Wednesday","Thursday","Friday","Saturday","Sunday"],"opens":"09:00","closes":"17:00"}]},{"@type":"ImageObject","inLanguage":"it-IT","@id":"https:\/\/landioustravel.com\/it\/shop\/viaggio-individuale-abydos-hurghada\/#local-main-organization-logo","url":"https:\/\/i0.wp.com\/landioustravel.com\/wp-content\/uploads\/2021\/06\/Landious-T.png?fit=500%2C500&ssl=1","contentUrl":"https:\/\/i0.wp.com\/landioustravel.com\/wp-content\/uploads\/2021\/06\/Landious-T.png?fit=500%2C500&ssl=1","width":500,"height":500,"caption":"Landious Travel"}]}},"jetpack_publicize_connections":[],"uagb_featured_image_src":{"full":["https:\/\/i0.wp.com\/landioustravel.com\/wp-content\/uploads\/2022\/07\/Dendera-e1657106168248.jpg?fit=1200%2C675&ssl=1",1200,675,false],"thumbnail":["https:\/\/i0.wp.com\/landioustravel.com\/wp-content\/uploads\/2022\/07\/Dendera-e1657106168248.jpg?resize=150%2C150&ssl=1",150,150,true],"medium":["https:\/\/i0.wp.com\/landioustravel.com\/wp-content\/uploads\/2022\/07\/Dendera-e1657106168248.jpg?fit=300%2C169&ssl=1",300,169,true],"medium_large":["https:\/\/i0.wp.com\/landioustravel.com\/wp-content\/uploads\/2022\/07\/Dendera-e1657106168248.jpg?fit=768%2C432&ssl=1",768,432,true],"large":["https:\/\/i0.wp.com\/landioustravel.com\/wp-content\/uploads\/2022\/07\/Dendera-e1657106168248.jpg?fit=980%2C551&ssl=1",980,551,true],"1536x1536":["https:\/\/i0.wp.com\/landioustravel.com\/wp-content\/uploads\/2022\/07\/Dendera-e1657106168248.jpg?fit=1200%2C675&ssl=1",1200,675,true],"2048x2048":["https:\/\/i0.wp.com\/landioustravel.com\/wp-content\/uploads\/2022\/07\/Dendera-e1657106168248.jpg?fit=1200%2C675&ssl=1",1200,675,true],"newspack-article-block-landscape-large":["https:\/\/i0.wp.com\/landioustravel.com\/wp-content\/uploads\/2022\/07\/Dendera-e1657106168248.jpg?resize=1200%2C675&ssl=1",1200,675,true],"newspack-article-block-portrait-large":["https:\/\/i0.wp.com\/landioustravel.com\/wp-content\/uploads\/2022\/07\/Dendera-e1657106168248.jpg?resize=900%2C675&ssl=1",900,675,true],"newspack-article-block-square-large":["https:\/\/i0.wp.com\/landioustravel.com\/wp-content\/uploads\/2022\/07\/Dendera-e1657106168248.jpg?resize=1200%2C675&ssl=1",1200,675,true],"newspack-article-block-landscape-medium":["https:\/\/i0.wp.com\/landioustravel.com\/wp-content\/uploads\/2022\/07\/Dendera-e1657106168248.jpg?resize=800%2C600&ssl=1",800,600,true],"newspack-article-block-portrait-medium":["https:\/\/i0.wp.com\/landioustravel.com\/wp-content\/uploads\/2022\/07\/Dendera-e1657106168248.jpg?resize=600%2C675&ssl=1",600,675,true],"newspack-article-block-square-medium":["https:\/\/i0.wp.com\/landioustravel.com\/wp-content\/uploads\/2022\/07\/Dendera-e1657106168248.jpg?resize=800%2C675&ssl=1",800,675,true],"newspack-article-block-landscape-intermediate":["https:\/\/i0.wp.com\/landioustravel.com\/wp-content\/uploads\/2022\/07\/Dendera-e1657106168248.jpg?resize=600%2C450&ssl=1",600,450,true],"newspack-article-block-portrait-intermediate":["https:\/\/i0.wp.com\/landioustravel.com\/wp-content\/uploads\/2022\/07\/Dendera-e1657106168248.jpg?resize=450%2C600&ssl=1",450,600,true],"newspack-article-block-square-intermediate":["https:\/\/i0.wp.com\/landioustravel.com\/wp-content\/uploads\/2022\/07\/Dendera-e1657106168248.jpg?resize=600%2C600&ssl=1",600,600,true],"newspack-article-block-landscape-small":["https:\/\/i0.wp.com\/landioustravel.com\/wp-content\/uploads\/2022\/07\/Dendera-e1657106168248.jpg?resize=400%2C300&ssl=1",400,300,true],"newspack-article-block-portrait-small":["https:\/\/i0.wp.com\/landioustravel.com\/wp-content\/uploads\/2022\/07\/Dendera-e1657106168248.jpg?resize=300%2C400&ssl=1",300,400,true],"newspack-article-block-square-small":["https:\/\/i0.wp.com\/landioustravel.com\/wp-content\/uploads\/2022\/07\/Dendera-e1657106168248.jpg?resize=400%2C400&ssl=1",400,400,true],"newspack-article-block-landscape-tiny":["https:\/\/i0.wp.com\/landioustravel.com\/wp-content\/uploads\/2022\/07\/Dendera-e1657106168248.jpg?resize=200%2C150&ssl=1",200,150,true],"newspack-article-block-portrait-tiny":["https:\/\/i0.wp.com\/landioustravel.com\/wp-content\/uploads\/2022\/07\/Dendera-e1657106168248.jpg?resize=150%2C200&ssl=1",150,200,true],"newspack-article-block-square-tiny":["https:\/\/i0.wp.com\/landioustravel.com\/wp-content\/uploads\/2022\/07\/Dendera-e1657106168248.jpg?resize=200%2C200&ssl=1",200,200,true],"newspack-article-block-uncropped":["https:\/\/i0.wp.com\/landioustravel.com\/wp-content\/uploads\/2022\/07\/Dendera-e1657106168248.jpg?fit=1200%2C675&ssl=1",1200,675,true],"woocommerce_thumbnail":["https:\/\/i0.wp.com\/landioustravel.com\/wp-content\/uploads\/2022\/07\/Dendera-e1657106168248.jpg?resize=324%2C324&ssl=1",324,324,true],"woocommerce_single":["https:\/\/i0.wp.com\/landioustravel.com\/wp-content\/uploads\/2022\/07\/Dendera-e1657106168248.jpg?fit=416%2C234&ssl=1",416,234,true],"woocommerce_gallery_thumbnail":["https:\/\/i0.wp.com\/landioustravel.com\/wp-content\/uploads\/2022\/07\/Dendera-e1657106168248.jpg?resize=100%2C100&ssl=1",100,100,true]},"uagb_author_info":{"display_name":"Mofreh Landious","author_link":"https:\/\/landioustravel.com\/it\/author\/"},"uagb_comment_info":2,"uagb_excerpt":"Parti per un viaggio mozzafiato ad Abydos-Dendera da Hurghada e scopri i maestosi templi di Abydos. Preparati ad essere spazzato via dalla bellezza del tempio e, dopo la tua visita, concediti un pranzo appetitoso prima di dirigerti verso il complesso del Tempio di Dendera. Il pacchetto turistico copre tutto, dal trasporto ai biglietti d'ingresso e&hellip;","jetpack_sharing_enabled":true,"jetpack_likes_enabled":true,"amp_enabled":true,"_links":{"self":[{"href":"https:\/\/landioustravel.com\/it\/wp-json\/wp\/v2\/product\/4858","targetHints":{"allow":["GET"]}}],"collection":[{"href":"https:\/\/landioustravel.com\/it\/wp-json\/wp\/v2\/product"}],"about":[{"href":"https:\/\/landioustravel.com\/it\/wp-json\/wp\/v2\/types\/product"}],"replies":[{"embeddable":true,"href":"https:\/\/landioustravel.com\/it\/wp-json\/wp\/v2\/comments?post=4858"}],"wp:featuredmedia":[{"embeddable":true,"href":"https:\/\/landioustravel.com\/it\/wp-json\/wp\/v2\/media\/99503"}],"wp:attachment":[{"href":"https:\/\/landioustravel.com\/it\/wp-json\/wp\/v2\/media?parent=4858"}],"wp:term":[{"taxonomy":"product_brand","embeddable":true,"href":"https:\/\/landioustravel.com\/it\/wp-json\/wp\/v2\/product_brand?post=4858"},{"taxonomy":"product_cat","embeddable":true,"href":"https:\/\/landioustravel.com\/it\/wp-json\/wp\/v2\/product_cat?post=4858"},{"taxonomy":"product_tag","embeddable":true,"href":"https:\/\/landioustravel.com\/it\/wp-json\/wp\/v2\/product_tag?post=4858"}],"curies":[{"name":"wp","href":"https:\/\/api.w.org\/{rel}","templated":true}]}}