{"id":4864,"date":"2019-04-26T22:25:57","date_gmt":"2019-05-26T01:13:32","guid":{"rendered":"https:\/\/landioustravel.com\/?post_type=product&#038;p=4864"},"modified":"2024-09-28T20:13:45","modified_gmt":"2024-09-28T17:13:45","slug":"escursione-dabab-beach-hurghada","status":"publish","type":"product","link":"https:\/\/landioustravel.com\/it\/shop\/escursione-dabab-beach-hurghada\/","title":{"rendered":"Escursione Abu Dabab Beach da Hurghada"},"content":{"rendered":"<p>Una meravigliosa gita in mare sulla spiaggia di Abu Dabab da Hurghada! Raccomandiamo il viaggio perch\u00e9 permette ai turisti di divertirsi al mare! Il viaggio ti offre l&#8217;opportunit\u00e0 di vedere bellissimi coralli e una variet\u00e0 di pesci che non puoi vedere a Hurghda.<\/p>\n<h2>I punti principali del programma di escursioni a Abu Dabab Beach<\/h2>\n<ul>\n<li>Nuotare in mare aperto dalla spiaggia di Abu Dabab<\/li>\n<li>Snorkeling con maschere e pinne in mare aperto<\/li>\n<li>Pranzo<\/li>\n<\/ul>\n<h3>Il programma dell&#8217;escursione ad Abu Dabab Beach da Hurghada<\/h3>\n<ul>\n<li>Vi verremo a prendere dall&#8217;hotel alle 08:00 circa<\/li>\n<li>Dopo aver raccolto tutti gli arrivi, l&#8217;autobus va ad Abu Dabab Beach. La strada per Abu Dabab Beach dura circa 2 ore<\/li>\n<li>Sulla spiaggia di Abu Dabab, trascorrerai 5 ore. Durante questo periodo avrai abbastanza tempo per nuotare, abbronzarti e scattare foto meravigliose<\/li>\n<li>Il ristorante si trova sulla spiaggia stessa. Quando \u00e8 ora di pranzo, il buffet si apre con un ricco menu.<\/li>\n<li>Questo programma di escursioni termina alle 16:00 circa.<\/li>\n<li>Cosa \u00e8 incluso nel prezzo del viaggio<\/li>\n<li>Cibo<\/li>\n<li>Trasferimento ad Abu Dabab Beach e ritorno in hotel<\/li>\n<\/ul>\n<h4>Cosa non \u00e8 incluso nel prezzo del viaggio<\/h4>\n<ul>\n<li>Maschere e pinne<\/li>\n<li>Bevande<\/li>\n<li>DVD video<\/li>\n<li>CD fotografico<\/li>\n<\/ul>\n<h5>COSA PORTARE CON TE PER IL VIAGGIO<\/h5>\n<ul>\n<li>Attrezzatura per lo snorkeling<\/li>\n<li>Asciugamano<\/li>\n<li>Protezione solare<\/li>\n<\/ul>\n<h6>GIORNI DI ORGANIZZAZIONE DI ESCURSIONE<\/h6>\n<ul>\n<li>Tutti i giorni dalle 08:00 alle 17:00<\/li>\n<\/ul>\n","protected":false},"excerpt":{"rendered":"<p>Parti per un viaggio alla spiaggia di Abu Dabab da Hurghada e trascorri un&#8217;intera giornata crogiolandoti nella bellezza di questo splendido litorale. Amerai rilassarti sulla sabbia dorata, fare un tuffo nelle acque cristalline e catturare momenti mozzafiato con la tua fotocamera. La spiaggia \u00e8 un santuario per specie rare e in via di estinzione come il dugongo, noto anche come la mucca marina e le tartarughe marine verdi.<\/p>\n<p>Il tuo viaggio inizia alle 6:00 quando verremo a prenderti dal tuo hotel a Hurghada, Makadi, Sahel Hashish o Safaga. Ti porteremo via in un viaggio di tre ore fino alla baia di Abo Dabab. All&#8217;arrivo, sarai accolto dalla bellezza mozzafiato di Abu Dabab. Questo sito per lo snorkeling e le immersioni si trova nel cuore di Hurghada ed \u00e8 noto per i suoi lati di corallo e i pesci dai colori vivaci. La spiaggia sabbiosa con alghe e acque cristalline e calde ospita una pletora di vita marina.<\/p>\n<p>Prendi la tua attrezzatura per lo snorkeling e tuffati in un mondo sottomarino di meraviglie. Inizia il tuo programma di snorkeling, che dura circa un&#8217;ora e mezza per il primo rientro. Ammira le meraviglie del mondo sottomarino e crea ricordi che dureranno tutta la vita. Dopo la tua avventura di snorkeling, puoi rilassarti sulla spiaggia sabbiosa di Abu Dabab. Crogiolati al sole e lasciati avvolgere dalla straordinaria bellezza del luogo.<\/p>\n<p>\u00c8 ora di concedersi un delizioso pranzo sulla spiaggia. Ci saranno molte opzioni tra cui scegliere e potrai goderti questo pasto mentre ti rilassi su una chaise longue sotto l&#8217;ombrellone. Mentre trascorri la giornata ad Abu Dabab, puoi anche scegliere di unirti a una gita in barca con Zodiac chiamata &#8220;Alla ricerca del dugongo&#8221;. Questo viaggio sar\u00e0 organizzato dalla spiaggia con lo zodiaco ai luoghi pi\u00f9 comuni dove vive e si vede abitualmente il dugongo. Coster\u00e0 un extra di 35 euro a persona e durer\u00e0 due ore, dalle 14:00 alle 16:00. Se vuoi aggiungere un&#8217;immersione, \u00e8 anche possibile e coster\u00e0 40 $ per un&#8217;immersione dalla spiaggia. Se scegli un motoscafo, puoi aggiungere altri 35 $.<\/p>\n<p>Mentre il sole inizia a tramontare, \u00e8 ora di tornare al tuo hotel a Hurghada. Il tuo viaggio include il servizio di prelievo dal tuo hotel a Hurghada, il trasporto con un veicolo con aria condizionata da e per il tuo hotel a Hurghada, una guida per lo snorkeling che ti accompagner\u00e0 nella tua avventura subacquea, un delizioso pranzo con molte opzioni tra cui scegliere , acqua minerale per mantenerti idratato per tutto il giorno e spese di servizio e tasse incluse per assicurarti un&#8217;esperienza senza problemi. Assapora i ricordi della tua deliziosa giornata ad Abu Dabab e custodisci i momenti trascorsi in questo meraviglioso paradiso.<\/p>\n","protected":false},"featured_media":99284,"comment_status":"open","ping_status":"closed","template":"","meta":{"_coblocks_attr":"","_coblocks_dimensions":"","_coblocks_responsive_height":"","_coblocks_accordion_ie_support":"","_uag_custom_page_level_css":"","jetpack_publicize_message":"","jetpack_publicize_feature_enabled":true,"jetpack_social_post_already_shared":true,"jetpack_social_options":{"image_generator_settings":{"template":"highway","default_image_id":0,"font":"","enabled":false},"version":2},"_wpas_customize_per_network":false},"product_brand":[],"product_cat":[22528,1638,8565,23517,22507,22539],"product_tag":[1644,1661,22564,1663,1682],"class_list":{"0":"post-4864","1":"product","2":"type-product","3":"status-publish","4":"has-post-thumbnail","6":"product_cat-escursioni-snorkeling-hurghada","7":"product_cat-escursioni-mare-hurghada","8":"product_cat-escursioni-individuali-hurghada","9":"product_cat-gite-mare-private-hurghada","10":"product_cat-gite-spiaggia-hurghada","11":"product_cat-viaggi-snorkeling-privati-hurghada","12":"product_tag-escursione","13":"product_tag-hurghada-it","14":"product_tag-mare","15":"product_tag-snorkeling-it","16":"product_tag-viaggi-marittimi","18":"first","19":"instock","20":"sale","21":"taxable","22":"shipping-taxable","23":"purchasable","24":"product-type-variable"},"yoast_head":"<!-- This site is optimized with the Yoast SEO Premium plugin v26.9 (Yoast SEO v27.4) - https:\/\/yoast.com\/product\/yoast-seo-premium-wordpress\/ -->\n<title>Escursione Abu Dabab Beach da Hurghada<\/title>\n<meta name=\"description\" content=\"Escursione Abu Dabab Beach da Hurghada Raccomandiamo il viaggio perch\u00e9 permette ai turisti di divertirsi al mare! Il viaggio ti offre l&#039;opportunit\u00e0 di\" \/>\n<meta name=\"robots\" content=\"index, follow, max-snippet:-1, max-image-preview:large, max-video-preview:-1\" \/>\n<link rel=\"canonical\" href=\"https:\/\/landioustravel.com\/it\/shop\/escursione-dabab-beach-hurghada\/\" \/>\n<meta property=\"og:locale\" content=\"it_IT\" \/>\n<meta property=\"og:type\" content=\"article\" \/>\n<meta property=\"og:title\" content=\"Escursione Abu Dabab Beach da Hurghada\" \/>\n<meta property=\"og:description\" content=\"Landious Travel\" \/>\n<meta property=\"og:url\" content=\"https:\/\/landioustravel.com\/it\/shop\/escursione-dabab-beach-hurghada\/\" \/>\n<meta property=\"og:site_name\" content=\"Landious Travel\" \/>\n<meta property=\"article:publisher\" content=\"https:\/\/web.facebook.com\/landiousEgypt\" \/>\n<meta property=\"article:modified_time\" content=\"2024-09-28T17:13:45+00:00\" \/>\n<meta property=\"og:image\" content=\"https:\/\/i0.wp.com\/landioustravel.com\/wp-content\/uploads\/2019\/04\/Abu-Dabab-Beach-Excursion-from-Hurghada-e1669174514735.jpg?fit=1200%2C675&ssl=1\" \/>\n\t<meta property=\"og:image:width\" content=\"1200\" \/>\n\t<meta property=\"og:image:height\" content=\"675\" \/>\n\t<meta property=\"og:image:type\" content=\"image\/jpeg\" \/>\n<meta name=\"twitter:card\" content=\"summary_large_image\" \/>\n<meta name=\"twitter:site\" content=\"@LandiousTours\" \/>\n<meta name=\"twitter:label1\" content=\"Tempo di lettura stimato\" \/>\n\t<meta name=\"twitter:data1\" content=\"1 minuto\" \/>\n<script type=\"application\/ld+json\" class=\"yoast-schema-graph\">{\"@context\":\"https:\\\/\\\/schema.org\",\"@graph\":[{\"@type\":\"WebPage\",\"@id\":\"https:\\\/\\\/landioustravel.com\\\/it\\\/shop\\\/escursione-dabab-beach-hurghada\\\/\",\"url\":\"https:\\\/\\\/landioustravel.com\\\/it\\\/shop\\\/escursione-dabab-beach-hurghada\\\/\",\"name\":\"Escursione Abu Dabab Beach da Hurghada\",\"isPartOf\":{\"@id\":\"https:\\\/\\\/landioustravel.com\\\/it\\\/#website\"},\"primaryImageOfPage\":{\"@id\":\"https:\\\/\\\/landioustravel.com\\\/it\\\/shop\\\/escursione-dabab-beach-hurghada\\\/#primaryimage\"},\"image\":{\"@id\":\"https:\\\/\\\/landioustravel.com\\\/it\\\/shop\\\/escursione-dabab-beach-hurghada\\\/#primaryimage\"},\"thumbnailUrl\":\"https:\\\/\\\/i0.wp.com\\\/landioustravel.com\\\/wp-content\\\/uploads\\\/2019\\\/04\\\/Abu-Dabab-Beach-Excursion-from-Hurghada-e1669174514735.jpg?fit=1200%2C675&ssl=1\",\"datePublished\":\"2019-05-26T01:13:32+00:00\",\"dateModified\":\"2024-09-28T17:13:45+00:00\",\"description\":\"Escursione Abu Dabab Beach da Hurghada Raccomandiamo il viaggio perch\u00e9 permette ai turisti di divertirsi al mare! Il viaggio ti offre l'opportunit\u00e0 di\",\"breadcrumb\":{\"@id\":\"https:\\\/\\\/landioustravel.com\\\/it\\\/shop\\\/escursione-dabab-beach-hurghada\\\/#breadcrumb\"},\"inLanguage\":\"it-IT\",\"potentialAction\":[{\"@type\":\"ReadAction\",\"target\":[\"https:\\\/\\\/landioustravel.com\\\/it\\\/shop\\\/escursione-dabab-beach-hurghada\\\/\"]}]},{\"@type\":\"ImageObject\",\"inLanguage\":\"it-IT\",\"@id\":\"https:\\\/\\\/landioustravel.com\\\/it\\\/shop\\\/escursione-dabab-beach-hurghada\\\/#primaryimage\",\"url\":\"https:\\\/\\\/i0.wp.com\\\/landioustravel.com\\\/wp-content\\\/uploads\\\/2019\\\/04\\\/Abu-Dabab-Beach-Excursion-from-Hurghada-e1669174514735.jpg?fit=1200%2C675&ssl=1\",\"contentUrl\":\"https:\\\/\\\/i0.wp.com\\\/landioustravel.com\\\/wp-content\\\/uploads\\\/2019\\\/04\\\/Abu-Dabab-Beach-Excursion-from-Hurghada-e1669174514735.jpg?fit=1200%2C675&ssl=1\",\"width\":1200,\"height\":675,\"caption\":\"Abu Dabbab Beach Excursion from Hurghada\"},{\"@type\":\"BreadcrumbList\",\"@id\":\"https:\\\/\\\/landioustravel.com\\\/it\\\/shop\\\/escursione-dabab-beach-hurghada\\\/#breadcrumb\",\"itemListElement\":[{\"@type\":\"ListItem\",\"position\":1,\"name\":\"Home\",\"item\":\"https:\\\/\\\/landioustravel.com\\\/it\\\/\"},{\"@type\":\"ListItem\",\"position\":2,\"name\":\"Tour in Egitto\",\"item\":\"https:\\\/\\\/landioustravel.com\\\/it\\\/\"},{\"@type\":\"ListItem\",\"position\":3,\"name\":\"Escursione Abu Dabab Beach da Hurghada\"}]},{\"@type\":\"WebSite\",\"@id\":\"https:\\\/\\\/landioustravel.com\\\/it\\\/#website\",\"url\":\"https:\\\/\\\/landioustravel.com\\\/it\\\/\",\"name\":\"Landious Travel\",\"description\":\"Excursions, trips and cruises in Egypt\",\"publisher\":{\"@id\":\"https:\\\/\\\/landioustravel.com\\\/it\\\/#organization\"},\"potentialAction\":[{\"@type\":\"SearchAction\",\"target\":{\"@type\":\"EntryPoint\",\"urlTemplate\":\"https:\\\/\\\/landioustravel.com\\\/it\\\/?s={search_term_string}\"},\"query-input\":{\"@type\":\"PropertyValueSpecification\",\"valueRequired\":true,\"valueName\":\"search_term_string\"}}],\"inLanguage\":\"it-IT\"},{\"@type\":[\"Organization\",\"Place\"],\"@id\":\"https:\\\/\\\/landioustravel.com\\\/it\\\/#organization\",\"name\":\"Landious Travel\",\"alternateName\":\"Landious Travel\",\"url\":\"https:\\\/\\\/landioustravel.com\\\/it\\\/\",\"logo\":{\"@id\":\"https:\\\/\\\/landioustravel.com\\\/it\\\/shop\\\/escursione-dabab-beach-hurghada\\\/#local-main-organization-logo\"},\"image\":{\"@id\":\"https:\\\/\\\/landioustravel.com\\\/it\\\/shop\\\/escursione-dabab-beach-hurghada\\\/#local-main-organization-logo\"},\"sameAs\":[\"https:\\\/\\\/web.facebook.com\\\/landiousEgypt\",\"https:\\\/\\\/x.com\\\/LandiousTours\",\"https:\\\/\\\/mastodon.social\\\/@landious\"],\"legalName\":\"Landious Travel\",\"telephone\":[],\"openingHoursSpecification\":[{\"@type\":\"OpeningHoursSpecification\",\"dayOfWeek\":[\"Monday\",\"Tuesday\",\"Wednesday\",\"Thursday\",\"Friday\",\"Saturday\",\"Sunday\"],\"opens\":\"09:00\",\"closes\":\"17:00\"}]},{\"@type\":\"ImageObject\",\"inLanguage\":\"it-IT\",\"@id\":\"https:\\\/\\\/landioustravel.com\\\/it\\\/shop\\\/escursione-dabab-beach-hurghada\\\/#local-main-organization-logo\",\"url\":\"https:\\\/\\\/i0.wp.com\\\/landioustravel.com\\\/wp-content\\\/uploads\\\/2021\\\/06\\\/Landious-T.png?fit=500%2C500&ssl=1\",\"contentUrl\":\"https:\\\/\\\/i0.wp.com\\\/landioustravel.com\\\/wp-content\\\/uploads\\\/2021\\\/06\\\/Landious-T.png?fit=500%2C500&ssl=1\",\"width\":500,\"height\":500,\"caption\":\"Landious Travel\"}]}<\/script>\n<!-- \/ Yoast SEO Premium plugin. -->","yoast_head_json":{"title":"Escursione Abu Dabab Beach da Hurghada","description":"Escursione Abu Dabab Beach da Hurghada Raccomandiamo il viaggio perch\u00e9 permette ai turisti di divertirsi al mare! Il viaggio ti offre l'opportunit\u00e0 di","robots":{"index":"index","follow":"follow","max-snippet":"max-snippet:-1","max-image-preview":"max-image-preview:large","max-video-preview":"max-video-preview:-1"},"canonical":"https:\/\/landioustravel.com\/it\/shop\/escursione-dabab-beach-hurghada\/","og_locale":"it_IT","og_type":"article","og_title":"Escursione Abu Dabab Beach da Hurghada","og_description":"Landious Travel","og_url":"https:\/\/landioustravel.com\/it\/shop\/escursione-dabab-beach-hurghada\/","og_site_name":"Landious Travel","article_publisher":"https:\/\/web.facebook.com\/landiousEgypt","article_modified_time":"2024-09-28T17:13:45+00:00","og_image":[{"width":1200,"height":675,"url":"https:\/\/i0.wp.com\/landioustravel.com\/wp-content\/uploads\/2019\/04\/Abu-Dabab-Beach-Excursion-from-Hurghada-e1669174514735.jpg?fit=1200%2C675&ssl=1","type":"image\/jpeg"}],"twitter_card":"summary_large_image","twitter_site":"@LandiousTours","twitter_misc":{"Tempo di lettura stimato":"1 minuto"},"schema":{"@context":"https:\/\/schema.org","@graph":[{"@type":"WebPage","@id":"https:\/\/landioustravel.com\/it\/shop\/escursione-dabab-beach-hurghada\/","url":"https:\/\/landioustravel.com\/it\/shop\/escursione-dabab-beach-hurghada\/","name":"Escursione Abu Dabab Beach da Hurghada","isPartOf":{"@id":"https:\/\/landioustravel.com\/it\/#website"},"primaryImageOfPage":{"@id":"https:\/\/landioustravel.com\/it\/shop\/escursione-dabab-beach-hurghada\/#primaryimage"},"image":{"@id":"https:\/\/landioustravel.com\/it\/shop\/escursione-dabab-beach-hurghada\/#primaryimage"},"thumbnailUrl":"https:\/\/i0.wp.com\/landioustravel.com\/wp-content\/uploads\/2019\/04\/Abu-Dabab-Beach-Excursion-from-Hurghada-e1669174514735.jpg?fit=1200%2C675&ssl=1","datePublished":"2019-05-26T01:13:32+00:00","dateModified":"2024-09-28T17:13:45+00:00","description":"Escursione Abu Dabab Beach da Hurghada Raccomandiamo il viaggio perch\u00e9 permette ai turisti di divertirsi al mare! Il viaggio ti offre l'opportunit\u00e0 di","breadcrumb":{"@id":"https:\/\/landioustravel.com\/it\/shop\/escursione-dabab-beach-hurghada\/#breadcrumb"},"inLanguage":"it-IT","potentialAction":[{"@type":"ReadAction","target":["https:\/\/landioustravel.com\/it\/shop\/escursione-dabab-beach-hurghada\/"]}]},{"@type":"ImageObject","inLanguage":"it-IT","@id":"https:\/\/landioustravel.com\/it\/shop\/escursione-dabab-beach-hurghada\/#primaryimage","url":"https:\/\/i0.wp.com\/landioustravel.com\/wp-content\/uploads\/2019\/04\/Abu-Dabab-Beach-Excursion-from-Hurghada-e1669174514735.jpg?fit=1200%2C675&ssl=1","contentUrl":"https:\/\/i0.wp.com\/landioustravel.com\/wp-content\/uploads\/2019\/04\/Abu-Dabab-Beach-Excursion-from-Hurghada-e1669174514735.jpg?fit=1200%2C675&ssl=1","width":1200,"height":675,"caption":"Abu Dabbab Beach Excursion from Hurghada"},{"@type":"BreadcrumbList","@id":"https:\/\/landioustravel.com\/it\/shop\/escursione-dabab-beach-hurghada\/#breadcrumb","itemListElement":[{"@type":"ListItem","position":1,"name":"Home","item":"https:\/\/landioustravel.com\/it\/"},{"@type":"ListItem","position":2,"name":"Tour in Egitto","item":"https:\/\/landioustravel.com\/it\/"},{"@type":"ListItem","position":3,"name":"Escursione Abu Dabab Beach da Hurghada"}]},{"@type":"WebSite","@id":"https:\/\/landioustravel.com\/it\/#website","url":"https:\/\/landioustravel.com\/it\/","name":"Landious Travel","description":"Excursions, trips and cruises in Egypt","publisher":{"@id":"https:\/\/landioustravel.com\/it\/#organization"},"potentialAction":[{"@type":"SearchAction","target":{"@type":"EntryPoint","urlTemplate":"https:\/\/landioustravel.com\/it\/?s={search_term_string}"},"query-input":{"@type":"PropertyValueSpecification","valueRequired":true,"valueName":"search_term_string"}}],"inLanguage":"it-IT"},{"@type":["Organization","Place"],"@id":"https:\/\/landioustravel.com\/it\/#organization","name":"Landious Travel","alternateName":"Landious Travel","url":"https:\/\/landioustravel.com\/it\/","logo":{"@id":"https:\/\/landioustravel.com\/it\/shop\/escursione-dabab-beach-hurghada\/#local-main-organization-logo"},"image":{"@id":"https:\/\/landioustravel.com\/it\/shop\/escursione-dabab-beach-hurghada\/#local-main-organization-logo"},"sameAs":["https:\/\/web.facebook.com\/landiousEgypt","https:\/\/x.com\/LandiousTours","https:\/\/mastodon.social\/@landious"],"legalName":"Landious Travel","telephone":[],"openingHoursSpecification":[{"@type":"OpeningHoursSpecification","dayOfWeek":["Monday","Tuesday","Wednesday","Thursday","Friday","Saturday","Sunday"],"opens":"09:00","closes":"17:00"}]},{"@type":"ImageObject","inLanguage":"it-IT","@id":"https:\/\/landioustravel.com\/it\/shop\/escursione-dabab-beach-hurghada\/#local-main-organization-logo","url":"https:\/\/i0.wp.com\/landioustravel.com\/wp-content\/uploads\/2021\/06\/Landious-T.png?fit=500%2C500&ssl=1","contentUrl":"https:\/\/i0.wp.com\/landioustravel.com\/wp-content\/uploads\/2021\/06\/Landious-T.png?fit=500%2C500&ssl=1","width":500,"height":500,"caption":"Landious Travel"}]}},"jetpack_publicize_connections":[],"uagb_featured_image_src":{"full":["https:\/\/i0.wp.com\/landioustravel.com\/wp-content\/uploads\/2019\/04\/Abu-Dabab-Beach-Excursion-from-Hurghada-e1669174514735.jpg?fit=1200%2C675&ssl=1",1200,675,false],"thumbnail":["https:\/\/i0.wp.com\/landioustravel.com\/wp-content\/uploads\/2019\/04\/Abu-Dabab-Beach-Excursion-from-Hurghada-e1669174514735.jpg?resize=150%2C150&ssl=1",150,150,true],"medium":["https:\/\/i0.wp.com\/landioustravel.com\/wp-content\/uploads\/2019\/04\/Abu-Dabab-Beach-Excursion-from-Hurghada-e1669174514735.jpg?fit=300%2C169&ssl=1",300,169,true],"medium_large":["https:\/\/i0.wp.com\/landioustravel.com\/wp-content\/uploads\/2019\/04\/Abu-Dabab-Beach-Excursion-from-Hurghada-e1669174514735.jpg?fit=768%2C432&ssl=1",768,432,true],"large":["https:\/\/i0.wp.com\/landioustravel.com\/wp-content\/uploads\/2019\/04\/Abu-Dabab-Beach-Excursion-from-Hurghada-e1669174514735.jpg?fit=980%2C551&ssl=1",980,551,true],"1536x1536":["https:\/\/i0.wp.com\/landioustravel.com\/wp-content\/uploads\/2019\/04\/Abu-Dabab-Beach-Excursion-from-Hurghada-e1669174514735.jpg?fit=1200%2C675&ssl=1",1200,675,true],"2048x2048":["https:\/\/i0.wp.com\/landioustravel.com\/wp-content\/uploads\/2019\/04\/Abu-Dabab-Beach-Excursion-from-Hurghada-e1669174514735.jpg?fit=1200%2C675&ssl=1",1200,675,true],"newspack-article-block-landscape-large":["https:\/\/i0.wp.com\/landioustravel.com\/wp-content\/uploads\/2019\/04\/Abu-Dabab-Beach-Excursion-from-Hurghada-e1669174514735.jpg?resize=1200%2C675&ssl=1",1200,675,true],"newspack-article-block-portrait-large":["https:\/\/i0.wp.com\/landioustravel.com\/wp-content\/uploads\/2019\/04\/Abu-Dabab-Beach-Excursion-from-Hurghada-e1669174514735.jpg?resize=900%2C675&ssl=1",900,675,true],"newspack-article-block-square-large":["https:\/\/i0.wp.com\/landioustravel.com\/wp-content\/uploads\/2019\/04\/Abu-Dabab-Beach-Excursion-from-Hurghada-e1669174514735.jpg?resize=1200%2C675&ssl=1",1200,675,true],"newspack-article-block-landscape-medium":["https:\/\/i0.wp.com\/landioustravel.com\/wp-content\/uploads\/2019\/04\/Abu-Dabab-Beach-Excursion-from-Hurghada-e1669174514735.jpg?resize=800%2C600&ssl=1",800,600,true],"newspack-article-block-portrait-medium":["https:\/\/i0.wp.com\/landioustravel.com\/wp-content\/uploads\/2019\/04\/Abu-Dabab-Beach-Excursion-from-Hurghada-e1669174514735.jpg?resize=600%2C675&ssl=1",600,675,true],"newspack-article-block-square-medium":["https:\/\/i0.wp.com\/landioustravel.com\/wp-content\/uploads\/2019\/04\/Abu-Dabab-Beach-Excursion-from-Hurghada-e1669174514735.jpg?resize=800%2C675&ssl=1",800,675,true],"newspack-article-block-landscape-intermediate":["https:\/\/i0.wp.com\/landioustravel.com\/wp-content\/uploads\/2019\/04\/Abu-Dabab-Beach-Excursion-from-Hurghada-e1669174514735.jpg?resize=600%2C450&ssl=1",600,450,true],"newspack-article-block-portrait-intermediate":["https:\/\/i0.wp.com\/landioustravel.com\/wp-content\/uploads\/2019\/04\/Abu-Dabab-Beach-Excursion-from-Hurghada-e1669174514735.jpg?resize=450%2C600&ssl=1",450,600,true],"newspack-article-block-square-intermediate":["https:\/\/i0.wp.com\/landioustravel.com\/wp-content\/uploads\/2019\/04\/Abu-Dabab-Beach-Excursion-from-Hurghada-e1669174514735.jpg?resize=600%2C600&ssl=1",600,600,true],"newspack-article-block-landscape-small":["https:\/\/i0.wp.com\/landioustravel.com\/wp-content\/uploads\/2019\/04\/Abu-Dabab-Beach-Excursion-from-Hurghada-e1669174514735.jpg?resize=400%2C300&ssl=1",400,300,true],"newspack-article-block-portrait-small":["https:\/\/i0.wp.com\/landioustravel.com\/wp-content\/uploads\/2019\/04\/Abu-Dabab-Beach-Excursion-from-Hurghada-e1669174514735.jpg?resize=300%2C400&ssl=1",300,400,true],"newspack-article-block-square-small":["https:\/\/i0.wp.com\/landioustravel.com\/wp-content\/uploads\/2019\/04\/Abu-Dabab-Beach-Excursion-from-Hurghada-e1669174514735.jpg?resize=400%2C400&ssl=1",400,400,true],"newspack-article-block-landscape-tiny":["https:\/\/i0.wp.com\/landioustravel.com\/wp-content\/uploads\/2019\/04\/Abu-Dabab-Beach-Excursion-from-Hurghada-e1669174514735.jpg?resize=200%2C150&ssl=1",200,150,true],"newspack-article-block-portrait-tiny":["https:\/\/i0.wp.com\/landioustravel.com\/wp-content\/uploads\/2019\/04\/Abu-Dabab-Beach-Excursion-from-Hurghada-e1669174514735.jpg?resize=150%2C200&ssl=1",150,200,true],"newspack-article-block-square-tiny":["https:\/\/i0.wp.com\/landioustravel.com\/wp-content\/uploads\/2019\/04\/Abu-Dabab-Beach-Excursion-from-Hurghada-e1669174514735.jpg?resize=200%2C200&ssl=1",200,200,true],"newspack-article-block-uncropped":["https:\/\/i0.wp.com\/landioustravel.com\/wp-content\/uploads\/2019\/04\/Abu-Dabab-Beach-Excursion-from-Hurghada-e1669174514735.jpg?fit=1200%2C675&ssl=1",1200,675,true],"woocommerce_thumbnail":["https:\/\/i0.wp.com\/landioustravel.com\/wp-content\/uploads\/2019\/04\/Abu-Dabab-Beach-Excursion-from-Hurghada-e1669174514735.jpg?resize=324%2C324&ssl=1",324,324,true],"woocommerce_single":["https:\/\/i0.wp.com\/landioustravel.com\/wp-content\/uploads\/2019\/04\/Abu-Dabab-Beach-Excursion-from-Hurghada-e1669174514735.jpg?fit=416%2C234&ssl=1",416,234,true],"woocommerce_gallery_thumbnail":["https:\/\/i0.wp.com\/landioustravel.com\/wp-content\/uploads\/2019\/04\/Abu-Dabab-Beach-Excursion-from-Hurghada-e1669174514735.jpg?resize=100%2C100&ssl=1",100,100,true]},"uagb_author_info":{"display_name":"Mofreh Landious","author_link":"https:\/\/landioustravel.com\/it\/author\/"},"uagb_comment_info":3,"uagb_excerpt":"Parti per un viaggio alla spiaggia di Abu Dabab da Hurghada e trascorri un'intera giornata crogiolandoti nella bellezza di questo splendido litorale. Amerai rilassarti sulla sabbia dorata, fare un tuffo nelle acque cristalline e catturare momenti mozzafiato con la tua fotocamera. La spiaggia \u00e8 un santuario per specie rare e in via di estinzione come&hellip;","jetpack_sharing_enabled":true,"jetpack_likes_enabled":true,"amp_enabled":true,"_links":{"self":[{"href":"https:\/\/landioustravel.com\/it\/wp-json\/wp\/v2\/product\/4864","targetHints":{"allow":["GET"]}}],"collection":[{"href":"https:\/\/landioustravel.com\/it\/wp-json\/wp\/v2\/product"}],"about":[{"href":"https:\/\/landioustravel.com\/it\/wp-json\/wp\/v2\/types\/product"}],"replies":[{"embeddable":true,"href":"https:\/\/landioustravel.com\/it\/wp-json\/wp\/v2\/comments?post=4864"}],"wp:featuredmedia":[{"embeddable":true,"href":"https:\/\/landioustravel.com\/it\/wp-json\/wp\/v2\/media\/99284"}],"wp:attachment":[{"href":"https:\/\/landioustravel.com\/it\/wp-json\/wp\/v2\/media?parent=4864"}],"wp:term":[{"taxonomy":"product_brand","embeddable":true,"href":"https:\/\/landioustravel.com\/it\/wp-json\/wp\/v2\/product_brand?post=4864"},{"taxonomy":"product_cat","embeddable":true,"href":"https:\/\/landioustravel.com\/it\/wp-json\/wp\/v2\/product_cat?post=4864"},{"taxonomy":"product_tag","embeddable":true,"href":"https:\/\/landioustravel.com\/it\/wp-json\/wp\/v2\/product_tag?post=4864"}],"curies":[{"name":"wp","href":"https:\/\/api.w.org\/{rel}","templated":true}]}}