{"id":8418,"date":"2019-06-08T18:33:04","date_gmt":"2019-06-09T08:55:29","guid":{"rendered":"https:\/\/landioustravel.com\/?post_type=product&#038;p=8418"},"modified":"2025-12-09T19:17:58","modified_gmt":"2025-12-09T17:17:58","slug":"viaggio-individuale-sharm-naga-hurghada","status":"publish","type":"product","link":"https:\/\/landioustravel.com\/it\/shop\/viaggio-individuale-sharm-naga-hurghada\/","title":{"rendered":"Viaggio individuale a Sharm El-Naga da Hurghada"},"content":{"rendered":"<p>Un fantastico viaggio individuale a Sharm El-Naga da <a href=\"https:\/\/landioustravel.com\/it\/citta-hurghada\/\">Hurghada<\/a>! Raccomandiamo il viaggio perch\u00e9 permette ai turisti di divertirsi al mare! Il viaggio ti offre l&#8217;opportunit\u00e0 di vedere bellissimi coralli e una variet\u00e0 di pesci in uno dei posti pi\u00f9 belli di <a href=\"https:\/\/landioustravel.com\/it\/citta-safaga\/\">Safaga<\/a>. Inoltre, vi godrete lo snorkeling nel Mar Rosso e vi troverete nella spiaggia dorata della baia di Sharm El-Naga. La spiaggia ha tutti i servizi.<\/p>\n<h2>Punti principali del programma di escursioni a Sharm El-Naga<\/h2>\n<ul>\n<li>Nuotando in mare dalla spiaggia<\/li>\n<li>Snorkeling con maschere e pinne<\/li>\n<li>Pranzo<\/li>\n<li>Individuazione sulla spiaggia meglio attrezzata nella baia di Sharm El-Naga<\/li>\n<\/ul>\n<h3>Programma del viaggio di snorkeling nella baia di Sharm El-Naga<\/h3>\n<ul>\n<li>Vi verremo a prendere dall&#8217;hotel alle 08:00 circa<\/li>\n<li>Dopo aver raccolto tutti gli arrivi, l&#8217;autobus arriva alla baia di Sharm El-Naga. La strada per questo parco nazionale dura circa 40 minuti<\/li>\n<li>La tua prossima tappa sar\u00e0 sulla favolosa spiaggia di Sharm El-Naga. Questa spiaggia ha tutti i servizi su _ Ci sono ombrelloni, lettini, un ristorante, uno snack bar e servizi igienici.<\/li>\n<li>Sulla spiaggia, trascorrerai cinque ore. Durante questo periodo, avrai l&#8217;opportunit\u00e0 di fare tutte le attivit\u00e0 che ti piacciono. \u00c8 un posto meraviglioso sul mare dove puoi nuotare, fare snorkeling per nuotare e esporre il tuo corpo ai raggi del sole.<\/li>\n<li>Questo &#8220;Viaggio individuale a Sharm El-Naga da Hurghada&#8221; termina alle 16:00 circa.<\/li>\n<\/ul>\n<h4>Cosa \u00e8 incluso nel prezzo del viaggio<\/h4>\n<ul>\n<li>Biglietti d&#8217;ingresso al Parco Nazionale di Sharm El-Naga<\/li>\n<li>Attrezzatura per lo snorkeling (maschere e pinne)<\/li>\n<li>Cibo e bevande<\/li>\n<li>Trasferimento individuale alla baia di Sharm El-Naga e ritorno in hotel<\/li>\n<\/ul>\n<h5>Cosa non \u00e8 incluso nel prezzo del tour<\/h5>\n<ul>\n<li>Bevande al bar della spiaggia<\/li>\n<li>DVD video<\/li>\n<li>CD fotografico<\/li>\n<\/ul>\n<h6>COSA PORTARE CON TE PER IL VIAGGIO<\/h6>\n<ul>\n<li>Asciugamano<\/li>\n<li>Protezione solare<\/li>\n<\/ul>\n<h6>GIORNI DI ORGANIZZAZIONE DI ESCURSIONE<\/h6>\n<ul>\n<li>Tutti i giorni dalle 08:00 alle 16:00<\/li>\n<\/ul>\n","protected":false},"excerpt":{"rendered":"<p>Stai cercando una vacanza tranquilla e rilassante? Non guardare oltre la bellissima baia di Sharm El Naga, a breve distanza da Hurghada. Il nostro tour di snorkeling di un&#8217;intera giornata offre il perfetto equilibrio tra avventura e relax. Trascorri cinque ore sulla splendida spiaggia sabbiosa, prendendo il sole ed esplorando le meravigliose barriere coralline e la vita marina.<\/p>\n<p>Comprendiamo che le vacanze sono un momento per rilassarsi e sfuggire allo stress della vita quotidiana. Ecco perch\u00e9 il nostro tour include pranzo e bevande, cos\u00ec puoi goderti appieno la giornata senza preoccuparti di nulla. La nostra guida esperta si prender\u00e0 cura di tutto, dal trasporto alla baia per guidarti attraverso l&#8217;esclusiva riserva naturale.<\/p>\n<p>Fai un respiro profondo e immergiti nella tranquilla atmosfera di Sharm El Naga. Questa baia tranquilla \u00e8 il luogo perfetto per dimenticare le preoccupazioni e connettersi con la natura. Nuota, fai snorkeling e crogiolati ai raggi del sole mentre scopri un angolo di paradiso.<\/p>\n<p>All&#8217;ora di pranzo, ti porteremo in un ristorante locale dove potrai gustare un delizioso pasto e rilassarti prima di tornare al tuo hotel. Vogliamo che la tua esperienza con noi sia indimenticabile e faremo tutto il possibile per renderlo un giorno da ricordare. Unisciti a noi per un viaggio di puro relax e ringiovanimento.<\/p>\n","protected":false},"featured_media":99068,"comment_status":"open","ping_status":"closed","template":"","meta":{"_coblocks_attr":"","_coblocks_dimensions":"","_coblocks_responsive_height":"","_coblocks_accordion_ie_support":"","_uag_custom_page_level_css":"","jetpack_publicize_message":"","jetpack_publicize_feature_enabled":true,"jetpack_social_post_already_shared":true,"jetpack_social_options":{"image_generator_settings":{"template":"highway","default_image_id":0,"font":"","enabled":false},"version":2},"_wpas_customize_per_network":false},"product_brand":[],"product_cat":[22528,1638,8565,22521,23517,22507,22539],"product_tag":[1644,2145,1661,22564,1663,1682],"class_list":{"0":"post-8418","1":"product","2":"type-product","3":"status-publish","4":"has-post-thumbnail","6":"product_cat-escursioni-snorkeling-hurghada","7":"product_cat-escursioni-mare-hurghada","8":"product_cat-escursioni-individuali-hurghada","9":"product_cat-escursioni-famiglie-hurghada","10":"product_cat-gite-mare-private-hurghada","11":"product_cat-gite-spiaggia-hurghada","12":"product_cat-viaggi-snorkeling-privati-hurghada","13":"product_tag-escursione","14":"product_tag-escursioni-da-hurghada","15":"product_tag-hurghada-it","16":"product_tag-mare","17":"product_tag-snorkeling-it","18":"product_tag-viaggi-marittimi","20":"first","21":"instock","22":"sale","23":"taxable","24":"shipping-taxable","25":"purchasable","26":"product-type-variable"},"yoast_head":"<!-- This site is optimized with the Yoast SEO Premium plugin v27.5 (Yoast SEO v27.5) - https:\/\/yoast.com\/product\/yoast-seo-premium-wordpress\/ -->\n<title>Viaggio individuale a Sharm El-Naga da Hurghada<\/title>\n<meta name=\"description\" content=\"Viaggio individuale a Sharm El-Naga da Hurghada Raccomandiamo il viaggio perch\u00e9 permette ai turisti di divertirsi al mare! Il viaggio ti offre l&#039;opportunit\u00e0\" \/>\n<meta name=\"robots\" content=\"index, follow, max-snippet:-1, max-image-preview:large, max-video-preview:-1\" \/>\n<link rel=\"canonical\" href=\"https:\/\/landioustravel.com\/it\/shop\/viaggio-individuale-sharm-naga-hurghada\/\" \/>\n<meta property=\"og:locale\" content=\"it_IT\" \/>\n<meta property=\"og:type\" content=\"article\" \/>\n<meta property=\"og:title\" content=\"Viaggio individuale a Sharm El-Naga da Hurghada\" \/>\n<meta property=\"og:description\" content=\"Landious Travel\" \/>\n<meta property=\"og:url\" content=\"https:\/\/landioustravel.com\/it\/shop\/viaggio-individuale-sharm-naga-hurghada\/\" \/>\n<meta property=\"og:site_name\" content=\"Landious Travel\" \/>\n<meta property=\"article:publisher\" content=\"https:\/\/web.facebook.com\/landiousEgypt\" \/>\n<meta property=\"article:modified_time\" content=\"2025-12-09T17:17:58+00:00\" \/>\n<meta property=\"og:image\" content=\"https:\/\/i0.wp.com\/landioustravel.com\/wp-content\/uploads\/2019\/06\/Sharm-El-Naga-Trip-Hurghada-e1669125539693.jpg?fit=1200%2C675&ssl=1\" \/>\n\t<meta property=\"og:image:width\" content=\"1200\" \/>\n\t<meta property=\"og:image:height\" content=\"675\" \/>\n\t<meta property=\"og:image:type\" content=\"image\/jpeg\" \/>\n<meta name=\"twitter:card\" content=\"summary_large_image\" \/>\n<meta name=\"twitter:site\" content=\"@LandiousTours\" \/>\n<meta name=\"twitter:label1\" content=\"Tempo di lettura stimato\" \/>\n\t<meta name=\"twitter:data1\" content=\"2 minuti\" \/>\n<script type=\"application\/ld+json\" class=\"yoast-schema-graph\">{\"@context\":\"https:\\\/\\\/schema.org\",\"@graph\":[{\"@type\":\"WebPage\",\"@id\":\"https:\\\/\\\/landioustravel.com\\\/it\\\/shop\\\/viaggio-individuale-sharm-naga-hurghada\\\/\",\"url\":\"https:\\\/\\\/landioustravel.com\\\/it\\\/shop\\\/viaggio-individuale-sharm-naga-hurghada\\\/\",\"name\":\"Viaggio individuale a Sharm El-Naga da Hurghada\",\"isPartOf\":{\"@id\":\"https:\\\/\\\/landioustravel.com\\\/it\\\/#website\"},\"primaryImageOfPage\":{\"@id\":\"https:\\\/\\\/landioustravel.com\\\/it\\\/shop\\\/viaggio-individuale-sharm-naga-hurghada\\\/#primaryimage\"},\"image\":{\"@id\":\"https:\\\/\\\/landioustravel.com\\\/it\\\/shop\\\/viaggio-individuale-sharm-naga-hurghada\\\/#primaryimage\"},\"thumbnailUrl\":\"https:\\\/\\\/i0.wp.com\\\/landioustravel.com\\\/wp-content\\\/uploads\\\/2019\\\/06\\\/Sharm-El-Naga-Trip-Hurghada-e1669125539693.jpg?fit=1200%2C675&ssl=1\",\"datePublished\":\"2019-06-09T08:55:29+00:00\",\"dateModified\":\"2025-12-09T17:17:58+00:00\",\"description\":\"Viaggio individuale a Sharm El-Naga da Hurghada Raccomandiamo il viaggio perch\u00e9 permette ai turisti di divertirsi al mare! Il viaggio ti offre l'opportunit\u00e0\",\"breadcrumb\":{\"@id\":\"https:\\\/\\\/landioustravel.com\\\/it\\\/shop\\\/viaggio-individuale-sharm-naga-hurghada\\\/#breadcrumb\"},\"inLanguage\":\"it-IT\",\"potentialAction\":[{\"@type\":\"ReadAction\",\"target\":[\"https:\\\/\\\/landioustravel.com\\\/it\\\/shop\\\/viaggio-individuale-sharm-naga-hurghada\\\/\"]}]},{\"@type\":\"ImageObject\",\"inLanguage\":\"it-IT\",\"@id\":\"https:\\\/\\\/landioustravel.com\\\/it\\\/shop\\\/viaggio-individuale-sharm-naga-hurghada\\\/#primaryimage\",\"url\":\"https:\\\/\\\/i0.wp.com\\\/landioustravel.com\\\/wp-content\\\/uploads\\\/2019\\\/06\\\/Sharm-El-Naga-Trip-Hurghada-e1669125539693.jpg?fit=1200%2C675&ssl=1\",\"contentUrl\":\"https:\\\/\\\/i0.wp.com\\\/landioustravel.com\\\/wp-content\\\/uploads\\\/2019\\\/06\\\/Sharm-El-Naga-Trip-Hurghada-e1669125539693.jpg?fit=1200%2C675&ssl=1\",\"width\":1200,\"height\":675,\"caption\":\"Sharm El Naga Trip Hurghada\"},{\"@type\":\"BreadcrumbList\",\"@id\":\"https:\\\/\\\/landioustravel.com\\\/it\\\/shop\\\/viaggio-individuale-sharm-naga-hurghada\\\/#breadcrumb\",\"itemListElement\":[{\"@type\":\"ListItem\",\"position\":1,\"name\":\"Home\",\"item\":\"https:\\\/\\\/landioustravel.com\\\/it\\\/\"},{\"@type\":\"ListItem\",\"position\":2,\"name\":\"Tour in Egitto\",\"item\":\"https:\\\/\\\/landioustravel.com\\\/it\\\/\"},{\"@type\":\"ListItem\",\"position\":3,\"name\":\"Viaggio individuale a Sharm El-Naga da Hurghada\"}]},{\"@type\":\"WebSite\",\"@id\":\"https:\\\/\\\/landioustravel.com\\\/it\\\/#website\",\"url\":\"https:\\\/\\\/landioustravel.com\\\/it\\\/\",\"name\":\"Landious Travel\",\"description\":\"Excursions, trips and cruises in Egypt\",\"publisher\":{\"@id\":\"https:\\\/\\\/landioustravel.com\\\/it\\\/#organization\"},\"potentialAction\":[{\"@type\":\"SearchAction\",\"target\":{\"@type\":\"EntryPoint\",\"urlTemplate\":\"https:\\\/\\\/landioustravel.com\\\/it\\\/?s={search_term_string}\"},\"query-input\":{\"@type\":\"PropertyValueSpecification\",\"valueRequired\":true,\"valueName\":\"search_term_string\"}}],\"inLanguage\":\"it-IT\"},{\"@type\":[\"Organization\",\"Place\"],\"@id\":\"https:\\\/\\\/landioustravel.com\\\/it\\\/#organization\",\"name\":\"Landious Travel\",\"alternateName\":\"Landious Travel\",\"url\":\"https:\\\/\\\/landioustravel.com\\\/it\\\/\",\"logo\":{\"@id\":\"https:\\\/\\\/landioustravel.com\\\/it\\\/shop\\\/viaggio-individuale-sharm-naga-hurghada\\\/#local-main-organization-logo\"},\"image\":{\"@id\":\"https:\\\/\\\/landioustravel.com\\\/it\\\/shop\\\/viaggio-individuale-sharm-naga-hurghada\\\/#local-main-organization-logo\"},\"sameAs\":[\"https:\\\/\\\/web.facebook.com\\\/landiousEgypt\",\"https:\\\/\\\/x.com\\\/LandiousTours\",\"https:\\\/\\\/mastodon.social\\\/@landious\"],\"legalName\":\"Landious Travel\",\"telephone\":[],\"openingHoursSpecification\":[{\"@type\":\"OpeningHoursSpecification\",\"dayOfWeek\":[\"Monday\",\"Tuesday\",\"Wednesday\",\"Thursday\",\"Friday\",\"Saturday\",\"Sunday\"],\"opens\":\"09:00\",\"closes\":\"17:00\"}]},{\"@type\":\"ImageObject\",\"inLanguage\":\"it-IT\",\"@id\":\"https:\\\/\\\/landioustravel.com\\\/it\\\/shop\\\/viaggio-individuale-sharm-naga-hurghada\\\/#local-main-organization-logo\",\"url\":\"https:\\\/\\\/i0.wp.com\\\/landioustravel.com\\\/wp-content\\\/uploads\\\/2021\\\/06\\\/Landious-T.png?fit=500%2C500&ssl=1\",\"contentUrl\":\"https:\\\/\\\/i0.wp.com\\\/landioustravel.com\\\/wp-content\\\/uploads\\\/2021\\\/06\\\/Landious-T.png?fit=500%2C500&ssl=1\",\"width\":500,\"height\":500,\"caption\":\"Landious Travel\"}]}<\/script>\n<!-- \/ Yoast SEO Premium plugin. -->","yoast_head_json":{"title":"Viaggio individuale a Sharm El-Naga da Hurghada","description":"Viaggio individuale a Sharm El-Naga da Hurghada Raccomandiamo il viaggio perch\u00e9 permette ai turisti di divertirsi al mare! Il viaggio ti offre l'opportunit\u00e0","robots":{"index":"index","follow":"follow","max-snippet":"max-snippet:-1","max-image-preview":"max-image-preview:large","max-video-preview":"max-video-preview:-1"},"canonical":"https:\/\/landioustravel.com\/it\/shop\/viaggio-individuale-sharm-naga-hurghada\/","og_locale":"it_IT","og_type":"article","og_title":"Viaggio individuale a Sharm El-Naga da Hurghada","og_description":"Landious Travel","og_url":"https:\/\/landioustravel.com\/it\/shop\/viaggio-individuale-sharm-naga-hurghada\/","og_site_name":"Landious Travel","article_publisher":"https:\/\/web.facebook.com\/landiousEgypt","article_modified_time":"2025-12-09T17:17:58+00:00","og_image":[{"width":1200,"height":675,"url":"https:\/\/i0.wp.com\/landioustravel.com\/wp-content\/uploads\/2019\/06\/Sharm-El-Naga-Trip-Hurghada-e1669125539693.jpg?fit=1200%2C675&ssl=1","type":"image\/jpeg"}],"twitter_card":"summary_large_image","twitter_site":"@LandiousTours","twitter_misc":{"Tempo di lettura stimato":"2 minuti"},"schema":{"@context":"https:\/\/schema.org","@graph":[{"@type":"WebPage","@id":"https:\/\/landioustravel.com\/it\/shop\/viaggio-individuale-sharm-naga-hurghada\/","url":"https:\/\/landioustravel.com\/it\/shop\/viaggio-individuale-sharm-naga-hurghada\/","name":"Viaggio individuale a Sharm El-Naga da Hurghada","isPartOf":{"@id":"https:\/\/landioustravel.com\/it\/#website"},"primaryImageOfPage":{"@id":"https:\/\/landioustravel.com\/it\/shop\/viaggio-individuale-sharm-naga-hurghada\/#primaryimage"},"image":{"@id":"https:\/\/landioustravel.com\/it\/shop\/viaggio-individuale-sharm-naga-hurghada\/#primaryimage"},"thumbnailUrl":"https:\/\/i0.wp.com\/landioustravel.com\/wp-content\/uploads\/2019\/06\/Sharm-El-Naga-Trip-Hurghada-e1669125539693.jpg?fit=1200%2C675&ssl=1","datePublished":"2019-06-09T08:55:29+00:00","dateModified":"2025-12-09T17:17:58+00:00","description":"Viaggio individuale a Sharm El-Naga da Hurghada Raccomandiamo il viaggio perch\u00e9 permette ai turisti di divertirsi al mare! Il viaggio ti offre l'opportunit\u00e0","breadcrumb":{"@id":"https:\/\/landioustravel.com\/it\/shop\/viaggio-individuale-sharm-naga-hurghada\/#breadcrumb"},"inLanguage":"it-IT","potentialAction":[{"@type":"ReadAction","target":["https:\/\/landioustravel.com\/it\/shop\/viaggio-individuale-sharm-naga-hurghada\/"]}]},{"@type":"ImageObject","inLanguage":"it-IT","@id":"https:\/\/landioustravel.com\/it\/shop\/viaggio-individuale-sharm-naga-hurghada\/#primaryimage","url":"https:\/\/i0.wp.com\/landioustravel.com\/wp-content\/uploads\/2019\/06\/Sharm-El-Naga-Trip-Hurghada-e1669125539693.jpg?fit=1200%2C675&ssl=1","contentUrl":"https:\/\/i0.wp.com\/landioustravel.com\/wp-content\/uploads\/2019\/06\/Sharm-El-Naga-Trip-Hurghada-e1669125539693.jpg?fit=1200%2C675&ssl=1","width":1200,"height":675,"caption":"Sharm El Naga Trip Hurghada"},{"@type":"BreadcrumbList","@id":"https:\/\/landioustravel.com\/it\/shop\/viaggio-individuale-sharm-naga-hurghada\/#breadcrumb","itemListElement":[{"@type":"ListItem","position":1,"name":"Home","item":"https:\/\/landioustravel.com\/it\/"},{"@type":"ListItem","position":2,"name":"Tour in Egitto","item":"https:\/\/landioustravel.com\/it\/"},{"@type":"ListItem","position":3,"name":"Viaggio individuale a Sharm El-Naga da Hurghada"}]},{"@type":"WebSite","@id":"https:\/\/landioustravel.com\/it\/#website","url":"https:\/\/landioustravel.com\/it\/","name":"Landious Travel","description":"Excursions, trips and cruises in Egypt","publisher":{"@id":"https:\/\/landioustravel.com\/it\/#organization"},"potentialAction":[{"@type":"SearchAction","target":{"@type":"EntryPoint","urlTemplate":"https:\/\/landioustravel.com\/it\/?s={search_term_string}"},"query-input":{"@type":"PropertyValueSpecification","valueRequired":true,"valueName":"search_term_string"}}],"inLanguage":"it-IT"},{"@type":["Organization","Place"],"@id":"https:\/\/landioustravel.com\/it\/#organization","name":"Landious Travel","alternateName":"Landious Travel","url":"https:\/\/landioustravel.com\/it\/","logo":{"@id":"https:\/\/landioustravel.com\/it\/shop\/viaggio-individuale-sharm-naga-hurghada\/#local-main-organization-logo"},"image":{"@id":"https:\/\/landioustravel.com\/it\/shop\/viaggio-individuale-sharm-naga-hurghada\/#local-main-organization-logo"},"sameAs":["https:\/\/web.facebook.com\/landiousEgypt","https:\/\/x.com\/LandiousTours","https:\/\/mastodon.social\/@landious"],"legalName":"Landious Travel","telephone":[],"openingHoursSpecification":[{"@type":"OpeningHoursSpecification","dayOfWeek":["Monday","Tuesday","Wednesday","Thursday","Friday","Saturday","Sunday"],"opens":"09:00","closes":"17:00"}]},{"@type":"ImageObject","inLanguage":"it-IT","@id":"https:\/\/landioustravel.com\/it\/shop\/viaggio-individuale-sharm-naga-hurghada\/#local-main-organization-logo","url":"https:\/\/i0.wp.com\/landioustravel.com\/wp-content\/uploads\/2021\/06\/Landious-T.png?fit=500%2C500&ssl=1","contentUrl":"https:\/\/i0.wp.com\/landioustravel.com\/wp-content\/uploads\/2021\/06\/Landious-T.png?fit=500%2C500&ssl=1","width":500,"height":500,"caption":"Landious Travel"}]}},"jetpack_publicize_connections":[],"uagb_featured_image_src":{"full":["https:\/\/i0.wp.com\/landioustravel.com\/wp-content\/uploads\/2019\/06\/Sharm-El-Naga-Trip-Hurghada-e1669125539693.jpg?fit=1200%2C675&ssl=1",1200,675,false],"thumbnail":["https:\/\/i0.wp.com\/landioustravel.com\/wp-content\/uploads\/2019\/06\/Sharm-El-Naga-Trip-Hurghada-e1669125539693.jpg?resize=150%2C150&ssl=1",150,150,true],"medium":["https:\/\/i0.wp.com\/landioustravel.com\/wp-content\/uploads\/2019\/06\/Sharm-El-Naga-Trip-Hurghada-e1669125539693.jpg?fit=300%2C169&ssl=1",300,169,true],"medium_large":["https:\/\/i0.wp.com\/landioustravel.com\/wp-content\/uploads\/2019\/06\/Sharm-El-Naga-Trip-Hurghada-e1669125539693.jpg?fit=768%2C432&ssl=1",768,432,true],"large":["https:\/\/i0.wp.com\/landioustravel.com\/wp-content\/uploads\/2019\/06\/Sharm-El-Naga-Trip-Hurghada-e1669125539693.jpg?fit=980%2C551&ssl=1",980,551,true],"1536x1536":["https:\/\/i0.wp.com\/landioustravel.com\/wp-content\/uploads\/2019\/06\/Sharm-El-Naga-Trip-Hurghada-e1669125539693.jpg?fit=1200%2C675&ssl=1",1200,675,true],"2048x2048":["https:\/\/i0.wp.com\/landioustravel.com\/wp-content\/uploads\/2019\/06\/Sharm-El-Naga-Trip-Hurghada-e1669125539693.jpg?fit=1200%2C675&ssl=1",1200,675,true],"newspack-article-block-landscape-large":["https:\/\/i0.wp.com\/landioustravel.com\/wp-content\/uploads\/2019\/06\/Sharm-El-Naga-Trip-Hurghada-e1669125539693.jpg?resize=1200%2C675&ssl=1",1200,675,true],"newspack-article-block-portrait-large":["https:\/\/i0.wp.com\/landioustravel.com\/wp-content\/uploads\/2019\/06\/Sharm-El-Naga-Trip-Hurghada-e1669125539693.jpg?resize=900%2C675&ssl=1",900,675,true],"newspack-article-block-square-large":["https:\/\/i0.wp.com\/landioustravel.com\/wp-content\/uploads\/2019\/06\/Sharm-El-Naga-Trip-Hurghada-e1669125539693.jpg?resize=1200%2C675&ssl=1",1200,675,true],"newspack-article-block-landscape-medium":["https:\/\/i0.wp.com\/landioustravel.com\/wp-content\/uploads\/2019\/06\/Sharm-El-Naga-Trip-Hurghada-e1669125539693.jpg?resize=800%2C600&ssl=1",800,600,true],"newspack-article-block-portrait-medium":["https:\/\/i0.wp.com\/landioustravel.com\/wp-content\/uploads\/2019\/06\/Sharm-El-Naga-Trip-Hurghada-e1669125539693.jpg?resize=600%2C675&ssl=1",600,675,true],"newspack-article-block-square-medium":["https:\/\/i0.wp.com\/landioustravel.com\/wp-content\/uploads\/2019\/06\/Sharm-El-Naga-Trip-Hurghada-e1669125539693.jpg?resize=800%2C675&ssl=1",800,675,true],"newspack-article-block-landscape-intermediate":["https:\/\/i0.wp.com\/landioustravel.com\/wp-content\/uploads\/2019\/06\/Sharm-El-Naga-Trip-Hurghada-e1669125539693.jpg?resize=600%2C450&ssl=1",600,450,true],"newspack-article-block-portrait-intermediate":["https:\/\/i0.wp.com\/landioustravel.com\/wp-content\/uploads\/2019\/06\/Sharm-El-Naga-Trip-Hurghada-e1669125539693.jpg?resize=450%2C600&ssl=1",450,600,true],"newspack-article-block-square-intermediate":["https:\/\/i0.wp.com\/landioustravel.com\/wp-content\/uploads\/2019\/06\/Sharm-El-Naga-Trip-Hurghada-e1669125539693.jpg?resize=600%2C600&ssl=1",600,600,true],"newspack-article-block-landscape-small":["https:\/\/i0.wp.com\/landioustravel.com\/wp-content\/uploads\/2019\/06\/Sharm-El-Naga-Trip-Hurghada-e1669125539693.jpg?resize=400%2C300&ssl=1",400,300,true],"newspack-article-block-portrait-small":["https:\/\/i0.wp.com\/landioustravel.com\/wp-content\/uploads\/2019\/06\/Sharm-El-Naga-Trip-Hurghada-e1669125539693.jpg?resize=300%2C400&ssl=1",300,400,true],"newspack-article-block-square-small":["https:\/\/i0.wp.com\/landioustravel.com\/wp-content\/uploads\/2019\/06\/Sharm-El-Naga-Trip-Hurghada-e1669125539693.jpg?resize=400%2C400&ssl=1",400,400,true],"newspack-article-block-landscape-tiny":["https:\/\/i0.wp.com\/landioustravel.com\/wp-content\/uploads\/2019\/06\/Sharm-El-Naga-Trip-Hurghada-e1669125539693.jpg?resize=200%2C150&ssl=1",200,150,true],"newspack-article-block-portrait-tiny":["https:\/\/i0.wp.com\/landioustravel.com\/wp-content\/uploads\/2019\/06\/Sharm-El-Naga-Trip-Hurghada-e1669125539693.jpg?resize=150%2C200&ssl=1",150,200,true],"newspack-article-block-square-tiny":["https:\/\/i0.wp.com\/landioustravel.com\/wp-content\/uploads\/2019\/06\/Sharm-El-Naga-Trip-Hurghada-e1669125539693.jpg?resize=200%2C200&ssl=1",200,200,true],"newspack-article-block-uncropped":["https:\/\/i0.wp.com\/landioustravel.com\/wp-content\/uploads\/2019\/06\/Sharm-El-Naga-Trip-Hurghada-e1669125539693.jpg?fit=1200%2C675&ssl=1",1200,675,true],"woocommerce_thumbnail":["https:\/\/i0.wp.com\/landioustravel.com\/wp-content\/uploads\/2019\/06\/Sharm-El-Naga-Trip-Hurghada-e1669125539693.jpg?resize=324%2C324&ssl=1",324,324,true],"woocommerce_single":["https:\/\/i0.wp.com\/landioustravel.com\/wp-content\/uploads\/2019\/06\/Sharm-El-Naga-Trip-Hurghada-e1669125539693.jpg?fit=416%2C234&ssl=1",416,234,true],"woocommerce_gallery_thumbnail":["https:\/\/i0.wp.com\/landioustravel.com\/wp-content\/uploads\/2019\/06\/Sharm-El-Naga-Trip-Hurghada-e1669125539693.jpg?resize=100%2C100&ssl=1",100,100,true]},"uagb_author_info":{"display_name":"Mofreh Landious","author_link":"https:\/\/landioustravel.com\/it\/author\/"},"uagb_comment_info":2,"uagb_excerpt":"Stai cercando una vacanza tranquilla e rilassante? Non guardare oltre la bellissima baia di Sharm El Naga, a breve distanza da Hurghada. Il nostro tour di snorkeling di un'intera giornata offre il perfetto equilibrio tra avventura e relax. Trascorri cinque ore sulla splendida spiaggia sabbiosa, prendendo il sole ed esplorando le meravigliose barriere coralline e&hellip;","jetpack_sharing_enabled":true,"jetpack_likes_enabled":true,"amp_enabled":true,"_links":{"self":[{"href":"https:\/\/landioustravel.com\/it\/wp-json\/wp\/v2\/product\/8418","targetHints":{"allow":["GET"]}}],"collection":[{"href":"https:\/\/landioustravel.com\/it\/wp-json\/wp\/v2\/product"}],"about":[{"href":"https:\/\/landioustravel.com\/it\/wp-json\/wp\/v2\/types\/product"}],"replies":[{"embeddable":true,"href":"https:\/\/landioustravel.com\/it\/wp-json\/wp\/v2\/comments?post=8418"}],"wp:featuredmedia":[{"embeddable":true,"href":"https:\/\/landioustravel.com\/it\/wp-json\/wp\/v2\/media\/99068"}],"wp:attachment":[{"href":"https:\/\/landioustravel.com\/it\/wp-json\/wp\/v2\/media?parent=8418"}],"wp:term":[{"taxonomy":"product_brand","embeddable":true,"href":"https:\/\/landioustravel.com\/it\/wp-json\/wp\/v2\/product_brand?post=8418"},{"taxonomy":"product_cat","embeddable":true,"href":"https:\/\/landioustravel.com\/it\/wp-json\/wp\/v2\/product_cat?post=8418"},{"taxonomy":"product_tag","embeddable":true,"href":"https:\/\/landioustravel.com\/it\/wp-json\/wp\/v2\/product_tag?post=8418"}],"curies":[{"name":"wp","href":"https:\/\/api.w.org\/{rel}","templated":true}]}}