{"id":8937,"date":"2019-06-13T03:50:22","date_gmt":"2019-06-13T15:46:04","guid":{"rendered":"https:\/\/landioustravel.com\/?post_type=product&#038;p=8937"},"modified":"2026-01-28T19:14:16","modified_gmt":"2026-01-28T17:14:16","slug":"viaggio-individuale-minya-hurghada","status":"publish","type":"product","link":"https:\/\/landioustravel.com\/it\/shop\/viaggio-individuale-minya-hurghada\/","title":{"rendered":"Viaggio individuale a El-Minya da Hurghada"},"content":{"rendered":"<p>Un viaggio individuale informativo a El-Minya da <a href=\"https:\/\/landioustravel.com\/it\/citta-hurghada\/\">Hurghada<\/a>! Raccomandiamo il viaggio perch\u00e9 permette ai turisti di vedere un gran numero di antiche attrazioni egiziane. Inoltre, perch\u00e9 ti permette di conoscere molto sulla <a href=\"https:\/\/landioustravel.com\/it\/egitto\/storia-egitto\/storia-egiziana-antica\/\">storia dell&#8217;antico Egitto<\/a>!<\/p>\n<h2>I punti principali del programma individuale a El-Minya<\/h2>\n<ul>\n<li>Tonno El-Gabel<\/li>\n<li>Di &#8216;ad Al Amarna<\/li>\n<li>Pranzo<\/li>\n<li>E le tombe di Beni Hassan<\/li>\n<\/ul>\n<h3>Il programma di viaggio a El-Minya da Hurghada<\/h3>\n<ul>\n<li>Vi verremo a prendere dall&#8217;hotel alle 04:00 del mattino<\/li>\n<li>Dopo averti preso, l&#8217;autobus (limousine o minibus) parte verso El-Minya passando per le citt\u00e0 di Ras Shukeir e Ras Ghareb. Queste citt\u00e0 sono a nord di Hurghada, sulla costa del Mar Rosso. La strada, dal centro di Hurghada a El-Minya, dura circa 5 ore.<\/li>\n<li>Non appena arrivi a El Minya, ti mostriamo Beni Hassan che \u00e8 il sito di quasi 40 tombe dell&#8217;11 \u00b0 e 12 \u00b0 dinastia. Queste tombe sono: Tomba di Baqet che era governatore e soldato, la seconda per suo figlio Khety, la terza per Amenmhet e la quarta per Khunumhotep, il successore del re Amenemhat.<\/li>\n<li>La prossima tappa sar\u00e0 al ristorante. L\u00ec potrai gustare un delizioso pranzo.<\/li>\n<li>Quindi, si continua il viaggio individuale nella zona di Tuna El Gabel, che era il centro culturale in cui i pellegrini hanno reso omaggio a Dio Thot.<\/li>\n<li>Dopodich\u00e9 sarai trasferito a Tell Al Amarna dove King Ikhnaton e sua moglie, la regina Nefertiti, fondarono questa citt\u00e0 come dedizione al culto del nuovo dio Aton.<\/li>\n<li>Il nostro autobus parte per Hurghada, dopo un programma del genere nella meravigliosa citt\u00e0 di El Minya<\/li>\n<li>Questo &#8220;Viaggio individuale a El-Minya da Hurghada&#8221; termina alle 20:00 circa<\/li>\n<\/ul>\n<h4>Cosa \u00e8 incluso nel prezzo del viaggio<\/h4>\n<ul>\n<li>Biglietti per visitare i templi di El-Minya<\/li>\n<li>Pranzo<\/li>\n<li>Bevande<\/li>\n<li>Guida privata<\/li>\n<li>E, veicolo privato per El-Minya, e ritorno in albergo<\/li>\n<\/ul>\n<h5>Cosa non \u00e8 incluso nel prezzo del viaggio<\/h5>\n<ul>\n<li>Ulteriori programmi di escursione se non inclusi nel programma sopra menzionato<\/li>\n<\/ul>\n<h6>Cosa portare con te per il tour<\/h6>\n<ul>\n<li>Scatola della colazione<\/li>\n<li>Vestiti per la stagione<\/li>\n<\/ul>\n<h6>GIORNI DI ORGANIZZAZIONE DI ESCURSIONE<\/h6>\n<ul>\n<li>Tutti i giorni dalle 04:00 alle 20:00<\/li>\n<\/ul>\n","protected":false},"excerpt":{"rendered":"<p>Se stai cercando un&#8217;avventura unica fuori dai sentieri battuti, considera una gita di un giorno a El Minya dal Cairo. La nostra guida professionale sar\u00e0 con te in ogni fase del percorso per assicurarti un viaggio sicuro e piacevole. Durante il tuo viaggio, avrai l&#8217;opportunit\u00e0 di visitare diversi siti storici, tra cui Tuna El Gabal, El Ashmunein, Beni Hassan e Tell el-Amarna. La tua guida e autista privati verranno a prenderti dal tuo hotel al Cairo o Giza e ti verr\u00e0 offerto un viaggio confortevole verso le tue destinazioni. Comprendiamo che viaggiare pu\u00f2 essere stancante, quindi faremo in modo che tu abbia la possibilit\u00e0 di riposarti e goderti un gustoso pranzo in un ristorante locale. Non perdere l&#8217;occasione di vivere la ricca storia e cultura di el Minya in questo tour indimenticabile.<\/p>\n","protected":false},"featured_media":8872,"comment_status":"open","ping_status":"closed","template":"","meta":{"_coblocks_attr":"","_coblocks_dimensions":"","_coblocks_responsive_height":"","_coblocks_accordion_ie_support":"","_uag_custom_page_level_css":"","jetpack_publicize_message":"","jetpack_publicize_feature_enabled":true,"jetpack_social_post_already_shared":true,"jetpack_social_options":{"image_generator_settings":{"template":"highway","default_image_id":0,"font":"","enabled":false},"version":2},"_wpas_customize_per_network":false},"product_brand":[],"product_cat":[8565,22521,1636,22516,23515],"product_tag":[1644,2145,9910],"class_list":{"0":"post-8937","1":"product","2":"type-product","3":"status-publish","4":"has-post-thumbnail","6":"product_cat-escursioni-individuali-hurghada","7":"product_cat-escursioni-famiglie-hurghada","8":"product_cat-escursioni-storiche-hurghada","9":"product_cat-hurghada-escursioni-minya","10":"product_cat-visite-turistiche-private-hurghada","11":"product_tag-escursione","12":"product_tag-escursioni-da-hurghada","13":"product_tag-visita-turistica","15":"first","16":"instock","17":"sale","18":"taxable","19":"shipping-taxable","20":"purchasable","21":"product-type-variable"},"yoast_head":"<!-- This site is optimized with the Yoast SEO Premium plugin v26.9 (Yoast SEO v27.5) - https:\/\/yoast.com\/product\/yoast-seo-premium-wordpress\/ -->\n<title>Viaggio individuale a El-Minya da Hurghada<\/title>\n<meta name=\"description\" content=\"Viaggio individuale a El-Minya da Hurghada Raccomandiamo il viaggio perch\u00e9 permette ai turisti di vedere un gran numero di antiche attrazioni egiziane\" \/>\n<meta name=\"robots\" content=\"index, follow, max-snippet:-1, max-image-preview:large, max-video-preview:-1\" \/>\n<link rel=\"canonical\" href=\"https:\/\/landioustravel.com\/it\/shop\/viaggio-individuale-minya-hurghada\/\" \/>\n<meta property=\"og:locale\" content=\"it_IT\" \/>\n<meta property=\"og:type\" content=\"article\" \/>\n<meta property=\"og:title\" content=\"Viaggio individuale a El-Minya da Hurghada\" \/>\n<meta property=\"og:description\" content=\"Landious Travel\" \/>\n<meta property=\"og:url\" content=\"https:\/\/landioustravel.com\/it\/shop\/viaggio-individuale-minya-hurghada\/\" \/>\n<meta property=\"og:site_name\" content=\"Landious Travel\" \/>\n<meta property=\"article:publisher\" content=\"https:\/\/web.facebook.com\/landiousEgypt\" \/>\n<meta property=\"article:modified_time\" content=\"2026-01-28T17:14:16+00:00\" \/>\n<meta property=\"og:image\" content=\"https:\/\/i0.wp.com\/landioustravel.com\/wp-content\/uploads\/2019\/06\/trip_el_minya_from_hurghada.jpg?fit=1155%2C650&ssl=1\" \/>\n\t<meta property=\"og:image:width\" content=\"1155\" \/>\n\t<meta property=\"og:image:height\" content=\"650\" \/>\n\t<meta property=\"og:image:type\" content=\"image\/jpeg\" \/>\n<meta name=\"twitter:card\" content=\"summary_large_image\" \/>\n<meta name=\"twitter:site\" content=\"@LandiousTours\" \/>\n<meta name=\"twitter:label1\" content=\"Tempo di lettura stimato\" \/>\n\t<meta name=\"twitter:data1\" content=\"2 minuti\" \/>\n<script type=\"application\/ld+json\" class=\"yoast-schema-graph\">{\"@context\":\"https:\\\/\\\/schema.org\",\"@graph\":[{\"@type\":\"WebPage\",\"@id\":\"https:\\\/\\\/landioustravel.com\\\/it\\\/shop\\\/viaggio-individuale-minya-hurghada\\\/\",\"url\":\"https:\\\/\\\/landioustravel.com\\\/it\\\/shop\\\/viaggio-individuale-minya-hurghada\\\/\",\"name\":\"Viaggio individuale a El-Minya da Hurghada\",\"isPartOf\":{\"@id\":\"https:\\\/\\\/landioustravel.com\\\/it\\\/#website\"},\"primaryImageOfPage\":{\"@id\":\"https:\\\/\\\/landioustravel.com\\\/it\\\/shop\\\/viaggio-individuale-minya-hurghada\\\/#primaryimage\"},\"image\":{\"@id\":\"https:\\\/\\\/landioustravel.com\\\/it\\\/shop\\\/viaggio-individuale-minya-hurghada\\\/#primaryimage\"},\"thumbnailUrl\":\"https:\\\/\\\/i0.wp.com\\\/landioustravel.com\\\/wp-content\\\/uploads\\\/2019\\\/06\\\/trip_el_minya_from_hurghada.jpg?fit=1155%2C650&ssl=1\",\"datePublished\":\"2019-06-13T15:46:04+00:00\",\"dateModified\":\"2026-01-28T17:14:16+00:00\",\"description\":\"Viaggio individuale a El-Minya da Hurghada Raccomandiamo il viaggio perch\u00e9 permette ai turisti di vedere un gran numero di antiche attrazioni egiziane\",\"breadcrumb\":{\"@id\":\"https:\\\/\\\/landioustravel.com\\\/it\\\/shop\\\/viaggio-individuale-minya-hurghada\\\/#breadcrumb\"},\"inLanguage\":\"it-IT\",\"potentialAction\":[{\"@type\":\"ReadAction\",\"target\":[\"https:\\\/\\\/landioustravel.com\\\/it\\\/shop\\\/viaggio-individuale-minya-hurghada\\\/\"]}]},{\"@type\":\"ImageObject\",\"inLanguage\":\"it-IT\",\"@id\":\"https:\\\/\\\/landioustravel.com\\\/it\\\/shop\\\/viaggio-individuale-minya-hurghada\\\/#primaryimage\",\"url\":\"https:\\\/\\\/i0.wp.com\\\/landioustravel.com\\\/wp-content\\\/uploads\\\/2019\\\/06\\\/trip_el_minya_from_hurghada.jpg?fit=1155%2C650&ssl=1\",\"contentUrl\":\"https:\\\/\\\/i0.wp.com\\\/landioustravel.com\\\/wp-content\\\/uploads\\\/2019\\\/06\\\/trip_el_minya_from_hurghada.jpg?fit=1155%2C650&ssl=1\",\"width\":1155,\"height\":650,\"caption\":\"Individual Trip to El Minya from Hurghada\"},{\"@type\":\"BreadcrumbList\",\"@id\":\"https:\\\/\\\/landioustravel.com\\\/it\\\/shop\\\/viaggio-individuale-minya-hurghada\\\/#breadcrumb\",\"itemListElement\":[{\"@type\":\"ListItem\",\"position\":1,\"name\":\"Home\",\"item\":\"https:\\\/\\\/landioustravel.com\\\/it\\\/\"},{\"@type\":\"ListItem\",\"position\":2,\"name\":\"Tour in Egitto\",\"item\":\"https:\\\/\\\/landioustravel.com\\\/it\\\/\"},{\"@type\":\"ListItem\",\"position\":3,\"name\":\"Viaggio individuale a El-Minya da Hurghada\"}]},{\"@type\":\"WebSite\",\"@id\":\"https:\\\/\\\/landioustravel.com\\\/it\\\/#website\",\"url\":\"https:\\\/\\\/landioustravel.com\\\/it\\\/\",\"name\":\"Landious Travel\",\"description\":\"Excursions, trips and cruises in Egypt\",\"publisher\":{\"@id\":\"https:\\\/\\\/landioustravel.com\\\/it\\\/#organization\"},\"potentialAction\":[{\"@type\":\"SearchAction\",\"target\":{\"@type\":\"EntryPoint\",\"urlTemplate\":\"https:\\\/\\\/landioustravel.com\\\/it\\\/?s={search_term_string}\"},\"query-input\":{\"@type\":\"PropertyValueSpecification\",\"valueRequired\":true,\"valueName\":\"search_term_string\"}}],\"inLanguage\":\"it-IT\"},{\"@type\":[\"Organization\",\"Place\"],\"@id\":\"https:\\\/\\\/landioustravel.com\\\/it\\\/#organization\",\"name\":\"Landious Travel\",\"alternateName\":\"Landious Travel\",\"url\":\"https:\\\/\\\/landioustravel.com\\\/it\\\/\",\"logo\":{\"@id\":\"https:\\\/\\\/landioustravel.com\\\/it\\\/shop\\\/viaggio-individuale-minya-hurghada\\\/#local-main-organization-logo\"},\"image\":{\"@id\":\"https:\\\/\\\/landioustravel.com\\\/it\\\/shop\\\/viaggio-individuale-minya-hurghada\\\/#local-main-organization-logo\"},\"sameAs\":[\"https:\\\/\\\/web.facebook.com\\\/landiousEgypt\",\"https:\\\/\\\/x.com\\\/LandiousTours\",\"https:\\\/\\\/mastodon.social\\\/@landious\"],\"legalName\":\"Landious Travel\",\"telephone\":[],\"openingHoursSpecification\":[{\"@type\":\"OpeningHoursSpecification\",\"dayOfWeek\":[\"Monday\",\"Tuesday\",\"Wednesday\",\"Thursday\",\"Friday\",\"Saturday\",\"Sunday\"],\"opens\":\"09:00\",\"closes\":\"17:00\"}]},{\"@type\":\"ImageObject\",\"inLanguage\":\"it-IT\",\"@id\":\"https:\\\/\\\/landioustravel.com\\\/it\\\/shop\\\/viaggio-individuale-minya-hurghada\\\/#local-main-organization-logo\",\"url\":\"https:\\\/\\\/i0.wp.com\\\/landioustravel.com\\\/wp-content\\\/uploads\\\/2021\\\/06\\\/Landious-T.png?fit=500%2C500&ssl=1\",\"contentUrl\":\"https:\\\/\\\/i0.wp.com\\\/landioustravel.com\\\/wp-content\\\/uploads\\\/2021\\\/06\\\/Landious-T.png?fit=500%2C500&ssl=1\",\"width\":500,\"height\":500,\"caption\":\"Landious Travel\"}]}<\/script>\n<!-- \/ Yoast SEO Premium plugin. -->","yoast_head_json":{"title":"Viaggio individuale a El-Minya da Hurghada","description":"Viaggio individuale a El-Minya da Hurghada Raccomandiamo il viaggio perch\u00e9 permette ai turisti di vedere un gran numero di antiche attrazioni egiziane","robots":{"index":"index","follow":"follow","max-snippet":"max-snippet:-1","max-image-preview":"max-image-preview:large","max-video-preview":"max-video-preview:-1"},"canonical":"https:\/\/landioustravel.com\/it\/shop\/viaggio-individuale-minya-hurghada\/","og_locale":"it_IT","og_type":"article","og_title":"Viaggio individuale a El-Minya da Hurghada","og_description":"Landious Travel","og_url":"https:\/\/landioustravel.com\/it\/shop\/viaggio-individuale-minya-hurghada\/","og_site_name":"Landious Travel","article_publisher":"https:\/\/web.facebook.com\/landiousEgypt","article_modified_time":"2026-01-28T17:14:16+00:00","og_image":[{"width":1155,"height":650,"url":"https:\/\/i0.wp.com\/landioustravel.com\/wp-content\/uploads\/2019\/06\/trip_el_minya_from_hurghada.jpg?fit=1155%2C650&ssl=1","type":"image\/jpeg"}],"twitter_card":"summary_large_image","twitter_site":"@LandiousTours","twitter_misc":{"Tempo di lettura stimato":"2 minuti"},"schema":{"@context":"https:\/\/schema.org","@graph":[{"@type":"WebPage","@id":"https:\/\/landioustravel.com\/it\/shop\/viaggio-individuale-minya-hurghada\/","url":"https:\/\/landioustravel.com\/it\/shop\/viaggio-individuale-minya-hurghada\/","name":"Viaggio individuale a El-Minya da Hurghada","isPartOf":{"@id":"https:\/\/landioustravel.com\/it\/#website"},"primaryImageOfPage":{"@id":"https:\/\/landioustravel.com\/it\/shop\/viaggio-individuale-minya-hurghada\/#primaryimage"},"image":{"@id":"https:\/\/landioustravel.com\/it\/shop\/viaggio-individuale-minya-hurghada\/#primaryimage"},"thumbnailUrl":"https:\/\/i0.wp.com\/landioustravel.com\/wp-content\/uploads\/2019\/06\/trip_el_minya_from_hurghada.jpg?fit=1155%2C650&ssl=1","datePublished":"2019-06-13T15:46:04+00:00","dateModified":"2026-01-28T17:14:16+00:00","description":"Viaggio individuale a El-Minya da Hurghada Raccomandiamo il viaggio perch\u00e9 permette ai turisti di vedere un gran numero di antiche attrazioni egiziane","breadcrumb":{"@id":"https:\/\/landioustravel.com\/it\/shop\/viaggio-individuale-minya-hurghada\/#breadcrumb"},"inLanguage":"it-IT","potentialAction":[{"@type":"ReadAction","target":["https:\/\/landioustravel.com\/it\/shop\/viaggio-individuale-minya-hurghada\/"]}]},{"@type":"ImageObject","inLanguage":"it-IT","@id":"https:\/\/landioustravel.com\/it\/shop\/viaggio-individuale-minya-hurghada\/#primaryimage","url":"https:\/\/i0.wp.com\/landioustravel.com\/wp-content\/uploads\/2019\/06\/trip_el_minya_from_hurghada.jpg?fit=1155%2C650&ssl=1","contentUrl":"https:\/\/i0.wp.com\/landioustravel.com\/wp-content\/uploads\/2019\/06\/trip_el_minya_from_hurghada.jpg?fit=1155%2C650&ssl=1","width":1155,"height":650,"caption":"Individual Trip to El Minya from Hurghada"},{"@type":"BreadcrumbList","@id":"https:\/\/landioustravel.com\/it\/shop\/viaggio-individuale-minya-hurghada\/#breadcrumb","itemListElement":[{"@type":"ListItem","position":1,"name":"Home","item":"https:\/\/landioustravel.com\/it\/"},{"@type":"ListItem","position":2,"name":"Tour in Egitto","item":"https:\/\/landioustravel.com\/it\/"},{"@type":"ListItem","position":3,"name":"Viaggio individuale a El-Minya da Hurghada"}]},{"@type":"WebSite","@id":"https:\/\/landioustravel.com\/it\/#website","url":"https:\/\/landioustravel.com\/it\/","name":"Landious Travel","description":"Excursions, trips and cruises in Egypt","publisher":{"@id":"https:\/\/landioustravel.com\/it\/#organization"},"potentialAction":[{"@type":"SearchAction","target":{"@type":"EntryPoint","urlTemplate":"https:\/\/landioustravel.com\/it\/?s={search_term_string}"},"query-input":{"@type":"PropertyValueSpecification","valueRequired":true,"valueName":"search_term_string"}}],"inLanguage":"it-IT"},{"@type":["Organization","Place"],"@id":"https:\/\/landioustravel.com\/it\/#organization","name":"Landious Travel","alternateName":"Landious Travel","url":"https:\/\/landioustravel.com\/it\/","logo":{"@id":"https:\/\/landioustravel.com\/it\/shop\/viaggio-individuale-minya-hurghada\/#local-main-organization-logo"},"image":{"@id":"https:\/\/landioustravel.com\/it\/shop\/viaggio-individuale-minya-hurghada\/#local-main-organization-logo"},"sameAs":["https:\/\/web.facebook.com\/landiousEgypt","https:\/\/x.com\/LandiousTours","https:\/\/mastodon.social\/@landious"],"legalName":"Landious Travel","telephone":[],"openingHoursSpecification":[{"@type":"OpeningHoursSpecification","dayOfWeek":["Monday","Tuesday","Wednesday","Thursday","Friday","Saturday","Sunday"],"opens":"09:00","closes":"17:00"}]},{"@type":"ImageObject","inLanguage":"it-IT","@id":"https:\/\/landioustravel.com\/it\/shop\/viaggio-individuale-minya-hurghada\/#local-main-organization-logo","url":"https:\/\/i0.wp.com\/landioustravel.com\/wp-content\/uploads\/2021\/06\/Landious-T.png?fit=500%2C500&ssl=1","contentUrl":"https:\/\/i0.wp.com\/landioustravel.com\/wp-content\/uploads\/2021\/06\/Landious-T.png?fit=500%2C500&ssl=1","width":500,"height":500,"caption":"Landious Travel"}]}},"jetpack_publicize_connections":[],"uagb_featured_image_src":{"full":["https:\/\/i0.wp.com\/landioustravel.com\/wp-content\/uploads\/2019\/06\/trip_el_minya_from_hurghada.jpg?fit=1155%2C650&ssl=1",1155,650,false],"thumbnail":["https:\/\/i0.wp.com\/landioustravel.com\/wp-content\/uploads\/2019\/06\/trip_el_minya_from_hurghada.jpg?resize=150%2C150&ssl=1",150,150,true],"medium":["https:\/\/i0.wp.com\/landioustravel.com\/wp-content\/uploads\/2019\/06\/trip_el_minya_from_hurghada.jpg?fit=300%2C169&ssl=1",300,169,true],"medium_large":["https:\/\/i0.wp.com\/landioustravel.com\/wp-content\/uploads\/2019\/06\/trip_el_minya_from_hurghada.jpg?fit=768%2C432&ssl=1",768,432,true],"large":["https:\/\/i0.wp.com\/landioustravel.com\/wp-content\/uploads\/2019\/06\/trip_el_minya_from_hurghada.jpg?fit=980%2C551&ssl=1",980,551,true],"1536x1536":["https:\/\/i0.wp.com\/landioustravel.com\/wp-content\/uploads\/2019\/06\/trip_el_minya_from_hurghada.jpg?fit=1155%2C650&ssl=1",1155,650,true],"2048x2048":["https:\/\/i0.wp.com\/landioustravel.com\/wp-content\/uploads\/2019\/06\/trip_el_minya_from_hurghada.jpg?fit=1155%2C650&ssl=1",1155,650,true],"newspack-article-block-landscape-large":["https:\/\/i0.wp.com\/landioustravel.com\/wp-content\/uploads\/2019\/06\/trip_el_minya_from_hurghada.jpg?resize=1155%2C650&ssl=1",1155,650,true],"newspack-article-block-portrait-large":["https:\/\/i0.wp.com\/landioustravel.com\/wp-content\/uploads\/2019\/06\/trip_el_minya_from_hurghada.jpg?resize=900%2C650&ssl=1",900,650,true],"newspack-article-block-square-large":["https:\/\/i0.wp.com\/landioustravel.com\/wp-content\/uploads\/2019\/06\/trip_el_minya_from_hurghada.jpg?resize=1155%2C650&ssl=1",1155,650,true],"newspack-article-block-landscape-medium":["https:\/\/i0.wp.com\/landioustravel.com\/wp-content\/uploads\/2019\/06\/trip_el_minya_from_hurghada.jpg?resize=800%2C600&ssl=1",800,600,true],"newspack-article-block-portrait-medium":["https:\/\/i0.wp.com\/landioustravel.com\/wp-content\/uploads\/2019\/06\/trip_el_minya_from_hurghada.jpg?resize=600%2C650&ssl=1",600,650,true],"newspack-article-block-square-medium":["https:\/\/i0.wp.com\/landioustravel.com\/wp-content\/uploads\/2019\/06\/trip_el_minya_from_hurghada.jpg?resize=800%2C650&ssl=1",800,650,true],"newspack-article-block-landscape-intermediate":["https:\/\/i0.wp.com\/landioustravel.com\/wp-content\/uploads\/2019\/06\/trip_el_minya_from_hurghada.jpg?resize=600%2C450&ssl=1",600,450,true],"newspack-article-block-portrait-intermediate":["https:\/\/i0.wp.com\/landioustravel.com\/wp-content\/uploads\/2019\/06\/trip_el_minya_from_hurghada.jpg?resize=450%2C600&ssl=1",450,600,true],"newspack-article-block-square-intermediate":["https:\/\/i0.wp.com\/landioustravel.com\/wp-content\/uploads\/2019\/06\/trip_el_minya_from_hurghada.jpg?resize=600%2C600&ssl=1",600,600,true],"newspack-article-block-landscape-small":["https:\/\/i0.wp.com\/landioustravel.com\/wp-content\/uploads\/2019\/06\/trip_el_minya_from_hurghada.jpg?resize=400%2C300&ssl=1",400,300,true],"newspack-article-block-portrait-small":["https:\/\/i0.wp.com\/landioustravel.com\/wp-content\/uploads\/2019\/06\/trip_el_minya_from_hurghada.jpg?resize=300%2C400&ssl=1",300,400,true],"newspack-article-block-square-small":["https:\/\/i0.wp.com\/landioustravel.com\/wp-content\/uploads\/2019\/06\/trip_el_minya_from_hurghada.jpg?resize=400%2C400&ssl=1",400,400,true],"newspack-article-block-landscape-tiny":["https:\/\/i0.wp.com\/landioustravel.com\/wp-content\/uploads\/2019\/06\/trip_el_minya_from_hurghada.jpg?resize=200%2C150&ssl=1",200,150,true],"newspack-article-block-portrait-tiny":["https:\/\/i0.wp.com\/landioustravel.com\/wp-content\/uploads\/2019\/06\/trip_el_minya_from_hurghada.jpg?resize=150%2C200&ssl=1",150,200,true],"newspack-article-block-square-tiny":["https:\/\/i0.wp.com\/landioustravel.com\/wp-content\/uploads\/2019\/06\/trip_el_minya_from_hurghada.jpg?resize=200%2C200&ssl=1",200,200,true],"newspack-article-block-uncropped":["https:\/\/i0.wp.com\/landioustravel.com\/wp-content\/uploads\/2019\/06\/trip_el_minya_from_hurghada.jpg?fit=1155%2C650&ssl=1",1155,650,true],"woocommerce_thumbnail":["https:\/\/i0.wp.com\/landioustravel.com\/wp-content\/uploads\/2019\/06\/trip_el_minya_from_hurghada.jpg?resize=324%2C324&ssl=1",324,324,true],"woocommerce_single":["https:\/\/i0.wp.com\/landioustravel.com\/wp-content\/uploads\/2019\/06\/trip_el_minya_from_hurghada.jpg?fit=416%2C234&ssl=1",416,234,true],"woocommerce_gallery_thumbnail":["https:\/\/i0.wp.com\/landioustravel.com\/wp-content\/uploads\/2019\/06\/trip_el_minya_from_hurghada.jpg?resize=100%2C100&ssl=1",100,100,true]},"uagb_author_info":{"display_name":"Mofreh Landious","author_link":"https:\/\/landioustravel.com\/it\/author\/"},"uagb_comment_info":2,"uagb_excerpt":"Se stai cercando un'avventura unica fuori dai sentieri battuti, considera una gita di un giorno a El Minya dal Cairo. La nostra guida professionale sar\u00e0 con te in ogni fase del percorso per assicurarti un viaggio sicuro e piacevole. Durante il tuo viaggio, avrai l'opportunit\u00e0 di visitare diversi siti storici, tra cui Tuna El Gabal,&hellip;","jetpack_sharing_enabled":true,"jetpack_likes_enabled":true,"amp_enabled":true,"_links":{"self":[{"href":"https:\/\/landioustravel.com\/it\/wp-json\/wp\/v2\/product\/8937","targetHints":{"allow":["GET"]}}],"collection":[{"href":"https:\/\/landioustravel.com\/it\/wp-json\/wp\/v2\/product"}],"about":[{"href":"https:\/\/landioustravel.com\/it\/wp-json\/wp\/v2\/types\/product"}],"replies":[{"embeddable":true,"href":"https:\/\/landioustravel.com\/it\/wp-json\/wp\/v2\/comments?post=8937"}],"wp:featuredmedia":[{"embeddable":true,"href":"https:\/\/landioustravel.com\/it\/wp-json\/wp\/v2\/media\/8872"}],"wp:attachment":[{"href":"https:\/\/landioustravel.com\/it\/wp-json\/wp\/v2\/media?parent=8937"}],"wp:term":[{"taxonomy":"product_brand","embeddable":true,"href":"https:\/\/landioustravel.com\/it\/wp-json\/wp\/v2\/product_brand?post=8937"},{"taxonomy":"product_cat","embeddable":true,"href":"https:\/\/landioustravel.com\/it\/wp-json\/wp\/v2\/product_cat?post=8937"},{"taxonomy":"product_tag","embeddable":true,"href":"https:\/\/landioustravel.com\/it\/wp-json\/wp\/v2\/product_tag?post=8937"}],"curies":[{"name":"wp","href":"https:\/\/api.w.org\/{rel}","templated":true}]}}